{"id":34572,"date":"2021-02-25T11:21:04","date_gmt":"2021-02-25T16:21:04","guid":{"rendered":"https:\/\/mcdonaldworley.com\/?page_id=34572"},"modified":"2021-08-09T11:39:21","modified_gmt":"2021-08-09T16:39:21","slug":"gabriel-assaad","status":"publish","type":"page","link":"https:\/\/mcdonaldworley.com\/es\/gabriel-assaad\/","title":{"rendered":"Gabriel Assaad"},"content":{"rendered":"<h2><img loading=\"lazy\" decoding=\"async\" class=\"alignleft wp-image-27311 size-full\" src=\"https:\/\/mcdonaldworley.com\/wp-content\/uploads\/2019\/10\/Gabriel-Assaad-McWorley.jpg\" alt=\"Photo of attorney Gabriel Assaad\" width=\"200\" height=\"250\" title=\"\"><\/h2>\n<h2>Fondo<\/h2>\n<p>Gabriel Assaad creci\u00f3 en Rochester, Nueva York. Despu\u00e9s de graduarse de McQuaid Jesuit High School, asisti\u00f3 a la Universidad de Florida y se gradu\u00f3 con una licenciatura en Ingenier\u00eda Mec\u00e1nica en 1996. Posteriormente, trabaj\u00f3 como ingeniero de dise\u00f1o para una firma consultora en Rochester, NY. Gabriel luego decidi\u00f3 que quer\u00eda ir a la facultad de derecho y se mud\u00f3 a Nashville, Tennessee para asistir a la Facultad de Derecho de la Universidad de Vanderbilt.<\/p>\n<p>Despu\u00e9s de graduarse de la Facultad de Derecho de Vanderbilt en 2001, Gabriel acept\u00f3 un puesto en Dickstein Shapiro, LLP, un importante bufete de abogados de Washington, DC. En Dickstein Shapiro, trabaj\u00f3 principalmente en litigios de patentes y procesamiento de patentes. En 2004, Gabriel decidi\u00f3 dejar la pr\u00e1ctica de Big Firm y persigui\u00f3 sus objetivos de representar a las personas en el sistema judicial. Gabriel se uni\u00f3 a Paulson &amp; Nace, un bufete de abogados de lesiones personales reconocido a nivel nacional en Washington, D.C. All\u00ed represent\u00f3 a clientes en casos de lesiones personales, negligencia m\u00e9dica y responsabilidad por productos defectuosos. Mientras estuvo en Paulson &amp; Nace, Gabriel represent\u00f3 a cientos de v\u00edctimas de negligencia y fue primer presidente o segundo presidente en m\u00e1s de 15 juicios con jurado.<\/p>\n<p>En 2008, Gabriel abri\u00f3 su bufete de abogados en Washington, DC y continu\u00f3 representando a v\u00edctimas de negligencia y negligencia m\u00e9dica. En 2010, Gabriel y su esposa Kristin tuvieron su primer hijo y decidieron mudarse a Houston, TX para estar m\u00e1s cerca de la familia.<\/p>\n<p>En 2012, Gabriel se uni\u00f3 a Kennedy Hodges LLP. En Kennedy Hodges, continu\u00f3 su representaci\u00f3n de personas que fueron v\u00edctimas de mala praxis y negligencia. Adem\u00e1s, Gabriel tambi\u00e9n represent\u00f3 a personas en las que sus empleadores no les pagaron adecuadamente sus salarios debidos. En 2015, Gabriel comenz\u00f3 una pr\u00e1ctica de agravios masivos en Kennedy Hodges. Durante su permanencia all\u00ed, fue uno de los principales abogados en el litigio de Bair Hugger en Minnesota. Adem\u00e1s, ha sido designado por el tribunal para el Comit\u00e9 Directivo de Demandantes en el litigio Smith and Nephew Birmingham Resurfacing y el litigio 3M Combat Arms.<\/p>\n<p>En 2019, Gabriel se uni\u00f3 a McDonald Worley para expandir su pr\u00e1ctica de Mass Torts y representar a cientos de v\u00edctimas como resultado de negligencia corporativa.<\/p>\n<p>Gabriel est\u00e1 casado con Kristin, quien es asistente del fiscal de distrito en Houston y tiene dos hijos de cinco y nueve a\u00f1os.<\/p>\n<h2 class=\"p1\"><span class=\"s1\">\u00e1reas de practica &nbsp; &nbsp; &nbsp; &nbsp; &nbsp; &nbsp; &nbsp; &nbsp;<\/span><\/h2>\n<ul class=\"ul1\">\n<li class=\"li3\">Accidentes de camiones de 18 ruedas<\/li>\n<li class=\"li3\">Negligencia m\u00e9dica<\/li>\n<li>Lesiones de nacimiento<\/li>\n<li class=\"li3\">Salario y hora<\/li>\n<li class=\"li3\">Negligencia farmac\u00e9utica<\/li>\n<li class=\"li3\">Accidentes industriales<\/li>\n<li class=\"li3\">Responsabilidad por productos<\/li>\n<li class=\"li3\">Productos retirados del mercado<\/li>\n<li class=\"li3\">Litigio comercial<\/li>\n<li class=\"li3\">Agravios masivos<\/li>\n<\/ul>\n<h2 class=\"p1\">Admisiones a la barra<\/h2>\n<ul class=\"ul1\">\n<li class=\"li3\"><span class=\"s3\">Texas<\/span><\/li>\n<li class=\"li3\"><span class=\"s3\">Virginia<\/span><\/li>\n<li class=\"li3\"><span class=\"s3\">Washington, D.C.<\/span><\/li>\n<li class=\"li3\">Tribunal de Distrito de los Estados Unidos Distrito Norte de Texas<\/li>\n<li class=\"li3\">Tribunal de Distrito de los Estados Unidos Distrito Sur de Texas<\/li>\n<li class=\"li3\">Tribunal de Distrito de EE. UU. Distrito Oeste de Texas<\/li>\n<li class=\"li3\">Tribunal de Distrito de los EE. UU. Distrito Oeste de Virginia<\/li>\n<li class=\"li3\">Tribunal de Distrito de los Estados Unidos Distrito Este de Virginia<\/li>\n<li class=\"li3\">Tribunal de Distrito de los Estados Unidos Distrito de Columbia<\/li>\n<li class=\"li3\">5to Circuito del Tribunal de Apelaciones de los Estados Unidos<\/li>\n<li class=\"li3\">Cuarto Circuito del Tribunal de Apelaciones de EE. UU.<\/li>\n<li class=\"li3\">Tribunal de Distrito de los Estados Unidos de Arizona<\/li>\n<li class=\"li3\">Tribunal de Distrito de los Estados Unidos de Colorado<\/li>\n<\/ul>\n<h2 class=\"p1\">Educaci\u00f3n<\/h2>\n<ul class=\"ul1\">\n<li class=\"li3\">Facultad de Derecho de Vanderbilt (J.D.)<\/li>\n<li class=\"li3\">Universidad de Florida (Licenciatura en Ingenier\u00eda Mec\u00e1nica)<\/li>\n<\/ul>\n<h2 class=\"p1\">Asociaciones profesionales y membres\u00edas<\/h2>\n<ul class=\"ul1\">\n<li class=\"li3\">The College of the State Bar of Texas, Miembro<\/li>\n<li class=\"li3\">Asociaci\u00f3n de Abogados Litigantes de Texas<\/li>\n<li class=\"li3\">Asociaci\u00f3n de Abogados Litigantes de Houston<\/li>\n<li>Asociaci\u00f3n de Abogados de Houston<\/li>\n<li class=\"li3\">Asociaci\u00f3n de Abogados Litigantes de Washington, D.C.<\/li>\n<li class=\"li3\">Asociaci\u00f3n Americana de Justicia<\/li>\n<\/ul>\n","protected":false},"excerpt":{"rendered":"<p>Fondo Gabriel Assaad creci\u00f3 en Rochester, Nueva York. Despu\u00e9s de graduarse de McQuaid Jesuit High School, asisti\u00f3 a la Universidad de Florida y se gradu\u00f3 con una licenciatura en Ingenier\u00eda Mec\u00e1nica en 1996. Posteriormente, trabaj\u00f3 como ingeniero de dise\u00f1o para una firma consultora en Rochester, NY. Gabriel luego decidi\u00f3 que quer\u00eda ir a la facultad [&hellip;]<\/p>\n","protected":false},"author":65,"featured_media":0,"parent":0,"menu_order":0,"comment_status":"closed","ping_status":"closed","template":"","meta":{"_acf_changed":false,"site-sidebar-layout":"default","site-content-layout":"","ast-site-content-layout":"default","site-content-style":"default","site-sidebar-style":"default","ast-global-header-display":"","ast-banner-title-visibility":"","ast-main-header-display":"","ast-hfb-above-header-display":"","ast-hfb-below-header-display":"","ast-hfb-mobile-header-display":"","site-post-title":"","ast-breadcrumbs-content":"","ast-featured-img":"","footer-sml-layout":"","ast-disable-related-posts":"","theme-transparent-header-meta":"","adv-header-id-meta":"","stick-header-meta":"","header-above-stick-meta":"","header-main-stick-meta":"","header-below-stick-meta":"","astra-migrate-meta-layouts":"default","ast-page-background-enabled":"default","ast-page-background-meta":{"desktop":{"background-color":"var(--ast-global-color-4)","background-image":"","background-repeat":"repeat","background-position":"center center","background-size":"auto","background-attachment":"scroll","background-type":"","background-media":"","overlay-type":"","overlay-color":"","overlay-opacity":"","overlay-gradient":""},"tablet":{"background-color":"","background-image":"","background-repeat":"repeat","background-position":"center center","background-size":"auto","background-attachment":"scroll","background-type":"","background-media":"","overlay-type":"","overlay-color":"","overlay-opacity":"","overlay-gradient":""},"mobile":{"background-color":"","background-image":"","background-repeat":"repeat","background-position":"center center","background-size":"auto","background-attachment":"scroll","background-type":"","background-media":"","overlay-type":"","overlay-color":"","overlay-opacity":"","overlay-gradient":""}},"ast-content-background-meta":{"desktop":{"background-color":"var(--ast-global-color-5)","background-image":"","background-repeat":"repeat","background-position":"center center","background-size":"auto","background-attachment":"scroll","background-type":"","background-media":"","overlay-type":"","overlay-color":"","overlay-opacity":"","overlay-gradient":""},"tablet":{"background-color":"var(--ast-global-color-5)","background-image":"","background-repeat":"repeat","background-position":"center center","background-size":"auto","background-attachment":"scroll","background-type":"","background-media":"","overlay-type":"","overlay-color":"","overlay-opacity":"","overlay-gradient":""},"mobile":{"background-color":"var(--ast-global-color-5)","background-image":"","background-repeat":"repeat","background-position":"center center","background-size":"auto","background-attachment":"scroll","background-type":"","background-media":"","overlay-type":"","overlay-color":"","overlay-opacity":"","overlay-gradient":""}},"footnotes":""},"class_list":["post-34572","page","type-page","status-publish","hentry"],"acf":[],"_links":{"self":[{"href":"https:\/\/mcdonaldworley.com\/es\/wp-json\/wp\/v2\/pages\/34572","targetHints":{"allow":["GET"]}}],"collection":[{"href":"https:\/\/mcdonaldworley.com\/es\/wp-json\/wp\/v2\/pages"}],"about":[{"href":"https:\/\/mcdonaldworley.com\/es\/wp-json\/wp\/v2\/types\/page"}],"author":[{"embeddable":true,"href":"https:\/\/mcdonaldworley.com\/es\/wp-json\/wp\/v2\/users\/65"}],"replies":[{"embeddable":true,"href":"https:\/\/mcdonaldworley.com\/es\/wp-json\/wp\/v2\/comments?post=34572"}],"version-history":[{"count":0,"href":"https:\/\/mcdonaldworley.com\/es\/wp-json\/wp\/v2\/pages\/34572\/revisions"}],"wp:attachment":[{"href":"https:\/\/mcdonaldworley.com\/es\/wp-json\/wp\/v2\/media?parent=34572"}],"curies":[{"name":"wp","href":"https:\/\/api.w.org\/{rel}","templated":true}]}}