{"id":32768,"date":"2020-04-10T11:32:38","date_gmt":"2020-04-10T17:32:38","guid":{"rendered":"https:\/\/abconlinehold.wpengine.com\/the-woodlands\/personal-injury-attorney-in-the-woodlands\/"},"modified":"2021-08-11T17:21:52","modified_gmt":"2021-08-11T22:21:52","slug":"abogado-lesiones-personales","status":"publish","type":"page","link":"https:\/\/mcdonaldworley.com\/es\/the-woodlands\/abogado-lesiones-personales\/","title":{"rendered":"Abogado de lesiones personales en The Woodlands"},"content":{"rendered":"<p>Si es v\u00edctima de un accidente y se lesiona, puede solicitar una indemnizaci\u00f3n si otra persona es responsable. En Texas, puede presentar una demanda contra m\u00faltiples partes o incluso presentar una demanda contra una persona responsable de sus lesiones. Tambi\u00e9n puede presentar una reclamaci\u00f3n contra una entidad o empresa gubernamental, seg\u00fan la situaci\u00f3n de su caso. En la mayor\u00eda de los casos, una v\u00edctima puede sufrir lesiones como resultado de un <a href=\"https:\/\/mcdonaldworley.com\/es\/houston-tx\/abogado-de-resbalones-y-caidas\/\" target=\"_blank\" rel=\"noopener\">resbal\u00f3n y ca\u00edda<\/a> o un accidente automovil\u00edstico.. Se considera que estas dos son las causas comunes de lesiones, y con la ayuda de un abogado experimentado en lesiones personales, puede obtener una compensaci\u00f3n justa por las lesiones sufridas en <a href=\"https:\/\/mcdonaldworley.com\/the-woodlands\/\" target=\"_blank\" rel=\"noopener\">The Woodlands<\/a>..<\/p>\n<p>Con la ayuda de un abogado experimentado, puede obtener una compensaci\u00f3n o recuperarse por lo siguiente:<\/p>\n<ul>\n<li>Gastos m\u00e9dicos<\/li>\n<li>Discapacidad<\/li>\n<li>Dolor f\u00edsico<\/li>\n<li>Angustia mental<\/li>\n<li>Salarios perdidos<\/li>\n<li>Desfiguraci\u00f3n<\/li>\n<\/ul>\n<p>Es normal tener miedo despu\u00e9s de estar involucrado en un accidente. Puedes estar ansioso o nervioso. Si decide emprender acciones legales, es posible que desee contratar a un <a href=\"https:\/\/mcdonaldworley.com\/es\/baytown\/abogado-de-lesiones-personales\/\" target=\"_blank\" rel=\"noopener\">abogado de lesiones personales<\/a> para que \u00e9l o ella pueda guiarlo en el proceso legal.. Sin embargo, es vital que busque atenci\u00f3n m\u00e9dica despu\u00e9s del accidente para tratar cualquier lesi\u00f3n que pueda haber sufrido. Despu\u00e9s de eso, puede comunicarse con nosotros llam\u00e1ndonos al 877-721-3423 en McDonald Worley. No solo revisaremos su caso, sino que tambi\u00e9n responderemos todas sus <a href=\"https:\/\/mcdonaldworley.com\/es\/preguntas\/\" target=\"_blank\" rel=\"noopener\">preguntas<\/a>.. Adem\u00e1s, nuestros servicios est\u00e1n disponibles durante veinticuatro horas, siete d\u00edas a la semana.<\/p>\n\n<h2>\u00bfCu\u00e1nto cuesta contratar a un abogado de lesiones personales?<\/h2>\n<p>La gran mayor\u00eda de las personas dudan o no se molestar\u00e1n por completo en llamar a un abogado despu\u00e9s de sufrir una lesi\u00f3n personal. La suposici\u00f3n es que contratar a un abogado es incre\u00edblemente costoso. Sin embargo, la realidad es que no tiene que pagar nada antes de que se gane el caso. En ese momento, la tarifa que tendr\u00e1 que pagar se basa en el porcentaje previamente acordado, que generalmente oscila entre el 25 y el 40 por ciento.<\/p>\n<p>El monto de la tarifa tambi\u00e9n depender\u00e1 de la cantidad de trabajo que el abogado haya realizado en el caso o cuando llegue a un acuerdo con un proveedor de seguros antes de que el caso vaya a juicio. En tales casos, es probable que un juez o un jurado le deba menos al abogado que el caso.<\/p>\n<p>Con tal estructura de pago, solo tendr\u00e1 que pagarle al abogado una tarifa al recibir el acuerdo. Tambi\u00e9n significa que el abogado se comprometer\u00e1 a trabajar en el caso, ya que su pago depende de la cantidad de acuerdo que puedan obtener en su nombre.<\/p>\n<p>La consulta que le ofrecemos es completamente gratuita y no se nos pagar\u00e1 antes que usted.<\/p>\n<p>Tambi\u00e9n se encontrar\u00e1 con abogados que trabajan con otros tipos de acuerdos de pago. Por lo general, incluyen tarifas planas o tarifas por hora. En algunos casos, tales opciones de pago podr\u00edan ser m\u00e1s preferibles para usted. A\u00fan as\u00ed, la mayor\u00eda de los clientes son mejor atendidos si aceptan una tarifa de contingencia con el abogado.<\/p>\n<h2>\u00bfQu\u00e9 tipos de da\u00f1os puedo buscar en mi caso de lesiones personales?<\/h2>\n<p>La compensaci\u00f3n implica principalmente el reembolso de cualquier p\u00e9rdida que haya sufrido debido a la negligencia de otra parte. Si no fuera por las acciones de otra parte, probablemente no habr\u00eda sufrido tales da\u00f1os. La compensaci\u00f3n monetaria puede no necesariamente permitirle regresar a la vida que ten\u00eda antes del accidente, pero tiene la intenci\u00f3n de ayudarlo a regresar a una vida lo m\u00e1s normal posible.<\/p>\n<h3>Da\u00f1os econ\u00f3micos<\/h3>\n<p>Es una forma de compensaci\u00f3n cuyo objetivo es reembolsarle las p\u00e9rdidas objetivas. Es un tipo de p\u00e9rdida que puede probarse mediante documentaci\u00f3n o cualquier otro medio verificable.<\/p>\n<p><img loading=\"lazy\" decoding=\"async\" class=\"alignnone size-full wp-image-32427\" src=\"https:\/\/mcdonaldworley.com\/wp-content\/uploads\/2020\/04\/lawyer-meeting-2-500x333-1.jpg\" alt=\"A woman meeting with a personal injury attorney in The Woodlands to discuss filing a claim for damages.\" width=\"500\" height=\"333\" title=\"\" srcset=\"https:\/\/mcdonaldworley.com\/wp-content\/uploads\/2020\/04\/lawyer-meeting-2-500x333-1.jpg 500w, https:\/\/mcdonaldworley.com\/wp-content\/uploads\/2020\/04\/lawyer-meeting-2-500x333-1-300x200.jpg 300w\" sizes=\"auto, (max-width: 500px) 100vw, 500px\" \/><\/p>\n<p>Recibir\u00e1 documentos o facturas por cirug\u00eda, atenci\u00f3n de emergencia, hospitalizaciones, tratamientos m\u00e9dicos, visitas al m\u00e9dico, medicamentos y otros tipos de servicios m\u00e9dicos recibidos. Tambi\u00e9n se le emitir\u00e1n recibos si necesita reparar sus veh\u00edculos u otro tipo de propiedades despu\u00e9s del accidente.<\/p>\n<p>Si sus lesiones le impiden reanudar sus tareas laborales, los registros bancarios anteriores y los talones de pago se pueden usar para verificar y contabilizar sus salarios perdidos.<\/p>\n<h3>Da\u00f1os no econ\u00f3micos<\/h3>\n<p>Es una forma de compensaci\u00f3n que no es tan f\u00e1cil de reclamar o probar. Sin embargo, en la mayor\u00eda de los casos, sus lesiones lo har\u00e1n sufrir varias dificultades. Los da\u00f1os no econ\u00f3micos pueden incluir angustia emocional, desfiguraci\u00f3n, dolor y sufrimiento, deterioro f\u00edsico, discapacidad, cicatrizaci\u00f3n, p\u00e9rdida de calidad de vida, p\u00e9rdida de consorcio u otros tipos de p\u00e9rdidas, que pueden ser dif\u00edciles de cuantificar.<\/p>\n<p>No es posible utilizar la documentaci\u00f3n para probar tales p\u00e9rdidas, por lo que se deben usar otros tipos de t\u00e1cticas para probar dichos da\u00f1os. En cambio, los abogados de lesiones personales utilizan estrategias espec\u00edficas para establecer da\u00f1os no econ\u00f3micos cuando se trata de negociar con las compa\u00f1\u00edas de seguros en los tribunales.<\/p>\n<h2>\u00bfCu\u00e1nto tiempo pasar\u00e1 antes de que se resuelva el caso?<\/h2>\n<p>Cada caso es \u00fanico y las circunstancias son siempre completamente diferentes, por lo que puede ser dif\u00edcil dar un marco de tiempo preciso. Lo importante a tener en cuenta al intentar estimar el tiempo que tomar\u00e1 su caso es su estado de salud actual. Nuestros abogados especializados en lesiones personales en McDonald Worley en The Woodlands se enfocar\u00e1n primero en su salud y recuperaci\u00f3n siempre.<\/p>\n<p>Siempre es importante asegurarse de recibir la atenci\u00f3n m\u00e9dica y el tratamiento necesarios para una recuperaci\u00f3n exitosa. Sin embargo, tratar de buscar un acuerdo mientras a\u00fan se est\u00e1 recuperando es probable que reduzca su reclamo. Su abogado trabajar\u00e1 con sus m\u00e9dicos y otros proveedores de atenci\u00f3n m\u00e9dica para obtener registros de todas sus facturas, as\u00ed como de otros gastos m\u00e9dicos.<\/p>\n<p>Una vez que McDonald Worley haya recibido sus registros y gastos m\u00e9dicos, comenzaremos a trabajar en la revisi\u00f3n de la informaci\u00f3n. La revisi\u00f3n generalmente implica categorizar sus da\u00f1os y gastos. Un <a href=\"https:\/\/mcdonaldworley.com\/es\/santa-ana\/abogado-lesiones-personales\/\" target=\"_blank\" rel=\"noopener\">abogado de lesiones personales<\/a> utilizar\u00e1 los registros m\u00e9dicos, que se consideran documentos formales que se pueden usar como evidencia en la corte para probar c\u00f3mo las lesiones que sufri\u00f3 le cambiaron la vida..<\/p>\n<h2>P\u00f3ngase en contacto con un abogado de lesiones personales en The Woodlands<\/h2>\n<p>Recuperarse de cualquier lesi\u00f3n que sufra es lo primero en lo que debe concentrarse despu\u00e9s de un accidente. Por lo tanto, es vital que busque atenci\u00f3n m\u00e9dica lo antes posible. Despu\u00e9s de eso, contacte a un abogado personal en McDonald Worley. Nuestro equipo investigar\u00e1 su caso y le ofrecer\u00e1 asesoramiento legal gratuito. Adem\u00e1s, no tiene que preocuparse <a href=\"https:\/\/mcdonaldworley.com\/civil-litigation\/oil-gas-royalty-underpayment\/\" target=\"_blank\" rel=\"noopener\">por pagar<\/a> nuestro servicio, ya que solo aceptamos tarifas de servicio despu\u00e9s de ganar un caso..<\/p>\n","protected":false},"excerpt":{"rendered":"<p>Si es v\u00edctima de un accidente y se lesiona, puede solicitar una indemnizaci\u00f3n si otra persona es responsable. En Texas, puede presentar una demanda contra m\u00faltiples partes o incluso presentar una demanda contra una persona responsable de sus lesiones. Tambi\u00e9n puede presentar una reclamaci\u00f3n contra una entidad o empresa gubernamental, seg\u00fan la situaci\u00f3n de su [&hellip;]<\/p>\n","protected":false},"author":65,"featured_media":0,"parent":32764,"menu_order":0,"comment_status":"closed","ping_status":"closed","template":"","meta":{"_acf_changed":false,"site-sidebar-layout":"default","site-content-layout":"","ast-site-content-layout":"default","site-content-style":"default","site-sidebar-style":"default","ast-global-header-display":"","ast-banner-title-visibility":"","ast-main-header-display":"","ast-hfb-above-header-display":"","ast-hfb-below-header-display":"","ast-hfb-mobile-header-display":"","site-post-title":"","ast-breadcrumbs-content":"","ast-featured-img":"","footer-sml-layout":"","ast-disable-related-posts":"","theme-transparent-header-meta":"","adv-header-id-meta":"","stick-header-meta":"","header-above-stick-meta":"","header-main-stick-meta":"","header-below-stick-meta":"","astra-migrate-meta-layouts":"default","ast-page-background-enabled":"default","ast-page-background-meta":{"desktop":{"background-color":"var(--ast-global-color-4)","background-image":"","background-repeat":"repeat","background-position":"center center","background-size":"auto","background-attachment":"scroll","background-type":"","background-media":"","overlay-type":"","overlay-color":"","overlay-opacity":"","overlay-gradient":""},"tablet":{"background-color":"","background-image":"","background-repeat":"repeat","background-position":"center center","background-size":"auto","background-attachment":"scroll","background-type":"","background-media":"","overlay-type":"","overlay-color":"","overlay-opacity":"","overlay-gradient":""},"mobile":{"background-color":"","background-image":"","background-repeat":"repeat","background-position":"center center","background-size":"auto","background-attachment":"scroll","background-type":"","background-media":"","overlay-type":"","overlay-color":"","overlay-opacity":"","overlay-gradient":""}},"ast-content-background-meta":{"desktop":{"background-color":"var(--ast-global-color-5)","background-image":"","background-repeat":"repeat","background-position":"center center","background-size":"auto","background-attachment":"scroll","background-type":"","background-media":"","overlay-type":"","overlay-color":"","overlay-opacity":"","overlay-gradient":""},"tablet":{"background-color":"var(--ast-global-color-5)","background-image":"","background-repeat":"repeat","background-position":"center center","background-size":"auto","background-attachment":"scroll","background-type":"","background-media":"","overlay-type":"","overlay-color":"","overlay-opacity":"","overlay-gradient":""},"mobile":{"background-color":"var(--ast-global-color-5)","background-image":"","background-repeat":"repeat","background-position":"center center","background-size":"auto","background-attachment":"scroll","background-type":"","background-media":"","overlay-type":"","overlay-color":"","overlay-opacity":"","overlay-gradient":""}},"footnotes":""},"class_list":["post-32768","page","type-page","status-publish","hentry"],"acf":[],"_links":{"self":[{"href":"https:\/\/mcdonaldworley.com\/es\/wp-json\/wp\/v2\/pages\/32768","targetHints":{"allow":["GET"]}}],"collection":[{"href":"https:\/\/mcdonaldworley.com\/es\/wp-json\/wp\/v2\/pages"}],"about":[{"href":"https:\/\/mcdonaldworley.com\/es\/wp-json\/wp\/v2\/types\/page"}],"author":[{"embeddable":true,"href":"https:\/\/mcdonaldworley.com\/es\/wp-json\/wp\/v2\/users\/65"}],"replies":[{"embeddable":true,"href":"https:\/\/mcdonaldworley.com\/es\/wp-json\/wp\/v2\/comments?post=32768"}],"version-history":[{"count":0,"href":"https:\/\/mcdonaldworley.com\/es\/wp-json\/wp\/v2\/pages\/32768\/revisions"}],"up":[{"embeddable":true,"href":"https:\/\/mcdonaldworley.com\/es\/wp-json\/wp\/v2\/pages\/32764"}],"wp:attachment":[{"href":"https:\/\/mcdonaldworley.com\/es\/wp-json\/wp\/v2\/media?parent=32768"}],"curies":[{"name":"wp","href":"https:\/\/api.w.org\/{rel}","templated":true}]}}