{"id":32767,"date":"2020-04-10T11:29:44","date_gmt":"2020-04-10T17:29:44","guid":{"rendered":"https:\/\/abconlinehold.wpengine.com\/the-woodlands\/car-accident-lawyer-in-the-woodlands\/"},"modified":"2021-08-17T09:05:13","modified_gmt":"2021-08-17T14:05:13","slug":"car-accident-lawyer-in-the-woodlands","status":"publish","type":"page","link":"https:\/\/mcdonaldworley.com\/es\/the-woodlands\/abogado-especialista-accidentes-automovilisticos\/","title":{"rendered":"Abogado especialista en accidentes automovil\u00edsticos en The Woodlands \u00a0"},"content":{"rendered":"<p>Si result\u00f3 herido en un accidente automovil\u00edstico que no fue su culpa, es probable que necesite la ayuda de un abogado experimentado en accidentes automovil\u00edsticos de The Woodlands para que le ayude a obtener la justicia que merece. Tal vez se pregunte c\u00f3mo va a pagar todas las facturas m\u00e9dicas, las reparaciones del autom\u00f3vil y c\u00f3mo puede recuperar la compensaci\u00f3n que necesita y merece incluso por los salarios que perdi\u00f3 como resultado del accidente.<\/p>\n<p>En McDonald Worley, brindamos a todas las v\u00edctimas de accidentes automovil\u00edsticos una consulta inicial gratuita, con el objetivo de facilitarle la b\u00fasqueda de la asesor\u00eda legal experta y las respuestas que podr\u00eda estar buscando, de un <a href=\"\/es\">abogado profesional y experimentado en lesiones personales<\/a>.<\/p>\n<p>Los abogados de McDonald Worley tienen cerca de 100 a\u00f1os de experiencia legal combinada en el manejo de casos y la defensa de los derechos de diferentes v\u00edctimas de lesiones por accidentes. Nuestro conocimiento y experiencia en el manejo de reclamos por lesiones nos ha valido un gran reconocimiento y reputaci\u00f3n como una de las firmas de abogados m\u00e1s prol\u00edficas en Texas, y tambi\u00e9n en todo el pa\u00eds. Por lo tanto, puede estar seguro de que tenemos lo necesario para ganar su caso. Nos enorgullece ayudar a las personas que m\u00e1s necesitan ayuda, y siempre estamos comprometidos a obtener la m\u00e1xima cantidad de compensaci\u00f3n posible para ellos.<\/p>\n\n<h2>\u00bfQu\u00e9 debo hacer despu\u00e9s de estar involucrado en un accidente automovil\u00edstico en The Woodlands?<\/h2>\n<h3>Aseg\u00farese de que todos en la escena est\u00e9n bien<\/h3>\n<p>No importa qui\u00e9n fue el responsable del accidente, lo primero que debe hacer es asegurarse de que todos los que est\u00e1n cerca est\u00e9n seguros y bien. Es muy humano controlar a los dem\u00e1s y asegurarse de que est\u00e9n bien. Si es posible, considere hacer que los veh\u00edculos se muevan al costado del camino para evitar que otros autos en el camino golpeen a los involucrados en el accidente. La seguridad es la clave!<\/p>\n<h3>Busque atenci\u00f3n m\u00e9dica<\/h3>\n<p>Aunque puede sentirse bien despu\u00e9s del accidente, es importante asegurarse de buscar atenci\u00f3n m\u00e9dica inmediata. Esto es especialmente importante si sufri\u00f3 lesiones visibles y contribuir\u00e1 en gran medida a demostrar la gravedad y el alcance de sus lesiones en su reclamo. Cuando su caso vaya a juicio, el tribunal necesitar\u00e1 que proporcione registros m\u00e9dicos que demuestren que result\u00f3 herido en el accidente, junto con evidencia de cu\u00e1nto ha gastado recibiendo tratamiento.<\/p>\n<h3>Informar a las autoridades relevantes<\/h3>\n<p>Despu\u00e9s del accidente, es aconsejable informar a la polic\u00eda lo antes posible, incluso si fue solo un incidente menor. La mejor manera de hacer esto es llamar al 911 y hacer que se env\u00ede a un oficial de polic\u00eda a la escena del accidente. Esto les permitir\u00e1 investigar el accidente y recopilar detalles importantes sobre el incidente, su licencia y la informaci\u00f3n del seguro, y tambi\u00e9n la de las otras partes. La polic\u00eda luego usar\u00e1 esta informaci\u00f3n para preparar un informe policial. Aseg\u00farese de obtener los detalles de contacto y el nombre del oficial de polic\u00eda, ya que podr\u00eda necesitarlo m\u00e1s adelante.<\/p>\n<h3>Obtenga los detalles del otro controlador<\/h3>\n<p>Mientras est\u00e9 en la escena del accidente, aseg\u00farese de recopilar informaci\u00f3n de contacto de la otra parte. Si ten\u00edan pasajeros a bordo, obtenga sus detalles tambi\u00e9n. Esto ser\u00e1 vital para sus abogados, ya que necesitar\u00e1n comunicarse con las personas que estaban en la escena y recopilar declaraciones de testigos.<\/p>\n<h3>Hable con otras personas que vieron el incidente<\/h3>\n<p>En caso de que hubiera otras personas cerca mientras ocurr\u00eda el accidente, es recomendable recopilar su informaci\u00f3n de contacto. Sin embargo, tenga en cuenta que no todos estar\u00e1n dispuestos a involucrarse, as\u00ed que no se preocupe cuando algunos se nieguen a ofrecer su contacto. En caso de que haya un oficial de polic\u00eda cerca, puede dejarlo a ellos.<\/p>\n<h3>Tomar buenas fotos de la escena<\/h3>\n<p>Cuando pueda, tome tantas fotos de la escena como sea posible. En la actualidad, la mayor\u00eda de los tel\u00e9fonos tienen c\u00e1maras de buena calidad, as\u00ed que use la suya para tomar fotos o videos de los da\u00f1os, lesiones y el \u00e1rea circundante. Aseg\u00farese de que las fotos que recopile sean relevantes para el accidente, ya que pueden ayudar al abogado que contrata a recrear la escena con gran detalle.<\/p>\n<p><img loading=\"lazy\" decoding=\"async\" class=\"alignnone wp-image-32422 size-full\" src=\"https:\/\/mcdonaldworley.com\/wp-content\/uploads\/2020\/04\/car-accident-evidence-2-500x332-1.jpg\" alt=\"A person taking photos of the damage their car sustained in an accident.\" width=\"500\" height=\"332\" title=\"\" srcset=\"https:\/\/mcdonaldworley.com\/wp-content\/uploads\/2020\/04\/car-accident-evidence-2-500x332-1.jpg 500w, https:\/\/mcdonaldworley.com\/wp-content\/uploads\/2020\/04\/car-accident-evidence-2-500x332-1-300x199.jpg 300w\" sizes=\"auto, (max-width: 500px) 100vw, 500px\" \/><\/p>\n<h3>Solicite una copia del registro policial<\/h3>\n<p>Tambi\u00e9n es aconsejable pedirle al oficial encargado de la aplicaci\u00f3n de la ley una copia de su informe policial; aunque es posible que deba esperar hasta que hayan completado la presentaci\u00f3n del informe. Afortunadamente, a\u00fan puede obtener una copia del informe policial del Departamento de Transporte de Texas.<\/p>\n<h2>\u00bfCu\u00e1nto tiempo tengo antes de presentar un reclamo por accidente automovil\u00edstico en Texas?<\/h2>\n<p>No importa d\u00f3nde viva, hay una ley espec\u00edfica en su estado que describe la cantidad de tiempo que tiene para presentar su reclamo legalmente. Esta ley se conoce como estatuto de limitaciones. En caso de que no presente su reclamo dentro del per\u00edodo de tiempo dado, perder\u00e1 sus posibilidades legales de presentar una reclamaci\u00f3n por las lesiones y da\u00f1os sufridos para siempre.<\/p>\n<p>Esta ley es diferente para cada tipo de reclamo y, por lo tanto, es aconsejable considerar tener un <a href=\"https:\/\/mcdonaldworley.com\/es\/the-woodlands\/abogado-lesiones-personales\/\" target=\"_blank\" rel=\"noopener\">abogado experimentado en accidentes automovil\u00edsticos en The Woodlands<\/a> para manejar el reclamo por usted. Los abogados conocen muy bien la ley y pueden ayudarlo a asegurarse de que su reclamo se presente a tiempo, preservando as\u00ed su derecho a solicitar y recibir una compensaci\u00f3n por los da\u00f1os que sufri\u00f3.<\/p>\n<h2>\u00bfC\u00f3mo se valoran las reclamaciones por accidentes automovil\u00edsticos en Texas?<\/h2>\n<p>Lo clave que debe tener en cuenta al pensar en presentar un reclamo es que cada caso es \u00fanico. No hay dos casos iguales. Incluso las personas que sufren tipos similares de lesiones tendr\u00e1n sus reclamos liquidados en diferentes cantidades. Para calcular cu\u00e1nto vale su caso, nuestros abogados deber\u00e1n revisar primero su caso.<\/p>\n<p>Algunos de los factores que deben determinarse al calcular un reclamo de <a href=\"https:\/\/mcdonaldworley.com\/es\/houston\/policia-accidentes-auto\/\" target=\"_blank\" rel=\"noopener\">accidente automovil\u00edstico<\/a> incluyen:<\/p>\n<p>L\u00edmite de la p\u00f3liza de seguro: en Texas, se requiere que todos los conductores tengan seguro de auto por un monto determinado. Si bien este l\u00edmite est\u00e1 predeterminado, algunos conductores en Texas no tienen cobertura adicional. Los montos m\u00ednimos de seguro de autom\u00f3vil en Texas son los siguientes:<\/p>\n<ul>\n<li>$ 30,000 por persona lesionada<\/li>\n<li>$ 25,000 por accidente por da\u00f1os a la propiedad<\/li>\n<li>$ 60,000 por accidente por lesiones<\/li>\n<\/ul>\n<h2>\u00bfCu\u00e1l es el proceso para obtener un informe de accidente automovil\u00edstico?<\/h2>\n<p>Despu\u00e9s de un accidente automovil\u00edstico, \u00bfc\u00f3mo hace para registrar su accidente y obtener una copia del informe policial? Bueno, mucha gente no. Lo que quiere hacer primero es averiguar qu\u00e9 agencia de aplicaci\u00f3n de la ley envi\u00f3 al oficial a la escena.<\/p>\n<p>Los primeros oficiales en la escena le dar\u00e1n una tarjeta que indica el nombre de la oficina y su departamento. En caso de que no se le haya entregado este recibo, tendr\u00e1 que encontrar los detalles que necesita verificando el Departamento de Polic\u00eda de la Ciudad, el Sheriff del Condado o el Departamento de Seguridad P\u00fablica de Texas.<\/p>\n<p><img loading=\"lazy\" decoding=\"async\" class=\"alignnone wp-image-32424 size-full\" src=\"https:\/\/mcdonaldworley.com\/wp-content\/uploads\/2020\/04\/car-accident-2-500x333-1.jpg\" alt=\"A rear-end car accident in The Woodlands.\" width=\"500\" height=\"333\" title=\"\" srcset=\"https:\/\/mcdonaldworley.com\/wp-content\/uploads\/2020\/04\/car-accident-2-500x333-1.jpg 500w, https:\/\/mcdonaldworley.com\/wp-content\/uploads\/2020\/04\/car-accident-2-500x333-1-300x200.jpg 300w\" sizes=\"auto, (max-width: 500px) 100vw, 500px\" \/><\/p>\n<p>Si ocurri\u00f3 el choque:<\/p>\n<ul>\n<li>Dentro de los l\u00edmites de la ciudad: comun\u00edquese con el departamento de pol\u00edticas de la ciudad y solicite una copia del informe del accidente.<\/li>\n<li>Fuera de los l\u00edmites de la ciudad: comun\u00edquese con la Oficina del Sheriff del Condado, espec\u00edficamente con la divisi\u00f3n de accidentes y solicite una copia del informe<\/li>\n<li>Fuera de los l\u00edmites de la ciudad y el Sheriff del Condado no estuvo involucrado &#8211; Consulte con el Departamento de Seguridad P\u00fablica<\/li>\n<\/ul>\n<p>Tenga en cuenta que algunas agencias solo atender\u00e1n las solicitudes enviadas por correo, mientras que otras pueden necesitar que env\u00ede una solicitud escrita a mano. En general, el costo de obtener una copia de este informe no es m\u00e1s que unos pocos d\u00f3lares.<\/p>\n<h2>Comun\u00edquese con un abogado de accidentes automovil\u00edsticos en The Woodlands Today para una consulta gratuita<\/h2>\n<p>Si estuvo involucrado en un accidente automovil\u00edstico en <a href=\"https:\/\/mcdonaldworley.com\/the-woodlands\/\" target=\"_blank\" rel=\"noopener\">The Woodlands<\/a> y est\u00e1 buscando un abogado de buena reputaci\u00f3n, profesional, confiable y con experiencia para manejar su reclamo, p\u00f3ngase en contacto con McDonald Worley.. \u00a1Siempre estamos listos para ayudar!<\/p>\n<p>Llame a McDonald Worley hoy y programe una consulta inicial gratuita con uno de nuestros <a href=\"https:\/\/mcdonaldworley.com\/es\/conroe\/abogado-accidentes-automovilisticos\/\" target=\"_blank\" rel=\"noopener\">abogados de accidentes automovil\u00edsticos.<\/a>. Nuestro equipo est\u00e1 disponible 24\/7 para brindarle el asesoramiento que necesita. Y con m\u00e1s de 20 a\u00f1os de experiencia manejando casos y luchando por los derechos de las v\u00edctimas de lesiones en The Woodlands y otras \u00e1reas de Texas, puede estar seguro de que est\u00e1 trabajando con los mejores abogados.<\/p>\n<p>Llame a nuestra firma de lesiones personales ahora y lo colocaremos en el camino correcto para recuperar la compensaci\u00f3n que necesita y merece por sus lesiones y da\u00f1os.<\/p>\n","protected":false},"excerpt":{"rendered":"<p>Si result\u00f3 herido en un accidente automovil\u00edstico que no fue su culpa, es probable que necesite la ayuda de un abogado experimentado en accidentes automovil\u00edsticos de The Woodlands para que le ayude a obtener la justicia que merece. Tal vez se pregunte c\u00f3mo va a pagar todas las facturas m\u00e9dicas, las reparaciones del autom\u00f3vil y [&hellip;]<\/p>\n","protected":false},"author":65,"featured_media":0,"parent":32764,"menu_order":0,"comment_status":"closed","ping_status":"closed","template":"","meta":{"_acf_changed":false,"site-sidebar-layout":"default","site-content-layout":"","ast-site-content-layout":"default","site-content-style":"default","site-sidebar-style":"default","ast-global-header-display":"","ast-banner-title-visibility":"","ast-main-header-display":"","ast-hfb-above-header-display":"","ast-hfb-below-header-display":"","ast-hfb-mobile-header-display":"","site-post-title":"","ast-breadcrumbs-content":"","ast-featured-img":"","footer-sml-layout":"","ast-disable-related-posts":"","theme-transparent-header-meta":"","adv-header-id-meta":"","stick-header-meta":"","header-above-stick-meta":"","header-main-stick-meta":"","header-below-stick-meta":"","astra-migrate-meta-layouts":"default","ast-page-background-enabled":"default","ast-page-background-meta":{"desktop":{"background-color":"var(--ast-global-color-4)","background-image":"","background-repeat":"repeat","background-position":"center center","background-size":"auto","background-attachment":"scroll","background-type":"","background-media":"","overlay-type":"","overlay-color":"","overlay-opacity":"","overlay-gradient":""},"tablet":{"background-color":"","background-image":"","background-repeat":"repeat","background-position":"center center","background-size":"auto","background-attachment":"scroll","background-type":"","background-media":"","overlay-type":"","overlay-color":"","overlay-opacity":"","overlay-gradient":""},"mobile":{"background-color":"","background-image":"","background-repeat":"repeat","background-position":"center center","background-size":"auto","background-attachment":"scroll","background-type":"","background-media":"","overlay-type":"","overlay-color":"","overlay-opacity":"","overlay-gradient":""}},"ast-content-background-meta":{"desktop":{"background-color":"var(--ast-global-color-5)","background-image":"","background-repeat":"repeat","background-position":"center center","background-size":"auto","background-attachment":"scroll","background-type":"","background-media":"","overlay-type":"","overlay-color":"","overlay-opacity":"","overlay-gradient":""},"tablet":{"background-color":"var(--ast-global-color-5)","background-image":"","background-repeat":"repeat","background-position":"center center","background-size":"auto","background-attachment":"scroll","background-type":"","background-media":"","overlay-type":"","overlay-color":"","overlay-opacity":"","overlay-gradient":""},"mobile":{"background-color":"var(--ast-global-color-5)","background-image":"","background-repeat":"repeat","background-position":"center center","background-size":"auto","background-attachment":"scroll","background-type":"","background-media":"","overlay-type":"","overlay-color":"","overlay-opacity":"","overlay-gradient":""}},"footnotes":""},"class_list":["post-32767","page","type-page","status-publish","hentry"],"acf":[],"_links":{"self":[{"href":"https:\/\/mcdonaldworley.com\/es\/wp-json\/wp\/v2\/pages\/32767","targetHints":{"allow":["GET"]}}],"collection":[{"href":"https:\/\/mcdonaldworley.com\/es\/wp-json\/wp\/v2\/pages"}],"about":[{"href":"https:\/\/mcdonaldworley.com\/es\/wp-json\/wp\/v2\/types\/page"}],"author":[{"embeddable":true,"href":"https:\/\/mcdonaldworley.com\/es\/wp-json\/wp\/v2\/users\/65"}],"replies":[{"embeddable":true,"href":"https:\/\/mcdonaldworley.com\/es\/wp-json\/wp\/v2\/comments?post=32767"}],"version-history":[{"count":0,"href":"https:\/\/mcdonaldworley.com\/es\/wp-json\/wp\/v2\/pages\/32767\/revisions"}],"up":[{"embeddable":true,"href":"https:\/\/mcdonaldworley.com\/es\/wp-json\/wp\/v2\/pages\/32764"}],"wp:attachment":[{"href":"https:\/\/mcdonaldworley.com\/es\/wp-json\/wp\/v2\/media?parent=32767"}],"curies":[{"name":"wp","href":"https:\/\/api.w.org\/{rel}","templated":true}]}}