{"id":32765,"date":"2020-04-10T10:32:40","date_gmt":"2020-04-10T16:32:40","guid":{"rendered":"https:\/\/abconlinehold.wpengine.com\/sugar-land\/sugar-land-car-accident-lawyer\/"},"modified":"2021-08-12T11:37:40","modified_gmt":"2021-08-12T16:37:40","slug":"abogado-accidentes-automovilisticos","status":"publish","type":"page","link":"https:\/\/mcdonaldworley.com\/es\/sugar-land\/abogado-accidentes-automovilisticos\/","title":{"rendered":"Abogado de accidentes automovil\u00edsticos de Sugar Land"},"content":{"rendered":"<p>Si usted o alguien cercano a usted ha sido v\u00edctima de un accidente automovil\u00edstico, querr\u00e1 la asistencia de un abogado de accidentes automovil\u00edsticos de Sugar Land en McDonald Worley para recibir la justicia a la que tiene derecho. Puede estar pensando en c\u00f3mo se pagar\u00e1n las reparaciones de mi autom\u00f3vil, cu\u00e1nto son mis facturas m\u00e9dicas y qui\u00e9n pagar\u00e1 o c\u00f3mo recibir\u00e9 una compensaci\u00f3n por mis ganancias perdidas. Nos enorgullece ofrecer a todas las v\u00edctimas de lesiones una consulta inicial gratuita, que les permitir\u00e1 obtener aclaraciones a sus preguntas y, al mismo tiempo, recibir orientaci\u00f3n de nuestros abogados con experiencia en accidentes.<\/p>\n<p>Nuestros abogados <a href=\"\/es\">abogados de lesiones personales<\/a> tienen una experiencia combinada de casi 100 a\u00f1os defendiendo y protegiendo los derechos de las v\u00edctimas de lesiones. Nuestra experiencia y conocimiento nos han hecho ganar el reconocimiento como una de las principales firmas de abogados en los EE. UU. Estamos orgullosos de nosotros mismos por ayudar a las personas cuando las necesitan y nos comprometemos a brindarles a nuestros clientes la compensaci\u00f3n \u00f3ptima posible.<\/p>\n\n<h2>\u00bfCu\u00e1nto cuestan los abogados de accidentes automovil\u00edsticos de Sugar Land?<\/h2>\n<p>Muchas personas tienen miedo de intentarlo o simplemente no se molestan en tratar de contactar a un abogado una vez que sufren lesiones personales porque creen que contratar a un abogado les costar\u00e1 mucho dinero. De lo que no se dan cuenta es que la mayor\u00eda de los abogados de lesiones personales en <a href=\"https:\/\/mcdonaldworley.com\/sugar-land\/\" target=\"_blank\" rel=\"noopener\">Sugar Land<\/a> generalmente trabajan con honorarios de contingencia.. Esto significa que solo se les pagar\u00e1 una vez que hayan ganado el caso. En caso de que pierdan el caso, no tiene que pagar.<\/p>\n<p>La tarifa de la que ser\u00e1 responsable se basar\u00e1 en un porcentaje predeterminado, que generalmente es del 20% al 40% del monto total de la compensaci\u00f3n pagada. El honorario que su <a href=\"https:\/\/mcdonaldworley.com\/es\/abogado-de-cobro-de-deudas\/\" target=\"_blank\" rel=\"noopener\">abogado le cobrar\u00e1<\/a> por sus servicios depender\u00e1 de la cantidad de trabajo que pongan en el caso y de si acepta resolver el caso fuera de los tribunales con la compa\u00f1\u00eda de seguros correspondiente. En tal caso, le deber\u00e1 al abogado una cantidad significativamente menor de lo que tendr\u00eda si el caso procediera a juicio.<\/p>\n<p>Este acuerdo garantiza que solo tendr\u00e1 que pagar una tarifa a su abogado una vez que est\u00e9 completamente compensado. Tambi\u00e9n significa que el abogado que contrate estar\u00e1 comprometido con el caso, ya que su pago depender\u00e1 de que obtenga una compensaci\u00f3n por sus lesiones.<\/p>\n<p>Sin embargo, algunos abogados pueden tener diferentes planes de pago que a menudo implican pagarles una tarifa plana o una tarifa por hora. Estas opciones pueden ser ideales para algunos casos, aunque la mayor\u00eda de los clientes generalmente reciben un mejor servicio cuando trabajan con un acuerdo de tarifa de contingencia.<\/p>\n<h2>\u00bfTengo un caso?<\/h2>\n<p>La respuesta correcta a esta pregunta depender\u00e1 de tres cosas clave:<\/p>\n<h3>\u00bfLos da\u00f1os son suficientes para justificar la presentaci\u00f3n de un reclamo?<\/h3>\n<p>Es responsabilidad de su abogado establecer si sus da\u00f1os son lo suficientemente significativos como para justificar un reclamo y si el caso realmente vale la pena. Los casos que solo valen un par de miles de d\u00f3lares probablemente no valen su tiempo y esfuerzo. Y si bien esto puede parecer un poco duro, es cierto.<\/p>\n<h3>\u00bfEl acusado tiene suficientes recursos?<\/h3>\n<p>Su abogado tambi\u00e9n considerar\u00e1 si hay una aseguradora involucrada en el caso. Si hay uno, es probable que le paguen por los da\u00f1os y perjuicios en los que incurri\u00f3. No obstante, si la demanda se presenta contra un individuo, su abogado podr\u00eda querer saber si la persona tiene activos importantes. Si no lo hacen, ser\u00e1 dif\u00edcil para ellos representarlo porque la decisi\u00f3n final podr\u00eda no valer m\u00e1s que el papel en el que est\u00e1 impreso.<\/p>\n<h3>\u00bfSe puede demostrar con \u00e9xito la responsabilidad?<\/h3>\n<p>En caso de que no tenga evidencia suficiente para respaldar su reclamo, ser\u00e1 muy dif\u00edcil para su abogado probar la culpa. Sin embargo, si tiene evidencia suficiente para respaldar su reclamo y los hechos apuntan a la otra persona responsable de las lesiones que ha sufrido, tiene un caso.<\/p>\n<p><img loading=\"lazy\" decoding=\"async\" class=\"alignnone wp-image-32417 size-full\" src=\"https:\/\/mcdonaldworley.com\/wp-content\/uploads\/2020\/04\/lawyer-3-500x281-1.jpg\" alt=\"A lawyer in Sugar Land reviewing a car accident claim with a client.\" width=\"500\" height=\"281\" title=\"\" srcset=\"https:\/\/mcdonaldworley.com\/wp-content\/uploads\/2020\/04\/lawyer-3-500x281-1.jpg 500w, https:\/\/mcdonaldworley.com\/wp-content\/uploads\/2020\/04\/lawyer-3-500x281-1-300x169.jpg 300w\" sizes=\"auto, (max-width: 500px) 100vw, 500px\" \/><\/p>\n<h2>El estatuto de limitaciones para accidentes automovil\u00edsticos en Texas<\/h2>\n<p>En Texas, los casos de <a href=\"https:\/\/mcdonaldworley.com\/es\/the-woodlands\/abogado-especialista-accidentes-automovilisticos\/\" target=\"_blank\" rel=\"noopener\">accidentes automovil\u00edsticos<\/a> tienen un plazo de prescripci\u00f3n de dos a\u00f1os.. Esto significa que solo tiene 2 a\u00f1os desde el momento del accidente para presentar su demanda. Si no presenta su reclamo dentro de este plazo, su derecho a reclamar una indemnizaci\u00f3n se perder\u00e1 autom\u00e1ticamente. Lo m\u00e1s probable es que el tribunal desestime su caso tan pronto como vea que ha pasado el plazo estipulado por esta ley. Y si no lo hacen, el abogado del acusado probablemente presentar\u00e1 una moci\u00f3n para que se desestime su caso.<\/p>\n<h2>\u00bfQu\u00e9 sucede si tengo una falla parcial en un accidente automovil\u00edstico?<\/h2>\n<p>Como se mencion\u00f3 anteriormente, la ley var\u00eda de estado a estado. La Ley de Texas se describe de tal manera que incluso si usted fuera parcialmente responsable del accidente, a\u00fan tendr\u00e1 derecho a un porcentaje de compensaci\u00f3n. La cantidad total que reciba se reducir\u00e1 seg\u00fan el porcentaje de su culpa en el accidente. Este concepto se conoce como negligencia comparativa, lo que b\u00e1sicamente significa que tiene derecho a una indemnizaci\u00f3n siempre que la otra parte haya tenido el 51% o m\u00e1s de culpa.<\/p>\n<p>Para casos de <a href=\"https:\/\/mcdonaldworley.com\/es\/moreno-valley\/abogado-accidentes-automovilisticos\/\" target=\"_blank\" rel=\"noopener\">accidentes automovil\u00edsticos<\/a>, es esencial establecer qui\u00e9n tuvo la culpa durante el accidente.. Como tal, debe ser muy cuidadoso con lo que dice y, en general, debe evitar discutir lo que ocurri\u00f3 con las compa\u00f1\u00edas de seguros, la otra parte, la polic\u00eda en el lugar o cualquier otra persona sin su abogado presente o hasta Usted ha discutido cosas con su abogado. Sin querer, puede decir o hacer algo que afecte sus posibilidades de cobrar una indemnizaci\u00f3n por las lesiones y da\u00f1os causados.<\/p>\n<p>Por ejemplo, supongamos que un conductor no se detuvo en una intersecci\u00f3n concurrida que no se detuvo en una se\u00f1al de alto. Aunque esto significa que la otra persona tuvo la culpa del accidente, su responsabilidad podr\u00eda disminuir si usted admite lo siguiente:<\/p>\n<ul>\n<li>Estabas acelerando<\/li>\n<li>Estabas bebiendo o intoxicado<\/li>\n<li>Estaba hablando por tel\u00e9fono o leyendo \/ enviando un mensaje de texto<\/li>\n<li>No pudo verificar el camino en ninguna direcci\u00f3n para el tr\u00e1fico que se aproximaba antes de ingresar a la intersecci\u00f3n<\/li>\n<\/ul>\n<p>No olvide que los ajustadores de seguros son muy h\u00e1biles para preparar a las personas para este tipo de escenarios, y pueden enga\u00f1arlo o obligarlo a hacer tales admisiones para minimizar el monto que la compa\u00f1\u00eda paga en compensaci\u00f3n. Su abogado lo ayudar\u00e1 a guiarlo a trav\u00e9s del proceso, ya que ya tienen experiencia en el trato con ajustadores de seguros. Adem\u00e1s, puede contar con nosotros para revisar todos los detalles sobre su caso y garantizar que su responsabilidad se mantenga al m\u00ednimo cuando se determine una negligencia comparativa.<\/p>\n<h2>P\u00f3ngase en contacto con un abogado de accidentes de autom\u00f3viles de Sugar Land ahora!<\/h2>\n<p>Si ha estado en un accidente automovil\u00edstico que ha resultado en lesiones y est\u00e1 buscando el mejor abogado en Sugar Land para su reclamo, McDonald Worley est\u00e1 aqu\u00ed para ayudarlo.<\/p>\n<p>Ofrecemos nuestros servicios las 24 horas del d\u00eda, los 7 d\u00edas de la semana para que podamos brindarle asesoramiento y servicios legales expertos cuando lo necesite. Y la mejor parte es que brindamos nuestros servicios de manera contingente.<\/p>\n<p>Llame a McDonald Worley ahora para reservar su consulta inicial gratuita con nuestros <a href=\"https:\/\/mcdonaldworley.com\/atascocita\/car-accident-lawyer\/\" target=\"_blank\" rel=\"noopener\">abogados profesionales de accidentes automovil\u00edsticos.<\/a>. Tenemos m\u00e1s de 20 a\u00f1os de experiencia defendiendo los derechos de las v\u00edctimas de lesiones en Sugar Land y el gran estado de Texas.<\/p>\n<p>\u00a1Cont\u00e1ctenos hoy y comience el proceso de recibir su merecida compensaci\u00f3n por los da\u00f1os sufridos!<\/p>\n","protected":false},"excerpt":{"rendered":"<p>Si usted o alguien cercano a usted ha sido v\u00edctima de un accidente automovil\u00edstico, querr\u00e1 la asistencia de un abogado de accidentes automovil\u00edsticos de Sugar Land en McDonald Worley para recibir la justicia a la que tiene derecho. Puede estar pensando en c\u00f3mo se pagar\u00e1n las reparaciones de mi autom\u00f3vil, cu\u00e1nto son mis facturas m\u00e9dicas [&hellip;]<\/p>\n","protected":false},"author":65,"featured_media":0,"parent":32763,"menu_order":0,"comment_status":"closed","ping_status":"closed","template":"","meta":{"_acf_changed":false,"site-sidebar-layout":"default","site-content-layout":"","ast-site-content-layout":"default","site-content-style":"default","site-sidebar-style":"default","ast-global-header-display":"","ast-banner-title-visibility":"","ast-main-header-display":"","ast-hfb-above-header-display":"","ast-hfb-below-header-display":"","ast-hfb-mobile-header-display":"","site-post-title":"","ast-breadcrumbs-content":"","ast-featured-img":"","footer-sml-layout":"","ast-disable-related-posts":"","theme-transparent-header-meta":"","adv-header-id-meta":"","stick-header-meta":"","header-above-stick-meta":"","header-main-stick-meta":"","header-below-stick-meta":"","astra-migrate-meta-layouts":"default","ast-page-background-enabled":"default","ast-page-background-meta":{"desktop":{"background-color":"var(--ast-global-color-4)","background-image":"","background-repeat":"repeat","background-position":"center center","background-size":"auto","background-attachment":"scroll","background-type":"","background-media":"","overlay-type":"","overlay-color":"","overlay-opacity":"","overlay-gradient":""},"tablet":{"background-color":"","background-image":"","background-repeat":"repeat","background-position":"center center","background-size":"auto","background-attachment":"scroll","background-type":"","background-media":"","overlay-type":"","overlay-color":"","overlay-opacity":"","overlay-gradient":""},"mobile":{"background-color":"","background-image":"","background-repeat":"repeat","background-position":"center center","background-size":"auto","background-attachment":"scroll","background-type":"","background-media":"","overlay-type":"","overlay-color":"","overlay-opacity":"","overlay-gradient":""}},"ast-content-background-meta":{"desktop":{"background-color":"var(--ast-global-color-5)","background-image":"","background-repeat":"repeat","background-position":"center center","background-size":"auto","background-attachment":"scroll","background-type":"","background-media":"","overlay-type":"","overlay-color":"","overlay-opacity":"","overlay-gradient":""},"tablet":{"background-color":"var(--ast-global-color-5)","background-image":"","background-repeat":"repeat","background-position":"center center","background-size":"auto","background-attachment":"scroll","background-type":"","background-media":"","overlay-type":"","overlay-color":"","overlay-opacity":"","overlay-gradient":""},"mobile":{"background-color":"var(--ast-global-color-5)","background-image":"","background-repeat":"repeat","background-position":"center center","background-size":"auto","background-attachment":"scroll","background-type":"","background-media":"","overlay-type":"","overlay-color":"","overlay-opacity":"","overlay-gradient":""}},"footnotes":""},"class_list":["post-32765","page","type-page","status-publish","hentry"],"acf":[],"_links":{"self":[{"href":"https:\/\/mcdonaldworley.com\/es\/wp-json\/wp\/v2\/pages\/32765","targetHints":{"allow":["GET"]}}],"collection":[{"href":"https:\/\/mcdonaldworley.com\/es\/wp-json\/wp\/v2\/pages"}],"about":[{"href":"https:\/\/mcdonaldworley.com\/es\/wp-json\/wp\/v2\/types\/page"}],"author":[{"embeddable":true,"href":"https:\/\/mcdonaldworley.com\/es\/wp-json\/wp\/v2\/users\/65"}],"replies":[{"embeddable":true,"href":"https:\/\/mcdonaldworley.com\/es\/wp-json\/wp\/v2\/comments?post=32765"}],"version-history":[{"count":0,"href":"https:\/\/mcdonaldworley.com\/es\/wp-json\/wp\/v2\/pages\/32765\/revisions"}],"up":[{"embeddable":true,"href":"https:\/\/mcdonaldworley.com\/es\/wp-json\/wp\/v2\/pages\/32763"}],"wp:attachment":[{"href":"https:\/\/mcdonaldworley.com\/es\/wp-json\/wp\/v2\/media?parent=32765"}],"curies":[{"name":"wp","href":"https:\/\/api.w.org\/{rel}","templated":true}]}}