{"id":32758,"date":"2020-04-10T12:26:37","date_gmt":"2020-04-10T18:26:37","guid":{"rendered":"https:\/\/abconlinehold.wpengine.com\/pearland\/pearland-personal-injury-lawyer\/"},"modified":"2021-08-11T18:43:06","modified_gmt":"2021-08-11T23:43:06","slug":"abogado-lesiones-personales","status":"publish","type":"page","link":"https:\/\/mcdonaldworley.com\/es\/pearland\/abogado-lesiones-personales\/","title":{"rendered":"Abogado de lesiones personales en Pearland"},"content":{"rendered":"<p>En caso de que resulte lesionado debido a la culpa de otra parte, entonces debe ser legalmente compensado. De acuerdo con la ley de Texas, puede ser compensado, pero tendr\u00e1 que presentar una demanda contra la parte que caus\u00f3 o es responsable de sus lesiones. Alternativamente, puede presentar un reclamo que ser\u00eda contra m\u00e1s de una parte. Seg\u00fan su lesi\u00f3n particular y las circunstancias que la rodean, es posible que deba presentar una demanda contra el gobierno o una empresa. Obtener la ayuda de un abogado de lesiones personales de <a href=\"https:\/\/mcdonaldworley.com\/pearland\/\" target=\"_blank\" rel=\"noopener\">Pearland<\/a> puede marcar la diferencia en su reclamo.<\/p>\n<p>Hay muchas lesiones personales que ocurren debido a una situaci\u00f3n de resbal\u00f3n y ca\u00edda o un <a href=\"https:\/\/mcdonaldworley.com\/es\/anaheim\/abogado-accidentes-automovilisticos\/\" target=\"_blank\" rel=\"noopener\">accidente automovil\u00edstico<\/a> y estos son los tipos m\u00e1s comunes de casos.. Sin embargo, hay muchos otros tipos de lesiones personales y no importa qu\u00e9 tipo sea el suyo, necesitar\u00e1 un <a href=\"https:\/\/mcdonaldworley.com\/es\/baytown\/abogado-de-lesiones-personales\/\" target=\"_blank\" rel=\"noopener\">abogado profesional y experimentado en lesiones personales<\/a> de McDonald Worley..<\/p>\n<p>Es posible que desee obtener una indemnizaci\u00f3n por muchos tipos de da\u00f1os y estos incluyen:<\/p>\n<ul>\n<li>Hospital y otras facturas m\u00e9dicas<\/li>\n<li>P\u00e9rdida de ingresos<\/li>\n<li>Angustia mental<\/li>\n<li>Dolor causado por lesiones f\u00edsicas.<\/li>\n<li>Estar desfigurado<\/li>\n<li>Deshabilitar<\/li>\n<\/ul>\n<p>Despu\u00e9s de haber sufrido cualquier tipo de accidente, es probable que tenga mucho miedo e incluso ansiedad. Esto es a\u00fan m\u00e1s pronunciado si nunca ha estado en una demanda ya que es probable que no sepa qu\u00e9 debe hacer. Sin embargo, despu\u00e9s de recibir atenci\u00f3n m\u00e9dica, lo siguiente que debe hacer es <a href=\"\/es\">llamar a un abogado<\/a>. Definitivamente debe llamar a McDonald Worley ya que somos una de las firmas m\u00e1s conocidas que se especializa en casos de lesiones personales. Puede llamarnos al 877-721-3423 en cualquier momento, ya que siempre estamos disponibles y recibir\u00e1 una consulta completamente gratuita. Tampoco tiene que preocuparse por pagarnos, ya que no tendr\u00e1 que hacerlo hasta que ganemos su caso y reciba su compensaci\u00f3n.<\/p>\n\n<h2>\u00bfCu\u00e1nto tiempo llevar\u00e1 resolver mi caso?<\/h2>\n<p>Cada caso es completamente diferente y \u00fanico, lo que dificulta predecir un marco de tiempo preciso. Lo m\u00e1s importante a tener en cuenta al intentar estimar qu\u00e9 tan bajo ser\u00e1 su caso es el estado actual de su salud. Nuestros expertos abogados de lesiones personales en McDonald Worley en Pearland se enfocar\u00e1n primero en su recuperaci\u00f3n y salud en todo momento.<\/p>\n<p>Es muy importante recibir la atenci\u00f3n m\u00e9dica y el tratamiento que necesita para poder recuperarse con \u00e9xito, pero intentar buscar un acuerdo durante el proceso de recuperaci\u00f3n podr\u00eda reducir su reclamo. Su abogado trabajar\u00e1 con sus proveedores de atenci\u00f3n m\u00e9dica y m\u00e9dicos para obtener registros principales de todas sus facturas y otros gastos m\u00e9dicos.<\/p>\n<p>Despu\u00e9s de que McDonald Worley reciba sus registros y gastos m\u00e9dicos, comenzaremos a trabajar en la revisi\u00f3n de la informaci\u00f3n. Nuestra revisi\u00f3n implica categorizar sus gastos y da\u00f1os. Un abogado de lesiones personales de Pearland utilizar\u00e1 sus registros m\u00e9dicos, que se consideran documentos formales que pueden usarse como evidencia en el tribunal para probar c\u00f3mo ha cambiado su vida debido a sus lesiones.<\/p>\n<p>&nbsp;<\/p>\n<h2>Manejamos varios tipos de reclamos por accidentes con lesiones personales<\/h2>\n<p>Nuestro bufete de <a href=\"https:\/\/mcdonaldworley.com\/fontana\/personal-injury-attorney\/\" target=\"_blank\" rel=\"noopener\">abogados maneja todo tipo de casos de lesiones personales.<\/a>. Nuestros abogados representan a clientes por negligencia, resbalones y ca\u00eddas y accidentes. No importa c\u00f3mo se lesion\u00f3, trabajaremos muy duro para garantizar que reciba la compensaci\u00f3n a la que tiene derecho. Entendemos que cada caso es diferente.<\/p>\n<p>Nuestro McDonald Worley revisar\u00e1 minuciosamente su caso y le dar\u00e1 una idea de lo que podr\u00eda valer. Si decide retener nuestro bufete de abogados, recopilaremos y utilizaremos la evidencia m\u00e1s s\u00f3lida para respaldar sus reclamos. Nuestro equipo trabajar\u00e1 incansablemente para resolver su demanda para evitar que tenga que garantizar todo el dolor que puede causar un juicio. Tendremos varios casos de lesiones personales, que incluyen lo siguiente:<\/p>\n<ul>\n<li>Accidentes de motos<\/li>\n<li>Accidentes de Uber<\/li>\n<li>Accidentes de camiones<\/li>\n<li><a href=\"https:\/\/mcdonaldworley.com\/es\/san-bernardino\/abogado-accidentes-automovilisticos\/\" target=\"_blank\" rel=\"noopener\">Accidentes automovil\u00edsticos.<\/a><\/li>\n<li>Accidentes de peatones<\/li>\n<li>Accidentes de bicicleta<\/li>\n<li><a href=\"https:\/\/mcdonaldworley.com\/es\/los-angeles\/abogado-de-negligencia-en-asilos-de-ancianos\/\" target=\"_blank\" rel=\"noopener\">Abogado de negligencia en hogares de ancianos.<\/a><\/li>\n<li>Quemaduras<\/li>\n<li><a href=\"https:\/\/mcdonaldworley.com\/es\/houston\/lesiones-cerebrales\/\" target=\"_blank\" rel=\"noopener\">Lesiones Cerebrales.<\/a><\/li>\n<li>Muerte injusta<\/li>\n<li>Drogas Peligrosas<\/li>\n<li>Abuso de hogar de ancianos<\/li>\n<li>Responsabilidad del local<\/li>\n<li>Reclamaciones de mesotelioma<\/li>\n<li>Productos defectuosos<\/li>\n<\/ul>\n<p><img loading=\"lazy\" decoding=\"async\" class=\"alignnone size-full wp-image-32433\" src=\"https:\/\/mcdonaldworley.com\/wp-content\/uploads\/2020\/04\/lawyer-500x221-1.jpg\" alt=\"A Pearland personal injury attorney on the phone with a client.\" width=\"500\" height=\"221\" title=\"\" srcset=\"https:\/\/mcdonaldworley.com\/wp-content\/uploads\/2020\/04\/lawyer-500x221-1.jpg 500w, https:\/\/mcdonaldworley.com\/wp-content\/uploads\/2020\/04\/lawyer-500x221-1-300x133.jpg 300w\" sizes=\"auto, (max-width: 500px) 100vw, 500px\" \/><\/p>\n<h2>Sus derechos de v\u00edctima de accidente<\/h2>\n<p>Los accidentes ocurren. Es parte de la vida. Es tu culpa a veces. Y en otras ocasiones es culpa de otra persona. De cualquier manera, necesitar\u00e1 un abogado para ayudar a garantizar que sus derechos permanezcan protegidos.<\/p>\n<p>Alguien que est\u00e1 lesionado puede responsabilizar legalmente al otro individuo. Ser\u00e1n responsables de los da\u00f1os que la v\u00edctima haya sufrido. Tendr\u00e1n que pagar los da\u00f1os o lesiones sufridos. Lo primero que deber\u00e1 hacer es que su caso sea revisado por un abogado de lesiones personales de Pearland.<\/p>\n<p>Para probar su caso, su abogado podr\u00eda necesitar contratar expertos. Tendr\u00e1 que obtener declaraciones de testigos. Es posible que deba testificar. Sin embargo, los abogados trabajan duro para resolver los casos de modo que no sea necesario un juicio.<\/p>\n<p>Quiz\u00e1s se pregunte qui\u00e9n podr\u00eda ser el acusado en un caso de lesiones personales, que puede incluir lo siguiente:<\/p>\n<h3>Individuos<\/h3>\n<p>Propietarios<br \/>\nM\u00e9dicos en casos de negligencia m\u00e9dica.<br \/>\nConductores comerciales negligentes<br \/>\nConductores agresivos o ebrios<\/p>\n<h3>Corporaciones<\/h3>\n<p>Contratar empleados negligentes<br \/>\nMantener un sitio de construcci\u00f3n inseguro<br \/>\nFabricar drogas peligrosas<br \/>\nVender art\u00edculos defectuosos<\/p>\n<h3>Entidades gubernamentales<\/h3>\n<p>A veces, el acusado es una agencia o entidad gubernamental. Incluye casos donde las lesiones o accidentes resultan de:<\/p>\n<p>Brutalidad policial<br \/>\nCalles de la ciudad<br \/>\nEscuelas publicas<br \/>\nCaminos peligrosos<\/p>\n<h2>Llame a un abogado de lesiones personales de Pearland<\/h2>\n<p>Una vez que haya resultado lesionado en un accidente y haya recibido ayuda m\u00e9dica, debe llamar a nuestra firma para hablar con uno de nuestros abogados de lesiones personales. Tenemos abogados extremadamente profesionales que siempre est\u00e1n listos para hablar con usted y recordar, esta consulta es gratuita. Nuestra firma de lesiones personales analizar\u00e1 su caso particular, sus lesiones y luego le informaremos cu\u00e1nto creemos que puede recibir una compensaci\u00f3n. No olvide que no tendr\u00e1 que pagar un centavo hasta que su caso haya finalizado con \u00e9xito a su favor.<\/p>\n","protected":false},"excerpt":{"rendered":"<p>En caso de que resulte lesionado debido a la culpa de otra parte, entonces debe ser legalmente compensado. De acuerdo con la ley de Texas, puede ser compensado, pero tendr\u00e1 que presentar una demanda contra la parte que caus\u00f3 o es responsable de sus lesiones. Alternativamente, puede presentar un reclamo que ser\u00eda contra m\u00e1s de [&hellip;]<\/p>\n","protected":false},"author":65,"featured_media":0,"parent":32756,"menu_order":0,"comment_status":"closed","ping_status":"closed","template":"","meta":{"_acf_changed":false,"site-sidebar-layout":"default","site-content-layout":"","ast-site-content-layout":"default","site-content-style":"default","site-sidebar-style":"default","ast-global-header-display":"","ast-banner-title-visibility":"","ast-main-header-display":"","ast-hfb-above-header-display":"","ast-hfb-below-header-display":"","ast-hfb-mobile-header-display":"","site-post-title":"","ast-breadcrumbs-content":"","ast-featured-img":"","footer-sml-layout":"","ast-disable-related-posts":"","theme-transparent-header-meta":"","adv-header-id-meta":"","stick-header-meta":"","header-above-stick-meta":"","header-main-stick-meta":"","header-below-stick-meta":"","astra-migrate-meta-layouts":"default","ast-page-background-enabled":"default","ast-page-background-meta":{"desktop":{"background-color":"var(--ast-global-color-4)","background-image":"","background-repeat":"repeat","background-position":"center center","background-size":"auto","background-attachment":"scroll","background-type":"","background-media":"","overlay-type":"","overlay-color":"","overlay-opacity":"","overlay-gradient":""},"tablet":{"background-color":"","background-image":"","background-repeat":"repeat","background-position":"center center","background-size":"auto","background-attachment":"scroll","background-type":"","background-media":"","overlay-type":"","overlay-color":"","overlay-opacity":"","overlay-gradient":""},"mobile":{"background-color":"","background-image":"","background-repeat":"repeat","background-position":"center center","background-size":"auto","background-attachment":"scroll","background-type":"","background-media":"","overlay-type":"","overlay-color":"","overlay-opacity":"","overlay-gradient":""}},"ast-content-background-meta":{"desktop":{"background-color":"var(--ast-global-color-5)","background-image":"","background-repeat":"repeat","background-position":"center center","background-size":"auto","background-attachment":"scroll","background-type":"","background-media":"","overlay-type":"","overlay-color":"","overlay-opacity":"","overlay-gradient":""},"tablet":{"background-color":"var(--ast-global-color-5)","background-image":"","background-repeat":"repeat","background-position":"center center","background-size":"auto","background-attachment":"scroll","background-type":"","background-media":"","overlay-type":"","overlay-color":"","overlay-opacity":"","overlay-gradient":""},"mobile":{"background-color":"var(--ast-global-color-5)","background-image":"","background-repeat":"repeat","background-position":"center center","background-size":"auto","background-attachment":"scroll","background-type":"","background-media":"","overlay-type":"","overlay-color":"","overlay-opacity":"","overlay-gradient":""}},"footnotes":""},"class_list":["post-32758","page","type-page","status-publish","hentry"],"acf":[],"_links":{"self":[{"href":"https:\/\/mcdonaldworley.com\/es\/wp-json\/wp\/v2\/pages\/32758","targetHints":{"allow":["GET"]}}],"collection":[{"href":"https:\/\/mcdonaldworley.com\/es\/wp-json\/wp\/v2\/pages"}],"about":[{"href":"https:\/\/mcdonaldworley.com\/es\/wp-json\/wp\/v2\/types\/page"}],"author":[{"embeddable":true,"href":"https:\/\/mcdonaldworley.com\/es\/wp-json\/wp\/v2\/users\/65"}],"replies":[{"embeddable":true,"href":"https:\/\/mcdonaldworley.com\/es\/wp-json\/wp\/v2\/comments?post=32758"}],"version-history":[{"count":0,"href":"https:\/\/mcdonaldworley.com\/es\/wp-json\/wp\/v2\/pages\/32758\/revisions"}],"up":[{"embeddable":true,"href":"https:\/\/mcdonaldworley.com\/es\/wp-json\/wp\/v2\/pages\/32756"}],"wp:attachment":[{"href":"https:\/\/mcdonaldworley.com\/es\/wp-json\/wp\/v2\/media?parent=32758"}],"curies":[{"name":"wp","href":"https:\/\/api.w.org\/{rel}","templated":true}]}}