{"id":32757,"date":"2020-04-10T12:27:31","date_gmt":"2020-04-10T18:27:31","guid":{"rendered":"https:\/\/abconlinehold.wpengine.com\/pearland\/pearland-car-accident-lawyer\/"},"modified":"2021-08-17T09:04:31","modified_gmt":"2021-08-17T14:04:31","slug":"abogado-accidentes-automovilisticos","status":"publish","type":"page","link":"https:\/\/mcdonaldworley.com\/es\/pearland\/abogado-accidentes-automovilisticos\/","title":{"rendered":"Abogado de accidentes automovil\u00edsticos de Pearland"},"content":{"rendered":"<p>Si estuvo involucrado en un accidente automovil\u00edstico, un abogado con experiencia en McDonald Worley en Pearland puede ayudarlo a garantizar que sus derechos est\u00e9n protegidos. Junto con las lesiones, los accidentes pueden causar mucho da\u00f1o colateral. Es posible que se enfrente a enormes tarifas m\u00e9dicas, reparaciones costosas de autom\u00f3viles y otros gastos relacionados con el accidente. Si no puede trabajar debido a sus lesiones, tambi\u00e9n puede estar atrapado en una posici\u00f3n en la que no tiene ning\u00fan ingreso. Nuestros <a href=\"https:\/\/mcdonaldworley.com\/es\/baytown\/abogado-accidentes-automovilisticos\/\" target=\"_blank\" rel=\"noopener\">abogados trabajan con v\u00edctimas de accidentes automovil\u00edsticos<\/a> para garantizar que la parte responsable rinda cuentas.. Considere organizar una consulta gratuita con nuestro equipo hoy. Evaluar\u00e1n cuidadosamente su caso, brind\u00e1ndole respuestas muy necesarias sobre qui\u00e9n es responsable de sus costos y cu\u00e1nta compensaci\u00f3n merece.<\/p>\n<p>Juntos, los <a href=\"\/es\">abogados de lesiones personales<\/a> que trabajan para nuestra firma tienen una experiencia combinada de 100 a\u00f1os ayudando a v\u00edctimas en casos como estos. Somos una de las firmas de abogados m\u00e1s respetadas en los Estados Unidos. Perm\u00edtanos ayudarlo con su caso. Estamos comprometidos a proteger los derechos de nuestros clientes y trabajaremos arduamente en su nombre para garantizar que obtenga la mayor compensaci\u00f3n posible por sus da\u00f1os.<\/p>\n\n<h2>El estatuto de limitaciones para accidentes automovil\u00edsticos en Texas<\/h2>\n<p>Para casos relacionados con accidentes automovil\u00edsticos en Texas, el plazo de prescripci\u00f3n es de solo 2 (dos) a\u00f1os, lo que significa que tiene 2 a\u00f1os a partir del d\u00eda del accidente para presentar su demanda. Si no presenta su reclamo dentro de este plazo, su reclamo de compensaci\u00f3n ser\u00e1 excluido; el tribunal probablemente desestimar\u00e1 su caso cuando vean que ha pasado el l\u00edmite de tiempo estipulado por el estatuto de limitaciones. Si ese no es el caso, el abogado del acusado probablemente presentar\u00e1 una moci\u00f3n para que se desestime, de lo cual lo har\u00e1.<\/p>\n<h2>\u00bfHay algo que pueda hacer si la aseguradora de la otra parte niega mi reclamo?<\/h2>\n<p>Involucrarse en un accidente puede cambiar la vida. Es algo que podr\u00eda interrumpir su vida, que requiere que reciba tratamiento y que obtenga los servicios de un <a href=\"https:\/\/mcdonaldworley.com\/es\/moreno-valley\/abogado-accidentes-automovilisticos\/\" target=\"_blank\" rel=\"noopener\">abogado de accidentes automovil\u00edsticos.<\/a>. Como tal, hacer que una aseguradora niegue su reclamo de compensaci\u00f3n puede parecer un insulto a una lesi\u00f3n.<\/p>\n<p>En el mundo perfecto, todo lo que tiene que hacer es presentar un reclamo a su asegurador, y le enviar\u00e1n un cheque por correo que cubra los da\u00f1os de su autom\u00f3vil. En este mundo perfecto, tambi\u00e9n cubrir\u00edan lesiones y facturas m\u00e9dicas de inmediato. Sin embargo, no vivimos en un mundo perfecto. Como tal, es probable que sus compa\u00f1\u00edas de seguros denieguen su reclamo e incluso puedan denegar su apelaci\u00f3n.<\/p>\n<p><img loading=\"lazy\" decoding=\"async\" class=\"alignnone wp-image-32435 size-full\" src=\"https:\/\/mcdonaldworley.com\/wp-content\/uploads\/2020\/04\/car-accident-500x280-1.jpg\" alt=\"A rear-end car accident on a freeway in Pearland.\" width=\"500\" height=\"280\" title=\"\" srcset=\"https:\/\/mcdonaldworley.com\/wp-content\/uploads\/2020\/04\/car-accident-500x280-1.jpg 500w, https:\/\/mcdonaldworley.com\/wp-content\/uploads\/2020\/04\/car-accident-500x280-1-300x168.jpg 300w\" sizes=\"auto, (max-width: 500px) 100vw, 500px\" \/><\/p>\n<p><strong>A continuaci\u00f3n se detallan algunas de las posibles razones por las cuales su aseguradora podr\u00e1 denegar su reclamo.<\/strong><\/p>\n<h3>Su pol\u00edtica caduc\u00f3 o fue cancelada<\/h3>\n<p>Si no realiza los pagos de su p\u00f3liza, terminar\u00e1 siendo cancelada. Si no proporciona la informaci\u00f3n solicitada, su pol\u00edtica podr\u00eda expirar o terminar siendo cancelada. Si alguno de estos escenarios se aplica a usted, es probable que no tenga seguro en el momento del accidente. En tal caso, un <a href=\"https:\/\/mcdonaldworley.com\/es\/glendale\/abogado-accidentes-automovilisticos\/\" target=\"_blank\" rel=\"noopener\">abogado de accidentes automovil\u00edsticos<\/a> podr\u00eda ayudar al tratar con la aseguradora en su nombre..<\/p>\n<h3>No tienes cobertura total<\/h3>\n<p>Lo m\u00e1s probable es que elija una pol\u00edtica que solo cubra los da\u00f1os causados \u200b\u200ba otras personas. En tal caso, es imperativo que contrate los servicios de un abogado profesional de accidentes automovil\u00edsticos en <a href=\"https:\/\/mcdonaldworley.com\/pearland\/\" target=\"_blank\" rel=\"noopener\">Pearland<\/a> y que se comuniquen con la compa\u00f1\u00eda de seguros y hablen por usted.. Si solo tiene un seguro de responsabilidad civil, tenga en cuenta que no cubrir\u00e1 los da\u00f1os a su autom\u00f3vil. Dependiendo de los l\u00edmites de su p\u00f3liza, es posible que ni siquiera tenga un seguro suficiente para cubrirse si se lesiona.<\/p>\n<h3>Su nombre no aparece en la pol\u00edtica<\/h3>\n<p>Si conduc\u00eda el veh\u00edculo de otra persona o un veh\u00edculo comercial en el que no figura en la lista cuando ocurri\u00f3 el accidente, considere contactarnos y que uno de nuestros abogados se encargue de todas las discrepancias con su asegurador.<\/p>\n<h3>No denunci\u00f3 el accidente<\/h3>\n<p>Si ha estado involucrado en un accidente automovil\u00edstico recientemente, aseg\u00farese de proporcionar a su aseguradora toda la informaci\u00f3n que requieren. Si no lo hace, puede renunciar a su cobertura.<\/p>\n<p>Independientemente de la raz\u00f3n, aseg\u00farese de contactar a nuestros abogados con respecto a su problema. No tiene mucho tiempo para solicitar una denegaci\u00f3n. Es imprescindible que realice su documentaci\u00f3n y presente la documentaci\u00f3n de su accidente. Las compa\u00f1\u00edas de seguros mantienen a sus clientes con plazos firmes, tengan o no un abogado.<\/p>\n<p>Deje que uno de nuestros <a href=\"https:\/\/mcdonaldworley.com\/es\/pearland\/abogado-lesiones-personales\/\" target=\"_blank\" rel=\"noopener\">abogados de accidentes automovil\u00edsticos en Pearland<\/a> se encargue de su aseguradora..<\/p>\n<h2>\u00bfPuedo presentar un reclamo contra el gobierno?<\/h2>\n<p>Si bien puede presentar reclamos contra el gobierno, es probable que sean desestimados. Vale la pena se\u00f1alar que el gobierno es inmune a los juicios en la mayor\u00eda de las situaciones. Sin embargo, hay una o dos excepciones.<\/p>\n<p>Una excepci\u00f3n es cuando un caso se enmarca en la Ley de reclamos de agravios de Texas, que renuncia parcialmente a la inmunidad que disfruta el gobierno al permitir que el demandante presente una demanda. Sin embargo, esto solo se aplica en dos situaciones:<\/p>\n<ul>\n<li>Da\u00f1os y lesiones causadas por accidentes automovil\u00edsticos.<\/li>\n<li>Muerte o lesi\u00f3n como resultado de la condici\u00f3n de una propiedad real o personal<\/li>\n<\/ul>\n<p>Para que el gobierno sea considerado responsable, un empleado del gobierno o la persona involucrada debe haber cumplido algunos de los siguientes criterios:<\/p>\n<ul>\n<li>Habr\u00edan sido considerados responsables si fueran acusados \u200b\u200bcomo ciudadanos privados<\/li>\n<li>En el momento del accidente, estaban actuando dentro de los par\u00e1metros de su empleo.<\/li>\n<\/ul>\n<p>Si se cumplen ambas condiciones, probablemente se considerar\u00e1 su reclamo. Sin embargo, vale la pena se\u00f1alar que hay un par de l\u00edmites a la cantidad que puede recuperar a trav\u00e9s de dichos reclamos. En casos de accidentes automovil\u00edsticos que involucran al gobierno, la mayor cantidad de dinero que las v\u00edctimas pueden recibir como compensaci\u00f3n es de $ 250,000. Adem\u00e1s, existe un requisito de notificaci\u00f3n para reclamos contra el gobierno.<\/p>\n<p>En tales casos, el plazo de prescripci\u00f3n sigue siendo de 2 a\u00f1os. Lo notable de estos casos es que debe notificar al gobierno de antemano y hacerles saber que est\u00e1 a punto de demandar. Seg\u00fan la ley, debe enviar un aviso con 6 meses de anticipaci\u00f3n; En algunas ciudades, el tiempo es a\u00fan m\u00e1s corto. Por ejemplo, en Pearland, los reclamantes deben notificar dentro de los 3 meses posteriores al d\u00eda del accidente.<\/p>\n<h2>El otro conductor no tiene seguro, \u00bfqu\u00e9 sigue?<\/h2>\n<p>Digamos que el seguro del otro conductor no es suficiente para cubrir el da\u00f1o o que \u00e9l o ella ni siquiera tiene seguro, \u00bfqu\u00e9 sucede entonces?<\/p>\n<p>Si se lesion\u00f3 en un accidente automovil\u00edstico y la otra parte, que tiene la culpa, no tiene seguro o no tiene seguro suficiente para cubrir sus lesiones y da\u00f1os, se alegrar\u00e1 de saber que todav\u00eda hay opciones para obtener una indemnizaci\u00f3n por sus da\u00f1os. Por ejemplo, est\u00e1 la Carta de Protecci\u00f3n.<\/p>\n<p>De acuerdo con las leyes de Texas, todos los automovilistas deben tener alg\u00fan nivel de responsabilidad financiera y deben llevar, como m\u00ednimo, el monto m\u00ednimo del seguro de responsabilidad civil para cubrir los da\u00f1os y lesiones causados \u200b\u200bpor su negligencia. En 2019, el monto aument\u00f3 de $ 25,000 a $ 30,000 por persona.<\/p>\n<p>Si bien este es un buen dinero, a\u00fan no es suficiente para compensar por completo a las personas heridas en el accidente y cubrir la mayor\u00eda de los da\u00f1os. Si bien existen leyes que hacen que tener un seguro sea obligatorio, muchas personas en Texas no lo tienen.<\/p>\n<p>Nuestro abogado investigar\u00e1 e intentar\u00e1 encontrar otras formas en que la parte culpable podr\u00eda proporcionar una compensaci\u00f3n incluso sin una cobertura de seguro. Lamentablemente, la mayor\u00eda de las personas que no tienen seguro probablemente no tienen los activos necesarios para cubrir los da\u00f1os.<\/p>\n<p>Sin embargo, todav\u00eda hay una manera de recuperar la compensaci\u00f3n que necesita: esa opci\u00f3n es la Carta de demanda.<\/p>\n<p>De acuerdo con las leyes de Texas, los proveedores de seguros est\u00e1n obligados a ofrecerle cobertura de UM \/ UIM o motorista sin seguro \/ con seguro insuficiente. El prop\u00f3sito de esta ley es proteger y proteger a las v\u00edctimas de accidentes automovil\u00edsticos de quedarse sin opciones despu\u00e9s de lesionarse debido a las acciones negligentes de otros usuarios de la carretera.<\/p>\n<p><img loading=\"lazy\" decoding=\"async\" class=\"alignnone wp-image-32437 size-full\" src=\"https:\/\/mcdonaldworley.com\/wp-content\/uploads\/2020\/04\/car-accident-call-500x333-1.jpg\" alt=\"A man calling a lawyer after a car accident in Pearland.\" width=\"500\" height=\"333\" title=\"\" srcset=\"https:\/\/mcdonaldworley.com\/wp-content\/uploads\/2020\/04\/car-accident-call-500x333-1.jpg 500w, https:\/\/mcdonaldworley.com\/wp-content\/uploads\/2020\/04\/car-accident-call-500x333-1-300x200.jpg 300w\" sizes=\"auto, (max-width: 500px) 100vw, 500px\" \/><\/p>\n<p>Como de acuerdo con la ley, esta cobertura debe ofrecerse, la \u00fanica forma en que uno no puede obtener esta cobertura es si la rechazan por escrito. Si nunca ha presentado dicho rechazo, es probable que todav\u00eda tenga la opci\u00f3n de cobertura. La cobertura generalmente equivale a los l\u00edmites de la p\u00f3liza que paga para obtener protecci\u00f3n de responsabilidad.<\/p>\n<p>Sin embargo, hay un par de cosas que deber\u00e1 hacer antes de confiar en la cobertura UM \/ UIM. Para obtener m\u00e1s informaci\u00f3n sobre esta cobertura, lea la pol\u00edtica de su compa\u00f1\u00eda de seguros con respecto al asunto. Mientras lo hace, espere que algunas aseguradoras hagan una o dos compensaciones para cr\u00e9ditos de reclamo contra la cobertura de Motorista sin seguro \/ Motorista con seguro insuficiente que dicen que est\u00e1n proporcionando, y esto, en cierta medida, est\u00e1 permitido por la Ley de Texas.<\/p>\n<p>Contratar los servicios de un representante legal experimentado y hacer que lo gu\u00eden a trav\u00e9s de este proceso mientras investiga los puntos de recuperaci\u00f3n es lo que debe considerar hacer para obtener una mejor oportunidad de obtener compensaci\u00f3n por las lesiones y los da\u00f1os sufridos.<\/p>\n<h2>Llame de inmediato a nuestros abogados de accidentes automovil\u00edsticos en Pearland<\/h2>\n<p>Si es v\u00edctima de un accidente automovil\u00edstico en Pearland o sus alrededores, el equipo experimentado de McDonald Worley puede ayudarlo con su caso.<\/p>\n<p>Brindamos asistencia legal las 24 horas, lo que significa que puede comunicarse con nosotros cuando lo necesite. Si aceptamos trabajar con usted, no se le cobrar\u00e1 por nuestros servicios a menos que ganemos su caso.<\/p>\n<p>Comun\u00edquese con McDonald Worley de inmediato para programar un horario para su consulta gratuita. Tenemos d\u00e9cadas de experiencia trabajando con v\u00edctimas de accidentes en todo Texas. Contratarnos es la mejor manera de garantizar que sus derechos est\u00e9n protegidos y que reciba una compensaci\u00f3n justa por sus da\u00f1os.<\/p>\n<p>Con\u00e9ctese con nosotros lo antes posible para que podamos ayudarlo a obtener el dinero al que tiene derecho.<\/p>\n","protected":false},"excerpt":{"rendered":"<p>Si estuvo involucrado en un accidente automovil\u00edstico, un abogado con experiencia en McDonald Worley en Pearland puede ayudarlo a garantizar que sus derechos est\u00e9n protegidos. Junto con las lesiones, los accidentes pueden causar mucho da\u00f1o colateral. Es posible que se enfrente a enormes tarifas m\u00e9dicas, reparaciones costosas de autom\u00f3viles y otros gastos relacionados con el [&hellip;]<\/p>\n","protected":false},"author":65,"featured_media":0,"parent":32756,"menu_order":0,"comment_status":"closed","ping_status":"closed","template":"","meta":{"_acf_changed":false,"site-sidebar-layout":"default","site-content-layout":"","ast-site-content-layout":"default","site-content-style":"default","site-sidebar-style":"default","ast-global-header-display":"","ast-banner-title-visibility":"","ast-main-header-display":"","ast-hfb-above-header-display":"","ast-hfb-below-header-display":"","ast-hfb-mobile-header-display":"","site-post-title":"","ast-breadcrumbs-content":"","ast-featured-img":"","footer-sml-layout":"","ast-disable-related-posts":"","theme-transparent-header-meta":"","adv-header-id-meta":"","stick-header-meta":"","header-above-stick-meta":"","header-main-stick-meta":"","header-below-stick-meta":"","astra-migrate-meta-layouts":"default","ast-page-background-enabled":"default","ast-page-background-meta":{"desktop":{"background-color":"var(--ast-global-color-4)","background-image":"","background-repeat":"repeat","background-position":"center center","background-size":"auto","background-attachment":"scroll","background-type":"","background-media":"","overlay-type":"","overlay-color":"","overlay-opacity":"","overlay-gradient":""},"tablet":{"background-color":"","background-image":"","background-repeat":"repeat","background-position":"center center","background-size":"auto","background-attachment":"scroll","background-type":"","background-media":"","overlay-type":"","overlay-color":"","overlay-opacity":"","overlay-gradient":""},"mobile":{"background-color":"","background-image":"","background-repeat":"repeat","background-position":"center center","background-size":"auto","background-attachment":"scroll","background-type":"","background-media":"","overlay-type":"","overlay-color":"","overlay-opacity":"","overlay-gradient":""}},"ast-content-background-meta":{"desktop":{"background-color":"var(--ast-global-color-5)","background-image":"","background-repeat":"repeat","background-position":"center center","background-size":"auto","background-attachment":"scroll","background-type":"","background-media":"","overlay-type":"","overlay-color":"","overlay-opacity":"","overlay-gradient":""},"tablet":{"background-color":"var(--ast-global-color-5)","background-image":"","background-repeat":"repeat","background-position":"center center","background-size":"auto","background-attachment":"scroll","background-type":"","background-media":"","overlay-type":"","overlay-color":"","overlay-opacity":"","overlay-gradient":""},"mobile":{"background-color":"var(--ast-global-color-5)","background-image":"","background-repeat":"repeat","background-position":"center center","background-size":"auto","background-attachment":"scroll","background-type":"","background-media":"","overlay-type":"","overlay-color":"","overlay-opacity":"","overlay-gradient":""}},"footnotes":""},"class_list":["post-32757","page","type-page","status-publish","hentry"],"acf":[],"_links":{"self":[{"href":"https:\/\/mcdonaldworley.com\/es\/wp-json\/wp\/v2\/pages\/32757","targetHints":{"allow":["GET"]}}],"collection":[{"href":"https:\/\/mcdonaldworley.com\/es\/wp-json\/wp\/v2\/pages"}],"about":[{"href":"https:\/\/mcdonaldworley.com\/es\/wp-json\/wp\/v2\/types\/page"}],"author":[{"embeddable":true,"href":"https:\/\/mcdonaldworley.com\/es\/wp-json\/wp\/v2\/users\/65"}],"replies":[{"embeddable":true,"href":"https:\/\/mcdonaldworley.com\/es\/wp-json\/wp\/v2\/comments?post=32757"}],"version-history":[{"count":0,"href":"https:\/\/mcdonaldworley.com\/es\/wp-json\/wp\/v2\/pages\/32757\/revisions"}],"up":[{"embeddable":true,"href":"https:\/\/mcdonaldworley.com\/es\/wp-json\/wp\/v2\/pages\/32756"}],"wp:attachment":[{"href":"https:\/\/mcdonaldworley.com\/es\/wp-json\/wp\/v2\/media?parent=32757"}],"curies":[{"name":"wp","href":"https:\/\/api.w.org\/{rel}","templated":true}]}}