{"id":32749,"date":"2020-04-10T14:17:15","date_gmt":"2020-04-10T20:17:15","guid":{"rendered":"https:\/\/abconlinehold.wpengine.com\/missouri-city\/missouri-city-personal-injury-lawyer\/"},"modified":"2021-08-09T14:33:04","modified_gmt":"2021-08-09T19:33:04","slug":"abogado-lesiones-personales","status":"publish","type":"page","link":"https:\/\/mcdonaldworley.com\/es\/missouri-city\/abogado-lesiones-personales\/","title":{"rendered":"Abogado de lesiones personales en la ciudad de Missouri"},"content":{"rendered":"<p>En caso de que haya sufrido lesiones como resultado de la negligencia de otra parte, tiene motivos legales para solicitar una indemnizaci\u00f3n. Esto est\u00e1 permitido seg\u00fan la ley de Texas. Sin embargo, es posible que deba presentar una demanda contra la parte culpable. Hay casos en los que puede presentar un reclamo contra m\u00faltiples partes. Hay casos en que se puede reducir a presentar una demanda contra una entidad o empresa gubernamental. El caso puede variar de uno a otro. En la mayor\u00eda de los casos, estas lesiones surgen de incidentes de resbalones y ca\u00eddas o <a href=\"https:\/\/mcdonaldworley.com\/es\/san-bernardino\/abogado-accidentes-automovilisticos\/\" target=\"_blank\" rel=\"noopener\">accidentes automovil\u00edsticos.<\/a>. Aunque estos son los <a href=\"https:\/\/mcdonaldworley.com\/es\/texas\/mediacion-caso-de-lesiones-personales\/\" target=\"_blank\" rel=\"noopener\">casos de lesiones personales<\/a> m\u00e1s frecuentes, tambi\u00e9n hay una gran cantidad de otros casos.. Independientemente de las causas de sus lesiones, querr\u00e1 la ayuda de un abogado experimentado en lesiones personales de <a href=\"https:\/\/mcdonaldworley.com\/missouri-city\/\" target=\"_blank\" rel=\"noopener\">Missouri City<\/a>.. McDonald Worley no dar\u00e1 golpes cuando se trata de buscar la compensaci\u00f3n que mereces.<\/p>\n<p>Algunos de los da\u00f1os que puede buscar para la recuperaci\u00f3n incluyen:<\/p>\n<ul>\n<li>Facturas m\u00e9dicas<\/li>\n<li>P\u00e9rdida de salarios<\/li>\n<li>Lesiones f\u00edsicas y dolor.<\/li>\n<li>Angustia mental<\/li>\n<li>Desfiguraci\u00f3n o discapacidad<\/li>\n<\/ul>\n<p>Enredarse en un choque puede ser aterrador, y uno puede sentirse abrumado f\u00e1cilmente. Es comprensible que en este tipo de situaci\u00f3n no sepas qu\u00e9 hacer a continuaci\u00f3n si nunca antes has cosido a alguien. Aseg\u00farese de recibir la asistencia m\u00e9dica que necesita antes de hacer cualquier otra cosa. Una vez hecho esto, debe ponerse en contacto con un abogado. Puede comunicarse con McDonald Worley al 877-721-3423 si desea obtener ayuda de los mejores bufetes de <a href=\"\/es\">abogados de lesiones personales<\/a> del pa\u00eds. Siempre estamos disponibles y dispuestos a brindarle la orientaci\u00f3n que necesita. Ofrecemos una consulta sin riesgos y brindamos nuestra experiencia legal y nuestro conocimiento de manera contingente, lo que significa que usted pagar\u00e1 despu\u00e9s de que se haya ganado el caso.<\/p>\n\n<h2>\u00bfCu\u00e1nto costar\u00e1 un abogado de lesiones personales?<\/h2>\n<p>La mayor\u00eda de las personas a menudo dudan cuando se trata de contactar a un abogado despu\u00e9s de sufrir una lesi\u00f3n. Algunos ni siquiera lo considerar\u00e1n. \u00bfPor qu\u00e9? Bueno, muchas personas tienen la impresi\u00f3n de que contratar a un abogado les costar\u00e1 grandes sumas de dinero. Lo que no saben es que muchos <a href=\"https:\/\/mcdonaldworley.com\/es\/houston\/abogado-de-lesiones-en-la-cabeza-de-houston\/\" target=\"_blank\" rel=\"noopener\">abogados de lesiones<\/a> personales en Texas generalmente trabajan de manera contingente, lo que significa que solo tendr\u00e1 que pagar una vez que ganen el caso.. El monto de las tarifas que pagar\u00e1 se basa en el porcentaje que acord\u00f3, que generalmente es del 25% al \u200b\u200b40%.<\/p>\n<p>La tarifa se basa en el tipo y la cantidad de trabajo que el abogado realiza en su caso, o si acepta un acuerdo de las compa\u00f1\u00edas de seguros antes de que el caso vaya a juicio. En tales casos, lo m\u00e1s probable es que le deba al abogado una cantidad significativamente menor en comparaci\u00f3n con lo que tendr\u00eda si su caso fuera a juicio. Este tipo de estructura de pago garantiza que solo tenga que pagarle a su abogado cualquier cosa cuando reciba una compensaci\u00f3n. Tambi\u00e9n significa que su pago se basar\u00e1 en el monto del acuerdo que puedan obtenerle.<\/p>\n<p>Nuestro servicio de consulta es gratuito: no nos pagar\u00e1n hasta que lo haga.<\/p>\n<p>Tenga en cuenta que hay otras firmas de abogados que trabajan con diferentes tipos de acuerdos de pago. Estos generalmente incluir\u00e1n tarifas por hora o tarifas planas. Estos planes de pago pueden ser preferibles en ciertos casos, pero la mayor\u00eda de los clientes reciben un mejor servicio a trav\u00e9s de una tarifa de contingencia.<\/p>\n<h2>\u00bfPor qu\u00e9 elegir a los abogados de lesiones personales de la ciudad de Missouri en McDonald Worley?<\/h2>\n<p>McDonald Worley cree en trabajar duro para que nuestros clientes obtengan el dinero que se merecen. Haremos todo lo posible para recopilar y presentar la evidencia m\u00e1s s\u00f3lida para respaldar su demanda por los da\u00f1os y perjuicios en los que incurri\u00f3, y nos pondremos en contacto con las aseguradoras y los abogados que representan a la otra parte para resolver el caso. McDonald Worley trata a cada uno de sus clientes como familia. Sabemos que este es un momento bastante aterrador y dif\u00edcil para usted. Nos permite manejar el lado legal de las cosas para que pueda concentrarse en la recuperaci\u00f3n. P\u00f3ngase en contacto con nosotros hoy para que podamos analizar su caso.<\/p>\n<ul>\n<li>Nos enorgullecemos de los valores anticuados<\/li>\n<li>Nuestro personal experto y experto siempre est\u00e1 listo para revisar su caso.<\/li>\n<li>Contamos con un equipo de abogados en McDonald Worley con amplia experiencia en el manejo de la ley de<\/li>\n<li>lesiones personales.<\/li>\n<li>No tiene que pagar nada hasta que ganemos su caso<\/li>\n<\/ul>\n<h2>\u00bfPor qu\u00e9 tipo de da\u00f1os puedo recibir indemnizaci\u00f3n en un caso de lesiones personales?<\/h2>\n<p>La compensaci\u00f3n se centra principalmente en reembolsarle los da\u00f1os que sufri\u00f3 debido a la negligencia de otra parte. Despu\u00e9s de todo, si no fuera por las acciones negligentes de la otra persona, no habr\u00eda sufrido los da\u00f1os. Si bien la compensaci\u00f3n monetaria no siempre es capaz de devolver a la v\u00edctima a la vida que una vez tuvo, est\u00e1 destinada a ayudar a que su vida vuelva a ser lo m\u00e1s normal posible.<\/p>\n<h3>Da\u00f1os econ\u00f3micos<\/h3>\n<p>Este es el tipo de compensaci\u00f3n enfocada en reembolsarle los da\u00f1os subjetivos. Estos son da\u00f1os que puede probar a trav\u00e9s de medios de documentaci\u00f3n verificables. Por lo general, recibir\u00e1 facturas de papeleo por sus visitas al hospital, tratamiento m\u00e9dico, cirug\u00eda, medicamentos, hospitalizaciones, atenci\u00f3n de emergencia y otros servicios m\u00e9dicos. Tambi\u00e9n recibir\u00e1 recibos si repar\u00f3 su autom\u00f3vil o cualquier otra propiedad despu\u00e9s del accidente.<\/p>\n<p>Adem\u00e1s, en caso de que no pueda trabajar o volver a trabajar debido a sus lesiones, puede usar los registros bancarios o los registros de pago anteriores para verificar y contabilizar los salarios que perdi\u00f3.<\/p>\n<h3>Da\u00f1os no econ\u00f3micos<\/h3>\n<p>Este es un tipo de compensaci\u00f3n que generalmente no es f\u00e1cil de cuantificar y probar. En la mayor\u00eda de los casos, pasar\u00e1 por <a href=\"https:\/\/mcdonaldworley.com\/es\/que-hacer-si-se-lesiona-en-atraccion-de-halloween\/\" target=\"_blank\" rel=\"noopener\">una serie de dificultades debido a sus lesiones.<\/a>. Los da\u00f1os no econ\u00f3micos incluyen dolor y sufrimiento, desfiguraci\u00f3n, angustia emocional, cicatrizaci\u00f3n, p\u00e9rdida de calidad de vida, discapacidad o discapacidad f\u00edsica, p\u00e9rdida de consorcio y otras p\u00e9rdidas que son dif\u00edciles de cuantificar. Este tipo de da\u00f1os no se puede probar con documentaci\u00f3n, lo que significa que se deben usar otras t\u00e1cticas para probar estos da\u00f1os.<\/p>\n<p>Los <a href=\"https:\/\/mcdonaldworley.com\/es\/washington-dc\/abogado-de-lesiones-personales\/\" target=\"_blank\" rel=\"noopener\">abogados de lesiones personales<\/a> buscar\u00e1n estrategias espec\u00edficas para demostrar da\u00f1os no econ\u00f3micos mientras negocian con los proveedores de seguros o en la sala del tribunal..<\/p>\n<h2>P\u00f3ngase en contacto con un abogado de lesiones personales de la ciudad de Missouri<\/h2>\n<p>Cualquier persona que haya tenido un accidente debe buscar asistencia m\u00e9dica de inmediato. A partir de ah\u00ed, debe ponerse en contacto con un abogado de lesiones personales lo antes posible. Alguien en McDonald Worley estar\u00e1 disponible para atender su llamada todo el d\u00eda, todos los d\u00edas. Nuestros servicios de consulta son gratuitos. Revisaremos su caso, evaluaremos sus lesiones y le daremos comentarios sobre la valoraci\u00f3n de su caso. Tenga en cuenta que no pagar\u00e1 ni un centavo hasta que hayamos ganado con \u00e9xito el caso en su nombre.<\/p>\n","protected":false},"excerpt":{"rendered":"<p>En caso de que haya sufrido lesiones como resultado de la negligencia de otra parte, tiene motivos legales para solicitar una indemnizaci\u00f3n. Esto est\u00e1 permitido seg\u00fan la ley de Texas. Sin embargo, es posible que deba presentar una demanda contra la parte culpable. Hay casos en los que puede presentar un reclamo contra m\u00faltiples partes. [&hellip;]<\/p>\n","protected":false},"author":65,"featured_media":0,"parent":32746,"menu_order":0,"comment_status":"closed","ping_status":"closed","template":"","meta":{"_acf_changed":false,"site-sidebar-layout":"default","site-content-layout":"","ast-site-content-layout":"default","site-content-style":"default","site-sidebar-style":"default","ast-global-header-display":"","ast-banner-title-visibility":"","ast-main-header-display":"","ast-hfb-above-header-display":"","ast-hfb-below-header-display":"","ast-hfb-mobile-header-display":"","site-post-title":"","ast-breadcrumbs-content":"","ast-featured-img":"","footer-sml-layout":"","ast-disable-related-posts":"","theme-transparent-header-meta":"","adv-header-id-meta":"","stick-header-meta":"","header-above-stick-meta":"","header-main-stick-meta":"","header-below-stick-meta":"","astra-migrate-meta-layouts":"default","ast-page-background-enabled":"default","ast-page-background-meta":{"desktop":{"background-color":"var(--ast-global-color-4)","background-image":"","background-repeat":"repeat","background-position":"center center","background-size":"auto","background-attachment":"scroll","background-type":"","background-media":"","overlay-type":"","overlay-color":"","overlay-opacity":"","overlay-gradient":""},"tablet":{"background-color":"","background-image":"","background-repeat":"repeat","background-position":"center center","background-size":"auto","background-attachment":"scroll","background-type":"","background-media":"","overlay-type":"","overlay-color":"","overlay-opacity":"","overlay-gradient":""},"mobile":{"background-color":"","background-image":"","background-repeat":"repeat","background-position":"center center","background-size":"auto","background-attachment":"scroll","background-type":"","background-media":"","overlay-type":"","overlay-color":"","overlay-opacity":"","overlay-gradient":""}},"ast-content-background-meta":{"desktop":{"background-color":"var(--ast-global-color-5)","background-image":"","background-repeat":"repeat","background-position":"center center","background-size":"auto","background-attachment":"scroll","background-type":"","background-media":"","overlay-type":"","overlay-color":"","overlay-opacity":"","overlay-gradient":""},"tablet":{"background-color":"var(--ast-global-color-5)","background-image":"","background-repeat":"repeat","background-position":"center center","background-size":"auto","background-attachment":"scroll","background-type":"","background-media":"","overlay-type":"","overlay-color":"","overlay-opacity":"","overlay-gradient":""},"mobile":{"background-color":"var(--ast-global-color-5)","background-image":"","background-repeat":"repeat","background-position":"center center","background-size":"auto","background-attachment":"scroll","background-type":"","background-media":"","overlay-type":"","overlay-color":"","overlay-opacity":"","overlay-gradient":""}},"footnotes":""},"class_list":["post-32749","page","type-page","status-publish","hentry"],"acf":[],"_links":{"self":[{"href":"https:\/\/mcdonaldworley.com\/es\/wp-json\/wp\/v2\/pages\/32749","targetHints":{"allow":["GET"]}}],"collection":[{"href":"https:\/\/mcdonaldworley.com\/es\/wp-json\/wp\/v2\/pages"}],"about":[{"href":"https:\/\/mcdonaldworley.com\/es\/wp-json\/wp\/v2\/types\/page"}],"author":[{"embeddable":true,"href":"https:\/\/mcdonaldworley.com\/es\/wp-json\/wp\/v2\/users\/65"}],"replies":[{"embeddable":true,"href":"https:\/\/mcdonaldworley.com\/es\/wp-json\/wp\/v2\/comments?post=32749"}],"version-history":[{"count":0,"href":"https:\/\/mcdonaldworley.com\/es\/wp-json\/wp\/v2\/pages\/32749\/revisions"}],"up":[{"embeddable":true,"href":"https:\/\/mcdonaldworley.com\/es\/wp-json\/wp\/v2\/pages\/32746"}],"wp:attachment":[{"href":"https:\/\/mcdonaldworley.com\/es\/wp-json\/wp\/v2\/media?parent=32749"}],"curies":[{"name":"wp","href":"https:\/\/api.w.org\/{rel}","templated":true}]}}