{"id":32748,"date":"2020-04-10T14:15:20","date_gmt":"2020-04-10T20:15:20","guid":{"rendered":"https:\/\/abconlinehold.wpengine.com\/missouri-city\/missouri-city-car-accident-lawyer\/"},"modified":"2021-08-11T18:19:28","modified_gmt":"2021-08-11T23:19:28","slug":"abogado-accidentes-auto","status":"publish","type":"page","link":"https:\/\/mcdonaldworley.com\/es\/missouri-city\/abogado-accidentes-auto\/","title":{"rendered":"Abogado de Accidentes de Auto en la Ciudad de Missouri \u00a0"},"content":{"rendered":"<p>Si usted o un ser querido ha sido v\u00edctima de un desafortunado accidente automovil\u00edstico, necesita la asistencia de un abogado de accidentes automovil\u00edsticos en la ciudad de Missouri en McDonald Worley para obtener la justicia que se merece. Quiz\u00e1s est\u00e9 pensando, en t\u00e9rminos de cu\u00e1nto son mis facturas m\u00e9dicas, c\u00f3mo se pagar\u00e1n las reparaciones de mi autom\u00f3vil y qui\u00e9n pagar\u00e1 o c\u00f3mo se me compensar\u00e1 por mis ganancias perdidas.<\/p>\n<p>En nuestro bufete de abogados, nos enorgullece ofrecer a todas las v\u00edctimas de lesiones una consulta inicial gratuita que les permite obtener aclaraciones sobre cualquier pregunta que puedan tener, al mismo tiempo que obtienen orientaci\u00f3n legal de calidad de nuestro equipo de abogados con experiencia en accidentes.<\/p>\n<p>Nuestro equipo de abogados de lesiones personales tiene una experiencia combinada de casi 100 a\u00f1os representando a los interesados \u200b\u200ben los derechos de las v\u00edctimas de lesiones. Nuestro conocimiento y experiencia nos han hecho ganar el reconocimiento como una de las firmas de abogados l\u00edderes en los Estados Unidos. Estamos orgullosos de ayudar a las personas cuando m\u00e1s lo requieren y estamos comprometidos a brindarles a nuestros clientes la compensaci\u00f3n que se merecen.<\/p>\n\n<h2>Estatuto de limitaciones de Texas para accidentes automovil\u00edsticos<\/h2>\n<p>En la ciudad de Missouri, el plazo de prescripci\u00f3n es de dos a\u00f1os. Eso significa que tiene exactamente dos a\u00f1os a partir de la fecha de su colisi\u00f3n para presentar un reclamo. Si no presenta su reclamo dentro de este per\u00edodo estipulado, su reclamo no ser\u00e1 v\u00e1lido. El tribunal tambi\u00e9n desestimar\u00e1 su reclamo cuando haya superado el plazo de prescripci\u00f3n. Si esto no sucede, el abogado del acusado puede presentar una moci\u00f3n para desestimar su reclamo. Lo m\u00e1s probable es que el juez presidente apruebe esta moci\u00f3n.<\/p>\n<h2>\u00bfQu\u00e9 sucede si el otro conductor no tiene seguro?<\/h2>\n<p>\u00bfQu\u00e9 sucede si el otro conductor no tiene cobertura de seguro o si su p\u00f3liza de seguro no es suficiente para proporcionar cobertura por da\u00f1os? \u00bfQu\u00e9 <a href=\"https:\/\/mcdonaldworley.com\/es\/quede-paralizado-despues-de-accidente-auto\/\" target=\"_blank\" rel=\"noopener\">pasa despu\u00e9s?<\/a>?<\/p>\n<p>En caso de que haya sufrido una lesi\u00f3n y la parte culpable no tiene cobertura de seguro por sus da\u00f1os, a\u00fan puede tener opciones para obtener una indemnizaci\u00f3n, por ejemplo, la Carta de Protecci\u00f3n.<\/p>\n<p>Las regulaciones de Texas requieren responsabilidad financiera de todos los usuarios de la carretera, y deben llevar consigo el monto m\u00ednimo del seguro de responsabilidad civil para proporcionar cobertura por da\u00f1os resultantes de su negligencia. En 2019, el monto m\u00ednimo se aument\u00f3 de $ 25,000 a $ 30,000 por cada persona.<\/p>\n<p>Pero a\u00fan as\u00ed, los $ 30,000 no ser\u00e1n suficientes para proporcionar cobertura para la mayor\u00eda de los da\u00f1os y reembolsar completamente a las personas lesionadas por el accidente. Aunque la ley obliga a las personas a llevar el seguro, la mayor\u00eda de los tejanos simplemente no se adhieren a eso.<\/p>\n<p>Nuestros abogados analizar\u00e1n otras formas en que la parte culpable puede proporcionar un reembolso sin tener una p\u00f3liza de seguro. Sin embargo, las personas sin seguro a menudo no poseen ning\u00fan activo que pueda usarse para proporcionar cobertura por da\u00f1os.<\/p>\n<p>Pero hay una manera de que puedas ser compensado. Puedes probar la carta de demanda.<\/p>\n<p>Seg\u00fan la ley de Texas, su compa\u00f1\u00eda de seguros tiene el mandato de proporcionarle cobertura de motorista sin seguro o con seguro insuficiente, tambi\u00e9n conocida como UM \/ UIM. Esta ley est\u00e1 destinada a proteger los derechos de las v\u00edctimas de accidentes de ser violados y no tener opciones como resultado de la negligencia de otra parte en el camino.<\/p>\n<p>Como la ley exige que esta ley se proporcione, la \u00fanica forma en que no recibir\u00e1 esta cobertura es si la rechaza por escrito. Si no hizo tal rechazo, es probable que a\u00fan tenga cobertura. Debe cubrir las limitaciones de la protecci\u00f3n de responsabilidad que est\u00e1 pagando.<\/p>\n<p>Antes de confiar en su cobertura UM \/ UIM, hay pautas esenciales que deber\u00e1n seguirse. Puede obtener m\u00e1s informaci\u00f3n sobre esto dentro de su pol\u00edtica. Espere ver que algunas compa\u00f1\u00edas de seguros compensen los cr\u00e9ditos de reclamo con la cobertura UM \/ UIM que prometen ofrecer. Y esto est\u00e1 permitido hasta cierto punto, de acuerdo con la Ley de Texas.<\/p>\n<p>Tener un representante legal experimentado que lo gu\u00ede a trav\u00e9s de los pasos e investigue los puntos de recuperaci\u00f3n es la mejor manera de obtener el reembolso por las lesiones sufridas.<\/p>\n<p>\u00bfC\u00f3mo obtengo un informe de accidente de veh\u00edculo?<br \/>\nDespu\u00e9s de un accidente, \u00bfsabe qu\u00e9 debe hacer para registrar su accidente y obtener una copia del informe del accidente? \u00a1La mayor\u00eda de las personas no! Lo primero que debe hacer es saber qu\u00e9 agencia de cumplimiento de la ley estuvo en la escena del accidente.<\/p>\n<p>Es una pr\u00e1ctica est\u00e1ndar para el oficial en la escena darle un trozo de papel que indique el departamento y el oficial en la escena. Si no le dieran dicho documento, tendr\u00eda que averiguar esta informaci\u00f3n utilizando otros medios. El primer lugar para buscar es el Departamento de Polic\u00eda de la Ciudad, el Departamento de Seguridad P\u00fablica de Texas o el Sheriff del Condado.<\/p>\n<p>Si el accidente automovil\u00edstico tuvo lugar;<\/p>\n<ul>\n<li><strong>Dentro de los l\u00edmites de la ciudad<\/strong>, puede ponerse en contacto con el departamento de polic\u00eda local de esa ciudad y solicitar su copia del informe de accidente automovil\u00edstico<\/li>\n<li><strong>Fuera de los l\u00edmites de la ciudad<\/strong>, deber\u00e1 consultar con el Sheriff del Condado, quien se comunicar\u00e1 con la divisi\u00f3n de accidentes y solicitar\u00e1 el informe.<\/li>\n<li><strong>Fuera de los l\u00edmites de la ciudad sin el Sheriff del Condado<\/strong>, querr\u00e1 consultar con la oficina de DPS<\/li>\n<\/ul>\n<p>Algunas agencias responder\u00e1n a las solicitudes realizadas por correo, mientras que otras pueden necesitar que las solicitudes se escriban a mano. En general, la tarifa para obtener la copia ser\u00e1 de unos pocos d\u00f3lares.<\/p>\n<h2>\u00a1P\u00f3ngase en contacto con nuestros abogados de accidentes de autom\u00f3viles de la ciudad de Missouri hoy!<\/h2>\n<p>Si ha estado involucrado en un accidente automovil\u00edstico que ha resultado en lesiones y est\u00e1 buscando al mejor abogado de <a href=\"https:\/\/mcdonaldworley.com\/missouri-city\/\" target=\"_blank\" rel=\"noopener\">Missouri City<\/a> para su reclamo, puede recurrir a McDonald Worley..<\/p>\n<p>Ofrecemos nuestros servicios las 24 horas del d\u00eda, lo que significa que podemos brindarle servicios y asesoramiento legal profesional cuando lo necesite. La mejor parte es que ofrecemos nuestros servicios de manera contingente.<\/p>\n<p>Para reservar su consulta inicial gratuita con nuestro equipo de abogados profesionales en accidentes automovil\u00edsticos, \u00a1llame a McDonald Worley ahora! Tenemos m\u00e1s de 20 a\u00f1os de experiencia defendiendo los derechos de las v\u00edctimas de lesiones en la ciudad de Missouri y en todo Texas.<\/p>\n<p>\u00a1P\u00f3ngase en contacto con hoy y comience el proceso de recibir la compensaci\u00f3n a la que tiene derecho por los da\u00f1os sufridos!<\/p>\n","protected":false},"excerpt":{"rendered":"<p>Si usted o un ser querido ha sido v\u00edctima de un desafortunado accidente automovil\u00edstico, necesita la asistencia de un abogado de accidentes automovil\u00edsticos en la ciudad de Missouri en McDonald Worley para obtener la justicia que se merece. Quiz\u00e1s est\u00e9 pensando, en t\u00e9rminos de cu\u00e1nto son mis facturas m\u00e9dicas, c\u00f3mo se pagar\u00e1n las reparaciones de [&hellip;]<\/p>\n","protected":false},"author":65,"featured_media":0,"parent":32746,"menu_order":0,"comment_status":"closed","ping_status":"closed","template":"","meta":{"_acf_changed":false,"site-sidebar-layout":"default","site-content-layout":"","ast-site-content-layout":"default","site-content-style":"default","site-sidebar-style":"default","ast-global-header-display":"","ast-banner-title-visibility":"","ast-main-header-display":"","ast-hfb-above-header-display":"","ast-hfb-below-header-display":"","ast-hfb-mobile-header-display":"","site-post-title":"","ast-breadcrumbs-content":"","ast-featured-img":"","footer-sml-layout":"","ast-disable-related-posts":"","theme-transparent-header-meta":"","adv-header-id-meta":"","stick-header-meta":"","header-above-stick-meta":"","header-main-stick-meta":"","header-below-stick-meta":"","astra-migrate-meta-layouts":"default","ast-page-background-enabled":"default","ast-page-background-meta":{"desktop":{"background-color":"var(--ast-global-color-4)","background-image":"","background-repeat":"repeat","background-position":"center center","background-size":"auto","background-attachment":"scroll","background-type":"","background-media":"","overlay-type":"","overlay-color":"","overlay-opacity":"","overlay-gradient":""},"tablet":{"background-color":"","background-image":"","background-repeat":"repeat","background-position":"center center","background-size":"auto","background-attachment":"scroll","background-type":"","background-media":"","overlay-type":"","overlay-color":"","overlay-opacity":"","overlay-gradient":""},"mobile":{"background-color":"","background-image":"","background-repeat":"repeat","background-position":"center center","background-size":"auto","background-attachment":"scroll","background-type":"","background-media":"","overlay-type":"","overlay-color":"","overlay-opacity":"","overlay-gradient":""}},"ast-content-background-meta":{"desktop":{"background-color":"var(--ast-global-color-5)","background-image":"","background-repeat":"repeat","background-position":"center center","background-size":"auto","background-attachment":"scroll","background-type":"","background-media":"","overlay-type":"","overlay-color":"","overlay-opacity":"","overlay-gradient":""},"tablet":{"background-color":"var(--ast-global-color-5)","background-image":"","background-repeat":"repeat","background-position":"center center","background-size":"auto","background-attachment":"scroll","background-type":"","background-media":"","overlay-type":"","overlay-color":"","overlay-opacity":"","overlay-gradient":""},"mobile":{"background-color":"var(--ast-global-color-5)","background-image":"","background-repeat":"repeat","background-position":"center center","background-size":"auto","background-attachment":"scroll","background-type":"","background-media":"","overlay-type":"","overlay-color":"","overlay-opacity":"","overlay-gradient":""}},"footnotes":""},"class_list":["post-32748","page","type-page","status-publish","hentry"],"acf":[],"_links":{"self":[{"href":"https:\/\/mcdonaldworley.com\/es\/wp-json\/wp\/v2\/pages\/32748","targetHints":{"allow":["GET"]}}],"collection":[{"href":"https:\/\/mcdonaldworley.com\/es\/wp-json\/wp\/v2\/pages"}],"about":[{"href":"https:\/\/mcdonaldworley.com\/es\/wp-json\/wp\/v2\/types\/page"}],"author":[{"embeddable":true,"href":"https:\/\/mcdonaldworley.com\/es\/wp-json\/wp\/v2\/users\/65"}],"replies":[{"embeddable":true,"href":"https:\/\/mcdonaldworley.com\/es\/wp-json\/wp\/v2\/comments?post=32748"}],"version-history":[{"count":0,"href":"https:\/\/mcdonaldworley.com\/es\/wp-json\/wp\/v2\/pages\/32748\/revisions"}],"up":[{"embeddable":true,"href":"https:\/\/mcdonaldworley.com\/es\/wp-json\/wp\/v2\/pages\/32746"}],"wp:attachment":[{"href":"https:\/\/mcdonaldworley.com\/es\/wp-json\/wp\/v2\/media?parent=32748"}],"curies":[{"name":"wp","href":"https:\/\/api.w.org\/{rel}","templated":true}]}}