{"id":32745,"date":"2020-04-10T14:13:25","date_gmt":"2020-04-10T20:13:25","guid":{"rendered":"https:\/\/abconlinehold.wpengine.com\/league-city\/league-city-car-accident-lawyer\/"},"modified":"2021-08-17T08:54:24","modified_gmt":"2021-08-17T13:54:24","slug":"abogado-accidentes-automovilisticos","status":"publish","type":"page","link":"https:\/\/mcdonaldworley.com\/es\/league-city\/abogado-accidentes-automovilisticos\/","title":{"rendered":"Abogado de accidentes automovil\u00edsticos de League City"},"content":{"rendered":"<p>Si ha resultado lesionado en un accidente automovil\u00edstico, necesitar\u00e1 la ayuda de un abogado experto en accidentes automovil\u00edsticos de League City en McDonald Worley. Es posible que est\u00e9 reflexionando sobre cosas como cu\u00e1nto y qui\u00e9n pagar\u00e1 los gastos m\u00e9dicos, c\u00f3mo se pagar\u00e1n los da\u00f1os a los autom\u00f3viles y \u00bfhay alguna medida que pueda tomar para obtener una indemnizaci\u00f3n por los da\u00f1os sufridos? En nuestra firma, brindamos a todas las v\u00edctimas de accidentes una consulta sin riesgos para que puedan obtener respuestas a las preguntas que puedan tener mientras reciben el asesoramiento de un abogado experimentado en accidentes.<\/p>\n<p>Nuestro equipo de abogados de <a href=\"\/es\">lesiones personales de League City<\/a> tiene una experiencia combinada de casi 100 a\u00f1os en defensa de v\u00edctimas de lesiones que necesitan representaci\u00f3n legal. Nuestro profundo conocimiento y experiencia nos ha hecho ganar fuerza como una de las mejores firmas de abogados en el pa\u00eds, y estamos aqu\u00ed para servir. Nos enorgullece ayudar a las personas cuando lo necesitan, y nos dedicaremos a conseguir reembolso que se ofrece a nuestros clientes.<\/p>\n\n<h2>\u00bfCu\u00e1l es el pago promedio de reclamos por accidentes automovil\u00edsticos en Texas?<\/h2>\n<p>Calcular el valor real de un pago de compensaci\u00f3n por accidente automovil\u00edstico es un poco complejo. Seg\u00fan la informaci\u00f3n del Departamento de Transporte de Texas, ocurren aproximadamente 250,000 accidentes de veh\u00edculos en Texas cada a\u00f1o, y alrededor del 7% de estos son graves por lo que dejan a las v\u00edctimas con lesiones graves y, a veces, mortales.<\/p>\n<p>Si usted o su ser querido sufrieron lesiones graves debido a un accidente automovil\u00edstico, las facturas m\u00e9dicas probablemente se han disparado. Si el accidente no fue su culpa, entonces la compa\u00f1\u00eda de seguros de la parte responsable deber\u00e1 pagar las facturas m\u00e9dicas actuales y futuras en su totalidad. \u00bfPero determinar\u00eda cu\u00e1nto vale el caso adem\u00e1s de calcular las facturas m\u00e9dicas? Bueno, un <a href=\"https:\/\/mcdonaldworley.com\/es\/the-woodlands\/abogado-lesiones-personales\/\" target=\"_blank\" rel=\"noopener\">abogado experimentado en lesiones personales<\/a> puede ayudarle a calcular el costo real de sus da\u00f1os.. Tambi\u00e9n lo ayudar\u00e1n a comprender algunos de los factores que determinan el valor de su caso.<\/p>\n<h2>\u00bfHay algo que pueda hacer si la aseguradora de la otra parte niega mi reclamo?<\/h2>\n<p>Estar involucrado en un accidente automovil\u00edstico puede ser un evento que cambie la vida. Podr\u00eda interrumpir su vida diaria, hacer que busque opciones de tratamiento costosas y requerir que busque los servicios de un abogado de accidentes automovil\u00edsticos. Por lo tanto, es realmente frustrante ya veces insultante que la aseguradora niega su reclamo de compensaci\u00f3n.<\/p>\n<p>Por supuesto, en un mundo perfecto, todo lo que necesita hacer es presentar un reclamo ante la aseguradora y le enviar\u00e1n un cheque que esencialmente cubre todas sus lesiones y da\u00f1os en el autom\u00f3vil. Tambi\u00e9n cubrir\u00edan todos los gastos en los que incurri\u00f3 como resultado del accidente (como viajes hacia y desde el hospital), as\u00ed como los ingresos que perdi\u00f3 (y perder\u00e1) como resultado. Pero esto est\u00e1 lejos de ser un mundo perfecto. Como tal, es muy probable que la compa\u00f1\u00eda de seguros rechace su reclamo e incluso lo niegue.<\/p>\n<p><img loading=\"lazy\" decoding=\"async\" class=\"alignnone wp-image-32502 size-full\" src=\"https:\/\/mcdonaldworley.com\/wp-content\/uploads\/2020\/04\/car-accident-claim-500x333-2.jpg\" alt=\"An insurance adjuster inspecting damage to a car from an accident in League City.\" width=\"500\" height=\"333\" title=\"\" srcset=\"https:\/\/mcdonaldworley.com\/wp-content\/uploads\/2020\/04\/car-accident-claim-500x333-2.jpg 500w, https:\/\/mcdonaldworley.com\/wp-content\/uploads\/2020\/04\/car-accident-claim-500x333-2-300x200.jpg 300w\" sizes=\"auto, (max-width: 500px) 100vw, 500px\" \/><\/p>\n<p><strong>Estos son algunos de los problemas que su asegurador podr\u00eda plantear como razones para negar su reclamo:<\/strong><\/p>\n<h3>Su pol\u00edtica fue cancelada o caducada<\/h3>\n<p>Cuando no realiza los pagos a tiempo de su p\u00f3liza, podr\u00eda terminar siendo cancelada. Adem\u00e1s, si no proporciona la informaci\u00f3n requerida, su pol\u00edtica podr\u00eda caducar y terminar\u00eda siendo cancelada. En caso de que alguno de estos escenarios se aplique a usted, es probable que no tenga seguro en el momento del accidente. En tal caso, un abogado de accidentes automovil\u00edsticos lo ayudar\u00e1 a tratar con la compa\u00f1\u00eda de seguros en su nombre.<\/p>\n<h3>Carece de cobertura total<\/h3>\n<p>Es probable que elija una pol\u00edtica que solo cubra los da\u00f1os causados \u200b\u200ba terceros. Para tales casos, es importante obtener un <a href=\"https:\/\/mcdonaldworley.com\/es\/boulder-city\/abogado-accidentes-automovilisticos\/\" target=\"_blank\" rel=\"noopener\">abogado profesional de accidentes automovil\u00edsticos en League City<\/a> y hacer que consulten con la compa\u00f1\u00eda de seguros y hablen con ellos en su nombre.. en caso de que solo tuviera un seguro de responsabilidad civil, tenga en cuenta que no cubre los da\u00f1os que sufri\u00f3 su autom\u00f3vil. Seg\u00fan los l\u00edmites descritos en su p\u00f3liza, es posible que ni siquiera tenga suficiente seguro para cubrirse cuando se lesiona en un accidente.<\/p>\n<h3>Tu nombre no est\u00e1 presente en la pol\u00edtica<\/h3>\n<p>En caso de que condujera un veh\u00edculo que pertenece a otra persona o un veh\u00edculo comercial en el que no figura en la lista cuando ocurri\u00f3 el accidente, considere ponerse en contacto con nosotros y permita que uno de nuestros abogados maneje todas las discrepancias que puedan surgir con su asegurador.<\/p>\n<h3>No pudo informar el accidente<\/h3>\n<p>Si recientemente estuvo involucrado en un accidente, aseg\u00farese de proporcionarle a su aseguradora toda la informaci\u00f3n que necesita. De lo contrario, su cobertura podr\u00eda ser eximida.<\/p>\n<p>No importa la raz\u00f3n por la que plantean, aseg\u00farese de tener uno de nuestros abogados a su lado para ayudarlo a manejar el problema. Tenga en cuenta que no tiene mucho tiempo para solicitar una denegaci\u00f3n. Por lo tanto, es importante que realice su documentaci\u00f3n y luego presente la documentaci\u00f3n relevante sobre su accidente. No olvide que a las compa\u00f1\u00edas de seguros les gusta mantener a sus clientes en plazos ajustados, independientemente de si tienen un abogado o no.<\/p>\n<p>Podemos tratar efectivamente con su aseguradora en su nombre. p\u00f3ngase en contacto con uno de nuestros <a href=\"https:\/\/mcdonaldworley.com\/es\/league-city\/abogado-de-lesiones-personales\/\" target=\"_blank\" rel=\"noopener\">abogados de accidentes automovil\u00edsticos en League City<\/a> hoy..<\/p>\n<h2>\u00bfPuedo presentar un reclamo contra el gobierno?<\/h2>\n<p>Aunque legalmente se le permite presentar un reclamo contra el gobierno, lo m\u00e1s probable es que lo desestimen pronto. Tenga en cuenta que el gobierno es b\u00e1sicamente inmune a las demandas en la mayor\u00eda de las situaciones. Sin embargo, hay algunas excepciones.<\/p>\n<p>Una de las excepciones es cuando un caso se enmarca en la Ley de reclamos de agravios de Texas. Esta Ley renuncia parcialmente a la inmunidad del gobierno y permite que un demandante presente una demanda. Sin embargo, esto solo puede aplicarse en dos situaciones:<\/p>\n<ul>\n<li>Lesiones y da\u00f1os causados \u200b\u200bpor accidentes automovil\u00edsticos.<\/li>\n<li>Lesiones o muerte directamente causadas por la condici\u00f3n de una propiedad personal o real<\/li>\n<\/ul>\n<p>Lesiones o muerte directamente causadas por la condici\u00f3n de una propiedad personal o real<br \/>\nPara responsabilizar al gobierno, la persona involucrada o un empleado del gobierno debe haber cumplido las siguientes condiciones:<\/p>\n<ul>\n<li>Actuaban dentro de los par\u00e1metros de su empleo en el momento del accidente.<\/li>\n<li>Tambi\u00e9n habr\u00edan sido considerados responsables en caso de que fueran acusados \u200b\u200bpor un ciudadano privado<\/li>\n<\/ul>\n<p>Cuando se cumplan ambas condiciones, se considerar\u00e1 su reclamo. Sin embargo, todav\u00eda hay un par de l\u00edmites que se aplican en t\u00e9rminos de cu\u00e1nto puede recuperarse en tales trajes. Para casos de accidentes automovil\u00edsticos que involucran al gobierno, la mayor cantidad de dinero que puede recibir como compensaci\u00f3n es de $ 250,000. Adem\u00e1s, las reclamaciones contra el gobierno tienen un requisito de notificaci\u00f3n.<\/p>\n<p>El plazo de prescripci\u00f3n sigue siendo de dos a\u00f1os en tales casos. Lo que debe tener en cuenta aqu\u00ed es que deber\u00e1 notificar al gobierno de antemano y hacerles saber que est\u00e1 a punto de demandar. La ley estipula que debe enviar un aviso de 6 meses, aunque el tiempo es mucho m\u00e1s corto en algunas ciudades. Para los residentes de League City, Texas, los reclamantes deben presentar un aviso dentro de los 3 meses posteriores al d\u00eda del accidente.<\/p>\n<h2>El otro conductor no tiene seguro, \u00bfqu\u00e9 sigue?<\/h2>\n<p>Asumiendo que la cobertura de seguro del conductor responsable no es suficiente para cubrir todos los da\u00f1os y lesiones que causaron, o que ni siquiera tienen seguro en primer lugar, \u00bfqu\u00e9 sucede? Bueno, te alegrar\u00e1 saber que todav\u00eda hay algunas opciones para buscar una indemnizaci\u00f3n por tus da\u00f1os. Una de estas formas es a trav\u00e9s de la Carta de Protecci\u00f3n.<\/p>\n<p>Las leyes de Texas establecen que todos los automovilistas deben tener un determinado nivel de responsabilidad financiera y deben llevar, al menos, el monto m\u00ednimo del seguro de responsabilidad civil que cubra los da\u00f1os y \/ o lesiones causados \u200b\u200bpor su negligencia. El monto se increment\u00f3 de $ 25,000 a $ 30,000 por persona.<\/p>\n<p><img loading=\"lazy\" decoding=\"async\" class=\"alignnone wp-image-32504 size-full\" src=\"https:\/\/mcdonaldworley.com\/wp-content\/uploads\/2020\/04\/lawyer-meeting-2-500x333-2.jpg\" alt=\"A woman meeting with a League City car accident lawyer to review an insurance settlement offer.\" width=\"500\" height=\"333\" title=\"\" srcset=\"https:\/\/mcdonaldworley.com\/wp-content\/uploads\/2020\/04\/lawyer-meeting-2-500x333-2.jpg 500w, https:\/\/mcdonaldworley.com\/wp-content\/uploads\/2020\/04\/lawyer-meeting-2-500x333-2-300x200.jpg 300w\" sizes=\"auto, (max-width: 500px) 100vw, 500px\" \/><\/p>\n<p>Esto puede parecer un buen dinero, pero a\u00fan es inadecuado para compensar a las personas heridas en el accidente y cubrir gran parte de los da\u00f1os. Aunque existen leyes que hacen obligatorio el seguro, la mayor\u00eda de las personas en Texas no lo tienen.<\/p>\n<p>Nuestros abogados investigar\u00e1n y establecer\u00e1n otras formas en que la parte culpable podr\u00eda proporcionar una compensaci\u00f3n sin su plan de seguro. Desafortunadamente, la mayor\u00eda de las personas que no tienen seguro probablemente no tendr\u00e1n los activos necesarios para cubrir los da\u00f1os.<\/p>\n<p>A\u00fan as\u00ed, hay otra forma de recuperar la compensaci\u00f3n:<\/p>\n<h2>Una carta de demanda<\/h2>\n<p>Las <a href=\"https:\/\/mcdonaldworley.com\/es\/texas\/ley-del-buen-samaritano\/\" target=\"_blank\" rel=\"noopener\">leyes de Texas<\/a> requieren que los proveedores de seguros le brinden una cobertura UM \/ UIM (motorista sin seguro \/ con seguro insuficiente).. El objetivo principal de esta ley es salvaguardar y proteger a las v\u00edctimas de accidentes automovil\u00edsticos de quedarse sin opciones cuando se lesionan en un accidente debido a las acciones negligentes de otros usuarios de la carretera.<\/p>\n<p>Dado que esta cobertura debe proporcionarse, la \u00fanica forma en que una persona no puede obtener esta cobertura es cuando la rechazan por escrito. Por lo tanto, si nunca ha presentado dicho rechazo, es probable que todav\u00eda tenga la opci\u00f3n de cobertura. Esta cobertura generalmente equivale a los l\u00edmites de la p\u00f3liza que paga para obtener protecci\u00f3n de responsabilidad.<\/p>\n<p>Sin embargo, hay algunas cosas que necesita antes de comenzar a confiar en la cobertura UM \/ UIM. Para obtener m\u00e1s informaci\u00f3n sobre esta cobertura, consulte la letra peque\u00f1a de su p\u00f3liza de seguro sobre el asunto. Mientras tanto, espere que algunas de las aseguradoras realicen una o dos compensaciones espec\u00edficamente para cr\u00e9ditos de reclamo contra la cobertura UM \/ UIM que afirman proporcionar, y hasta cierto punto, esto es legal seg\u00fan la ley de Texas.<\/p>\n<p>Contratar a un abogado con experiencia para que pueda guiarlo a trav\u00e9s de este proceso e investigar los puntos de recuperaci\u00f3n es algo que debe considerar hacer, si realmente desea aumentar sus posibilidades de ser compensado por los da\u00f1os y lesiones que sufri\u00f3.<\/p>\n<h2>\u00a1Llame a nuestros abogados de accidentes automovil\u00edsticos de League City hoy!<\/h2>\n<p>En caso de que haya sufrido una lesi\u00f3n como resultado de un accidente automovil\u00edstico en <a href=\"https:\/\/mcdonaldworley.com\/league-city\/\" target=\"_blank\" rel=\"noopener\">League City<\/a> y est\u00e9 buscando el mejor abogado para su reclamo, McDonald Worley est\u00e1 disponible para ayudarlo..<\/p>\n<p>Nuestro equipo est\u00e1 siempre disponible las 24 horas, los 7 d\u00edas de la semana, para ofrecer asesoramiento y servicios legales expertos cuando lo necesite. \u00a1La mejor parte es que no pagar\u00e1 nada por adelantado y nada si no ganamos!<\/p>\n<p>P\u00f3ngase en contacto con McDonald Worley ahora para reservar una consulta gratuita con nuestra firma experta en <a href=\"https:\/\/mcdonaldworley.com\/es\/santa-ana\/abogado-lesiones-personales\/\" target=\"_blank\" rel=\"noopener\">lesiones personales.<\/a>. Tenemos m\u00e1s de 20 a\u00f1os de experiencia luchando por v\u00edctimas involucradas en accidentes en League City; puede descansar tranquilo sabiendo que los mejores abogados lo est\u00e1n vigilando.<\/p>\n<p>\u00a1Cont\u00e1ctenos hoy y perm\u00edtanos iniciar el proceso para obtener su compensaci\u00f3n!<\/p>\n","protected":false},"excerpt":{"rendered":"<p>Si ha resultado lesionado en un accidente automovil\u00edstico, necesitar\u00e1 la ayuda de un abogado experto en accidentes automovil\u00edsticos de League City en McDonald Worley. Es posible que est\u00e9 reflexionando sobre cosas como cu\u00e1nto y qui\u00e9n pagar\u00e1 los gastos m\u00e9dicos, c\u00f3mo se pagar\u00e1n los da\u00f1os a los autom\u00f3viles y \u00bfhay alguna medida que pueda tomar para [&hellip;]<\/p>\n","protected":false},"author":65,"featured_media":0,"parent":32744,"menu_order":0,"comment_status":"closed","ping_status":"closed","template":"","meta":{"_acf_changed":false,"site-sidebar-layout":"default","site-content-layout":"","ast-site-content-layout":"default","site-content-style":"default","site-sidebar-style":"default","ast-global-header-display":"","ast-banner-title-visibility":"","ast-main-header-display":"","ast-hfb-above-header-display":"","ast-hfb-below-header-display":"","ast-hfb-mobile-header-display":"","site-post-title":"","ast-breadcrumbs-content":"","ast-featured-img":"","footer-sml-layout":"","ast-disable-related-posts":"","theme-transparent-header-meta":"","adv-header-id-meta":"","stick-header-meta":"","header-above-stick-meta":"","header-main-stick-meta":"","header-below-stick-meta":"","astra-migrate-meta-layouts":"default","ast-page-background-enabled":"default","ast-page-background-meta":{"desktop":{"background-color":"var(--ast-global-color-4)","background-image":"","background-repeat":"repeat","background-position":"center center","background-size":"auto","background-attachment":"scroll","background-type":"","background-media":"","overlay-type":"","overlay-color":"","overlay-opacity":"","overlay-gradient":""},"tablet":{"background-color":"","background-image":"","background-repeat":"repeat","background-position":"center center","background-size":"auto","background-attachment":"scroll","background-type":"","background-media":"","overlay-type":"","overlay-color":"","overlay-opacity":"","overlay-gradient":""},"mobile":{"background-color":"","background-image":"","background-repeat":"repeat","background-position":"center center","background-size":"auto","background-attachment":"scroll","background-type":"","background-media":"","overlay-type":"","overlay-color":"","overlay-opacity":"","overlay-gradient":""}},"ast-content-background-meta":{"desktop":{"background-color":"var(--ast-global-color-5)","background-image":"","background-repeat":"repeat","background-position":"center center","background-size":"auto","background-attachment":"scroll","background-type":"","background-media":"","overlay-type":"","overlay-color":"","overlay-opacity":"","overlay-gradient":""},"tablet":{"background-color":"var(--ast-global-color-5)","background-image":"","background-repeat":"repeat","background-position":"center center","background-size":"auto","background-attachment":"scroll","background-type":"","background-media":"","overlay-type":"","overlay-color":"","overlay-opacity":"","overlay-gradient":""},"mobile":{"background-color":"var(--ast-global-color-5)","background-image":"","background-repeat":"repeat","background-position":"center center","background-size":"auto","background-attachment":"scroll","background-type":"","background-media":"","overlay-type":"","overlay-color":"","overlay-opacity":"","overlay-gradient":""}},"footnotes":""},"class_list":["post-32745","page","type-page","status-publish","hentry"],"acf":[],"_links":{"self":[{"href":"https:\/\/mcdonaldworley.com\/es\/wp-json\/wp\/v2\/pages\/32745","targetHints":{"allow":["GET"]}}],"collection":[{"href":"https:\/\/mcdonaldworley.com\/es\/wp-json\/wp\/v2\/pages"}],"about":[{"href":"https:\/\/mcdonaldworley.com\/es\/wp-json\/wp\/v2\/types\/page"}],"author":[{"embeddable":true,"href":"https:\/\/mcdonaldworley.com\/es\/wp-json\/wp\/v2\/users\/65"}],"replies":[{"embeddable":true,"href":"https:\/\/mcdonaldworley.com\/es\/wp-json\/wp\/v2\/comments?post=32745"}],"version-history":[{"count":0,"href":"https:\/\/mcdonaldworley.com\/es\/wp-json\/wp\/v2\/pages\/32745\/revisions"}],"up":[{"embeddable":true,"href":"https:\/\/mcdonaldworley.com\/es\/wp-json\/wp\/v2\/pages\/32744"}],"wp:attachment":[{"href":"https:\/\/mcdonaldworley.com\/es\/wp-json\/wp\/v2\/media?parent=32745"}],"curies":[{"name":"wp","href":"https:\/\/api.w.org\/{rel}","templated":true}]}}