{"id":32734,"date":"2020-04-10T14:13:33","date_gmt":"2020-04-10T20:13:33","guid":{"rendered":"https:\/\/abconlinehold.wpengine.com\/conroe\/personal-injury-attorney-in-conroe\/"},"modified":"2021-08-12T10:35:34","modified_gmt":"2021-08-12T15:35:34","slug":"abogado-lesiones-personales","status":"publish","type":"page","link":"https:\/\/mcdonaldworley.com\/es\/conroe\/abogado-lesiones-personales\/","title":{"rendered":"Abogado de lesiones personales en Conroe"},"content":{"rendered":"<p>Si sufre lesiones y alguien m\u00e1s es responsable, entonces tiene derecho a una indemnizaci\u00f3n. La ley de Texas permite que las v\u00edctimas de lesiones personales busquen una indemnizaci\u00f3n, tendr\u00e1 que presentar una demanda contra la persona responsable de sus lesiones y es probable que necesite la ayuda de un abogado en Conroe. Es posible que tambi\u00e9n deba presentar un reclamo contra una entidad o varias personas. Es posible que tambi\u00e9n deba buscar una empresa o entidad gubernamental; todo depender\u00e1 de las circunstancias que rodeen su caso.<\/p>\n<p>Las lesiones suelen ser el resultado de <a href=\"https:\/\/mcdonaldworley.com\/es\/conroe\/abogado-accidentes-automovilisticos\/\" target=\"_blank\" rel=\"noopener\">accidentes automovil\u00edsticos<\/a> o resbalones y ca\u00eddas.. Si bien estos 2 son los tipos m\u00e1s comunes de casos de lesiones personales, tambi\u00e9n hay otros tipos. No importa cu\u00e1l sea el motivo, necesitar\u00e1 la asistencia de un abogado con experiencia en lesiones personales con McDonald Worley en Houston para ayudarlo a obtener la compensaci\u00f3n a la que tiene derecho.<\/p>\n<p>Los siguientes son algunos de los tipos de da\u00f1os para los que podr\u00eda buscar la recuperaci\u00f3n:<\/p>\n<ul>\n<li>Dolor f\u00edsico<\/li>\n<li>Angustia mental<\/li>\n<li>Gastos m\u00e9dicos<\/li>\n<li>Salarios perdidos<\/li>\n<li>Discapacidad<\/li>\n<li>Desfiguraci\u00f3n<\/li>\n<\/ul>\n<p>Inmediatamente despu\u00e9s del accidente, lo m\u00e1s probable es que tenga miedo. Tambi\u00e9n puede estar nervioso o ansioso. Si anteriormente no ha sido parte de una demanda, lo m\u00e1s probable es que no sepa qu\u00e9 hacer. Una vez que reciba el tratamiento m\u00e9dico necesario, lo siguiente debe ser llamar a su abogado.<\/p>\n<p>McDonald Worley es una de las principales <a href=\"\/es\">firmas de abogados de lesiones personales<\/a> en el pa\u00eds y podemos ofrecerle una consulta gratuita si llama al 877-721-3423. Nuestro equipo est\u00e1 disponible las 24 horas, los 7 d\u00edas de la semana, listo para responder todas nuestras preguntas. No solo recibir\u00e1 una consulta gratuita, sino que tampoco tendr\u00e1 que pagar nada a nuestros abogados antes de que se gane el caso.<\/p>\n\n<h2>\u00bfPor qu\u00e9 elegir los abogados de lesiones personales en McDonald Worley en Houston?<\/h2>\n<p>Los abogados de McDonald Worley trabajan incre\u00edblemente duro para ayudarlo a obtener la compensaci\u00f3n a la que tiene derecho. Apoyaremos su reclamo de recuperaci\u00f3n de da\u00f1os mediante la recopilaci\u00f3n de la evidencia m\u00e1s s\u00f3lida y negociaremos con las otras partes y abogados para asegurar que se llegue a un buen acuerdo para su caso cerca de <a href=\"https:\/\/mcdonaldworley.com\/conroe\/\" target=\"_blank\" rel=\"noopener\">Conroe<\/a>..<\/p>\n<p>Lo trataremos como a un miembro de la familia. Somos conscientes de que es un momento particularmente aterrador y desafiante para usted. Perm\u00edtanos manejar los aspectos legales para que pueda concentrarse en la recuperaci\u00f3n. Hable con nosotros hoy para discutir su caso.<\/p>\n<ul>\n<li>Nuestro personal experto y experto est\u00e1 listo y dispuesto a discutir y revisar su caso<\/li>\n<li>McDonald Worley es una firma de abogados que se enorgullece de nuestros valores anticuados.<\/li>\n<li>No tendr\u00e1 que pagarnos nada hasta que gane su caso<\/li>\n<li>Los abogados de McDonald Worley tienen mucha experiencia en el campo de la ley de lesiones personales.<\/li>\n<\/ul>\n<h2>Manejamos todo tipo de reclamos por accidentes con lesiones personales.<\/h2>\n<p>Nuestro bufete de abogados es perfectamente capaz de manejar casos de lesiones personales de todo tipo. Nuestros <a href=\"https:\/\/mcdonaldworley.com\/es\/houston-tx\/abogado-de-resbalones-y-caidas\/\" target=\"_blank\" rel=\"noopener\">abogados representan a clientes por resbalones y ca\u00eddas<\/a>, negligencia y accidentes.. No importa c\u00f3mo haya sufrido las lesiones, trabajaremos duro para asegurarnos de que reciba la compensaci\u00f3n que merece. Entendemos que cada caso es \u00fanico.<\/p>\n<p>Nuestros abogados en McDonald Worley revisar\u00e1n su caso a fondo y le dar\u00e1n una idea de lo que probablemente valdr\u00e1 la pena. Si elige retener nuestro bufete de abogados, recopilaremos y posteriormente utilizaremos todas las pruebas m\u00e1s s\u00f3lidas disponibles para respaldar sus reclamos. Nuestro equipo trabajar\u00e1 incansablemente para garantizar que su demanda se resuelva para evitar que sufra el dolor que probablemente sea causado por un juicio.<\/p>\n<p><img loading=\"lazy\" decoding=\"async\" class=\"alignnone wp-image-32512 size-full\" src=\"https:\/\/mcdonaldworley.com\/wp-content\/uploads\/2020\/04\/lawyer-meeting-500x333-1.jpg\" alt=\"A lawyer reviewing an insurance settlement for an injury claim with a client.\" width=\"500\" height=\"333\" title=\"\" srcset=\"https:\/\/mcdonaldworley.com\/wp-content\/uploads\/2020\/04\/lawyer-meeting-500x333-1.jpg 500w, https:\/\/mcdonaldworley.com\/wp-content\/uploads\/2020\/04\/lawyer-meeting-500x333-1-300x200.jpg 300w\" sizes=\"auto, (max-width: 500px) 100vw, 500px\" \/><\/p>\n<p>Las siguientes son algunas de las lesiones personales que manejamos:<\/p>\n<ul>\n<li><a href=\"https:\/\/mcdonaldworley.com\/es\/san-bernardino\/abogado-accidentes-automovilisticos\/\" target=\"_blank\" rel=\"noopener\">Accidentes automovil\u00edsticos.<\/a><\/li>\n<li>Accidentes de camiones<\/li>\n<li>Accidentes de Uber<\/li>\n<li>Accidentes de motos<\/li>\n<li>Accidentes de bicicleta<\/li>\n<li>Accidentes de peatones<\/li>\n<li>Muerte injusta<\/li>\n<li>Lesiones Cerebrales<\/li>\n<li>Quemaduras<\/li>\n<li>Descuido en hogares de ancianos<\/li>\n<li>Responsabilidad del local<\/li>\n<li>Abuso de hogar de ancianos<\/li>\n<li>Drogas Peligrosas<\/li>\n<li>Productos defectuosos<\/li>\n<li>Reclamaciones de mesotelioma<\/li>\n<\/ul>\n<h2>Sus derechos como v\u00edctima de accidente<\/h2>\n<p>Los accidentes son parte de la vida. A veces puede ser culpa tuya, pero en otros casos, es culpa de otra parte. De cualquier manera, a\u00fan necesitar\u00e1 un abogado para asegurarse de que sus derechos siempre est\u00e9n protegidos.<\/p>\n<p>Una persona lesionada en Conroe, Texas, puede legalmente responsabilizar a la otra parte. Ser\u00e1n responsables de los da\u00f1os sufridos por la v\u00edctima. Se les exigir\u00e1 que paguen por lesiones o da\u00f1os sufridos por la v\u00edctima. Lo primero que <a href=\"https:\/\/mcdonaldworley.com\/es\/que-hacer-si-se-lesiona-en-atraccion-de-halloween\/\" target=\"_blank\" rel=\"noopener\">debe hacer es que un abogado de lesiones<\/a> personales de Houston revise su caso..<\/p>\n<p>Es posible que su abogado tenga que contratar expertos para probar su caso. Tambi\u00e9n tendr\u00e1 que obtener declaraciones de testigos. Es posible que te llamen para testificar. A\u00fan as\u00ed, los abogados trabajan duro para garantizar que los casos se resuelvan de manera que no se requiera un juicio.<\/p>\n<p>Probablemente se est\u00e9 preguntando qui\u00e9n podr\u00eda ser el acusado en un caso de lesiones personales. Bueno, pueden incluir lo siguiente:<\/p>\n<h3>Individuos<\/h3>\n<ul>\n<li>Conductores ebrios o agresivos<\/li>\n<li>Conductores comerciales negligentes<\/li>\n<li>M\u00e9dicos en casos de negligencia m\u00e9dica<\/li>\n<li>Propietarios<\/li>\n<\/ul>\n<h3>Corporaciones<\/h3>\n<ul>\n<li>Vender art\u00edculos defectuosos<\/li>\n<li>Fabricar drogas peligrosas<\/li>\n<li>Mantener sitios de construcci\u00f3n inseguros<\/li>\n<li>Contratar empleados negligentes<\/li>\n<\/ul>\n<h3>Entidades gubernamentales<\/h3>\n<p>El acusado es a veces una entidad o agencia gubernamental. Incluye casos donde accidentes o lesiones resultantes de:<\/p>\n<ul>\n<li>Caminos peligrosos<\/li>\n<li>Escuelas publicas<\/li>\n<li>Calles de la ciudad<\/li>\n<li>Brutalidad policial<\/li>\n<\/ul>\n<h2>P\u00f3ngase en contacto con un abogado de lesiones personales de Houston<\/h2>\n<p>Si ha resultado lesionado en un accidente, el primer paso debe ser buscar tratamiento m\u00e9dico. Lo siguiente que debe hacer es ponerse en contacto con un <a href=\"https:\/\/mcdonaldworley.com\/fontana\/personal-injury-attorney\/\" target=\"_blank\" rel=\"noopener\">abogado de lesiones personales.<\/a>. Los expertos de McDonald Worley est\u00e1n disponibles las 24 horas, los 7 d\u00edas de la semana para responder todas sus llamadas. Ofrecemos a los clientes una consulta gratuita. Nuestro equipo revisar\u00e1 el caso y las lesiones y le informar\u00e1 exactamente lo que creemos que vale su caso. Tenga en cuenta que no tendr\u00e1 que pagarnos nada antes de que ganemos su caso.<\/p>\n","protected":false},"excerpt":{"rendered":"<p>Si sufre lesiones y alguien m\u00e1s es responsable, entonces tiene derecho a una indemnizaci\u00f3n. La ley de Texas permite que las v\u00edctimas de lesiones personales busquen una indemnizaci\u00f3n, tendr\u00e1 que presentar una demanda contra la persona responsable de sus lesiones y es probable que necesite la ayuda de un abogado en Conroe. Es posible que [&hellip;]<\/p>\n","protected":false},"author":65,"featured_media":0,"parent":32732,"menu_order":0,"comment_status":"closed","ping_status":"closed","template":"","meta":{"_acf_changed":false,"site-sidebar-layout":"default","site-content-layout":"","ast-site-content-layout":"default","site-content-style":"default","site-sidebar-style":"default","ast-global-header-display":"","ast-banner-title-visibility":"","ast-main-header-display":"","ast-hfb-above-header-display":"","ast-hfb-below-header-display":"","ast-hfb-mobile-header-display":"","site-post-title":"","ast-breadcrumbs-content":"","ast-featured-img":"","footer-sml-layout":"","ast-disable-related-posts":"","theme-transparent-header-meta":"","adv-header-id-meta":"","stick-header-meta":"","header-above-stick-meta":"","header-main-stick-meta":"","header-below-stick-meta":"","astra-migrate-meta-layouts":"default","ast-page-background-enabled":"default","ast-page-background-meta":{"desktop":{"background-color":"var(--ast-global-color-4)","background-image":"","background-repeat":"repeat","background-position":"center center","background-size":"auto","background-attachment":"scroll","background-type":"","background-media":"","overlay-type":"","overlay-color":"","overlay-opacity":"","overlay-gradient":""},"tablet":{"background-color":"","background-image":"","background-repeat":"repeat","background-position":"center center","background-size":"auto","background-attachment":"scroll","background-type":"","background-media":"","overlay-type":"","overlay-color":"","overlay-opacity":"","overlay-gradient":""},"mobile":{"background-color":"","background-image":"","background-repeat":"repeat","background-position":"center center","background-size":"auto","background-attachment":"scroll","background-type":"","background-media":"","overlay-type":"","overlay-color":"","overlay-opacity":"","overlay-gradient":""}},"ast-content-background-meta":{"desktop":{"background-color":"var(--ast-global-color-5)","background-image":"","background-repeat":"repeat","background-position":"center center","background-size":"auto","background-attachment":"scroll","background-type":"","background-media":"","overlay-type":"","overlay-color":"","overlay-opacity":"","overlay-gradient":""},"tablet":{"background-color":"var(--ast-global-color-5)","background-image":"","background-repeat":"repeat","background-position":"center center","background-size":"auto","background-attachment":"scroll","background-type":"","background-media":"","overlay-type":"","overlay-color":"","overlay-opacity":"","overlay-gradient":""},"mobile":{"background-color":"var(--ast-global-color-5)","background-image":"","background-repeat":"repeat","background-position":"center center","background-size":"auto","background-attachment":"scroll","background-type":"","background-media":"","overlay-type":"","overlay-color":"","overlay-opacity":"","overlay-gradient":""}},"footnotes":""},"class_list":["post-32734","page","type-page","status-publish","hentry"],"acf":[],"_links":{"self":[{"href":"https:\/\/mcdonaldworley.com\/es\/wp-json\/wp\/v2\/pages\/32734","targetHints":{"allow":["GET"]}}],"collection":[{"href":"https:\/\/mcdonaldworley.com\/es\/wp-json\/wp\/v2\/pages"}],"about":[{"href":"https:\/\/mcdonaldworley.com\/es\/wp-json\/wp\/v2\/types\/page"}],"author":[{"embeddable":true,"href":"https:\/\/mcdonaldworley.com\/es\/wp-json\/wp\/v2\/users\/65"}],"replies":[{"embeddable":true,"href":"https:\/\/mcdonaldworley.com\/es\/wp-json\/wp\/v2\/comments?post=32734"}],"version-history":[{"count":0,"href":"https:\/\/mcdonaldworley.com\/es\/wp-json\/wp\/v2\/pages\/32734\/revisions"}],"up":[{"embeddable":true,"href":"https:\/\/mcdonaldworley.com\/es\/wp-json\/wp\/v2\/pages\/32732"}],"wp:attachment":[{"href":"https:\/\/mcdonaldworley.com\/es\/wp-json\/wp\/v2\/media?parent=32734"}],"curies":[{"name":"wp","href":"https:\/\/api.w.org\/{rel}","templated":true}]}}