{"id":32733,"date":"2020-04-10T14:14:56","date_gmt":"2020-04-10T20:14:56","guid":{"rendered":"https:\/\/abconlinehold.wpengine.com\/conroe\/conroe-car-accident-lawyer\/"},"modified":"2021-08-12T07:51:19","modified_gmt":"2021-08-12T12:51:19","slug":"abogado-accidentes-automovilisticos","status":"publish","type":"page","link":"https:\/\/mcdonaldworley.com\/es\/conroe\/abogado-accidentes-automovilisticos\/","title":{"rendered":"Abogado de accidentes automovil\u00edsticos de Conroe"},"content":{"rendered":"<p>Si ha estado involucrado en un accidente automovil\u00edstico, debe comunicarse con un <a href=\"\/es\">abogado competente de Conroe<\/a> en McDonald Worley. Puede solicitar una indemnizaci\u00f3n por todos los da\u00f1os con la asistencia de un representante legal. Las v\u00edctimas de accidentes a menudo se preguntan c\u00f3mo liquidar las facturas m\u00e9dicas junto con otros gastos, como el costo de las reparaciones despu\u00e9s del accidente. C\u00f3mo recuperarse por la p\u00e9rdida de salarios es otro problema que las v\u00edctimas tienen que enfrentar. Sin embargo, si contacta a nuestro equipo, lo guiaremos sobre c\u00f3mo construir el caso m\u00e1s s\u00f3lido posible.<\/p>\n<p>Nuestro equipo de abogados tiene d\u00e9cadas de experiencia en la lucha <a href=\"https:\/\/mcdonaldworley.com\/es\/demanda-por-accidente-auto-contra-conductor-otro-estado\/\" target=\"_blank\" rel=\"noopener\">por los derechos de las v\u00edctimas de accidentes automovil\u00edsticos.<\/a>. Adem\u00e1s, debido a nuestro vasto conocimiento y experiencia, nuestra marca es reconocida como una de las firmas de abogados l\u00edderes en la regi\u00f3n. Estamos decididos a ayudar a las v\u00edctimas de accidentes con sus casos y asegurarnos de que reciban la mayor recompensa posible por sus reclamos.<\/p>\n\n<h2>\u00bfC\u00f3mo s\u00e9 si tengo un caso?<\/h2>\n<p>Determinar si tiene un caso o no depende de tres factores. Primero, su abogado tendr\u00e1 que decidir si los da\u00f1os sufridos valen la pena. Si se valora su reclamo para conformarse con un par de miles de d\u00f3lares, es probable que se rechace ya que no vale la pena su esfuerzo y tiempo. Esto puede parecer duro, pero es lo que sucede.<\/p>\n<p>En segundo lugar, su abogado investigar\u00e1 si el acusado tiene recursos. Cuando hay un proveedor de servicios de seguros involucrado, es m\u00e1s probable que le paguen por sus da\u00f1os. En caso de que el litigio sea contra otra persona, su abogado querr\u00e1 saber si la persona en cuesti\u00f3n tiene activos. Si no, puede resultar desafiante. Su juicio por s\u00ed solo no ser\u00e1 suficiente para que su caso sea aceptado.<\/p>\n<p>Finalmente, debe determinar si puede probar la responsabilidad. Si no hay evidencia de respaldo para su reclamo, su abogado tendr\u00e1 dificultades para demostrar lo contrario. Es necesario que haya pruebas definitivas y hechos que prueben que la otra parte es responsable de las lesiones sufridas.<\/p>\n<h2>\u00bfCu\u00e1nto tiempo tengo para presentar un reclamo por un accidente automovil\u00edstico en Texas?<\/h2>\n<p>No importa en qu\u00e9 estado viva porque cada estado tiene leyes que rigen cu\u00e1nto tiempo tiene que presentar un reclamo legalmente vinculante. Esta ley se conoce como el estatuto de limitaciones. Y en caso de que no presente su reclamo legal dentro del <a href=\"https:\/\/texaslawhelp.org\/article\/statutes-limitation-civil-lawsuits\" target=\"_blank\" rel=\"noopener noreferrer nofollow\">per\u00edodo estipulado<\/a>, su reclamo se considerar\u00e1 nulo. Eso significa que no tendr\u00e1 ning\u00fan motivo para solicitar una indemnizaci\u00f3n del acusado.<\/p>\n<p>Dado que el estatuto de limitaciones var\u00eda para cada tipo diferente de reclamo, es prudente tener un abogado experimentado en accidentes automovil\u00edsticos en Texas que se ocupe de su caso. Conocen los entresijos de la ley. Se encargar\u00e1n de que su reclamo se presente antes de que se cierre la ventana. De esta manera, se preservar\u00e1 su derecho a cobrar da\u00f1os.<\/p>\n<h2>\u00bfQu\u00e9 puedo hacer si la compa\u00f1\u00eda de seguros rechaz\u00f3 mi reclamo?<\/h2>\n<p>Involucrarse en un accidente es bastante desafortunado. Tu vida ha sido desarraigada de debajo de tus pies; deber\u00e1 buscar asistencia m\u00e9dica y contratar a un abogado especializado en accidentes. Y cuando la compa\u00f1\u00eda de seguros niega su reclamo, es como agregar un insulto a la lesi\u00f3n, \u00a1literalmente!<\/p>\n<p><img loading=\"lazy\" decoding=\"async\" class=\"alignnone size-full wp-image-32510\" src=\"https:\/\/mcdonaldworley.com\/wp-content\/uploads\/2020\/04\/car-accident-5-500x325-2.jpg\" alt=\"A woman speaking with an insurance adjuster at the scene of a rear-end car accident.\" width=\"500\" height=\"325\" title=\"\" srcset=\"https:\/\/mcdonaldworley.com\/wp-content\/uploads\/2020\/04\/car-accident-5-500x325-2.jpg 500w, https:\/\/mcdonaldworley.com\/wp-content\/uploads\/2020\/04\/car-accident-5-500x325-2-300x195.jpg 300w\" sizes=\"auto, (max-width: 500px) 100vw, 500px\" \/><\/p>\n<p>En un mundo ideal, en el momento en que presente un reclamo a su proveedor de seguros, inmediatamente le enviar\u00e1n un cheque por da\u00f1os a su autom\u00f3vil. Ofrecer\u00edan cobertura para sus gastos m\u00e9dicos y lesiones de inmediato. Pero tristemente, este no es un mundo as\u00ed. Su proveedor de seguros puede negar su reclamo e incluso proceder a negar la apelaci\u00f3n tambi\u00e9n.<\/p>\n<p>Aqu\u00ed hay posibles razones por las cuales un proveedor de servicios de seguros puede denegar su reclamo:<\/p>\n<h3>Dejaste que tu p\u00f3liza caducar\u00e1 o se cancel\u00f3<\/h3>\n<p>Si no realiz\u00f3 un pago en su p\u00f3liza, se cancelar\u00e1. Si no proporcion\u00f3 la informaci\u00f3n correcta seg\u00fan lo solicitado, la p\u00f3liza de seguro podr\u00eda cancelarse o caducar. En cada una de estas circunstancias, es probable que no est\u00e9 cubierto en el momento de su accidente. Nuestros abogados de accidentes pueden manejar el proveedor de servicios de seguros por usted.<\/p>\n<h3>No tienes cobertura total<\/h3>\n<p>Es posible que haya seleccionado la pol\u00edtica que solo cubre lesiones a otras personas. Nuestros abogados de accidentes automovil\u00edsticos en <a href=\"https:\/\/mcdonaldworley.com\/conroe\/\" target=\"_blank\" rel=\"noopener\">Conroe<\/a>, Texas, se comunicar\u00e1n y hablar\u00e1n con el proveedor de seguros en su nombre.. Si solo tiene un seguro de responsabilidad civil, no proporcionar\u00e1 cobertura por da\u00f1os a su autom\u00f3vil. Dependiendo de los l\u00edmites de su cobertura, es posible que no tenga un seguro suficiente para cubrir sus lesiones.<\/p>\n<h3>Tu nombre no est\u00e1 en la pol\u00edtica<\/h3>\n<p>Tal vez cuando ocurri\u00f3 el accidente, usted conduc\u00eda el autom\u00f3vil de otra persona. O tal vez usted fue el que conduc\u00eda un veh\u00edculo comercial pero no figura en la lista de su p\u00f3liza de seguro. Permita que nuestros abogados manejen cualquier discrepancia en su pol\u00edtica.<\/p>\n<h3>No lo denunciaste<\/h3>\n<p>Si se involucra en un accidente automovil\u00edstico, se le solicitar\u00e1 que proporcione al proveedor de servicios de seguros la informaci\u00f3n pertinente. Es posible que renuncies a tu cobertura si no lo haces.<\/p>\n<p>La raz\u00f3n realmente no importa; necesita hablar con sus abogados sobre su problema. Tenga en cuenta que el tiempo es esencial para apelar una negaci\u00f3n. Deber\u00e1 preparar la documentaci\u00f3n y presentar primero la documentaci\u00f3n del bloqueo. El proveedor de servicios de seguros lo mantendr\u00e1 en plazos estrictos independientemente de si tiene un abogado o no.<\/p>\n<p>Permita que nuestro <a href=\"https:\/\/mcdonaldworley.com\/es\/the-woodlands\/abogado-especialista-accidentes-automovilisticos\/\" target=\"_blank\" rel=\"noopener\">abogado de accidentes automovil\u00edsticos<\/a> de Conroe maneje la compa\u00f1\u00eda de seguros..<\/p>\n<h2>\u00a1P\u00f3ngase en contacto con nuestros abogados de accidentes automovil\u00edsticos de Conroe hoy!<\/h2>\n<p>Si necesita una empresa de <a href=\"https:\/\/mcdonaldworley.com\/es\/conroe\/abogado-lesiones-personales\/\" target=\"_blank\" rel=\"noopener\">lesiones personales<\/a> con experiencia despu\u00e9s de sufrir lesiones como resultado de un accidente automovil\u00edstico, debe considerar ponerse en contacto con McDonald Worley..<\/p>\n<p>Nuestros abogados est\u00e1n disponibles las 24 horas, lo que significa que puede comunicarse con nosotros en cualquier momento. Tampoco cobramos ninguna tarifa por los servicios prestados a menos que tengamos \u00e9xito en ganar su caso.<\/p>\n<p>Ll\u00e1menos hoy a McDonald Worley para su consulta gratuita con nuestros abogados. Nuestros abogados han estado en el campo de los servicios legales por m\u00e1s de 20 a\u00f1os, ofreciendo sus servicios a clientes dentro del estado de Conroe y en los alrededores de Conroe.<\/p>\n<p>Podemos ayudarlo a obtener la compensaci\u00f3n a la que tiene derecho, \u00a1todo lo que necesita hacer es ponerse en contacto con nosotros hoy!<\/p>\n","protected":false},"excerpt":{"rendered":"<p>Si ha estado involucrado en un accidente automovil\u00edstico, debe comunicarse con un abogado competente de Conroe en McDonald Worley. Puede solicitar una indemnizaci\u00f3n por todos los da\u00f1os con la asistencia de un representante legal. Las v\u00edctimas de accidentes a menudo se preguntan c\u00f3mo liquidar las facturas m\u00e9dicas junto con otros gastos, como el costo de [&hellip;]<\/p>\n","protected":false},"author":65,"featured_media":0,"parent":32732,"menu_order":0,"comment_status":"closed","ping_status":"closed","template":"","meta":{"_acf_changed":false,"site-sidebar-layout":"default","site-content-layout":"","ast-site-content-layout":"default","site-content-style":"default","site-sidebar-style":"default","ast-global-header-display":"","ast-banner-title-visibility":"","ast-main-header-display":"","ast-hfb-above-header-display":"","ast-hfb-below-header-display":"","ast-hfb-mobile-header-display":"","site-post-title":"","ast-breadcrumbs-content":"","ast-featured-img":"","footer-sml-layout":"","ast-disable-related-posts":"","theme-transparent-header-meta":"","adv-header-id-meta":"","stick-header-meta":"","header-above-stick-meta":"","header-main-stick-meta":"","header-below-stick-meta":"","astra-migrate-meta-layouts":"default","ast-page-background-enabled":"default","ast-page-background-meta":{"desktop":{"background-color":"var(--ast-global-color-4)","background-image":"","background-repeat":"repeat","background-position":"center center","background-size":"auto","background-attachment":"scroll","background-type":"","background-media":"","overlay-type":"","overlay-color":"","overlay-opacity":"","overlay-gradient":""},"tablet":{"background-color":"","background-image":"","background-repeat":"repeat","background-position":"center center","background-size":"auto","background-attachment":"scroll","background-type":"","background-media":"","overlay-type":"","overlay-color":"","overlay-opacity":"","overlay-gradient":""},"mobile":{"background-color":"","background-image":"","background-repeat":"repeat","background-position":"center center","background-size":"auto","background-attachment":"scroll","background-type":"","background-media":"","overlay-type":"","overlay-color":"","overlay-opacity":"","overlay-gradient":""}},"ast-content-background-meta":{"desktop":{"background-color":"var(--ast-global-color-5)","background-image":"","background-repeat":"repeat","background-position":"center center","background-size":"auto","background-attachment":"scroll","background-type":"","background-media":"","overlay-type":"","overlay-color":"","overlay-opacity":"","overlay-gradient":""},"tablet":{"background-color":"var(--ast-global-color-5)","background-image":"","background-repeat":"repeat","background-position":"center center","background-size":"auto","background-attachment":"scroll","background-type":"","background-media":"","overlay-type":"","overlay-color":"","overlay-opacity":"","overlay-gradient":""},"mobile":{"background-color":"var(--ast-global-color-5)","background-image":"","background-repeat":"repeat","background-position":"center center","background-size":"auto","background-attachment":"scroll","background-type":"","background-media":"","overlay-type":"","overlay-color":"","overlay-opacity":"","overlay-gradient":""}},"footnotes":""},"class_list":["post-32733","page","type-page","status-publish","hentry"],"acf":[],"_links":{"self":[{"href":"https:\/\/mcdonaldworley.com\/es\/wp-json\/wp\/v2\/pages\/32733","targetHints":{"allow":["GET"]}}],"collection":[{"href":"https:\/\/mcdonaldworley.com\/es\/wp-json\/wp\/v2\/pages"}],"about":[{"href":"https:\/\/mcdonaldworley.com\/es\/wp-json\/wp\/v2\/types\/page"}],"author":[{"embeddable":true,"href":"https:\/\/mcdonaldworley.com\/es\/wp-json\/wp\/v2\/users\/65"}],"replies":[{"embeddable":true,"href":"https:\/\/mcdonaldworley.com\/es\/wp-json\/wp\/v2\/comments?post=32733"}],"version-history":[{"count":0,"href":"https:\/\/mcdonaldworley.com\/es\/wp-json\/wp\/v2\/pages\/32733\/revisions"}],"up":[{"embeddable":true,"href":"https:\/\/mcdonaldworley.com\/es\/wp-json\/wp\/v2\/pages\/32732"}],"wp:attachment":[{"href":"https:\/\/mcdonaldworley.com\/es\/wp-json\/wp\/v2\/media?parent=32733"}],"curies":[{"name":"wp","href":"https:\/\/api.w.org\/{rel}","templated":true}]}}