{"id":32731,"date":"2020-04-10T08:19:07","date_gmt":"2020-04-10T14:19:07","guid":{"rendered":"https:\/\/abconlinehold.wpengine.com\/cypress\/cypress-personal-injury-lawyer\/"},"modified":"2021-08-12T10:36:12","modified_gmt":"2021-08-12T15:36:12","slug":"abogado-lesiones-personales","status":"publish","type":"page","link":"https:\/\/mcdonaldworley.com\/es\/cypress\/abogado-lesiones-personales\/","title":{"rendered":"Abogado de lesiones personales de Cipr\u00e9s"},"content":{"rendered":"<p>Si ha sufrido una lesi\u00f3n y otra parte tiene la culpa, tiene derecho a recibir una indemnizaci\u00f3n. Esto est\u00e1 permitido por la ley de Texas. Sin embargo, puede ser necesario presentar una demanda contra la parte que caus\u00f3 las lesiones. En algunos casos, es posible que pueda presentar un reclamo contra varias partes. En algunos casos, puede ser necesario presentar una demanda contra una empresa o incluso una entidad gubernamental. Var\u00eda de un caso a otro. En muchos casos, estas lesiones son causadas por un incidente de resbal\u00f3n y ca\u00edda o un <a href=\"https:\/\/mcdonaldworley.com\/es\/boulder-city\/abogado-accidentes-automovilisticos\/\" target=\"_blank\" rel=\"noopener\">accidente automovil\u00edstico.<\/a>. Aunque este tipo de casos de lesiones personales surgen con frecuencia, tambi\u00e9n hay otros tipos de casos. No importa cu\u00e1l sea la causa de sus lesiones, necesitar\u00e1 la asistencia de un abogado experimentado en lesiones personales de <a href=\"https:\/\/mcdonaldworley.com\/cypress\/\" target=\"_blank\" rel=\"noopener\">Cypress.<\/a>. McDonald Worley luchar\u00e1 para obtener la compensaci\u00f3n que se le debe.<\/p>\n<p>Los da\u00f1os para los que posiblemente est\u00e9 buscando recuperaci\u00f3n incluyen:<\/p>\n<ul>\n<li>Facturas m\u00e9dicas<\/li>\n<li>P\u00e9rdida de salarios<\/li>\n<li>Lesiones f\u00edsicas y dolor.<\/li>\n<li>Angustia mental<\/li>\n<li>Desfiguraci\u00f3n o discapacidad<\/li>\n<\/ul>\n<p>Estar involucrado en un accidente puede ser aterrador. Tambi\u00e9n puede ser abrumador. Si nunca ha cosido a alguien antes, es posible que no sepa cu\u00e1l deber\u00eda ser su pr\u00f3ximo paso. Antes de hacer cualquier otra cosa, debe asegurarse de obtener la atenci\u00f3n m\u00e9dica que necesita. Despu\u00e9s de eso, debe leerle a un abogado. Llame a McDonald Worley al 877-721-3423 si desea asistencia de una de las principales <a href=\"\/es\">firmas de abogados de lesiones personales<\/a> del pa\u00eds. Siempre estamos disponibles y podremos brindarle la informaci\u00f3n que necesita. No tendr\u00e1 que pagar por su consulta y no tendr\u00e1 que cubrir facturas legales hasta que se haya ganado su caso.<\/p>\n\n<h2>\u00bfPor qu\u00e9 elegir los abogados de lesiones personales McDonald Worley en Cypress?<\/h2>\n<p>McDonald Worley trabaja muy duro para obtener el dinero que necesita y merece. Recopilaremos la evidencia m\u00e1s s\u00f3lida para respaldar su reclamo de recuperaci\u00f3n de da\u00f1os y negociaremos con los otros lados y abogados para llegar a un acuerdo para su caso. Lo trataremos como a un miembro de nuestra familia. Entendemos que este es un momento dif\u00edcil y aterrador para usted. Perm\u00edtanos manejar los aspectos legales para que pueda concentrarse en recuperarse de sus lesiones. Ll\u00e1menos hoy para que podamos analizar su caso.<\/p>\n<ul>\n<li>McDonald Worley se enorgullece de nuestros valores anticuados.<\/li>\n<li>Nuestro personal experto y experto est\u00e1 preparado para discutir y revisar su caso.<\/li>\n<li>Nuestros abogados tienen mucha experiencia en el campo de la ley de lesiones personales.<\/li>\n<li>No necesita pagar nada hasta que hayamos ganado su caso.<\/li>\n<\/ul>\n<h2>Lesiones personales comunes<\/h2>\n<p>Los tipos de accidentes que estamos discutiendo aqu\u00ed pueden causar todo tipo de lesiones. Los abogados de McDonald Worley han manejado todo tipo de casos, incluidos los siguientes:<\/p>\n<ul>\n<li>Desfiguraci\u00f3n facial<\/li>\n<li>Heridas internas<\/li>\n<li>Lesiones en el cuello<\/li>\n<li>Lesiones de espalda<\/li>\n<li>Quemaduras<\/li>\n<li>Lesiones de la m\u00e9dula espinal<\/li>\n<li>Lesiones cerebrales traum\u00e1ticas y lesiones en la cabeza.<\/li>\n<\/ul>\n<p><img loading=\"lazy\" decoding=\"async\" class=\"alignnone wp-image-32413 size-full\" src=\"https:\/\/mcdonaldworley.com\/wp-content\/uploads\/2020\/04\/injury-500x374-1.jpg\" alt=\"A closeup photo of a person with their left arm in a cast.\" width=\"500\" height=\"374\" title=\"\" srcset=\"https:\/\/mcdonaldworley.com\/wp-content\/uploads\/2020\/04\/injury-500x374-1.jpg 500w, https:\/\/mcdonaldworley.com\/wp-content\/uploads\/2020\/04\/injury-500x374-1-300x224.jpg 300w\" sizes=\"auto, (max-width: 500px) 100vw, 500px\" \/><\/p>\n<p>Tenga en cuenta que los problemas de por vida pueden ser causados \u200b\u200bincluso por lesiones menores. Usted merece ser compensado por sus lesiones. Trabajaremos duro para obtener el dinero que usted merece y necesita. Intentaremos negociar con su compa\u00f1\u00eda de seguros para resolver el problema. De esa manera no necesitar\u00e1 pasar por una demanda. Tener un abogado de Cypress, Texas, que lo ayude har\u00e1 que el proceso general sea mucho menos doloroso.<\/p>\n<p>Si ha sufrido lesiones que son m\u00e1s graves, necesitar\u00e1 un abogado a\u00fan m\u00e1s. Los abogados conocen la mejor manera de presentar evidencia para probar sus da\u00f1os y p\u00e9rdidas. Hemos luchado por nuestros clientes durante d\u00e9cadas y trabajaremos para obtener una compensaci\u00f3n por sus p\u00e9rdidas, tanto actuales como futuras. Will aliviar\u00e1 el estr\u00e9s de usted para que pueda concentrarse en su recuperaci\u00f3n.<\/p>\n<h2>P\u00f3ngase en contacto con un abogado de lesiones personales de Cypress<\/h2>\n<p>Cualquier persona que haya estado involucrada en un accidente debe recibir la atenci\u00f3n m\u00e9dica que necesita de inmediato. A partir de ah\u00ed, debe comunicarse con un <a href=\"https:\/\/mcdonaldworley.com\/es\/moreno-valley\/abogado-lesiones-personales\/\" target=\"_blank\" rel=\"noopener\">abogado de lesiones personales<\/a> lo antes posible.. Alguien en McDonald Worley estar\u00e1 all\u00ed para responder su llamada a cualquier hora del d\u00eda, en cualquier d\u00eda de la semana. Nuestras consultas son gratuitas. Revisaremos su caso, examinaremos sus lesiones y le diremos lo que creemos que vale su caso. Recuerde que no tendr\u00e1 que pagar nada hasta despu\u00e9s de que ganemos su caso por usted.<\/p>\n","protected":false},"excerpt":{"rendered":"<p>Si ha sufrido una lesi\u00f3n y otra parte tiene la culpa, tiene derecho a recibir una indemnizaci\u00f3n. Esto est\u00e1 permitido por la ley de Texas. Sin embargo, puede ser necesario presentar una demanda contra la parte que caus\u00f3 las lesiones. En algunos casos, es posible que pueda presentar un reclamo contra varias partes. En algunos [&hellip;]<\/p>\n","protected":false},"author":65,"featured_media":0,"parent":32729,"menu_order":0,"comment_status":"closed","ping_status":"closed","template":"","meta":{"_acf_changed":false,"site-sidebar-layout":"default","site-content-layout":"","ast-site-content-layout":"default","site-content-style":"default","site-sidebar-style":"default","ast-global-header-display":"","ast-banner-title-visibility":"","ast-main-header-display":"","ast-hfb-above-header-display":"","ast-hfb-below-header-display":"","ast-hfb-mobile-header-display":"","site-post-title":"","ast-breadcrumbs-content":"","ast-featured-img":"","footer-sml-layout":"","ast-disable-related-posts":"","theme-transparent-header-meta":"","adv-header-id-meta":"","stick-header-meta":"","header-above-stick-meta":"","header-main-stick-meta":"","header-below-stick-meta":"","astra-migrate-meta-layouts":"default","ast-page-background-enabled":"default","ast-page-background-meta":{"desktop":{"background-color":"var(--ast-global-color-4)","background-image":"","background-repeat":"repeat","background-position":"center center","background-size":"auto","background-attachment":"scroll","background-type":"","background-media":"","overlay-type":"","overlay-color":"","overlay-opacity":"","overlay-gradient":""},"tablet":{"background-color":"","background-image":"","background-repeat":"repeat","background-position":"center center","background-size":"auto","background-attachment":"scroll","background-type":"","background-media":"","overlay-type":"","overlay-color":"","overlay-opacity":"","overlay-gradient":""},"mobile":{"background-color":"","background-image":"","background-repeat":"repeat","background-position":"center center","background-size":"auto","background-attachment":"scroll","background-type":"","background-media":"","overlay-type":"","overlay-color":"","overlay-opacity":"","overlay-gradient":""}},"ast-content-background-meta":{"desktop":{"background-color":"var(--ast-global-color-5)","background-image":"","background-repeat":"repeat","background-position":"center center","background-size":"auto","background-attachment":"scroll","background-type":"","background-media":"","overlay-type":"","overlay-color":"","overlay-opacity":"","overlay-gradient":""},"tablet":{"background-color":"var(--ast-global-color-5)","background-image":"","background-repeat":"repeat","background-position":"center center","background-size":"auto","background-attachment":"scroll","background-type":"","background-media":"","overlay-type":"","overlay-color":"","overlay-opacity":"","overlay-gradient":""},"mobile":{"background-color":"var(--ast-global-color-5)","background-image":"","background-repeat":"repeat","background-position":"center center","background-size":"auto","background-attachment":"scroll","background-type":"","background-media":"","overlay-type":"","overlay-color":"","overlay-opacity":"","overlay-gradient":""}},"footnotes":""},"class_list":["post-32731","page","type-page","status-publish","hentry"],"acf":[],"_links":{"self":[{"href":"https:\/\/mcdonaldworley.com\/es\/wp-json\/wp\/v2\/pages\/32731","targetHints":{"allow":["GET"]}}],"collection":[{"href":"https:\/\/mcdonaldworley.com\/es\/wp-json\/wp\/v2\/pages"}],"about":[{"href":"https:\/\/mcdonaldworley.com\/es\/wp-json\/wp\/v2\/types\/page"}],"author":[{"embeddable":true,"href":"https:\/\/mcdonaldworley.com\/es\/wp-json\/wp\/v2\/users\/65"}],"replies":[{"embeddable":true,"href":"https:\/\/mcdonaldworley.com\/es\/wp-json\/wp\/v2\/comments?post=32731"}],"version-history":[{"count":0,"href":"https:\/\/mcdonaldworley.com\/es\/wp-json\/wp\/v2\/pages\/32731\/revisions"}],"up":[{"embeddable":true,"href":"https:\/\/mcdonaldworley.com\/es\/wp-json\/wp\/v2\/pages\/32729"}],"wp:attachment":[{"href":"https:\/\/mcdonaldworley.com\/es\/wp-json\/wp\/v2\/media?parent=32731"}],"curies":[{"name":"wp","href":"https:\/\/api.w.org\/{rel}","templated":true}]}}