{"id":32730,"date":"2020-04-10T07:32:18","date_gmt":"2020-04-10T13:32:18","guid":{"rendered":"https:\/\/abconlinehold.wpengine.com\/cypress\/cypress-car-accident-lawyer\/"},"modified":"2020-04-22T11:42:51","modified_gmt":"2020-04-22T17:42:51","slug":"abogado-accidentes-auto","status":"publish","type":"page","link":"https:\/\/mcdonaldworley.com\/es\/cypress\/abogado-accidentes-auto\/","title":{"rendered":"Abogado de Accidentes de Auto en Cypress \u00a0"},"content":{"rendered":"<p>Despu\u00e9s de estar involucrado en un accidente automovil\u00edstico, es aconsejable que contacte a un abogado en Cypress en McDonald Worley. Con la ayuda de un representante legal, podr\u00e1 solicitar una indemnizaci\u00f3n por todos los da\u00f1os. Despu\u00e9s de un accidente, muchas v\u00edctimas se preguntan c\u00f3mo liquidar las facturas m\u00e9dicas y otros gastos, como el costo de la reparaci\u00f3n de autom\u00f3viles. Otro problema que enfrentan las v\u00edctimas es c\u00f3mo recuperarse por la p\u00e9rdida de salarios. Sin embargo, contactando a nuestro equipo, podemos guiarlo sobre c\u00f3mo hacer para construir un caso s\u00f3lido.<\/p>\n<p>Nuestros <a href=\"\/es\">abogados de lesiones personales<\/a> tienen d\u00e9cadas de experiencia en la lucha por los derechos de las v\u00edctimas que han estado involucradas en accidentes automovil\u00edsticos. Adem\u00e1s, debido a nuestra gran experiencia y conocimiento, nuestra marca es reconocida como una de las mejores firmas de abogados en esta regi\u00f3n. Estamos decididos a ayudar a las v\u00edctimas con sus casos y asegurarnos de que obtengan la mayor recompensa por su reclamo.<\/p>\n\n<h2>\u00bfC\u00f3mo s\u00e9 si tengo un caso de accidente automovil\u00edstico?<\/h2>\n<p>Determinar si tiene un caso s\u00f3lido depende de tres cosas.<\/p>\n<ol>\n<li>Si los da\u00f1os son suficientes para justificar el caso de un reclamo. Es responsabilidad del abogado determinar esto, ya que tambi\u00e9n necesitan saber si el caso vale la pena. Si el caso solo vale un par de miles de d\u00f3lares, entonces probablemente no valga la pena su esfuerzo y tiempo. Si bien esto parece duro, es la verdad.<\/li>\n<li>Si el acusado tiene recursos. Un abogado tambi\u00e9n considerar\u00e1 si una aseguradora est\u00e1 involucrada en el caso; si hay uno, es probable que le paguen por sus da\u00f1os. Sin embargo, si su demanda es contra una sola persona, su abogado podr\u00eda querer saber si la parte tiene alg\u00fan activo. Si no lo hacen, ser\u00e1 dif\u00edcil para ellos representarlo, ya que la decisi\u00f3n final podr\u00eda no valer m\u00e1s que el papel en el que est\u00e1 impreso.<\/li>\n<li>Si puede probar la responsabilidad. Si no tiene evidencia que respalde su reclamo, entonces ser\u00e1 muy dif\u00edcil que su abogado demuestre su culpa. Debe tener pruebas y hechos suficientes que demuestren que la otra parte es responsable de las lesiones que ha sufrido.<\/li>\n<\/ol>\n<h2>\u00bfCu\u00e1nto tiempo tengo antes de presentar un reclamo por accidente automovil\u00edstico en Texas?<\/h2>\n<p>Independientemente de d\u00f3nde viva, hay una ley en su estado que estipula la <a href=\"https:\/\/statutes.capitol.texas.gov\/Docs\/CP\/htm\/CP.16.htm\" target=\"_blank\" rel=\"noopener noreferrer nofollow\">cantidad de tiempo<\/a> que tiene para presentar un reclamo legalmente, y esa ley se conoce como el estatuto de limitaciones. Si no presenta su reclamo de compensaci\u00f3n dentro de este per\u00edodo, entonces pierde la oportunidad de reclamar por lesiones sufridas para siempre.<\/p>\n<p><img loading=\"lazy\" decoding=\"async\" class=\"alignnone size-full wp-image-32400\" src=\"https:\/\/mcdonaldworley.com\/wp-content\/uploads\/2020\/04\/car-accident-5-500x325-1.jpg\" alt=\"A woman speaking with an insurance adjuster after a car accident in Cypress.\" width=\"500\" height=\"325\" title=\"\" srcset=\"https:\/\/mcdonaldworley.com\/wp-content\/uploads\/2020\/04\/car-accident-5-500x325-1.jpg 500w, https:\/\/mcdonaldworley.com\/wp-content\/uploads\/2020\/04\/car-accident-5-500x325-1-300x195.jpg 300w\" sizes=\"auto, (max-width: 500px) 100vw, 500px\" \/><\/p>\n<p>Dado que esta ley es diferente en cada tipo de reclamo, es una buena idea considerar tener un abogado experimentado en accidentes automovil\u00edsticos cerca de <a href=\"https:\/\/mcdonaldworley.com\/cypress\/\" target=\"_blank\" rel=\"noopener\">Cypress<\/a> para que maneje el reclamo por usted. Los abogados conocen la ley y pueden ayudar a garantizar que su reclamo de indemnizaci\u00f3n se presente a tiempo, preservando sus derechos de cobrar una indemnizaci\u00f3n por los da\u00f1os sufridos.<\/p>\n<h2>\u00bfC\u00f3mo se valoran las reclamaciones por accidentes automovil\u00edsticos en Texas?<\/h2>\n<p>Lo principal a recordar cuando se piensa en presentar un reclamo es que cada caso es \u00fanico. No hay dos casos iguales: dos personas que sufren el mismo tipo de lesiones pueden resolver sus reclamos en diferentes cantidades. Para determinar cu\u00e1nto vale su caso, nuestros abogados de accidentes tendr\u00e1n que revisar el caso primero.<\/p>\n<p>Al evaluar un reclamo por accidente automovil\u00edstico se determinan varios factores, que incluyen:<\/p>\n<p>L\u00edmites de la p\u00f3liza de seguro: el estado de Texas requiere que todos los conductores tengan seguro de auto de cierta cantidad. Aunque el l\u00edmite est\u00e1 establecido, algunos conductores texanos optan por comprar cobertura adicional. Los montos m\u00ednimos de seguro de auto en Texas son los siguientes:<\/p>\n<ul>\n<li>$ 25,000 \/ accidente por da\u00f1os a la propiedad<\/li>\n<li>$ 30,000 \/ persona lesionada<\/li>\n<li>$ 60,000 \/ accidente por lesiones<\/li>\n<\/ul>\n<p>\u00bfCu\u00e1l es el proceso para obtener un informe de accidente automovil\u00edstico?<br \/>\nDespu\u00e9s de un accidente automovil\u00edstico, \u00bfsabe lo que debe hacer para registrar su accidente y obtener una copia del informe policial? \u00a1Mucha gente no lo hace! Lo primero que debe hacer es averiguar de qu\u00e9 agencia de aplicaci\u00f3n de la ley vino el oficial investigador.<\/p>\n<p>Normalmente, los primeros oficiales en la escena del accidente le proporcionar\u00e1n una tarjeta que indica el nombre del oficial y su departamento. Si no recibi\u00f3 este comprobante de informaci\u00f3n de contacto, tendr\u00e1 que encontrar la informaci\u00f3n que necesita de otra manera consultando con el Departamento de Polic\u00eda de la Ciudad, el Departamento de Seguridad P\u00fablica de Texas o con el Sheriff del Condado.<\/p>\n<p>Si ocurri\u00f3 el incidente:<\/p>\n<ul>\n<li>Dentro de los l\u00edmites de la ciudad: considere comunicarse con el departamento de polic\u00eda de esa ciudad y solicitarles que le proporcionen una copia del informe del accidente automovil\u00edstico.<\/li>\n<li>Fuera de los l\u00edmites de la ciudad: consulte con la oficina del Sheriff del Condado. P\u00f3ngase en contacto con la divisi\u00f3n de accidentes y solicite una copia del informe.<\/li>\n<li>Fuera de los l\u00edmites de la ciudad, pero el Sheriff del Condado no est\u00e1 involucrado. Considere consultar con el Departamento de Seguridad P\u00fablica.<\/li>\n<\/ul>\n<p>Vale la pena se\u00f1alar que algunas agencias solo responder\u00e1n a las solicitudes que se hayan enviado por correo, mientras que otras pueden requerir que env\u00ede una solicitud escrita a mano. Pero en t\u00e9rminos generales, el costo para obtener una copia del informe no es m\u00e1s que un par de d\u00f3lares.<\/p>\n<h2>\u00a1Comun\u00edquese con un abogado de accidentes automovil\u00edsticos en Cypress hoy!<\/h2>\n<p>Si necesita un abogado experimentado despu\u00e9s de sufrir lesiones como resultado de un accidente automovil\u00edstico, entonces puede comunicarse con una firma de lesiones personales de Cypress.<\/p>\n<p>Nuestro equipo de abogados est\u00e1 disponible las 24 horas, lo que le brinda el privilegio de comunicarse con nosotros en cualquier momento. Adem\u00e1s, no cobramos ninguna tarifa por nuestro servicio a menos que logremos ganar su caso.<\/p>\n<p>Ll\u00e1menos hoy a McDonald Worley y consulte a un abogado especializado en accidentes automovil\u00edsticos de Cypress de forma gratuita. Adem\u00e1s, nuestros abogados han estado en servicios durante m\u00e1s de 20 a\u00f1os ofreciendo servicios legales a clientes que se encuentran en el estado de Texas.<\/p>\n<p>Podemos ayudarlo a obtener la compensaci\u00f3n que merece, \u00a1todo lo que tiene que hacer es comunicarse con nosotros hoy!<\/p>\n","protected":false},"excerpt":{"rendered":"<p>Despu\u00e9s de estar involucrado en un accidente automovil\u00edstico, es aconsejable que contacte a un abogado en Cypress en McDonald Worley. Con la ayuda de un representante legal, podr\u00e1 solicitar una indemnizaci\u00f3n por todos los da\u00f1os. Despu\u00e9s de un accidente, muchas v\u00edctimas se preguntan c\u00f3mo liquidar las facturas m\u00e9dicas y otros gastos, como el costo de [&hellip;]<\/p>\n","protected":false},"author":65,"featured_media":0,"parent":32729,"menu_order":0,"comment_status":"closed","ping_status":"closed","template":"","meta":{"_acf_changed":false,"site-sidebar-layout":"default","site-content-layout":"","ast-site-content-layout":"default","site-content-style":"default","site-sidebar-style":"default","ast-global-header-display":"","ast-banner-title-visibility":"","ast-main-header-display":"","ast-hfb-above-header-display":"","ast-hfb-below-header-display":"","ast-hfb-mobile-header-display":"","site-post-title":"","ast-breadcrumbs-content":"","ast-featured-img":"","footer-sml-layout":"","ast-disable-related-posts":"","theme-transparent-header-meta":"","adv-header-id-meta":"","stick-header-meta":"","header-above-stick-meta":"","header-main-stick-meta":"","header-below-stick-meta":"","astra-migrate-meta-layouts":"default","ast-page-background-enabled":"default","ast-page-background-meta":{"desktop":{"background-color":"var(--ast-global-color-4)","background-image":"","background-repeat":"repeat","background-position":"center center","background-size":"auto","background-attachment":"scroll","background-type":"","background-media":"","overlay-type":"","overlay-color":"","overlay-opacity":"","overlay-gradient":""},"tablet":{"background-color":"","background-image":"","background-repeat":"repeat","background-position":"center center","background-size":"auto","background-attachment":"scroll","background-type":"","background-media":"","overlay-type":"","overlay-color":"","overlay-opacity":"","overlay-gradient":""},"mobile":{"background-color":"","background-image":"","background-repeat":"repeat","background-position":"center center","background-size":"auto","background-attachment":"scroll","background-type":"","background-media":"","overlay-type":"","overlay-color":"","overlay-opacity":"","overlay-gradient":""}},"ast-content-background-meta":{"desktop":{"background-color":"var(--ast-global-color-5)","background-image":"","background-repeat":"repeat","background-position":"center center","background-size":"auto","background-attachment":"scroll","background-type":"","background-media":"","overlay-type":"","overlay-color":"","overlay-opacity":"","overlay-gradient":""},"tablet":{"background-color":"var(--ast-global-color-5)","background-image":"","background-repeat":"repeat","background-position":"center center","background-size":"auto","background-attachment":"scroll","background-type":"","background-media":"","overlay-type":"","overlay-color":"","overlay-opacity":"","overlay-gradient":""},"mobile":{"background-color":"var(--ast-global-color-5)","background-image":"","background-repeat":"repeat","background-position":"center center","background-size":"auto","background-attachment":"scroll","background-type":"","background-media":"","overlay-type":"","overlay-color":"","overlay-opacity":"","overlay-gradient":""}},"footnotes":""},"class_list":["post-32730","page","type-page","status-publish","hentry"],"acf":[],"_links":{"self":[{"href":"https:\/\/mcdonaldworley.com\/es\/wp-json\/wp\/v2\/pages\/32730","targetHints":{"allow":["GET"]}}],"collection":[{"href":"https:\/\/mcdonaldworley.com\/es\/wp-json\/wp\/v2\/pages"}],"about":[{"href":"https:\/\/mcdonaldworley.com\/es\/wp-json\/wp\/v2\/types\/page"}],"author":[{"embeddable":true,"href":"https:\/\/mcdonaldworley.com\/es\/wp-json\/wp\/v2\/users\/65"}],"replies":[{"embeddable":true,"href":"https:\/\/mcdonaldworley.com\/es\/wp-json\/wp\/v2\/comments?post=32730"}],"version-history":[{"count":0,"href":"https:\/\/mcdonaldworley.com\/es\/wp-json\/wp\/v2\/pages\/32730\/revisions"}],"up":[{"embeddable":true,"href":"https:\/\/mcdonaldworley.com\/es\/wp-json\/wp\/v2\/pages\/32729"}],"wp:attachment":[{"href":"https:\/\/mcdonaldworley.com\/es\/wp-json\/wp\/v2\/media?parent=32730"}],"curies":[{"name":"wp","href":"https:\/\/api.w.org\/{rel}","templated":true}]}}