{"id":32721,"date":"2020-04-09T13:17:54","date_gmt":"2020-04-09T19:17:54","guid":{"rendered":"https:\/\/abconlinehold.wpengine.com\/pasadena\/personal-injury-attorney-in-pasadena\/"},"modified":"2021-08-12T11:41:36","modified_gmt":"2021-08-12T16:41:36","slug":"abogado-lesiones-personales","status":"publish","type":"page","link":"https:\/\/mcdonaldworley.com\/es\/pasadena\/abogado-lesiones-personales\/","title":{"rendered":"Abogado de lesiones personales en Pasadena"},"content":{"rendered":"<p>Si est\u00e1 lesionado y alguien m\u00e1s tiene la culpa, entonces usted merece recibir una compensaci\u00f3n. Seg\u00fan la ley de Texas, se le permite solicitar una indemnizaci\u00f3n, pero es posible que deba presentar una demanda contra la persona responsable de causar sus lesiones. Es posible que tambi\u00e9n pueda presentar un reclamo contra varias personas o una entidad. Es posible que deba buscar una entidad o empresa gubernamental; depender\u00e1 de las circunstancias involucradas en su caso. Las lesiones son a menudo el resultado de un resbal\u00f3n y ca\u00edda o un <a href=\"https:\/\/mcdonaldworley.com\/es\/pasadena\/abogado-accidentes-automovilisticos\/\" target=\"_blank\" rel=\"noopener\">accidente automovil\u00edstico.<\/a>. Aunque esas son dos de las formas m\u00e1s comunes de casos de <a href=\"https:\/\/mcdonaldworley.com\/es\/new-york-city\/abogado-de-lesiones-personales\/\" target=\"_blank\" rel=\"noopener\">lesiones personales<\/a>, tambi\u00e9n hay otros tipos.. No importa cu\u00e1l sea el motivo, necesitar\u00e1 la asistencia de un abogado experimentado en lesiones personales con McDonald Worley en <a href=\"https:\/\/mcdonaldworley.com\/pasadena\/\" target=\"_blank\" rel=\"noopener\">Pasadena<\/a> para obtener la compensaci\u00f3n que usted merece y necesita..<\/p>\n<p>Los siguientes son algunos de los tipos de da\u00f1os para los que podr\u00eda buscar la recuperaci\u00f3n:<\/p>\n<ul>\n<li>Desfiguraci\u00f3n<\/li>\n<li>Discapacidad<\/li>\n<li>Angustia mental<\/li>\n<li>Dolor f\u00edsico<\/li>\n<li>Salarios perdidos<\/li>\n<li>Gastos m\u00e9dicos<\/li>\n<\/ul>\n<p>Despu\u00e9s de un accidente, lo m\u00e1s probable es que tengas miedo. Tambi\u00e9n puede estar ansioso o nervioso. Si no ha sido parte de una demanda antes, lo m\u00e1s probable es que no sepa qu\u00e9 hacer. Una vez que haya recibido el tratamiento m\u00e9dico adecuado, debe llamar a un abogado. Llame a una de las <a href=\"\/es\">firmas de abogados de lesiones personales<\/a> m\u00e1s importantes del pa\u00eds en McDonald Worley para su consulta gratuita al 877-721-3423. Nuestro equipo est\u00e1 disponible 24\/7 para responder cualquier pregunta que pueda tener. No solo recibe una consulta gratuita, sino que a nuestros abogados tampoco se les paga nada hasta que se gane su caso.<\/p>\n\n<h2>\u00bfCu\u00e1nto cuesta contratar a un abogado de lesiones personales?<\/h2>\n<p>La mayor\u00eda de las personas no se molestar\u00e1n o dudar\u00e1n en llamar a un <a href=\"https:\/\/mcdonaldworley.com\/es\/sunrise-manor\/abogado-lesiones-personales\/\" target=\"_blank\" rel=\"noopener\">abogado despu\u00e9s de haber sufrido una lesi\u00f3n personal.<\/a>. A menudo creen que contratar a un abogado ser\u00e1 muy costoso. Sin embargo, muchos <a href=\"https:\/\/mcdonaldworley.com\/es\/pearland\/abogado-lesiones-personales\/\" target=\"_blank\" rel=\"noopener\">abogados de lesiones personales<\/a> en Texas ofrecen sus servicios de manera contingente.. Eso significa que no necesita pagarle a su abogado hasta que su caso haya sido ganado. En este punto, la tarifa de la que ser\u00e1 responsable se basa en el porcentaje que acord\u00f3 con anticipaci\u00f3n, que normalmente oscila entre el 25% y el 40%.<\/p>\n<p>El monto de la tarifa tambi\u00e9n depende de cu\u00e1nto trabajo haya hecho su abogado en su caso o cuando llegue a un acuerdo con una compa\u00f1\u00eda de seguros antes de que su caso vaya a juicio. En esas situaciones, lo m\u00e1s probable es que le deba menos a su abogado que si su caso fuera escuchado por un jurado o juez. Con este tipo de estructura de pago, solo tendr\u00e1 que pagarle a su abogado una tarifa una vez que haya recibido un acuerdo. Eso tambi\u00e9n significa que su abogado se comprometer\u00e1 a trabajar en su caso, ya que su pago depender\u00e1 del monto del acuerdo que pueda recibir por usted.<\/p>\n<p>Le ofrecemos una consulta gratuita y no se nos paga hasta que se le pague.<\/p>\n<p>Tambi\u00e9n hay algunos abogados <a href=\"https:\/\/goo.gl\/maps\/qUvkhB1MbK5SzLwZ9\" target=\"_blank\" rel=\"noopener noreferrer nofollow\">cerca de Pasadena<\/a> que trabajan con otros tipos de arreglos de pago. Por lo general, incluyen tarifas por hora o tarifas planas. En ciertos casos, esas opciones pueden ser una mejor opci\u00f3n para usted. Sin embargo, la mayor\u00eda de los clientes reciben un mejor servicio acordando una tarifa de contingencia con su abogado.<\/p>\n<h2><img loading=\"lazy\" decoding=\"async\" class=\"alignnone wp-image-32376 size-full\" src=\"https:\/\/mcdonaldworley.com\/wp-content\/uploads\/2020\/04\/injury-500x281-1.jpg\" alt=\"A man with a neck brace and cast on his left arm meeting with a lawyer in Pasadena to discuss a personal injury claim.\" width=\"500\" height=\"281\" title=\"\" srcset=\"https:\/\/mcdonaldworley.com\/wp-content\/uploads\/2020\/04\/injury-500x281-1.jpg 500w, https:\/\/mcdonaldworley.com\/wp-content\/uploads\/2020\/04\/injury-500x281-1-300x169.jpg 300w\" sizes=\"auto, (max-width: 500px) 100vw, 500px\" \/><\/h2>\n<h2>\u00bfQu\u00e9 da\u00f1os puedo obtener en mi caso de lesiones personales?<\/h2>\n<p>Principalmente la compensaci\u00f3n implica reembolsarle por loess que ha sufrido debido a la negligencia de otra persona. No habr\u00eda sufrido estos da\u00f1os si no fuera por las acciones descuidadas de otra parte. Si bien la compensaci\u00f3n monetaria no siempre le permite regresar a la vida que ten\u00eda antes del accidente, tiene la intenci\u00f3n de ayudarlo a regresar a una vida lo m\u00e1s normal posible.<\/p>\n<h3>Da\u00f1os econ\u00f3micos<\/h3>\n<p>Este es un tipo de compensaci\u00f3n que se enfoca en reembolsarle por p\u00e9rdidas objetivas. Es un tipo de p\u00e9rdida que puede probar a trav\u00e9s de la documentaci\u00f3n u otros medios verificables.<\/p>\n<p>Recibir\u00e1 facturas o documentos por hospitalizaciones, atenci\u00f3n de emergencia, cirug\u00eda, medicamentos, visitas al m\u00e9dico, tratamientos m\u00e9dicos y cualquier otro tipo de servicios m\u00e9dicos que reciba. Tambi\u00e9n tendr\u00e1 recibos si necesita reparar su autom\u00f3vil u otro tipo de propiedad despu\u00e9s de su accidente.<\/p>\n<p>Adem\u00e1s, si sus lesiones le impiden volver a trabajar, se pueden usar talones de pago y registros bancarios anteriores para verificar y contabilizar sus salarios perdidos.<\/p>\n<h3>Da\u00f1os no econ\u00f3micos<\/h3>\n<p>Este tipo de compensaci\u00f3n no es tan f\u00e1cil de probar o reclamar, aunque en la mayor\u00eda de las situaciones sus lesiones lo har\u00e1n soportar algunas dificultades. Los da\u00f1os no econ\u00f3micos pueden incluir dolor y sufrimiento, desfiguraci\u00f3n, angustia emocional, cicatrizaci\u00f3n, discapacidad, discapacidad f\u00edsica, p\u00e9rdida de consorcio, p\u00e9rdida de calidad de vida u otros tipos de p\u00e9rdidas que no son f\u00e1ciles de cuantificar. La documentaci\u00f3n no se puede usar para probar estas p\u00e9rdidas, por lo que se deben usar otros tipos de t\u00e1cticas para probar este tipo de da\u00f1os.<\/p>\n<p>Los <a href=\"https:\/\/mcdonaldworley.com\/es\/irvine\/abogado-lesiones-personales\/\" target=\"_blank\" rel=\"noopener\">abogados de lesiones personales<\/a> utilizan estrategias espec\u00edficas para establecer da\u00f1os no econ\u00f3micos al negociar con los proveedores de seguros o en los tribunales..<\/p>\n<h2>Contacte a un abogado de lesiones personales en Pasadena<\/h2>\n<p>Si se lesiona en un accidente, lo primero que debe hacer es obtener tratamiento m\u00e9dico. Lo segundo que debe hacer es contactar a un <a href=\"https:\/\/mcdonaldworley.com\/es\/moreno-valley\/abogado-lesiones-personales\/\" target=\"_blank\" rel=\"noopener\">abogado de lesiones personales.<\/a>. Los expertos de McDonald Worley est\u00e1n disponibles las 24 horas del d\u00eda para responder su llamada. Ofrecemos a nuestros clientes una consulta gratuita. Nuestro equipo revisar\u00e1 su caso y lesiones y le informar\u00e1 lo que creemos que su caso podr\u00eda valer. \u00a1Tenga en cuenta que no pagar\u00e1 nada hasta que hayamos ganado su caso!<\/p>\n","protected":false},"excerpt":{"rendered":"<p>Si est\u00e1 lesionado y alguien m\u00e1s tiene la culpa, entonces usted merece recibir una compensaci\u00f3n. Seg\u00fan la ley de Texas, se le permite solicitar una indemnizaci\u00f3n, pero es posible que deba presentar una demanda contra la persona responsable de causar sus lesiones. Es posible que tambi\u00e9n pueda presentar un reclamo contra varias personas o una [&hellip;]<\/p>\n","protected":false},"author":65,"featured_media":0,"parent":32719,"menu_order":0,"comment_status":"closed","ping_status":"closed","template":"","meta":{"_acf_changed":false,"site-sidebar-layout":"default","site-content-layout":"","ast-site-content-layout":"default","site-content-style":"default","site-sidebar-style":"default","ast-global-header-display":"","ast-banner-title-visibility":"","ast-main-header-display":"","ast-hfb-above-header-display":"","ast-hfb-below-header-display":"","ast-hfb-mobile-header-display":"","site-post-title":"","ast-breadcrumbs-content":"","ast-featured-img":"","footer-sml-layout":"","ast-disable-related-posts":"","theme-transparent-header-meta":"","adv-header-id-meta":"","stick-header-meta":"","header-above-stick-meta":"","header-main-stick-meta":"","header-below-stick-meta":"","astra-migrate-meta-layouts":"default","ast-page-background-enabled":"default","ast-page-background-meta":{"desktop":{"background-color":"var(--ast-global-color-4)","background-image":"","background-repeat":"repeat","background-position":"center center","background-size":"auto","background-attachment":"scroll","background-type":"","background-media":"","overlay-type":"","overlay-color":"","overlay-opacity":"","overlay-gradient":""},"tablet":{"background-color":"","background-image":"","background-repeat":"repeat","background-position":"center center","background-size":"auto","background-attachment":"scroll","background-type":"","background-media":"","overlay-type":"","overlay-color":"","overlay-opacity":"","overlay-gradient":""},"mobile":{"background-color":"","background-image":"","background-repeat":"repeat","background-position":"center center","background-size":"auto","background-attachment":"scroll","background-type":"","background-media":"","overlay-type":"","overlay-color":"","overlay-opacity":"","overlay-gradient":""}},"ast-content-background-meta":{"desktop":{"background-color":"var(--ast-global-color-5)","background-image":"","background-repeat":"repeat","background-position":"center center","background-size":"auto","background-attachment":"scroll","background-type":"","background-media":"","overlay-type":"","overlay-color":"","overlay-opacity":"","overlay-gradient":""},"tablet":{"background-color":"var(--ast-global-color-5)","background-image":"","background-repeat":"repeat","background-position":"center center","background-size":"auto","background-attachment":"scroll","background-type":"","background-media":"","overlay-type":"","overlay-color":"","overlay-opacity":"","overlay-gradient":""},"mobile":{"background-color":"var(--ast-global-color-5)","background-image":"","background-repeat":"repeat","background-position":"center center","background-size":"auto","background-attachment":"scroll","background-type":"","background-media":"","overlay-type":"","overlay-color":"","overlay-opacity":"","overlay-gradient":""}},"footnotes":""},"class_list":["post-32721","page","type-page","status-publish","hentry"],"acf":[],"_links":{"self":[{"href":"https:\/\/mcdonaldworley.com\/es\/wp-json\/wp\/v2\/pages\/32721","targetHints":{"allow":["GET"]}}],"collection":[{"href":"https:\/\/mcdonaldworley.com\/es\/wp-json\/wp\/v2\/pages"}],"about":[{"href":"https:\/\/mcdonaldworley.com\/es\/wp-json\/wp\/v2\/types\/page"}],"author":[{"embeddable":true,"href":"https:\/\/mcdonaldworley.com\/es\/wp-json\/wp\/v2\/users\/65"}],"replies":[{"embeddable":true,"href":"https:\/\/mcdonaldworley.com\/es\/wp-json\/wp\/v2\/comments?post=32721"}],"version-history":[{"count":0,"href":"https:\/\/mcdonaldworley.com\/es\/wp-json\/wp\/v2\/pages\/32721\/revisions"}],"up":[{"embeddable":true,"href":"https:\/\/mcdonaldworley.com\/es\/wp-json\/wp\/v2\/pages\/32719"}],"wp:attachment":[{"href":"https:\/\/mcdonaldworley.com\/es\/wp-json\/wp\/v2\/media?parent=32721"}],"curies":[{"name":"wp","href":"https:\/\/api.w.org\/{rel}","templated":true}]}}