{"id":32720,"date":"2020-04-09T11:57:43","date_gmt":"2020-04-09T17:57:43","guid":{"rendered":"https:\/\/abconlinehold.wpengine.com\/pasadena\/car-accident-lawyer-in-pasadena\/"},"modified":"2021-08-12T12:01:38","modified_gmt":"2021-08-12T17:01:38","slug":"abogado-accidentes-automovilisticos","status":"publish","type":"page","link":"https:\/\/mcdonaldworley.com\/es\/pasadena\/abogado-accidentes-automovilisticos\/","title":{"rendered":"Abogado de accidentes automovil\u00edsticos en Pasadena"},"content":{"rendered":"<p>Si ha estado involucrado en un accidente automovil\u00edstico, es probable que necesite la ayuda de un abogado profesional de accidentes automovil\u00edsticos en Pasadena del bufete de abogados McDonald Worley para obtener la justicia que tan merecidamente merece. En este punto, probablemente se est\u00e9 preguntando c\u00f3mo pagar\u00e1 las reparaciones de su autom\u00f3vil, qui\u00e9n pagar\u00e1 sus facturas m\u00e9dicas y c\u00f3mo va a recuperar la compensaci\u00f3n por sus salarios perdidos. En McDonald Worley, ofrecemos una consulta inicial gratuita a todas las v\u00edctimas de accidentes automovil\u00edsticos, lo que les facilita encontrar la ayuda y las respuestas que buscan mientras reciben la asesor\u00eda legal experta de un abogado profesional y experimentado en reclamos de accidentes automovil\u00edsticos en Pasadena<\/p>\n<p>Nuestros <a href=\"\/es\">abogados de lesiones personales<\/a> tienen cerca de 100 a\u00f1os de experiencia legal combinada defendiendo los derechos de diferentes v\u00edctimas de lesiones. Nuestra experiencia y conocimiento de reclamos por lesiones nos han valido el reconocimiento como una de las mejores firmas de abogados en el estado y en Estados Unidos en general. \u00a1Estamos aqu\u00ed para ti! Nos enorgullece ayudar a las personas que m\u00e1s necesitan ayuda y est\u00e1n comprometidos a obtener la compensaci\u00f3n m\u00e1xima posible para todos nuestros clientes.<\/p>\n\n<h2>\u00bfCu\u00e1nto cuestan los abogados de accidentes automovil\u00edsticos de Pasadena?<\/h2>\n<p>Mucha gente tiene miedo de intentarlo o incluso no se molestar\u00eda en tratar de contactar a un abogado despu\u00e9s de haber sufrido lesiones personales, ya que creen que contratar los servicios de un abogado cuesta mucho.<\/p>\n<p>Lo que la mayor\u00eda de las personas no se dan cuenta es que la mayor\u00eda de los <a href=\"https:\/\/mcdonaldworley.com\/es\/pasadena\/abogado-lesiones-personales\/\" target=\"_blank\" rel=\"noopener\">abogados de lesiones personales con sede en Pasadena<\/a> trabajan de manera contingente. Qu\u00e9 significa eso? Significa que solo se les paga una vez que han ganado el caso; si no lo hacen, no obtienen nada. En este punto, la tarifa de la que es responsable se basa en un porcentaje acordado, que generalmente es entre el 25% y el 40% del monto pagado.<\/p>\n<p>La tarifa que cobrar\u00e1 un abogado por sus servicios tambi\u00e9n depende de la cantidad de trabajo que haya puesto en el caso o si usted acepta resolver el asunto con la compa\u00f1\u00eda de seguros fuera de los tribunales. En tales casos, probablemente le deba al abogado menos de lo que deber\u00eda si el caso hubiera llegado al punto de ir a la corte.<\/p>\n<p>Este enfoque significa que solo tendr\u00e1 que pagar una tarifa a su abogado una vez que haya sido compensado. Tambi\u00e9n significa que el abogado que contrata est\u00e1 comprometido con el caso, ya que su pago depende de que reciba una compensaci\u00f3n por sus lesiones.<\/p>\n<p><img loading=\"lazy\" decoding=\"async\" class=\"alignnone wp-image-32362 size-full\" src=\"https:\/\/mcdonaldworley.com\/wp-content\/uploads\/2020\/04\/car-accident-call-2-500x332-1.jpg\" alt=\"\" width=\"500\" height=\"332\" title=\"\" srcset=\"https:\/\/mcdonaldworley.com\/wp-content\/uploads\/2020\/04\/car-accident-call-2-500x332-1.jpg 500w, https:\/\/mcdonaldworley.com\/wp-content\/uploads\/2020\/04\/car-accident-call-2-500x332-1-300x199.jpg 300w\" sizes=\"auto, (max-width: 500px) 100vw, 500px\" \/><\/p>\n<p>Sin embargo, algunos abogados trabajan utilizando diferentes arreglos de pago que a menudo incluyen el pago de tarifas por hora o tarifas fijas. Dichas opciones pueden ser mejores para algunos casos, pero la mayor\u00eda de los clientes reciben un mejor servicio cuando trabajan con un acuerdo de tarifa de contingencia.<\/p>\n<h2>\u00bfQu\u00e9 pasos debo tomar inmediatamente despu\u00e9s de estar involucrado en un accidente automovil\u00edstico en Pasadena?<\/h2>\n<p><a href=\"https:\/\/mcdonaldworley.com\/es\/presentar-reclamo-de-trastorno-de-estres-postraumatico\/\" target=\"_blank\" rel=\"noopener\">Despu\u00e9s de un accidente<\/a> automovil\u00edstico, debe seguir estos pasos:<\/p>\n<h3>Aseg\u00farate de que todos est\u00e9n bien<\/h3>\n<p>No importa qui\u00e9n sea responsable del accidente; Lo primero que debe hacer es asegurarse de que todos est\u00e9n seguros. Despu\u00e9s de un accidente, controlar a los dem\u00e1s y asegurarse de que est\u00e9n bien es lo m\u00e1s humano. Si puede, considere mover el veh\u00edculo a un lado de la carretera para evitar que su veh\u00edculo sea golpeado por otros veh\u00edculos en el tr\u00e1fico. \u00a1La seguridad es primordial!<\/p>\n<h3>Busque atenci\u00f3n m\u00e9dica<\/h3>\n<p>Incluso si se siente bien despu\u00e9s de un accidente, aseg\u00farese de buscar atenci\u00f3n m\u00e9dica. Es especialmente importante que lo haga si sufri\u00f3 alguna lesi\u00f3n, ya que ayudar\u00e1 a demostrar la gravedad y el alcance de las lesiones sufridas. Durante el juicio, se le solicitar\u00e1 que proporcione registros m\u00e9dicos que muestren que se lesion\u00f3 durante el incidente y la cantidad que gast\u00f3 en recibir tratamiento.<\/p>\n<h3>Llame a las autoridades apropiadas<\/h3>\n<p>Si ha estado involucrado en un accidente, es prudente que involucre a la polic\u00eda de inmediato, incluso si su caso es menor. Como tal, aseg\u00farese de llamar al 911 y que un agente de la ley venga a la escena del accidente. Esto les permitir\u00e1 investigar el accidente, as\u00ed como recopilar su informaci\u00f3n de seguro y licencia y tambi\u00e9n la de la otra parte. La polic\u00eda usa esta informaci\u00f3n para preparar un informe policial para su presentaci\u00f3n. Recuerde obtener la informaci\u00f3n de contacto y el nombre del oficial; es posible que lo necesite m\u00e1s tarde.<\/p>\n<h3>Obtenga la informaci\u00f3n del otro conductor<\/h3>\n<p>Mientras est\u00e9 en la escena, aseg\u00farese de obtener la informaci\u00f3n de contacto de la otra parte. Si \u00e9l o ella ten\u00eda pasajeros a bordo, aseg\u00farese de recopilar su informaci\u00f3n tambi\u00e9n. Esta informaci\u00f3n es crucial para los abogados, ya que la necesitan para comunicarse con las personas involucradas y obtener declaraciones de testigos.<\/p>\n<h3>Hable con las personas que fueron testigos del incidente<\/h3>\n<p>Si hab\u00eda personas cerca cuando ocurri\u00f3 el accidente, considere recopilar su informaci\u00f3n de contacto; sin embargo, no todos est\u00e1n dispuestos a involucrarse, as\u00ed que no se preocupe si algunos se niegan a darle sus contactos. Si hay un agente de la ley alrededor, d\u00e9jelo a ellos.<\/p>\n<h3>Tomar fotos de la escena<\/h3>\n<p>Si puede, tome tantas fotos de la escena como sea posible. Si su tel\u00e9fono tiene una c\u00e1mara de buena calidad, \u00fasela para tomar fotos del veh\u00edculo y el \u00e1rea circundante inmediata. Aseg\u00farese de que las fotos que tome sean relevantes para el accidente, ya que pueden ayudar al abogado que contrata a recrear la escena del accidente.<\/p>\n<h3>Solicite un informe policial<\/h3>\n<p>Solicite a la oficina de polic\u00eda que asiste una copia del informe que \u00e9l o ella crea para presentar, aunque tendr\u00e1 que esperar hasta que terminen de llenar el informe. Sin embargo, lo bueno es que puede obtener una copia del informe del Departamento de Transporte de Texas.<\/p>\n<h2>\u00bfCu\u00e1l es el pago promedio de reclamos por accidentes automovil\u00edsticos en Texas?<\/h2>\n<p>Determinar el valor real <a href=\"https:\/\/mcdonaldworley.com\/es\/houston\/policia-accidentes-auto\/\" target=\"_blank\" rel=\"noopener\">del pago de un reclamo por accidente automovil\u00edstico<\/a> puede ser un poco complicado. Seg\u00fan el Departamento de Transporte de Texas, hay aproximadamente <a href=\"https:\/\/ftp.dot.state.tx.us\/pub\/txdot-info\/trf\/crash_statistics\/2018\/01.pdf\" target=\"_blank\" rel=\"noopener noreferrer nofollow\">250,000 accidentes automovil\u00edsticos<\/a> solo en Texas cada a\u00f1o. Alrededor del 7 por ciento de ellos son graves y dejan a los involucrados con lesiones graves a fatales.<\/p>\n<p>Si usted o alguien <a href=\"https:\/\/mcdonaldworley.com\/es\/houston\/necesita-tratamiento-medico-despues-de-accidente-automovilistico\/\" target=\"_blank\" rel=\"noopener\">que conoce sufre lesiones graves debido a un accidente automovil\u00edstico<\/a>, es probable que las facturas m\u00e9dicas se disparen.. Si la otra parte es la culpable, su aseguradora tendr\u00e1 que pagar su factura m\u00e9dica. Pero, \u00bfcu\u00e1nto cree que vale su caso aparte de las facturas m\u00e9dicas? Un <a href=\"https:\/\/mcdonaldworley.com\/es\/baytown\/abogado-accidentes-automovilisticos\/\" target=\"_blank\" rel=\"noopener\">abogado de accidentes automovil\u00edsticos<\/a> en Pasadena puede ayudarlo a determinar el costo de sus da\u00f1os.. Tambi\u00e9n pueden ayudarlo a comprender algunas de las cosas que intervienen en la determinaci\u00f3n del valor de su caso.<\/p>\n<h2>\u00bfQu\u00e9 sucede si tengo una falla parcial en un accidente automovil\u00edstico?<\/h2>\n<p>Como se mencion\u00f3 anteriormente, la ley difiere de un estado a otro. En Texas, incluso si usted es parcialmente culpable, a\u00fan tiene derecho a un cierto grado de compensaci\u00f3n. Si bien ese es el caso, la cantidad que recibe se reduce por su porcentaje de culpa en el accidente.<\/p>\n<p><img loading=\"lazy\" decoding=\"async\" class=\"alignnone size-full wp-image-32369\" src=\"https:\/\/mcdonaldworley.com\/wp-content\/uploads\/2020\/04\/car-accident-4-500x313-1.jpg\" alt=\"Two cars heavily damaged by an accident.\" width=\"500\" height=\"313\" title=\"\" srcset=\"https:\/\/mcdonaldworley.com\/wp-content\/uploads\/2020\/04\/car-accident-4-500x313-1.jpg 500w, https:\/\/mcdonaldworley.com\/wp-content\/uploads\/2020\/04\/car-accident-4-500x313-1-300x188.jpg 300w\" sizes=\"auto, (max-width: 500px) 100vw, 500px\" \/><\/p>\n<p>Esto se conoce como el concepto de negligencia comparativa, lo que significa que tiene derecho a una indemnizaci\u00f3n siempre que tenga la culpa en un 49% o menos.<\/p>\n<p>Cuando se trata de casos de accidentes, es esencial establecer correctamente qui\u00e9n tiene la culpa. Por esta raz\u00f3n, debe tener cuidado con lo que dice y tratar de evitar discutir lo que ocurri\u00f3 con la otra parte, los proveedores de seguros, la polic\u00eda en el lugar o cualquier otra persona hasta que haya discutido las cosas con su abogado. Puede hacer o decir algo que afecte involuntariamente su caso de reclamos o su capacidad de cobrar una indemnizaci\u00f3n por los da\u00f1os causados.<\/p>\n<p>Por ejemplo, supongamos que un automovilista no se detuvo en una se\u00f1al de alto en una intersecci\u00f3n particularmente concurrida. Si bien esto deja a la otra parte culpable, esta responsabilidad podr\u00eda disminuir si admite lo siguiente:<\/p>\n<ul>\n<li>Estabas bebiendo<\/li>\n<li>Estabas acelerando<\/li>\n<li>Estabas leyendo o enviando un mensaje de texto<\/li>\n<li>No revis\u00f3 el camino para ver el tr\u00e1fico que se aproxima desde ninguna de las direcciones antes de ingresar a la intersecci\u00f3n<\/li>\n<\/ul>\n<p>Los ajustadores de las compa\u00f1\u00edas de seguros son bastante h\u00e1biles para preparar a las personas, por lo que hacen tales admisiones y lo hacen solo para minimizar la cantidad que la compa\u00f1\u00eda paga como compensaci\u00f3n. Tener un abogado a su lado, guiarlo a trav\u00e9s del proceso es esencial, ya que saben c\u00f3mo manejar a los proveedores de seguros. Adem\u00e1s, puede contar con el hecho de que nuestros abogados calificados en accidentes automovil\u00edsticos revisar\u00e1n todos los aspectos de su caso y se asegurar\u00e1n de que su responsabilidad se reduzca durante el establecimiento de negligencia comparativa.<\/p>\n<h2>P\u00f3ngase en contacto con un abogado de accidentes automovil\u00edsticos en Pasadena hoy para una consulta gratuita<\/h2>\n<p>Si ha sufrido lesiones en un <a href=\"https:\/\/mcdonaldworley.com\/es\/the-lakes\/abogado-accidentes-automovilisticos\/\" target=\"_blank\" rel=\"noopener\">accidente automovil\u00edstico cerca de Pasadena y est\u00e1 buscando un abogado<\/a> confiable, profesional y con experiencia para manejar su reclamo, comun\u00edquese con McDonald Worley. \u00a1Estamos aqu\u00ed para ti!<\/p>\n<p>Nuestro equipo de abogados est\u00e1 disponible las 24 horas del d\u00eda, los siete d\u00edas de la semana para brindarle los servicios legales y el asesoramiento que necesita cuando lo necesita. Adem\u00e1s, no tiene que pagar nada; de hecho, no nos paga nada hasta que ganemos su caso de reclamo.<\/p>\n<p>Llame a McDonald Worley ahora y programe una consulta sin riesgos con nuestros <a href=\"https:\/\/mcdonaldworley.com\/es\/missouri-city\/abogado-accidentes-auto\/\" target=\"_blank\" rel=\"noopener\">abogados profesionales de accidentes<\/a> automovil\u00edsticos.. Con m\u00e1s de 20 a\u00f1os de experiencia luchando por los derechos de las v\u00edctimas de lesiones en <a href=\"https:\/\/mcdonaldworley.com\/pasadena\/\" target=\"_blank\" rel=\"noopener\">Pasadena<\/a>, Texas, y sus alrededores, puede estar seguro de que ha elegido a los mejores abogados para representarlo..<\/p>\n<p>Llame hoy a nuestra firma de lesiones de Pasadena y perm\u00edtanos orientarlo para obtener la compensaci\u00f3n que merece por lesiones y da\u00f1os.<\/p>\n","protected":false},"excerpt":{"rendered":"<p>Si ha estado involucrado en un accidente automovil\u00edstico, es probable que necesite la ayuda de un abogado profesional de accidentes automovil\u00edsticos en Pasadena del bufete de abogados McDonald Worley para obtener la justicia que tan merecidamente merece. En este punto, probablemente se est\u00e9 preguntando c\u00f3mo pagar\u00e1 las reparaciones de su autom\u00f3vil, qui\u00e9n pagar\u00e1 sus facturas [&hellip;]<\/p>\n","protected":false},"author":65,"featured_media":0,"parent":32719,"menu_order":0,"comment_status":"closed","ping_status":"closed","template":"","meta":{"_acf_changed":false,"site-sidebar-layout":"default","site-content-layout":"","ast-site-content-layout":"default","site-content-style":"default","site-sidebar-style":"default","ast-global-header-display":"","ast-banner-title-visibility":"","ast-main-header-display":"","ast-hfb-above-header-display":"","ast-hfb-below-header-display":"","ast-hfb-mobile-header-display":"","site-post-title":"","ast-breadcrumbs-content":"","ast-featured-img":"","footer-sml-layout":"","ast-disable-related-posts":"","theme-transparent-header-meta":"","adv-header-id-meta":"","stick-header-meta":"","header-above-stick-meta":"","header-main-stick-meta":"","header-below-stick-meta":"","astra-migrate-meta-layouts":"default","ast-page-background-enabled":"default","ast-page-background-meta":{"desktop":{"background-color":"var(--ast-global-color-4)","background-image":"","background-repeat":"repeat","background-position":"center center","background-size":"auto","background-attachment":"scroll","background-type":"","background-media":"","overlay-type":"","overlay-color":"","overlay-opacity":"","overlay-gradient":""},"tablet":{"background-color":"","background-image":"","background-repeat":"repeat","background-position":"center center","background-size":"auto","background-attachment":"scroll","background-type":"","background-media":"","overlay-type":"","overlay-color":"","overlay-opacity":"","overlay-gradient":""},"mobile":{"background-color":"","background-image":"","background-repeat":"repeat","background-position":"center center","background-size":"auto","background-attachment":"scroll","background-type":"","background-media":"","overlay-type":"","overlay-color":"","overlay-opacity":"","overlay-gradient":""}},"ast-content-background-meta":{"desktop":{"background-color":"var(--ast-global-color-5)","background-image":"","background-repeat":"repeat","background-position":"center center","background-size":"auto","background-attachment":"scroll","background-type":"","background-media":"","overlay-type":"","overlay-color":"","overlay-opacity":"","overlay-gradient":""},"tablet":{"background-color":"var(--ast-global-color-5)","background-image":"","background-repeat":"repeat","background-position":"center center","background-size":"auto","background-attachment":"scroll","background-type":"","background-media":"","overlay-type":"","overlay-color":"","overlay-opacity":"","overlay-gradient":""},"mobile":{"background-color":"var(--ast-global-color-5)","background-image":"","background-repeat":"repeat","background-position":"center center","background-size":"auto","background-attachment":"scroll","background-type":"","background-media":"","overlay-type":"","overlay-color":"","overlay-opacity":"","overlay-gradient":""}},"footnotes":""},"class_list":["post-32720","page","type-page","status-publish","hentry"],"acf":[],"_links":{"self":[{"href":"https:\/\/mcdonaldworley.com\/es\/wp-json\/wp\/v2\/pages\/32720","targetHints":{"allow":["GET"]}}],"collection":[{"href":"https:\/\/mcdonaldworley.com\/es\/wp-json\/wp\/v2\/pages"}],"about":[{"href":"https:\/\/mcdonaldworley.com\/es\/wp-json\/wp\/v2\/types\/page"}],"author":[{"embeddable":true,"href":"https:\/\/mcdonaldworley.com\/es\/wp-json\/wp\/v2\/users\/65"}],"replies":[{"embeddable":true,"href":"https:\/\/mcdonaldworley.com\/es\/wp-json\/wp\/v2\/comments?post=32720"}],"version-history":[{"count":0,"href":"https:\/\/mcdonaldworley.com\/es\/wp-json\/wp\/v2\/pages\/32720\/revisions"}],"up":[{"embeddable":true,"href":"https:\/\/mcdonaldworley.com\/es\/wp-json\/wp\/v2\/pages\/32719"}],"wp:attachment":[{"href":"https:\/\/mcdonaldworley.com\/es\/wp-json\/wp\/v2\/media?parent=32720"}],"curies":[{"name":"wp","href":"https:\/\/api.w.org\/{rel}","templated":true}]}}