{"id":32695,"date":"2020-01-28T02:21:29","date_gmt":"2020-01-28T08:21:29","guid":{"rendered":"https:\/\/abconlinehold.wpengine.com\/santa-ana\/santa-ana-personal-injury-attorney\/"},"modified":"2021-08-12T11:38:06","modified_gmt":"2021-08-12T16:38:06","slug":"abogado-lesiones-personales","status":"publish","type":"page","link":"https:\/\/mcdonaldworley.com\/es\/santa-ana\/abogado-lesiones-personales\/","title":{"rendered":"Abogado de Lesiones Personales de Santa Ana \u00a0"},"content":{"rendered":"<p>Los accidentes vehiculares pueden ocurrir en cualquier momento y aunque puede ocurrir en un instante, las lesiones, el dolor y los problemas emocionales pueden durar muchos d\u00edas, meses y incluso m\u00e1s. Hay algunas v\u00edctimas que en realidad nunca se recuperan completamente y tienen que vivir con lesiones por el resto de sus vidas. Adem\u00e1s, adem\u00e1s del trauma mental, emocional y f\u00edsico, el solo hecho de pagar la ayuda m\u00e9dica puede afectar enormemente la situaci\u00f3n financiera de una familia. Adem\u00e1s, esta situaci\u00f3n financiera se ve a\u00fan m\u00e1s amenazada debido a la p\u00e9rdida de ingresos mientras la v\u00edctima est\u00e1 siendo tratada o recuper\u00e1ndose. Si se enfrenta a este tipo de situaci\u00f3n, debe saber que no est\u00e1 solo. Nuestra <a href=\"\/es\">firma de lesiones personales de Santa Ana<\/a> est\u00e1 aqu\u00ed para ayudarlo y se asegurar\u00e1 de que recupere la vida que una vez tuvo, as\u00ed como de obtener la compensaci\u00f3n que se merece, programe una consulta gratuita con un abogado hoy.<\/p>\n\n<h2>\u00bfCu\u00e1l es el costo de contratar a un abogado de lesiones personales con sede en Santa Ana?<\/h2>\n<p>En McDonald Worley, operamos con un modelo de tarifa de contingencia. B\u00e1sicamente, no cobramos honorarios por adelantado a ninguno de nuestros clientes, sino solo despu\u00e9s de que el caso se haya resuelto con \u00e9xito. Si no ganamos su caso por usted, entonces no le cobraremos ni un centavo. Esto lo ayudar\u00e1 a concentrarse en sus propias necesidades y garantizar que pueda recuperarse pac\u00edficamente sin tener que preocuparse por pagar los honorarios legales. En McDonald Worley, en realidad, cubrimos todos los gastos de litigar su caso particular, ya que realmente tenemos el mejor inter\u00e9s de nuestros clientes.<\/p>\n<h2>\u00bfQu\u00e9 es una lesi\u00f3n personal?<\/h2>\n<p>Da\u00f1o personal como su nombre lo indica es un da\u00f1o en el que una persona ha incurrido y en realidad existe una ley espec\u00edfica que fue creada para proteger a estas personas para que puedan obtener justicia y compensaci\u00f3n. Este tipo particular de ley tambi\u00e9n se conoce como Ley de agravios y cubre casos de violencia sexual, agresi\u00f3n y otros actos intencionales, as\u00ed como accidentes, etc. Cuando se trata de reclamos por lesiones personales en <a href=\"https:\/\/mcdonaldworley.com\/santa-ana\/\">Santa Ana<\/a>, California, generalmente hay dos principales problemas y estos son da\u00f1os y responsabilidad. B\u00e1sicamente, la pregunta de qui\u00e9n es responsable o responsable de las lesiones de la v\u00edctima, as\u00ed como cu\u00e1les son los detalles espec\u00edficos de los da\u00f1os, debe responderse.<\/p>\n<p><img loading=\"lazy\" decoding=\"async\" class=\"alignnone wp-image-31413\" src=\"https:\/\/mcdonaldworley.com\/wp-content\/uploads\/2020\/01\/lawyer-4-750x499-1.jpg\" alt=\"A personal injury lawyer reviewing a case in Santa Ana.\" width=\"500\" height=\"333\" title=\"\" srcset=\"https:\/\/mcdonaldworley.com\/wp-content\/uploads\/2020\/01\/lawyer-4-750x499-1.jpg 750w, https:\/\/mcdonaldworley.com\/wp-content\/uploads\/2020\/01\/lawyer-4-750x499-1-300x200.jpg 300w\" sizes=\"auto, (max-width: 500px) 100vw, 500px\" \/><\/p>\n<p>Adem\u00e1s, cuando se trata de un accidente o un caso de accidente vehicular, el problema de la negligencia tambi\u00e9n suele surgir. Para definir negligencia, b\u00e1sicamente significa que si hubo una falta de cuidado que un individuo t\u00edpico o razonable tomar\u00eda en la situaci\u00f3n particular del accidente espec\u00edfico. Entonces, cuando se trata de determinar la negligencia, hay cuatro elementos que deben considerarse y son los siguientes:<\/p>\n<h3>Deber.<\/h3>\n<p>El deber es sobre el cuidado razonable que las personas o empresas est\u00e1n obligadas a tomar para que no causen da\u00f1os o lesiones a otras personas. Por ejemplo, esta puede ser una persona que conduce su veh\u00edculo y tiene el deber de no da\u00f1ar a otros automovilistas o peatones. Cabe se\u00f1alar que el acusado en realidad no tiene que conocer personalmente al demandante cuando se trata de deber.<\/p>\n<h3>Incumplimiento.<\/h3>\n<p>Se produce una violaci\u00f3n cuando se viola el deber. Esta violaci\u00f3n ocurre con el acusado no act\u00faa como una persona razonable y sus acciones causaron lesiones a otra persona.<\/p>\n<h3>Causalidad.<\/h3>\n<p>La causalidad es el deber y el incumplimiento que caus\u00f3 la lesi\u00f3n de otra persona. B\u00e1sicamente, la lesi\u00f3n en la que incurri\u00f3 la v\u00edctima debe estar vinculada al resultado de una violaci\u00f3n para que se pueda determinar la negligencia.<\/p>\n<h3>Da\u00f1os y perjuicios.<\/h3>\n<p>Estos son los da\u00f1os reales sufridos por la v\u00edctima.<\/p>\n<h2>\u00bfC\u00f3mo puedo determinar si tengo un caso de lesi\u00f3n personal?<\/h2>\n<p>B\u00e1sicamente, uno de los requisitos principales es que tiene que lesionarse debido a la culpa y negligencia de otra persona. Adem\u00e1s, esta lesi\u00f3n no necesita ser f\u00edsica, sino que tambi\u00e9n puede ser mental y emocional, como por difamaci\u00f3n o incluso la amenaza de ser da\u00f1ado. Otra consideraci\u00f3n importante es si la lesi\u00f3n causada result\u00f3 en facturas m\u00e9dicas o p\u00e9rdida de dinero debido a la imposibilidad de trabajar por alg\u00fan per\u00edodo de tiempo. Una vez que estos factores est\u00e1n presentes, entonces definitivamente tienes un caso. Debe hablar con uno de nuestros abogados con experiencia en lesiones personales <a href=\"https:\/\/goo.gl\/maps\/Q3s32Chn9Gms6KMQA\" target=\"_blank\" rel=\"noopener noreferrer nofollow\">cerca de Santa Ana<\/a> lo antes posible.<\/p>\n<p><img loading=\"lazy\" decoding=\"async\" class=\"alignnone wp-image-31415\" src=\"https:\/\/mcdonaldworley.com\/wp-content\/uploads\/2020\/01\/lawyer-1-750x499-1.jpg\" alt=\"An attorney at the law firm of McDonald Worley.\" width=\"500\" height=\"333\" title=\"\" srcset=\"https:\/\/mcdonaldworley.com\/wp-content\/uploads\/2020\/01\/lawyer-1-750x499-1.jpg 750w, https:\/\/mcdonaldworley.com\/wp-content\/uploads\/2020\/01\/lawyer-1-750x499-1-300x200.jpg 300w\" sizes=\"auto, (max-width: 500px) 100vw, 500px\" \/><\/p>\n<h2>\u00bfCu\u00e1l es el l\u00edmite de tiempo para presentar un reclamo en Santa Ana?<\/h2>\n<p>De acuerdo con la ley de California, debe presentar un reclamo por lesiones personales dentro de un per\u00edodo de tiempo espec\u00edfico desde el momento en que se lesion\u00f3. Esto se llama el estatuto de limitaciones y esta estatua en particular var\u00eda seg\u00fan la lesi\u00f3n. Ahora veremos algunos de los plazos con los que tiene que trabajar en Santa Ana, California.<\/p>\n<ul>\n<li>Fraude: 3 a\u00f1os<\/li>\n<li>Lesiones personales: 2 a\u00f1os<\/li>\n<li>Calumnia o difamaci\u00f3n: 1 a\u00f1o<\/li>\n<li>Allanamiento de la propiedad de alguien: 3 a\u00f1os<\/li>\n<li>Da\u00f1o a la propiedad personal: 3 a\u00f1os<\/li>\n<li>Da\u00f1os veterinarios: hasta 1 a\u00f1o despu\u00e9s de la muerte o la lesi\u00f3n de la mascota o animal<\/li>\n<li>Legal: hasta un m\u00e1ximo de 4 a\u00f1os desde el acto y 1 a\u00f1o despu\u00e9s de enterarse<\/li>\n<li>M\u00e9dico: una vez que se conoce la lesi\u00f3n, tiene hasta 3 a\u00f1os y 1 a\u00f1o para descubrir<\/li>\n<\/ul>\n<h2>\u00bfC\u00f3mo se define la falla de acuerdo con la ley de California?<\/h2>\n<p>El estado de California es lo que se conoce como un estado de negligencia comparativa. Esta ley particular significa que la falla se puede dividir y asignar entre las partes involucradas. B\u00e1sicamente, una v\u00edctima o demandante puede recibir da\u00f1os en el caso de que el accidente tambi\u00e9n sea resultado de su negligencia. B\u00e1sicamente, los da\u00f1os de la v\u00edctima se reducir\u00edan de acuerdo con la cantidad de culpa del accidente. Un ejemplo es si su acuerdo es de $ 100,000 pero en realidad tuvo un 25% de falla por el accidente, entonces solo obtendr\u00eda $ 75,000. Adem\u00e1s, California tambi\u00e9n usa la regla pura de la culpa comparativa, lo que significa que incluso si el acusado tuvo una culpa del 98-99%, a\u00fan es posible que obtenga una indemnizaci\u00f3n por da\u00f1os.<\/p>\n<h2>Contrata a un abogado de lesiones de McDonald Worley hoy<\/h2>\n<p>Llevamos muchos a\u00f1os sirviendo en Santa Ana y estamos completamente comprometidos con nuestros clientes y nos aseguramos de que est\u00e9n bien protegidos. Prestamos mucha atenci\u00f3n y atenci\u00f3n a cada caso, y nos hemos ganado el respeto de los organismos legales nacionales.<\/p>\n<p>Por lo tanto, si usted es v\u00edctima de una lesi\u00f3n y necesita un abogado que lo represente en Santa Ana, aseg\u00farese de llamarnos y recibir\u00e1 una consulta completamente gratuita. Cubrimos cualquier caso, desde resbalones y ca\u00eddas, hasta <a href=\"https:\/\/mcdonaldworley.com\/es\/fontana\/abogado-accidentes-automovilisticos\/\" target=\"_blank\" rel=\"noopener\">accidentes automovil\u00edsticos<\/a>, hasta negligencia m\u00e9dica.. No tendr\u00e1 que pagar ninguna tarifa legal hasta que hayamos ganado su caso y haya recibido una compensaci\u00f3n.<\/p>\n<p>Puede llamarnos al 877-721-3423 o ir a nuestro sitio web y completar nuestro formulario y nos pondremos en contacto con usted. Si est\u00e1s en el hospital o en casa, podemos ir a buscarte!<\/p>\n","protected":false},"excerpt":{"rendered":"<p>Los accidentes vehiculares pueden ocurrir en cualquier momento y aunque puede ocurrir en un instante, las lesiones, el dolor y los problemas emocionales pueden durar muchos d\u00edas, meses y incluso m\u00e1s. Hay algunas v\u00edctimas que en realidad nunca se recuperan completamente y tienen que vivir con lesiones por el resto de sus vidas. Adem\u00e1s, adem\u00e1s [&hellip;]<\/p>\n","protected":false},"author":65,"featured_media":0,"parent":32693,"menu_order":0,"comment_status":"closed","ping_status":"closed","template":"","meta":{"_acf_changed":false,"site-sidebar-layout":"default","site-content-layout":"","ast-site-content-layout":"default","site-content-style":"default","site-sidebar-style":"default","ast-global-header-display":"","ast-banner-title-visibility":"","ast-main-header-display":"","ast-hfb-above-header-display":"","ast-hfb-below-header-display":"","ast-hfb-mobile-header-display":"","site-post-title":"","ast-breadcrumbs-content":"","ast-featured-img":"","footer-sml-layout":"","ast-disable-related-posts":"","theme-transparent-header-meta":"","adv-header-id-meta":"","stick-header-meta":"","header-above-stick-meta":"","header-main-stick-meta":"","header-below-stick-meta":"","astra-migrate-meta-layouts":"default","ast-page-background-enabled":"default","ast-page-background-meta":{"desktop":{"background-color":"var(--ast-global-color-4)","background-image":"","background-repeat":"repeat","background-position":"center center","background-size":"auto","background-attachment":"scroll","background-type":"","background-media":"","overlay-type":"","overlay-color":"","overlay-opacity":"","overlay-gradient":""},"tablet":{"background-color":"","background-image":"","background-repeat":"repeat","background-position":"center center","background-size":"auto","background-attachment":"scroll","background-type":"","background-media":"","overlay-type":"","overlay-color":"","overlay-opacity":"","overlay-gradient":""},"mobile":{"background-color":"","background-image":"","background-repeat":"repeat","background-position":"center center","background-size":"auto","background-attachment":"scroll","background-type":"","background-media":"","overlay-type":"","overlay-color":"","overlay-opacity":"","overlay-gradient":""}},"ast-content-background-meta":{"desktop":{"background-color":"var(--ast-global-color-5)","background-image":"","background-repeat":"repeat","background-position":"center center","background-size":"auto","background-attachment":"scroll","background-type":"","background-media":"","overlay-type":"","overlay-color":"","overlay-opacity":"","overlay-gradient":""},"tablet":{"background-color":"var(--ast-global-color-5)","background-image":"","background-repeat":"repeat","background-position":"center center","background-size":"auto","background-attachment":"scroll","background-type":"","background-media":"","overlay-type":"","overlay-color":"","overlay-opacity":"","overlay-gradient":""},"mobile":{"background-color":"var(--ast-global-color-5)","background-image":"","background-repeat":"repeat","background-position":"center center","background-size":"auto","background-attachment":"scroll","background-type":"","background-media":"","overlay-type":"","overlay-color":"","overlay-opacity":"","overlay-gradient":""}},"footnotes":""},"class_list":["post-32695","page","type-page","status-publish","hentry"],"acf":[],"_links":{"self":[{"href":"https:\/\/mcdonaldworley.com\/es\/wp-json\/wp\/v2\/pages\/32695","targetHints":{"allow":["GET"]}}],"collection":[{"href":"https:\/\/mcdonaldworley.com\/es\/wp-json\/wp\/v2\/pages"}],"about":[{"href":"https:\/\/mcdonaldworley.com\/es\/wp-json\/wp\/v2\/types\/page"}],"author":[{"embeddable":true,"href":"https:\/\/mcdonaldworley.com\/es\/wp-json\/wp\/v2\/users\/65"}],"replies":[{"embeddable":true,"href":"https:\/\/mcdonaldworley.com\/es\/wp-json\/wp\/v2\/comments?post=32695"}],"version-history":[{"count":0,"href":"https:\/\/mcdonaldworley.com\/es\/wp-json\/wp\/v2\/pages\/32695\/revisions"}],"up":[{"embeddable":true,"href":"https:\/\/mcdonaldworley.com\/es\/wp-json\/wp\/v2\/pages\/32693"}],"wp:attachment":[{"href":"https:\/\/mcdonaldworley.com\/es\/wp-json\/wp\/v2\/media?parent=32695"}],"curies":[{"name":"wp","href":"https:\/\/api.w.org\/{rel}","templated":true}]}}