{"id":32694,"date":"2020-01-28T06:22:07","date_gmt":"2020-01-28T12:22:07","guid":{"rendered":"https:\/\/abconlinehold.wpengine.com\/santa-ana\/santa-ana-car-accident-lawyer\/"},"modified":"2021-08-12T11:38:38","modified_gmt":"2021-08-12T16:38:38","slug":"abogado-accidentes-auto","status":"publish","type":"page","link":"https:\/\/mcdonaldworley.com\/es\/santa-ana\/abogado-accidentes-auto\/","title":{"rendered":"Abogado de Accidentes de Auto en Santa Ana"},"content":{"rendered":"<p>Una vez que haya tenido un accidente vehicular, es esencial que obtenga representaci\u00f3n lo antes posible. No importa si el accidente automovil\u00edstico se debi\u00f3 a la negligencia de otra persona o por su propia culpa, es importante que hable con un abogado en Santa Ana lo antes posible. No se recomienda manejar el caso usted mismo, ya que el resultado generalmente no ser\u00e1 a su favor, por lo que se necesita asistencia legal. En McDonald Worley, podemos proporcionar esa asistencia sin excepciones.<\/p>\n<p>Los <a href=\"https:\/\/mcdonaldworley.com\/es\/oxnard\/abogado-accidentes-automovilisticos\/\" target=\"_blank\" rel=\"noopener\">accidentes automovil\u00edsticos<\/a> ocurren a diario, pero es esencial que se resuelvan adecuadamente.. La mejor manera de garantizar que se manejen adecuadamente es llamarnos. Somos una de las mejores firmas de <a href=\"\/es\">accidentes automovil\u00edsticos en Santa Ana<\/a>. Una vez que nos visite, nos encargaremos de todo, as\u00ed que aseg\u00farese de llamarnos lo antes posible.<\/p>\n\n<h2>\u00bfCu\u00e1nto cuesta contratar a un abogado de accidentes automovil\u00edsticos?<\/h2>\n<p>Puede que se pregunte si puede pagar un abogado y la respuesta es \u00abS\u00cd\u00bb. Muchas personas no se dan cuenta de esto, pero muchos <a href=\"https:\/\/mcdonaldworley.com\/es\/missouri-city\/abogado-accidentes-auto\/\" target=\"_blank\" rel=\"noopener\">abogados de accidentes<\/a> automovil\u00edsticos tomar\u00e1n su caso de manera contingente.. Esto es cuando no est\u00e1 obligado a pagar sus servicios por adelantado. No tendr\u00e1 que pagar ning\u00fan dinero ahora, as\u00ed que tome su billetera y vuelva a guardarla en su bolsillo.<\/p>\n<p>Si usted es rico o alguien que apenas sobrevive con un ingreso modesto, en este punto, est\u00e1 en el mismo barco. Todos los que entran en esta empresa son iguales porque no se les exigir\u00e1 que paguen nada. \u00a1Imagina eso! Puede obtener acceso a una de las mejores empresas de todo <a href=\"https:\/\/goo.gl\/maps\/Q3s32Chn9Gms6KMQA\" target=\"_blank\" rel=\"noopener noreferrer nofollow\">Santa Ana, California<\/a>, y no tendr\u00e1 que pagar un centavo.<\/p>\n<h2>\u00bfCu\u00e1l es el acuerdo promedio para un caso de accidente automovil\u00edstico en California?<\/h2>\n<p>En el estado de California, un reclamo de accidente automovil\u00edstico tiende a resolverse entre $ 15,000 y $ 16,000. Esta es solo una cifra promedio y la compensaci\u00f3n puede ser menor o mayor dependiendo de las variables legales involucradas.<\/p>\n<p>Estas variables pueden incluir:<\/p>\n<ul>\n<li>Si las drogas y \/ o el alcohol estaban involucrados<\/li>\n<li>La gravedad de las lesiones de una persona.<\/li>\n<li>Tiempo dedicado antes de contactar a un <a href=\"https:\/\/mcdonaldworley.com\/es\/baytown\/abogado-accidentes-automovilisticos\/\" target=\"_blank\" rel=\"noopener\">abogado de accidentes automovil\u00edsticos.<\/a><\/li>\n<li>El n\u00famero de personas involucradas en el <a href=\"https:\/\/mcdonaldworley.com\/es\/glendale\/abogado-accidentes-automovilisticos\/\" target=\"_blank\" rel=\"noopener\">accidente automovil\u00edstico.<\/a>.<\/li>\n<li>El abogado o firma de abogados que representa su caso<\/li>\n<li>La probabilidad de que la parte lesionada vuelva a trabajar<\/li>\n<\/ul>\n<p>Estas variables variar\u00e1n de un caso a otro y est\u00e1n fuera de su control. Sin embargo, tiene la oportunidad de elegir su representaci\u00f3n legal. Como resultado, es mejor evitar elegir el primer bufete de abogados que est\u00e9 disponible para usted. En cambio, es mejor contactar al mejor bufete de abogados cerca de <a href=\"https:\/\/mcdonaldworley.com\/santa-ana\/\">Santa Ana<\/a> y establecer una consulta detallada de inmediato.<\/p>\n<p>Esta es la mejor manera de asegurarse de prepararse sabiamente y aumentar las posibilidades de un veredicto favorable. Lo mismo se aplica a aquellos que desean asegurarse de que puedan maximizar su compensaci\u00f3n legal durante los procedimientos legales. Para comenzar, ll\u00e1menos r\u00e1pidamente.<\/p>\n<h2>\u00bfCu\u00e1les son los diferentes tipos de accidentes automovil\u00edsticos?<\/h2>\n<p>Existen diferentes tipos de <a href=\"https:\/\/mcdonaldworley.com\/es\/boulder-city\/abogado-accidentes-automovilisticos\/\" target=\"_blank\" rel=\"noopener\">accidentes automovil\u00edsticos.<\/a>. Estos pueden incluir:<\/p>\n<h3>Colisiones traseras.<\/h3>\n<p>Esto ocurre cuando su veh\u00edculo es chocado por detr\u00e1s o golpeado por detr\u00e1s, lo que hace que se mueva hacia adelante. Esto puede causar lesiones como latigazo cervical u otros problemas similares en los que se despliega el airbag. Dependiendo de la fuerza, incluso puede hacer que una persona atraviese el parabrisas.<\/p>\n<p><img loading=\"lazy\" decoding=\"async\" class=\"alignnone wp-image-31403\" src=\"https:\/\/mcdonaldworley.com\/wp-content\/uploads\/2020\/01\/car-accident-call-750x421-3.jpg\" alt=\"A man calling a lawyer after a rear-end car accident.\" width=\"500\" height=\"281\" title=\"\" srcset=\"https:\/\/mcdonaldworley.com\/wp-content\/uploads\/2020\/01\/car-accident-call-750x421-3.jpg 750w, https:\/\/mcdonaldworley.com\/wp-content\/uploads\/2020\/01\/car-accident-call-750x421-3-300x168.jpg 300w\" sizes=\"auto, (max-width: 500px) 100vw, 500px\" \/><\/p>\n<h3>Colisiones frontales.<\/h3>\n<p>Estas colisiones ocurren cuando su veh\u00edculo es golpeado desde el frente. Tiende a tener lesiones similares a una colisi\u00f3n trasera. Si bien es posible que no atraviese el parabrisas, puede haber lesiones adicionales que involucren fragmentos de vidrio golpe\u00e1ndolo.<\/p>\n<h3>Pega y corre.<\/h3>\n<p>Este tipo de accidente ocurre cuando la parte culpable se niega a asumir la responsabilidad y huye de la escena. Cuando esto ocurre, las autoridades a menudo buscan testigos y \/ o c\u00e1maras de tr\u00e1fico para identificar a la otra parte. Esto garantiza que tenga acceso a una compensaci\u00f3n por todos sus da\u00f1os.<\/p>\n<h2>\u00bfC\u00f3mo se pagan los acuerdos de accidentes automovil\u00edsticos?<\/h2>\n<p>En la mayor\u00eda de los casos, la parte culpable har\u00e1 que su proveedor de seguros escriba un cheque en su nombre. Este cheque estar\u00e1 en l\u00ednea con lo que el tribunal consider\u00f3 aceptable. Si los da\u00f1os exceden la cobertura de seguro de la otra parte, se espera que paguen de su bolsillo.<\/p>\n<p>Su abogado de lesiones personales pueden ayudarlo a revisar todos estos detalles para asegurarse de que todo funcione a su favor. Esto puede incluir recibir un pago global tan pronto como termine el caso o un conjunto de pagos m\u00e1s peque\u00f1os distribuidos en los pr\u00f3ximos meses \/ a\u00f1os. Esta informaci\u00f3n est\u00e1 escrita durante las discusiones del acuerdo.<\/p>\n<h2>\u00bfQu\u00e9 suceder\u00e1 en caso de que el otro conductor no tenga seguro?<\/h2>\n<p>Si fue lesionado por una persona sin cobertura de seguro, es probable que su p\u00f3liza actual tenga una cl\u00e1usula de \u00abMotorista sin seguro\u00bb. En tal situaci\u00f3n, estar\u00eda completamente cubierto y su compa\u00f1\u00eda de seguros lo compensar\u00eda.<\/p>\n<p>Si su p\u00f3liza no tiene la cl\u00e1usula \u00abMotorista sin seguro\u00bb y la otra parte no tiene cobertura de seguro, es posible que se vea obligado a demandarlos directamente, lo que significa que ser\u00e1 su responsabilidad garantizar que se le indemnice por los da\u00f1os.<\/p>\n<h2>Obtenga su consulta gratuita en McDonald Worley &#8211; Nuestros abogados de accidentes automovil\u00edsticos premium est\u00e1n esperando para ayudarlo<\/h2>\n<p>Puede obtener una consulta gratuita en McDonald Worley, as\u00ed que aseg\u00farese de llamarnos. Puede llamar, completar nuestro formulario en nuestro sitio web o incluso chatear con nosotros en l\u00ednea. Una vez que hayamos escuchado su caso, le informaremos las mejores opciones y c\u00f3mo debe seguir adelante. Puede llamarnos al 877-721-3423. No dude en llamar ya que cuanto m\u00e1s espere, peor ser\u00e1 la situaci\u00f3n y mayores ser\u00e1n las posibilidades de que el caso no vaya a su favor. Por lo tanto, definitivamente debe levantar su tel\u00e9fono y llamarnos ahora mismo y nos aseguraremos de que est\u00e9 bien representado y atendido.<\/p>\n","protected":false},"excerpt":{"rendered":"<p>Una vez que haya tenido un accidente vehicular, es esencial que obtenga representaci\u00f3n lo antes posible. No importa si el accidente automovil\u00edstico se debi\u00f3 a la negligencia de otra persona o por su propia culpa, es importante que hable con un abogado en Santa Ana lo antes posible. No se recomienda manejar el caso usted [&hellip;]<\/p>\n","protected":false},"author":65,"featured_media":0,"parent":32693,"menu_order":0,"comment_status":"closed","ping_status":"closed","template":"","meta":{"_acf_changed":false,"site-sidebar-layout":"default","site-content-layout":"","ast-site-content-layout":"default","site-content-style":"default","site-sidebar-style":"default","ast-global-header-display":"","ast-banner-title-visibility":"","ast-main-header-display":"","ast-hfb-above-header-display":"","ast-hfb-below-header-display":"","ast-hfb-mobile-header-display":"","site-post-title":"","ast-breadcrumbs-content":"","ast-featured-img":"","footer-sml-layout":"","ast-disable-related-posts":"","theme-transparent-header-meta":"","adv-header-id-meta":"","stick-header-meta":"","header-above-stick-meta":"","header-main-stick-meta":"","header-below-stick-meta":"","astra-migrate-meta-layouts":"default","ast-page-background-enabled":"default","ast-page-background-meta":{"desktop":{"background-color":"var(--ast-global-color-4)","background-image":"","background-repeat":"repeat","background-position":"center center","background-size":"auto","background-attachment":"scroll","background-type":"","background-media":"","overlay-type":"","overlay-color":"","overlay-opacity":"","overlay-gradient":""},"tablet":{"background-color":"","background-image":"","background-repeat":"repeat","background-position":"center center","background-size":"auto","background-attachment":"scroll","background-type":"","background-media":"","overlay-type":"","overlay-color":"","overlay-opacity":"","overlay-gradient":""},"mobile":{"background-color":"","background-image":"","background-repeat":"repeat","background-position":"center center","background-size":"auto","background-attachment":"scroll","background-type":"","background-media":"","overlay-type":"","overlay-color":"","overlay-opacity":"","overlay-gradient":""}},"ast-content-background-meta":{"desktop":{"background-color":"var(--ast-global-color-5)","background-image":"","background-repeat":"repeat","background-position":"center center","background-size":"auto","background-attachment":"scroll","background-type":"","background-media":"","overlay-type":"","overlay-color":"","overlay-opacity":"","overlay-gradient":""},"tablet":{"background-color":"var(--ast-global-color-5)","background-image":"","background-repeat":"repeat","background-position":"center center","background-size":"auto","background-attachment":"scroll","background-type":"","background-media":"","overlay-type":"","overlay-color":"","overlay-opacity":"","overlay-gradient":""},"mobile":{"background-color":"var(--ast-global-color-5)","background-image":"","background-repeat":"repeat","background-position":"center center","background-size":"auto","background-attachment":"scroll","background-type":"","background-media":"","overlay-type":"","overlay-color":"","overlay-opacity":"","overlay-gradient":""}},"footnotes":""},"class_list":["post-32694","page","type-page","status-publish","hentry"],"acf":[],"_links":{"self":[{"href":"https:\/\/mcdonaldworley.com\/es\/wp-json\/wp\/v2\/pages\/32694","targetHints":{"allow":["GET"]}}],"collection":[{"href":"https:\/\/mcdonaldworley.com\/es\/wp-json\/wp\/v2\/pages"}],"about":[{"href":"https:\/\/mcdonaldworley.com\/es\/wp-json\/wp\/v2\/types\/page"}],"author":[{"embeddable":true,"href":"https:\/\/mcdonaldworley.com\/es\/wp-json\/wp\/v2\/users\/65"}],"replies":[{"embeddable":true,"href":"https:\/\/mcdonaldworley.com\/es\/wp-json\/wp\/v2\/comments?post=32694"}],"version-history":[{"count":0,"href":"https:\/\/mcdonaldworley.com\/es\/wp-json\/wp\/v2\/pages\/32694\/revisions"}],"up":[{"embeddable":true,"href":"https:\/\/mcdonaldworley.com\/es\/wp-json\/wp\/v2\/pages\/32693"}],"wp:attachment":[{"href":"https:\/\/mcdonaldworley.com\/es\/wp-json\/wp\/v2\/media?parent=32694"}],"curies":[{"name":"wp","href":"https:\/\/api.w.org\/{rel}","templated":true}]}}