{"id":32684,"date":"2020-01-29T12:24:54","date_gmt":"2020-01-29T18:24:54","guid":{"rendered":"https:\/\/abconlinehold.wpengine.com\/san-bernardino\/personal-injury-attorney\/"},"modified":"2021-08-12T11:39:09","modified_gmt":"2021-08-12T16:39:09","slug":"abogado-lesiones-personales","status":"publish","type":"page","link":"https:\/\/mcdonaldworley.com\/es\/san-bernardino\/abogado-lesiones-personales\/","title":{"rendered":"Abogado de lesiones personales en San Bernardino"},"content":{"rendered":"<p>\u00bfNecesita un abogado de lesiones personales en San Bernardino? No se sabe cu\u00e1ndo un accidente vehicular puede cambiar repentinamente una vida y traer efectos duraderos, algunos de los cuales nunca se pueden resolver. Las consecuencias de un accidente pueden durar semanas, meses y incluso el resto de su vida. No es broma decir que muchas personas nunca se recuperan de sus heridas. Adem\u00e1s de las dificultades f\u00edsicas, mentales y emocionales de un accidente, la tensi\u00f3n financiera del tratamiento y la p\u00e9rdida de salarios pueden agregar peso a la situaci\u00f3n.<\/p>\n<p>Estos problemas se complican por la necesidad de descansar y recuperarse despu\u00e9s de un accidente, y esta es otra raz\u00f3n por la cual obtener ayuda de una <a href=\"\/\">empresa implacable de lesiones personales<\/a> puede ser la mejor opci\u00f3n para su situaci\u00f3n. Si ha resultado lesionado por descuido o negligencia de otra persona, no est\u00e1 solo. Sepa que la oficina legal de McDonald Worley est\u00e1 aqu\u00ed con experiencia y habilidad para manejar estos casos y garantizar que las v\u00edctimas reciban la compensaci\u00f3n completa que merecen.<\/p>\n\n<h2>\u00bfC\u00f3mo definen los abogados las lesiones personales?<\/h2>\n<p>Los casos de lesiones personales est\u00e1n dentro <a href=\"https:\/\/mcdonaldworley.com\/es\/texas\/ley-del-buen-samaritano\/\" target=\"_blank\" rel=\"noopener\">del \u00e1mbito de la ley<\/a> de lesiones personales.. Ese es un marco legal que ofrece a las v\u00edctimas de lesiones una forma de obtener una indemnizaci\u00f3n por las lesiones que han sufrido, as\u00ed como buscar justicia. Tambi\u00e9n es conocido por muchos como la Ley de agravios y cubre cualquier caso relacionado con difamaci\u00f3n, productos defectuosos, accidentes y actos intencionales, como agresi\u00f3n sexual. Cada reclamo por lesiones personales <a href=\"https:\/\/en.wikipedia.org\/wiki\/San_Bernardino,_California\" target=\"_blank\" rel=\"noopener noreferrer nofollow\">en San Bernardino<\/a> como dos cuestiones centrales diferentes con \u00e9l. Esos son responsabilidad y da\u00f1os. \u00bfCu\u00e1l fue la naturaleza real de los da\u00f1os? \u00bfAlguien fue espec\u00edficamente responsable de dichos da\u00f1os? Los casos de accidentes generalmente involucran un concepto llamado negligencia. Esa es una falla o una persona o parte para ejercer un nivel de atenci\u00f3n que cualquier persona razonable practicar\u00eda en cualquier situaci\u00f3n relacionada con un accidente. Para que un abogado pueda establecer negligencia, deben demostrarse cuatro elementos distintos:<\/p>\n<h3>Deber.<\/h3>\n<p>El deber se considera una obligaci\u00f3n legal en la que las empresas o las personas siguen un nivel de cuidado razonable cuando realizan cualquier acci\u00f3n que pueda da\u00f1ar a otras personas. Este concepto puede abarcar bastantes cosas, desde conductores que operan sus veh\u00edculos motorizados hasta m\u00e9dicos que brindan atenci\u00f3n m\u00e9dica. Los demandados no tienen que conocer realmente al demandante espec\u00edfico para poder pagarles ning\u00fan deber.<\/p>\n<h3>Incumplimiento.<\/h3>\n<p>El incumplimiento se define como una violaci\u00f3n de dicho deber. Si un acusado no actu\u00f3 como lo har\u00eda o deber\u00eda hacer un \u00abindividuo razonablemente prudente\u00bb, entonces \u00e9l o ella incumplieron su deber. En resumen, un acusado deber\u00eda haber sido consciente de que las acciones o inacciones que emprendieron podr\u00edan causar lesiones a otras personas.<\/p>\n<h3>Causalidad.<\/h3>\n<p>La causalidad es un enlace que conecta el deber que se est\u00e1 incumpliendo y hay da\u00f1os o lesiones sufridas. Para que la negligencia se establezca por completo, la lesi\u00f3n debe ser consecuencia de la violaci\u00f3n en cuesti\u00f3n.<\/p>\n<p><img loading=\"lazy\" decoding=\"async\" class=\"alignnone wp-image-31475 size-full\" src=\"https:\/\/mcdonaldworley.com\/wp-content\/uploads\/2020\/01\/san-bernadino-personal-injury-lawyer.jpg\" alt=\"San Bernardino personal injury lawyer\" width=\"400\" height=\"267\" title=\"\" srcset=\"https:\/\/mcdonaldworley.com\/wp-content\/uploads\/2020\/01\/san-bernadino-personal-injury-lawyer.jpg 400w, https:\/\/mcdonaldworley.com\/wp-content\/uploads\/2020\/01\/san-bernadino-personal-injury-lawyer-300x200.jpg 300w\" sizes=\"auto, (max-width: 400px) 100vw, 400px\" \/><\/p>\n<h3>Da\u00f1os y perjuicios<\/h3>\n<p>Los da\u00f1os se correlacionan con cualquier lesi\u00f3n real que resulte del incumplimiento del deber de una persona.<\/p>\n<h2>\u00bfC\u00f3mo puedo saber si tengo o no un reclamo v\u00e1lido por lesiones personales?<\/h2>\n<p>Ciertamente, est\u00e1 lejos de ser el \u00fanico requisito, pero una lesi\u00f3n debe ser culpa de otra persona. Tambi\u00e9n debe ser el resultado de su negligencia. No tiene que tener lesiones f\u00edsicamente visibles para tener un reclamo por lesiones personales. Otros motivos potenciales que podr\u00eda utilizar para presentar una demanda por lesiones personales contra otra persona podr\u00edan incluir una expectativa de da\u00f1o, angustia emocional y ataques de difamaci\u00f3n. Otra cosa a tener en cuenta es si una lesi\u00f3n caus\u00f3 da\u00f1os compensatorios, que podr\u00edan tomar la forma de salarios perdidos o facturas m\u00e9dicas. Si todo esto es cierto, entonces es probable que tenga un caso v\u00e1lido de lesiones personales. Le sugerimos que consulte inmediatamente a uno de nuestros abogados de lesiones personales o abogados en o <a href=\"https:\/\/goo.gl\/maps\/5BN3wWDyJmmPTAZH7\" target=\"_blank\" rel=\"noopener noreferrer nofollow\">cerca de San Bernardino<\/a> de inmediato.<\/p>\n<h2>\u00bfQui\u00e9n puede presentar reclamos por lesiones personales?<\/h2>\n<p>Una persona puede presentar un reclamo por lesiones personales si sufri\u00f3 una lesi\u00f3n debido a las acciones negligentes o intencionales de otra entidad o persona. Cada estado tiene sus propias leyes que explican espec\u00edficamente qu\u00e9 constituye una lesi\u00f3n personal. Por ejemplo, la compensaci\u00f3n de trabajadores cubrir\u00e1 las lesiones que suceden en el lugar de trabajo. Si desea una mejor idea de c\u00f3mo sus circunstancias podr\u00edan calificar bajo las leyes del estado de California, programe su consulta gratuita con uno de los abogados de accidentes personales o lesiones en la ciudad de <a href=\"https:\/\/mcdonaldworley.com\/san-bernardino\/\" target=\"_blank\" rel=\"noopener\">San Bernardino<\/a>..<\/p>\n<h2>\u00bfQu\u00e9 necesito hacer una vez que me lesione?<\/h2>\n<p>Una vez que se lesiona, lo primero que debe hacer es recibir el tratamiento m\u00e9dico necesario. Eso significa visitar la sala de emergencias para que pueda obtener r\u00e1pidamente una evaluaci\u00f3n m\u00e9dica s\u00f3lida. Si no recibe este tratamiento en particular de inmediato, es probable que la compa\u00f1\u00eda de seguros de la oposici\u00f3n argumenta que realmente no est\u00e1 herido. Recuerde, les conviene pagarle lo menos que puedan. La \u00fanica forma en que pueden lograr esto es tratando de demostrar que las lesiones que tiene no son tan graves.<\/p>\n<h2>\u00bfCu\u00e1nto tiempo tardan en resolverse los casos de lesiones personales?<\/h2>\n<p>Se sabe que los casos a veces se resuelven en solo unos meses, aunque esa es la excepci\u00f3n y no la regla. La mayor\u00eda de los casos lleva meses o incluso un a\u00f1o completo, si no m\u00e1s. Si un caso termina yendo a juicio, las apelaciones pueden hacer que el proceso tome a\u00fan m\u00e1s tiempo. Cada caso es \u00fanico. En t\u00e9rminos generales, los casos que son m\u00e1s complicados terminan tardando m\u00e1s en resolverse, especialmente en los tribunales. Un buen <a href=\"https:\/\/mcdonaldworley.com\/es\/baytown\/abogado-de-lesiones-personales\/\" target=\"_blank\" rel=\"noopener\">abogado de lesiones personales<\/a> es alguien que puede analizar los detalles de su caso para que pueda ofrecer una imagen realista de lo que debe esperar..<\/p>\n<h2>Contratar a un abogado de lesiones de McDonald Worley hoy<\/h2>\n<p>Los profesionales legales calificados en McDonald Worley tienen muchos a\u00f1os de experiencia en el manejo de casos de lesiones personales y est\u00e1n completamente dedicados a los intereses de sus clientes. Manejaremos cada caso con la mayor diligencia y nos hemos ganado un nombre entre los cuerpos legales nacionales por nuestros impresionantes resultados.<\/p>\n<p>Por lo tanto, si usted o alguien que ama ha resultado herido en un accidente y est\u00e1 buscando asesor\u00eda legal calificada para su pr\u00f3ximo movimiento, cont\u00e1ctenos hoy para una consulta gratuita. Entendemos cu\u00e1n agotador financieramente pueden ser estas situaciones y no le cobraremos un solo costo inicial. Tomaremos nuestro pago cuando se haya alcanzado el acuerdo y se le haya compensado adecuadamente.<\/p>\n<p>Ll\u00e1menos a cualquier hora del d\u00eda o de la noche al (877) 721-3423 o visite nuestro sitio web y cont\u00e1ctenos a trav\u00e9s de las opciones que se enumeran all\u00ed. Si est\u00e1 confinado en una cama o en un hospital, inf\u00f3rmenos: hacemos visitas a domicilio.<\/p>\n","protected":false},"excerpt":{"rendered":"<p>\u00bfNecesita un abogado de lesiones personales en San Bernardino? No se sabe cu\u00e1ndo un accidente vehicular puede cambiar repentinamente una vida y traer efectos duraderos, algunos de los cuales nunca se pueden resolver. Las consecuencias de un accidente pueden durar semanas, meses y incluso el resto de su vida. No es broma decir que muchas [&hellip;]<\/p>\n","protected":false},"author":65,"featured_media":0,"parent":32675,"menu_order":0,"comment_status":"closed","ping_status":"closed","template":"","meta":{"_acf_changed":false,"site-sidebar-layout":"default","site-content-layout":"","ast-site-content-layout":"default","site-content-style":"default","site-sidebar-style":"default","ast-global-header-display":"","ast-banner-title-visibility":"","ast-main-header-display":"","ast-hfb-above-header-display":"","ast-hfb-below-header-display":"","ast-hfb-mobile-header-display":"","site-post-title":"","ast-breadcrumbs-content":"","ast-featured-img":"","footer-sml-layout":"","ast-disable-related-posts":"","theme-transparent-header-meta":"","adv-header-id-meta":"","stick-header-meta":"","header-above-stick-meta":"","header-main-stick-meta":"","header-below-stick-meta":"","astra-migrate-meta-layouts":"default","ast-page-background-enabled":"default","ast-page-background-meta":{"desktop":{"background-color":"var(--ast-global-color-4)","background-image":"","background-repeat":"repeat","background-position":"center center","background-size":"auto","background-attachment":"scroll","background-type":"","background-media":"","overlay-type":"","overlay-color":"","overlay-opacity":"","overlay-gradient":""},"tablet":{"background-color":"","background-image":"","background-repeat":"repeat","background-position":"center center","background-size":"auto","background-attachment":"scroll","background-type":"","background-media":"","overlay-type":"","overlay-color":"","overlay-opacity":"","overlay-gradient":""},"mobile":{"background-color":"","background-image":"","background-repeat":"repeat","background-position":"center center","background-size":"auto","background-attachment":"scroll","background-type":"","background-media":"","overlay-type":"","overlay-color":"","overlay-opacity":"","overlay-gradient":""}},"ast-content-background-meta":{"desktop":{"background-color":"var(--ast-global-color-5)","background-image":"","background-repeat":"repeat","background-position":"center center","background-size":"auto","background-attachment":"scroll","background-type":"","background-media":"","overlay-type":"","overlay-color":"","overlay-opacity":"","overlay-gradient":""},"tablet":{"background-color":"var(--ast-global-color-5)","background-image":"","background-repeat":"repeat","background-position":"center center","background-size":"auto","background-attachment":"scroll","background-type":"","background-media":"","overlay-type":"","overlay-color":"","overlay-opacity":"","overlay-gradient":""},"mobile":{"background-color":"var(--ast-global-color-5)","background-image":"","background-repeat":"repeat","background-position":"center center","background-size":"auto","background-attachment":"scroll","background-type":"","background-media":"","overlay-type":"","overlay-color":"","overlay-opacity":"","overlay-gradient":""}},"footnotes":""},"class_list":["post-32684","page","type-page","status-publish","hentry"],"acf":[],"_links":{"self":[{"href":"https:\/\/mcdonaldworley.com\/es\/wp-json\/wp\/v2\/pages\/32684","targetHints":{"allow":["GET"]}}],"collection":[{"href":"https:\/\/mcdonaldworley.com\/es\/wp-json\/wp\/v2\/pages"}],"about":[{"href":"https:\/\/mcdonaldworley.com\/es\/wp-json\/wp\/v2\/types\/page"}],"author":[{"embeddable":true,"href":"https:\/\/mcdonaldworley.com\/es\/wp-json\/wp\/v2\/users\/65"}],"replies":[{"embeddable":true,"href":"https:\/\/mcdonaldworley.com\/es\/wp-json\/wp\/v2\/comments?post=32684"}],"version-history":[{"count":0,"href":"https:\/\/mcdonaldworley.com\/es\/wp-json\/wp\/v2\/pages\/32684\/revisions"}],"up":[{"embeddable":true,"href":"https:\/\/mcdonaldworley.com\/es\/wp-json\/wp\/v2\/pages\/32675"}],"wp:attachment":[{"href":"https:\/\/mcdonaldworley.com\/es\/wp-json\/wp\/v2\/media?parent=32684"}],"curies":[{"name":"wp","href":"https:\/\/api.w.org\/{rel}","templated":true}]}}