{"id":32683,"date":"2020-01-29T16:25:15","date_gmt":"2020-01-29T22:25:15","guid":{"rendered":"https:\/\/abconlinehold.wpengine.com\/san-bernardino\/car-accident-lawyer\/"},"modified":"2021-08-12T11:39:41","modified_gmt":"2021-08-12T16:39:41","slug":"abogado-accidentes-automovilisticos","status":"publish","type":"page","link":"https:\/\/mcdonaldworley.com\/es\/san-bernardino\/abogado-accidentes-automovilisticos\/","title":{"rendered":"Abogado de accidentes automovil\u00edsticos en San Bernardino"},"content":{"rendered":"<p>En caso de que haya estado involucrado en un accidente automovil\u00edstico, es crucial encontrar representaci\u00f3n legal experta de inmediato. Independientemente de si el accidente fue como resultado de la negligencia de otra parte o si usted fue el culpable, debe consultar a un profesional con urgencia. Aunque es posible manejar todo por su cuenta, el resultado rara vez es favorable, por lo que es importante buscar asistencia legal. Aqu\u00ed en McDonald Worley, no hay ning\u00fan caso que sea demasiado grande o demasiado peque\u00f1o para que podamos manejarlo.<\/p>\n<p>Los accidentes ocurren a diario y para las personas involucradas, las cosas deben manejarse de la manera correcta. Ponerse en contacto con nosotros es la \u00fanica forma de garantizar que esto se logre. Somos los principales abogados de accidentes automovil\u00edsticos en el \u00e1rea de <a href=\"https:\/\/mcdonaldworley.com\/san-bernardino\/\" target=\"_blank\" rel=\"noopener\">San Bernardino.<\/a>. Nos esforzaremos por asegurarnos de que obtenga toda la asistencia necesaria que necesita. Solo tiene que ponerse en contacto con nuestro bufete de <a href=\"\/es\">abogados de lesiones personales<\/a> de buena reputaci\u00f3n lo antes posible.<\/p>\n\n<h2>\u00bfC\u00f3mo funciona una tarifa de contingencia?<\/h2>\n<p>Si no est\u00e1 familiarizado con el t\u00e9rmino, la contingencia se refiere a cu\u00e1ndo debe pagar los servicios solo despu\u00e9s de una victoria. Si su caso va a la corte y su lado no gana, podr\u00e1 retirarse sin pagarnos un centavo. Por otro lado, si ganamos su caso, entonces nuestra firma espera una compensaci\u00f3n.<\/p>\n<p>Tal vez se pregunte por qu\u00e9 es una buena idea, pero es bastante simple. Un abogado de honorarios de contingencia casi nunca tomar\u00e1 un caso a menos que est\u00e9 absolutamente seguro de ganar. Significa que si el bufete de abogados acepta su caso, entonces hay muchas posibilidades de que crean que su caso probablemente vaya a su favor.<\/p>\n<p>Obviamente, eso no significa que se ofrezcan garant\u00edas. Es posible que todo resulte de manera diferente. Dicho esto, es como tener un seguro que te asegura que estar\u00e1s en condiciones de pagar todo lo que se te debe sin hacer preguntas.<\/p>\n<h2>\u00bfPor qu\u00e9 deber\u00eda contratar a un abogado de accidentes automovil\u00edsticos en San Bernardino?<\/h2>\n<p>Imag\u00ednese a usted mismo involucrado en un accidente automovil\u00edstico en el que usted tuvo la culpa. \u00bfC\u00f3mo esperar\u00edas realmente salir de un l\u00edo? Afortunadamente, un abogado <a href=\"https:\/\/en.wikipedia.org\/wiki\/San_Bernardino,_California\" target=\"_blank\" rel=\"noopener noreferrer nofollow\">de San Bernardino<\/a> especializado en accidentes automovil\u00edsticos puede evaluar f\u00e1cilmente la situaci\u00f3n desde m\u00faltiples \u00e1ngulos y llegar a un resultado que probablemente sea atractivo para usted. El abogado analizar\u00e1 su caso tratando de encontrar lagunas que puedan ayudarlo a salir de una situaci\u00f3n incre\u00edblemente desafortunada.<\/p>\n<p>Si no es un \u00e1guila legal como lo es el abogado, lo m\u00e1s probable es que se pierda algo al revisar el caso y eso podr\u00eda ser lo \u00fanico que se interpone entre usted saliendo de la sala del tribunal con un juicio favorable y gastando todo su dinero intentando para compensar a otra persona simplemente porque no ten\u00edas ni idea de c\u00f3mo balancear las cosas en tu direcci\u00f3n.<\/p>\n<p><img loading=\"lazy\" decoding=\"async\" class=\"alignnone wp-image-31478 size-full\" src=\"https:\/\/mcdonaldworley.com\/wp-content\/uploads\/2020\/01\/San-bernardino-car-accident-lawyer-mcdonald-worley.jpg\" alt=\"San Bernardino car accident lawyer\" width=\"500\" height=\"286\" title=\"\" srcset=\"https:\/\/mcdonaldworley.com\/wp-content\/uploads\/2020\/01\/San-bernardino-car-accident-lawyer-mcdonald-worley.jpg 500w, https:\/\/mcdonaldworley.com\/wp-content\/uploads\/2020\/01\/San-bernardino-car-accident-lawyer-mcdonald-worley-300x172.jpg 300w\" sizes=\"auto, (max-width: 500px) 100vw, 500px\" \/><\/p>\n<p>Por otro lado, imagina ser herido en un accidente, pero no tienes una manera de demostrar que fue culpa de la otra persona, ya que no sabes mucho sobre la ley como lo hace un abogado de accidentes automovil\u00edsticos en San Bernardino.<\/p>\n<p>Significa que incluso si el accidente fue culpa de la otra parte, se ir\u00e1n sin tener que pagar un centavo por sus lesiones. Ya sea que tenga solo un par de cortes y raspones que se curar\u00e1n en unas pocas semanas o una lesi\u00f3n que demore mucho m\u00e1s en recuperarse, no debe alejarse sabiendo que perdi\u00f3 el caso ya que no pudo comunicarse y busque la asistencia legal que necesita.<\/p>\n<h2>\u00bfCu\u00e1les son algunas lesiones comunes causadas por accidentes automovil\u00edsticos?<\/h2>\n<p>Las lesiones que se reciben en un accidente automovil\u00edstico pueden variar, pero las m\u00e1s comunes incluyen:<\/p>\n<ul>\n<li>Esguinces<\/li>\n<li>Latigazo<\/li>\n<li>Corte y contusiones<\/li>\n<li>Huesos rotos<\/li>\n<li>Heridas en la cabeza<\/li>\n<li>Lesiones por bolsas de aire desplegadas<\/li>\n<li>La lista continua\u2026<\/li>\n<\/ul>\n<p>Si tiene lo que parece ser una lesi\u00f3n menor o las cosas son un poco m\u00e1s serias, busque un abogado. Lo ayudar\u00e1n y se asegurar\u00e1 de que obtenga la compensaci\u00f3n que se merece.<\/p>\n<h2>\u00bfQu\u00e9 pasa si mi reclamo es denegado?<\/h2>\n<p>Si su reclamo es denegado, siempre existe la posibilidad de apelar. Esto es algo sobre lo que tendr\u00e1 que hablar con un abogado.<\/p>\n<h2>P\u00f3ngase en contacto con los abogados de accidentes automovil\u00edsticos de San Bernardino para programar una consulta gratuita.<\/h2>\n<p>P\u00f3ngase en contacto urgentemente con el <a href=\"https:\/\/mcdonaldworley.com\/es\/san-bernardino\/abogado-lesiones-personales\/\" target=\"_blank\" rel=\"noopener\">abogado de accidentes automovil\u00edsticos de San Bernardino<\/a> en McDonald Worley.. Puede comunicarse con nosotros por tel\u00e9fono, chat en l\u00ednea y tambi\u00e9n puede completar el pr\u00e1ctico formulario disponible en nuestro sitio. Revisaremos sus opciones legales disponibles y le informaremos sobre el mejor curso de acci\u00f3n. Cont\u00e1ctanos al (877) 721-3423. Ll\u00e1menos lo antes posible. Como se discuti\u00f3 anteriormente, cuanto m\u00e1s espere, menores ser\u00e1n sus posibilidades de obtener un resultado favorable. Ll\u00e1menos de inmediato<\/p>\n","protected":false},"excerpt":{"rendered":"<p>En caso de que haya estado involucrado en un accidente automovil\u00edstico, es crucial encontrar representaci\u00f3n legal experta de inmediato. Independientemente de si el accidente fue como resultado de la negligencia de otra parte o si usted fue el culpable, debe consultar a un profesional con urgencia. Aunque es posible manejar todo por su cuenta, el [&hellip;]<\/p>\n","protected":false},"author":65,"featured_media":0,"parent":32675,"menu_order":0,"comment_status":"closed","ping_status":"closed","template":"","meta":{"_acf_changed":false,"site-sidebar-layout":"default","site-content-layout":"","ast-site-content-layout":"default","site-content-style":"default","site-sidebar-style":"default","ast-global-header-display":"","ast-banner-title-visibility":"","ast-main-header-display":"","ast-hfb-above-header-display":"","ast-hfb-below-header-display":"","ast-hfb-mobile-header-display":"","site-post-title":"","ast-breadcrumbs-content":"","ast-featured-img":"","footer-sml-layout":"","ast-disable-related-posts":"","theme-transparent-header-meta":"","adv-header-id-meta":"","stick-header-meta":"","header-above-stick-meta":"","header-main-stick-meta":"","header-below-stick-meta":"","astra-migrate-meta-layouts":"default","ast-page-background-enabled":"default","ast-page-background-meta":{"desktop":{"background-color":"var(--ast-global-color-4)","background-image":"","background-repeat":"repeat","background-position":"center center","background-size":"auto","background-attachment":"scroll","background-type":"","background-media":"","overlay-type":"","overlay-color":"","overlay-opacity":"","overlay-gradient":""},"tablet":{"background-color":"","background-image":"","background-repeat":"repeat","background-position":"center center","background-size":"auto","background-attachment":"scroll","background-type":"","background-media":"","overlay-type":"","overlay-color":"","overlay-opacity":"","overlay-gradient":""},"mobile":{"background-color":"","background-image":"","background-repeat":"repeat","background-position":"center center","background-size":"auto","background-attachment":"scroll","background-type":"","background-media":"","overlay-type":"","overlay-color":"","overlay-opacity":"","overlay-gradient":""}},"ast-content-background-meta":{"desktop":{"background-color":"var(--ast-global-color-5)","background-image":"","background-repeat":"repeat","background-position":"center center","background-size":"auto","background-attachment":"scroll","background-type":"","background-media":"","overlay-type":"","overlay-color":"","overlay-opacity":"","overlay-gradient":""},"tablet":{"background-color":"var(--ast-global-color-5)","background-image":"","background-repeat":"repeat","background-position":"center center","background-size":"auto","background-attachment":"scroll","background-type":"","background-media":"","overlay-type":"","overlay-color":"","overlay-opacity":"","overlay-gradient":""},"mobile":{"background-color":"var(--ast-global-color-5)","background-image":"","background-repeat":"repeat","background-position":"center center","background-size":"auto","background-attachment":"scroll","background-type":"","background-media":"","overlay-type":"","overlay-color":"","overlay-opacity":"","overlay-gradient":""}},"footnotes":""},"class_list":["post-32683","page","type-page","status-publish","hentry"],"acf":[],"_links":{"self":[{"href":"https:\/\/mcdonaldworley.com\/es\/wp-json\/wp\/v2\/pages\/32683","targetHints":{"allow":["GET"]}}],"collection":[{"href":"https:\/\/mcdonaldworley.com\/es\/wp-json\/wp\/v2\/pages"}],"about":[{"href":"https:\/\/mcdonaldworley.com\/es\/wp-json\/wp\/v2\/types\/page"}],"author":[{"embeddable":true,"href":"https:\/\/mcdonaldworley.com\/es\/wp-json\/wp\/v2\/users\/65"}],"replies":[{"embeddable":true,"href":"https:\/\/mcdonaldworley.com\/es\/wp-json\/wp\/v2\/comments?post=32683"}],"version-history":[{"count":0,"href":"https:\/\/mcdonaldworley.com\/es\/wp-json\/wp\/v2\/pages\/32683\/revisions"}],"up":[{"embeddable":true,"href":"https:\/\/mcdonaldworley.com\/es\/wp-json\/wp\/v2\/pages\/32675"}],"wp:attachment":[{"href":"https:\/\/mcdonaldworley.com\/es\/wp-json\/wp\/v2\/media?parent=32683"}],"curies":[{"name":"wp","href":"https:\/\/api.w.org\/{rel}","templated":true}]}}