{"id":32677,"date":"2020-01-28T10:22:41","date_gmt":"2020-01-28T16:22:41","guid":{"rendered":"https:\/\/abconlinehold.wpengine.com\/riverside\/personal-injury-lawyer\/"},"modified":"2021-08-11T17:53:09","modified_gmt":"2021-08-11T22:53:09","slug":"abogado-lesiones-personales","status":"publish","type":"page","link":"https:\/\/mcdonaldworley.com\/es\/riverside\/abogado-lesiones-personales\/","title":{"rendered":"Abogado de lesiones personales en Riverside"},"content":{"rendered":"<p>Un accidente puede ocurrir en un abrir y cerrar de ojos, y puede ser un incidente que cambia la vida. Las personas lesionadas podr\u00edan nunca recuperarse completamente. Deben soportar el dolor de su lesi\u00f3n, junto con las presiones de la carga financiera de cumplir con sus tratamientos m\u00e9dicos. El asunto se complica a\u00fan m\u00e1s por la p\u00e9rdida de salarios que ejerce una presi\u00f3n adicional sobre las v\u00edctimas y sus familias.<\/p>\n<p>Nuestro equipo de abogados con <a href=\"\/es\">experiencia en lesiones personales<\/a> en nuestra firma legal especializada en lesiones personales tiene muchos a\u00f1os de experiencia en el tratamiento de tales casos. Hemos ayudado a muchas personas a obtener la compensaci\u00f3n completa que les ayudar\u00e1 a disfrutar de un sentido de normalidad en su forma de vida.<\/p>\n\n<h2>\u00bfCu\u00e1l es el punto de contratar a un abogado de lesiones personales de Riverside?<\/h2>\n<p>Una vez que est\u00e9 pensando en presentar un reclamo por lesiones personales, entonces contar con un <a href=\"https:\/\/mcdonaldworley.com\/es\/washington-dc\/abogado-de-lesiones-personales\/\" target=\"_blank\" rel=\"noopener\">abogado de lesiones personales<\/a> que lo represente har\u00e1 una gran diferencia en el resultado de su caso. Si observa las estad\u00edsticas, las personas que realmente contratan a un abogado de lesiones personales generalmente tienen acuerdos mucho m\u00e1s grandes que aquellos que deciden evitar contratar a un abogado y manejar el caso ellos mismos. Esto se debe a que nuestros abogados tienen una gran cantidad de conocimiento y experiencia cuando se trata de tratar con varias compa\u00f1\u00edas de seguros y casos judiciales. Debido a nuestra experiencia particular, tenemos una tasa de \u00e9xito muy alta.<\/p>\n<p><img loading=\"lazy\" decoding=\"async\" class=\"alignnone size-full wp-image-31452\" src=\"https:\/\/mcdonaldworley.com\/wp-content\/uploads\/2020\/01\/riverside-personal-injury-lawyer-mcdonald-worley.jpg\" alt=\"Riverside personal injury lawyer\" width=\"500\" height=\"245\" title=\"\" srcset=\"https:\/\/mcdonaldworley.com\/wp-content\/uploads\/2020\/01\/riverside-personal-injury-lawyer-mcdonald-worley.jpg 500w, https:\/\/mcdonaldworley.com\/wp-content\/uploads\/2020\/01\/riverside-personal-injury-lawyer-mcdonald-worley-300x147.jpg 300w\" sizes=\"auto, (max-width: 500px) 100vw, 500px\" \/><\/p>\n<h2>\u00bfQui\u00e9n puede presentar un reclamo por lesiones personales?<\/h2>\n<p>Una vez que una persona ha sido lastimada por el acto negligente o intencional de otra persona o entidad, la v\u00edctima puede presentar una demanda por lesiones personales en <a href=\"https:\/\/mcdonaldworley.com\/riverside\/\">Riverside<\/a>. Ahora, diferentes estados tienen diferentes leyes sobre lo que determina una lesi\u00f3n personal. Por lo tanto, si ha sufrido una lesi\u00f3n personal en California, debe llamarnos a McDonald Worley, ya que conocemos bien la ley de lesiones personales de California y determinaremos si su situaci\u00f3n particular se puede seguir de forma gratuita.<\/p>\n<h2>\u00bfQu\u00e9 debe hacerse despu\u00e9s de lesionarse?<\/h2>\n<p>Una vez que haya sufrido una lesi\u00f3n en <a href=\"https:\/\/www.riversideca.gov\/\" target=\"_blank\" rel=\"noopener noreferrer nofollow\">Riverside, CA<\/a>, debe buscar ayuda m\u00e9dica lo antes posible. Esto puede significar que necesita ir a su sala de emergencias m\u00e1s cercana y obtener una evaluaci\u00f3n m\u00e9dica. Recuerde, si no recibe este tipo de tratamiento tan pronto como haya resultado lesionado, la compa\u00f1\u00eda de seguros del acusado puede argumentar que en realidad no result\u00f3 herido. Esto se debe a que las compa\u00f1\u00edas de seguros solo quieren pagar lo menos que tienen que pagar y solo pueden hacerlo demostrando que sus lesiones personales no son tan malas.<\/p>\n<h2>\u00bfCu\u00e1nto tiempo lleva la resoluci\u00f3n del caso?<\/h2>\n<p>Es posible que algunos casos se resuelvan en un par de meses, pero esto es inusual. La mayor\u00eda de los casos lleva muchos meses a m\u00e1s de un a\u00f1o. Tambi\u00e9n es posible que su caso reciba apelaciones una vez que haya pasado a juicio, lo que aumentar\u00e1 el tiempo que lleva resolverlo. Ahora, debe recordar que cada caso es diferente y si un caso particular es bastante complejo, tomar\u00e1 m\u00e1s tiempo. Sin embargo, al hablar con un <a href=\"https:\/\/mcdonaldworley.com\/es\/san-bernardino\/abogado-lesiones-personales\/\" target=\"_blank\" rel=\"noopener\">abogado de lesiones personales<\/a>, pueden ver su caso particular y darle una buena idea de cu\u00e1nto tiempo tomar\u00eda resolverlo..<\/p>\n<h2>\u00bfCu\u00e1l es el valor de mi caso?<\/h2>\n<p>Hay muchos factores que determinan el valor de un caso en particular y depende de los da\u00f1os, la cantidad de da\u00f1os, el dolor mental, el dolor f\u00edsico, el sufrimiento, la reducci\u00f3n o la p\u00e9rdida de ingresos, la capacidad de ingresos reducida, las facturas m\u00e9dicas y mucho m\u00e1s. En algunos casos, tambi\u00e9n pueden darse da\u00f1os punitivos. Esto generalmente se da cuando el comportamiento del acusado fue extremadamente terrible. Adem\u00e1s de estos factores, el bufete de abogados real que seleccione para representarlo tendr\u00e1 un gran impacto en su compensaci\u00f3n. McDonald Worley es conocido por ser una de las mejores firmas de lesiones personales y tenemos un gran historial de obtener veredictos y grandes acuerdos para nuestros clientes.<\/p>\n<h2>Contrata a un abogado de lesiones personales en Riverside en McDonald Worley hoy<\/h2>\n<p>Nuestras oficinas legales han visto muchas v\u00edctimas de accidentes en la ciudad de Riverside, y nuestros abogados est\u00e1n totalmente comprometidos a ayudar a cada cliente que entra por nuestra puerta buscando el mejor asesor legal en Los \u00c1ngeles. Tenemos un excelente historial en lo que respecta a ayudar a las v\u00edctimas a obtener compensaci\u00f3n por sus lesiones. Y es este nivel de servicio y profesionalismo el que atrae la atenci\u00f3n de diferentes personas y organizaciones.<\/p>\n<p>Si est\u00e1 involucrado en una colisi\u00f3n en la carretera y sufri\u00f3 lesiones debido a la negligencia o imprudencia de otro conductor, tiene derecho a solicitar una indemnizaci\u00f3n. Si necesita asesoramiento u orientaci\u00f3n legal para su caso de lesiones personales, en McDonald Worley estamos aqu\u00ed para ayudarlo.<\/p>\n<p>P\u00f3ngase en contacto con nosotros al (877) 721-3423 para reservar una consulta ahora. Tambi\u00e9n puede visitar nuestro sitio web oficial y chatear con nuestros representantes.<\/p>\n","protected":false},"excerpt":{"rendered":"<p>Un accidente puede ocurrir en un abrir y cerrar de ojos, y puede ser un incidente que cambia la vida. Las personas lesionadas podr\u00edan nunca recuperarse completamente. Deben soportar el dolor de su lesi\u00f3n, junto con las presiones de la carga financiera de cumplir con sus tratamientos m\u00e9dicos. El asunto se complica a\u00fan m\u00e1s por [&hellip;]<\/p>\n","protected":false},"author":65,"featured_media":0,"parent":32670,"menu_order":0,"comment_status":"closed","ping_status":"closed","template":"","meta":{"_acf_changed":false,"site-sidebar-layout":"default","site-content-layout":"","ast-site-content-layout":"default","site-content-style":"default","site-sidebar-style":"default","ast-global-header-display":"","ast-banner-title-visibility":"","ast-main-header-display":"","ast-hfb-above-header-display":"","ast-hfb-below-header-display":"","ast-hfb-mobile-header-display":"","site-post-title":"","ast-breadcrumbs-content":"","ast-featured-img":"","footer-sml-layout":"","ast-disable-related-posts":"","theme-transparent-header-meta":"","adv-header-id-meta":"","stick-header-meta":"","header-above-stick-meta":"","header-main-stick-meta":"","header-below-stick-meta":"","astra-migrate-meta-layouts":"default","ast-page-background-enabled":"default","ast-page-background-meta":{"desktop":{"background-color":"var(--ast-global-color-4)","background-image":"","background-repeat":"repeat","background-position":"center center","background-size":"auto","background-attachment":"scroll","background-type":"","background-media":"","overlay-type":"","overlay-color":"","overlay-opacity":"","overlay-gradient":""},"tablet":{"background-color":"","background-image":"","background-repeat":"repeat","background-position":"center center","background-size":"auto","background-attachment":"scroll","background-type":"","background-media":"","overlay-type":"","overlay-color":"","overlay-opacity":"","overlay-gradient":""},"mobile":{"background-color":"","background-image":"","background-repeat":"repeat","background-position":"center center","background-size":"auto","background-attachment":"scroll","background-type":"","background-media":"","overlay-type":"","overlay-color":"","overlay-opacity":"","overlay-gradient":""}},"ast-content-background-meta":{"desktop":{"background-color":"var(--ast-global-color-5)","background-image":"","background-repeat":"repeat","background-position":"center center","background-size":"auto","background-attachment":"scroll","background-type":"","background-media":"","overlay-type":"","overlay-color":"","overlay-opacity":"","overlay-gradient":""},"tablet":{"background-color":"var(--ast-global-color-5)","background-image":"","background-repeat":"repeat","background-position":"center center","background-size":"auto","background-attachment":"scroll","background-type":"","background-media":"","overlay-type":"","overlay-color":"","overlay-opacity":"","overlay-gradient":""},"mobile":{"background-color":"var(--ast-global-color-5)","background-image":"","background-repeat":"repeat","background-position":"center center","background-size":"auto","background-attachment":"scroll","background-type":"","background-media":"","overlay-type":"","overlay-color":"","overlay-opacity":"","overlay-gradient":""}},"footnotes":""},"class_list":["post-32677","page","type-page","status-publish","hentry"],"acf":[],"_links":{"self":[{"href":"https:\/\/mcdonaldworley.com\/es\/wp-json\/wp\/v2\/pages\/32677","targetHints":{"allow":["GET"]}}],"collection":[{"href":"https:\/\/mcdonaldworley.com\/es\/wp-json\/wp\/v2\/pages"}],"about":[{"href":"https:\/\/mcdonaldworley.com\/es\/wp-json\/wp\/v2\/types\/page"}],"author":[{"embeddable":true,"href":"https:\/\/mcdonaldworley.com\/es\/wp-json\/wp\/v2\/users\/65"}],"replies":[{"embeddable":true,"href":"https:\/\/mcdonaldworley.com\/es\/wp-json\/wp\/v2\/comments?post=32677"}],"version-history":[{"count":0,"href":"https:\/\/mcdonaldworley.com\/es\/wp-json\/wp\/v2\/pages\/32677\/revisions"}],"up":[{"embeddable":true,"href":"https:\/\/mcdonaldworley.com\/es\/wp-json\/wp\/v2\/pages\/32670"}],"wp:attachment":[{"href":"https:\/\/mcdonaldworley.com\/es\/wp-json\/wp\/v2\/media?parent=32677"}],"curies":[{"name":"wp","href":"https:\/\/api.w.org\/{rel}","templated":true}]}}