{"id":32676,"date":"2020-01-28T14:23:13","date_gmt":"2020-01-28T20:23:13","guid":{"rendered":"https:\/\/abconlinehold.wpengine.com\/riverside\/car-accident-lawyer\/"},"modified":"2021-08-12T11:40:09","modified_gmt":"2021-08-12T16:40:09","slug":"abogado-accidentes-automovilisticos","status":"publish","type":"page","link":"https:\/\/mcdonaldworley.com\/es\/riverside\/abogado-accidentes-automovilisticos\/","title":{"rendered":"Abogado de accidentes automovil\u00edsticos de Riverside \u00a0"},"content":{"rendered":"<p>Si ha tenido un accidente automovil\u00edstico, es importante que busque inmediatamente la representaci\u00f3n de un abogado de accidentes automovil\u00edsticos en Riverside. Si tuvo la culpa o si fue un accidente causado por la negligencia de otra persona, debe hablar con un profesional de inmediato. Intentar manejar las cosas por su cuenta es algo que rara vez sale bien, por lo que es esencial buscar ayuda legal. Aqu\u00ed en McDonald Worley, nos especializamos en brindarle la ayuda que necesita, sin excepciones.<\/p>\n<p>Todos los d\u00edas, hay personas involucradas en accidentes y es imperativo que estas cosas se manejen adecuadamente. La \u00fanica manera de asegurarse de que este sea el caso ser\u00eda llamarnos. McDonald Worley es un importante <a href=\"\/es\">bufete de abogados de lesiones personales<\/a> en la ciudad de Riverside. Haremos todo lo que est\u00e9 a nuestro alcance para garantizar que obtenga la ayuda que necesita. Todo lo que tiene que hacer es ponerse en contacto con nosotros lo antes posible.<\/p>\n\n<h2>\u00bfC\u00f3mo funciona una tarifa de contingencia?<\/h2>\n<p>Si no est\u00e1 familiarizado con el t\u00e9rmino, la contingencia es cuando solo debe pagar los servicios si gana. \u00a1Si! Si est\u00e1 en la corte y le dicen que est\u00e1 en el equipo perdedor, puede retirarse sin pagar nada. Por otro lado, si lo haces bien, entonces la empresa esperar\u00e1 recibir una compensaci\u00f3n.<\/p>\n<p>Puede que se pregunte por qu\u00e9 es una buena idea, pero en realidad es bastante simple. Un abogado de contingencia generalmente no est\u00e1 dispuesto a llevar un caso a menos que est\u00e9 absolutamente seguro de que puede ganar. Esto significa que si esta empresa acepta su caso, entonces es una buena se\u00f1al que creen que tiene un caso que ir\u00e1 a su favor.<\/p>\n<p>Por supuesto, esto no significa que haya garant\u00edas. Siempre existe la posibilidad de que las cosas sean diferentes. Dicho esto, es como tener un seguro que le garantice que podr\u00e1 pagar lo que se le debe, sin hacer preguntas.<\/p>\n<p><img loading=\"lazy\" decoding=\"async\" class=\"alignnone wp-image-31441 size-full\" src=\"https:\/\/mcdonaldworley.com\/wp-content\/uploads\/2020\/01\/riverside-car-accident-lawyer.jpg\" alt=\"Car accident in Riverside, CA\" width=\"500\" height=\"190\" title=\"\" srcset=\"https:\/\/mcdonaldworley.com\/wp-content\/uploads\/2020\/01\/riverside-car-accident-lawyer.jpg 500w, https:\/\/mcdonaldworley.com\/wp-content\/uploads\/2020\/01\/riverside-car-accident-lawyer-300x114.jpg 300w\" sizes=\"auto, (max-width: 500px) 100vw, 500px\" \/><\/p>\n<h2>\u00bfPor qu\u00e9 deber\u00eda contratar a un abogado de accidentes automovil\u00edsticos en Riverside?<\/h2>\n<p>Imagina estar en un <a href=\"https:\/\/mcdonaldworley.com\/es\/glendale\/abogado-accidentes-automovilisticos\/\" target=\"_blank\" rel=\"noopener\">accidente automovil\u00edstico<\/a> y es completamente tu culpa.. \u00bfC\u00f3mo en el mundo esperas salir de ese desastre? Un abogado en <a href=\"https:\/\/mcdonaldworley.com\/riverside\/\">Riverside<\/a> puede evaluar la situaci\u00f3n desde muchos \u00e1ngulos diferentes y darle un resultado con el que estar\u00e1 satisfecho. Pueden analizar la jurisprudencia y encontrar lagunas que lo ayudar\u00e1n a salir de una situaci\u00f3n muy desafortunada. Cuando no eres un \u00e1guila legal, existe la posibilidad de que te pierdas algo al revisar el caso y podr\u00eda ser lo \u00fanico que se interpone entre que salgas de la corte como un ganador y gastes todo tu dinero tratando de compensar a alguien porque no ten\u00edas idea de c\u00f3mo balancear las cosas en tu direcci\u00f3n.<\/p>\n<h2>\u00bfCu\u00e1les son los diferentes tipos de accidentes automovil\u00edsticos?<\/h2>\n<p>Existen diferentes tipos de accidentes:<\/p>\n<h3>Colisiones traseras<\/h3>\n<p>Esto es cuando su veh\u00edculo es golpeado en la espalda y se tambalea hacia adelante. Puede causar una lesi\u00f3n como latigazo cervical o puede ser tan grave como que alguien pase por el parabrisas o se lastime con una bolsa de aire desplegada.<\/p>\n<h3>Colisiones frontales<\/h3>\n<p>Esto es cuando te golpean en la parte delantera del veh\u00edculo. Puede causar el mismo tipo de lesiones que una colisi\u00f3n frontal. Si bien es posible que no atraviese el parabrisas, existe la posibilidad de que se rompa y se golpee con un vidrio volador.<\/p>\n<h3>Pega y corre.<\/h3>\n<p>En este tipo de accidente, puede lesionarse, pero la otra parte se fue para evitar tener que asumir ninguna responsabilidad. Si se encuentra en este tipo de incidente, existe la posibilidad de que cosas como los espectadores y las c\u00e1maras de tr\u00e1fico tengan que entrar en juego para que se le compense leg\u00edtimamente.<\/p>\n<h2>\u00bfCu\u00e1les son algunas de las lesiones comunes causadas por accidentes automovil\u00edsticos?<\/h2>\n<p>Las lesiones pueden variar seg\u00fan el tipo de <a href=\"https:\/\/mcdonaldworley.com\/es\/sunrise-manor\/abogado-accidentes-automovilisticos\/\" target=\"_blank\" rel=\"noopener\">accidente automovil\u00edstico<\/a> en el que se encuentre..<\/p>\n<p><img loading=\"lazy\" decoding=\"async\" class=\"alignnone size-full wp-image-31439\" src=\"https:\/\/mcdonaldworley.com\/wp-content\/uploads\/2020\/01\/riverside-car-accident-lawyer-mcdonald-worley.jpg\" alt=\"A car wreck in Riverside, CA.\" width=\"500\" height=\"202\" title=\"\" srcset=\"https:\/\/mcdonaldworley.com\/wp-content\/uploads\/2020\/01\/riverside-car-accident-lawyer-mcdonald-worley.jpg 500w, https:\/\/mcdonaldworley.com\/wp-content\/uploads\/2020\/01\/riverside-car-accident-lawyer-mcdonald-worley-300x121.jpg 300w\" sizes=\"auto, (max-width: 500px) 100vw, 500px\" \/><\/p>\n<p>Estas lesiones pueden incluir:<\/p>\n<ul>\n<li>Cortadas y moretones<\/li>\n<li>Heridas en la cabeza<\/li>\n<li>Huesos rotos<\/li>\n<li>Esguinces<\/li>\n<li>Latigazo<\/li>\n<li>Lesiones relacionadas con bolsas de aire<\/li>\n<li>Esguinces<\/li>\n<li>Y m\u00e1s<\/li>\n<\/ul>\n<p>Independientemente del tipo de lesi\u00f3n que est\u00e9 enfrentando, es importante buscar asistencia legal lo antes posible. El <a href=\"https:\/\/mcdonaldworley.com\/es\/baytown\/abogado-accidentes-automovilisticos\/\" target=\"_blank\" rel=\"noopener\">abogado de accidentes automovil\u00edsticos<\/a> lo ayudar\u00e1 a determinar la estrategia correcta en funci\u00f3n de su lesi\u00f3n para garantizar que pueda solicitar una indemnizaci\u00f3n..<\/p>\n<h2>\u00bfA qui\u00e9n se le permite presentar un reclamo cuando la v\u00edctima ha fallecido?<\/h2>\n<p>Cuando un <a href=\"https:\/\/mcdonaldworley.com\/es\/the-woodlands\/abogado-especialista-accidentes-automovilisticos\/\" target=\"_blank\" rel=\"noopener\">accidente automovil\u00edstico<\/a> conduce a la muerte de una persona, su familia puede solicitar una indemnizaci\u00f3n.. Por eso es mejor no asumir la muerte de una persona, lo que significa que la otra parte no tendr\u00e1 que pagar una indemnizaci\u00f3n. En la mayor\u00eda de los casos, la parte culpable tendr\u00e1 que pagar varias cosas diferentes, incluidos da\u00f1os a la propiedad, salarios perdidos (si falleci\u00f3 un \u00fanico proveedor) y da\u00f1os relacionados con lesiones.<\/p>\n<p>Estos casos pueden ser complejos ya que hay diferentes variables en juego despu\u00e9s de que una persona fallece. Por eso es mejor no asumir que va a ganar el caso. A menudo puede implicar tener que buscar testigos de alta calidad que puedan ayudar a describir lo que ocurri\u00f3.<\/p>\n<p>Incluso si la otra parte no est\u00e1 all\u00ed para describir lo que sucedi\u00f3, hay momentos en que la evidencia es m\u00e1s que suficiente para ayudar a avanzar en el caso. Es por eso que un abogado puede ser \u00fatil y asegurarse de que todo salga como lo desea.<\/p>\n<h2>Llame a los abogados de accidentes automovil\u00edsticos de Riverside en McDonald Worley para una consulta gratuita<\/h2>\n<p>P\u00f3ngase en contacto con un <a href=\"https:\/\/mcdonaldworley.com\/es\/the-lakes\/abogado-lesiones-personales\/\">abogado de lesiones personales en Riverside, CA<\/a> tan pronto como sea posible. Estamos disponibles por tel\u00e9fono, chat en l\u00ednea o puede completar el pr\u00e1ctico formulario en nuestro sitio. Discutiremos sus opciones con usted y le haremos saber la mejor manera de proceder. El n\u00famero de tel\u00e9fono es (877) 721-3423. No dude en llamarnos. Como se le dijo anteriormente, cuanto m\u00e1s espere, m\u00e1s probable ser\u00e1 que se aleje de la situaci\u00f3n en una posici\u00f3n desfavorable. P\u00f3ngase en contacto AHORA.<\/p>\n","protected":false},"excerpt":{"rendered":"<p>Si ha tenido un accidente automovil\u00edstico, es importante que busque inmediatamente la representaci\u00f3n de un abogado de accidentes automovil\u00edsticos en Riverside. Si tuvo la culpa o si fue un accidente causado por la negligencia de otra persona, debe hablar con un profesional de inmediato. Intentar manejar las cosas por su cuenta es algo que rara [&hellip;]<\/p>\n","protected":false},"author":65,"featured_media":0,"parent":32670,"menu_order":0,"comment_status":"closed","ping_status":"closed","template":"","meta":{"_acf_changed":false,"site-sidebar-layout":"default","site-content-layout":"","ast-site-content-layout":"default","site-content-style":"default","site-sidebar-style":"default","ast-global-header-display":"","ast-banner-title-visibility":"","ast-main-header-display":"","ast-hfb-above-header-display":"","ast-hfb-below-header-display":"","ast-hfb-mobile-header-display":"","site-post-title":"","ast-breadcrumbs-content":"","ast-featured-img":"","footer-sml-layout":"","ast-disable-related-posts":"","theme-transparent-header-meta":"","adv-header-id-meta":"","stick-header-meta":"","header-above-stick-meta":"","header-main-stick-meta":"","header-below-stick-meta":"","astra-migrate-meta-layouts":"default","ast-page-background-enabled":"default","ast-page-background-meta":{"desktop":{"background-color":"var(--ast-global-color-4)","background-image":"","background-repeat":"repeat","background-position":"center center","background-size":"auto","background-attachment":"scroll","background-type":"","background-media":"","overlay-type":"","overlay-color":"","overlay-opacity":"","overlay-gradient":""},"tablet":{"background-color":"","background-image":"","background-repeat":"repeat","background-position":"center center","background-size":"auto","background-attachment":"scroll","background-type":"","background-media":"","overlay-type":"","overlay-color":"","overlay-opacity":"","overlay-gradient":""},"mobile":{"background-color":"","background-image":"","background-repeat":"repeat","background-position":"center center","background-size":"auto","background-attachment":"scroll","background-type":"","background-media":"","overlay-type":"","overlay-color":"","overlay-opacity":"","overlay-gradient":""}},"ast-content-background-meta":{"desktop":{"background-color":"var(--ast-global-color-5)","background-image":"","background-repeat":"repeat","background-position":"center center","background-size":"auto","background-attachment":"scroll","background-type":"","background-media":"","overlay-type":"","overlay-color":"","overlay-opacity":"","overlay-gradient":""},"tablet":{"background-color":"var(--ast-global-color-5)","background-image":"","background-repeat":"repeat","background-position":"center center","background-size":"auto","background-attachment":"scroll","background-type":"","background-media":"","overlay-type":"","overlay-color":"","overlay-opacity":"","overlay-gradient":""},"mobile":{"background-color":"var(--ast-global-color-5)","background-image":"","background-repeat":"repeat","background-position":"center center","background-size":"auto","background-attachment":"scroll","background-type":"","background-media":"","overlay-type":"","overlay-color":"","overlay-opacity":"","overlay-gradient":""}},"footnotes":""},"class_list":["post-32676","page","type-page","status-publish","hentry"],"acf":[],"_links":{"self":[{"href":"https:\/\/mcdonaldworley.com\/es\/wp-json\/wp\/v2\/pages\/32676","targetHints":{"allow":["GET"]}}],"collection":[{"href":"https:\/\/mcdonaldworley.com\/es\/wp-json\/wp\/v2\/pages"}],"about":[{"href":"https:\/\/mcdonaldworley.com\/es\/wp-json\/wp\/v2\/types\/page"}],"author":[{"embeddable":true,"href":"https:\/\/mcdonaldworley.com\/es\/wp-json\/wp\/v2\/users\/65"}],"replies":[{"embeddable":true,"href":"https:\/\/mcdonaldworley.com\/es\/wp-json\/wp\/v2\/comments?post=32676"}],"version-history":[{"count":0,"href":"https:\/\/mcdonaldworley.com\/es\/wp-json\/wp\/v2\/pages\/32676\/revisions"}],"up":[{"embeddable":true,"href":"https:\/\/mcdonaldworley.com\/es\/wp-json\/wp\/v2\/pages\/32670"}],"wp:attachment":[{"href":"https:\/\/mcdonaldworley.com\/es\/wp-json\/wp\/v2\/media?parent=32676"}],"curies":[{"name":"wp","href":"https:\/\/api.w.org\/{rel}","templated":true}]}}