{"id":32669,"date":"2020-01-30T11:26:38","date_gmt":"2020-01-30T17:26:38","guid":{"rendered":"https:\/\/abconlinehold.wpengine.com\/oxnard\/oxnard-personal-injury-attorney\/"},"modified":"2021-08-11T18:16:55","modified_gmt":"2021-08-11T23:16:55","slug":"abogado-lesiones-personales","status":"publish","type":"page","link":"https:\/\/mcdonaldworley.com\/es\/oxnard\/abogado-lesiones-personales\/","title":{"rendered":"Abogado de lesiones personales de Oxnard"},"content":{"rendered":"<p>Un accidente puede ocurrir en un abrir y cerrar de ojos. Sin embargo, es el resultado, que va desde lesiones hasta estr\u00e9s que puede durar m\u00e1s tiempo y, a veces, incluso para siempre. Es bastante com\u00fan que las v\u00edctimas de accidentes permanezcan afectadas para siempre por tales acontecimientos. Adem\u00e1s del riesgo para la salud que representa, puede ser costoso resolver la situaci\u00f3n, lo que podr\u00eda llevar a toda una familia a una crisis financiera. La <a href=\"\/es\">firma de lesiones personales<\/a> de McDonald Worley lo tiene cubierto. Nuestros abogados son muy conscientes de su sufrimiento y est\u00e1n ah\u00ed para acompa\u00f1arlo en esto. Si se encuentra en <a href=\"https:\/\/mcdonaldworley.com\/oxnard\/\" target=\"_blank\" rel=\"noopener\">Oxnard<\/a>, programe una consulta gratuita con un abogado para obtener una compensaci\u00f3n completa por sus lesiones personales y llevar su vida normal..<\/p>\n\n<h2>\u00bfPor qu\u00e9 deber\u00eda contratar a un abogado de lesiones personales en Oxnard?<\/h2>\n<p>Aquellos que resultaron heridos en un accidente deben saber que hay algunas ventajas importantes en la contrataci\u00f3n de asistencia legal profesional. Lo m\u00e1s importante, un <a href=\"https:\/\/mcdonaldworley.com\/es\/san-bernardino\/abogado-lesiones-personales\/\" target=\"_blank\" rel=\"noopener\">abogado de lesiones personales<\/a> puede mejorar el valor de su caso.. Estad\u00edsticamente en <a href=\"https:\/\/en.wikipedia.org\/wiki\/Oxnard,_California\" target=\"_blank\" rel=\"nofollow noopener\">Oxnard, California<\/a>, los casos que se abordan con abogados profesionales de lesiones personales tienen un monto de liquidaci\u00f3n m\u00e1s alto que los que se negocian personalmente.<\/p>\n<p>Nuestro equipo de profesionales en lesiones personales tiene las habilidades y la experiencia para armar un caso s\u00f3lido y manejar el proceso de negociaciones con la compa\u00f1\u00eda de seguros. A partir de una amplia experiencia y conocimientos, podemos decir lo que realmente vale un caso y defender\u00e1 sus intereses en todo momento.<\/p>\n<h2>\u00bfC\u00f3mo s\u00e9 que tengo un reclamo por lesiones personales?<\/h2>\n<p>Las lesiones deben ser culpa de alguien y causadas por su negligencia. No es tan importante si las lesiones son f\u00edsicas y visibles al presentar su caso. Cosas como la angustia emocional, la expectativa de da\u00f1o y la difamaci\u00f3n tambi\u00e9n son motivos <a href=\"https:\/\/mcdonaldworley.com\/es\/texas\/mediacion-caso-de-lesiones-personales\/\" target=\"_blank\" rel=\"noopener\">que tambi\u00e9n pueden incluirse en un caso de lesiones personales.<\/a>.<\/p>\n<p>Otra cosa importante a considerar ser\u00e1n los da\u00f1os compensatorios. Estos cubren cosas como facturas m\u00e9dicas y salarios perdidos debido a lesiones sufridas. Si se enfrenta a alguna de estas situaciones, es probable que tenga un caso y debe comunicarse con nuestros abogados de inmediato.<\/p>\n<h2>\u00bfQu\u00e9 debo hacer despu\u00e9s de haber sufrido una lesi\u00f3n?<\/h2>\n<p>Si ha resultado lesionado, necesita atenci\u00f3n m\u00e9dica en Oxnard, California, antes que nada. Dependiendo de la gravedad de sus lesiones, esto podr\u00eda significar un examen m\u00e9dico completo o un viaje a la sala de emergencias. Si llena para hacerse un examen m\u00e9dico, la compa\u00f1\u00eda de seguros dudar\u00e1 de la gravedad de nuestras lesiones. El proveedor de seguros tratar\u00e1 de pagar lo menos posible e intentar\u00e1 demostrar que sus lesiones no son tan graves.<\/p>\n<p><img loading=\"lazy\" decoding=\"async\" class=\"alignnone wp-image-31461\" src=\"https:\/\/mcdonaldworley.com\/wp-content\/uploads\/2020\/01\/lawyer-5-750x500-3.jpg\" alt=\"Attorneys reviewing a personal injury claim.\" width=\"500\" height=\"333\" title=\"\" srcset=\"https:\/\/mcdonaldworley.com\/wp-content\/uploads\/2020\/01\/lawyer-5-750x500-3.jpg 750w, https:\/\/mcdonaldworley.com\/wp-content\/uploads\/2020\/01\/lawyer-5-750x500-3-300x200.jpg 300w\" sizes=\"auto, (max-width: 500px) 100vw, 500px\" \/><\/p>\n<h2>\u00bfCu\u00e1nto tiempo lleva resolver un caso de lesiones personales?<\/h2>\n<p>Muchos casos concluyen en unos pocos meses, pero es muy raro que un caso se resuelva en menos. Un caso tambi\u00e9n puede durar muchos a\u00f1os y si el caso se lleva a los <a href=\"http:\/\/www.ventura.courts.ca.gov\/\" target=\"_blank\" rel=\"noopener noreferrer nofollow\">tribunales locales de Oxnard<\/a>, esto podr\u00eda significar apelaciones y esto aumentar\u00e1 significativamente el tiempo hasta que se concluya el caso. Sin embargo, cada caso es diferente y es dif\u00edcil decir exactamente cu\u00e1nto tiempo llevar\u00e1 su caso sin examinar primero los detalles. Llame a McDonald Worley hoy y programe una consulta gratuita donde podamos arrojar algo de luz sobre su situaci\u00f3n.<\/p>\n<h2>\u00bfCu\u00e1nto vale mi caso de lesiones personales de Oxnard?<\/h2>\n<p>El valor de su caso puede depender de una amplia variedad de factores y solo un examen adecuado de su caso desde una perspectiva legal y m\u00e9dica puede proporcionar una cuenta adecuada. Se pueden otorgar da\u00f1os por p\u00e9rdidas tangibles como el efectivo que tuvo que gastar en tratamientos m\u00e9dicos y facturas, as\u00ed como los salarios perdidos durante su recuperaci\u00f3n, esto incluye pasado presente y futuro. Tambi\u00e9n pueden cubrir las p\u00e9rdidas intangibles como el dolor, el sufrimiento y la angustia mental.<\/p>\n<p>Entonces, puede haber ocasiones en que las acciones del acusado fueron especialmente graves y el tribunal decidir\u00e1 imponer da\u00f1os punitivos al acusado. Adem\u00e1s, la calidad y el calibre de su asesor legal tendr\u00e1n un papel que desempe\u00f1ar en la cantidad que puede recuperar. McDonald Worley es una de las principales firmas de <a href=\"https:\/\/mcdonaldworley.com\/es\/sunrise-manor\/abogado-lesiones-personales\/\" target=\"_blank\" rel=\"noopener\">abogados de lesiones personales<\/a> que opera cerca de Oxnard y tiene una extensa historia de recuperaci\u00f3n de grandes asentamientos para nuestros clientes..<\/p>\n<h2>Contrata a un abogado de lesiones personales en McDonald Worley en Oxnard.<\/h2>\n<p>Nuestros expertos est\u00e1n all\u00ed para ayudar a las v\u00edctimas de lesiones en casos que van desde accidentes automovil\u00edsticos hasta drogas peligrosas dentro de Oxnard. Ll\u00e1menos a trav\u00e9s de una llamada al (877) 721-3423, encu\u00e9ntranos en nuestra plataforma en l\u00ednea o use los servicios de chat de nuestro sitio web para cualquier consulta gratuita. Como si eso no fuera suficiente, incluso venimos a hospitales, a su casa y todo esto es gratis. Sin embargo, cobramos una vez que ganamos, y usted es compensado.<\/p>\n","protected":false},"excerpt":{"rendered":"<p>Un accidente puede ocurrir en un abrir y cerrar de ojos. Sin embargo, es el resultado, que va desde lesiones hasta estr\u00e9s que puede durar m\u00e1s tiempo y, a veces, incluso para siempre. Es bastante com\u00fan que las v\u00edctimas de accidentes permanezcan afectadas para siempre por tales acontecimientos. Adem\u00e1s del riesgo para la salud que [&hellip;]<\/p>\n","protected":false},"author":65,"featured_media":0,"parent":32666,"menu_order":0,"comment_status":"closed","ping_status":"closed","template":"","meta":{"_acf_changed":false,"site-sidebar-layout":"default","site-content-layout":"","ast-site-content-layout":"default","site-content-style":"default","site-sidebar-style":"default","ast-global-header-display":"","ast-banner-title-visibility":"","ast-main-header-display":"","ast-hfb-above-header-display":"","ast-hfb-below-header-display":"","ast-hfb-mobile-header-display":"","site-post-title":"","ast-breadcrumbs-content":"","ast-featured-img":"","footer-sml-layout":"","ast-disable-related-posts":"","theme-transparent-header-meta":"","adv-header-id-meta":"","stick-header-meta":"","header-above-stick-meta":"","header-main-stick-meta":"","header-below-stick-meta":"","astra-migrate-meta-layouts":"default","ast-page-background-enabled":"default","ast-page-background-meta":{"desktop":{"background-color":"var(--ast-global-color-4)","background-image":"","background-repeat":"repeat","background-position":"center center","background-size":"auto","background-attachment":"scroll","background-type":"","background-media":"","overlay-type":"","overlay-color":"","overlay-opacity":"","overlay-gradient":""},"tablet":{"background-color":"","background-image":"","background-repeat":"repeat","background-position":"center center","background-size":"auto","background-attachment":"scroll","background-type":"","background-media":"","overlay-type":"","overlay-color":"","overlay-opacity":"","overlay-gradient":""},"mobile":{"background-color":"","background-image":"","background-repeat":"repeat","background-position":"center center","background-size":"auto","background-attachment":"scroll","background-type":"","background-media":"","overlay-type":"","overlay-color":"","overlay-opacity":"","overlay-gradient":""}},"ast-content-background-meta":{"desktop":{"background-color":"var(--ast-global-color-5)","background-image":"","background-repeat":"repeat","background-position":"center center","background-size":"auto","background-attachment":"scroll","background-type":"","background-media":"","overlay-type":"","overlay-color":"","overlay-opacity":"","overlay-gradient":""},"tablet":{"background-color":"var(--ast-global-color-5)","background-image":"","background-repeat":"repeat","background-position":"center center","background-size":"auto","background-attachment":"scroll","background-type":"","background-media":"","overlay-type":"","overlay-color":"","overlay-opacity":"","overlay-gradient":""},"mobile":{"background-color":"var(--ast-global-color-5)","background-image":"","background-repeat":"repeat","background-position":"center center","background-size":"auto","background-attachment":"scroll","background-type":"","background-media":"","overlay-type":"","overlay-color":"","overlay-opacity":"","overlay-gradient":""}},"footnotes":""},"class_list":["post-32669","page","type-page","status-publish","hentry"],"acf":[],"_links":{"self":[{"href":"https:\/\/mcdonaldworley.com\/es\/wp-json\/wp\/v2\/pages\/32669","targetHints":{"allow":["GET"]}}],"collection":[{"href":"https:\/\/mcdonaldworley.com\/es\/wp-json\/wp\/v2\/pages"}],"about":[{"href":"https:\/\/mcdonaldworley.com\/es\/wp-json\/wp\/v2\/types\/page"}],"author":[{"embeddable":true,"href":"https:\/\/mcdonaldworley.com\/es\/wp-json\/wp\/v2\/users\/65"}],"replies":[{"embeddable":true,"href":"https:\/\/mcdonaldworley.com\/es\/wp-json\/wp\/v2\/comments?post=32669"}],"version-history":[{"count":0,"href":"https:\/\/mcdonaldworley.com\/es\/wp-json\/wp\/v2\/pages\/32669\/revisions"}],"up":[{"embeddable":true,"href":"https:\/\/mcdonaldworley.com\/es\/wp-json\/wp\/v2\/pages\/32666"}],"wp:attachment":[{"href":"https:\/\/mcdonaldworley.com\/es\/wp-json\/wp\/v2\/media?parent=32669"}],"curies":[{"name":"wp","href":"https:\/\/api.w.org\/{rel}","templated":true}]}}