{"id":32668,"date":"2020-01-30T15:26:40","date_gmt":"2020-01-30T21:26:40","guid":{"rendered":"https:\/\/abconlinehold.wpengine.com\/oxnard\/car-accident-attorney-in-oxnard\/"},"modified":"2021-08-17T09:03:50","modified_gmt":"2021-08-17T14:03:50","slug":"abogado-accidentes-automovilisticos","status":"publish","type":"page","link":"https:\/\/mcdonaldworley.com\/es\/oxnard\/abogado-accidentes-automovilisticos\/","title":{"rendered":"Abogado de accidentes automovil\u00edsticos en Oxnard"},"content":{"rendered":"<p>Cuando est\u00e1 involucrado en un accidente automovil\u00edstico en Oxnard, es importante que busque un abogado lo antes posible. Esto es independientemente de si usted caus\u00f3 o no el accidente. Es muy importante que hable con un abogado profesional de accidentes automovil\u00edsticos lo antes posible. Tratar los asuntos de <a href=\"https:\/\/mcdonaldworley.com\/es\/league-city\/abogado-accidentes-automovilisticos\/\" target=\"_blank\" rel=\"noopener\">accidentes automovil\u00edsticos<\/a> por su cuenta es muy arriesgado y puede terminar sufriendo graves p\u00e9rdidas u otras consecuencias.. Nuestra <a href=\"\/es\">firma de lesiones de Oxnard<\/a> puede ofrecerle el abogado de accidentes automovil\u00edsticos que se merece en el momento que lo necesite.<\/p>\n<p>Los <a href=\"https:\/\/mcdonaldworley.com\/es\/pasadena\/abogado-accidentes-automovilisticos\/\" target=\"_blank\" rel=\"noopener\">accidentes automovil\u00edsticos<\/a> pueden ocurrir en cualquier momento del d\u00eda o de la noche y sin previo aviso.. Es muy importante que maneje las consecuencias de un accidente en consecuencia llam\u00e1ndonos lo antes posible. En McDonald Worley, tenemos algunos de los principales <a href=\"https:\/\/mcdonaldworley.com\/es\/conroe\/abogado-accidentes-automovilisticos\/\" target=\"_blank\" rel=\"noopener\">abogados de accidentes automovil\u00edsticos<\/a> en la costa oeste.. Una vez que nos contacte, tomaremos su caso de inmediato y le aseguraremos el resultado que desea.<\/p>\n\n<h2>\u00bfCu\u00e1les son los l\u00edmites de tiempo dentro de los cuales presentar un reclamo de accidente automovil\u00edstico?<\/h2>\n<p>Si ha tenido un accidente y desea que la otra parte sea responsable, debe actuar sin demora. Cuanto m\u00e1s se demore, mayor ser\u00e1 la probabilidad de que su caso sea desestimado antes de poner un pie en la corte.<\/p>\n<p>Si desea conocer los detalles, tiene 2 a\u00f1os a partir del d\u00eda de la <a href=\"https:\/\/mcdonaldworley.com\/es\/henderson\/abogado-lesione-personales\/\" target=\"_blank\" rel=\"noopener\">lesi\u00f3n para presentar un reclamo por lesiones personales.<\/a>. No importa si las lesiones fueron moderadas, leves o graves, el reloj comienza a marcar de inmediato si usted est\u00e1 involucrado en un accidente. Por eso debes actuar sin demora. El caso puede tomar m\u00e1s tiempo para concluir, especialmente si es particularmente dif\u00edcil, pero a\u00fan se le pedir\u00e1 que presente documentaci\u00f3n legal a m\u00e1s tardar <a href=\"https:\/\/www.courts.ca.gov\/9618.htm?rdeLocaleAttr=en\" target=\"_blank\" rel=\"noopener noreferrer nofollow\">2 a\u00f1os despu\u00e9s del accidente<\/a>.<\/p>\n<p><img loading=\"lazy\" decoding=\"async\" class=\"alignnone wp-image-31464\" src=\"https:\/\/mcdonaldworley.com\/wp-content\/uploads\/2020\/01\/car-accident-2-750x338-1.jpg\" alt=\"An accident in Oxnard that left two cars badly damaged.\" width=\"500\" height=\"225\" title=\"\" srcset=\"https:\/\/mcdonaldworley.com\/wp-content\/uploads\/2020\/01\/car-accident-2-750x338-1.jpg 750w, https:\/\/mcdonaldworley.com\/wp-content\/uploads\/2020\/01\/car-accident-2-750x338-1-300x135.jpg 300w\" sizes=\"auto, (max-width: 500px) 100vw, 500px\" \/><\/p>\n<p>Vale la pena se\u00f1alar que cuando se trata de presentar reclamos por da\u00f1os a la propiedad, tiene 3 a\u00f1os. Sin embargo, no significa que deba esperar hasta el \u00faltimo minuto para comenzar a hacer las cosas. Cuanto antes presente, m\u00e1s fresco estar\u00e1 el incidente en su mente, as\u00ed como en la mente de cualquier testigo. Imag\u00ednese dejando pasar todos esos d\u00edas y usted u otra persona no recuerdan ni recuerdan mal los eventos que ocurrieron. No te arriesgues a que esto realmente te suceda. Debe ponerse en contacto con alguien para comenzar el proceso sin demora.<\/p>\n<p>Esperar demasiado nunca es lo mejor para ti. Si bien tiene entre 2 y 3 a\u00f1os para presentar la declaraci\u00f3n legalmente despu\u00e9s de que ocurra un accidente, es imprescindible hacer movimientos serios de inmediato. No tendr\u00e1 muchas posibilidades de obtener un resultado favorable si no puede recordar todos los detalles. P\u00f3ngase en contacto con nosotros hoy para que nunca tenga que preocuparse por un mal recuerdo o el estatuto de limitaciones que le impiden tener un resultado favorable.<\/p>\n<h2>\u00bfCu\u00e1l es el acuerdo promedio para un caso de accidente automovil\u00edstico en California?<\/h2>\n<p>El reclamo promedio por accidente automovil\u00edstico en el estado de California se liquida en alrededor de $ 15,000- $ 16,000. Esto puede parecer mucho, pero siempre existe la posibilidad de que se vaya con mucho m\u00e1s o menos. Todo esto depender\u00e1 de varios factores, que incluyen:<\/p>\n<ul>\n<li><span style=\"font-weight: 400;\">\u00bfCu\u00e1ntas partes estuvieron involucradas en el incidente?<\/span><\/li>\n<li>Si hubo alcohol o drogas consumidas por cualquiera de las partes<\/li>\n<li>Qu\u00e9 tan graves son las lesiones<\/li>\n<li>La probabilidad de que la parte lesionada pueda volver a trabajar en cualquier momento en un futuro cercano<\/li>\n<li>Qu\u00e9 tan r\u00e1pido contact\u00f3 para obtener un abogado<\/li>\n<li>El bufete de abogados que representa su caso<\/li>\n<\/ul>\n<p>Es posible que no tenga mucho control sobre muchas de estas cosas, pero s\u00ed tiene opciones cuando se trata de seleccionar una empresa. En lugar de conformarse con cualquier empresa antigua, debe ponerse en contacto con nosotros lo antes posible. Esta es la \u00fanica forma de garantizar que reciba un acuerdo favorable teniendo en cuenta el estado de su propiedad y su cuerpo. Es as\u00ed de simple. Si desea asegurarse de que obtendr\u00e1 la mayor cantidad posible, entonces necesita tener un equipo legal en <a href=\"https:\/\/mcdonaldworley.com\/oxnard\/\" target=\"_blank\" rel=\"noopener\">Oxnard<\/a>, CA, disponible para usted, ll\u00e1menos..<\/p>\n<h2>\u00bfCu\u00e1les son los diferentes tipos de accidentes automovil\u00edsticos?<\/h2>\n<p>Los <a href=\"https:\/\/mcdonaldworley.com\/es\/sunrise-manor\/abogado-accidentes-automovilisticos\/\" target=\"_blank\" rel=\"noopener\">accidentes automovil\u00edsticos<\/a> son de varios tipos diferentes, que incluyen:<\/p>\n<h3>Colisiones traseras.<\/h3>\n<p>Es cuando su veh\u00edculo es golpeado por detr\u00e1s y se tambalea hacia adelante. Puede provocar lesiones como latigazo cervical o incluso algo tan grave como el hecho de que alguien resulte herido por una bolsa de aire desplegada o incluso atravesar el parabrisas.<\/p>\n<h3>Colisiones frontales.<\/h3>\n<p>Es cuando te golpean en la parte delantera del veh\u00edculo. Puede provocar lesiones similares a las de una colisi\u00f3n trasera. Si bien es posible que no atraviese el parabrisas, a\u00fan puede romperse y los pedazos de vidrio pueden golpearlo.<\/p>\n<h3>Pega y corre.<\/h3>\n<p>Es un accidente en el que podr\u00eda haber sufrido lesiones, pero la otra parte se fue para evitar asumir la responsabilidad. En tal accidente, es probable que cosas como c\u00e1maras de tr\u00e1fico y espectadores hayan entrado en juego para que usted sea compensado leg\u00edtimamente.<\/p>\n<p><img loading=\"lazy\" decoding=\"async\" class=\"alignnone wp-image-31467\" src=\"https:\/\/mcdonaldworley.com\/wp-content\/uploads\/2020\/01\/lawyer-3-750x500-2.jpg\" alt=\"A lawyer reviewing a car accident claim.\" width=\"500\" height=\"333\" title=\"\" srcset=\"https:\/\/mcdonaldworley.com\/wp-content\/uploads\/2020\/01\/lawyer-3-750x500-2.jpg 750w, https:\/\/mcdonaldworley.com\/wp-content\/uploads\/2020\/01\/lawyer-3-750x500-2-300x200.jpg 300w\" sizes=\"auto, (max-width: 500px) 100vw, 500px\" \/><\/p>\n<h2>\u00bfQui\u00e9n puede presentar un reclamo si la muerte est\u00e1 involucrada?<\/h2>\n<p>Si el accidente resulta en la muerte, la familia de la v\u00edctima puede presentar un reclamo por da\u00f1os y perjuicios. No puede suponer que debido a que la persona ha fallecido, usted est\u00e1 fuera del bosque. De hecho, la parte responsable puede tener que pagar por las lesiones sufridas, los da\u00f1os a la propiedad y la p\u00e9rdida de salarios si la persona que fue asesinada fue el \u00fanico proveedor de su familia.<\/p>\n<p>Puede ser bastante dif\u00edcil manejar este tipo de casos, especialmente porque la otra parte ha fallecido y no puede contar su historia, pero esto no significa que tenga una victoria autom\u00e1tica. Al igual que con los casos que involucraron a los conductores que golpean y corren, la mayor parte de lo que se dice depender\u00e1 de los otros que estaban en la escena en ese momento y las c\u00e1maras de tr\u00e1fico. No est\u00e1s totalmente fuera de peligro solo porque la persona no est\u00e1 all\u00ed para decir lo que pas\u00f3; la evidencia a veces habla por s\u00ed misma y es por eso que necesita ponerse en contacto con un abogado. No hay forma de que intentes manejar esto por tu cuenta.<\/p>\n<h2>Obtenga su consulta gratuita en McDonald Worley<\/h2>\n<p>Ofrecemos consultas legales gratuitas sobre <a href=\"https:\/\/mcdonaldworley.com\/es\/boulder-city\/abogado-accidentes-automovilisticos\/\" target=\"_blank\" rel=\"noopener\">accidentes automovil\u00edsticos<\/a> en McDonald Worley, por lo que no hay raz\u00f3n para no llamarnos hoy.. Puede comunicarse con nosotros a trav\u00e9s de varios m\u00e9todos, como tel\u00e9fono, texto, chat en l\u00ednea y muchos otros. Analizaremos su caso y le asesoraremos sobre la mejor causa de acci\u00f3n para tomar. \u00a1Ll\u00e1menos al 877-721-3423 hoy! No pierdas el tiempo deliberando sobre qu\u00e9 hacer despu\u00e9s de un accidente. Llame a nuestros <a href=\"https:\/\/mcdonaldworley.com\/es\/pasadena\/abogado-lesiones-personales\/\" target=\"_blank\" rel=\"noopener\">abogados de lesiones personales<\/a> de inmediato para proteger sus derechos e intereses.. Tomaremos su caso tan pronto como llame y nos aseguraremos de que est\u00e9 debidamente representado.<\/p>\n","protected":false},"excerpt":{"rendered":"<p>Cuando est\u00e1 involucrado en un accidente automovil\u00edstico en Oxnard, es importante que busque un abogado lo antes posible. Esto es independientemente de si usted caus\u00f3 o no el accidente. Es muy importante que hable con un abogado profesional de accidentes automovil\u00edsticos lo antes posible. Tratar los asuntos de accidentes automovil\u00edsticos por su cuenta es muy [&hellip;]<\/p>\n","protected":false},"author":65,"featured_media":0,"parent":32666,"menu_order":0,"comment_status":"closed","ping_status":"closed","template":"","meta":{"_acf_changed":false,"site-sidebar-layout":"default","site-content-layout":"","ast-site-content-layout":"default","site-content-style":"default","site-sidebar-style":"default","ast-global-header-display":"","ast-banner-title-visibility":"","ast-main-header-display":"","ast-hfb-above-header-display":"","ast-hfb-below-header-display":"","ast-hfb-mobile-header-display":"","site-post-title":"","ast-breadcrumbs-content":"","ast-featured-img":"","footer-sml-layout":"","ast-disable-related-posts":"","theme-transparent-header-meta":"","adv-header-id-meta":"","stick-header-meta":"","header-above-stick-meta":"","header-main-stick-meta":"","header-below-stick-meta":"","astra-migrate-meta-layouts":"default","ast-page-background-enabled":"default","ast-page-background-meta":{"desktop":{"background-color":"var(--ast-global-color-4)","background-image":"","background-repeat":"repeat","background-position":"center center","background-size":"auto","background-attachment":"scroll","background-type":"","background-media":"","overlay-type":"","overlay-color":"","overlay-opacity":"","overlay-gradient":""},"tablet":{"background-color":"","background-image":"","background-repeat":"repeat","background-position":"center center","background-size":"auto","background-attachment":"scroll","background-type":"","background-media":"","overlay-type":"","overlay-color":"","overlay-opacity":"","overlay-gradient":""},"mobile":{"background-color":"","background-image":"","background-repeat":"repeat","background-position":"center center","background-size":"auto","background-attachment":"scroll","background-type":"","background-media":"","overlay-type":"","overlay-color":"","overlay-opacity":"","overlay-gradient":""}},"ast-content-background-meta":{"desktop":{"background-color":"var(--ast-global-color-5)","background-image":"","background-repeat":"repeat","background-position":"center center","background-size":"auto","background-attachment":"scroll","background-type":"","background-media":"","overlay-type":"","overlay-color":"","overlay-opacity":"","overlay-gradient":""},"tablet":{"background-color":"var(--ast-global-color-5)","background-image":"","background-repeat":"repeat","background-position":"center center","background-size":"auto","background-attachment":"scroll","background-type":"","background-media":"","overlay-type":"","overlay-color":"","overlay-opacity":"","overlay-gradient":""},"mobile":{"background-color":"var(--ast-global-color-5)","background-image":"","background-repeat":"repeat","background-position":"center center","background-size":"auto","background-attachment":"scroll","background-type":"","background-media":"","overlay-type":"","overlay-color":"","overlay-opacity":"","overlay-gradient":""}},"footnotes":""},"class_list":["post-32668","page","type-page","status-publish","hentry"],"acf":[],"_links":{"self":[{"href":"https:\/\/mcdonaldworley.com\/es\/wp-json\/wp\/v2\/pages\/32668","targetHints":{"allow":["GET"]}}],"collection":[{"href":"https:\/\/mcdonaldworley.com\/es\/wp-json\/wp\/v2\/pages"}],"about":[{"href":"https:\/\/mcdonaldworley.com\/es\/wp-json\/wp\/v2\/types\/page"}],"author":[{"embeddable":true,"href":"https:\/\/mcdonaldworley.com\/es\/wp-json\/wp\/v2\/users\/65"}],"replies":[{"embeddable":true,"href":"https:\/\/mcdonaldworley.com\/es\/wp-json\/wp\/v2\/comments?post=32668"}],"version-history":[{"count":0,"href":"https:\/\/mcdonaldworley.com\/es\/wp-json\/wp\/v2\/pages\/32668\/revisions"}],"up":[{"embeddable":true,"href":"https:\/\/mcdonaldworley.com\/es\/wp-json\/wp\/v2\/pages\/32666"}],"wp:attachment":[{"href":"https:\/\/mcdonaldworley.com\/es\/wp-json\/wp\/v2\/media?parent=32668"}],"curies":[{"name":"wp","href":"https:\/\/api.w.org\/{rel}","templated":true}]}}