{"id":32660,"date":"2020-01-31T02:27:24","date_gmt":"2020-01-31T08:27:24","guid":{"rendered":"https:\/\/abconlinehold.wpengine.com\/moreno-valley\/personal-injury-lawyer\/"},"modified":"2021-08-11T18:21:42","modified_gmt":"2021-08-11T23:21:42","slug":"abogado-lesiones-personales","status":"publish","type":"page","link":"https:\/\/mcdonaldworley.com\/es\/moreno-valley\/abogado-lesiones-personales\/","title":{"rendered":"Abogado de lesiones personales en Moreno Valley"},"content":{"rendered":"<p>\u00bfNecesita un abogado de lesiones personales en Moreno Valley? Un accidente grave puede ocurrir en menos de un segundo, pero el dolor f\u00edsico y emocional que se origina puede llevar meses antes de la curaci\u00f3n. Hay v\u00edctimas que nunca se recuperan completamente.<\/p>\n<p>M\u00e1s all\u00e1 del trauma f\u00edsico y psicol\u00f3gico, los costos m\u00e9dicos y la p\u00e9rdida de ingresos pueden tener un gran impacto en el futuro financiero de toda la familia. En nuestro <a href=\"\/es\">bufete de abogados especializados en lesiones personales<\/a>, sabemos por lo que est\u00e1 pasando y estamos listos para brindarle ayuda cuando peleemos por la compensaci\u00f3n que necesita para que todo vuelva a la normalidad.<\/p>\n\n<h2>\u00bfCu\u00e1nto cuesta contratar a un abogado de lesiones personales?<\/h2>\n<p>En McDonald Worley trabajamos de manera contingente. No tiene que pagar ninguna tarifa inicial para trabajar en su caso. Si pierde el caso, no se le cobrar\u00e1. Nosotros seremos los responsables de todos los costos asociados con el caso, lo que significa que tiene todo el tiempo para concentrarse en su recuperaci\u00f3n en lugar de preocuparse por los honorarios legales.<\/p>\n<h2>\u00bfTengo un reclamo por lesiones personales?<\/h2>\n<p>La lesi\u00f3n debe ser causada por la culpa de otra persona y por su negligencia, aunque este podr\u00eda no ser el \u00fanico requisito. No necesita sufrir lesiones f\u00edsicas para poder presentar un reclamo; angustia emocional, ataques de difamaci\u00f3n o expectativa de da\u00f1o tambi\u00e9n pueden ser motivo de una demanda por lesiones personales. Otra cosa que se puede tener en cuenta es si la lesi\u00f3n provoca da\u00f1os compensatorios, p. salarios perdidos y facturas m\u00e9dicas. Si cumple con estas condiciones, entonces puede tener la oportunidad de llenar un reclamo por <a href=\"https:\/\/mcdonaldworley.com\/es\/sugarland\/abogado-de-lesiones-personales\/\" target=\"_blank\" rel=\"noopener\">lesiones personales.<\/a>. Es una buena idea hablar con nuestros <a href=\"https:\/\/mcdonaldworley.com\/es\/sunrise-manor\/abogado-lesiones-personales\/\" target=\"_blank\" rel=\"noopener\">abogados de lesiones personales<\/a> lo antes posible para que puedan asesorar sobre el mejor curso de acci\u00f3n para su caso.<\/p>\n<h2>\u00bfQui\u00e9n puede presentar?<\/h2>\n<p>Si el acto negligente o intencional de otra entidad o persona resulta en una lesi\u00f3n, la persona puede presentar una reclamaci\u00f3n. Diferentes estados tienen diferentes leyes que describen lo que califica como una lesi\u00f3n personal. Un ejemplo es la compensaci\u00f3n de trabajadores que cubre las lesiones que sufren los trabajadores cuando trabajan. Si desea saber si su situaci\u00f3n cumple con las condiciones para que sea un caso de lesiones personales en <a href=\"https:\/\/en.wikipedia.org\/wiki\/Moreno_Valley,_California\" target=\"_blank\" rel=\"noopener noreferrer nofollow\">Moreno Valley, California<\/a>, entonces es importante hablar con un abogado de accidentes en McDonald Worley. No tiene que preocuparse por los honorarios legales porque es una consulta gratuita. P\u00f3ngase en contacto con ellos para comenzar.<\/p>\n<p><img loading=\"lazy\" decoding=\"async\" class=\"alignnone size-full wp-image-31398\" src=\"https:\/\/mcdonaldworley.com\/wp-content\/uploads\/2020\/01\/moreno-valley-personal-injury-lawyer.jpg\" alt=\"Moreno Valley personal injury lawyer \" width=\"500\" height=\"334\" title=\"\" srcset=\"https:\/\/mcdonaldworley.com\/wp-content\/uploads\/2020\/01\/moreno-valley-personal-injury-lawyer.jpg 500w, https:\/\/mcdonaldworley.com\/wp-content\/uploads\/2020\/01\/moreno-valley-personal-injury-lawyer-300x200.jpg 300w\" sizes=\"auto, (max-width: 500px) 100vw, 500px\" \/><\/p>\n<h2>\u00bfLas reclamaciones por lesiones personales en Moreno Valley tienen un l\u00edmite de tiempo?<\/h2>\n<p>De acuerdo con la Ley de California, existe un per\u00edodo predeterminado desde el d\u00eda en que la v\u00edctima se lesiona hasta el d\u00eda en que presenta la demanda o demanda. Esto se conoce como \u00abEstatuto de limitaci\u00f3n\u00bb y el tipo de lesi\u00f3n determinar\u00e1 cu\u00e1nto tiempo. A continuaci\u00f3n se presentan los plazos m\u00e1ximos para presentar un caso de lesiones personales en <a href=\"https:\/\/mcdonaldworley.com\/moreno-valley\/\" target=\"_blank\" rel=\"noopener\">Moreno Valley<\/a>.<\/p>\n<ul>\n<li>Lesi\u00f3n a una persona &#8211; dos a\u00f1os<\/li>\n<li>Calumnia \/ Libelo &#8211; un a\u00f1o<\/li>\n<li>Fraude &#8211; tres a\u00f1os<\/li>\n<li>Allanamiento &#8211; tres a\u00f1os<\/li>\n<li>Da\u00f1o a la propiedad &#8211; tres a\u00f1os<\/li>\n<\/ul>\n<h3>Negligencia profesional:<\/h3>\n<ul>\n<li>M\u00e9dico: un a\u00f1o desde el momento en que se descubri\u00f3 y tres a\u00f1os si se conoci\u00f3 la lesi\u00f3n.<\/li>\n<li>Legal: un a\u00f1o desde el momento en que se descubri\u00f3 y un m\u00e1ximo de cuatro a\u00f1os desde el acto<\/li>\n<li>Veterinaria: un a\u00f1o desde que el animal result\u00f3 herido o muri\u00f3<\/li>\n<\/ul>\n<h2>\u00bfCu\u00e1nto vale el caso?<\/h2>\n<p>El n\u00famero de da\u00f1os y lesiones que ha sufrido la v\u00edctima determinar\u00e1 el valor de un caso de lesiones personales. Se pueden dar da\u00f1os por angustia mental, dolor y sufrimiento, p\u00e9rdida de ganancias, p\u00e9rdida de consorcio, facturas m\u00e9dicas, tanto ahora como en el futuro, p\u00e9rdida de capacidad de ingresos, entre otros. Hay algunas circunstancias en las que los tribunales otorgan da\u00f1os punitivos. Un caso en el que el demandante puede recibir da\u00f1os punitivos es cuando el comportamiento del acusado era reprensible. Una cosa a tener en cuenta es que su elecci\u00f3n del <a href=\"https:\/\/mcdonaldworley.com\/es\/irvine\/abogado-lesiones-personales\/\" target=\"_blank\" rel=\"noopener\">abogado de lesiones personales<\/a> tendr\u00e1 un gran impacto en cu\u00e1nto terminar\u00e1 recibiendo.. McDonald Worley es una de las mejores firmas de <a href=\"https:\/\/mcdonaldworley.com\/es\/north-las-vegas\/abogado-lesiones-personales\/\" target=\"_blank\" rel=\"noopener\">abogados del pa\u00eds cuando se trata de ayudar a los demandantes, y la mayor\u00eda de nuestros clientes provienen de referencias de otros abogados de lesiones personales.<\/a>. Esto se debe a que tenemos un historial de obtener veredictos favorables de nuestros clientes y acuerdos muy grandes.<\/p>\n<h2>\u00a1P\u00f3ngase en contacto con nuestros abogados de lesiones personales en Moreno Valley para comenzar su reclamo hoy!<\/h2>\n<p>Necesita contratar a un <a href=\"https:\/\/mcdonaldworley.com\/es\/the-woodlands\/abogado-lesiones-personales\/\" target=\"_blank\" rel=\"noopener\">abogado de lesiones personales<\/a> para que pueda comenzar con el proceso.. Nuestro equipo ha estado sirviendo a los residentes de Moreno Valley durante a\u00f1os, lidiando con v\u00edctimas de lesiones por accidentes. Nuestro compromiso con nuestros clientes es muy alto porque sabemos que han sido lastimados por la negligencia y el descuido de otros. Hemos atra\u00eddo mucha atenci\u00f3n local y nacional de las organizaciones legales debido a nuestra experiencia y cuidado al tratar casos de lesiones personales.<\/p>\n<p>Si ha estado involucrado en un <a href=\"https:\/\/mcdonaldworley.com\/es\/moreno-valley\/abogado-accidentes-automovilisticos\/\" target=\"_blank\" rel=\"noopener\">accidente en la ciudad de Moreno Valley<\/a> y result\u00f3 herido como en el proceso, cont\u00e1ctenos para que podamos comenzar con la consulta gratuita que ofrecemos.. Haremos una revisi\u00f3n del caso de forma gratuita y no tendr\u00e1 que preocuparse por el dinero porque solo le preguntaremos cuando obtenga su compensaci\u00f3n.<\/p>\n<p>Ll\u00e1menos al (877) 721-3423 o puede comunicarse con nosotros en l\u00ednea. Si se encuentra en una casa u hospital, no se preocupe porque lo visitaremos y hablaremos sobre su caso.<\/p>\n","protected":false},"excerpt":{"rendered":"<p>\u00bfNecesita un abogado de lesiones personales en Moreno Valley? Un accidente grave puede ocurrir en menos de un segundo, pero el dolor f\u00edsico y emocional que se origina puede llevar meses antes de la curaci\u00f3n. Hay v\u00edctimas que nunca se recuperan completamente. M\u00e1s all\u00e1 del trauma f\u00edsico y psicol\u00f3gico, los costos m\u00e9dicos y la p\u00e9rdida [&hellip;]<\/p>\n","protected":false},"author":65,"featured_media":0,"parent":32658,"menu_order":0,"comment_status":"closed","ping_status":"closed","template":"","meta":{"_acf_changed":false,"site-sidebar-layout":"default","site-content-layout":"","ast-site-content-layout":"default","site-content-style":"default","site-sidebar-style":"default","ast-global-header-display":"","ast-banner-title-visibility":"","ast-main-header-display":"","ast-hfb-above-header-display":"","ast-hfb-below-header-display":"","ast-hfb-mobile-header-display":"","site-post-title":"","ast-breadcrumbs-content":"","ast-featured-img":"","footer-sml-layout":"","ast-disable-related-posts":"","theme-transparent-header-meta":"","adv-header-id-meta":"","stick-header-meta":"","header-above-stick-meta":"","header-main-stick-meta":"","header-below-stick-meta":"","astra-migrate-meta-layouts":"default","ast-page-background-enabled":"default","ast-page-background-meta":{"desktop":{"background-color":"var(--ast-global-color-4)","background-image":"","background-repeat":"repeat","background-position":"center center","background-size":"auto","background-attachment":"scroll","background-type":"","background-media":"","overlay-type":"","overlay-color":"","overlay-opacity":"","overlay-gradient":""},"tablet":{"background-color":"","background-image":"","background-repeat":"repeat","background-position":"center center","background-size":"auto","background-attachment":"scroll","background-type":"","background-media":"","overlay-type":"","overlay-color":"","overlay-opacity":"","overlay-gradient":""},"mobile":{"background-color":"","background-image":"","background-repeat":"repeat","background-position":"center center","background-size":"auto","background-attachment":"scroll","background-type":"","background-media":"","overlay-type":"","overlay-color":"","overlay-opacity":"","overlay-gradient":""}},"ast-content-background-meta":{"desktop":{"background-color":"var(--ast-global-color-5)","background-image":"","background-repeat":"repeat","background-position":"center center","background-size":"auto","background-attachment":"scroll","background-type":"","background-media":"","overlay-type":"","overlay-color":"","overlay-opacity":"","overlay-gradient":""},"tablet":{"background-color":"var(--ast-global-color-5)","background-image":"","background-repeat":"repeat","background-position":"center center","background-size":"auto","background-attachment":"scroll","background-type":"","background-media":"","overlay-type":"","overlay-color":"","overlay-opacity":"","overlay-gradient":""},"mobile":{"background-color":"var(--ast-global-color-5)","background-image":"","background-repeat":"repeat","background-position":"center center","background-size":"auto","background-attachment":"scroll","background-type":"","background-media":"","overlay-type":"","overlay-color":"","overlay-opacity":"","overlay-gradient":""}},"footnotes":""},"class_list":["post-32660","page","type-page","status-publish","hentry"],"acf":[],"_links":{"self":[{"href":"https:\/\/mcdonaldworley.com\/es\/wp-json\/wp\/v2\/pages\/32660","targetHints":{"allow":["GET"]}}],"collection":[{"href":"https:\/\/mcdonaldworley.com\/es\/wp-json\/wp\/v2\/pages"}],"about":[{"href":"https:\/\/mcdonaldworley.com\/es\/wp-json\/wp\/v2\/types\/page"}],"author":[{"embeddable":true,"href":"https:\/\/mcdonaldworley.com\/es\/wp-json\/wp\/v2\/users\/65"}],"replies":[{"embeddable":true,"href":"https:\/\/mcdonaldworley.com\/es\/wp-json\/wp\/v2\/comments?post=32660"}],"version-history":[{"count":0,"href":"https:\/\/mcdonaldworley.com\/es\/wp-json\/wp\/v2\/pages\/32660\/revisions"}],"up":[{"embeddable":true,"href":"https:\/\/mcdonaldworley.com\/es\/wp-json\/wp\/v2\/pages\/32658"}],"wp:attachment":[{"href":"https:\/\/mcdonaldworley.com\/es\/wp-json\/wp\/v2\/media?parent=32660"}],"curies":[{"name":"wp","href":"https:\/\/api.w.org\/{rel}","templated":true}]}}