{"id":32659,"date":"2020-01-31T06:27:25","date_gmt":"2020-01-31T12:27:25","guid":{"rendered":"https:\/\/abconlinehold.wpengine.com\/moreno-valley\/car-accident-lawyer\/"},"modified":"2021-08-17T09:00:46","modified_gmt":"2021-08-17T14:00:46","slug":"abogado-accidentes-automovilisticos","status":"publish","type":"page","link":"https:\/\/mcdonaldworley.com\/es\/moreno-valley\/abogado-accidentes-automovilisticos\/","title":{"rendered":"Abogado de accidentes automovil\u00edsticos de Moreno Valley"},"content":{"rendered":"<p>En caso de que se vea involucrado en un accidente automovil\u00edstico, es imprescindible que busque ayuda legal lo antes posible. Necesitar\u00e1 asistencia legal independientemente de si usted es la v\u00edctima o la parte culpable del accidente, por lo que lo mejor que puede hacer es levantar su tel\u00e9fono y llamar a un abogado de Moreno Valley. Es posible que sienta la tentaci\u00f3n de intentar mitigar su caso por s\u00ed mismo, pero esto no es prudente. Solo un profesional legal capacitado y calificado puede garantizar que obtendr\u00e1 el resultado deseado. En McDonald Worley, nos aseguraremos de que todos sus derechos y libertades legales est\u00e9n protegidos.<\/p>\n<p>Los accidentes automovil\u00edsticos son frecuentes en las carreteras y autopistas de <a href=\"https:\/\/mcdonaldworley.com\/moreno-valley\/\" target=\"_blank\" rel=\"noopener\">Moreno Valley.<\/a>. No puedes evitarlos por completo, pero puedes prepararte para ellos. Tener un <a href=\"https:\/\/mcdonaldworley.com\/es\/nellis-afb\/abogado-accidentes-automovil%C3%ADsticos\/\" target=\"_blank\" rel=\"noopener\">abogado profesional en accidentes automovil\u00edsticos<\/a> en el que pueda confiar es una forma de mantenerse un paso adelante.. McDonald Worley est\u00e1 compuesto por los mejores <a href=\"\/es\">abogados de lesiones personales de Los \u00c1ngeles en el \u00e1rea<\/a>. Definitivamente puede confiar en nosotros para manejar su caso con diligencia y eficacia.<\/p>\n\n<h2>\u00bfQu\u00e9 pasos debe tomar despu\u00e9s de un accidente automovil\u00edstico?<\/h2>\n<p>Lo primero que debe hacer despu\u00e9s de estar involucrado en un accidente automovil\u00edstico es permanecer en silencio y ponerse en contacto con un abogado. Lo \u00fanico que debe decir en la escena del accidente ser\u00eda intercambiar informaci\u00f3n con la otra parte y esperar a que lleguen los primeros en responder y la polic\u00eda.<\/p>\n<p>No digas nada. Nunca te disculpes por el incidente, ya que esto se considerar\u00e1 una admisi\u00f3n de culpabilidad y podr\u00eda usarse en tu contra m\u00e1s tarde. Por otro lado, decir que en realidad est\u00e1s \u00abbien\u00bb es algo que puede volver a morderte m\u00e1s tarde, especialmente si has sufrido una lesi\u00f3n que se presenta en un momento posterior. Es aconsejable sentarse all\u00ed, guardar silencio y esperar hasta que la ambulancia y la polic\u00eda lleguen al lugar.<\/p>\n<p>Tambi\u00e9n debe tomar fotograf\u00edas de la escena del accidente y tomar nota de las personas a su alrededor y recopilar su informaci\u00f3n de contacto antes de abandonar la escena. Esto podr\u00eda ser algo que necesite m\u00e1s adelante. Si bien puede parecer trivial ahora, podr\u00eda ser algo que potencialmente le quite la tapa a la caja m\u00e1s adelante.<\/p>\n<p>Tambi\u00e9n es recomendable ir al hospital incluso si se siente perfectamente bien inmediatamente despu\u00e9s del accidente. Por lo general, es una buena idea porque hay personas que se sienten bien inmediatamente despu\u00e9s del accidente solo para comenzar a sentir dolor m\u00e1s tarde. Desea asegurarse de estar cubierto, por si acaso.<\/p>\n<p>No hables con nadie ni digas demasiado. Una vez que tenga la oportunidad, comun\u00edquese con nuestra galardonada firma de lesiones. Esto puede parecer excesivo, pero es la \u00fanica forma de garantizar que las cosas salgan como deber\u00edan. Los representantes de las compa\u00f1\u00edas de seguros pueden tratar de hablar con usted. Si lo hacen, d\u00edgales que hablen con su abogado y todo se maneja de esa manera.<\/p>\n<p><img loading=\"lazy\" decoding=\"async\" class=\"alignnone wp-image-31377 size-full\" src=\"https:\/\/mcdonaldworley.com\/wp-content\/uploads\/2020\/01\/morena-valley-car-accident-lawyer.jpg\" alt=\"A car accident in Morena Valley.\" width=\"400\" height=\"267\" title=\"\" srcset=\"https:\/\/mcdonaldworley.com\/wp-content\/uploads\/2020\/01\/morena-valley-car-accident-lawyer.jpg 400w, https:\/\/mcdonaldworley.com\/wp-content\/uploads\/2020\/01\/morena-valley-car-accident-lawyer-300x200.jpg 300w\" sizes=\"auto, (max-width: 400px) 100vw, 400px\" \/><\/p>\n<h2>\u00bfCu\u00e1les son algunas de las causas m\u00e1s comunes de accidentes automovil\u00edsticos en Moreno Valley?<\/h2>\n<p>La gran mayor\u00eda de los accidentes automovil\u00edsticos en California se pueden atribuir a las siguientes 3 razones principales:<\/p>\n<h3>Exceso de velocidad.<\/h3>\n<p>Las personas en el camino a veces van m\u00e1s r\u00e1pido de lo que se supone que deben hacer. No solo es ilegal, sino que tambi\u00e9n aumenta las posibilidades de verse involucrado en un accidente con otro conductor.<\/p>\n<p>Claro, puede ir al l\u00edmite de velocidad y convertirse en una fiesta en un accidente, pero siempre debe tener en cuenta que el exceso de velocidad aumenta las posibilidades de que esto ocurra, por lo que siempre debe evitar ir m\u00e1s all\u00e1 del l\u00edmite siempre que sea posible.<\/p>\n<p>Si ve a otro conductor acelerando, es mejor detenerse a un lado y dejarlos pasar. Esto reducir\u00e1 sus posibilidades de ser golpeado y sufrir lesiones o incluso da\u00f1os a su propiedad.<\/p>\n<h3>Conductor distra\u00eddo<\/h3>\n<p>En el camino, hay numerosas cosas que pueden ser una distracci\u00f3n, que incluyen pasajeros, animales en el camino, tratar de tomar un bocado o incluso enviar mensajes de texto mientras se conduce. Si bien algunos de estos est\u00e1n fuera de su control, la forma en que los maneja est\u00e1 bajo su control.<\/p>\n<p>Por ejemplo, si hay 2 ni\u00f1os en la parte de atr\u00e1s de su auto discutiendo, debe intentar lo m\u00e1s posible para actuar como si esto no fuera algo que lo est\u00e9 molestando. Definitivamente ser\u00e1 dif\u00edcil, pero obviamente no desea distraerse y verse involucrado en un accidente.<\/p>\n<p>Los mensajes de texto mientras se conduce tambi\u00e9n se han vuelto muy comunes para algunos conductores. Es una situaci\u00f3n bastante desafortunada debido a todos los peligros involucrados. \u00bfDe verdad crees que tratar de ver un meme que tu amigo te ha enviado es m\u00e1s importante que tu seguridad y la de aquellos con los que est\u00e1s viajando? Siempre puedes revisar tus memes y chats en un momento diferente ya que las vidas dependen de esto.<\/p>\n<h3>Bebiendo<\/h3>\n<p>Si cree que es probable que tome m\u00e1s que unas pocas bebidas, puede ser una buena idea tener un conductor designado que lo lleve a casa. Es realmente as\u00ed de simple. Puede sonar como un inconveniente o dolor grave, pero el hecho es que es una necesidad.<\/p>\n<p>Nunca debe ponerse al volante, especialmente despu\u00e9s de beber demasiado. Incluso si siente que est\u00e1 bien o simplemente est\u00e1 yendo a un lugar que se encuentra a poca distancia, eso no significa que deba correr ning\u00fan riesgo.<\/p>\n<p><img loading=\"lazy\" decoding=\"async\" class=\"alignnone wp-image-31381\" src=\"https:\/\/mcdonaldworley.com\/wp-content\/uploads\/2020\/01\/moreno-valley-car-accident-lawyer-mcdonal-worley.jpg\" alt=\"A car wreck in Moreno Valley, CA. \" width=\"400\" height=\"267\" title=\"\" srcset=\"https:\/\/mcdonaldworley.com\/wp-content\/uploads\/2020\/01\/moreno-valley-car-accident-lawyer-mcdonal-worley.jpg 700w, https:\/\/mcdonaldworley.com\/wp-content\/uploads\/2020\/01\/moreno-valley-car-accident-lawyer-mcdonal-worley-300x200.jpg 300w\" sizes=\"auto, (max-width: 400px) 100vw, 400px\" \/><\/p>\n<h2>\u00bfQu\u00e9 sucede si el otro conductor no tiene seguro?<\/h2>\n<p>Si alguien que no tiene cobertura de seguro lo lastima, existe la posibilidad de que la p\u00f3liza que tenga contenga una cl\u00e1usula de \u00ab<a href=\"https:\/\/www.allstate.com\/tr\/car-insurance\/uninsured-motorist-coverage.aspx\" target=\"_blank\" rel=\"noopener noreferrer nofollow\">Motorista sin seguro<\/a>\u00ab. En este caso, estar\u00e1 completamente cubierto y su proveedor lo compensar\u00e1.<\/p>\n<p>En los casos en que no haya cobertura de seguro de la otra parte y no tenga este tipo de p\u00f3liza, es posible que deba demandarlos directamente, lo que significa que ser\u00e1n los \u00fanicos responsables de asegurarse de que reciba una indemnizaci\u00f3n por sus da\u00f1os.<\/p>\n<h2>\u00bfQu\u00e9 sucede si se niega mi reclamo?<\/h2>\n<p>Si su reclamo es denegado, tendr\u00e1 la oportunidad de apelar. Sin embargo, esto es algo sobre lo que deber\u00e1 hablar con su abogado.<\/p>\n<h2>\u00bfA qui\u00e9n se le permite presentar un reclamo en caso de fallecimiento?<\/h2>\n<p>Si el accidente resulta en una muerte, la familia de la v\u00edctima puede presentar un reclamo por da\u00f1os y perjuicios. No puedes asumir que simplemente porque la persona se fue, est\u00e1s fuera del bosque. De hecho, la parte responsable probablemente tendr\u00e1 que pagar por cualquier da\u00f1o a la propiedad, lesiones sufridas e incluso p\u00e9rdida de salarios, especialmente si el fallecido era el \u00fanico proveedor de su familia.<\/p>\n<p>Tales casos tienden a ser bastante dif\u00edciles de manejar, especialmente porque la otra parte ha fallecido y no puede contar su historia. Sin embargo, no significa que ganar\u00e1 autom\u00e1ticamente. Al igual que con los accidentes de golpe y carrera, gran parte de lo que se dice depende de otras personas presentes en la escena, as\u00ed como de las c\u00e1maras de tr\u00e1fico.<\/p>\n<p>No estar\u00e1s completamente fuera de peligro simplemente porque el individuo no est\u00e1 all\u00ed para narrar lo que sucedi\u00f3; la evidencia habla por s\u00ed misma a veces, por eso es necesario contactar a un abogado. No hay forma de que intentes manejar esto t\u00fa mismo.<\/p>\n<h2>P\u00f3ngase en contacto con McDonald Worley para programar una consulta gratuita<\/h2>\n<p>Puede comunicarse con los principales abogados de accidentes automovil\u00edsticos de Moreno Valley en McDonald Worley cualquier d\u00eda de la semana. Puede ponerse en contacto con nosotros a trav\u00e9s de los n\u00fameros de nuestras oficinas o chatear con nosotros en nuestro sitio web y plataformas sociales. Le ayudaremos a comprender todas las opciones legales a su disposici\u00f3n y le asesoraremos sobre la mejor manera de hacerlo. Ll\u00e1menos al (877) 721.3423 lo antes posible. Perder el tiempo solo empeora las cosas, as\u00ed que no hagas eso. \u00a1Ll\u00e1manos ahora!<\/p>\n","protected":false},"excerpt":{"rendered":"<p>En caso de que se vea involucrado en un accidente automovil\u00edstico, es imprescindible que busque ayuda legal lo antes posible. Necesitar\u00e1 asistencia legal independientemente de si usted es la v\u00edctima o la parte culpable del accidente, por lo que lo mejor que puede hacer es levantar su tel\u00e9fono y llamar a un abogado de Moreno [&hellip;]<\/p>\n","protected":false},"author":65,"featured_media":0,"parent":32658,"menu_order":0,"comment_status":"closed","ping_status":"closed","template":"","meta":{"_acf_changed":false,"site-sidebar-layout":"default","site-content-layout":"","ast-site-content-layout":"default","site-content-style":"default","site-sidebar-style":"default","ast-global-header-display":"","ast-banner-title-visibility":"","ast-main-header-display":"","ast-hfb-above-header-display":"","ast-hfb-below-header-display":"","ast-hfb-mobile-header-display":"","site-post-title":"","ast-breadcrumbs-content":"","ast-featured-img":"","footer-sml-layout":"","ast-disable-related-posts":"","theme-transparent-header-meta":"","adv-header-id-meta":"","stick-header-meta":"","header-above-stick-meta":"","header-main-stick-meta":"","header-below-stick-meta":"","astra-migrate-meta-layouts":"default","ast-page-background-enabled":"default","ast-page-background-meta":{"desktop":{"background-color":"var(--ast-global-color-4)","background-image":"","background-repeat":"repeat","background-position":"center center","background-size":"auto","background-attachment":"scroll","background-type":"","background-media":"","overlay-type":"","overlay-color":"","overlay-opacity":"","overlay-gradient":""},"tablet":{"background-color":"","background-image":"","background-repeat":"repeat","background-position":"center center","background-size":"auto","background-attachment":"scroll","background-type":"","background-media":"","overlay-type":"","overlay-color":"","overlay-opacity":"","overlay-gradient":""},"mobile":{"background-color":"","background-image":"","background-repeat":"repeat","background-position":"center center","background-size":"auto","background-attachment":"scroll","background-type":"","background-media":"","overlay-type":"","overlay-color":"","overlay-opacity":"","overlay-gradient":""}},"ast-content-background-meta":{"desktop":{"background-color":"var(--ast-global-color-5)","background-image":"","background-repeat":"repeat","background-position":"center center","background-size":"auto","background-attachment":"scroll","background-type":"","background-media":"","overlay-type":"","overlay-color":"","overlay-opacity":"","overlay-gradient":""},"tablet":{"background-color":"var(--ast-global-color-5)","background-image":"","background-repeat":"repeat","background-position":"center center","background-size":"auto","background-attachment":"scroll","background-type":"","background-media":"","overlay-type":"","overlay-color":"","overlay-opacity":"","overlay-gradient":""},"mobile":{"background-color":"var(--ast-global-color-5)","background-image":"","background-repeat":"repeat","background-position":"center center","background-size":"auto","background-attachment":"scroll","background-type":"","background-media":"","overlay-type":"","overlay-color":"","overlay-opacity":"","overlay-gradient":""}},"footnotes":""},"class_list":["post-32659","page","type-page","status-publish","hentry"],"acf":[],"_links":{"self":[{"href":"https:\/\/mcdonaldworley.com\/es\/wp-json\/wp\/v2\/pages\/32659","targetHints":{"allow":["GET"]}}],"collection":[{"href":"https:\/\/mcdonaldworley.com\/es\/wp-json\/wp\/v2\/pages"}],"about":[{"href":"https:\/\/mcdonaldworley.com\/es\/wp-json\/wp\/v2\/types\/page"}],"author":[{"embeddable":true,"href":"https:\/\/mcdonaldworley.com\/es\/wp-json\/wp\/v2\/users\/65"}],"replies":[{"embeddable":true,"href":"https:\/\/mcdonaldworley.com\/es\/wp-json\/wp\/v2\/comments?post=32659"}],"version-history":[{"count":0,"href":"https:\/\/mcdonaldworley.com\/es\/wp-json\/wp\/v2\/pages\/32659\/revisions"}],"up":[{"embeddable":true,"href":"https:\/\/mcdonaldworley.com\/es\/wp-json\/wp\/v2\/pages\/32658"}],"wp:attachment":[{"href":"https:\/\/mcdonaldworley.com\/es\/wp-json\/wp\/v2\/media?parent=32659"}],"curies":[{"name":"wp","href":"https:\/\/api.w.org\/{rel}","templated":true}]}}