{"id":32647,"date":"2020-01-27T22:53:32","date_gmt":"2020-01-28T04:53:32","guid":{"rendered":"https:\/\/abconlinehold.wpengine.com\/long-beach\/long-beach-car-accident-lawyer\/"},"modified":"2021-08-17T08:55:07","modified_gmt":"2021-08-17T13:55:07","slug":"abogado-accidentes-automovilisticos","status":"publish","type":"page","link":"https:\/\/mcdonaldworley.com\/es\/long-beach\/abogado-accidentes-automovilisticos\/","title":{"rendered":"Abogado de accidentes automovil\u00edsticos de Long Beach"},"content":{"rendered":"<p>Lo mejor que puede hacer una persona despu\u00e9s de un accidente automovil\u00edstico es buscar asistencia legal calificada de inmediato. Esto incluye tomarse el tiempo para hablar con un reconocido abogado de accidentes automovil\u00edsticos en Long Beach, independientemente de la causa del accidente o de qui\u00e9n fue el responsable.<\/p>\n<p>Un error com\u00fan que cometen las personas es hacer todo por su cuenta despu\u00e9s de un accidente automovil\u00edstico, lo que resulta en problemas no deseados. Es mejor comunicarse con un profesional legal competente con a\u00f1os de experiencia. McDonald Worley est\u00e1 m\u00e1s que feliz de proporcionar representaci\u00f3n legal de clase mundial para todas sus necesidades relacionadas con autom\u00f3viles.<\/p>\n<p>Cuando una persona tiene que lidiar con un accidente automovil\u00edstico, es importante asegurarse de que las decisiones resultantes se manejen correctamente. Para que esto suceda, recomendamos contactar a nuestro bufete de <a href=\"\/es\">abogados de Long Beach<\/a> lo antes posible. Seguimos siendo la firma de abogados n\u00famero uno en todo <a href=\"https:\/\/mcdonaldworley.com\/long-beach\/\">Long Beach<\/a> y somos el hogar de los mejores abogados de accidentes automovil\u00edsticos. Nos tomamos el tiempo para comprender las necesidades del cliente antes de proponer una estrategia de asistencia personalizada. Todo lo que se necesita es una simple llamada telef\u00f3nica para comenzar el proceso legal.<\/p>\n\n<h2>\u00bfCu\u00e1nto cuesta contratar a un abogado de accidentes automovil\u00edsticos?<\/h2>\n<p>Lo primero que pensar\u00e1 un cliente es el costo potencial asociado con la contrataci\u00f3n de un abogado. En general, la persona promedio puede pagar un profesional legal calificado en Long Beach. \u00bfPor qu\u00e9 es este el caso? La raz\u00f3n tiene que ver con las firmas de abogados en Long Beach que toman casos sobre lo que se llama una <a href=\"https:\/\/www.americanbar.org\/groups\/public_education\/resources\/law_issues_for_consumers\/lawyerfees_contingent\/\" target=\"_blank\" rel=\"noopener noreferrer nofollow\">contingencia<\/a>. Como resultado, los nuevos clientes no tienen que pagar los servicios legales con anticipaci\u00f3n y pueden hacerlo despu\u00e9s de que se resuelva el caso.<\/p>\n<p>Esto es esencial para aquellos que buscan una soluci\u00f3n rentable y desean manejar todo adecuadamente. Cuando se toma el tiempo de visitar nuestro bufete de abogados, nos aseguramos de que todo se haga de manera contingente. Tiene la oportunidad de sentarse con un representante legal calificado sin tener que pagar un centavo por adelantado.<\/p>\n<h2>\u00bfPor qu\u00e9 deber\u00eda contratar a un abogado de accidentes automovil\u00edsticos en Long Beach?<\/h2>\n<p>Imagine que acaba de estar en un accidente automovil\u00edstico y tiene la culpa. \u00bfQu\u00e9 vas a hacer para salir de problemas? Con la ayuda de un abogado calificado en accidentes automovil\u00edsticos en <a href=\"https:\/\/en.wikipedia.org\/wiki\/Long_Beach,_California\" target=\"_blank\" rel=\"noopener noreferrer nofollow\">Long Beach, California<\/a>, es posible revisar la evidencia, comprender qu\u00e9 caus\u00f3 el accidente y desarrollar una estrategia que est\u00e9 a su favor. Este es el beneficio de buscar asesor\u00eda legal competente de un profesional experimentado. El abogado sabr\u00e1 qu\u00e9 buscar y c\u00f3mo presentar el caso correctamente.<\/p>\n<p>El cliente promedio no tendr\u00e1 experiencia legal y puede pasar por alto f\u00e1cilmente detalles clave que podr\u00edan ayudar a su caso. Estos peque\u00f1os detalles pueden marcar la diferencia en el mundo cuando se trata de sus posibilidades legales. Como resultado, se recomienda ir con un abogado que sepa lo que est\u00e1 haciendo y tomar\u00e1 las decisiones correctas.<\/p>\n<p><img loading=\"lazy\" decoding=\"async\" class=\"alignnone wp-image-31431\" src=\"https:\/\/mcdonaldworley.com\/wp-content\/uploads\/2020\/01\/car-accident-750x342-1.jpg\" alt=\"A person talking to an insurance adjuster after a car accident\" width=\"500\" height=\"228\" title=\"\" srcset=\"https:\/\/mcdonaldworley.com\/wp-content\/uploads\/2020\/01\/car-accident-750x342-1.jpg 750w, https:\/\/mcdonaldworley.com\/wp-content\/uploads\/2020\/01\/car-accident-750x342-1-300x137.jpg 300w\" sizes=\"auto, (max-width: 500px) 100vw, 500px\" \/><\/p>\n<p>En la misma nota, imagine tener un <a href=\"https:\/\/mcdonaldworley.com\/es\/negligencia-comparative-caso-de-accidente-de-auto\/\" target=\"_blank\" rel=\"noopener\">accidente automovil\u00edstico<\/a> y no tener la culpa.. \u00bfQu\u00e9 pasa si no puedes probar que no es tu culpa? Aqu\u00ed es donde un buen abogado de accidentes automovil\u00edsticos cerca de <a href=\"https:\/\/goo.gl\/maps\/56XUpnbt53zHp1jZ9\" target=\"_blank\" rel=\"noopener noreferrer nofollow\">Long Beach puede ayudar<\/a>.<\/p>\n<p>Sin una prueba v\u00e1lida, la otra parte podr\u00eda retirarse f\u00e1cilmente sin tener que pagar un centavo en compensaci\u00f3n. Ya sea que se trate de una factura de reparaci\u00f3n menor o de honorarios m\u00e9dicos graves, debe asegurarse de que se tomen las medidas adecuadas en su nombre en el tribunal. Es por eso que la asistencia legal calificada es imprescindible cuando se trata de presentar un caso s\u00f3lido.<\/p>\n<h2>\u00bfQu\u00e9 pasos debe tomar despu\u00e9s de un accidente automovil\u00edstico?<\/h2>\n<p>El primer paso es asegurarse de no comenzar a hablar con agentes de seguros u otras entidades legales antes de consultar con un abogado. El \u00fanico contacto que una persona debe hacer es con la otra parte para intercambiar informaci\u00f3n de contacto \/ seguro o con los primeros respondedores \/ oficiales de polic\u00eda en la escena.<\/p>\n<p>Aparte de esto, se recomienda evitar hablar con alguien m\u00e1s sobre el asunto. Tambi\u00e9n es mejor evitar disculparse despu\u00e9s del accidente automovil\u00edstico, ya que se puede interpretar f\u00e1cilmente como admitiendo la culpa y la otra parte puede usarlo f\u00e1cilmente en el tribunal de justicia. Lo mismo se aplica a aquellos que dicen que est\u00e1n \u00abbien\u00bb despu\u00e9s de tener un <a href=\"https:\/\/mcdonaldworley.com\/es\/demanda-por-accidente-auto-contra-conductor-otro-estado\/\" target=\"_blank\" rel=\"noopener\">accidente automovil\u00edstico y luego presentar un reclamo por<\/a> lesiones personales en la corte.. Es por eso que es inteligente evitar exagerar cualquier cosa y simplemente esperar a que un profesional m\u00e9dico lo vea.<\/p>\n<p>Tambi\u00e9n es mejor dedicar tiempo a tomar evidencia visual (im\u00e1genes) del accidente mientras recopila la informaci\u00f3n de contacto de la otra parte. Esta informaci\u00f3n se puede usar m\u00e1s adelante, incluso si no parece necesaria tan pronto como ocurra el accidente.<\/p>\n<p>Siempre debe aprovechar la oportunidad de buscar asistencia m\u00e9dica despu\u00e9s de un accidente automovil\u00edstico. Esto es esencial ya que la persona promedio tender\u00e1 a sentir s\u00edntomas persistentes como dolor despu\u00e9s de que la descarga inicial de adrenalina desaparezca. Es por eso que tener un profesional m\u00e9dico calificado que realice una serie de pruebas puede ser \u00fatil.<\/p>\n<p>Durante este proceso, no debe hablar demasiado y debe permitirle a un <a href=\"https:\/\/mcdonaldworley.com\/es\/conroe\/abogado-accidentes-automovilisticos\/\" target=\"_blank\" rel=\"noopener\">abogado de accidentes automovil\u00edsticos<\/a> la oportunidad de hablar en su nombre.. Esto puede parecer innecesario, pero puede marcar una diferencia notable en sus posibilidades de ganar el caso. Lo primero que har\u00e1 una compa\u00f1\u00eda de seguros es comunicarse con usted. Si esto ocurre, debe pasar sus datos de contacto a su abogado legal. El bufete de abogados hablar\u00e1 con la compa\u00f1\u00eda de seguros a partir de ese momento en su nombre.<\/p>\n<h2>\u00bfCu\u00e1les son algunas de las causas m\u00e1s comunes de accidentes automovil\u00edsticos en Long Beach?<\/h2>\n<p>El accidente automovil\u00edstico promedio en California tiende a ocurrir debido a una de tres razones.<\/p>\n<p>Estas razones incluye<\/p>\n<h3>Exceso de velocidad<\/h3>\n<p>Cuando una persona supera el l\u00edmite de velocidad en una carretera, se considera que est\u00e1 acelerando. Esto es ilegal y tambi\u00e9n aumenta la probabilidad de tener un accidente automovil\u00edstico.<\/p>\n<p>Incluso cuando una persona sigue el l\u00edmite de velocidad, a\u00fan puede verse involucrada en un accidente automovil\u00edstico. Sin embargo, siempre es importante comprender que el exceso de velocidad aumenta las posibilidades de tener un accidente automovil\u00edstico. Esta es la raz\u00f3n por la cual debe evitarse superar el l\u00edmite de velocidad.<\/p>\n<p>Cuando note que otro conductor est\u00e1 acelerando, se recomienda detenerse y dejarlo pasar. Esto asegurar\u00e1 que no tenga un accidente automovil\u00edstico y que tenga que lidiar con las consecuencias resultantes.<\/p>\n<h3>Conductor distra\u00eddo.<\/h3>\n<p>Estar en la carretera a menudo puede conducir a que los conductores se distraigan. Esto puede involucrar a pasajeros en el veh\u00edculo, comer alimentos, animales en el camino o enviar mensajes de texto y conducir. Algunas de estas preocupaciones pueden estar fuera de su control, pero es importante manejar las que est\u00e1n bajo su control.<\/p>\n<p>Un buen ejemplo de esto ser\u00eda ni\u00f1os discutiendo en la parte trasera de un veh\u00edculo. En este caso, es mejor no interferir y apartar la vista de la carretera en ning\u00fan momento. Puede que no parezca f\u00e1cil en ese momento, pero es la decisi\u00f3n correcta para todos los involucrados.<\/p>\n<p><img loading=\"lazy\" decoding=\"async\" class=\"alignnone wp-image-31433\" src=\"https:\/\/mcdonaldworley.com\/wp-content\/uploads\/2020\/01\/lawyer-2-750x500-2.jpg\" alt=\"A lawyer reviewing car accident claim details.\" width=\"500\" height=\"333\" title=\"\" srcset=\"https:\/\/mcdonaldworley.com\/wp-content\/uploads\/2020\/01\/lawyer-2-750x500-2.jpg 750w, https:\/\/mcdonaldworley.com\/wp-content\/uploads\/2020\/01\/lawyer-2-750x500-2-300x200.jpg 300w\" sizes=\"auto, (max-width: 500px) 100vw, 500px\" \/><\/p>\n<p>Para aquellos que tienden a enviar mensajes de texto y conducir, a menudo se cita como un problema com\u00fan para causar accidentes automovil\u00edsticos. Esta situaci\u00f3n puede conducir a varios problemas peligrosos y debe evitarse a toda costa. Puede ponerlo a usted y a otros en riesgo. Es por eso que es mejor dejar esos memes divertidos para otro momento del d\u00eda.<\/p>\n<p>Bebiendo.<br \/>\nSi usted es alguien que ha estado bebiendo, es mejor tener un conductor designado para su viaje a casa. Es tan simple como eso. Si bien puede que no sea tan f\u00e1cil como tratar de conducir solo, puede salvar vidas y ayudar a evitar un accidente automovil\u00edstico.<\/p>\n<p>No asuma que puede ponerse al volante despu\u00e9s de beber. Incluso si va a conducir una corta distancia, sigue siendo inseguro y no vale la pena arriesgarse.<\/p>\n<h2>\u00bfEs aconsejable hablar con el ajustador de seguros por mi cuenta?<\/h2>\n<p>No, no es una buena idea comunicarse con un ajustador de seguros sin hablar con un abogado calificado. El ajustador querr\u00e1 apretar su mano y reducir la cantidad que se paga en compensaci\u00f3n. Como resultado, es mejor que un abogado experimentado en lesiones personales hable en su nombre y se asegure de que se le proporcione la cantidad correcta como se esperaba.<\/p>\n<p>Llame a nuestros abogados de accidentes automovil\u00edsticos en Long Beach hoy.<br \/>\nComience por comunicarse con el mejor <a href=\"https:\/\/mcdonaldworley.com\/atascocita\/car-accident-lawyer\/\" target=\"_blank\" rel=\"noopener\">abogado de accidentes automovil\u00edsticos<\/a> de Long Beach en McDonald Worley hoy.. Estamos m\u00e1s que felices de hablar con usted en l\u00ednea o por tel\u00e9fono. Tambi\u00e9n puede presentar un formulario en nuestro sitio web para poner las cosas en marcha.<\/p>\n<h2>Llame a nuestros abogados de accidentes automovil\u00edsticos en Long Beach hoy.<\/h2>\n<p>Comience por comunicarse con el mejor abogado de accidentes automovil\u00edsticos de Long Beach en McDonald Worley hoy. Estamos m\u00e1s que felices de hablar con usted en l\u00ednea o por tel\u00e9fono. Tambi\u00e9n puede presentar un formulario en nuestro sitio web para poner las cosas en marcha.<\/p>\n<p>Nos tomaremos el tiempo para analizar todas sus opciones legales y elaborar una estrategia que se adapte mejor a su situaci\u00f3n. T\u00f3mese el tiempo para llamarnos al (871) 721-3423. Como se mencion\u00f3 anteriormente, retrasar los procedimientos puede debilitar sus casos y es mejor tomar medidas lo antes posible. \u00a1Simplemente ll\u00e1menos y perm\u00edtanos ayudarlo!<\/p>\n","protected":false},"excerpt":{"rendered":"<p>Lo mejor que puede hacer una persona despu\u00e9s de un accidente automovil\u00edstico es buscar asistencia legal calificada de inmediato. Esto incluye tomarse el tiempo para hablar con un reconocido abogado de accidentes automovil\u00edsticos en Long Beach, independientemente de la causa del accidente o de qui\u00e9n fue el responsable. Un error com\u00fan que cometen las personas [&hellip;]<\/p>\n","protected":false},"author":65,"featured_media":0,"parent":32646,"menu_order":0,"comment_status":"closed","ping_status":"closed","template":"","meta":{"_acf_changed":false,"site-sidebar-layout":"default","site-content-layout":"","ast-site-content-layout":"default","site-content-style":"default","site-sidebar-style":"default","ast-global-header-display":"","ast-banner-title-visibility":"","ast-main-header-display":"","ast-hfb-above-header-display":"","ast-hfb-below-header-display":"","ast-hfb-mobile-header-display":"","site-post-title":"","ast-breadcrumbs-content":"","ast-featured-img":"","footer-sml-layout":"","ast-disable-related-posts":"","theme-transparent-header-meta":"","adv-header-id-meta":"","stick-header-meta":"","header-above-stick-meta":"","header-main-stick-meta":"","header-below-stick-meta":"","astra-migrate-meta-layouts":"default","ast-page-background-enabled":"default","ast-page-background-meta":{"desktop":{"background-color":"var(--ast-global-color-4)","background-image":"","background-repeat":"repeat","background-position":"center center","background-size":"auto","background-attachment":"scroll","background-type":"","background-media":"","overlay-type":"","overlay-color":"","overlay-opacity":"","overlay-gradient":""},"tablet":{"background-color":"","background-image":"","background-repeat":"repeat","background-position":"center center","background-size":"auto","background-attachment":"scroll","background-type":"","background-media":"","overlay-type":"","overlay-color":"","overlay-opacity":"","overlay-gradient":""},"mobile":{"background-color":"","background-image":"","background-repeat":"repeat","background-position":"center center","background-size":"auto","background-attachment":"scroll","background-type":"","background-media":"","overlay-type":"","overlay-color":"","overlay-opacity":"","overlay-gradient":""}},"ast-content-background-meta":{"desktop":{"background-color":"var(--ast-global-color-5)","background-image":"","background-repeat":"repeat","background-position":"center center","background-size":"auto","background-attachment":"scroll","background-type":"","background-media":"","overlay-type":"","overlay-color":"","overlay-opacity":"","overlay-gradient":""},"tablet":{"background-color":"var(--ast-global-color-5)","background-image":"","background-repeat":"repeat","background-position":"center center","background-size":"auto","background-attachment":"scroll","background-type":"","background-media":"","overlay-type":"","overlay-color":"","overlay-opacity":"","overlay-gradient":""},"mobile":{"background-color":"var(--ast-global-color-5)","background-image":"","background-repeat":"repeat","background-position":"center center","background-size":"auto","background-attachment":"scroll","background-type":"","background-media":"","overlay-type":"","overlay-color":"","overlay-opacity":"","overlay-gradient":""}},"footnotes":""},"class_list":["post-32647","page","type-page","status-publish","hentry"],"acf":[],"_links":{"self":[{"href":"https:\/\/mcdonaldworley.com\/es\/wp-json\/wp\/v2\/pages\/32647","targetHints":{"allow":["GET"]}}],"collection":[{"href":"https:\/\/mcdonaldworley.com\/es\/wp-json\/wp\/v2\/pages"}],"about":[{"href":"https:\/\/mcdonaldworley.com\/es\/wp-json\/wp\/v2\/types\/page"}],"author":[{"embeddable":true,"href":"https:\/\/mcdonaldworley.com\/es\/wp-json\/wp\/v2\/users\/65"}],"replies":[{"embeddable":true,"href":"https:\/\/mcdonaldworley.com\/es\/wp-json\/wp\/v2\/comments?post=32647"}],"version-history":[{"count":0,"href":"https:\/\/mcdonaldworley.com\/es\/wp-json\/wp\/v2\/pages\/32647\/revisions"}],"up":[{"embeddable":true,"href":"https:\/\/mcdonaldworley.com\/es\/wp-json\/wp\/v2\/pages\/32646"}],"wp:attachment":[{"href":"https:\/\/mcdonaldworley.com\/es\/wp-json\/wp\/v2\/media?parent=32647"}],"curies":[{"name":"wp","href":"https:\/\/api.w.org\/{rel}","templated":true}]}}