{"id":32641,"date":"2020-01-31T14:28:18","date_gmt":"2020-01-31T20:28:18","guid":{"rendered":"https:\/\/abconlinehold.wpengine.com\/glendale\/glendale-car-accident-lawyer\/"},"modified":"2021-08-12T10:38:01","modified_gmt":"2021-08-12T15:38:01","slug":"abogado-accidentes-automovilisticos","status":"publish","type":"page","link":"https:\/\/mcdonaldworley.com\/es\/glendale\/abogado-accidentes-automovilisticos\/","title":{"rendered":"Abogado de accidentes automovil\u00edsticos de Glendale"},"content":{"rendered":"<p>Una de las mejores cosas que una persona puede hacer cuando est\u00e1 involucrada en cualquier forma de accidente automovil\u00edstico es buscar asesor\u00eda legal profesional de inmediato. Esto implica tomarse su tiempo para hablar con un abogado de Glendale de buena reputaci\u00f3n, sin importar qui\u00e9n o qu\u00e9 caus\u00f3 el accidente.<\/p>\n<p>Un error com\u00fan es intentar hacer todo por su cuenta despu\u00e9s de un accidente. Esto generalmente resulta en una gran cantidad de problemas injustificados. Lo mejor que puede hacer es comunicarse con un experto legal profesional con a\u00f1os de experiencia. En McDonald Worley, estamos m\u00e1s que felices de brindarle una representaci\u00f3n legal de clase mundial para todas sus necesidades legales relacionadas con accidentes de veh\u00edculos.<\/p>\n<p>Cuando se trata de las consecuencias de un accidente, es crucial asegurarse de que las decisiones posteriores se tomen correctamente. Para garantizar que esto suceda, es muy recomendable que se comunique con un bufete de abogados lo antes posible. Nuestro bufete de <a href=\"\/es\">abogados de lesiones de Glendale<\/a> est\u00e1 compuesto por algunos de los mejores abogados de accidentes automovil\u00edsticos. Como parte de nuestro servicio, nos comprometemos a comprender las necesidades del cliente primero antes de idear una estrategia personalizada para manejar el caso. Todo lo que necesita es llamarnos para comenzar su proceso legal.<\/p>\n\n<h2>\u00bfCu\u00e1l es el acuerdo promedio para un caso de accidente automovil\u00edstico en California?<\/h2>\n<p>En California, el reclamo promedio por accidente automovil\u00edstico se resuelve entre $ 15,000 y $ 16,000. Puede parecer mucho, pero siempre es posible alejarse con una cantidad que es considerablemente m\u00e1s alta o m\u00e1s baja. Esto <a href=\"https:\/\/www.abi.org\/feed-item\/the-5-most-common-car-accident-injuries\" target=\"_blank\" rel=\"noopener noreferrer nofollow\">depende de varios factores<\/a>, que incluyen:<\/p>\n<ul>\n<li>La gravedad de las lesiones.<\/li>\n<li>Si alguna de las partes hab\u00eda consumido drogas o alcohol<\/li>\n<li>El n\u00famero de partes involucradas en el accidente.<\/li>\n<li>La cantidad de tiempo que le tom\u00f3 comunicarse con su abogado<\/li>\n<li>Las posibilidades de que la parte lesionada regrese a trabajar en cualquier momento en el futuro cercano<\/li>\n<li>El bufete de abogados que representa su caso<\/li>\n<\/ul>\n<p>Probablemente no tenga mucho control sobre la mayor\u00eda de estos, pero definitivamente tiene opciones cuando se trata de una selecci\u00f3n firme. En lugar de simplemente elegir cualquier empresa antigua, debe comunicarse con nosotros en el menor tiempo posible.<\/p>\n<p>Es la \u00fanica forma en que puede estar realmente seguro de que tiene la posibilidad de recibir un acuerdo favorable considerando el estado de su cuerpo y sus propiedades. Si desea asegurarse de obtener la mayor cantidad posible de compensaci\u00f3n, debe tener un equipo legal disponible para usted. Entonces ll\u00e1menos.<\/p>\n<h2>\u00bfCu\u00e1les son algunas de las lesiones comunes causadas por accidentes automovil\u00edsticos?<\/h2>\n<p>Las lesiones sufridas en <a href=\"https:\/\/mcdonaldworley.com\/es\/irvine\/abogado-especialista-accidentes-automovilisticos\/\" target=\"_blank\" rel=\"noopener\">accidentes automovil\u00edsticos<\/a> pueden variar, pero algunas de las m\u00e1s comunes incluyen:<\/p>\n<ul>\n<li>Heridas en la cabeza<\/li>\n<li>Huesos rotos<\/li>\n<li>Cortadas y moretones<\/li>\n<li>Latigazo<\/li>\n<li>Esguinces<\/li>\n<li>Lesiones causadas por bolsas de aire desplegadas, etc<\/li>\n<\/ul>\n<p><img loading=\"lazy\" decoding=\"async\" class=\"alignnone wp-image-31446\" src=\"https:\/\/mcdonaldworley.com\/wp-content\/uploads\/2020\/01\/car-accident-750x415-1.jpg\" alt=\"Two cars heavily damaged from an accident in Glendale.\" width=\"500\" height=\"277\" title=\"\" srcset=\"https:\/\/mcdonaldworley.com\/wp-content\/uploads\/2020\/01\/car-accident-750x415-1.jpg 750w, https:\/\/mcdonaldworley.com\/wp-content\/uploads\/2020\/01\/car-accident-750x415-1-300x166.jpg 300w\" sizes=\"auto, (max-width: 500px) 100vw, 500px\" \/><\/p>\n<p>Ya sea lo que cree que es una lesi\u00f3n menor o algo que es un poco m\u00e1s grave, siempre debe contratar a un abogado en <a href=\"https:\/\/en.wikipedia.org\/wiki\/Glendale,_California\" target=\"_blank\" rel=\"noopener noreferrer nofollow\">Glendale, CA<\/a>. El abogado puede ayudarlo a luchar por la compensaci\u00f3n a la que tiene derecho.<\/p>\n<h2>\u00bfC\u00f3mo se pagan los acuerdos de accidentes automovil\u00edsticos?<\/h2>\n<p>En la mayor\u00eda de los casos, recibir\u00e1 un cheque del proveedor de seguros de la otra parte. En caso de que el monto de los da\u00f1os que reciba exceda el monto de su cobertura, se ver\u00e1n obligados a hacer algunos pagos de su bolsillo.<\/p>\n<p>Su abogado discutir\u00e1 todos los detalles con la otra parte para asegurarse de que todo sea favorable. Probablemente recibir\u00e1 un pago de suma global inmediatamente seguido de pagos m\u00e1s peque\u00f1os remitidos con el tiempo. Es algo que su abogado discutir\u00e1 durante las conversaciones de soluci\u00f3n.<\/p>\n<h2>\u00bfEs aconsejable hablar con el ajustador de seguros por mi cuenta?<\/h2>\n<p>Nunca es una buena idea hablar con un ajustador de seguros por su cuenta. Es su trabajo pagar la menor cantidad posible, lo que significa que es muy poco probable que las cosas salgan a su favor. Si alguien de la compa\u00f1\u00eda de seguros se acerca a usted, proporci\u00f3nele los datos de contacto de su <a href=\"https:\/\/mcdonaldworley.com\/es\/conroe\/abogado-lesiones-personales\/\" target=\"_blank\" rel=\"noopener\">abogado de lesiones personales<\/a> y perm\u00edtale manejarlo..<\/p>\n<h2>Programe una consulta gratuita con nuestros abogados de accidentes automovil\u00edsticos en Glendale<\/h2>\n<p>P\u00f3ngase en contacto con el mejor bufete de <a href=\"https:\/\/mcdonaldworley.com\/es\/glendale\/abogado-lesiones-personales\/\" target=\"_blank\" rel=\"noopener\">abogados de accidentes automovil\u00edsticos en Glendale<\/a> y d\u00e9 el primer paso para recibir una indemnizaci\u00f3n completa.. Estaremos m\u00e1s que felices de consultar con usted por tel\u00e9fono o en l\u00ednea.<\/p>\n<p>Nos tomamos nuestro tiempo para analizar todos los peque\u00f1os detalles de su caso para evaluar sus opciones legales y desarrollar una estrategia adecuada para su caso. Llame a McDonald Worley al (877) 721-3423. No demore el proceso ya que puede debilitar su caso. \u00a1P\u00f3ngase en contacto con nosotros hoy para una consulta gratuita!<\/p>\n","protected":false},"excerpt":{"rendered":"<p>Una de las mejores cosas que una persona puede hacer cuando est\u00e1 involucrada en cualquier forma de accidente automovil\u00edstico es buscar asesor\u00eda legal profesional de inmediato. Esto implica tomarse su tiempo para hablar con un abogado de Glendale de buena reputaci\u00f3n, sin importar qui\u00e9n o qu\u00e9 caus\u00f3 el accidente. Un error com\u00fan es intentar hacer [&hellip;]<\/p>\n","protected":false},"author":65,"featured_media":0,"parent":32639,"menu_order":0,"comment_status":"closed","ping_status":"closed","template":"","meta":{"_acf_changed":false,"site-sidebar-layout":"default","site-content-layout":"","ast-site-content-layout":"default","site-content-style":"default","site-sidebar-style":"default","ast-global-header-display":"","ast-banner-title-visibility":"","ast-main-header-display":"","ast-hfb-above-header-display":"","ast-hfb-below-header-display":"","ast-hfb-mobile-header-display":"","site-post-title":"","ast-breadcrumbs-content":"","ast-featured-img":"","footer-sml-layout":"","ast-disable-related-posts":"","theme-transparent-header-meta":"","adv-header-id-meta":"","stick-header-meta":"","header-above-stick-meta":"","header-main-stick-meta":"","header-below-stick-meta":"","astra-migrate-meta-layouts":"default","ast-page-background-enabled":"default","ast-page-background-meta":{"desktop":{"background-color":"var(--ast-global-color-4)","background-image":"","background-repeat":"repeat","background-position":"center center","background-size":"auto","background-attachment":"scroll","background-type":"","background-media":"","overlay-type":"","overlay-color":"","overlay-opacity":"","overlay-gradient":""},"tablet":{"background-color":"","background-image":"","background-repeat":"repeat","background-position":"center center","background-size":"auto","background-attachment":"scroll","background-type":"","background-media":"","overlay-type":"","overlay-color":"","overlay-opacity":"","overlay-gradient":""},"mobile":{"background-color":"","background-image":"","background-repeat":"repeat","background-position":"center center","background-size":"auto","background-attachment":"scroll","background-type":"","background-media":"","overlay-type":"","overlay-color":"","overlay-opacity":"","overlay-gradient":""}},"ast-content-background-meta":{"desktop":{"background-color":"var(--ast-global-color-5)","background-image":"","background-repeat":"repeat","background-position":"center center","background-size":"auto","background-attachment":"scroll","background-type":"","background-media":"","overlay-type":"","overlay-color":"","overlay-opacity":"","overlay-gradient":""},"tablet":{"background-color":"var(--ast-global-color-5)","background-image":"","background-repeat":"repeat","background-position":"center center","background-size":"auto","background-attachment":"scroll","background-type":"","background-media":"","overlay-type":"","overlay-color":"","overlay-opacity":"","overlay-gradient":""},"mobile":{"background-color":"var(--ast-global-color-5)","background-image":"","background-repeat":"repeat","background-position":"center center","background-size":"auto","background-attachment":"scroll","background-type":"","background-media":"","overlay-type":"","overlay-color":"","overlay-opacity":"","overlay-gradient":""}},"footnotes":""},"class_list":["post-32641","page","type-page","status-publish","hentry"],"acf":[],"_links":{"self":[{"href":"https:\/\/mcdonaldworley.com\/es\/wp-json\/wp\/v2\/pages\/32641","targetHints":{"allow":["GET"]}}],"collection":[{"href":"https:\/\/mcdonaldworley.com\/es\/wp-json\/wp\/v2\/pages"}],"about":[{"href":"https:\/\/mcdonaldworley.com\/es\/wp-json\/wp\/v2\/types\/page"}],"author":[{"embeddable":true,"href":"https:\/\/mcdonaldworley.com\/es\/wp-json\/wp\/v2\/users\/65"}],"replies":[{"embeddable":true,"href":"https:\/\/mcdonaldworley.com\/es\/wp-json\/wp\/v2\/comments?post=32641"}],"version-history":[{"count":0,"href":"https:\/\/mcdonaldworley.com\/es\/wp-json\/wp\/v2\/pages\/32641\/revisions"}],"up":[{"embeddable":true,"href":"https:\/\/mcdonaldworley.com\/es\/wp-json\/wp\/v2\/pages\/32639"}],"wp:attachment":[{"href":"https:\/\/mcdonaldworley.com\/es\/wp-json\/wp\/v2\/media?parent=32641"}],"curies":[{"name":"wp","href":"https:\/\/api.w.org\/{rel}","templated":true}]}}