{"id":32640,"date":"2020-01-31T10:28:14","date_gmt":"2020-01-31T16:28:14","guid":{"rendered":"https:\/\/abconlinehold.wpengine.com\/glendale\/glendale-personal-injury-attorney\/"},"modified":"2021-08-12T10:38:36","modified_gmt":"2021-08-12T15:38:36","slug":"abogado-lesiones-personales","status":"publish","type":"page","link":"https:\/\/mcdonaldworley.com\/es\/glendale\/abogado-lesiones-personales\/","title":{"rendered":"Abogado de lesiones personales en Glendale"},"content":{"rendered":"<p>Un accidente puede ocurrir en un abrir y cerrar de ojos, y puede ser un incidente que cambia la vida. Las personas lesionadas podr\u00edan nunca recuperarse completamente. Deben soportar el dolor de su lesi\u00f3n, junto con las presiones de la carga financiera de cumplir con sus tratamientos m\u00e9dicos. El asunto se complica a\u00fan m\u00e1s por la p\u00e9rdida de salarios que ejerce una presi\u00f3n adicional sobre las v\u00edctimas y sus familias. Un <a href=\"https:\/\/mcdonaldworley.com\/es\/pearland\/abogado-lesiones-personales\/\" target=\"_blank\" rel=\"noopener\">abogado de lesiones personales<\/a> de Glendale puede ayudarlo a recuperar estos da\u00f1os si la negligencia de otra persona le ha causado da\u00f1o..<\/p>\n<p>El bufete de <a href=\"\/es\">abogados con experiencia en lesiones personales<\/a> de McDonald Worley tiene a\u00f1os de experiencia en el tratamiento de tales casos. Hemos ayudado a muchas personas a obtener la compensaci\u00f3n completa que les ayudar\u00e1 a disfrutar de un sentido de normalidad en su forma de vida.<\/p>\n\n<h2>\u00bfPor qu\u00e9 contratar a un abogado de lesiones personales en Glendale?<\/h2>\n<p>Si ha estado involucrado en un incidente y est\u00e1 considerando un reclamo por lesiones, entonces necesita contratar a un <a href=\"https:\/\/mcdonaldworley.com\/es\/moreno-valley\/abogado-lesiones-personales\/\" target=\"_blank\" rel=\"noopener\">abogado de lesiones personales<\/a> porque marcan la diferencia en el resultado de su caso.. En cuanto a las estad\u00edsticas, aquellos que contratan a un abogado <a href=\"https:\/\/goo.gl\/maps\/mf2A9o7oyASJMQn37\" target=\"_blank\" rel=\"noopener noreferrer nofollow\">cerca de Glendale<\/a> obtienen acuerdos m\u00e1s altos en comparaci\u00f3n con las personas que lo hacen por su cuenta. Tenemos abogados litigantes que tienen experiencia y el conocimiento necesario para tratar con compa\u00f1\u00edas de seguros y, si es necesario, llevar el caso a juicio. Tenemos altas tasas de \u00e9xito y altos veredictos, que es por lo que somos conocidos.<\/p>\n<h2>\u00bfCu\u00e1l es la definici\u00f3n de lesi\u00f3n personal?<\/h2>\n<p>Un caso de lesiones personales cae dentro de lesiones personales, y este es el marco legal que proporciona una manera para que las v\u00edctimas de lesiones sean compensadas por las lesiones y tambi\u00e9n busquen justicia. Las leyes de lesiones personales tambi\u00e9n se conocen como Ley de agravio y cubren casos que involucran accidentes, actos intencionales como productos defectuosos, asalto sexual y difamaci\u00f3n. Hay dos problemas centrales cuando se trata de un reclamo de difamaci\u00f3n en <a href=\"https:\/\/mcdonaldworley.com\/glendale\/\" target=\"_blank\" rel=\"noopener\">Glendale<\/a>, California: responsabilidad y da\u00f1os.. Si hay alguien responsable y la naturaleza de esos da\u00f1os. El concepto de negligencia va a estar involucrado en un caso de accidente. La negligencia puede definirse como no ejercer el cuidado que una persona razonable podr\u00eda tener en relaci\u00f3n con el accidente. Deben mostrarse cuatro elementos al establecer negligencia;<\/p>\n<h3>Deber.<\/h3>\n<p>Esta es una obligaci\u00f3n legal que requiere que las compa\u00f1\u00edas o individuos ejerzan un est\u00e1ndar dado de cuidado razonable mientras participan en una acci\u00f3n que podr\u00eda resultar en da\u00f1o a otros. Esto puede abarcar varias cosas, p. un automovilista conduciendo un autom\u00f3vil o un m\u00e9dico que lo atiende. El acusado no necesita conocer al demandante para que deba un deber.<\/p>\n<h3>Incumplimiento<\/h3>\n<p>Una violaci\u00f3n es cuando se viola ese deber. Un acusado incumple ese deber cuando no act\u00faa de la manera en que la mayor\u00eda de las personas no lo har\u00eda. En resumen, sab\u00eda que sus acciones podr\u00edan haber resultado en lesiones a otros.<\/p>\n<h3>Causalidad<\/h3>\n<p>Este es el v\u00ednculo entre la lesi\u00f3n y el incumplimiento del deber. Para establecer negligencia, se debe demostrar que la lesi\u00f3n result\u00f3 de una violaci\u00f3n.<\/p>\n<p><img loading=\"lazy\" decoding=\"async\" class=\"alignnone wp-image-31450\" src=\"https:\/\/mcdonaldworley.com\/wp-content\/uploads\/2020\/01\/attorneys-750x313-1.jpg\" alt=\"Attorneys reviewing an injury claim in Glendale.\" width=\"500\" height=\"209\" title=\"\" srcset=\"https:\/\/mcdonaldworley.com\/wp-content\/uploads\/2020\/01\/attorneys-750x313-1.jpg 750w, https:\/\/mcdonaldworley.com\/wp-content\/uploads\/2020\/01\/attorneys-750x313-1-300x125.jpg 300w\" sizes=\"auto, (max-width: 500px) 100vw, 500px\" \/><\/p>\n<h3>Da\u00f1os y perjuicios<\/h3>\n<p>Estas son las lesiones resultantes del incumplimiento del deber<\/p>\n<h2>\u00bfQu\u00e9 debo hacer despu\u00e9s de lesionarme?<\/h2>\n<p>Lo primero que debe hacer despu\u00e9s de lesionarse es buscar ayuda m\u00e9dica en Glendale, California. Visite la sala de emergencias y aseg\u00farese de obtener una evaluaci\u00f3n m\u00e9dica lo antes posible. Si no se somete a un tratamiento inmediatamente, se lastima, la compa\u00f1\u00eda de seguros opuesta argumentar\u00e1 que no se lastim\u00f3. El objetivo de la compa\u00f1\u00eda de seguros durante estos casos es pagar lo menos posible. Una t\u00e9cnica que usan com\u00fanmente es tratar de demostrar que las lesiones que sufriste no fueron tan graves.<\/p>\n<h2>\u00bfCu\u00e1nto tiempo toman los casos de lesiones personales?<\/h2>\n<p>El caso puede resolverse en cuesti\u00f3n de meses, pero este no es el caso para la mayor\u00eda de los casos. La mayor\u00eda de ellos tomar\u00e1n varios meses o incluso a\u00f1os. Si el caso se lleva a juicio, las apelaciones pueden extender f\u00e1cilmente la duraci\u00f3n del caso. Los casos difieren de uno a otro. Si el caso es complejo o va a la <a href=\"http:\/\/www.lacourt.org\/courthouse\/info\/GLN\" target=\"_blank\" rel=\"noopener noreferrer nofollow\">corte de Glendale<\/a>, puede esperar que tarde un poco m\u00e1s. Hable con un <a href=\"https:\/\/mcdonaldworley.com\/es\/cypress\/abogado-lesiones-personales\/\" target=\"_blank\" rel=\"noopener\">abogado de lesiones personales<\/a> porque pueden ayudarlo a evaluar los detalles del caso para que puedan darle una idea aproximada de qu\u00e9 esperar durante y despu\u00e9s del caso..<\/p>\n<h2>\u00bfC\u00f3mo se define la falla por la ley de California?<\/h2>\n<p>California es un estado de negligencia comparativa. Lo que esto significa es que la falla est\u00e1 dividida y asignada entre todas las partes involucradas. Cuando se aplican estas leyes, puede obtener da\u00f1os incluso si el accidente fue contribuido por su negligencia. El monto de los da\u00f1os que un demandante puede obtener estar\u00e1 determinado por su parte de culpa: si se determina que tiene un 25% de culpa y el acuerdo es de $ 100,000, obtendr\u00e1 un 75%, que es de $ 75,000. Un buen ejemplo de tal situaci\u00f3n es cuando ten\u00eda la luz trasera apagada y el acusado conduc\u00eda borracho. Tambi\u00e9n existe la regla de la culpa pura comparativa en California, y esto significa que incluso si el acusado tiene el 99 por ciento de culpa, a\u00fan puede reclamar da\u00f1os.<\/p>\n<h2>Llame hoy mismo a un abogado de lesiones personales de Glendale en McDonald Worley para una consulta gratuita.<\/h2>\n<p>Nuestras oficinas legales han visto muchas v\u00edctimas de <a href=\"https:\/\/mcdonaldworley.com\/es\/glendale\/abogado-accidentes-automovilisticos\/\" target=\"_blank\" rel=\"noopener\">accidentes en Glendale<\/a>, y nuestros abogados est\u00e1n totalmente comprometidos a ayudar a cada cliente que entra por nuestra puerta buscando el mejor asesor legal en Los \u00c1ngeles.. Tenemos un excelente historial en lo que respecta a ayudar a las v\u00edctimas a obtener compensaci\u00f3n por sus lesiones. Y es este nivel de servicio y profesionalismo el que atrae la atenci\u00f3n de diferentes personas y organizaciones.<\/p>\n<p>Si est\u00e1 involucrado en una colisi\u00f3n en la carretera y sufri\u00f3 lesiones debido a la negligencia o imprudencia de otro conductor, tiene derecho a solicitar una indemnizaci\u00f3n. Si es as\u00ed y necesita asesoramiento u orientaci\u00f3n legal para su caso de lesiones personales, en McDonald Worley estamos aqu\u00ed para ayudarlo.<\/p>\n<p>P\u00f3ngase en contacto con nosotros en (877) 721-3423 para reservar una consulta ahora. Tambi\u00e9n puede visitar nuestro sitio web oficial y chatear con nuestros representantes.<\/p>\n","protected":false},"excerpt":{"rendered":"<p>Un accidente puede ocurrir en un abrir y cerrar de ojos, y puede ser un incidente que cambia la vida. Las personas lesionadas podr\u00edan nunca recuperarse completamente. Deben soportar el dolor de su lesi\u00f3n, junto con las presiones de la carga financiera de cumplir con sus tratamientos m\u00e9dicos. El asunto se complica a\u00fan m\u00e1s por [&hellip;]<\/p>\n","protected":false},"author":65,"featured_media":0,"parent":32639,"menu_order":0,"comment_status":"closed","ping_status":"closed","template":"","meta":{"_acf_changed":false,"site-sidebar-layout":"default","site-content-layout":"","ast-site-content-layout":"default","site-content-style":"default","site-sidebar-style":"default","ast-global-header-display":"","ast-banner-title-visibility":"","ast-main-header-display":"","ast-hfb-above-header-display":"","ast-hfb-below-header-display":"","ast-hfb-mobile-header-display":"","site-post-title":"","ast-breadcrumbs-content":"","ast-featured-img":"","footer-sml-layout":"","ast-disable-related-posts":"","theme-transparent-header-meta":"","adv-header-id-meta":"","stick-header-meta":"","header-above-stick-meta":"","header-main-stick-meta":"","header-below-stick-meta":"","astra-migrate-meta-layouts":"default","ast-page-background-enabled":"default","ast-page-background-meta":{"desktop":{"background-color":"var(--ast-global-color-4)","background-image":"","background-repeat":"repeat","background-position":"center center","background-size":"auto","background-attachment":"scroll","background-type":"","background-media":"","overlay-type":"","overlay-color":"","overlay-opacity":"","overlay-gradient":""},"tablet":{"background-color":"","background-image":"","background-repeat":"repeat","background-position":"center center","background-size":"auto","background-attachment":"scroll","background-type":"","background-media":"","overlay-type":"","overlay-color":"","overlay-opacity":"","overlay-gradient":""},"mobile":{"background-color":"","background-image":"","background-repeat":"repeat","background-position":"center center","background-size":"auto","background-attachment":"scroll","background-type":"","background-media":"","overlay-type":"","overlay-color":"","overlay-opacity":"","overlay-gradient":""}},"ast-content-background-meta":{"desktop":{"background-color":"var(--ast-global-color-5)","background-image":"","background-repeat":"repeat","background-position":"center center","background-size":"auto","background-attachment":"scroll","background-type":"","background-media":"","overlay-type":"","overlay-color":"","overlay-opacity":"","overlay-gradient":""},"tablet":{"background-color":"var(--ast-global-color-5)","background-image":"","background-repeat":"repeat","background-position":"center center","background-size":"auto","background-attachment":"scroll","background-type":"","background-media":"","overlay-type":"","overlay-color":"","overlay-opacity":"","overlay-gradient":""},"mobile":{"background-color":"var(--ast-global-color-5)","background-image":"","background-repeat":"repeat","background-position":"center center","background-size":"auto","background-attachment":"scroll","background-type":"","background-media":"","overlay-type":"","overlay-color":"","overlay-opacity":"","overlay-gradient":""}},"footnotes":""},"class_list":["post-32640","page","type-page","status-publish","hentry"],"acf":[],"_links":{"self":[{"href":"https:\/\/mcdonaldworley.com\/es\/wp-json\/wp\/v2\/pages\/32640","targetHints":{"allow":["GET"]}}],"collection":[{"href":"https:\/\/mcdonaldworley.com\/es\/wp-json\/wp\/v2\/pages"}],"about":[{"href":"https:\/\/mcdonaldworley.com\/es\/wp-json\/wp\/v2\/types\/page"}],"author":[{"embeddable":true,"href":"https:\/\/mcdonaldworley.com\/es\/wp-json\/wp\/v2\/users\/65"}],"replies":[{"embeddable":true,"href":"https:\/\/mcdonaldworley.com\/es\/wp-json\/wp\/v2\/comments?post=32640"}],"version-history":[{"count":0,"href":"https:\/\/mcdonaldworley.com\/es\/wp-json\/wp\/v2\/pages\/32640\/revisions"}],"up":[{"embeddable":true,"href":"https:\/\/mcdonaldworley.com\/es\/wp-json\/wp\/v2\/pages\/32639"}],"wp:attachment":[{"href":"https:\/\/mcdonaldworley.com\/es\/wp-json\/wp\/v2\/media?parent=32640"}],"curies":[{"name":"wp","href":"https:\/\/api.w.org\/{rel}","templated":true}]}}