{"id":32634,"date":"2020-01-29T08:24:14","date_gmt":"2020-01-29T14:24:14","guid":{"rendered":"https:\/\/abconlinehold.wpengine.com\/irvine\/car-accident-lawyer-in-irvine\/"},"modified":"2021-08-17T08:38:08","modified_gmt":"2021-08-17T13:38:08","slug":"abogado-especialista-accidentes-automovilisticos","status":"publish","type":"page","link":"https:\/\/mcdonaldworley.com\/es\/irvine\/abogado-especialista-accidentes-automovilisticos\/","title":{"rendered":"Abogado especialista en accidentes automovil\u00edsticos en Irvine"},"content":{"rendered":"<p>El primer paso que debe tomar si ha estado involucrado en un accidente automovil\u00edstico en Irvine es buscar un abogado de inmediato. Debe hablar con un profesional sin demora si el accidente fue el resultado de la negligencia de otra persona o si usted tuvo la culpa.<\/p>\n<p>Intentar manejar todo usted mismo es algo que probablemente no saldr\u00e1 muy bien, por eso es tan importante buscar ayuda legal experta. En McDonald Worley, puede estar seguro de recibir toda la asistencia legal que necesita sin excepciones.<\/p>\n<p>Las personas est\u00e1n involucradas en <a href=\"https:\/\/mcdonaldworley.com\/es\/nellis-afb\/abogado-accidentes-automovil%C3%ADsticos\/\" target=\"_blank\" rel=\"noopener\">accidentes automovil\u00edsticos<\/a> todos los d\u00edas y es importante asegurarse de que todo se maneje de la manera adecuada.. La mejor manera de garantizar que este sea el caso es ponerse en contacto con nuestro bufete de <a href=\"\/es\">abogados de lesiones de Irvine<\/a>. Hacemos todo lo posible para asegurarnos de que reciba la asistencia que necesita. Todo lo que necesita hacer es contactarnos en el menor tiempo posible.<\/p>\n\n<h2>\u00bfCu\u00e1nto cuesta realmente contratar a un abogado de accidentes automovil\u00edsticos?<\/h2>\n<p>Tal vez se pregunte si realmente puede pagar un abogado o no. La respuesta simple es \u00abS\u00ed\u00bb. La mayor\u00eda de las personas no entienden esto, pero la mayor\u00eda de los <a href=\"https:\/\/mcdonaldworley.com\/es\/baytown\/abogado-accidentes-automovilisticos\/\" target=\"_blank\" rel=\"noopener\">abogados de accidentes automovil\u00edsticos<\/a> regularmente toman casos de manera contingente.. Significa que no tendr\u00e1 que pagar los servicios por adelantado. Tampoco tendr\u00e1 que pagar ning\u00fan dinero ahora.<\/p>\n<p>Ya sea que sea una persona que apenas sobrevive con un ingreso modesto o que sea una persona rica, en este momento est\u00e1 en el mismo barco. Todos los que entran a nuestra oficina reciben el mismo trato ya que \u00e9l \/ ella no tiene que pagarnos nada. \u00a1Imagina eso! Usted disfruta del acceso a una de las mejores firmas legales y mentes legales que <a href=\"https:\/\/www.cityofirvine.org\/\" target=\"_blank\" rel=\"noopener noreferrer nofollow\">Irvine, California<\/a>, tiene para ofrecer sin tener que pagar nada.<\/p>\n<h2>\u00bfC\u00f3mo puede ayudar un abogado de accidentes automovil\u00edsticos?<\/h2>\n<p>Un <a href=\"https:\/\/mcdonaldworley.com\/es\/league-city\/abogado-accidentes-automovilisticos\/\" target=\"_blank\" rel=\"noopener\">abogado de accidentes automovil\u00edsticos<\/a> ve casos como el suyo todo el tiempo.. Es casi imposible para usted haber experimentado un escenario nuevo y desconocido para ellos. Esta es una raz\u00f3n m\u00e1s que suficiente para que te comuniques y ayudes. Desde el <a href=\"https:\/\/mcdonaldworley.com\/es\/pearland\/abogado-lesiones-personales\/\" target=\"_blank\" rel=\"noopener\">abogado de lesiones personales<\/a> con el que trabaja hasta el asistente legal que investigar\u00e1 muchas partes del caso, tendr\u00e1 un equipo detr\u00e1s de usted.. No hay ninguna raz\u00f3n para que trate de manejar esto por su cuenta cuando tiene un personal legal calificado que est\u00e1 all\u00ed para ayudarlo.<\/p>\n<p><img loading=\"lazy\" decoding=\"async\" class=\"alignnone wp-image-31480\" src=\"https:\/\/mcdonaldworley.com\/wp-content\/uploads\/2020\/01\/auto-accident-750x331-1.jpg\" alt=\"A rear-end car accident in Irvine.\" width=\"500\" height=\"221\" title=\"\" srcset=\"https:\/\/mcdonaldworley.com\/wp-content\/uploads\/2020\/01\/auto-accident-750x331-1.jpg 750w, https:\/\/mcdonaldworley.com\/wp-content\/uploads\/2020\/01\/auto-accident-750x331-1-300x132.jpg 300w\" sizes=\"auto, (max-width: 500px) 100vw, 500px\" \/><\/p>\n<p>Como ya sabes, el otro lado tendr\u00e1 una historia muy diferente a la tuya y esto puede parecer una tarea imposible; asegur\u00e1ndose de estar en el extremo receptor de una victoria. Lo mejor es que cuando tiene un equipo legal que lo asiste, existe una mayor probabilidad de que lo haga bien. Incluso si crees que tienes un caso de Slam Dunk, siempre existe la posibilidad de que algo salga mal. En lugar de arriesgarse, debe ponerse en contacto con alguien de la empresa de inmediato.<\/p>\n<h2>\u00bfCu\u00e1nto tiempo tengo para presentar un reclamo de accidente automovil\u00edstico?<\/h2>\n<p>Cuando ha tenido un accidente y desea que la otra parte sea responsable, es imprescindible que act\u00fae r\u00e1pidamente. Cuanto m\u00e1s espere, mayores ser\u00e1n las posibilidades de que el caso sea desechado antes de que tenga su d\u00eda en la corte.<\/p>\n<p>Si le gustan los detalles, tiene dos a\u00f1os a partir del momento de la <a href=\"https:\/\/mcdonaldworley.com\/es\/santa-ana\/abogado-lesiones-personales\/\" target=\"_blank\" rel=\"noopener\">lesi\u00f3n para presentar un reclamo por lesiones personales.<\/a>. No importa si tiene un nivel de leve a moderado o si el resultado fue mucho m\u00e1s grave, el reloj comienza a marcar el momento en que ocurre el accidente. Esto significa que debe actuar de inmediato. Si bien el caso puede tomar m\u00e1s tiempo para concluir, especialmente si el caso es extremadamente dif\u00edcil, tendr\u00e1 que presentar la documentaci\u00f3n legal real a m\u00e1s tardar dos a\u00f1os despu\u00e9s.<\/p>\n<p>Cabe se\u00f1alar que tiene tres a\u00f1os para presentar reclamos por da\u00f1os a la propiedad. Esto no significa que deba esperar hasta el \u00faltimo minuto para hacer las cosas. Cuanto antes presente, m\u00e1s fresco ser\u00e1 el incidente en su mente y en la de aquellos que han presenciado el incidente. Imagine que pasan todos esos d\u00edas y usted y \/ o alguien m\u00e1s no puede recordar lo que sucedi\u00f3. No te arriesgues a que esto te suceda. Es importante que se ponga en contacto con alguien para comenzar el proceso de inmediato.<\/p>\n<p>Nuevamente, esperar demasiado no es lo mejor para usted. Si bien tiene <a href=\"https:\/\/www.courts.ca.gov\/9618.htm?rdeLocaleAttr=en\" target=\"_blank\" rel=\"noopener noreferrer nofollow\">2-3 a\u00f1os para presentar la solicitud legalmente<\/a> despu\u00e9s de que algo ha sucedido, debe realizar movimientos serios de inmediato. No tendr\u00e1 una alta probabilidad de que las cosas salgan como le gustar\u00eda si no puede recordar todos los detalles. Ll\u00e1menos ahora para evitar tener mala memoria y \/ o el estatuto de limitaciones le impiden prevalecer.<\/p>\n<h2>\u00bfCu\u00e1les son las causas comunes de los accidentes automovil\u00edsticos en Irvine?<\/h2>\n<p>Hay tres razones principales para la mayor\u00eda de los accidentes en California:<\/p>\n<h3>Exceso de velocidad<\/h3>\n<p>A veces las personas en el camino van mucho m\u00e1s r\u00e1pido de lo que deber\u00edan. Esto no solo es ilegal, sino que aumenta las posibilidades de que tengan un accidente con otro conductor. Claro, puedes ir al l\u00edmite de velocidad y convertirte en una parte en un accidente, pero debes saber que el exceso de velocidad har\u00e1 que esto sea m\u00e1s probable, por lo que debes evitar superar el l\u00edmite tanto como sea posible.<\/p>\n<p>Si ve a alguien m\u00e1s acelerando, debe detenerse a un lado y permitirle pasar. Esto reducir\u00e1 sus posibilidades de ser golpeado y sufrir lesiones o da\u00f1os a su propiedad.<\/p>\n<h3>Conductores distra\u00eddos<\/h3>\n<p>Hay muchas cosas que pueden distraer a alguien cuando est\u00e1n en el camino, incluidos pasajeros, animales en el camino, mensajes de texto y tratando de comer algo mientras est\u00e1n al volante. Si bien algunas de estas cosas no est\u00e1n bajo su control, la forma en que lo maneja es. Por ejemplo, si tiene dos ni\u00f1os discutiendo en la parte trasera de su veh\u00edculo, debe hacer todo lo posible para que esto no sea algo que le moleste. Claro, esto ser\u00e1 dif\u00edcil, pero no desea distraerse y causar un accidente.<\/p>\n<p><img loading=\"lazy\" decoding=\"async\" class=\"alignnone wp-image-31482\" src=\"https:\/\/mcdonaldworley.com\/wp-content\/uploads\/2020\/01\/distracted-750x500-1.jpg\" alt=\"A driver using their phone while on the road.\" width=\"500\" height=\"333\" title=\"\" srcset=\"https:\/\/mcdonaldworley.com\/wp-content\/uploads\/2020\/01\/distracted-750x500-1.jpg 750w, https:\/\/mcdonaldworley.com\/wp-content\/uploads\/2020\/01\/distracted-750x500-1-300x200.jpg 300w\" sizes=\"auto, (max-width: 500px) 100vw, 500px\" \/><\/p>\n<p>Adem\u00e1s, enviar mensajes de texto al volante se ha vuelto muy com\u00fan para algunos. Esto es lamentable debido a todos los peligros involucrados. \u00bfCrees que tratar de ver lo que un amigo tiene que decir en este momento es m\u00e1s importante que la seguridad de las personas con las que est\u00e1s viajando? Revisa tus mensajes de texto en otro momento; La vida puede depender de esto.<\/p>\n<h3>Bebiendo<\/h3>\n<p>Si est\u00e1 en condiciones de tomar m\u00e1s que unas pocas bebidas, debe tener un conductor designado disponible para llevarlo a casa. Es as\u00ed de simple. Puede ser un dolor o un inconveniente grave, pero es una necesidad. Nunca se ponga al volante despu\u00e9s de haber bebido demasiado. Incluso si siente que est\u00e1 bien y \/ o est\u00e1 yendo a un lugar que se encuentra a poca distancia, esto no significa que deba arriesgarse.<\/p>\n<h2>P\u00f3ngase en contacto con los abogados de accidentes automovil\u00edsticos de Irvine en McDonald Worley hoy<\/h2>\n<p>P\u00f3ngase en contacto con un abogado de <a href=\"https:\/\/mcdonaldworley.com\/irvine\/\" target=\"_blank\" rel=\"noopener\">Irvine<\/a> especializado en accidentes automovil\u00edsticos en McDonald Worley en el menor tiempo posible despu\u00e9s de sufrir un accidente.. Estamos disponibles en l\u00ednea, por chat o incluso por tel\u00e9fono. Alternativamente, puede completar el pr\u00e1ctico formulario provisto en nuestro sitio web.<\/p>\n<p>Discutiremos las opciones disponibles para usted y determinaremos cu\u00e1l es la m\u00e1s adecuada para usted y sus necesidades. Nuestro n\u00famero es (877) 721-3423. \u00a1Ll\u00e1manos ahora! Como se explic\u00f3 anteriormente, cuanto m\u00e1s espere, mayores ser\u00e1n las posibilidades de que se aleje de la posici\u00f3n completa en una posici\u00f3n desfavorable. \u00bfEntonces, Qu\u00e9 esperas? Ponte en contacto con nosotros ahora.<\/p>\n","protected":false},"excerpt":{"rendered":"<p>El primer paso que debe tomar si ha estado involucrado en un accidente automovil\u00edstico en Irvine es buscar un abogado de inmediato. Debe hablar con un profesional sin demora si el accidente fue el resultado de la negligencia de otra persona o si usted tuvo la culpa. Intentar manejar todo usted mismo es algo que [&hellip;]<\/p>\n","protected":false},"author":65,"featured_media":0,"parent":32632,"menu_order":0,"comment_status":"closed","ping_status":"closed","template":"","meta":{"_acf_changed":false,"site-sidebar-layout":"default","site-content-layout":"","ast-site-content-layout":"default","site-content-style":"default","site-sidebar-style":"default","ast-global-header-display":"","ast-banner-title-visibility":"","ast-main-header-display":"","ast-hfb-above-header-display":"","ast-hfb-below-header-display":"","ast-hfb-mobile-header-display":"","site-post-title":"","ast-breadcrumbs-content":"","ast-featured-img":"","footer-sml-layout":"","ast-disable-related-posts":"","theme-transparent-header-meta":"","adv-header-id-meta":"","stick-header-meta":"","header-above-stick-meta":"","header-main-stick-meta":"","header-below-stick-meta":"","astra-migrate-meta-layouts":"default","ast-page-background-enabled":"default","ast-page-background-meta":{"desktop":{"background-color":"var(--ast-global-color-4)","background-image":"","background-repeat":"repeat","background-position":"center center","background-size":"auto","background-attachment":"scroll","background-type":"","background-media":"","overlay-type":"","overlay-color":"","overlay-opacity":"","overlay-gradient":""},"tablet":{"background-color":"","background-image":"","background-repeat":"repeat","background-position":"center center","background-size":"auto","background-attachment":"scroll","background-type":"","background-media":"","overlay-type":"","overlay-color":"","overlay-opacity":"","overlay-gradient":""},"mobile":{"background-color":"","background-image":"","background-repeat":"repeat","background-position":"center center","background-size":"auto","background-attachment":"scroll","background-type":"","background-media":"","overlay-type":"","overlay-color":"","overlay-opacity":"","overlay-gradient":""}},"ast-content-background-meta":{"desktop":{"background-color":"var(--ast-global-color-5)","background-image":"","background-repeat":"repeat","background-position":"center center","background-size":"auto","background-attachment":"scroll","background-type":"","background-media":"","overlay-type":"","overlay-color":"","overlay-opacity":"","overlay-gradient":""},"tablet":{"background-color":"var(--ast-global-color-5)","background-image":"","background-repeat":"repeat","background-position":"center center","background-size":"auto","background-attachment":"scroll","background-type":"","background-media":"","overlay-type":"","overlay-color":"","overlay-opacity":"","overlay-gradient":""},"mobile":{"background-color":"var(--ast-global-color-5)","background-image":"","background-repeat":"repeat","background-position":"center center","background-size":"auto","background-attachment":"scroll","background-type":"","background-media":"","overlay-type":"","overlay-color":"","overlay-opacity":"","overlay-gradient":""}},"footnotes":""},"class_list":["post-32634","page","type-page","status-publish","hentry"],"acf":[],"_links":{"self":[{"href":"https:\/\/mcdonaldworley.com\/es\/wp-json\/wp\/v2\/pages\/32634","targetHints":{"allow":["GET"]}}],"collection":[{"href":"https:\/\/mcdonaldworley.com\/es\/wp-json\/wp\/v2\/pages"}],"about":[{"href":"https:\/\/mcdonaldworley.com\/es\/wp-json\/wp\/v2\/types\/page"}],"author":[{"embeddable":true,"href":"https:\/\/mcdonaldworley.com\/es\/wp-json\/wp\/v2\/users\/65"}],"replies":[{"embeddable":true,"href":"https:\/\/mcdonaldworley.com\/es\/wp-json\/wp\/v2\/comments?post=32634"}],"version-history":[{"count":0,"href":"https:\/\/mcdonaldworley.com\/es\/wp-json\/wp\/v2\/pages\/32634\/revisions"}],"up":[{"embeddable":true,"href":"https:\/\/mcdonaldworley.com\/es\/wp-json\/wp\/v2\/pages\/32632"}],"wp:attachment":[{"href":"https:\/\/mcdonaldworley.com\/es\/wp-json\/wp\/v2\/media?parent=32634"}],"curies":[{"name":"wp","href":"https:\/\/api.w.org\/{rel}","templated":true}]}}