{"id":32633,"date":"2020-01-29T04:23:48","date_gmt":"2020-01-29T10:23:48","guid":{"rendered":"https:\/\/abconlinehold.wpengine.com\/irvine\/personal-injury-attorney-in-irvine\/"},"modified":"2021-08-11T18:07:11","modified_gmt":"2021-08-11T23:07:11","slug":"abogado-lesiones-personales","status":"publish","type":"page","link":"https:\/\/mcdonaldworley.com\/es\/irvine\/abogado-lesiones-personales\/","title":{"rendered":"Abogado de lesiones personales en Irvine"},"content":{"rendered":"<p>Un accidente grave puede ocurrir en solo una fracci\u00f3n de segundo, pero cualquier dolor f\u00edsico o angustia emocional resultante puede persistir durante meses, si no a\u00f1os. De hecho, numerosas v\u00edctimas nunca llegan a disfrutar de una recuperaci\u00f3n completa. Adem\u00e1s del trauma, tanto f\u00edsico como psicol\u00f3gico, los gastos relacionados con la p\u00e9rdida de ingresos y las facturas m\u00e9dicas pueden descarrilar el futuro financiero de toda una familia. Aqu\u00ed en McDonald Worley, tenemos <a href=\"https:\/\/mcdonaldworley.com\/es\/nellis-afb\/abogado-lesiones-personales\/\" target=\"_blank\" rel=\"noopener\">abogados de lesiones personales<\/a> que realmente aprecian las dificultades que enfrenta.. Nuestra <a href=\"\/es\">firma de lesiones personales<\/a> est\u00e1 aqu\u00ed para ayudar a cualquier persona en el \u00e1rea de Irvine en su lucha por obtener la compensaci\u00f3n que merecen para restaurar su vida.<\/p>\n\n<h2>\u00bfCu\u00e1nto me costar\u00e1 un abogado de lesiones personales en Irvine?<\/h2>\n<p>Aqu\u00ed en McDonald Worley, trabajamos estrictamente sobre lo que se conoce como una tarifa de contingencia. Eso significa que no cobramos a nuestros clientes ninguna tarifa por adelantado. De hecho, si no ganamos su caso, no terminamos cobr\u00e1ndole nada. Nos hacemos cargo de los costos relacionados con el litigio de su caso, lo que significa que puede ser libre de concentrarse en su recuperaci\u00f3n sin el estr\u00e9s de los honorarios legales.<\/p>\n<h2>\u00bfPor qu\u00e9 contratar\u00eda a un abogado de lesiones personales?<\/h2>\n<p>Si est\u00e1 pensando en presentar un reclamo por lesiones espec\u00edficas, entonces un buen abogado marca la diferencia en el mundo. Las estad\u00edsticas lo demuestran. Los demandantes que contratan abogados de accidentes terminan disfrutando de mayores cantidades de liquidaci\u00f3n en comparaci\u00f3n con aquellos que eligen representarse a s\u00ed mismos. Nuestro equipo de abogados litigantes aporta sus habilidades colectivas y experiencia a la mesa cuando se trata con compa\u00f1\u00edas de seguros en <a href=\"https:\/\/www.cityofirvine.org\/\" target=\"_blank\" rel=\"noopener noreferrer nofollow\">Irvine, CA<\/a>, en negociaciones o yendo a juicio. Nos hemos ganado una reputaci\u00f3n por su experiencia en el tribunal, un historial probado y veredictos sustanciales a favor de nuestros clientes.<\/p>\n<h2>\u00bfLas reclamaciones por lesiones personales de Irvine tienen l\u00edmites de tiempo?<\/h2>\n<p>Las leyes del estado de California requieren que las v\u00edctimas presenten sus demandas o reclamos dentro de un per\u00edodo de tiempo preestablecido despu\u00e9s de la fecha de la lesi\u00f3n inicial. Estos se llaman <a href=\"https:\/\/www.courts.ca.gov\/9618.htm?rdeLocaleAttr=en\" target=\"_blank\" rel=\"noopener noreferrer nofollow\">estatutos de limitaci\u00f3n<\/a> y var\u00edan seg\u00fan el tipo de lesi\u00f3n que se reclama. La siguiente es una lista de los per\u00edodos m\u00e1ximos de tiempo que tiene para presentar demandas en la ciudad de <a href=\"https:\/\/mcdonaldworley.com\/irvine\/\" target=\"_blank\" rel=\"noopener\">Irvine<\/a>, en el momento de la redacci\u00f3n:<\/p>\n<ul>\n<li>Lesi\u00f3n a una persona: 2 a\u00f1os.<\/li>\n<li>Calumnia y \/ o difamaci\u00f3n: 1 a\u00f1o<\/li>\n<li>Traspaso: 3 a\u00f1os<\/li>\n<li>Fraude: 3 a\u00f1os<\/li>\n<li>Da\u00f1o a la propiedad de una persona: 3 a\u00f1os<\/li>\n<\/ul>\n<h3>Casos de negligencia profesional:<\/h3>\n<ul>\n<li>Legal: 1 a\u00f1o despu\u00e9s del descubrimiento, con un m\u00e1ximo de 4 a\u00f1os despu\u00e9s del acto.<\/li>\n<li>M\u00e9dico: 1 a\u00f1o despu\u00e9s del descubrimiento, o 3 a\u00f1os de una lesi\u00f3n conocida<\/li>\n<li>Veterinaria: 1 a\u00f1o despu\u00e9s de la lesi\u00f3n o muerte de un animal.<\/li>\n<\/ul>\n<p><a href=\"https:\/\/mcdonaldworley.com\/wp-content\/uploads\/2020\/01\/attorneys-750x313-2.jpg\"><img loading=\"lazy\" decoding=\"async\" class=\"alignnone wp-image-31502\" src=\"https:\/\/mcdonaldworley.com\/wp-content\/uploads\/2020\/01\/attorneys-750x313-2.jpg\" alt=\"Lawyers reviewing a personal injury claim in Irvine.\" width=\"500\" height=\"209\" title=\"\" srcset=\"https:\/\/mcdonaldworley.com\/wp-content\/uploads\/2020\/01\/attorneys-750x313-2.jpg 750w, https:\/\/mcdonaldworley.com\/wp-content\/uploads\/2020\/01\/attorneys-750x313-2-300x125.jpg 300w\" sizes=\"auto, (max-width: 500px) 100vw, 500px\" \/><\/a><\/p>\n<h2>\u00bfC\u00f3mo se define la falla en cualquier caso de lesiones personales seg\u00fan la ley de California?<\/h2>\n<p>El estado de California es uno que practica negligencia comparativa. Esto significa que la falla se divide y se asigna entre todas las partes involucradas. Seg\u00fan este tipo de ley, los demandantes pueden recibir da\u00f1os, incluso cuando parte de su propia negligencia termin\u00f3 contribuyendo al accidente. Los da\u00f1os que se otorgan a un demandante podr\u00edan reducirse, solo en funci\u00f3n de la parte de culpa del demandante. Por ejemplo, si se consider\u00f3 que el 25 por ciento fue culpable en un acuerdo de $ 400,000, entonces solo obtendr\u00eda $ 300,000. Un ejemplo de esto podr\u00eda ser un acusado acusado de conducir ebrio demostrando negligencia del demandante debido a una luz trasera rota. California es un estado que tambi\u00e9n sigue lo que se conoce como la regla pura de fallas comparativas. Eso significa que incluso cuando un acusado se considera culpable en un 99 por ciento, a\u00fan puede cobrar da\u00f1os.<\/p>\n<h2>\u00bfVale la pena mi caso de lesiones personales?<\/h2>\n<p>El valor del caso de lesiones personales depende de la cantidad de da\u00f1os relacionados con las lesiones sufridas. Se pueden otorgar da\u00f1os por angustia mental, p\u00e9rdida de ganancias, facturas m\u00e9dicas tanto ahora como en el futuro, dolor y sufrimiento, p\u00e9rdida de poder adquisitivo y p\u00e9rdida de consorcio, entre otros. En algunas situaciones, un tribunal tambi\u00e9n puede otorgar da\u00f1os punitivos. Los da\u00f1os punitivos se otorgan cuando el comportamiento il\u00edcito de un acusado se considera especialmente censurable. Adem\u00e1s, cualquier abogado de lesiones personales <a href=\"https:\/\/goo.gl\/maps\/wnQLDhXAHdHyNMec9\" target=\"_blank\" rel=\"noopener noreferrer nofollow\">cerca de Irvine<\/a> con el que decida trabajar puede tener una tremenda influencia sobre la cantidad que recupera. McDonald Worley es considerado como uno de los principales bufetes de abogados de la naci\u00f3n para los demandantes. Rutinariamente recibimos referencias de muchos otros <a href=\"https:\/\/mcdonaldworley.com\/atascocita\/personal-injury-lawyer\/\" target=\"_blank\" rel=\"noopener\">abogados de lesiones personales<\/a> dado nuestro exitoso historial en el logro de veredictos y acuerdos positivos..<\/p>\n<h2>Contrata a un abogado de lesiones personales de McDonald Worley en Irvine de inmediato<\/h2>\n<p>Nuestro equipo legal ayuda a los residentes de Irvine que son v\u00edctimas de lesiones debido a la compensaci\u00f3n de los trabajadores por <a href=\"https:\/\/mcdonaldworley.com\/es\/glendale\/abogado-accidentes-automovilisticos\/\" target=\"_blank\" rel=\"noopener\">accidentes automovil\u00edsticos.<\/a>. Ll\u00e1menos al (877) 721-3423, use nuestro formulario en l\u00ednea o aproveche el servicio de chat de nuestro sitio web para programar una consulta gratuita. Incluso hacemos visitas al hospital y al hogar, \u00a1y nunca cobramos tarifas a menos que ganemos su compensaci\u00f3n!<\/p>\n","protected":false},"excerpt":{"rendered":"<p>Un accidente grave puede ocurrir en solo una fracci\u00f3n de segundo, pero cualquier dolor f\u00edsico o angustia emocional resultante puede persistir durante meses, si no a\u00f1os. De hecho, numerosas v\u00edctimas nunca llegan a disfrutar de una recuperaci\u00f3n completa. Adem\u00e1s del trauma, tanto f\u00edsico como psicol\u00f3gico, los gastos relacionados con la p\u00e9rdida de ingresos y las [&hellip;]<\/p>\n","protected":false},"author":65,"featured_media":0,"parent":32632,"menu_order":0,"comment_status":"closed","ping_status":"closed","template":"","meta":{"_acf_changed":false,"site-sidebar-layout":"default","site-content-layout":"","ast-site-content-layout":"default","site-content-style":"default","site-sidebar-style":"default","ast-global-header-display":"","ast-banner-title-visibility":"","ast-main-header-display":"","ast-hfb-above-header-display":"","ast-hfb-below-header-display":"","ast-hfb-mobile-header-display":"","site-post-title":"","ast-breadcrumbs-content":"","ast-featured-img":"","footer-sml-layout":"","ast-disable-related-posts":"","theme-transparent-header-meta":"","adv-header-id-meta":"","stick-header-meta":"","header-above-stick-meta":"","header-main-stick-meta":"","header-below-stick-meta":"","astra-migrate-meta-layouts":"default","ast-page-background-enabled":"default","ast-page-background-meta":{"desktop":{"background-color":"var(--ast-global-color-4)","background-image":"","background-repeat":"repeat","background-position":"center center","background-size":"auto","background-attachment":"scroll","background-type":"","background-media":"","overlay-type":"","overlay-color":"","overlay-opacity":"","overlay-gradient":""},"tablet":{"background-color":"","background-image":"","background-repeat":"repeat","background-position":"center center","background-size":"auto","background-attachment":"scroll","background-type":"","background-media":"","overlay-type":"","overlay-color":"","overlay-opacity":"","overlay-gradient":""},"mobile":{"background-color":"","background-image":"","background-repeat":"repeat","background-position":"center center","background-size":"auto","background-attachment":"scroll","background-type":"","background-media":"","overlay-type":"","overlay-color":"","overlay-opacity":"","overlay-gradient":""}},"ast-content-background-meta":{"desktop":{"background-color":"var(--ast-global-color-5)","background-image":"","background-repeat":"repeat","background-position":"center center","background-size":"auto","background-attachment":"scroll","background-type":"","background-media":"","overlay-type":"","overlay-color":"","overlay-opacity":"","overlay-gradient":""},"tablet":{"background-color":"var(--ast-global-color-5)","background-image":"","background-repeat":"repeat","background-position":"center center","background-size":"auto","background-attachment":"scroll","background-type":"","background-media":"","overlay-type":"","overlay-color":"","overlay-opacity":"","overlay-gradient":""},"mobile":{"background-color":"var(--ast-global-color-5)","background-image":"","background-repeat":"repeat","background-position":"center center","background-size":"auto","background-attachment":"scroll","background-type":"","background-media":"","overlay-type":"","overlay-color":"","overlay-opacity":"","overlay-gradient":""}},"footnotes":""},"class_list":["post-32633","page","type-page","status-publish","hentry"],"acf":[],"_links":{"self":[{"href":"https:\/\/mcdonaldworley.com\/es\/wp-json\/wp\/v2\/pages\/32633","targetHints":{"allow":["GET"]}}],"collection":[{"href":"https:\/\/mcdonaldworley.com\/es\/wp-json\/wp\/v2\/pages"}],"about":[{"href":"https:\/\/mcdonaldworley.com\/es\/wp-json\/wp\/v2\/types\/page"}],"author":[{"embeddable":true,"href":"https:\/\/mcdonaldworley.com\/es\/wp-json\/wp\/v2\/users\/65"}],"replies":[{"embeddable":true,"href":"https:\/\/mcdonaldworley.com\/es\/wp-json\/wp\/v2\/comments?post=32633"}],"version-history":[{"count":0,"href":"https:\/\/mcdonaldworley.com\/es\/wp-json\/wp\/v2\/pages\/32633\/revisions"}],"up":[{"embeddable":true,"href":"https:\/\/mcdonaldworley.com\/es\/wp-json\/wp\/v2\/pages\/32632"}],"wp:attachment":[{"href":"https:\/\/mcdonaldworley.com\/es\/wp-json\/wp\/v2\/media?parent=32633"}],"curies":[{"name":"wp","href":"https:\/\/api.w.org\/{rel}","templated":true}]}}