{"id":32626,"date":"2020-01-27T14:49:06","date_gmt":"2020-01-27T20:49:06","guid":{"rendered":"https:\/\/abconlinehold.wpengine.com\/anaheim\/anaheim-car-accident-lawyer\/"},"modified":"2021-08-12T10:18:52","modified_gmt":"2021-08-12T15:18:52","slug":"abogado-accidentes-automovilisticos","status":"publish","type":"page","link":"https:\/\/mcdonaldworley.com\/es\/anaheim\/abogado-accidentes-automovilisticos\/","title":{"rendered":"Abogado de accidentes automovil\u00edsticos de Anaheim"},"content":{"rendered":"<p>Cuando ocurre un accidente automovil\u00edstico, es esencial tomar medidas r\u00e1pidas para proteger sus derechos. Llegar a nuestro equipo para obtener ayuda legal es importante, independientemente de qui\u00e9n tuvo la culpa del accidente. Lidiar con las secuelas de un accidente por su cuenta es una mala idea. Sin la ayuda de un abogado de accidentes automovil\u00edsticos en <a href=\"https:\/\/mcdonaldworley.com\/anaheim\/\">Anaheim<\/a>, sus probabilidades de obtener un buen resultado en su caso son relativamente bajas. Al conectarse con nuestro equipo calificado de profesionales legales aqu\u00ed en McDonald Worley, puede estar seguro de que est\u00e1 recibiendo el mejor asesoramiento posible.<\/p>\n<p>Los accidentes ocurren a diario. Cuando lo hacen, es importante tomar los pasos correctos. En lugar de intentar hacer las cosas por su cuenta, comun\u00edquese con nuestros <a href=\"https:\/\/mcdonaldworley.com\/es\/the-lakes\/abogado-accidentes-automovilisticos\/\" target=\"_blank\" rel=\"noopener\">abogados calificados en accidentes automovil\u00edsticos.<\/a>. Nos especializamos en ayudar a las v\u00edctimas de accidentes automovil\u00edsticos en Anaheim y sus alrededores. Le hacemos nuestra prioridad, asegurando que tenga toda la asistencia legal que necesita en su caso. Lo \u00fanico que debe hacer para que la pelota ruede es comunicarse con nuestro bufete de <a href=\"\/es\">abogados de lesiones de Anaheim<\/a> lo antes posible despu\u00e9s de su accidente.<\/p>\n\n<h2>\u00bfC\u00f3mo funciona una tarifa de contingencia?<\/h2>\n<p>Este es un t\u00e9rmino nuevo para algunas personas y puede ser confuso al principio. En esencia, el t\u00e9rmino \u00abcontingencia\u00bb se refiere a los servicios que se pagan despu\u00e9s de que se gana el caso. Si el caso sigue su camino y lleva a un veredicto positivo, nuestro bufete de abogados solicitar\u00e1 una indemnizaci\u00f3n. Sin embargo, \u00bfqu\u00e9 sucede si no te sale bien? Bueno, \u00a1entonces no tienes que pagarnos un centavo!<\/p>\n<p>\u00bfPor qu\u00e9 es una buena idea? Con una tarifa de contingencia, la firma de abogados solo toma un caso cuando sabe que las posibilidades de ganar son altas. Esto significa que si nuestro bufete de abogados acepta tomar su caso, la probabilidad de un veredicto positivo ser\u00e1 enorme. Esto deber\u00eda llenarte de confianza.<\/p>\n<p>Si bien no todos los casos conducen a una victoria, es mejor saber que sus posibilidades de ganar son altas. Puede actuar como una red de seguridad cuando se trata de pelear una batalla legal y asegurarse de que salgas por el lado correcto.<\/p>\n<h2>\u00bfC\u00f3mo ayudar\u00e1 un abogado de accidentes automovil\u00edsticos?<\/h2>\n<p>Los abogados de accidentes automovil\u00edsticos en <a href=\"https:\/\/www.anaheim.net\/\" target=\"_blank\" rel=\"noopener noreferrer nofollow\">Anaheim, California<\/a>, tienen experiencia comprobada en estos casos. Entienden c\u00f3mo reaccionar en diferentes escenarios, qu\u00e9 buscar y c\u00f3mo asegurarse de que se tomen las decisiones correctas en el camino.<\/p>\n<p>Estar\u00e1 respaldado por un equipo competente de profesionales que entienden estos matices legales mejor que nadie. Se analizar\u00e1n cada detalle con un peine de dientes finos para determinar qu\u00e9 se necesita para ayudarlo en la corte. Este es el tipo de asistencia que puede garantizar que est\u00e9 totalmente respaldado durante los procedimientos legales.<\/p>\n<p><img loading=\"lazy\" decoding=\"async\" class=\"alignnone wp-image-31389\" src=\"https:\/\/mcdonaldworley.com\/wp-content\/uploads\/2020\/01\/car-accident-call-750x421-2.jpg\" alt=\"A man calling a lawyer after a car accident.\" width=\"500\" height=\"281\" title=\"\" srcset=\"https:\/\/mcdonaldworley.com\/wp-content\/uploads\/2020\/01\/car-accident-call-750x421-2.jpg 750w, https:\/\/mcdonaldworley.com\/wp-content\/uploads\/2020\/01\/car-accident-call-750x421-2-300x168.jpg 300w\" sizes=\"auto, (max-width: 500px) 100vw, 500px\" \/><\/p>\n<p>En general, la otra parte tendr\u00e1 su historia lista para ganar el caso. Es por eso que necesita un equipo legal fuerte para construir una estrategia legal herm\u00e9tica que conduzca a un veredicto positivo.<\/p>\n<p>A veces, un cliente creer\u00e1 que va a ganar el caso porque no tiene la culpa. Pueden sentir que es una volcada y que nada puede salir mal, pero ese no es el caso en situaciones legales de la vida real. Es mejor evitar correr riesgos y acudir con alguien que tenga experiencia comprobada en casos de accidentes automovil\u00edsticos cerca de Anaheim.<\/p>\n<h2>\u00bfCu\u00e1les son los l\u00edmites de tiempo dentro de los cuales presentar un reclamo de accidente automovil\u00edstico?<\/h2>\n<p>Cuando tiene un accidente automovil\u00edstico y cree que la otra parte es responsable, es importante tomar medidas de inmediato. Si contin\u00faa retrasando el asunto, puede disminuir sus posibilidades de emitir un veredicto positivo.<\/p>\n<p>Cuando se trata de la definici\u00f3n legal de lo que est\u00e1 permitido, la ley requiere que presente un reclamo por lesiones personales dentro de 2 a\u00f1os. Independientemente de lo <a href=\"https:\/\/mcdonaldworley.com\/es\/houston\/necesita-tratamiento-medico-despues-de-accidente-automovilistico\/\" target=\"_blank\" rel=\"noopener\">que sucedi\u00f3 despu\u00e9s del accidente automovil\u00edstico<\/a>, el reloj comienza a funcionar tan pronto como ocurre el accidente.. Es por eso que es mejor que un profesional legal revise estos detalles lo antes posible para asegurarse de que se tomen las medidas correctas. Esto incluye la presentaci\u00f3n de documentos legales con prontitud sin perder detalles clave.<\/p>\n<p>Es importante tener en cuenta que tendr\u00e1 un a\u00f1o adicional para presentar reclamos asociados con da\u00f1os a la propiedad. Sin embargo, se recomienda evitar arrastrar el asunto legal m\u00e1s all\u00e1 de cierto punto, ya que disminuye sus posibilidades de ganar. Poder presentar una solicitud tan pronto como pueda ayudar en el proceso legal y facilitar la tarea de llamar a testigos \u00fatiles. Si retrasa los procedimientos judiciales durante a\u00f1os, puede llegar al punto en que un testigo no recuerda el incidente y no ser\u00e1 confiable en el tribunal. Es mejor no probar su suerte y asegurarse de que un profesional legal presente la documentaci\u00f3n legal de inmediato.<\/p>\n<p>Retrasar los asuntos por cualquier per\u00edodo no le servir\u00e1 a largo plazo. Si bien una persona tendr\u00e1 al menos 2-3 a\u00f1os en la <a href=\"https:\/\/goo.gl\/maps\/K6JykK4tQt54wSEVA\" target=\"_blank\" rel=\"noopener noreferrer nofollow\">ciudad de Anaheim<\/a> para presentar la documentaci\u00f3n, a\u00fan es importante comenzar lo antes posible. Esto asegurar\u00e1 que se acerque a un veredicto positivo y no tenga que lidiar con asuntos que involucren testigos poco confiables o el estatuto de limitaciones. D\u00e9 el primer paso llam\u00e1ndonos y estableciendo una cita detallada.<\/p>\n<h2>\u00bfQu\u00e9 suceder\u00e1 en caso de que el otro conductor no tenga seguro?<\/h2>\n<p>Si ha tenido un accidente automovil\u00edstico y la otra parte no tiene seguro, se recomienda buscar m\u00e1s informaci\u00f3n sobre la cl\u00e1usula \u00abMotorista sin seguro\u00bb en su p\u00f3liza de seguro. Esta cl\u00e1usula lo <a href=\"https:\/\/mcdonaldworley.com\/consumer-protection-law\/save-your-home\/\" target=\"_blank\" rel=\"noopener\">protege en los casos<\/a> en que la otra parte no tiene seguro..<\/p>\n<p><img loading=\"lazy\" decoding=\"async\" class=\"alignnone wp-image-31392\" src=\"https:\/\/mcdonaldworley.com\/wp-content\/uploads\/2020\/01\/car-accident-750x470-1.jpg\" alt=\"Two heavily damaged cars after an accident in Anaheim.\" width=\"500\" height=\"313\" title=\"\" srcset=\"https:\/\/mcdonaldworley.com\/wp-content\/uploads\/2020\/01\/car-accident-750x470-1.jpg 750w, https:\/\/mcdonaldworley.com\/wp-content\/uploads\/2020\/01\/car-accident-750x470-1-300x188.jpg 300w\" sizes=\"auto, (max-width: 500px) 100vw, 500px\" \/><\/p>\n<p>Si su proveedor de seguros no ofrece una cl\u00e1usula de \u00abautomovilista no asegurado\u00bb, tendr\u00e1 que buscar una compensaci\u00f3n legal demandando a la otra parte. Esto los dejar\u00e1 con la responsabilidad exclusiva del accidente y la compensaci\u00f3n resultante que se espera de ellos legalmente.<\/p>\n<h2>\u00bfQu\u00e9 sucede si se niega mi reclamo?<\/h2>\n<p>Si el reclamo ha sido denegado, puede presentar una apelaci\u00f3n legal. Esto puede hacerse a trav\u00e9s de un abogado en su nombre.<\/p>\n<h2>Programe una consulta gratuita con los abogados de accidentes automovil\u00edsticos de McDonald Worley en Anaheim<\/h2>\n<p>Despu\u00e9s de un accidente, una de las primeras cosas que debe hacer es comunicarse con los abogados de lesiones personales en McDonald Worley en Anaheim. Puede llamarnos, chatear con nosotros a trav\u00e9s de nuestro sitio web o enviar el formulario en l\u00ednea para conectarse. Despu\u00e9s de aprender m\u00e1s sobre su caso, lo ayudaremos a comprender qu\u00e9 opciones legales vale la pena seguir. Nos puede contactar por tel\u00e9fono al 877\u2013721\u20133423. No pospongas las llamadas. En cambio, comun\u00edquese con nosotros de inmediato. Con los casos de accidentes automovil\u00edsticos, el tiempo no est\u00e1 de su lado. La acci\u00f3n r\u00e1pida es esencial para obtener el mejor resultado en su caso.<\/p>\n","protected":false},"excerpt":{"rendered":"<p>Cuando ocurre un accidente automovil\u00edstico, es esencial tomar medidas r\u00e1pidas para proteger sus derechos. Llegar a nuestro equipo para obtener ayuda legal es importante, independientemente de qui\u00e9n tuvo la culpa del accidente. Lidiar con las secuelas de un accidente por su cuenta es una mala idea. Sin la ayuda de un abogado de accidentes automovil\u00edsticos [&hellip;]<\/p>\n","protected":false},"author":65,"featured_media":0,"parent":32550,"menu_order":0,"comment_status":"closed","ping_status":"closed","template":"","meta":{"_acf_changed":false,"site-sidebar-layout":"default","site-content-layout":"","ast-site-content-layout":"default","site-content-style":"default","site-sidebar-style":"default","ast-global-header-display":"","ast-banner-title-visibility":"","ast-main-header-display":"","ast-hfb-above-header-display":"","ast-hfb-below-header-display":"","ast-hfb-mobile-header-display":"","site-post-title":"","ast-breadcrumbs-content":"","ast-featured-img":"","footer-sml-layout":"","ast-disable-related-posts":"","theme-transparent-header-meta":"","adv-header-id-meta":"","stick-header-meta":"","header-above-stick-meta":"","header-main-stick-meta":"","header-below-stick-meta":"","astra-migrate-meta-layouts":"default","ast-page-background-enabled":"default","ast-page-background-meta":{"desktop":{"background-color":"var(--ast-global-color-4)","background-image":"","background-repeat":"repeat","background-position":"center center","background-size":"auto","background-attachment":"scroll","background-type":"","background-media":"","overlay-type":"","overlay-color":"","overlay-opacity":"","overlay-gradient":""},"tablet":{"background-color":"","background-image":"","background-repeat":"repeat","background-position":"center center","background-size":"auto","background-attachment":"scroll","background-type":"","background-media":"","overlay-type":"","overlay-color":"","overlay-opacity":"","overlay-gradient":""},"mobile":{"background-color":"","background-image":"","background-repeat":"repeat","background-position":"center center","background-size":"auto","background-attachment":"scroll","background-type":"","background-media":"","overlay-type":"","overlay-color":"","overlay-opacity":"","overlay-gradient":""}},"ast-content-background-meta":{"desktop":{"background-color":"var(--ast-global-color-5)","background-image":"","background-repeat":"repeat","background-position":"center center","background-size":"auto","background-attachment":"scroll","background-type":"","background-media":"","overlay-type":"","overlay-color":"","overlay-opacity":"","overlay-gradient":""},"tablet":{"background-color":"var(--ast-global-color-5)","background-image":"","background-repeat":"repeat","background-position":"center center","background-size":"auto","background-attachment":"scroll","background-type":"","background-media":"","overlay-type":"","overlay-color":"","overlay-opacity":"","overlay-gradient":""},"mobile":{"background-color":"var(--ast-global-color-5)","background-image":"","background-repeat":"repeat","background-position":"center center","background-size":"auto","background-attachment":"scroll","background-type":"","background-media":"","overlay-type":"","overlay-color":"","overlay-opacity":"","overlay-gradient":""}},"footnotes":""},"class_list":["post-32626","page","type-page","status-publish","hentry"],"acf":[],"_links":{"self":[{"href":"https:\/\/mcdonaldworley.com\/es\/wp-json\/wp\/v2\/pages\/32626","targetHints":{"allow":["GET"]}}],"collection":[{"href":"https:\/\/mcdonaldworley.com\/es\/wp-json\/wp\/v2\/pages"}],"about":[{"href":"https:\/\/mcdonaldworley.com\/es\/wp-json\/wp\/v2\/types\/page"}],"author":[{"embeddable":true,"href":"https:\/\/mcdonaldworley.com\/es\/wp-json\/wp\/v2\/users\/65"}],"replies":[{"embeddable":true,"href":"https:\/\/mcdonaldworley.com\/es\/wp-json\/wp\/v2\/comments?post=32626"}],"version-history":[{"count":0,"href":"https:\/\/mcdonaldworley.com\/es\/wp-json\/wp\/v2\/pages\/32626\/revisions"}],"up":[{"embeddable":true,"href":"https:\/\/mcdonaldworley.com\/es\/wp-json\/wp\/v2\/pages\/32550"}],"wp:attachment":[{"href":"https:\/\/mcdonaldworley.com\/es\/wp-json\/wp\/v2\/media?parent=32626"}],"curies":[{"name":"wp","href":"https:\/\/api.w.org\/{rel}","templated":true}]}}