{"id":32623,"date":"2020-01-30T07:25:57","date_gmt":"2020-01-30T13:25:57","guid":{"rendered":"https:\/\/abconlinehold.wpengine.com\/fontana\/car-accident-lawyer\/"},"modified":"2021-08-12T10:36:51","modified_gmt":"2021-08-12T15:36:51","slug":"abogado-accidentes-automovilisticos","status":"publish","type":"page","link":"https:\/\/mcdonaldworley.com\/es\/fontana\/abogado-accidentes-automovilisticos\/","title":{"rendered":"Abogado de Accidentes Automovil\u00edsticos Fontana"},"content":{"rendered":"<p>\u00bfHa resultado lesionado en un accidente automovil\u00edstico y necesita la asistencia de un abogado de accidentes automovil\u00edsticos en Fontana? Cuando est\u00e1 involucrado en un accidente automovil\u00edstico, es crucial tomar medidas r\u00e1pidas para salvaguardar sus intereses. Ponerse en contacto con nuestro equipo de expertos legales es muy importante, sin importar qui\u00e9n sea responsable del accidente. Manejar asuntos relacionados con un <a href=\"https:\/\/mcdonaldworley.com\/es\/nellis-afb\/abogado-accidentes-automovil%C3%ADsticos\/\" target=\"_blank\" rel=\"noopener\">accidente automovil\u00edstico<\/a> por su cuenta es muy arriesgado.. Sin la asistencia legal adecuada, sus posibilidades de obtener el resultado deseado disminuyen significativamente. Al comunicarse con nuestra <a href=\"\/es\">firma calificada de lesiones personales<\/a> aqu\u00ed en McDonald Worley, puede estar seguro de obtener el mejor asesoramiento legal que existe hoy.<\/p>\n<p>Los accidentes ocurren todo el tiempo, y cuando lo hacen, es crucial que siga los pasos adecuados para evitar problemas legales y otros inconvenientes. En lugar de tomar el asunto en sus propias manos, por qu\u00e9 no hablar con nuestros <a href=\"https:\/\/mcdonaldworley.com\/es\/pasadena\/abogado-accidentes-automovilisticos\/\" target=\"_blank\" rel=\"noopener\">abogados profesionales de accidentes automovil\u00edsticos.<\/a>. Tenemos mucha experiencia en ayudar a las v\u00edctimas de accidentes automovil\u00edsticos en <a href=\"http:\/\/fontana.org\" target=\"_blank\" rel=\"noopener noreferrer nofollow\">Fontana<\/a> y sus alrededores. Priorizamos todos nuestros casos de <a href=\"https:\/\/mcdonaldworley.com\/es\/long-beach\/abogado-accidentes-automovilisticos\/\" target=\"_blank\" rel=\"noopener\">accidentes automovil\u00edsticos<\/a> para garantizar que todos nuestros clientes tengan una representaci\u00f3n legal adecuada y adecuada. La \u00fanica acci\u00f3n que debe tomar es ponerse en contacto con nosotros y desde all\u00ed nos encargaremos.<\/p>\n\n<h2>\u00bfC\u00f3mo ayudar\u00e1 un abogado de accidentes automovil\u00edsticos?<\/h2>\n<p>Los <a href=\"https:\/\/mcdonaldworley.com\/es\/conroe\/abogado-accidentes-automovilisticos\/\" target=\"_blank\" rel=\"noopener\">abogados de accidentes automovil\u00edsticos<\/a> regularmente se encuentran con casos como el suyo.. Es casi imposible para ti haber experimentado un escenario que es nuevo y desconocido para ellos. Esa es una raz\u00f3n m\u00e1s que suficiente para que solicites ayuda.<\/p>\n<p>Tendr\u00e1 un equipo completo de profesionales detr\u00e1s de usted, desde el abogado con el que trabajar\u00e1 hasta el asistente legal responsable de investigar varios aspectos del caso. No hay ninguna raz\u00f3n para que intente manejar esto por su cuenta cuando haya profesionales legales calificados disponibles para ofrecer cualquier asistencia que pueda necesitar.<\/p>\n<p>Como probablemente sepa, la otra parte probablemente tendr\u00e1 una historia completamente diferente a la suya, lo que puede hacer que parezca que obtener un resultado favorable es una tarea imposible. Lo mejor es que es m\u00e1s probable que le vaya bien si cuenta con el respaldo de un equipo competente de profesionales del derecho.<\/p>\n<p>Aunque creas que tienes un caso en el que una victoria parece garantizada, siempre es importante recordar que algo puede salir mal. En lugar de arriesgarse, debe comunicarse con alguien de la firma de abogados sin demora.<\/p>\n<h2>\u00bfQu\u00e9 pasos deben tomarse despu\u00e9s de un accidente automovil\u00edstico?<\/h2>\n<p>Lo primero que debe hacer despu\u00e9s de haber tenido un accidente es ponerse en contacto con un abogado y permanecer en silencio. Lo \u00fanico que debe decir en la escena es intercambiar informaci\u00f3n con la otra parte y esperar a que lleguen la polic\u00eda y los primeros en responder. \u00a1No digas una sola palabra! Si te disculpas por el incidente, esto puede verse como una admisi\u00f3n de culpa y puede usarse en tu contra m\u00e1s tarde. Por otro lado, decir que est\u00e1s \u00abbien\u00bb es otra cosa que puede volver a morderte en la parte trasera, especialmente si tienes alg\u00fan tipo de lesi\u00f3n que se presenta en un momento posterior. Es mejor sentarse all\u00ed, no decir nada, y esperar hasta que la polic\u00eda y la ambulancia entren en escena.<\/p>\n<p>Debe tomar cualquier foto que pueda tomar nota de todos los que est\u00e1n cerca y obtener informaci\u00f3n de ellos antes de abandonar la escena. Esto puede ser algo que necesite m\u00e1s adelante. Puede parecer trivial ahora, pero esto puede ser algo que le quite la tapa a su caso m\u00e1s adelante. Adem\u00e1s, debe dirigirse al hospital, incluso si se siente perfectamente bien en ese momento. Esta suele ser una buena idea, ya que hay algunas personas que se sienten bien y luego sienten dolor. Desea asegurarse de estar cubierto, por si acaso.<\/p>\n<p>Evite hablar con alguien y decir demasiado. Tan pronto como tenga la oportunidad, necesita ponerse en contacto con un abogado; no hay duda. Esto puede parecer excesivo, pero es la \u00fanica forma de asegurarse de que las cosas salgan como deber\u00edan. Existe la posibilidad de que las personas de las compa\u00f1\u00edas de seguros intenten hablar con usted. Si esto sucede, h\u00e1gales saber que pueden hablar con su abogado y que todo se maneja de esa manera.<\/p>\n<h2><img loading=\"lazy\" decoding=\"async\" class=\"alignnone wp-image-31408 size-full\" src=\"https:\/\/mcdonaldworley.com\/wp-content\/uploads\/2020\/01\/Fontana-Car-Accident_lawyer-1.jpg\" alt=\"A car that has struck a tree in Fontana, CA.\" width=\"500\" height=\"281\" title=\"\" srcset=\"https:\/\/mcdonaldworley.com\/wp-content\/uploads\/2020\/01\/Fontana-Car-Accident_lawyer-1.jpg 500w, https:\/\/mcdonaldworley.com\/wp-content\/uploads\/2020\/01\/Fontana-Car-Accident_lawyer-1-300x169.jpg 300w\" sizes=\"auto, (max-width: 500px) 100vw, 500px\" \/><\/h2>\n<h2>\u00bfC\u00f3mo se pagar\u00e1 un acuerdo de accidente automovil\u00edstico?<\/h2>\n<p>En muchos casos, la compa\u00f1\u00eda de seguros de la otra parte le entrega un cheque. Si el monto de los da\u00f1os que recibi\u00f3 es mayor que el monto de su cobertura, deber\u00e1n realizar algunos pagos de su bolsillo.<\/p>\n<p>Su abogado discutir\u00e1 todo con la otra parte para asegurarse de que las cosas sean favorables. Es probable que reciba un pago grande de inmediato y algunos pagos m\u00e1s peque\u00f1os se remitir\u00e1n con el tiempo. Esto es algo que se discutir\u00e1 con su abogado durante las conversaciones de soluci\u00f3n.<\/p>\n<h2>\u00bfDebo hablar con el ajustador de seguros por mi cuenta?<\/h2>\n<p>NUNCA hable con un ajustador de seguros por su cuenta. Su trabajo es pagar lo menos posible, por lo que no es probable que vaya a su favor. Si alguien de una compa\u00f1\u00eda de seguros se le acerca, br\u00edndele la informaci\u00f3n de contacto de su abogado y perm\u00edtale manejarlo.<\/p>\n<h2>Programe una consulta gratuita con los abogados de accidentes automovil\u00edsticos de McDonald Worley en Fontana<\/h2>\n<p>Lo primero que debe hacer despu\u00e9s de estar involucrado en un <a href=\"https:\/\/mcdonaldworley.com\/atascocita\/car-accident-lawyer\/\" target=\"_blank\" rel=\"noopener\">accidente automovil\u00edstico es comunicarse con los abogados<\/a> de accidentes automovil\u00edsticos de McDonald Worley.. Puede contactarnos a trav\u00e9s de nuestros n\u00fameros de tel\u00e9fono o visitar nuestro sitio web para obtener m\u00e1s informaci\u00f3n sobre nuestros servicios legales. Despu\u00e9s de conocer su caso, le informaremos sobre todas las opciones legales a su disposici\u00f3n. Puede contactarnos por tel\u00e9fono usando este n\u00famero (877) 721-3423. No tengas miedo de llamar. Cont\u00e1ctanos de inmediato si est\u00e1s involucrado en un <a href=\"https:\/\/mcdonaldworley.com\/es\/boulder-city\/abogado-accidentes-automovilisticos\/\" target=\"_blank\" rel=\"noopener\">accidente automovil\u00edstico.<\/a>. El tiempo siempre es esencial y la acci\u00f3n r\u00e1pida es crucial para obtener los mejores resultados.<\/p>\n","protected":false},"excerpt":{"rendered":"<p>\u00bfHa resultado lesionado en un accidente automovil\u00edstico y necesita la asistencia de un abogado de accidentes automovil\u00edsticos en Fontana? Cuando est\u00e1 involucrado en un accidente automovil\u00edstico, es crucial tomar medidas r\u00e1pidas para salvaguardar sus intereses. Ponerse en contacto con nuestro equipo de expertos legales es muy importante, sin importar qui\u00e9n sea responsable del accidente. Manejar [&hellip;]<\/p>\n","protected":false},"author":65,"featured_media":0,"parent":32617,"menu_order":0,"comment_status":"closed","ping_status":"closed","template":"","meta":{"_acf_changed":false,"site-sidebar-layout":"default","site-content-layout":"","ast-site-content-layout":"default","site-content-style":"default","site-sidebar-style":"default","ast-global-header-display":"","ast-banner-title-visibility":"","ast-main-header-display":"","ast-hfb-above-header-display":"","ast-hfb-below-header-display":"","ast-hfb-mobile-header-display":"","site-post-title":"","ast-breadcrumbs-content":"","ast-featured-img":"","footer-sml-layout":"","ast-disable-related-posts":"","theme-transparent-header-meta":"","adv-header-id-meta":"","stick-header-meta":"","header-above-stick-meta":"","header-main-stick-meta":"","header-below-stick-meta":"","astra-migrate-meta-layouts":"default","ast-page-background-enabled":"default","ast-page-background-meta":{"desktop":{"background-color":"var(--ast-global-color-4)","background-image":"","background-repeat":"repeat","background-position":"center center","background-size":"auto","background-attachment":"scroll","background-type":"","background-media":"","overlay-type":"","overlay-color":"","overlay-opacity":"","overlay-gradient":""},"tablet":{"background-color":"","background-image":"","background-repeat":"repeat","background-position":"center center","background-size":"auto","background-attachment":"scroll","background-type":"","background-media":"","overlay-type":"","overlay-color":"","overlay-opacity":"","overlay-gradient":""},"mobile":{"background-color":"","background-image":"","background-repeat":"repeat","background-position":"center center","background-size":"auto","background-attachment":"scroll","background-type":"","background-media":"","overlay-type":"","overlay-color":"","overlay-opacity":"","overlay-gradient":""}},"ast-content-background-meta":{"desktop":{"background-color":"var(--ast-global-color-5)","background-image":"","background-repeat":"repeat","background-position":"center center","background-size":"auto","background-attachment":"scroll","background-type":"","background-media":"","overlay-type":"","overlay-color":"","overlay-opacity":"","overlay-gradient":""},"tablet":{"background-color":"var(--ast-global-color-5)","background-image":"","background-repeat":"repeat","background-position":"center center","background-size":"auto","background-attachment":"scroll","background-type":"","background-media":"","overlay-type":"","overlay-color":"","overlay-opacity":"","overlay-gradient":""},"mobile":{"background-color":"var(--ast-global-color-5)","background-image":"","background-repeat":"repeat","background-position":"center center","background-size":"auto","background-attachment":"scroll","background-type":"","background-media":"","overlay-type":"","overlay-color":"","overlay-opacity":"","overlay-gradient":""}},"footnotes":""},"class_list":["post-32623","page","type-page","status-publish","hentry"],"acf":[],"_links":{"self":[{"href":"https:\/\/mcdonaldworley.com\/es\/wp-json\/wp\/v2\/pages\/32623","targetHints":{"allow":["GET"]}}],"collection":[{"href":"https:\/\/mcdonaldworley.com\/es\/wp-json\/wp\/v2\/pages"}],"about":[{"href":"https:\/\/mcdonaldworley.com\/es\/wp-json\/wp\/v2\/types\/page"}],"author":[{"embeddable":true,"href":"https:\/\/mcdonaldworley.com\/es\/wp-json\/wp\/v2\/users\/65"}],"replies":[{"embeddable":true,"href":"https:\/\/mcdonaldworley.com\/es\/wp-json\/wp\/v2\/comments?post=32623"}],"version-history":[{"count":0,"href":"https:\/\/mcdonaldworley.com\/es\/wp-json\/wp\/v2\/pages\/32623\/revisions"}],"up":[{"embeddable":true,"href":"https:\/\/mcdonaldworley.com\/es\/wp-json\/wp\/v2\/pages\/32617"}],"wp:attachment":[{"href":"https:\/\/mcdonaldworley.com\/es\/wp-json\/wp\/v2\/media?parent=32623"}],"curies":[{"name":"wp","href":"https:\/\/api.w.org\/{rel}","templated":true}]}}