{"id":32618,"date":"2020-01-30T03:25:54","date_gmt":"2020-01-30T09:25:54","guid":{"rendered":"https:\/\/abconlinehold.wpengine.com\/fontana\/personal-injury-attorney\/"},"modified":"2020-04-16T18:50:00","modified_gmt":"2020-04-17T00:50:00","slug":"abogado-lesiones-personales","status":"publish","type":"page","link":"https:\/\/mcdonaldworley.com\/es\/fontana\/abogado-lesiones-personales\/","title":{"rendered":"Abogado de lesiones personales en Fontana"},"content":{"rendered":"<p>Un accidente que cambia la vida puede ocurrir en solo un par de segundos y puede tener implicaciones duraderas en la vida de los involucrados. Hay muchas ocasiones en que la persona lesionada nunca se recuperar\u00e1 por completo. Adem\u00e1s del dolor de la lesi\u00f3n, la presi\u00f3n de los tratamientos m\u00e9dicos y la p\u00e9rdida de salarios pueden ejercer una presi\u00f3n adicional sobre la v\u00edctima y su familia.<\/p>\n<p>Nuestro <a href=\"\/es\">bufete de abogados especializado en lesiones personales<\/a> comprende completamente la prueba que est\u00e1 a punto de enfrentar y tiene una amplia experiencia en ayudar a aquellos como usted a encontrar la compensaci\u00f3n que merecen y recuperar sus vidas.<\/p>\n\n<h2>\u00bfCu\u00e1nto cuesta contratar a un abogado de lesiones personales en Fontana?<\/h2>\n<p>No queremos que los problemas financieros se interpongan entre nuestros clientes y su derecho a una representaci\u00f3n adecuada de lesiones personales. Por esta raz\u00f3n, nuestros servicios se ofrecen en base a una tarifa de contingencia. Esto significa que no habr\u00e1 cargos por adelantado. No le cobraremos por nuestros servicios, experiencia, asesoramiento o cualquier otra cosa hasta que ganemos el caso y obtengamos la compensaci\u00f3n que usted merece. Entonces, d\u00e9jenos manejar los asuntos legales complejos mientras contin\u00faa con el importante trabajo de recuperaci\u00f3n.<\/p>\n<h2>\u00bfC\u00f3mo se define la lesi\u00f3n personal?<\/h2>\n<p>Los casos de lesiones personales se rigen por la ley de lesiones personales que proporciona el marco para garantizar que las v\u00edctimas lesionadas sean compensadas adecuadamente por sus lesiones por las partes responsables. La ley de lesiones personales tambi\u00e9n se conoce com\u00fanmente como \u00abLey de agravios\u00bb y cubre todo tipo de accidentes. Los actos intencionales tambi\u00e9n est\u00e1n cubiertos por la ley de lesiones personales, como negligencia, agresi\u00f3n sexual, difamaci\u00f3n y productos defectuosos. Los dos componentes esenciales de cualquier caso de lesiones personales de <a href=\"https:\/\/en.wikipedia.org\/wiki\/Fontana,_California\" target=\"_blank\" rel=\"noopener noreferrer nofollow\">Fontana<\/a> son responsabilidad y da\u00f1os. Las preguntas que debe hacer son: \u00ab\u00bfQui\u00e9n tiene la culpa de las lesiones o da\u00f1os?\u00bb y \u201c\u00bfCu\u00e1l es la naturaleza de los da\u00f1os sufridos en el accidente?<\/p>\n<p>Otro punto importante en muchos casos de lesiones personales es la noci\u00f3n de negligencia. La negligencia se puede definir mejor como la falta de atenci\u00f3n que cualquier persona razonable aplicar\u00eda en circunstancias similares para evitar el accidente que tuvo lugar. Deben establecerse los siguientes cuatro puntos para probar negligencia:<\/p>\n<h3>Deber<\/h3>\n<p>Las empresas y las personas en todo tipo de situaciones tienen el deber de realizar sus actividades con cuidado razonable para evitar no da\u00f1ar a otros o da\u00f1ar la propiedad. Por ejemplo, los automovilistas que conducen autom\u00f3viles, el m\u00e9dico que brinda tratamiento m\u00e9dico y los propietarios de restaurantes y hoteles son responsables de la seguridad p\u00fablica.<\/p>\n<p><img loading=\"lazy\" decoding=\"async\" class=\"alignnone size-full wp-image-31424\" src=\"https:\/\/mcdonaldworley.com\/wp-content\/uploads\/2020\/01\/personal-injury-lawyer-in_Fontana.jpg\" alt=\"Fontana personal injury lawyer\" width=\"500\" height=\"228\" title=\"\" srcset=\"https:\/\/mcdonaldworley.com\/wp-content\/uploads\/2020\/01\/personal-injury-lawyer-in_Fontana.jpg 500w, https:\/\/mcdonaldworley.com\/wp-content\/uploads\/2020\/01\/personal-injury-lawyer-in_Fontana-300x137.jpg 300w\" sizes=\"auto, (max-width: 500px) 100vw, 500px\" \/><\/p>\n<h3>Incumplimiento<\/h3>\n<p>La violaci\u00f3n es una violaci\u00f3n de una obligaci\u00f3n legal. En un caso de lesiones personales, esto generalmente significa que el acusado no cumpli\u00f3 con su obligaci\u00f3n de actuar como lo har\u00eda una persona razonable y prudente y, por lo tanto, incumpli\u00f3. En otras palabras, el acusado debe haber sabido que sus acciones o inacciones eran potencialmente da\u00f1inas.<\/p>\n<h3>Causalidad<\/h3>\n<p>La causalidad conecta las lesiones sufridas con la violaci\u00f3n en s\u00ed. La negligencia solo se puede establecer en la corte si las lesiones fueron el resultado de una violaci\u00f3n.<\/p>\n<h3>Da\u00f1os y perjuicios<\/h3>\n<p>Las lesiones sufridas por la violaci\u00f3n se denominan da\u00f1os.<\/p>\n<h2>Who Can File a Personal Injury Claim?<\/h2>\n<p>Anyone \u2013 person or entity\u2013 can file a personal injury lawsuit so long as they suffered damages because of the willful or negligent actions of another person or entity. This works out a little differently from state to state. You will find that injuries sustained in the workplace are handled by the worker\u2019s compensation branch. If you have been injured in the workplace, call the law office of McDonald Wor<\/p>\n<h2>\u00bfQui\u00e9n puede presentar un reclamo por lesiones personales?<\/h2>\n<p>Cualquier persona, persona o entidad, puede presentar una demanda por lesiones personales siempre que haya sufrido da\u00f1os debido a las acciones deliberadas o negligentes de otra persona o entidad. Esto funciona un poco diferente de un estado a otro. Encontrar\u00e1 que las lesiones sufridas en el lugar de trabajo son manejadas por la rama de compensaci\u00f3n del trabajador. Si ha resultado lesionado en el lugar de trabajo, llame a la oficina legal de McDonald Wor<\/p>\n<h3>\u00bfExiste un l\u00edmite de tiempo para presentar un reclamo por lesiones personales en Fontana?<\/h3>\n<p>Seg\u00fan la ley de California, la v\u00edctima de un accidente solo tiene una cierta cantidad de tiempo para presentar su reclamo por lesiones personales, esto se llama el estatuto de limitaciones y puede ser diferente dependiendo de las lesiones sufridas. Esto es lo que puede esperar ver en el estado de California con respecto a la presentaci\u00f3n de reclamos en la ciudad de <a href=\"https:\/\/mcdonaldworley.com\/fontana\/\">Fontana:<\/a><\/p>\n<ul>\n<li>Calumnia \/ calumnia &#8211; 1 a\u00f1o<\/li>\n<li>Lesiones personales &#8211; 2 a\u00f1os<\/li>\n<li>Fraude &#8211; 3 a\u00f1os<\/li>\n<li>Traspaso &#8211; 3 a\u00f1os<\/li>\n<li>Da\u00f1o a la propiedad &#8211; 3 a\u00f1os<\/li>\n<\/ul>\n<h3>Negligencia profesional<\/h3>\n<ul>\n<li>M\u00e9dico: 1 a\u00f1o desde el descubrimiento; 3 a\u00f1os desde que se conoce la lesi\u00f3n<\/li>\n<li>Legal &#8211; 1 a\u00f1o desde el descubrimiento; 4 a\u00f1os a partir de la fecha de negligencia<\/li>\n<li>Veterinaria &#8211; 1 a\u00f1o a partir de la muerte \/ lesi\u00f3n del animal<\/li>\n<\/ul>\n<h2>\u00bfC\u00f3mo define la ley de California la culpa en un caso de lesiones personales?<\/h2>\n<p>California cumple con las leyes de negligencia comparativa. Las leyes de negligencia comparativa buscan dividir adecuadamente la responsabilidad por el accidente y otorgar una compensaci\u00f3n adecuada. Seg\u00fan estas leyes, los heridos en el accidente a\u00fan pueden cobrar una indemnizaci\u00f3n por sus da\u00f1os, incluso si fueron parcialmente responsables de lo sucedido. Por supuesto, la cantidad de da\u00f1os a los que tendr\u00e1n derecho ser\u00e1 proporcional a la cantidad de responsabilidad que tuvieron en el accidente.<\/p>\n<p>Su compensaci\u00f3n se reducir\u00e1 en el porcentaje de su responsabilidad. Por ejemplo, si su caso valiera $ 100,000 en un acuerdo, pero la investigaci\u00f3n determina que usted fue 20% responsable del accidente, tendr\u00eda derecho a solo $ 80,000. Un ejemplo de esto ser\u00eda si el acusado puede demostrar negligencia al demostrar que la luz trasera del demandante estaba apagada. En California, incluso si el acusado se encuentra culpable en un 99%, a\u00fan puede buscar da\u00f1os por ese 1% restante, esto se conoce como la Regla de Falla Comparativa Pura.<\/p>\n<h2>Contrata a un abogado de lesiones personales en Fontana en McDonald Worley hoy<\/h2>\n<p>Nuestro equipo de abogados de lesiones personales en y cerca de Fontana, CA, se preocupa profundamente por el bienestar de nuestras comunidades. Nuestro compromiso es con nuestros clientes y brindarles el mejor asesoramiento legal y compensaci\u00f3n por sus lesiones. La calidad y la profesionalidad de nuestro trabajo han atra\u00eddo la atenci\u00f3n de muchas organizaciones.<\/p>\n<p>Si ha resultado lesionado debido a negligencia o descuido de otra persona y necesita asesoramiento legal para presentar su caso de lesiones personales, llame a nuestras oficinas legales y programe su consulta GRATUITA.<\/p>\n<p>Llame al (877) 721-3423 para hablar con nuestros representantes ahora. Tambi\u00e9n puede contactarnos a trav\u00e9s de nuestro servicio de chat en nuestro sitio web oficial.<\/p>\n","protected":false},"excerpt":{"rendered":"<p>Un accidente que cambia la vida puede ocurrir en solo un par de segundos y puede tener implicaciones duraderas en la vida de los involucrados. Hay muchas ocasiones en que la persona lesionada nunca se recuperar\u00e1 por completo. Adem\u00e1s del dolor de la lesi\u00f3n, la presi\u00f3n de los tratamientos m\u00e9dicos y la p\u00e9rdida de salarios [&hellip;]<\/p>\n","protected":false},"author":65,"featured_media":0,"parent":32617,"menu_order":0,"comment_status":"closed","ping_status":"closed","template":"","meta":{"_acf_changed":false,"site-sidebar-layout":"default","site-content-layout":"","ast-site-content-layout":"default","site-content-style":"default","site-sidebar-style":"default","ast-global-header-display":"","ast-banner-title-visibility":"","ast-main-header-display":"","ast-hfb-above-header-display":"","ast-hfb-below-header-display":"","ast-hfb-mobile-header-display":"","site-post-title":"","ast-breadcrumbs-content":"","ast-featured-img":"","footer-sml-layout":"","ast-disable-related-posts":"","theme-transparent-header-meta":"","adv-header-id-meta":"","stick-header-meta":"","header-above-stick-meta":"","header-main-stick-meta":"","header-below-stick-meta":"","astra-migrate-meta-layouts":"default","ast-page-background-enabled":"default","ast-page-background-meta":{"desktop":{"background-color":"var(--ast-global-color-4)","background-image":"","background-repeat":"repeat","background-position":"center center","background-size":"auto","background-attachment":"scroll","background-type":"","background-media":"","overlay-type":"","overlay-color":"","overlay-opacity":"","overlay-gradient":""},"tablet":{"background-color":"","background-image":"","background-repeat":"repeat","background-position":"center center","background-size":"auto","background-attachment":"scroll","background-type":"","background-media":"","overlay-type":"","overlay-color":"","overlay-opacity":"","overlay-gradient":""},"mobile":{"background-color":"","background-image":"","background-repeat":"repeat","background-position":"center center","background-size":"auto","background-attachment":"scroll","background-type":"","background-media":"","overlay-type":"","overlay-color":"","overlay-opacity":"","overlay-gradient":""}},"ast-content-background-meta":{"desktop":{"background-color":"var(--ast-global-color-5)","background-image":"","background-repeat":"repeat","background-position":"center center","background-size":"auto","background-attachment":"scroll","background-type":"","background-media":"","overlay-type":"","overlay-color":"","overlay-opacity":"","overlay-gradient":""},"tablet":{"background-color":"var(--ast-global-color-5)","background-image":"","background-repeat":"repeat","background-position":"center center","background-size":"auto","background-attachment":"scroll","background-type":"","background-media":"","overlay-type":"","overlay-color":"","overlay-opacity":"","overlay-gradient":""},"mobile":{"background-color":"var(--ast-global-color-5)","background-image":"","background-repeat":"repeat","background-position":"center center","background-size":"auto","background-attachment":"scroll","background-type":"","background-media":"","overlay-type":"","overlay-color":"","overlay-opacity":"","overlay-gradient":""}},"footnotes":""},"class_list":["post-32618","page","type-page","status-publish","hentry"],"acf":[],"_links":{"self":[{"href":"https:\/\/mcdonaldworley.com\/es\/wp-json\/wp\/v2\/pages\/32618","targetHints":{"allow":["GET"]}}],"collection":[{"href":"https:\/\/mcdonaldworley.com\/es\/wp-json\/wp\/v2\/pages"}],"about":[{"href":"https:\/\/mcdonaldworley.com\/es\/wp-json\/wp\/v2\/types\/page"}],"author":[{"embeddable":true,"href":"https:\/\/mcdonaldworley.com\/es\/wp-json\/wp\/v2\/users\/65"}],"replies":[{"embeddable":true,"href":"https:\/\/mcdonaldworley.com\/es\/wp-json\/wp\/v2\/comments?post=32618"}],"version-history":[{"count":0,"href":"https:\/\/mcdonaldworley.com\/es\/wp-json\/wp\/v2\/pages\/32618\/revisions"}],"up":[{"embeddable":true,"href":"https:\/\/mcdonaldworley.com\/es\/wp-json\/wp\/v2\/pages\/32617"}],"wp:attachment":[{"href":"https:\/\/mcdonaldworley.com\/es\/wp-json\/wp\/v2\/media?parent=32618"}],"curies":[{"name":"wp","href":"https:\/\/api.w.org\/{rel}","templated":true}]}}