{"id":32613,"date":"2020-02-06T18:30:55","date_gmt":"2020-02-07T00:30:55","guid":{"rendered":"https:\/\/abconlinehold.wpengine.com\/north-las-vegas\/north-las-vegas-car-accident-lawyer\/"},"modified":"2021-08-12T12:03:58","modified_gmt":"2021-08-12T17:03:58","slug":"abogado-accidentes-auto","status":"publish","type":"page","link":"https:\/\/mcdonaldworley.com\/es\/north-las-vegas\/abogado-accidentes-auto\/","title":{"rendered":"Abogado de Accidentes de Auto en North Las Vegas \u00a0"},"content":{"rendered":"<p>Las secuelas de un accidente automovil\u00edstico pueden ser devastadoras. Si se ve involucrado en un accidente automovil\u00edstico, puede sufrir lesiones que alteran la vida, facturas de hospital exorbitantes y da\u00f1os materiales extensos. Tambi\u00e9n existe la posibilidad de que sufras muchos trastornos f\u00edsicos y emocionales. Si est\u00e1 involucrado en un accidente automovil\u00edstico, un abogado de accidentes automovil\u00edsticos en el norte de Las Vegas en las oficinas legales de McDonald Worley puede ayudarlo a responsabilizar a las partes responsables de su accidente y negociar con las compa\u00f1\u00edas de seguros en su nombre con el fin de obtener una compensaci\u00f3n justa por todos los da\u00f1os que sufres en un accidente automovil\u00edstico. Al confiar su caso a nuestros abogados altamente competentes, puede concentrarse en la curaci\u00f3n y recuperar su vida despu\u00e9s de un accidente devastador.<\/p>\n<p>En nuestra firma de abogados, tratamos a todos nuestros clientes como si fu\u00e9ramos miembros de nuestras propias familias. Esto significa que luchamos con u\u00f1as y dientes para asegurarnos de que nuestros clientes reciban la cantidad m\u00e1xima de compensaci\u00f3n posible para atender las facturas m\u00e9dicas, el tratamiento continuo, la p\u00e9rdida de ganancias y el da\u00f1o a la propiedad. Si est\u00e1 involucrado en un <a href=\"https:\/\/mcdonaldworley.com\/es\/las-vegas\/abogado-accidentes-peatonales\/\" target=\"_blank\" rel=\"noopener\">accidente automovil\u00edstico en el norte de Las Vegas<\/a>, obtener una compensaci\u00f3n de las partes culpables y su asegurador puede ser una tarea desalentadora, especialmente si no tiene representaci\u00f3n legal..<\/p>\n<p>Esto se debe a que las compa\u00f1\u00edas de seguros generalmente retienen a los ajustadores y abogados cuyo \u00fanico prop\u00f3sito es aumentar las ganancias de las aseguradoras al encontrar lagunas que permitan a las empresas negar las reclamaciones de compensaci\u00f3n. Para evitar que las compa\u00f1\u00edas de seguros lo cambien, es mejor confiar en la experiencia de una <a href=\"\/es\">empresa con experiencia en lesiones personales<\/a>. Usted merece obtener una compensaci\u00f3n por los da\u00f1os, sufrimientos y lesiones que sufra despu\u00e9s de un accidente. Nuestros abogados trabajar\u00e1n d\u00eda y noche para garantizar que obtenga la indemnizaci\u00f3n que se merece.<\/p>\n\n<h2>\u00bfCu\u00e1nto costar\u00e1 contratar a un abogado de accidentes de auto en norte de Las Vegas?<\/h2>\n<p>La mayor\u00eda de las v\u00edctimas de <a href=\"https:\/\/mcdonaldworley.com\/es\/missouri-city\/abogado-accidentes-auto\/\" target=\"_blank\" rel=\"noopener\">accidentes automovil\u00edsticos temen acercarse a un abogado<\/a> de accidentes automovil\u00edsticos por falta de dinero.. Afortunadamente, en las oficinas legales de McDonald Worley, no tiene que preocuparse por el dinero. Incluso si no tiene dinero, puede acercarse a nosotros despu\u00e9s de un accidente automovil\u00edstico para que podamos revisar su caso y decidir la mejor manera de proceder con su caso. Esta primera reuni\u00f3n nos permitir\u00e1 comprender todos los hechos relacionados con su accidente automovil\u00edstico y asesorar sobre la compensaci\u00f3n provisional que debe recibir. Si aceptamos asumir su caso, trabajaremos de manera contingente. Esto significa que no tiene que pagar nuestros servicios legales hasta que le hayamos compensado. Solo nos pagar\u00e1 despu\u00e9s de que le paguen.<\/p>\n<h2>\u00bfCu\u00e1nto debo recibir como compensaci\u00f3n despu\u00e9s de estar involucrado en un accidente automovil\u00edstico?<\/h2>\n<p>La compensaci\u00f3n que se le debe depende de la gravedad de sus lesiones. Las circunstancias en torno a cada accidente automovil\u00edstico var\u00edan y tambi\u00e9n lo hace la compensaci\u00f3n. Al determinar la compensaci\u00f3n que se le debe, consideramos varios factores. Por ejemplo, \u00bfsufri\u00f3 lesiones debilitantes que resultaron en una discapacidad permanente? \u00bfAlguna persona muri\u00f3 en el accidente automovil\u00edstico? Para averiguar la cifra tentativa que debe recibir como compensaci\u00f3n, es mejor hablar con uno de nuestros abogados para que puedan revisar todos los hechos relacionados con su caso.<\/p>\n<h2>\u00bfQu\u00e9 debo hacer despu\u00e9s de estar involucrado en un accidente?<\/h2>\n<p>Los accidentes pueden ocurrir sin previo aviso y, como tal, es mejor estar siempre preparado. En el norte de <a href=\"https:\/\/mcdonaldworley.com\/es\/las-vegas\/abogado-accidentes-de-camiones\/\" target=\"_blank\" rel=\"noopener\">Las Vegas<\/a>, las autoridades policiales generalmente aparecen en la escena de un accidente automovil\u00edstico solo si los involucrados sufrieron heridas. Esto significa esencialmente que si est\u00e1 involucrado en un accidente que no resulta en lesiones, usted ser\u00e1 responsable de recopilar informaci\u00f3n esencial que utilizar\u00e1 al solicitar una indemnizaci\u00f3n. Por esta raz\u00f3n, si usted es un conductor en norte de <a href=\"https:\/\/mcdonaldworley.com\/las-vegas\/\" target=\"_blank\" rel=\"noopener\">Las Vegas<\/a>, siempre debe asegurarse de que su guantera tenga los siguientes elementos esenciales:<\/p>\n<h2><img loading=\"lazy\" decoding=\"async\" class=\"alignnone wp-image-31774 size-full\" src=\"https:\/\/mcdonaldworley.com\/wp-content\/uploads\/2020\/02\/north-las-vegas-car-accident-lawyer-mcdonal-worley.jpg\" alt=\"Un carro siendo remolcado despu\u00e9s de sufrir un accidente\" width=\"500\" height=\"334\" title=\"\" srcset=\"https:\/\/mcdonaldworley.com\/wp-content\/uploads\/2020\/02\/north-las-vegas-car-accident-lawyer-mcdonal-worley.jpg 500w, https:\/\/mcdonaldworley.com\/wp-content\/uploads\/2020\/02\/north-las-vegas-car-accident-lawyer-mcdonal-worley-300x200.jpg 300w\" sizes=\"auto, (max-width: 500px) 100vw, 500px\" \/><\/h2>\n<ul>\n<li>Un trozo de papel y un l\u00e1piz o bol\u00edgrafo.<\/li>\n<li>Una identificaci\u00f3n de seguro actual<\/li>\n<li>Una copia de los detalles de su registro actual<\/li>\n<li>Datos de contacto para proveedores de servicios de emergencia<\/li>\n<li>Datos de contacto de una empresa local de servicios de remolque<\/li>\n<li>Una copia del formulario de protocolo utilizado por la polic\u00eda en <a href=\"https:\/\/mcdonaldworley.com\/north-las-vegas\/\" target=\"_blank\" rel=\"noopener\">North Las Vegas<\/a>.<\/li>\n<\/ul>\n<p>Si est\u00e1 involucrado en un accidente y nadie resulta herido, primero debe sacar sus autom\u00f3viles de la carretera para evitar causar un gru\u00f1ido. Sin embargo, antes de mover los autos involucrados en el accidente, aseg\u00farese de tomar primero fotos de la escena. Tenga cuidado al tomar las fotos para evitar ser golpeado por otros usuarios de la carretera.<\/p>\n<p>Despu\u00e9s de sacar sus autom\u00f3viles de la carretera, hable con otro conductor y anote sus datos de contacto y al mismo tiempo entregue los suyos. Si los autos han sufrido demasiado da\u00f1o y no pueden ser retirados de la carretera, llame a la polic\u00eda. Tambi\u00e9n debe llamar a la polic\u00eda en cualquiera de las siguientes situaciones:<\/p>\n<ul>\n<li>Si el conductor del otro autom\u00f3vil est\u00e1 borracho o parece estar bajo la influencia de drogas<\/li>\n<li>Si el otro conductor no tiene una identificaci\u00f3n de seguro, licencia de conducir o no tiene sus documentos de registro del veh\u00edculo<\/li>\n<li>Si el otro conductor est\u00e1 actuando agresivamente, no proporcionar\u00e1 su informaci\u00f3n o, por lo general, no cooperar\u00e1<\/li>\n<\/ul>\n<h2>\u00bfDebo hablar con la compa\u00f1\u00eda de seguros cuando mi abogado est\u00e1 ausente?<\/h2>\n<p>Inmediatamente despu\u00e9s de estar involucrado en un accidente o accidente, es importante que llame a su proveedor de servicios de seguros y les informe lo que sucedi\u00f3. Aseg\u00farese de anotar la hora en que llama a su compa\u00f1\u00eda de seguros y a la persona con la que habla. Sin embargo, no firme ning\u00fan documento que le haya dado la compa\u00f1\u00eda de seguros hasta que su <a href=\"https:\/\/mcdonaldworley.com\/es\/north-las-vegas\/abogado-lesiones-personales\/\" target=\"_blank\" rel=\"noopener\">abogado de lesiones de Las Vegas<\/a> los haya revisado..<\/p>\n<h2>Si la compa\u00f1\u00eda de seguros hace una oferta de liquidaci\u00f3n, \u00bfdebo aceptarla?<\/h2>\n<p>Las compa\u00f1\u00edas de seguros existen para obtener ganancias. Lo hacen ofreciendo a las v\u00edctimas de accidentes menos de lo que realmente merecen. Para asegurarse de que su compa\u00f1\u00eda de seguros no le falte, es mejor trabajar con nuestros <a href=\"https:\/\/mcdonaldworley.com\/es\/league-city\/abogado-accidentes-automovilisticos\/\" target=\"_blank\" rel=\"noopener\">abogados de accidentes automovil\u00edsticos.<\/a>.<\/p>\n<h2>\u00bfC\u00f3mo determina Nevada la falla en un accidente de carro?<\/h2>\n<p>Cuando se trata de seguros, Nevada sigue las leyes de culpa. Esto significa que el conductor responsable del accidente paga los da\u00f1os por accidentes. Por esta raz\u00f3n, es importante identificar a qui\u00e9n culpar cuando ocurre un accidente. Si no puede probar que el otro conductor caus\u00f3 el accidente, su compa\u00f1\u00eda de seguros puede rechazar su reclamo, lo que significa que no obtendr\u00e1 la compensaci\u00f3n que merece.<\/p>\n<p>En Nevada, la falla se determina considerando descuido, imprudencia, negligencia per se y \/ o negligencia. \u00abNegligencia per se\u00bb se refiere a una situaci\u00f3n en la que un conductor viola un estatuto o ley. Por otro lado, \u00abnegligencia\u00bb se refiere a una situaci\u00f3n en la que un conductor no ejerce un cuidado razonable al conducir. Esto significa que un conductor puede ser considerado responsable de un accidente incluso si no infringe la ley.<\/p>\n<p>Probar la culpa generalmente requiere una investigaci\u00f3n exhaustiva. La investigaci\u00f3n generalmente implica la recopilaci\u00f3n de pruebas para respaldar su reclamo. La evidencia reunida generalmente incluye im\u00e1genes del da\u00f1o a los veh\u00edculos, marcas de deslizamiento, escombros, declaraciones de testigos, una copia del informe de la polic\u00eda, una declaraci\u00f3n del otro conductor involucrado en el accidente y cualquier otra informaci\u00f3n relevante.<\/p>\n<p>Durante la investigaci\u00f3n, generalmente se recopila otra informaci\u00f3n, como las condiciones clim\u00e1ticas en el momento del accidente, el nivel de tr\u00e1fico y la iluminaci\u00f3n disponible en el lugar del accidente. A veces, se puede llamar a expertos en reconstrucci\u00f3n de accidentes para ayudar a determinar qui\u00e9n tuvo la culpa. Despu\u00e9s de todo, se consideran los hechos, se puede determinar que ambos conductores tienen la culpa. Si esto sucede, la compensaci\u00f3n que puede reclamar generalmente se ve afectada por la ley de negligencia comparativa.<\/p>\n<h2>P\u00f3ngase en contacto con un abogado de accidentes de auto del norte de Las Vegas<\/h2>\n<p>Si ha estado involucrado en un <a href=\"https:\/\/mcdonaldworley.com\/es\/las-vegas\/abogado-de-accidentes-de-motocicletas\/\" target=\"_blank\" rel=\"noopener\">accidente en el norte de Las Vegas<\/a>, no dude en comunicarse con nuestros abogados en McDonald Worley de inmediato.. Puede contactarnos llamando o completando el formulario de contacto en nuestro sitio web. Nuestro bufete de abogados es reconocido por tratar a todos nuestros clientes con compasi\u00f3n. Tambi\u00e9n hemos construido una s\u00f3lida reputaci\u00f3n por luchar con u\u00f1as y dientes para nuestros clientes con el objetivo de obtener la compensaci\u00f3n completa por todos los da\u00f1os sufridos en un accidente. Puede confiar en que lucharemos por usted si tiene alg\u00fan tipo de caso de accidente automovil\u00edstico o de homicidio por negligencia en el norte de Las Vegas y los alrededores, as\u00ed como en todo Nevada.<\/p>\n","protected":false},"excerpt":{"rendered":"<p>Las secuelas de un accidente automovil\u00edstico pueden ser devastadoras. Si se ve involucrado en un accidente automovil\u00edstico, puede sufrir lesiones que alteran la vida, facturas de hospital exorbitantes y da\u00f1os materiales extensos. Tambi\u00e9n existe la posibilidad de que sufras muchos trastornos f\u00edsicos y emocionales. Si est\u00e1 involucrado en un accidente automovil\u00edstico, un abogado de accidentes [&hellip;]<\/p>\n","protected":false},"author":65,"featured_media":0,"parent":32591,"menu_order":0,"comment_status":"closed","ping_status":"closed","template":"","meta":{"_acf_changed":false,"site-sidebar-layout":"default","site-content-layout":"","ast-site-content-layout":"default","site-content-style":"default","site-sidebar-style":"default","ast-global-header-display":"","ast-banner-title-visibility":"","ast-main-header-display":"","ast-hfb-above-header-display":"","ast-hfb-below-header-display":"","ast-hfb-mobile-header-display":"","site-post-title":"","ast-breadcrumbs-content":"","ast-featured-img":"","footer-sml-layout":"","ast-disable-related-posts":"","theme-transparent-header-meta":"","adv-header-id-meta":"","stick-header-meta":"","header-above-stick-meta":"","header-main-stick-meta":"","header-below-stick-meta":"","astra-migrate-meta-layouts":"default","ast-page-background-enabled":"default","ast-page-background-meta":{"desktop":{"background-color":"var(--ast-global-color-4)","background-image":"","background-repeat":"repeat","background-position":"center center","background-size":"auto","background-attachment":"scroll","background-type":"","background-media":"","overlay-type":"","overlay-color":"","overlay-opacity":"","overlay-gradient":""},"tablet":{"background-color":"","background-image":"","background-repeat":"repeat","background-position":"center center","background-size":"auto","background-attachment":"scroll","background-type":"","background-media":"","overlay-type":"","overlay-color":"","overlay-opacity":"","overlay-gradient":""},"mobile":{"background-color":"","background-image":"","background-repeat":"repeat","background-position":"center center","background-size":"auto","background-attachment":"scroll","background-type":"","background-media":"","overlay-type":"","overlay-color":"","overlay-opacity":"","overlay-gradient":""}},"ast-content-background-meta":{"desktop":{"background-color":"var(--ast-global-color-5)","background-image":"","background-repeat":"repeat","background-position":"center center","background-size":"auto","background-attachment":"scroll","background-type":"","background-media":"","overlay-type":"","overlay-color":"","overlay-opacity":"","overlay-gradient":""},"tablet":{"background-color":"var(--ast-global-color-5)","background-image":"","background-repeat":"repeat","background-position":"center center","background-size":"auto","background-attachment":"scroll","background-type":"","background-media":"","overlay-type":"","overlay-color":"","overlay-opacity":"","overlay-gradient":""},"mobile":{"background-color":"var(--ast-global-color-5)","background-image":"","background-repeat":"repeat","background-position":"center center","background-size":"auto","background-attachment":"scroll","background-type":"","background-media":"","overlay-type":"","overlay-color":"","overlay-opacity":"","overlay-gradient":""}},"footnotes":""},"class_list":["post-32613","page","type-page","status-publish","hentry"],"acf":[],"_links":{"self":[{"href":"https:\/\/mcdonaldworley.com\/es\/wp-json\/wp\/v2\/pages\/32613","targetHints":{"allow":["GET"]}}],"collection":[{"href":"https:\/\/mcdonaldworley.com\/es\/wp-json\/wp\/v2\/pages"}],"about":[{"href":"https:\/\/mcdonaldworley.com\/es\/wp-json\/wp\/v2\/types\/page"}],"author":[{"embeddable":true,"href":"https:\/\/mcdonaldworley.com\/es\/wp-json\/wp\/v2\/users\/65"}],"replies":[{"embeddable":true,"href":"https:\/\/mcdonaldworley.com\/es\/wp-json\/wp\/v2\/comments?post=32613"}],"version-history":[{"count":0,"href":"https:\/\/mcdonaldworley.com\/es\/wp-json\/wp\/v2\/pages\/32613\/revisions"}],"up":[{"embeddable":true,"href":"https:\/\/mcdonaldworley.com\/es\/wp-json\/wp\/v2\/pages\/32591"}],"wp:attachment":[{"href":"https:\/\/mcdonaldworley.com\/es\/wp-json\/wp\/v2\/media?parent=32613"}],"curies":[{"name":"wp","href":"https:\/\/api.w.org\/{rel}","templated":true}]}}