{"id":32608,"date":"2020-02-07T18:35:58","date_gmt":"2020-02-08T00:35:58","guid":{"rendered":"https:\/\/abconlinehold.wpengine.com\/the-lakes\/car-accident-lawyer\/"},"modified":"2021-08-11T18:30:53","modified_gmt":"2021-08-11T23:30:53","slug":"abogado-accidentes-automovilisticos","status":"publish","type":"page","link":"https:\/\/mcdonaldworley.com\/es\/the-lakes\/abogado-accidentes-automovilisticos\/","title":{"rendered":"Abogado de Accidentes Automovil\u00edsticos en The Lakes"},"content":{"rendered":"<p>Nadie quiere lidiar con las consecuencias de un terrible accidente automovil\u00edstico. Un choque puede tener una serie de malos resultados, que incluyen grandes facturas de hospital, costos de reparaci\u00f3n de veh\u00edculos escandalosos y lesiones que podr\u00edan afectar por el resto de su vida. El dolor f\u00edsico de las lesiones sufridas durante el accidente se suma al estr\u00e9s emocional y la ansiedad de todo el dinero adeudado.<\/p>\n<p>Si ha estado en un accidente automovil\u00edstico, un <a href=\"https:\/\/mcdonaldworley.com\/es\/pasadena\/abogado-accidentes-automovilisticos\/\" target=\"_blank\" rel=\"noopener\">abogado especializado en accidentes automovil\u00edsticos<\/a> en los Lagos tiene la experiencia y los conocimientos para trabajar con usted.. Desde negociar con su compa\u00f1\u00eda de seguros hasta presentar una demanda en su nombre, podemos asegurarnos de que reciba una compensaci\u00f3n por lo que ha pasado.<\/p>\n<p>Cuando trabajas con nosotros, puedes concentrarte en tu curaci\u00f3n y en devolver tu vida a donde estaba. Nos encargaremos de todo lo dem\u00e1s.<\/p>\n<p>Tratamos a nuestros clientes de la misma manera que tratamos a nuestra familia. Luchamos por usted de la misma manera que luchar\u00edamos por un hermano o padre. Queremos que tenga el mejor asesoramiento legal posible y la mejor representaci\u00f3n si las cosas van a la corte o en cualquier otro lugar donde necesite nuestra ayuda. Presionamos por el monto de liquidaci\u00f3n m\u00e1s alto posible para asegurarnos de que sus facturas m\u00e9dicas sean atendidas y para asegurarnos de que la propiedad da\u00f1ada y los salarios perdidos sean compensados \u200b\u200badecuadamente. Y rechazaremos a las compa\u00f1\u00edas de seguros que intentan no darle lo que se le debe.<\/p>\n<p>Su compa\u00f1\u00eda de seguros tiene su propio equipo de abogados que est\u00e1 haciendo todo lo posible para asegurarse de que haya pagado la menor cantidad posible. Los ajustadores de seguros revisan su contrato, buscando lagunas y escenarios que puedan se\u00f1alar para no pagarle. Es un trabajo que realizan estas compa\u00f1\u00edas de seguros todos los d\u00edas, y no es f\u00e1cil enfrentarlas solo. Pero tambi\u00e9n luchamos contra ellos todos los d\u00edas.<\/p>\n<p>Cuando te unes a nosotros, podemos vencer a las compa\u00f1\u00edas de seguros en su propio juego. Haremos todo lo posible para asegurarnos de que reciba una indemnizaci\u00f3n completa por el accidente, as\u00ed como p\u00e9rdidas posteriores y facturas m\u00e9dicas. P\u00f3ngase en contacto con nuestro galardonado bufete de <a href=\"\/es\/the-lakes\/abogado-lesiones-personales\/\">abogados de lesiones<\/a> hoy!<\/p>\n\n<h2>\u00bfQu\u00e9 informaci\u00f3n debo reunir despu\u00e9s de un accidente?<\/h2>\n<p>Para facilitar el proceso de presentaci\u00f3n de su reclamo de compensaci\u00f3n, debe reunir la siguiente informaci\u00f3n:<\/p>\n<ul>\n<li>The El nombre del otro conductor, su direcci\u00f3n f\u00edsica, n\u00famero de tel\u00e9fono y cualquier otra informaci\u00f3n de contacto que pueda obtener<\/li>\n<li>Los nombres y la informaci\u00f3n de contacto de todos los pasajeros de los veh\u00edculos involucrados en el accidente, as\u00ed como de otras personas que presenciaron el accidente.<\/li>\n<li>El n\u00famero de licencia del otro conductor involucrado en el accidente.<\/li>\n<li>Los detalles del seguro del otro conductor, incluido el nombre de su compa\u00f1\u00eda de seguros, el n\u00famero de tel\u00e9fono de la compa\u00f1\u00eda de seguros y el n\u00famero de la p\u00f3liza de seguro del conductor<\/li>\n<li>El a\u00f1o, modelo y marca del otro veh\u00edculo.<\/li>\n<li>El n\u00famero de licencia del otro veh\u00edculo.<\/li>\n<li>El n\u00famero de identificaci\u00f3n del veh\u00edculo (VIN) para el otro veh\u00edculo<\/li>\n<\/ul>\n<p>Despu\u00e9s de haber recopilado esta informaci\u00f3n, puede ir a su residencia y terminar de llenar un informe de accidente. Tambi\u00e9n debe completar un formulario SR-1 para fines de seguro. Tan pronto como termine de llenar el formulario, comun\u00edquese con su compa\u00f1\u00eda de seguros e inf\u00f3rmeles que estuvo involucrado en un accidente.<\/p>\n<p><em><strong>Relacionado: <a href=\"https:\/\/mcdonaldworley.com\/es\/preguntas\/razones-para-someterse-a-fisioterapia-despues-de-un-accidente-automovilistico\/\">Razones Para Someterse a Fisioterapia Despu\u00e9s de un Accidente Automovil\u00edstico<\/a><br \/>\n<\/strong><\/em><\/p>\n<h2>\u00bfQu\u00e9 tipo de seguro de auto necesito en el estado de Nevada?<\/h2>\n<p>En el estado de Nevada, la ley exige que cualquier autom\u00f3vil registrado debe tener un <a href=\"https:\/\/www.investopedia.com\/terms\/l\/liability_insurance.asp\" target=\"_blank\" rel=\"noopener noreferrer nofollow\">seguro de responsabilidad<\/a> civil, incluso si el propietario no conduce el veh\u00edculo. Esta ley se aplica a cualquier tipo de veh\u00edculo motorizado, incluidos camiones, SUV y autom\u00f3viles.<\/p>\n<p>La ley estipula una cobertura de seguro m\u00ednima de $ 25,000 por lesiones corporales sufridas en un accidente por una sola persona, $ 50,000 de cobertura por lesiones corporales sufridas en un accidente por dos o m\u00e1s personas y $ 20,000 para cubrir cualquier da\u00f1o a la propiedad en un accidente. Recuerde que esta es la cobertura m\u00ednima de seguro que necesita en el estado. Los expertos aconsejan que tenga una mayor cobertura de seguro.<\/p>\n<p><img loading=\"lazy\" decoding=\"async\" class=\"alignnone wp-image-31801 size-full\" src=\"https:\/\/mcdonaldworley.com\/wp-content\/uploads\/2020\/02\/lake-minor-car-accident-lawyer-mcdonald-worley-2.jpg\" alt=\"Coche con el frente destrozado por una colisi\u00f3n \" width=\"500\" height=\"334\" title=\"\" srcset=\"https:\/\/mcdonaldworley.com\/wp-content\/uploads\/2020\/02\/lake-minor-car-accident-lawyer-mcdonald-worley-2.jpg 500w, https:\/\/mcdonaldworley.com\/wp-content\/uploads\/2020\/02\/lake-minor-car-accident-lawyer-mcdonald-worley-2-300x200.jpg 300w\" sizes=\"auto, (max-width: 500px) 100vw, 500px\" \/><\/p>\n<p>Es mejor obtener una cobertura mayor porque si conf\u00eda en la cobertura m\u00ednima y est\u00e1 involucrado en un accidente grave que resulta en lesiones graves, es posible que no pueda pagar los costos del tratamiento. Por ejemplo, imagine que est\u00e1 involucrado en un accidente mientras tiene una cobertura m\u00ednima de $ 25,000 y el otro conductor tiene una cobertura de $ 50,000. Desafortunadamente, sufre lesiones graves en el accidente y acumula facturas m\u00e9dicas por un total de $ 100,000. Al presentar un reclamo de compensaci\u00f3n, solo recibir\u00e1 $ 25,000 de la compa\u00f1\u00eda de seguros que cubre al otro conductor y $ 25,000 de su compa\u00f1\u00eda de seguros. Este monto no ser\u00e1 suficiente para cubrir sus gastos m\u00e9dicos.<\/p>\n<p>Para <a href=\"https:\/\/mcdonaldworley.com\/consumer-protection-law\/save-your-home\/\" target=\"_blank\" rel=\"noopener\">protegerse completamente en caso<\/a> de accidente, es mejor que compre una cobertura de seguro para conductores sin seguro o con seguro insuficiente.. Las estad\u00edsticas indican que entre el 10% y el 15% de los conductores suelen optar por contratar la cobertura de seguro m\u00ednima que es insuficiente. Si tiene una p\u00f3liza para conductores sin seguro o con seguro insuficiente y acumula facturas m\u00e9dicas que superan la cobertura del seguro para el otro conductor, su compa\u00f1\u00eda de seguros puede pagar los gastos m\u00e9dicos restantes.<\/p>\n<h2>\u00bfNecesito tener una copia del informe policial al presentar un reclamo de seguro?<\/h2>\n<p>Si est\u00e1 involucrado en un accidente, es importante que presente un reclamo a su aseguradora de inmediato. Si no presenta un reclamo, es posible que no pueda solicitar una compensaci\u00f3n. Al presentar un reclamo con su compa\u00f1\u00eda de seguros, debe proporcionar tanta evidencia como sea posible. Es m\u00e1s probable que obtenga su reclamo aprobado si puede proporcionar evidencia de respaldo. Aunque no es necesario tener un informe policial al presentar un reclamo de seguro, el hecho de no adjuntar el informe puede hacer que su asegurador dude de la validez de su reclamo. Sin un informe policial, su aseguradora puede incluso dudar si el accidente ocurri\u00f3 en primer lugar.<\/p>\n<p>Incluso si su compa\u00f1\u00eda de seguros cree que tiene un reclamo v\u00e1lido, es posible que no puedan darle una oferta de conciliaci\u00f3n si no puede proporcionar evidencia de respaldo suficiente. Los informes policiales generalmente contienen evidencia documentada importante sobre accidentes como la parte culpable, la hora y el lugar del accidente, las lesiones que sufri\u00f3 y el nivel de la propiedad del da\u00f1o en la escena del accidente.<\/p>\n<blockquote><p><em><strong>Relacionado: <a href=\"https:\/\/mcdonaldworley.com\/es\/preguntas\/como-proceder-con-un-reclamo-de-seguro-de-accidente-automovilistico\/\">C\u00f3mo proceder con un reclamo de seguro de accidente automovil\u00edstico<\/a>.<\/strong><\/em><\/p><\/blockquote>\n<h2>\u00bfQu\u00e9 sucede si el accidente ocurri\u00f3 debido a componentes defectuosos del autom\u00f3vil o falla mec\u00e1nica?<\/h2>\n<p>Si sufre lesiones en un accidente debido a que su autom\u00f3vil o el veh\u00edculo del otro conductor ten\u00edan piezas defectuosas, es posible que pueda solicitar una compensaci\u00f3n al fabricante de las piezas del autom\u00f3vil. Por ejemplo, hay casos en que una persona sufre lesiones debido al impacto del despliegue de bolsas de aire. La fuerza de las bolsas de aire desplegados puede enviar metralla voladora a los pasajeros y causar lesiones.<\/p>\n<p>Hay algunos casos en que las piezas defectuosas del autom\u00f3vil causan accidentes. Por ejemplo, los frenos pueden fallar, el acelerador puede pegarse o el encendido puede desconectarse mientras el autom\u00f3vil est\u00e1 en movimiento. En tales casos, el fabricante de las piezas defectuosas suele ser responsable del accidente, incluso si hab\u00edan retirado del mercado las piezas o los veh\u00edculos con piezas defectuosas. Para determinar si sufri\u00f3 lesiones debido a piezas de autom\u00f3viles defectuosas, hable con nuestros abogados. Si result\u00f3 lesionado debido a piezas defectuosas, nuestros abogados pueden ayudarlo a obtener una indemnizaci\u00f3n.<\/p>\n<h2>\u00bfQu\u00e9 da\u00f1os puedo seguir despu\u00e9s de un accidente?<\/h2>\n<p>Muchas v\u00edctimas de accidentes automovil\u00edsticos no reclaman todos los da\u00f1os que deber\u00edan despu\u00e9s de un accidente. Los da\u00f1os se pueden clasificar en diferentes categor\u00edas. Las principales categor\u00edas de da\u00f1os son da\u00f1os no econ\u00f3micos y da\u00f1os econ\u00f3micos.<\/p>\n<p><img loading=\"lazy\" decoding=\"async\" class=\"alignnone size-full wp-image-31805\" src=\"https:\/\/mcdonaldworley.com\/wp-content\/uploads\/2020\/02\/lake-minor-car-accident-lawyer-mcdonald-worley.jpg\" alt=\"A head-on collision in the Lakes, NV.\" width=\"500\" height=\"292\" title=\"\" srcset=\"https:\/\/mcdonaldworley.com\/wp-content\/uploads\/2020\/02\/lake-minor-car-accident-lawyer-mcdonald-worley.jpg 500w, https:\/\/mcdonaldworley.com\/wp-content\/uploads\/2020\/02\/lake-minor-car-accident-lawyer-mcdonald-worley-300x175.jpg 300w\" sizes=\"auto, (max-width: 500px) 100vw, 500px\" \/><\/p>\n<h3>Da\u00f1os econ\u00f3micos<\/h3>\n<p>Como su nombre indica, los da\u00f1os econ\u00f3micos generalmente conllevan p\u00e9rdidas financieras. Algunos ejemplos de da\u00f1os econ\u00f3micos incluyen:<br \/>\nLost earnings<\/p>\n<ul>\n<li>Ganancias p\u00e9rdidas<\/li>\n<li>Gastos m\u00e9dicos<\/li>\n<li>P\u00e9rdida de ganancias futuras<\/li>\n<li>Costos de reparaci\u00f3n de propiedad da\u00f1ada.<\/li>\n<\/ul>\n<h3>Da\u00f1os no econ\u00f3micos<\/h3>\n<p>Estos da\u00f1os son problemas que surgen despu\u00e9s de un accidente cuyo valor monetario no puede establecerse. Algunos ejemplos de da\u00f1os no econ\u00f3micos incluyen:<\/p>\n<ul>\n<li>Sufrimiento y angustia emocional<\/li>\n<li>Dolor.<\/li>\n<li>Cicatrizaci\u00f3n y desfiguraci\u00f3n<\/li>\n<li>P\u00e9rdida de consorcio.<\/li>\n<li>P\u00e9rdida de la capacidad de disfrutar de una vida normal.<\/li>\n<\/ul>\n<p>Calcular la compensaci\u00f3n debida debido a da\u00f1os no econ\u00f3micos puede ser una tarea desalentadora. Sin embargo, con la gu\u00eda de un abogado competente, puede calcular la compensaci\u00f3n total que se le debe por da\u00f1os econ\u00f3micos y no econ\u00f3micos. En Nevada, tambi\u00e9n puede perseguir da\u00f1os punitivos. Los da\u00f1os punitivos generalmente se imponen para castigar a los conductores por comportamiento intencionalmente imprudente y malicioso.<\/p>\n<h2>\u00a1Hable hoy con un abogado de accidentes automovil\u00edsticos en The Lakes!<\/h2>\n<p>Si ha estado involucrado en un <a href=\"https:\/\/mcdonaldworley.com\/es\/henderson\/abogado-especialista-accidentes-automovilisticos\/\" target=\"_blank\" rel=\"noopener\">accidente automovil\u00edstico<\/a> en The Lakes o en el \u00e1rea metropolitana de Nevada, debe llamar a McDonald Worley hoy para comenzar el proceso de obtener compensaci\u00f3n.. Puede contactarnos por tel\u00e9fono o completar el formulario de contacto en l\u00ednea. Nos apasiona servir a nuestros clientes y dedicaremos toda nuestra energ\u00eda para asegurarnos de que obtenga el dinero que se merece. Recuerde: si es cliente de nuestro bufete de abogados, lo consideramos su familia y no dejaremos de luchar por su beneficio.<\/p>\n<p>Somos los mejores representantes legales en accidentes automovil\u00edsticos en The Lakes. Podemos comenzar su reclamo de compensaci\u00f3n de inmediato. \u00a1Solo llama hoy!<\/p>\n","protected":false},"excerpt":{"rendered":"<p>Nadie quiere lidiar con las consecuencias de un terrible accidente automovil\u00edstico. Un choque puede tener una serie de malos resultados, que incluyen grandes facturas de hospital, costos de reparaci\u00f3n de veh\u00edculos escandalosos y lesiones que podr\u00edan afectar por el resto de su vida. El dolor f\u00edsico de las lesiones sufridas durante el accidente se suma [&hellip;]<\/p>\n","protected":false},"author":65,"featured_media":0,"parent":32606,"menu_order":0,"comment_status":"closed","ping_status":"closed","template":"","meta":{"_acf_changed":false,"site-sidebar-layout":"default","site-content-layout":"","ast-site-content-layout":"default","site-content-style":"default","site-sidebar-style":"default","ast-global-header-display":"","ast-banner-title-visibility":"","ast-main-header-display":"","ast-hfb-above-header-display":"","ast-hfb-below-header-display":"","ast-hfb-mobile-header-display":"","site-post-title":"","ast-breadcrumbs-content":"","ast-featured-img":"","footer-sml-layout":"","ast-disable-related-posts":"","theme-transparent-header-meta":"","adv-header-id-meta":"","stick-header-meta":"","header-above-stick-meta":"","header-main-stick-meta":"","header-below-stick-meta":"","astra-migrate-meta-layouts":"default","ast-page-background-enabled":"default","ast-page-background-meta":{"desktop":{"background-color":"var(--ast-global-color-4)","background-image":"","background-repeat":"repeat","background-position":"center center","background-size":"auto","background-attachment":"scroll","background-type":"","background-media":"","overlay-type":"","overlay-color":"","overlay-opacity":"","overlay-gradient":""},"tablet":{"background-color":"","background-image":"","background-repeat":"repeat","background-position":"center center","background-size":"auto","background-attachment":"scroll","background-type":"","background-media":"","overlay-type":"","overlay-color":"","overlay-opacity":"","overlay-gradient":""},"mobile":{"background-color":"","background-image":"","background-repeat":"repeat","background-position":"center center","background-size":"auto","background-attachment":"scroll","background-type":"","background-media":"","overlay-type":"","overlay-color":"","overlay-opacity":"","overlay-gradient":""}},"ast-content-background-meta":{"desktop":{"background-color":"var(--ast-global-color-5)","background-image":"","background-repeat":"repeat","background-position":"center center","background-size":"auto","background-attachment":"scroll","background-type":"","background-media":"","overlay-type":"","overlay-color":"","overlay-opacity":"","overlay-gradient":""},"tablet":{"background-color":"var(--ast-global-color-5)","background-image":"","background-repeat":"repeat","background-position":"center center","background-size":"auto","background-attachment":"scroll","background-type":"","background-media":"","overlay-type":"","overlay-color":"","overlay-opacity":"","overlay-gradient":""},"mobile":{"background-color":"var(--ast-global-color-5)","background-image":"","background-repeat":"repeat","background-position":"center center","background-size":"auto","background-attachment":"scroll","background-type":"","background-media":"","overlay-type":"","overlay-color":"","overlay-opacity":"","overlay-gradient":""}},"footnotes":""},"class_list":["post-32608","page","type-page","status-publish","hentry"],"acf":[],"_links":{"self":[{"href":"https:\/\/mcdonaldworley.com\/es\/wp-json\/wp\/v2\/pages\/32608","targetHints":{"allow":["GET"]}}],"collection":[{"href":"https:\/\/mcdonaldworley.com\/es\/wp-json\/wp\/v2\/pages"}],"about":[{"href":"https:\/\/mcdonaldworley.com\/es\/wp-json\/wp\/v2\/types\/page"}],"author":[{"embeddable":true,"href":"https:\/\/mcdonaldworley.com\/es\/wp-json\/wp\/v2\/users\/65"}],"replies":[{"embeddable":true,"href":"https:\/\/mcdonaldworley.com\/es\/wp-json\/wp\/v2\/comments?post=32608"}],"version-history":[{"count":0,"href":"https:\/\/mcdonaldworley.com\/es\/wp-json\/wp\/v2\/pages\/32608\/revisions"}],"up":[{"embeddable":true,"href":"https:\/\/mcdonaldworley.com\/es\/wp-json\/wp\/v2\/pages\/32606"}],"wp:attachment":[{"href":"https:\/\/mcdonaldworley.com\/es\/wp-json\/wp\/v2\/media?parent=32608"}],"curies":[{"name":"wp","href":"https:\/\/api.w.org\/{rel}","templated":true}]}}