{"id":32607,"date":"2020-02-07T18:35:56","date_gmt":"2020-02-08T00:35:56","guid":{"rendered":"https:\/\/abconlinehold.wpengine.com\/the-lakes\/personal-injury-lawyer-in-the-lakes\/"},"modified":"2021-08-11T18:12:37","modified_gmt":"2021-08-11T23:12:37","slug":"abogado-lesiones-personales","status":"publish","type":"page","link":"https:\/\/mcdonaldworley.com\/es\/the-lakes\/abogado-lesiones-personales\/","title":{"rendered":"Abogado de Lesiones Personales en The Lakes"},"content":{"rendered":"<p>Desde un punto de vista legal, los casos de lesiones personales involucran lesiones resultantes de las acciones negligentes de otra persona o parte. Los <a href=\"\/es\/the-lakes\/abogado-accidentes-automovilisticos\/\">accidentes automovil\u00edsticos<\/a> son un excelente ejemplo. Accidentes como estos no solo pueden provocar lesiones, sino que tambi\u00e9n pueden tener graves consecuencias financieras y emocionales para las v\u00edctimas. Sin embargo, gracias a las leyes que se encuentran bajo el paraguas de lesiones personales, puede presentar un reclamo por cualquier da\u00f1o que haya sufrido si se lesiona en un accidente.<\/p>\n<p>Junto con sus gastos m\u00e9dicos, su reclamo puede incluir cualquier otro costo relacionado con su accidente. Aunque hay pasos que puede seguir para obtener una compensaci\u00f3n por sus p\u00e9rdidas, el proceso no siempre es f\u00e1cil. En lugar de tratar de luchar en The Lakes con la compa\u00f1\u00eda de seguros por su cuenta, debe buscar la ayuda de un <a href=\"https:\/\/mcdonaldworley.com\/es\/sunrise-manor\/abogado-lesiones-personales\/\" target=\"_blank\" rel=\"noopener\">abogado calificado en lesiones personales.<\/a>.<\/p>\n<p>Un abogado de McDonald Worley puede ayudarlo con su reclamo por lesiones personales, liber\u00e1ndolo para que preste atenci\u00f3n a su recuperaci\u00f3n. Con los a\u00f1os, los abogados de McDonald Worley han ayudado a varios clientes con casos de lesiones personales, ayud\u00e1ndoles a obtener el dinero que se les debe. Nuestros abogados trabajar\u00e1n arduamente en su nombre para garantizar que reciba una compensaci\u00f3n justa por sus da\u00f1os.<\/p>\n<p>El estatuto de limitaciones para casos de lesiones personales en Nevada puede variar, dependiendo de la naturaleza del accidente. Los l\u00edmites en cada caso pueden diferir seg\u00fan qui\u00e9n tuvo la culpa y el tipo y la escala de los da\u00f1os que est\u00e1n en juego. En ciertas situaciones como la negligencia m\u00e9dica, por ejemplo, existen l\u00edmites legales sobre los da\u00f1os que pueden recuperarse.<\/p>\n<p><img loading=\"lazy\" decoding=\"async\" class=\"alignnone wp-image-31856 size-full\" src=\"https:\/\/mcdonaldworley.com\/wp-content\/uploads\/2020\/02\/lawyer-2-500x281-1.jpg\" alt=\"Abogado de lesiones personales firmando documentos en su escritorio\" width=\"500\" height=\"281\" title=\"\" srcset=\"https:\/\/mcdonaldworley.com\/wp-content\/uploads\/2020\/02\/lawyer-2-500x281-1.jpg 500w, https:\/\/mcdonaldworley.com\/wp-content\/uploads\/2020\/02\/lawyer-2-500x281-1-300x169.jpg 300w\" sizes=\"auto, (max-width: 500px) 100vw, 500px\" \/><\/p>\n<p>En The Lakes, las v\u00edctimas de casos de lesiones personales requieren asistencia legal todos los d\u00edas. La naturaleza de cada caso puede diferir significativamente. Algunos casos involucran <a href=\"https:\/\/mcdonaldworley.com\/es\/riverside\/abogado-accidentes-automovilisticos\/\" target=\"_blank\" rel=\"noopener\">accidentes automovil\u00edsticos<\/a>, mientras que otros tienen que ver con la responsabilidad del producto o la compensaci\u00f3n del trabajador.. Los casos pueden volverse a\u00fan m\u00e1s complejos debido a las diferencias entre las leyes o regulaciones estatales y federales. Por eso es esencial buscar asesor\u00eda legal calificada.<\/p>\n<p>El mejor curso de acci\u00f3n es actuar r\u00e1pidamente despu\u00e9s de un accidente para establecer una consulta gratuita con nuestros abogados. Durante esta consulta, puede repasar los detalles de su caso. Una vez que comprendamos mejor lo que sucedi\u00f3, podemos ayudarlo a determinar la forma m\u00e1s efectiva de avanzar. Despu\u00e9s de hablar con nuestros abogados, puede decidir qu\u00e9 quiere hacer a continuaci\u00f3n.<\/p>\n\n<h2>\u00bfCu\u00e1l es la definici\u00f3n de lesi\u00f3n personal?<\/h2>\n<p>La base de un caso de lesiones personales es la ley de lesiones personales. Este es un marco legal que proporciona un resumen de los medios para que las v\u00edctimas de accidentes recuperen una indemnizaci\u00f3n y busquen justicia por las lesiones que han sufrido. La ley de lesiones personales, que tambi\u00e9n se llama Ley de responsabilidad civil, cubre todo lo relacionado con accidentes, adem\u00e1s de actos intencionales como agresi\u00f3n sexual, difamaci\u00f3n, negligencia y productos defectuosos.<\/p>\n<p>Todos los reclamos por lesiones personales en <a href=\"https:\/\/goo.gl\/maps\/RTcUEM8BmcYE2WS26\" target=\"_blank\" rel=\"noopener noreferrer nofollow\">The Lakes<\/a> presentan dos problemas principales: responsabilidad y da\u00f1os. \u00bfQui\u00e9n tuvo la culpa de los da\u00f1os y lesiones causados? \u00bfCu\u00e1l fue la naturaleza de los da\u00f1os sufridos como resultado del accidente?<\/p>\n<p>T\u00edpicamente, los casos de accidentes involucran el concepto de negligencia. A lo que se refiere la negligencia es a no ejercer el grado de cuidado que una persona razonable tendr\u00eda en las circunstancias que llevaron al accidente. Los cuatro elementos a continuaci\u00f3n deben demostrarse para establecer negligencia:<\/p>\n<h3>Deber<\/h3>\n<p>El deber se refiere a la obligaci\u00f3n legal de que las personas o empresas deben ejercer un cuidado razonable mientras realizan acciones que pueden da\u00f1ar a otras personas. Eso puede afectar muchas cosas, incluido un m\u00e9dico que brinda atenci\u00f3n m\u00e9dica a un paciente, un automovilista que conduce un veh\u00edculo, etc. Por lo general, el acusado no necesita saber que el demandante le deb\u00eda un deber de cuidado.<\/p>\n<h3>Incumplimiento<\/h3>\n<p>Esto se refiere a una violaci\u00f3n de una obligaci\u00f3n legal. Por lo general, significa que un acusado ha incumplido su deber al no actuar de la manera en que lo har\u00eda un \u00abindividuo prudente y razonable\u00bb. Eso significa que el acusado debe haber sabido que sus acciones podr\u00edan causar lesiones a otros.<\/p>\n<h3>Causalidad<\/h3>\n<p>La causalidad se refiere al v\u00ednculo entre el da\u00f1o o la causa lesionada y el incumplimiento del deber real. Para establecer negligencia, se debe demostrar que la lesi\u00f3n se produjo como resultado de esta violaci\u00f3n.<\/p>\n<h3>Da\u00f1os y perjuicios<\/h3>\n<p>Los da\u00f1os se refieren a las lesiones que causa el incumplimiento del deber.<\/p>\n<h2>\u00bfQui\u00e9n puede presentar un reclamo por lesiones personales?<\/h2>\n<p>Siempre que un acto deliberado o negligente de una entidad u otra persona haya causado que una persona sufra una lesi\u00f3n, esta persona puede presentar una demanda de acuerdo con la ley de lesiones personales. Todos los estados tienen sus propias leyes que describen c\u00f3mo un caso puede calificar como una lesi\u00f3n personal. Por ejemplo, la compensaci\u00f3n del trabajador cubre las lesiones que tienen lugar en el trabajo. Para determinar si, seg\u00fan la ley de Nevada, su situaci\u00f3n califica, comun\u00edquese con McDonald Worley para programar su consulta inicial gratuita con uno de nuestros abogados.<\/p>\n<h2>\u00bfQu\u00e9 debo hacer despu\u00e9s de que me lesione?<\/h2>\n<p>Una vez que se lesion\u00f3 en un accidente, lo primero que <a href=\"https:\/\/mcdonaldworley.com\/es\/que-hacer-si-se-lesiona-en-atraccion-de-halloween\/\" target=\"_blank\" rel=\"noopener\">debe hacer es buscar atenci\u00f3n m\u00e9dica profesional para sus lesiones.<\/a>. Independientemente de la naturaleza de sus lesiones, debe recibir una evaluaci\u00f3n m\u00e9dica completa en una sala de emergencias. La compa\u00f1\u00eda de seguros de la otra parte podr\u00eda intentar abordar el caso desde un \u00e1ngulo que implique que, dado que no fue a recibir tratamiento m\u00e9dico despu\u00e9s del accidente, en realidad no result\u00f3 herido. Tenga en cuenta que las compa\u00f1\u00edas de seguros generalmente quieren pagar a las v\u00edctimas la menor cantidad de dinero posible. La \u00fanica forma de hacerlo es demostrar que no tuvo lesiones graves.<\/p>\n<h2><img loading=\"lazy\" decoding=\"async\" class=\"alignnone wp-image-31862 size-full\" src=\"https:\/\/mcdonaldworley.com\/wp-content\/uploads\/2020\/02\/injury-2-500x280-1.jpg\" alt=\"Mujer con collar y muletas solicitando ayuda a un abogado de lesiones\" width=\"500\" height=\"280\" title=\"\" srcset=\"https:\/\/mcdonaldworley.com\/wp-content\/uploads\/2020\/02\/injury-2-500x280-1.jpg 500w, https:\/\/mcdonaldworley.com\/wp-content\/uploads\/2020\/02\/injury-2-500x280-1-300x168.jpg 300w\" sizes=\"auto, (max-width: 500px) 100vw, 500px\" \/><\/h2>\n<h2>\u00bfC\u00f3mo se define la falla en casos de lesiones personales por la ley de Nevada?<\/h2>\n<p>Nevada utiliza la ley de <a href=\"https:\/\/www.investopedia.com\/terms\/c\/comparative-negligence.asp\" target=\"_blank\" rel=\"noopener noreferrer nofollow\">negligencia comparativa<\/a>, que permite al demandante recuperar parte de los da\u00f1os si el demandado (s) fue 50% responsable de la lesi\u00f3n o accidente. La cl\u00e1usula de negligencia comparativa en Nevada tambi\u00e9n se conoce como negligencia comparativa modificada, falla comparativa modificada, falla comparativa o falla compartida.<\/p>\n<h2>Llame a los abogados de lesiones personales en McDonald Worley<\/h2>\n<p>Todos los nuevos clientes son elegibles para una consulta gratuita. Para mejorar sus posibilidades de un reclamo exitoso, comun\u00edquese con nuestros abogados lo antes posible despu\u00e9s de recibir tratamiento m\u00e9dico por sus lesiones. La mayor\u00eda de los casos de <a href=\"https:\/\/mcdonaldworley.com\/es\/washington-dc\/abogado-de-lesiones-personales\/\" target=\"_blank\" rel=\"noopener\">lesiones personales<\/a> tienen un estricto estatuto de limitaciones. Por lo general, se deben tomar medidas dentro de los dos a\u00f1os posteriores al accidente. Aunque dos a\u00f1os pueden parecer mucho tiempo, pasa mucho m\u00e1s r\u00e1pido de lo que piensas. Las secuelas de un accidente tampoco siempre aparecen de inmediato. Por ejemplo, las lesiones cerebrales a veces tardan en aparecer. Si el per\u00edodo de dos a\u00f1os ya ha transcurrido, presentar un reclamo es extremadamente dif\u00edcil.<\/p>\n<p>Nuestros abogados est\u00e1n bien equipados para manejar casos de accidentes ya que tienen mucha experiencia investigativa. Solicitamos que los nuevos clientes traigan cualquier documentaci\u00f3n o registros m\u00e9dicos junto con ellos para su primera reuni\u00f3n. Los ejemplos de documentaci\u00f3n que debe traer incluyen una copia del informe policial, sus registros m\u00e9dicos, cualquier fotograf\u00eda o video de la escena del accidente, o cualquier otro tipo de evidencia que tenga disponible. Evidencia como esta se utiliza para construir un caso fuerte.<\/p>\n<p>Cuando se re\u00fana con nuestros abogados por primera vez, ver\u00e1n la evidencia y le hablar\u00e1n sobre lo sucedido. Seg\u00fan la informaci\u00f3n que proporcione, le informar\u00e1n cu\u00e1les son sus opciones. Dependiendo de las circunstancias de su caso, generalmente tambi\u00e9n le proporcionaremos una idea general de cu\u00e1nta compensaci\u00f3n puede ser elegible para recibir.<\/p>\n<p>Si decide contratar a nuestra firma de lesiones personales, en The Lakes trabajaremos lo m\u00e1s duro posible para que obtenga un resultado exitoso en su caso. Nos enorgullecemos de ayudar a nuestros clientes de cualquier manera que podamos, asegurando que sus intereses est\u00e9n protegidos. Nuestro principal objetivo es ayudarlo a obtener la mayor compensaci\u00f3n posible por sus lesiones. Puede contar con nuestro equipo en McDonald Worley para hacer todo lo posible para ayudarlo.<\/p>\n<p>P\u00f3ngase en contacto con McDonald Worley de inmediato para comenzar. Cuanto antes comience a trabajar con nosotros, m\u00e1s r\u00e1pido podremos ayudarlo a obtener la compensaci\u00f3n que se merece.<\/p>\n","protected":false},"excerpt":{"rendered":"<p>Desde un punto de vista legal, los casos de lesiones personales involucran lesiones resultantes de las acciones negligentes de otra persona o parte. Los accidentes automovil\u00edsticos son un excelente ejemplo. Accidentes como estos no solo pueden provocar lesiones, sino que tambi\u00e9n pueden tener graves consecuencias financieras y emocionales para las v\u00edctimas. Sin embargo, gracias a [&hellip;]<\/p>\n","protected":false},"author":65,"featured_media":0,"parent":32606,"menu_order":0,"comment_status":"closed","ping_status":"closed","template":"","meta":{"_acf_changed":false,"site-sidebar-layout":"default","site-content-layout":"","ast-site-content-layout":"default","site-content-style":"default","site-sidebar-style":"default","ast-global-header-display":"","ast-banner-title-visibility":"","ast-main-header-display":"","ast-hfb-above-header-display":"","ast-hfb-below-header-display":"","ast-hfb-mobile-header-display":"","site-post-title":"","ast-breadcrumbs-content":"","ast-featured-img":"","footer-sml-layout":"","ast-disable-related-posts":"","theme-transparent-header-meta":"","adv-header-id-meta":"","stick-header-meta":"","header-above-stick-meta":"","header-main-stick-meta":"","header-below-stick-meta":"","astra-migrate-meta-layouts":"default","ast-page-background-enabled":"default","ast-page-background-meta":{"desktop":{"background-color":"var(--ast-global-color-4)","background-image":"","background-repeat":"repeat","background-position":"center center","background-size":"auto","background-attachment":"scroll","background-type":"","background-media":"","overlay-type":"","overlay-color":"","overlay-opacity":"","overlay-gradient":""},"tablet":{"background-color":"","background-image":"","background-repeat":"repeat","background-position":"center center","background-size":"auto","background-attachment":"scroll","background-type":"","background-media":"","overlay-type":"","overlay-color":"","overlay-opacity":"","overlay-gradient":""},"mobile":{"background-color":"","background-image":"","background-repeat":"repeat","background-position":"center center","background-size":"auto","background-attachment":"scroll","background-type":"","background-media":"","overlay-type":"","overlay-color":"","overlay-opacity":"","overlay-gradient":""}},"ast-content-background-meta":{"desktop":{"background-color":"var(--ast-global-color-5)","background-image":"","background-repeat":"repeat","background-position":"center center","background-size":"auto","background-attachment":"scroll","background-type":"","background-media":"","overlay-type":"","overlay-color":"","overlay-opacity":"","overlay-gradient":""},"tablet":{"background-color":"var(--ast-global-color-5)","background-image":"","background-repeat":"repeat","background-position":"center center","background-size":"auto","background-attachment":"scroll","background-type":"","background-media":"","overlay-type":"","overlay-color":"","overlay-opacity":"","overlay-gradient":""},"mobile":{"background-color":"var(--ast-global-color-5)","background-image":"","background-repeat":"repeat","background-position":"center center","background-size":"auto","background-attachment":"scroll","background-type":"","background-media":"","overlay-type":"","overlay-color":"","overlay-opacity":"","overlay-gradient":""}},"footnotes":""},"class_list":["post-32607","page","type-page","status-publish","hentry"],"acf":[],"_links":{"self":[{"href":"https:\/\/mcdonaldworley.com\/es\/wp-json\/wp\/v2\/pages\/32607","targetHints":{"allow":["GET"]}}],"collection":[{"href":"https:\/\/mcdonaldworley.com\/es\/wp-json\/wp\/v2\/pages"}],"about":[{"href":"https:\/\/mcdonaldworley.com\/es\/wp-json\/wp\/v2\/types\/page"}],"author":[{"embeddable":true,"href":"https:\/\/mcdonaldworley.com\/es\/wp-json\/wp\/v2\/users\/65"}],"replies":[{"embeddable":true,"href":"https:\/\/mcdonaldworley.com\/es\/wp-json\/wp\/v2\/comments?post=32607"}],"version-history":[{"count":0,"href":"https:\/\/mcdonaldworley.com\/es\/wp-json\/wp\/v2\/pages\/32607\/revisions"}],"up":[{"embeddable":true,"href":"https:\/\/mcdonaldworley.com\/es\/wp-json\/wp\/v2\/pages\/32606"}],"wp:attachment":[{"href":"https:\/\/mcdonaldworley.com\/es\/wp-json\/wp\/v2\/media?parent=32607"}],"curies":[{"name":"wp","href":"https:\/\/api.w.org\/{rel}","templated":true}]}}