{"id":32603,"date":"2020-02-07T16:34:23","date_gmt":"2020-02-07T22:34:23","guid":{"rendered":"https:\/\/abconlinehold.wpengine.com\/sunrise-manor\/car-accident-lawyer\/"},"modified":"2021-08-12T11:37:06","modified_gmt":"2021-08-12T16:37:06","slug":"abogado-accidentes-automovilisticos","status":"publish","type":"page","link":"https:\/\/mcdonaldworley.com\/es\/sunrise-manor\/abogado-accidentes-automovilisticos\/","title":{"rendered":"Abogado de accidentes automovil\u00edsticos en Sunrise Manor \u00a0"},"content":{"rendered":"<p>\u00bfNecesita un abogado especializado en accidentes automovil\u00edsticos en Sunrise Manor? Siempre habr\u00e1 devastaci\u00f3n y lesiones luego de un accidente automovil\u00edstico. Si ha estado involucrado en un accidente automovil\u00edstico y ha resultado herido, puede enfrentar facturas m\u00e9dicas elevadas, incontables salarios perdidos e incluso da\u00f1os considerables a la propiedad entre usted y una recuperaci\u00f3n completa. Adem\u00e1s, llevar\u00e1s todo el peso del dolor, el sufrimiento e incluso el malestar emocional.<\/p>\n<p>Si ha estado involucrado en tal situaci\u00f3n, nuestros abogados acreditados de accidentes automovil\u00edsticos de <a href=\"https:\/\/mcdonaldworley.com\/sunrise-manor\/\" target=\"_blank\" rel=\"noopener\">Sunrise Manor<\/a> en McDonald Worley pueden ayudarlo a comprender su situaci\u00f3n y planificar una ruta efectiva a la compensaci\u00f3n que necesita para una recuperaci\u00f3n completa a su debido tiempo.<\/p>\n<p>Lo ayudaremos a armar un caso s\u00f3lido que identifique adecuadamente a la parte o partes responsables de sus lesiones y les haremos responsables de cada centavo que se merece. Teniendo en cuenta la importancia de la compensaci\u00f3n total para su futuro, debe considerar tener la experiencia completa de un bufete de <a href=\"\/es\/sunrise-manor\/abogado-lesiones-personales\/\">abogados de lesiones de buena reputaci\u00f3n<\/a>.<\/p>\n<p>En nuestro bufete de abogados, nuestros clientes son nuestra familia y haremos todo lo posible para explorar a fondo el impacto total que este accidente ha tenido en su vida. Realmente entendemos que realmente no hay forma de restaurar su vida a lo que era antes de este desafortunado evento, especialmente a ra\u00edz de un deterioro f\u00edsico, desfiguraci\u00f3n u otra p\u00e9rdida que cambia la vida. Pero, el efectivo que recuperamos por sus da\u00f1os contribuir\u00e1 en gran medida a aliviar la tensi\u00f3n financiera que puede causar un accidente automovil\u00edstico.<\/p>\n<p>Sin una s\u00f3lida historia de experiencia legal en casos de accidentes automovil\u00edsticos, puede ser pr\u00e1cticamente imposible recibir una indemnizaci\u00f3n completa. Pero, conf\u00ede en los abogados calificados de McDonald Worley para luchar con u\u00f1as y dientes para asegurarse de que los responsables de sus da\u00f1os o p\u00e9rdidas sean llevados a un acuerdo.<\/p>\n<p>Por lo general, las compa\u00f1\u00edas de seguros no querr\u00e1n repartir un acuerdo a valor total ya que sus ganancias provienen de no hacer tantos pagos como posiblemente puedan evitar. Esto se puede hacer con muy poca consideraci\u00f3n por sus necesidades muy obvias. Para evitar quedarse corto con el palo de estas compa\u00f1\u00edas que le roban dinero, un asesor de seguros puede asesorar sobre la mejor manera de presentar su caso e incluso hacer todo este trabajo por usted. Esto le permitir\u00e1 continuar con la importante tarea de recuperarse completamente para que pueda ordenar su vida.<\/p>\n\n<h2>\u00bfTengo que contratar a un abogado de accidentes automovil\u00edsticos en Sunrise Manor?<\/h2>\n<p>Aunque no recomendamos hacerlo, algunas v\u00edctimas de <a href=\"https:\/\/mcdonaldworley.com\/es\/houston\/necesita-tratamiento-medico-despues-de-accidente-automovilistico\/\" target=\"_blank\" rel=\"noopener\">accidentes automovil\u00edsticos cometen el error de pensar que<\/a> pueden manejar sus casos sin asistencia legal profesional.. Las v\u00edctimas que trabajan con abogados altamente calificados generalmente reciben una mayor compensaci\u00f3n. Esto se debe a que un abogado experimentado puede negociar mejor con la compa\u00f1\u00eda de seguros para obtener el mejor acuerdo posible. Los abogados expertos en accidentes automovil\u00edsticos saben c\u00f3mo evitar los trucos que las aseguradoras suelen utilizar para dar una indemnizaci\u00f3n menor a las v\u00edctimas de accidentes automovil\u00edsticos. Los abogados competentes saben c\u00f3mo reunir la evidencia correcta y presentar un caso herm\u00e9tico que respalde su reclamo de indemnizaci\u00f3n.<\/p>\n<p>Las v\u00edctimas de accidentes automovil\u00edsticos que intentan contratar compa\u00f1\u00edas de seguros sin asistencia legal a menudo terminan perdiendo pruebas cruciales que podr\u00edan haber reforzado su reclamo de un acuerdo m\u00e1s alto. Debido a la falta de evidencia suficiente, generalmente terminan aceptando menos compensaci\u00f3n de la que realmente merecen. En algunos casos de accidentes automovil\u00edsticos, no es f\u00e1cil abogar por una indemnizaci\u00f3n, especialmente cuando no se puede determinar la responsabilidad directa. Si tiene un caso de este tipo o ha sufrido lesiones graves que conducen a una discapacidad o desfiguraci\u00f3n, lo mejor es contratar representaci\u00f3n legal.<\/p>\n<h2>\u00bfCausas comunes de accidentes automovil\u00edsticos en Sunrise Manor, NV?<\/h2>\n<p>Hay muchas razones diferentes por las cuales ocurren accidentes automovil\u00edsticos en <a href=\"https:\/\/en.wikipedia.org\/wiki\/Sunrise_Manor,_Nevada\" target=\"_blank\" rel=\"noopener noreferrer nofollow\">Sunrise Manor<\/a>. Algunas de las razones m\u00e1s comunes incluyen:<\/p>\n<h3>Conducci\u00f3n distraida<\/h3>\n<p>La mayor\u00eda de los accidentes automovil\u00edsticos pueden atribuirse a conductores distra\u00eddos. Aunque los tel\u00e9fonos celulares son la principal causa de distracci\u00f3n, los conductores que est\u00e1n cambiando la radio, calibrando el GPS del autom\u00f3vil o buscando elementos en sus veh\u00edculos tambi\u00e9n pueden distraerse. Hay algunos conductores que incluso se distraen cuando revisan el paisaje o hablan con sus pasajeros.<\/p>\n<h3>Caminos inseguros y mal tiempo<\/h3>\n<p>Las malas condiciones clim\u00e1ticas tienden a hacer que las carreteras sean inseguras. Adem\u00e1s, las construcciones de carreteras y el tr\u00e1fico pesado tambi\u00e9n pueden hacer que las carreteras sean inseguras, lo que aumenta la probabilidad de que ocurran accidentes.<\/p>\n<p><img loading=\"lazy\" decoding=\"async\" class=\"alignnone wp-image-31780 size-full\" src=\"https:\/\/mcdonaldworley.com\/wp-content\/uploads\/2020\/02\/sunrise-manor-car-accident-lawyer-mcdonald-worley-2.jpg\" alt=\"A car accident in Sunrise Manor. \" width=\"500\" height=\"334\" title=\"\" srcset=\"https:\/\/mcdonaldworley.com\/wp-content\/uploads\/2020\/02\/sunrise-manor-car-accident-lawyer-mcdonald-worley-2.jpg 500w, https:\/\/mcdonaldworley.com\/wp-content\/uploads\/2020\/02\/sunrise-manor-car-accident-lawyer-mcdonald-worley-2-300x200.jpg 300w\" sizes=\"auto, (max-width: 500px) 100vw, 500px\" \/><\/p>\n<h3>Conducir ebrio<\/h3>\n<p>Los conductores que se ponen al volante cuando est\u00e1n intoxicados o bajo la influencia de drogas son una amenaza para la carretera. Las drogas y el alcohol generalmente afectan el juicio y ralentizan el tiempo de reacci\u00f3n de un conductor. Muchos casos de accidentes de tr\u00e1fico pueden atribuirse a conducir ebrio.<\/p>\n<h3>Conducci\u00f3n temeraria<\/h3>\n<p>Los conductores imprudentes generalmente representan un gran peligro para otros usuarios de la carretera con sus acciones. Por ejemplo, el riesgo de que ocurra un accidente usualmente aumenta exponencialmente cuando un conductor se mueve entre los autos manejando demasiado r\u00e1pido o toma turnos a altas velocidades.<\/p>\n<h3>Piezas de autom\u00f3viles defectuosas<\/h3>\n<p>Los <a href=\"https:\/\/mcdonaldworley.com\/es\/houston\/policia-accidentes-auto\/\" target=\"_blank\" rel=\"noopener\">accidentes automovil\u00edsticos tambi\u00e9n pueden ocurrir si los sistemas del<\/a> autom\u00f3vil funcionan mal..<\/p>\n<p>No importa la causa de su accidente automovil\u00edstico, es imprescindible que tome las medidas correctas despu\u00e9s del accidente para proteger sus derechos.<\/p>\n<h2>\u00bfQu\u00e9 debo hacer si sufro lesiones en un accidente automovil\u00edstico?<\/h2>\n<p>Si se lesiona en un accidente automovil\u00edstico, no pierda el tiempo recolectando detalles del otro conductor. En su lugar, debe seguir los siguientes pasos:<\/p>\n<ul>\n<li>Llame al 911 y solicite asistencia m\u00e9dica de emergencia.<\/li>\n<li>Consulte a un profesional m\u00e9dico de inmediato, incluso si cree que no ha sufrido lesiones graves.<\/li>\n<li>No hables demasiado con la polic\u00eda. En cambio, solo ofrezca la informaci\u00f3n que necesitan para completar su informe. Incluso si sospecha que puede ser el culpable del accidente, no se lo haga saber a la polic\u00eda. En cambio, deje que los investigadores de la escena del accidente determinen qui\u00e9n tuvo la culpa del accidente.<\/li>\n<li>No hable con la compa\u00f1\u00eda de seguros hasta que haya consultado con su abogado.<\/li>\n<\/ul>\n<p>Es imperativo que no hable con las compa\u00f1\u00edas de seguros hasta que haya hablado con un abogado. Esto se debe a que las compa\u00f1\u00edas de seguros siempre tienen prisa por resolver los casos de accidentes automovil\u00edsticos, incluso antes de que sepa el verdadero alcance de las lesiones que sufri\u00f3. Para recibir un trato justo de las compa\u00f1\u00edas de seguros, es mejor que hable primero con un abogado. Un abogado se encargar\u00e1 de las negociaciones con las compa\u00f1\u00edas de seguros y se asegurar\u00e1 de que reciba un trato justo.<\/p>\n<blockquote><p><strong><em>Relacionado: <a href=\"https:\/\/mcdonaldworley.com\/es\/preguntas\/necesita-un-abogado-para-reclamo-accidente-automovilistico\/\">\u00bfNecesita un Abogado Para su Reclamo de Accidente Automovil\u00edstico?<\/a><br \/>\n<\/em><\/strong><\/p><\/blockquote>\n<h2>\u00bfC\u00f3mo presento un reclamo de compensaci\u00f3n con la firma de seguros?<\/h2>\n<p>En McDonald Worley, le recomendamos que siga los siguientes pasos si ha estado involucrado en un accidente:<\/p>\n<ul>\n<li>P\u00f3ngase en contacto con la polic\u00eda y solicite una copia del informe del accidente.<\/li>\n<li>Si no recopil\u00f3 la informaci\u00f3n de contacto del otro conductor y testigos del accidente, obtenga esta informaci\u00f3n del informe policial<\/li>\n<li>Informe a su compa\u00f1\u00eda de seguros que estuvo involucrado en un <a href=\"https:\/\/mcdonaldworley.com\/es\/demostrar-discapacidad-permanente-despues-de-accidente-auto-houston\/\" target=\"_blank\" rel=\"noopener\">accidente automovil\u00edstico.<\/a><\/li>\n<li>P\u00f3ngase en contacto con un abogado de inmediato para garantizar su derecho a una compensaci\u00f3n justa<\/li>\n<\/ul>\n<p>Si nos contrata para manejar su reclamo de accidente automovil\u00edstico, trataremos con su compa\u00f1\u00eda de seguros y la firma asegurando al otro conductor en su nombre. Dada nuestra vasta experiencia, puede estar seguro de que recopilaremos toda la evidencia relevante, haremos las preguntas adecuadas y manejaremos su caso de manera competente.<\/p>\n<h2>\u00bfC\u00f3mo determinan las compa\u00f1\u00edas de seguros en Nevada la falla en un accidente automovil\u00edstico?<\/h2>\n<p>En los Estados Unidos, algunos estados tienen leyes de seguro por culpa mientras que otros conf\u00edan en las leyes de seguro sin culpa. Es importante diferenciar entre estas dos leyes.<\/p>\n<p>En los estados con leyes sin culpa, los conductores involucrados en un choque pueden hacer un reclamo con sus respectivos proveedores de servicios de seguros independientemente de qui\u00e9n caus\u00f3 el accidente. Dependiendo del nivel de lesiones sufridas en un choque, los conductores en estados que se basan en leyes sin culpa tambi\u00e9n pueden presentar una demanda contra el conductor que tiene la culpa del accidente. Sin embargo, para que se presente esta demanda, hay ciertos umbrales que deben cumplirse.<\/p>\n<p>Nevada usa las leyes de seguro por culpa. Esto significa que el conductor responsable de causar un accidente tiene que pagar los da\u00f1os que causa. Despu\u00e9s de un accidente, el conductor que no tuvo la culpa del accidente puede solicitar una compensaci\u00f3n a la compa\u00f1\u00eda de seguros que cubre al conductor culpable. Sin embargo, para ser compensado, la v\u00edctima debe probar que el otro conductor tuvo la culpa del accidente. Probar la culpa generalmente requiere una gran cantidad de evidencia y documentos como declaraciones de testigos, evidencia f\u00edsica recopilada de la escena del accidente y una copia del informe policial.<\/p>\n<p>El estado de Nevada tambi\u00e9n analiza la negligencia contributiva al determinar la compensaci\u00f3n. Esto significa que la compensaci\u00f3n que recibir\u00e1 se ver\u00e1 afectada por el nivel al que tuvo la culpa del accidente. Si tuvo m\u00e1s culpa que el otro conductor, no puede solicitar una indemnizaci\u00f3n por da\u00f1os de su compa\u00f1\u00eda de seguros. Los estados que dependen de compa\u00f1\u00edas de seguros culpables generalmente son objeto de muchas cr\u00edticas por exigir a la v\u00edctima que demuestre que el otro conductor caus\u00f3 el accidente. Sin embargo, a pesar de este inconveniente, las leyes de culpa tienen numerosos beneficios sobre las leyes sin culpa. Uno de los beneficios clave de las leyes de culpa es que permiten que la v\u00edctima de un accidente busque compensaci\u00f3n por p\u00e9rdidas no econ\u00f3micas. No puede perseguir da\u00f1os no econ\u00f3micos en un estado que utiliza leyes sin culpa.<\/p>\n<h2>\u00a1Obtenga una revision gratuita sobre accidente de coche en McDonald Worley hoy!<\/h2>\n<p>Si ha estado involucrado en un accidente automovil\u00edstico en Sunrise Manor, necesita representaci\u00f3n profesional de un profesional en McDonald Worley. Cont\u00e1ctenos hoy para retener una asistencia legal confiable que luchar\u00e1 con vehemencia para proteger su inter\u00e9s. Brindamos servicios a Sunrise Manor, las regiones circundantes y todo el estado de Nevada.<\/p>\n","protected":false},"excerpt":{"rendered":"<p>\u00bfNecesita un abogado especializado en accidentes automovil\u00edsticos en Sunrise Manor? Siempre habr\u00e1 devastaci\u00f3n y lesiones luego de un accidente automovil\u00edstico. Si ha estado involucrado en un accidente automovil\u00edstico y ha resultado herido, puede enfrentar facturas m\u00e9dicas elevadas, incontables salarios perdidos e incluso da\u00f1os considerables a la propiedad entre usted y una recuperaci\u00f3n completa. Adem\u00e1s, llevar\u00e1s [&hellip;]<\/p>\n","protected":false},"author":65,"featured_media":0,"parent":32599,"menu_order":0,"comment_status":"closed","ping_status":"closed","template":"","meta":{"_acf_changed":false,"site-sidebar-layout":"default","site-content-layout":"","ast-site-content-layout":"default","site-content-style":"default","site-sidebar-style":"default","ast-global-header-display":"","ast-banner-title-visibility":"","ast-main-header-display":"","ast-hfb-above-header-display":"","ast-hfb-below-header-display":"","ast-hfb-mobile-header-display":"","site-post-title":"","ast-breadcrumbs-content":"","ast-featured-img":"","footer-sml-layout":"","ast-disable-related-posts":"","theme-transparent-header-meta":"","adv-header-id-meta":"","stick-header-meta":"","header-above-stick-meta":"","header-main-stick-meta":"","header-below-stick-meta":"","astra-migrate-meta-layouts":"default","ast-page-background-enabled":"default","ast-page-background-meta":{"desktop":{"background-color":"var(--ast-global-color-4)","background-image":"","background-repeat":"repeat","background-position":"center center","background-size":"auto","background-attachment":"scroll","background-type":"","background-media":"","overlay-type":"","overlay-color":"","overlay-opacity":"","overlay-gradient":""},"tablet":{"background-color":"","background-image":"","background-repeat":"repeat","background-position":"center center","background-size":"auto","background-attachment":"scroll","background-type":"","background-media":"","overlay-type":"","overlay-color":"","overlay-opacity":"","overlay-gradient":""},"mobile":{"background-color":"","background-image":"","background-repeat":"repeat","background-position":"center center","background-size":"auto","background-attachment":"scroll","background-type":"","background-media":"","overlay-type":"","overlay-color":"","overlay-opacity":"","overlay-gradient":""}},"ast-content-background-meta":{"desktop":{"background-color":"var(--ast-global-color-5)","background-image":"","background-repeat":"repeat","background-position":"center center","background-size":"auto","background-attachment":"scroll","background-type":"","background-media":"","overlay-type":"","overlay-color":"","overlay-opacity":"","overlay-gradient":""},"tablet":{"background-color":"var(--ast-global-color-5)","background-image":"","background-repeat":"repeat","background-position":"center center","background-size":"auto","background-attachment":"scroll","background-type":"","background-media":"","overlay-type":"","overlay-color":"","overlay-opacity":"","overlay-gradient":""},"mobile":{"background-color":"var(--ast-global-color-5)","background-image":"","background-repeat":"repeat","background-position":"center center","background-size":"auto","background-attachment":"scroll","background-type":"","background-media":"","overlay-type":"","overlay-color":"","overlay-opacity":"","overlay-gradient":""}},"footnotes":""},"class_list":["post-32603","page","type-page","status-publish","hentry"],"acf":[],"_links":{"self":[{"href":"https:\/\/mcdonaldworley.com\/es\/wp-json\/wp\/v2\/pages\/32603","targetHints":{"allow":["GET"]}}],"collection":[{"href":"https:\/\/mcdonaldworley.com\/es\/wp-json\/wp\/v2\/pages"}],"about":[{"href":"https:\/\/mcdonaldworley.com\/es\/wp-json\/wp\/v2\/types\/page"}],"author":[{"embeddable":true,"href":"https:\/\/mcdonaldworley.com\/es\/wp-json\/wp\/v2\/users\/65"}],"replies":[{"embeddable":true,"href":"https:\/\/mcdonaldworley.com\/es\/wp-json\/wp\/v2\/comments?post=32603"}],"version-history":[{"count":0,"href":"https:\/\/mcdonaldworley.com\/es\/wp-json\/wp\/v2\/pages\/32603\/revisions"}],"up":[{"embeddable":true,"href":"https:\/\/mcdonaldworley.com\/es\/wp-json\/wp\/v2\/pages\/32599"}],"wp:attachment":[{"href":"https:\/\/mcdonaldworley.com\/es\/wp-json\/wp\/v2\/media?parent=32603"}],"curies":[{"name":"wp","href":"https:\/\/api.w.org\/{rel}","templated":true}]}}