{"id":32600,"date":"2020-02-07T16:34:23","date_gmt":"2020-02-07T22:34:23","guid":{"rendered":"https:\/\/abconlinehold.wpengine.com\/sunrise-manor\/sunrise-manor-personal-injury-lawyer\/"},"modified":"2021-08-11T17:58:55","modified_gmt":"2021-08-11T22:58:55","slug":"abogado-lesiones-personales","status":"publish","type":"page","link":"https:\/\/mcdonaldworley.com\/es\/sunrise-manor\/abogado-lesiones-personales\/","title":{"rendered":"Abogado de Lesiones Personales de Sunrise Manor"},"content":{"rendered":"<p>Un reclamo por lesiones personales es b\u00e1sicamente cuando alguien resulta lesionado por negligencia o descuido de otra persona. Las lesiones causadas por accidentes automovil\u00edsticos son el tipo m\u00e1s com\u00fan de reclamo por lesiones personales. Estos tipos de accidentes de veh\u00edculos pueden tener efectos devastadores en el futuro de una persona. Los efectos a menudo pueden incluir mental, f\u00edsico y financiero. Afortunadamente, un <a href=\"https:\/\/mcdonaldworley.com\/fontana\/personal-injury-attorney\/\" target=\"_blank\" rel=\"noopener\">abogado de lesiones personales<\/a> puede ayudarle a recibir una compensaci\u00f3n justa por todos sus gastos m\u00e9dicos, dolor y sufrimiento.. Sin embargo, la legalidad a menudo puede ser un proceso largo y dif\u00edcil. Lo \u00faltimo que una persona lesionada querr\u00e1 experimentar es una batalla legal complicada.<\/p>\n<p>Despu\u00e9s de todo, habr\u00e1 otras cosas m\u00e1s importantes en su mente. Por esta raz\u00f3n, una persona lesionada querr\u00e1 dejar todo en manos de un abogado de lesiones personales de <a href=\"https:\/\/mcdonaldworley.com\/sunrise-manor\/\" target=\"_blank\" rel=\"noopener\">Sunrise Manor<\/a> del bufete de abogados McDonald Worley.. Su equipo de abogados experimentados tiene una larga historia de ayudar a sus clientes a obtener excelentes resultados y compensaciones. A medida que se recupere de sus lesiones, estos abogados solidarios y considerados luchar\u00e1n por sus derechos y proteger\u00e1n sus intereses.<\/p>\n<p>Es importante tener en cuenta que las legalidades de lesiones personales en el estado de Nevada tienen varias limitaciones y estatutos para tipos espec\u00edficos de accidentes. Por lo tanto, las leyes de Nevada determinar\u00e1n la culpa de ambas partes al establecer reclamos de compensaci\u00f3n o da\u00f1os recuperables. Hay casos espec\u00edficos, como reclamos por lesiones m\u00e9dicas o por negligencia m\u00e9dica, en los que la ley de Nevada establece un l\u00edmite m\u00e1ximo para los reclamos por da\u00f1os.<\/p>\n<p>Cada d\u00eda, las reclamaciones por lesiones requieren la asistencia de un bufete de abogados calificado en lesiones personales. Cada reclamo es \u00fanico y tendr\u00e1 su propio conjunto de complejidades. Esto es cierto para todo, desde <a href=\"\/es\/sunrise-manor\/abogado-accidentes-automovilisticos\/\">accidentes automovil\u00edsticos<\/a> hasta reclamos de compensaci\u00f3n para trabajadores. Un abogado calificado debe tener la experiencia adecuada para encontrar con \u00e9xito su camino a trav\u00e9s del laberinto de regulaciones estatales y federales. Esta es la raz\u00f3n principal por la cual es importante contactar a un <a href=\"https:\/\/mcdonaldworley.com\/es\/riverside\/abogado-lesiones-personales\/\" target=\"_blank\" rel=\"noopener\">abogado de lesiones personales<\/a> lo antes posible..<\/p>\n<p>Recuerde, su consulta inicial es gratuita y sin compromiso. Durante la consulta inicial, podr\u00e1 analizar sus opciones y recibir informaci\u00f3n legal sobre la posibilidad de recibir una compensaci\u00f3n justa. Esto lo ayudar\u00e1 a tomar la decisi\u00f3n correcta sobre c\u00f3mo proceder.<\/p>\n\n<h2>\u00bfC\u00f3mo s\u00e9 si tengo un reclamo por lesiones personales o no?<\/h2>\n<p>Si bien hay muchos requisitos que deben cumplirse, la lesi\u00f3n debe ser causada por culpa de otra persona y estar directamente relacionada con su negligencia. No es necesario que existan lesiones f\u00edsicas para presentar una demanda en su contra; las expectativas de difamaci\u00f3n, da\u00f1o o angustia emocional pueden ser motivos suficientes para presentar una demanda por lesiones personales contra la entidad negligente.<\/p>\n<p>Una cosa a considerar es si las lesiones sufridas tienen da\u00f1os compensatorios, como la p\u00e9rdida de ingresos y las facturas m\u00e9dicas. Para los casos en que todo esto sea cierto, tiene motivos para presentar una demanda por lesiones personales, lo que significa que debe ponerse en contacto con un abogado de lesiones personales cerca de <a href=\"https:\/\/goo.gl\/maps\/JvojhwC8LWyutBy26\" target=\"_blank\" rel=\"noopener noreferrer nofollow\">Sunrise Manor<\/a> de inmediato.<\/p>\n<p><img loading=\"lazy\" decoding=\"async\" class=\"alignnone wp-image-31841 size-full\" src=\"https:\/\/mcdonaldworley.com\/wp-content\/uploads\/2020\/02\/lawyer-3-500x281-1.jpg\" alt=\"Abogado en Sunrise Manor firmando documentos con su cliente\" width=\"500\" height=\"281\" title=\"\" srcset=\"https:\/\/mcdonaldworley.com\/wp-content\/uploads\/2020\/02\/lawyer-3-500x281-1.jpg 500w, https:\/\/mcdonaldworley.com\/wp-content\/uploads\/2020\/02\/lawyer-3-500x281-1-300x169.jpg 300w\" sizes=\"auto, (max-width: 500px) 100vw, 500px\" \/><\/p>\n<h2>\u00bfQui\u00e9n ser\u00e1 responsable por mi accidente?<\/h2>\n<p>La parte culpable ser\u00e1 responsable del accidente y de causarle lesiones como resultado de su negligencia. En algunos casos, la parte culpable es una persona, mientras que en otros, es m\u00e1s de una entidad responsable del accidente. A continuaci\u00f3n se detallan algunas de las entidades que podr\u00edan ser consideradas responsables del accidente:<\/p>\n<ul>\n<li>Un conductor que conduc\u00eda en estado de ebriedad.<\/li>\n<li>El due\u00f1o de un negocio u hogar.<\/li>\n<li>Un camionero que se durmi\u00f3 al volante por falta de descanso.<\/li>\n<li>Un fabricante de piezas o productos defectuosos.<\/li>\n<li>Una compa\u00f1\u00eda farmac\u00e9utica que fabric\u00f3 un producto defectuoso.<\/li>\n<li>Un oficial que utiliz\u00f3 fuerza excesiva sobre una persona.<\/li>\n<li>Profesionales m\u00e9dicos que cometieron errores graves al tratar a un paciente.<\/li>\n<li>Cualquier empleado que incumpla su deber de cuidado hacia sus clientes.<\/li>\n<\/ul>\n<p>Hay muchas personas diferentes que pueden participar en una demanda por lesiones personales. Por lo general, depende de lo que pas\u00f3 la v\u00edctima y de las entidades responsables de los da\u00f1os sufridos por la v\u00edctima. El equipo de McDonald Worley est\u00e1 listo para ayudarlo a presentar una demanda contra la persona, las personas o la compa\u00f1\u00eda responsable de causar sus lesiones. Nos gustar\u00eda hablar con usted sobre su situaci\u00f3n cuando est\u00e9 listo para solicitar una indemnizaci\u00f3n por los da\u00f1os.<\/p>\n<h2>\u00bfPor qu\u00e9 McDonald Worley es una opci\u00f3n excepcional?<\/h2>\n<p>Para cualquier persona que sufri\u00f3 lesiones debido a la negligencia de otra persona, es importante contar con un abogado de lesiones personales en el que pueda confiar y en el que pueda confiar. En McDonald Worley, tomamos nuestros casos muy en serio. Ponemos el trabajo y el compromiso necesarios para ayudarlo a obtener la compensaci\u00f3n m\u00e1xima posible para atender sus da\u00f1os, incluidos su dolor y sufrimiento, facturas m\u00e9dicas y otros gastos directamente causados \u200b\u200bpor las lesiones que sufri\u00f3. Sabemos que has pasado por muchas cosas y probablemente todav\u00eda est\u00e9s intentando recuperarte tanto mental como f\u00edsicamente. Queremos ayudarlo de todas las formas posibles.<\/p>\n<ul>\n<li>Somos un equipo de trabajadores acreditados que trabajamos con clientes a trav\u00e9s de un enfoque eficiente.<\/li>\n<li>Tenemos las leyes de lesiones personales de Nevada a nuestro alcance<\/li>\n<li>Prestamos atenci\u00f3n a los detalles y nos aseguramos de revisar cuidadosamente todos los detalles asociados con su caso antes de presentar una demanda<\/li>\n<li>Le ofrecemos todo el soporte que necesita y siempre estamos disponibles para responder cualquier pregunta o inquietud que pueda tener.<\/li>\n<li>No necesita preocuparse por pagar los servicios legales que brindaremos hasta que ganemos su caso<\/li>\n<\/ul>\n<h2>\u00bfCu\u00e1nto vale mi caso de lesiones personales en Sunrise Manor?<\/h2>\n<p>Un caso de lesiones personales variar\u00e1 en t\u00e9rminos del valor total seg\u00fan la cantidad de da\u00f1os incurridos y el tipo de lesiones que sufri\u00f3. Se puede otorgar una compensaci\u00f3n tanto por intangibles como angustia mental o dolor y sufrimiento y muerte injusta junto con tangibles como p\u00e9rdida de ganancias (tanto futuras como presentes) y facturas m\u00e9dicas, renovaciones de viviendas para casos de discapacidad, etc.<\/p>\n<p><img loading=\"lazy\" decoding=\"async\" class=\"alignnone wp-image-31848 size-full\" src=\"https:\/\/mcdonaldworley.com\/wp-content\/uploads\/2020\/02\/injury-500x374-1.jpg\" alt=\"Una persona con el brazo enyesado \" width=\"500\" height=\"374\" title=\"\" srcset=\"https:\/\/mcdonaldworley.com\/wp-content\/uploads\/2020\/02\/injury-500x374-1.jpg 500w, https:\/\/mcdonaldworley.com\/wp-content\/uploads\/2020\/02\/injury-500x374-1-300x224.jpg 300w\" sizes=\"auto, (max-width: 500px) 100vw, 500px\" \/><\/p>\n<p>Tambi\u00e9n hay casos en los que el tribunal impone <a href=\"https:\/\/www.investopedia.com\/terms\/p\/punitive-damages.asp\" target=\"_blank\" rel=\"noopener noreferrer nofollow\">da\u00f1os punitivos<\/a> al acusado. Los da\u00f1os punitivos se otorgan cuando el comportamiento del acusado fue particularmente irresponsable, para servir como elemento disuasorio para un comportamiento similar. Su abogado tendr\u00e1 una gran influencia en la cantidad de compensaci\u00f3n que se le otorgue. McDonald Worley es una firma de <a href=\"https:\/\/mcdonaldworley.com\/es\/sunrise-manor\/abogado-accidentes-automovilisticos\/\" target=\"_blank\" rel=\"noopener\">abogados l\u00edder en Sunrise Manor<\/a> que tiene un historial probado de obtener grandes asentamientos y veredictos..<\/p>\n<h2>P\u00f3ngase en contacto con un abogado de lesiones en McDonald Worley hoy<\/h2>\n<p>Como se mencion\u00f3 anteriormente, la consulta inicial es gratuita y no tiene ninguna obligaci\u00f3n. Sin embargo, es vital contactar a un abogado en McDonald Worley tan pronto como sea posible despu\u00e9s de un accidente o lesi\u00f3n. El estado de Nevada tiene estatutos de limitaci\u00f3n de dos a\u00f1os despu\u00e9s de un accidente. Esto puede parecer mucho tiempo, pero es importante que su abogado act\u00fae r\u00e1pidamente para que reciba una compensaci\u00f3n justa por los problemas m\u00e9dicos actuales y futuros. Su reclamo por lesiones personales debe presentarse en un tribunal de Nevada antes de que transcurra la fecha de vencimiento de dos a\u00f1os.<\/p>\n<p>McDonald Worley cuenta con un equipo de abogados con experiencia y que saben qu\u00e9 buscar al investigar accidentes. Sin embargo, solicitan que les proporcione cualquier documentaci\u00f3n o detalles importantes durante su consulta inicial. Algunos de los detalles podr\u00edan incluir cosas como informes de incidentes policiales, informes m\u00e9dicos, declaraciones de testigos e informaci\u00f3n de contacto, o cualquier foto apropiada. Estos tipos de documentos pueden ser cr\u00edticos para futuros seguros o acuerdos de litigios.<\/p>\n<p>Un <a href=\"https:\/\/mcdonaldworley.com\/es\/the-woodlands\/abogado-lesiones-personales\/\" target=\"_blank\" rel=\"noopener\">abogado de lesiones personales<\/a> de Sunrise Manor escuchar\u00e1 atentamente la cuenta de su incidente durante la consulta inicial gratuita.. \u00c9l \/ ella podr\u00e1 proporcionarle varias opciones legales disponibles. Adem\u00e1s, \u00e9l \/ ella puede darle una estimaci\u00f3n aproximada con respecto a la cantidad de compensaci\u00f3n que puede recibir.<\/p>\n<p>Una vez que haya tomado la decisi\u00f3n de retener los servicios de nuestro bufete de <a href=\"https:\/\/mcdonaldworley.com\/es\/cypress\/abogado-lesiones-personales\/\" target=\"_blank\" rel=\"noopener\">abogados de lesiones personales<\/a>, su equipo legal se pondr\u00e1 a trabajar para garantizar la mejor compensaci\u00f3n.. Su objetivo es proteger su inter\u00e9s mientras lucha por sus derechos. Los abogados de McDonald Worley tienen la reputaci\u00f3n de cumplir con este objetivo en cada paso del caso. \u00bfQuieres una compensaci\u00f3n justa por tus lesiones? Llame al bufete de abogados de McDonald Worley hoy.<\/p>\n","protected":false},"excerpt":{"rendered":"<p>Un reclamo por lesiones personales es b\u00e1sicamente cuando alguien resulta lesionado por negligencia o descuido de otra persona. Las lesiones causadas por accidentes automovil\u00edsticos son el tipo m\u00e1s com\u00fan de reclamo por lesiones personales. Estos tipos de accidentes de veh\u00edculos pueden tener efectos devastadores en el futuro de una persona. Los efectos a menudo pueden [&hellip;]<\/p>\n","protected":false},"author":65,"featured_media":0,"parent":32599,"menu_order":0,"comment_status":"closed","ping_status":"closed","template":"","meta":{"_acf_changed":false,"site-sidebar-layout":"default","site-content-layout":"","ast-site-content-layout":"default","site-content-style":"default","site-sidebar-style":"default","ast-global-header-display":"","ast-banner-title-visibility":"","ast-main-header-display":"","ast-hfb-above-header-display":"","ast-hfb-below-header-display":"","ast-hfb-mobile-header-display":"","site-post-title":"","ast-breadcrumbs-content":"","ast-featured-img":"","footer-sml-layout":"","ast-disable-related-posts":"","theme-transparent-header-meta":"","adv-header-id-meta":"","stick-header-meta":"","header-above-stick-meta":"","header-main-stick-meta":"","header-below-stick-meta":"","astra-migrate-meta-layouts":"default","ast-page-background-enabled":"default","ast-page-background-meta":{"desktop":{"background-color":"var(--ast-global-color-4)","background-image":"","background-repeat":"repeat","background-position":"center center","background-size":"auto","background-attachment":"scroll","background-type":"","background-media":"","overlay-type":"","overlay-color":"","overlay-opacity":"","overlay-gradient":""},"tablet":{"background-color":"","background-image":"","background-repeat":"repeat","background-position":"center center","background-size":"auto","background-attachment":"scroll","background-type":"","background-media":"","overlay-type":"","overlay-color":"","overlay-opacity":"","overlay-gradient":""},"mobile":{"background-color":"","background-image":"","background-repeat":"repeat","background-position":"center center","background-size":"auto","background-attachment":"scroll","background-type":"","background-media":"","overlay-type":"","overlay-color":"","overlay-opacity":"","overlay-gradient":""}},"ast-content-background-meta":{"desktop":{"background-color":"var(--ast-global-color-5)","background-image":"","background-repeat":"repeat","background-position":"center center","background-size":"auto","background-attachment":"scroll","background-type":"","background-media":"","overlay-type":"","overlay-color":"","overlay-opacity":"","overlay-gradient":""},"tablet":{"background-color":"var(--ast-global-color-5)","background-image":"","background-repeat":"repeat","background-position":"center center","background-size":"auto","background-attachment":"scroll","background-type":"","background-media":"","overlay-type":"","overlay-color":"","overlay-opacity":"","overlay-gradient":""},"mobile":{"background-color":"var(--ast-global-color-5)","background-image":"","background-repeat":"repeat","background-position":"center center","background-size":"auto","background-attachment":"scroll","background-type":"","background-media":"","overlay-type":"","overlay-color":"","overlay-opacity":"","overlay-gradient":""}},"footnotes":""},"class_list":["post-32600","page","type-page","status-publish","hentry"],"acf":[],"_links":{"self":[{"href":"https:\/\/mcdonaldworley.com\/es\/wp-json\/wp\/v2\/pages\/32600","targetHints":{"allow":["GET"]}}],"collection":[{"href":"https:\/\/mcdonaldworley.com\/es\/wp-json\/wp\/v2\/pages"}],"about":[{"href":"https:\/\/mcdonaldworley.com\/es\/wp-json\/wp\/v2\/types\/page"}],"author":[{"embeddable":true,"href":"https:\/\/mcdonaldworley.com\/es\/wp-json\/wp\/v2\/users\/65"}],"replies":[{"embeddable":true,"href":"https:\/\/mcdonaldworley.com\/es\/wp-json\/wp\/v2\/comments?post=32600"}],"version-history":[{"count":0,"href":"https:\/\/mcdonaldworley.com\/es\/wp-json\/wp\/v2\/pages\/32600\/revisions"}],"up":[{"embeddable":true,"href":"https:\/\/mcdonaldworley.com\/es\/wp-json\/wp\/v2\/pages\/32599"}],"wp:attachment":[{"href":"https:\/\/mcdonaldworley.com\/es\/wp-json\/wp\/v2\/media?parent=32600"}],"curies":[{"name":"wp","href":"https:\/\/api.w.org\/{rel}","templated":true}]}}