{"id":32586,"date":"2020-02-08T10:36:49","date_gmt":"2020-02-08T16:36:49","guid":{"rendered":"https:\/\/abconlinehold.wpengine.com\/nellis-afb\/abogado-accidentes-automovilisticos\/"},"modified":"2021-08-17T09:33:06","modified_gmt":"2021-08-17T14:33:06","slug":"abogado-accidentes-automovilisticos","status":"publish","type":"page","link":"https:\/\/mcdonaldworley.com\/es\/nellis-afb\/abogado-accidentes-automovilisticos\/","title":{"rendered":"Abogado de accidentes automovil\u00edsticos de Nellis AFB \u00a0"},"content":{"rendered":"<p>Desafortunadamente, despu\u00e9s de la mayor\u00eda de los accidentes vehiculares generalmente hay lesiones y da\u00f1os a la propiedad. En el caso de que haya tenido un accidente y se haya lesionado debido a \u00e9l, es probable que tenga facturas de hospital costosas, da\u00f1os costosos en su veh\u00edculo u otra propiedad, as\u00ed como p\u00e9rdida de ingresos debido a estar en el hospital o no poder trabajar. Tambi\u00e9n hay una gran cantidad de sufrimiento personal y angustia mental que tambi\u00e9n conlleva estar en un accidente. Entonces, si ha estado en un accidente, un abogado de accidentes automovil\u00edsticos en Nellis AFB en McDonald Worley puede ayudarle a navegar su situaci\u00f3n actual y proporcionar un plan de acci\u00f3n para que pueda obtener la compensaci\u00f3n que le corresponde. recuperarse completamente, sin estr\u00e9s.<\/p>\n<p>Lo ayudaremos revisando su caso e identificando a las personas responsables de su lesi\u00f3n para que puedan proporcionar una compensaci\u00f3n financiera. Esta compensaci\u00f3n es extremadamente importante para su propio futuro y definitivamente debe contratar representaci\u00f3n legal para asegurarse de que su caso sea manejado por expertos.<\/p>\n<p><img loading=\"lazy\" decoding=\"async\" class=\"alignnone wp-image-31803 size-full\" src=\"https:\/\/mcdonaldworley.com\/wp-content\/uploads\/2020\/02\/car-accident-2-500x333-1.jpg\" alt=\"\" width=\"500\" height=\"333\" title=\"\" srcset=\"https:\/\/mcdonaldworley.com\/wp-content\/uploads\/2020\/02\/car-accident-2-500x333-1.jpg 500w, https:\/\/mcdonaldworley.com\/wp-content\/uploads\/2020\/02\/car-accident-2-500x333-1-300x200.jpg 300w\" sizes=\"auto, (max-width: 500px) 100vw, 500px\" \/><\/p>\n<p>En McDonald Worley, tratamos a cada uno de nuestros clientes como familia y haremos todo lo posible para determinar c\u00f3mo el accidente ha impactado y afectar\u00e1 su vida en el futuro. Tambi\u00e9n entendemos que no importa qu\u00e9 no es posible restaurar completamente su vida a la forma en que estaba antes del accidente. Esto es especialmente cierto si ha sufrido una discapacidad, se ha desfigurado, etc. Sin embargo, dicho esto, nos aseguraremos de que obtenga la compensaci\u00f3n m\u00e1xima para que, al menos, pueda ayudar a aliviar el estr\u00e9s financiero que caus\u00f3 el accidente.<\/p>\n<p>Desafortunadamente, en este tipo de casos, si no est\u00e1 representado por una empresa con <a href=\"\/es\">experiencia en accidentes automovil\u00edsticos<\/a>, es casi imposible obtener la compensaci\u00f3n que se merece. Sin embargo, en McDonald Worley haremos todo lo posible y lucharemos en su nombre para garantizar que las partes responsables de sus lesiones y diversos da\u00f1os sean llevados ante la justicia.<\/p>\n<p>Las compa\u00f1\u00edas de seguros, en su mayor parte, no est\u00e1n interesadas en proporcionar la liquidaci\u00f3n completa, ya que ganan dinero buscando formas de reducir y evitar los pagos de la liquidaci\u00f3n completa. Por supuesto, su agenda ignora por completo sus p\u00e9rdidas y necesidades. Por lo tanto, si desea asegurarse de que estas compa\u00f1\u00edas de seguros \u00e1vidas de dinero no lo aprovechen, debe tener un asesor de seguros que le brinde el mejor consejo sobre c\u00f3mo redactar su caso e incluso hacerlo en su nombre. Como resultado, puede concentrarse por completo en la curaci\u00f3n y mejorar para poder seguir adelante.<\/p>\n\n<h2>\u00bfPor qu\u00e9 deber\u00eda contratar a un abogado de accidentes automovil\u00edsticos en Nellis AFB?<\/h2>\n<p>Si bien la ley le permite representarse a s\u00ed mismo en algunas disputas legales, le recomendamos que no tome esa ruta cuando se trata de demandas por accidentes automovil\u00edsticos en el \u00e1rea de Nellis AFB. Para empezar, se enfrentar\u00e1 a algunos expertos legales altamente experimentados que defienden a la aseguradora. Sus posibilidades de ganar son, por lo tanto, muy escasas. Es por eso que tambi\u00e9n debe tener un equipo de abogados experimentados y dedicados a su lado.<\/p>\n<p>Las estad\u00edsticas muestran que las personas que trabajan con abogados calificados a menudo abandonan el caso con una compensaci\u00f3n m\u00e1s alta. Los abogados de colisi\u00f3n de tr\u00e1nsito de Nellis AFB en McDonald Worley son plenamente conscientes de cada truco que utilizan las aseguradoras para tratar de hacer que las v\u00edctimas de los accidentes acepten ofertas de liquidaci\u00f3n m\u00e1s bajas. Recopilaran suficiente evidencia para presentar un caso herm\u00e9tico que respalde su reclamo.<\/p>\n<p>Muchas v\u00edctimas de colisiones automotrices que intentan contratar a las compa\u00f1\u00edas de seguros sin la ayuda legal de expertos en derecho a menudo pierden evidencia vital que podr\u00eda haber reforzado su reclamo y verlos obtener un acuerdo m\u00e1s alto. Como tal, en su mayor\u00eda terminan tomando una oferta menor que se merecen. A veces, argumentar a favor de una compensaci\u00f3n puede ser un desaf\u00edo mayor cuando es dif\u00edcil determinar la responsabilidad directa por el accidente automovil\u00edstico. Es por eso que lo ideal es contratar a la mejor representaci\u00f3n legal.<\/p>\n<h2>\u00bfPor qu\u00e9 los accidentes de tr\u00e1fico son tan frecuentes en Nellis AFB?<\/h2>\n<p>Los accidentes de tr\u00e1fico pueden ocurrir debido a varias razones diferentes. Algunas de las causas m\u00e1s comunes de colisiones de autom\u00f3viles en Nellis AFB incluyen:<\/p>\n<h3>Conducci\u00f3n distraida.<\/h3>\n<p>Los accidentes de tr\u00e1fico pueden deberse a una conducci\u00f3n distra\u00edda. El uso de tel\u00e9fonos m\u00f3viles al volante es una de las principales causas de la conducci\u00f3n distra\u00edda. Otras acciones que contribuyen a dicha conducta incluye calibrar el GPS del veh\u00edculo, cambiar la radio, manipular los cinturones de seguridad, alcanzar algo en la guantera y buscar art\u00edculos en el autom\u00f3vil. Algunos conductores tambi\u00e9n se distraen al hablar con los pasajeros o al observar el paisaje.<\/p>\n<h3>Caminos inseguros y mal tiempo.<\/h3>\n<p>Las carreteras se vuelven un poco inseguras durante las condiciones clim\u00e1ticas adversas. El tr\u00e1fico pesado y las obras viales tambi\u00e9n se suman a los problemas, aumentando as\u00ed la probabilidad de que ocurra un accidente.<\/p>\n<h3>Conducir ebrio.<\/h3>\n<p>Conducir bajo la influencia del alcohol o las drogas lo convierte en una amenaza para la carretera. Estar intoxicado perjudica su juicio y ralentiza su tiempo de reacci\u00f3n ante una emergencia. Muchos de los accidentes de tr\u00e1nsito est\u00e1n relacionados con la conducci\u00f3n en estado de ebriedad.<\/p>\n<h3>Conducci\u00f3n temeraria.<\/h3>\n<p>Los conductores imprudentes son un peligro para otros usuarios de la carretera. Por ejemplo, los conductores que circulan por el tr\u00e1fico, conducen demasiado r\u00e1pido o negocian curvas o giros a altas velocidades aumentan exponencialmente la probabilidad de que ocurra un accidente.<\/p>\n<p><img loading=\"lazy\" decoding=\"async\" class=\"alignnone wp-image-31799 size-full\" src=\"https:\/\/mcdonaldworley.com\/wp-content\/uploads\/2020\/02\/reckless-driving-500x332-1.jpg\" alt=\"A reckless driver in Nellis AFB.\" width=\"500\" height=\"332\" title=\"\" srcset=\"https:\/\/mcdonaldworley.com\/wp-content\/uploads\/2020\/02\/reckless-driving-500x332-1.jpg 500w, https:\/\/mcdonaldworley.com\/wp-content\/uploads\/2020\/02\/reckless-driving-500x332-1-300x199.jpg 300w\" sizes=\"auto, (max-width: 500px) 100vw, 500px\" \/><\/p>\n<h3>Piezas defectuosas del autom\u00f3vil.<\/h3>\n<p>Los veh\u00edculos que tienen sistemas defectuosos debido a un servicio y mantenimiento inadecuados, o la falta de ellos, son un accidente que espera suceder.<\/p>\n<p>Es evidente, dados los ejemplos anteriores, los accidentes automovil\u00edsticos pueden ocurrir debido a diferentes razones. Sin embargo, usted debe tomar las medidas legales correctas independientemente de c\u00f3mo ocurri\u00f3 el incidente. Hacer esto asegura que protege sus derechos y aumenta las posibilidades de ser compensado por sus p\u00e9rdidas.<\/p>\n<h2>\u00bfQu\u00e9 debo hacer si sufro lesiones en un accidente automovil\u00edstico?<\/h2>\n<p>Si usted o un pasajero resultan lesionado en el accidente, debe seguir los siguientes pasos:<\/p>\n<ul>\n<li>Llame al 911 y solicite asistencia m\u00e9dica de emergencia.<\/li>\n<li>Aseg\u00farese de que un m\u00e9dico lo revise, incluso si no siente o piensa que est\u00e1 lesionado.<\/li>\n<li>Evite hablar demasiado con la polic\u00eda. Solo brinde suficiente informaci\u00f3n que los ayudar\u00e1 a completar su informe. Si cree que tiene la culpa en parte del incidente, evite dejar que la polic\u00eda lo cometa; deber\u00edas dejar que los investigadores determinen la falla.<\/li>\n<li>Solo hable con la compa\u00f1\u00eda de seguros despu\u00e9s de haber consultado a su abogado.<\/li>\n<\/ul>\n<p>Debe limitar sus conversiones con otras personas hasta que haya hablado con su <a href=\"https:\/\/mcdonaldworley.com\/es\/pearland\/abogado-lesiones-personales\/\" target=\"_blank\" rel=\"noopener\">abogado de lesiones personales.<\/a>. Se asegurar\u00e1 de que no incrimine ni se culpe por el incidente. Evite apresurarse a aceptar las ofertas de liquidaci\u00f3n de las compa\u00f1\u00edas de seguros. T\u00f3mese el tiempo para examinar la naturaleza y el alcance de sus lesiones y da\u00f1os. Todos los costos en los que incurrir\u00e1 y en los que incurrir\u00e1 en el futuro es dinero que recuperar\u00e1 de la compensaci\u00f3n que se le otorgue. Tener un buen abogado desempe\u00f1ar\u00e1 un papel importante para garantizar que obtenga un acuerdo justo. Deje que el abogado maneje las negociaciones y otras cosas en su nombre.<\/p>\n<h2>\u00bfDebo hablar con la firma de seguros cuando mi abogado est\u00e1 ausente?<\/h2>\n<p>Debe comunicarse y informar a su proveedor de seguros del accidente poco despu\u00e9s de que ocurra para que sepan qu\u00e9 ocurri\u00f3. Debe tomar nota de la hora de la llamada que hizo a su compa\u00f1\u00eda de seguros y la persona con la que habl\u00f3 por tel\u00e9fono. Evite firmar cualquier documento o aceptar cualquier cosa que sus aseguradores o los del otro conductor le presenten antes de que su abogado los revise y apruebe.<\/p>\n<h2>\u00bfDebo aceptar la oferta de liquidaci\u00f3n de la agencia de seguros?<\/h2>\n<p>Nunca olvides que las compa\u00f1\u00edas de seguros buscan obtener ganancias. Har\u00e1n lo que puedan para evitar el pago de reclamos y, si no, dar\u00e1n la menor cantidad posible. Puede evitar que las firmas de seguros lo cambien si contrata <a href=\"https:\/\/mcdonaldworley.com\/es\/baytown\/abogado-accidentes-automovilisticos\/\" target=\"_blank\" rel=\"noopener\">abogados con experiencia en accidentes automovil\u00edsticos<\/a> en McDonald Worley Law Firm..<\/p>\n<h2>\u00bfC\u00f3mo determinan las empresas de seguros en Nellis AFB la falla en los accidentes de tr\u00e1fico?<\/h2>\n<p>Algunos estados en los Estados Unidos tienen leyes de seguro por culpa, mientras que otros acatan las leyes sin culpa. Diferenciar las dos leyes es esencial para saber c\u00f3mo se determina la culpa en los accidentes de tr\u00e1nsito en un estado en particular.<\/p>\n<p>Los estados con leyes sin culpa permiten a los conductores involucrados en un accidente hacer un reclamo con sus proveedores de seguros independientemente de qui\u00e9n tenga la culpa del accidente. El conductor tambi\u00e9n puede presentar una demanda contra la otra parte culpable, dependiendo de la extensi\u00f3n de las lesiones o da\u00f1os a la propiedad. Sin embargo, dicha demanda debe cumplir ciertos umbrales.<\/p>\n<p><img loading=\"lazy\" decoding=\"async\" class=\"alignnone wp-image-31807 size-full\" src=\"https:\/\/mcdonaldworley.com\/wp-content\/uploads\/2020\/02\/lawyer-500x221-1.jpg\" alt=\"A lawyer on the phone with a client who was in a car accident in Nellis AFB.\" width=\"500\" height=\"221\" title=\"\" srcset=\"https:\/\/mcdonaldworley.com\/wp-content\/uploads\/2020\/02\/lawyer-500x221-1.jpg 500w, https:\/\/mcdonaldworley.com\/wp-content\/uploads\/2020\/02\/lawyer-500x221-1-300x133.jpg 300w\" sizes=\"auto, (max-width: 500px) 100vw, 500px\" \/><\/p>\n<p>El estado de Nevada utiliza leyes de seguro por culpa que estipulan que el conductor culpable debe pagar los da\u00f1os o lesiones que causaron en un accidente. La v\u00edctima que no tiene la culpa puede buscar una compensaci\u00f3n de la compa\u00f1\u00eda de seguros de otro conductor. Pero para ser compensada, se espera que la v\u00edctima proporcione suficientes pruebas de culpa. Eso significa probar la culpa por parte del otro conductor, y esto implica reunir muchas pruebas y documentos con informaci\u00f3n como nombres y declaraciones de los testigos y las pruebas recopiladas en la escena, as\u00ed como una copia del informe policial.<\/p>\n<p>La negligencia contributiva tambi\u00e9n es otro factor que tiene prioridad en el estado de Nevada a la hora de determinar la compensaci\u00f3n. Significa que el monto otorgado est\u00e1 sujeto al nivel de responsabilidad o culpa que usted tenga por el <a href=\"https:\/\/mcdonaldworley.com\/es\/quede-paralizado-despues-de-accidente-auto\/\" target=\"_blank\" rel=\"noopener\">accidente automovil\u00edstico.<\/a>. Si su culpa es mayor que la del otro conductor, entonces su reclamo no es v\u00e1lido. La mayor\u00eda de los estados que tienen las leyes de seguro de culpa son criticados por exigir a las v\u00edctimas de accidentes que demuestren la culpa del otro conductor. Independientemente de esto, las leyes de seguro por culpa tienen beneficios sustanciales sobre las leyes de seguro sin culpa. Un beneficio clave es que le permiten a la v\u00edctima buscar compensaci\u00f3n por p\u00e9rdidas no econ\u00f3micas.<\/p>\n<h2>McDonald Worley revisar\u00e1 completamente su caso sin cargo<\/h2>\n<p>Es absolutamente necesaria una representaci\u00f3n profesional si ha tenido un accidente vehicular en Nellis AFB. Por lo tanto, debe llamarnos ya que haremos todo lo posible para asegurarnos de que <a href=\"https:\/\/mcdonaldworley.com\/es\/nuestras-victorias\/\">est\u00e9 bien compensado<\/a>. Brindamos nuestros servicios legales a cualquier persona en Nevada, Nellis AFB y sus alrededores.<\/p>\n","protected":false},"excerpt":{"rendered":"<p>Desafortunadamente, despu\u00e9s de la mayor\u00eda de los accidentes vehiculares generalmente hay lesiones y da\u00f1os a la propiedad. En el caso de que haya tenido un accidente y se haya lesionado debido a \u00e9l, es probable que tenga facturas de hospital costosas, da\u00f1os costosos en su veh\u00edculo u otra propiedad, as\u00ed como p\u00e9rdida de ingresos debido [&hellip;]<\/p>\n","protected":false},"author":65,"featured_media":0,"parent":32581,"menu_order":0,"comment_status":"closed","ping_status":"closed","template":"","meta":{"_acf_changed":false,"site-sidebar-layout":"default","site-content-layout":"","ast-site-content-layout":"default","site-content-style":"default","site-sidebar-style":"default","ast-global-header-display":"","ast-banner-title-visibility":"","ast-main-header-display":"","ast-hfb-above-header-display":"","ast-hfb-below-header-display":"","ast-hfb-mobile-header-display":"","site-post-title":"","ast-breadcrumbs-content":"","ast-featured-img":"","footer-sml-layout":"","ast-disable-related-posts":"","theme-transparent-header-meta":"","adv-header-id-meta":"","stick-header-meta":"","header-above-stick-meta":"","header-main-stick-meta":"","header-below-stick-meta":"","astra-migrate-meta-layouts":"default","ast-page-background-enabled":"default","ast-page-background-meta":{"desktop":{"background-color":"var(--ast-global-color-4)","background-image":"","background-repeat":"repeat","background-position":"center center","background-size":"auto","background-attachment":"scroll","background-type":"","background-media":"","overlay-type":"","overlay-color":"","overlay-opacity":"","overlay-gradient":""},"tablet":{"background-color":"","background-image":"","background-repeat":"repeat","background-position":"center center","background-size":"auto","background-attachment":"scroll","background-type":"","background-media":"","overlay-type":"","overlay-color":"","overlay-opacity":"","overlay-gradient":""},"mobile":{"background-color":"","background-image":"","background-repeat":"repeat","background-position":"center center","background-size":"auto","background-attachment":"scroll","background-type":"","background-media":"","overlay-type":"","overlay-color":"","overlay-opacity":"","overlay-gradient":""}},"ast-content-background-meta":{"desktop":{"background-color":"var(--ast-global-color-5)","background-image":"","background-repeat":"repeat","background-position":"center center","background-size":"auto","background-attachment":"scroll","background-type":"","background-media":"","overlay-type":"","overlay-color":"","overlay-opacity":"","overlay-gradient":""},"tablet":{"background-color":"var(--ast-global-color-5)","background-image":"","background-repeat":"repeat","background-position":"center center","background-size":"auto","background-attachment":"scroll","background-type":"","background-media":"","overlay-type":"","overlay-color":"","overlay-opacity":"","overlay-gradient":""},"mobile":{"background-color":"var(--ast-global-color-5)","background-image":"","background-repeat":"repeat","background-position":"center center","background-size":"auto","background-attachment":"scroll","background-type":"","background-media":"","overlay-type":"","overlay-color":"","overlay-opacity":"","overlay-gradient":""}},"footnotes":""},"class_list":["post-32586","page","type-page","status-publish","hentry"],"acf":[],"_links":{"self":[{"href":"https:\/\/mcdonaldworley.com\/es\/wp-json\/wp\/v2\/pages\/32586","targetHints":{"allow":["GET"]}}],"collection":[{"href":"https:\/\/mcdonaldworley.com\/es\/wp-json\/wp\/v2\/pages"}],"about":[{"href":"https:\/\/mcdonaldworley.com\/es\/wp-json\/wp\/v2\/types\/page"}],"author":[{"embeddable":true,"href":"https:\/\/mcdonaldworley.com\/es\/wp-json\/wp\/v2\/users\/65"}],"replies":[{"embeddable":true,"href":"https:\/\/mcdonaldworley.com\/es\/wp-json\/wp\/v2\/comments?post=32586"}],"version-history":[{"count":0,"href":"https:\/\/mcdonaldworley.com\/es\/wp-json\/wp\/v2\/pages\/32586\/revisions"}],"up":[{"embeddable":true,"href":"https:\/\/mcdonaldworley.com\/es\/wp-json\/wp\/v2\/pages\/32581"}],"wp:attachment":[{"href":"https:\/\/mcdonaldworley.com\/es\/wp-json\/wp\/v2\/media?parent=32586"}],"curies":[{"name":"wp","href":"https:\/\/api.w.org\/{rel}","templated":true}]}}