{"id":32582,"date":"2020-02-08T10:36:50","date_gmt":"2020-02-08T16:36:50","guid":{"rendered":"https:\/\/abconlinehold.wpengine.com\/nellis-afb\/personal-injury-lawyer\/"},"modified":"2021-08-12T12:06:04","modified_gmt":"2021-08-12T17:06:04","slug":"abogado-lesiones-personales","status":"publish","type":"page","link":"https:\/\/mcdonaldworley.com\/es\/nellis-afb\/abogado-lesiones-personales\/","title":{"rendered":"Abogado de lesiones personales de Nellis AFB"},"content":{"rendered":"<p>\u00bfNecesita un abogado de lesiones personales de Nellis AFB? Seg\u00fan la ley, las lesiones personales se producen cuando un individuo resulta lesionado debido a la negligencia o descuido de otro individuo. Los accidentes automovil\u00edsticos se encuentran entre los tipos m\u00e1s comunes de lesiones personales. Tambi\u00e9n con frecuencia tienen graves consecuencias para la v\u00edctima, incluido el sufrimiento f\u00edsico, financiero y mental. Afortunadamente, se han implementado lesiones personales para permitir que las v\u00edctimas de lesiones personales busquen la compensaci\u00f3n que necesitan en todas sus facturas m\u00e9dicas, as\u00ed como otros gastos incurridos como resultado del accidente.<\/p>\n<p>Sin embargo, buscar una compensaci\u00f3n es a menudo un proceso muy complicado y largo. Definitivamente no desea tener que lidiar con un proceso legal complejo adem\u00e1s de todo lo que pueda estar experimentando. Es por eso que le recomendamos que busque un abogado de lesiones personales en Nellis AFB para trabajar, idealmente un abogado de McDonald Worley que pueda ayudarlo con su caso. Todos los abogados de McDonald Worley tienen antecedentes comprobados en ayudar a los clientes a obtener la compensaci\u00f3n que se merecen y necesitan. Nuestro abogado luchar\u00e1 y proteger\u00e1 sus derechos y usted para que pueda concentrarse en la curaci\u00f3n de sus lesiones.<\/p>\n<p><img loading=\"lazy\" decoding=\"async\" class=\"alignnone wp-image-31872 size-full\" src=\"https:\/\/mcdonaldworley.com\/wp-content\/uploads\/2020\/02\/nellis-afb-injury-law-firm-mcdonald-worley-2.jpg\" alt=\"A personal injury at McDonald Worley. \" width=\"500\" height=\"334\" title=\"\" srcset=\"https:\/\/mcdonaldworley.com\/wp-content\/uploads\/2020\/02\/nellis-afb-injury-law-firm-mcdonald-worley-2.jpg 500w, https:\/\/mcdonaldworley.com\/wp-content\/uploads\/2020\/02\/nellis-afb-injury-law-firm-mcdonald-worley-2-300x200.jpg 300w\" sizes=\"auto, (max-width: 500px) 100vw, 500px\" \/><\/p>\n<p>La ley de lesiones personales en Nevada tiene varios estatutos de limitaciones para diferentes tipos de accidentes. Hasta cierto punto, est\u00e1n relacionados con la culpa de cada una de las partes y tienen un efecto proporcionado y directo sobre la indemnizaci\u00f3n y los da\u00f1os recuperables. La ley ha puesto un l\u00edmite a algunos da\u00f1os recuperables, como los casos de negligencia m\u00e9dica.<\/p>\n<p>Hay numerosas v\u00edctimas de lesiones personales en toda el \u00e1rea de Nellis AFB que necesitan ayuda todos los d\u00edas. Cada caso, por supuesto, tendr\u00e1 sus propios problemas y complejidades, que van desde la responsabilidad del producto hasta la compensaci\u00f3n del trabajador y los accidentes automovil\u00edsticos. En la mayor\u00eda de los casos, es muy importante poder navegar por las diversas regulaciones federales y estatales de Nevada. Por lo tanto, es esencial llamar a <a href=\"\/es\">nuestro bufete de abogados especializados en lesiones personales<\/a> justo despu\u00e9s de que ocurra el accidente. Nuestros abogados siempre le ofrecer\u00e1n su consulta legal inicial totalmente gratis. Esta oportunidad se puede utilizar para informarnos sobre su caso. Luego podemos discutir sus opciones con usted y las posibilidades de que tenga que recibir una compensaci\u00f3n. Despu\u00e9s de tener toda la informaci\u00f3n necesaria, puede tomar una decisi\u00f3n sobre c\u00f3mo le gustar\u00eda proceder.<\/p>\n\n<h2>Despu\u00e9s de que me lesione, \u00bfqu\u00e9 debo hacer?<\/h2>\n<p>Despu\u00e9s de que haya resultado lesionado, lo primero que debe hacer es recibir atenci\u00f3n m\u00e9dica por sus lesiones. Dependiendo del tipo de lesiones que sufren, eso significa recibir una evaluaci\u00f3n m\u00e9dica completa en la sala de emergencias. La compa\u00f1\u00eda de seguros del oponente puede intentar argumentar que realmente no result\u00f3 herido si no ingresa para recibir tratamiento despu\u00e9s del accidente. Recuerde, idealmente, las compa\u00f1\u00edas de seguros quieren pagarle la menor cantidad de dinero posible, si corresponde. La \u00fanica forma en que pueden hacerlo es demostrar que no tuvo lesiones graves.<\/p>\n<p>\u00bfPor qu\u00e9 McDonald Worley es una opci\u00f3n tan excepcional?<br \/>\nSi ha resultado lesionado, es muy importante contar con <a href=\"https:\/\/mcdonaldworley.com\/es\/cypress\/abogado-lesiones-personales\/\" target=\"_blank\" rel=\"noopener\">abogados de lesiones personales<\/a> de su lado en los que pueda confiar y en los que pueda confiar.. Aqu\u00ed en McDonald Worley, tomamos nuestros trabajos con bastante seriedad. Haremos todo lo posible y la dedicaci\u00f3n que se requiere para ayudarlo a recibir la compensaci\u00f3n que se merece y necesita por sus diversos da\u00f1os, incluida su angustia mental y sufrimiento, as\u00ed como las lesiones que ha sufrido como resultado del accidente. Entendemos que ha pasado por mucho y est\u00e1 tratando de tener salud mental y f\u00edsica. Queremos ayudarle en todo lo que podamos.<\/p>\n<ul>\n<li>Somos abogados acreditados que trabajamos con nuestros clientes utilizando un enfoque anticuado.<\/li>\n<li>Prestamos mucha atenci\u00f3n a todos los detalles y revisaremos todos los detalles involucrados en su situaci\u00f3n con mucho cuidado antes de ayudarlo a presentar su reclamo.<\/li>\n<li>Tenemos un conocimiento profundo de las leyes de lesiones personales de Nevada<\/li>\n<li>Nunca tendr\u00e1 que preocuparse por pagar los servicios legales que brindamos hasta que tengamos una compensaci\u00f3n por usted.<\/li>\n<li>Brindamos el soporte que necesita y estamos disponibles para responder cualquier pregunta que tenga.<\/li>\n<\/ul>\n<h2>\u00bfQu\u00e9 recibir\u00e9 de mi acuerdo?<\/h2>\n<p>Es posible que tenga curiosidad acerca de la cantidad de compensaci\u00f3n que puede recibir y lo que generalmente cubre su compensaci\u00f3n. Idealmente, se le debe otorgar una compensaci\u00f3n para cubrir los diversos da\u00f1os en los que incurri\u00f3 como resultado del accidente. Tiene derecho a presentar un reclamo por da\u00f1os tangibles y intangibles, que incluyen los ingresos o salarios que ya no recibe porque no puede trabajar, las facturas del hospital que recibe, el medicamento que le recetaron para ayudar a tratar el lesiones, los impedimentos que sufri\u00f3 por los accidentes y cualquier dolor emocional que usted y sus seres queridos est\u00e9n experimentando como resultado del accidente. Algunas personas sufren de ansiedad grave, depresi\u00f3n o trastorno de estr\u00e9s postraum\u00e1tico despu\u00e9s de un accidente.<\/p>\n<p><img loading=\"lazy\" decoding=\"async\" class=\"alignnone size-full wp-image-31868\" src=\"https:\/\/mcdonaldworley.com\/wp-content\/uploads\/2020\/02\/nellis-afb-injury-law-firm-mcdonald-worley.jpg\" alt=\"A Nellis AFB personal injury lawyer. \" width=\"500\" height=\"333\" title=\"\" srcset=\"https:\/\/mcdonaldworley.com\/wp-content\/uploads\/2020\/02\/nellis-afb-injury-law-firm-mcdonald-worley.jpg 500w, https:\/\/mcdonaldworley.com\/wp-content\/uploads\/2020\/02\/nellis-afb-injury-law-firm-mcdonald-worley-300x200.jpg 300w\" sizes=\"auto, (max-width: 500px) 100vw, 500px\" \/><\/p>\n<h2>\u00bfCu\u00e1nto tiempo tengo para presentar mi reclamo por lesiones personales?<\/h2>\n<p>El estatuto de limitaciones se refiere al l\u00edmite de tiempo legal que se utiliza para determinar cu\u00e1ndo puede iniciar una acci\u00f3n para un reclamo civil. Todos los estados tienen su propio estatuto de limitaciones para diferentes tipos de reclamos. Los estatutos de limitaciones en Nevada son:<\/p>\n<ul>\n<li><a href=\"https:\/\/mcdonaldworley.com\/es\/las-vegas\/abogado-de-muerte-injusta\">Muerte Injusta<\/a>: Dos a\u00f1os a partir de la fecha de fallecimiento del fallecido.<\/li>\n<li>Responsabilidad del producto: tres a\u00f1os a partir de la fecha en que ocurri\u00f3 la lesi\u00f3n<\/li>\n<li>Negligencia m\u00e9dica: tres a\u00f1os a partir de la fecha en que ocurri\u00f3 una omisi\u00f3n o un acto negligente que caus\u00f3 una lesi\u00f3n, o un a\u00f1o despu\u00e9s de la fecha en que se descubri\u00f3 la lesi\u00f3n o cuando deber\u00eda haberse descubierto razonablemente<\/li>\n<li>Lesiones personales: dos a\u00f1os a partir de la fecha en que ocurri\u00f3 la lesi\u00f3n<\/li>\n<\/ul>\n<h2>P\u00f3ngase en contacto con un abogado de lesiones de Nellis AFB en McDonald Worley hoy<\/h2>\n<p>Nuestro bufete de abogados ofrece una consulta inicial sin riesgos a todos nuestros clientes. Si desea obtener los mejores resultados posibles, comun\u00edquese con uno de nuestros abogados inmediatamente despu\u00e9s de recibir atenci\u00f3n m\u00e9dica. Hay un estatuto de limitaciones en la mayor\u00eda de los reclamos por lesiones personales. Este l\u00edmite es de 2 a\u00f1os despu\u00e9s del accidente en la mayor\u00eda de los casos. Aunque eso puede parecer mucho tiempo, realmente no lo es. Adem\u00e1s, algunas consecuencias de un accidente, como da\u00f1o cerebral, pueden no ser evidencia durante bastante tiempo, y puede ser casi imposible presentar un reclamo una vez que haya transcurrido el plazo de 2 a\u00f1os.<\/p>\n<p>Nuestros abogados tienen experiencia particular en la investigaci\u00f3n de casos de accidentes. Sin embargo, solicitamos que nuestros clientes recopilen todo el papel y los registros y lo traigan con ellos a su consulta inicial. Puede incluir v\u00eddeos y \/ o fotos de la escena del accidente, un informe policial, un informe m\u00e9dico u otras formas de evidencia relacionadas con su caso. Por lo general, esos documentos son la base de su caso.<\/p>\n<p>Durante su consulta inicial gratuita, nuestro abogado de <a href=\"https:\/\/www.nellis.af.mil\/\" target=\"_blank\" rel=\"noopener noreferrer nofollow\">Nellis AFB<\/a> lo escuchar\u00e1 atentamente mientras le informa su cuenta de los eventos ocurridos, revisar\u00e1 todas las pruebas disponibles y luego le informar\u00e1 sobre las opciones disponibles. Siempre que sea posible, le proporcionaremos una estimaci\u00f3n de la cantidad de compensaci\u00f3n para la que puede ser elegible.<\/p>\n<p>Si decide contratar a uno de nuestros abogados de Nellis AFB para que lo ayude a obtener la compensaci\u00f3n que se merece y necesita, le garantizamos que haremos todo lo posible para hacer precisamente eso. Nuestra principal prioridad, de hecho, es luchar duro por usted, mantener sus intereses <a href=\"https:\/\/mcdonaldworley.com\/consumer-protection-law\/save-your-home\/\" target=\"_blank\" rel=\"noopener\">protegidos y ganar su caso<\/a> para permitirle obtener la m\u00e1xima compensaci\u00f3n posible.. Todos los abogados de lesiones personales en McDonald Worley tienen en cuenta estos principios en todo momento, y usted puede confiar en ellos en cada etapa de su caso.<br \/>\nP\u00f3ngase en contacto con McDonald Worley Law y comience oficialmente hoy en el proceso de buscar la compensaci\u00f3n que merece y necesita por sus lesiones y da\u00f1os.<\/p>\n","protected":false},"excerpt":{"rendered":"<p>\u00bfNecesita un abogado de lesiones personales de Nellis AFB? Seg\u00fan la ley, las lesiones personales se producen cuando un individuo resulta lesionado debido a la negligencia o descuido de otro individuo. Los accidentes automovil\u00edsticos se encuentran entre los tipos m\u00e1s comunes de lesiones personales. Tambi\u00e9n con frecuencia tienen graves consecuencias para la v\u00edctima, incluido el [&hellip;]<\/p>\n","protected":false},"author":65,"featured_media":0,"parent":32581,"menu_order":0,"comment_status":"closed","ping_status":"closed","template":"","meta":{"_acf_changed":false,"site-sidebar-layout":"default","site-content-layout":"","ast-site-content-layout":"default","site-content-style":"default","site-sidebar-style":"default","ast-global-header-display":"","ast-banner-title-visibility":"","ast-main-header-display":"","ast-hfb-above-header-display":"","ast-hfb-below-header-display":"","ast-hfb-mobile-header-display":"","site-post-title":"","ast-breadcrumbs-content":"","ast-featured-img":"","footer-sml-layout":"","ast-disable-related-posts":"","theme-transparent-header-meta":"","adv-header-id-meta":"","stick-header-meta":"","header-above-stick-meta":"","header-main-stick-meta":"","header-below-stick-meta":"","astra-migrate-meta-layouts":"default","ast-page-background-enabled":"default","ast-page-background-meta":{"desktop":{"background-color":"var(--ast-global-color-4)","background-image":"","background-repeat":"repeat","background-position":"center center","background-size":"auto","background-attachment":"scroll","background-type":"","background-media":"","overlay-type":"","overlay-color":"","overlay-opacity":"","overlay-gradient":""},"tablet":{"background-color":"","background-image":"","background-repeat":"repeat","background-position":"center center","background-size":"auto","background-attachment":"scroll","background-type":"","background-media":"","overlay-type":"","overlay-color":"","overlay-opacity":"","overlay-gradient":""},"mobile":{"background-color":"","background-image":"","background-repeat":"repeat","background-position":"center center","background-size":"auto","background-attachment":"scroll","background-type":"","background-media":"","overlay-type":"","overlay-color":"","overlay-opacity":"","overlay-gradient":""}},"ast-content-background-meta":{"desktop":{"background-color":"var(--ast-global-color-5)","background-image":"","background-repeat":"repeat","background-position":"center center","background-size":"auto","background-attachment":"scroll","background-type":"","background-media":"","overlay-type":"","overlay-color":"","overlay-opacity":"","overlay-gradient":""},"tablet":{"background-color":"var(--ast-global-color-5)","background-image":"","background-repeat":"repeat","background-position":"center center","background-size":"auto","background-attachment":"scroll","background-type":"","background-media":"","overlay-type":"","overlay-color":"","overlay-opacity":"","overlay-gradient":""},"mobile":{"background-color":"var(--ast-global-color-5)","background-image":"","background-repeat":"repeat","background-position":"center center","background-size":"auto","background-attachment":"scroll","background-type":"","background-media":"","overlay-type":"","overlay-color":"","overlay-opacity":"","overlay-gradient":""}},"footnotes":""},"class_list":["post-32582","page","type-page","status-publish","hentry"],"acf":[],"_links":{"self":[{"href":"https:\/\/mcdonaldworley.com\/es\/wp-json\/wp\/v2\/pages\/32582","targetHints":{"allow":["GET"]}}],"collection":[{"href":"https:\/\/mcdonaldworley.com\/es\/wp-json\/wp\/v2\/pages"}],"about":[{"href":"https:\/\/mcdonaldworley.com\/es\/wp-json\/wp\/v2\/types\/page"}],"author":[{"embeddable":true,"href":"https:\/\/mcdonaldworley.com\/es\/wp-json\/wp\/v2\/users\/65"}],"replies":[{"embeddable":true,"href":"https:\/\/mcdonaldworley.com\/es\/wp-json\/wp\/v2\/comments?post=32582"}],"version-history":[{"count":0,"href":"https:\/\/mcdonaldworley.com\/es\/wp-json\/wp\/v2\/pages\/32582\/revisions"}],"up":[{"embeddable":true,"href":"https:\/\/mcdonaldworley.com\/es\/wp-json\/wp\/v2\/pages\/32581"}],"wp:attachment":[{"href":"https:\/\/mcdonaldworley.com\/es\/wp-json\/wp\/v2\/media?parent=32582"}],"curies":[{"name":"wp","href":"https:\/\/api.w.org\/{rel}","templated":true}]}}