{"id":32570,"date":"2020-02-06T15:30:01","date_gmt":"2020-02-06T21:30:01","guid":{"rendered":"https:\/\/abconlinehold.wpengine.com\/henderson\/car-accident-lawyer\/"},"modified":"2021-08-17T07:03:04","modified_gmt":"2021-08-17T12:03:04","slug":"abogado-especialista-accidentes-automovilisticos","status":"publish","type":"page","link":"https:\/\/mcdonaldworley.com\/es\/henderson\/abogado-especialista-accidentes-automovilisticos\/","title":{"rendered":"Abogado Especialista en Accidentes Automovil\u00edsticos en Henderson"},"content":{"rendered":"<p>Un accidente automovil\u00edstico puede tener resultados devastadores. Cuando est\u00e1 cruzando las carreteras y est\u00e1 involucrado en un accidente, la colisi\u00f3n puede dejarlo con lesiones que cambian la vida, altos costos de reparaci\u00f3n de autom\u00f3viles y costosas facturas del hospital. Sus lesiones pueden hacer que se enfrente a una angustia f\u00edsica y emocional significativa. Si estuvo involucrado en un accidente de tr\u00e1fico en <a href=\"https:\/\/mcdonaldworley.com\/henderson\/\" target=\"_blank\" rel=\"noopener\">Henderson<\/a>, un abogado especializado en accidentes automovil\u00edsticos en Henderson puede ayudarlo a presentar una demanda contra las partes responsables del accidente. Podemos manejar las negociaciones con las compa\u00f1\u00edas de seguros en su nombre y asegurarnos de que obtenga el mejor acuerdo posible por sus p\u00e9rdidas.<\/p>\n<p>Una vez que nos haya confiado su caso, nuestros abogados se asegurar\u00e1n de que dirija sus esfuerzos hacia su recuperaci\u00f3n y reconstruya su vida.<\/p>\n<p>En McDonald Worley, cada cliente que atraviesa las puertas de nuestra oficina es familiar. Esa es la filosof\u00eda que defendemos, por eso luchamos con u\u00f1as y dientes cuando representamos los intereses de nuestros clientes. Nuestros abogados est\u00e1n totalmente comprometidos a garantizar que usted y cualquier otra persona que necesite nuestra experiencia legal obtenga la mejor representaci\u00f3n legal. Trabajamos para asegurarnos de que nuestros clientes obtengan una compensaci\u00f3n para que atiendan sus facturas m\u00e9dicas pasadas, presentes y futuras, as\u00ed como los salarios perdidos y la propiedad da\u00f1ada. Asumimos a las aseguradoras obstinadas para que no tenga que enfrentarlas mientras intentan desacreditar sus reclamos o darle una oferta de liquidaci\u00f3n mediocre.<\/p>\n<p>Las compa\u00f1\u00edas de seguros tienen un equipo de abogados y ajustadores encargados de asegurarse de que las aseguradoras nunca sufran p\u00e9rdidas debido a reclamos de seguros. Lo hacen buscando lagunas que pueden aprovechar para ayudar a la empresa a descalificar sus reclamos de compensaci\u00f3n. Los abogados y ajustadores son un enemigo formidable que no quieres enfrentar solo. Sus posibilidades son mucho mejores cuando tiene <a href=\"\/es\">abogados de lesiones experimentados y comprometidos<\/a> de su lado. Nuestro abogado altamente capacitado y competente trabajar\u00e1 d\u00eda y noche para asegurarse de que est\u00e9 completamente compensado por su dolor, angustia y p\u00e9rdidas.<\/p>\n\n<h2>\u00bfCu\u00e1l es el costo de contratar a un abogado de accidentes automovil\u00edsticos en Henderson?<\/h2>\n<p>Muchas v\u00edctimas de <a href=\"https:\/\/mcdonaldworley.com\/es\/irvine\/abogado-especialista-accidentes-automovilisticos\/\" target=\"_blank\" rel=\"noopener\">accidentes de tr\u00e1fico no se acercan a los abogados<\/a> porque temen gastar grandes sumas de dinero en tales profesionales.. Adem\u00e1s, la colisi\u00f3n los habr\u00e1 dejado en un desastre financiero, por lo que carecen del efectivo para otras cosas. Afortunadamente, en McDonald Worley no queremos que te preocupes por el dinero. Puede y debe acercarse al uso despu\u00e9s de haber estado involucrado en una colisi\u00f3n de autom\u00f3viles, ya sea que tenga dinero o no. Revisaremos su caso y le asesoraremos sobre la mejor manera de proceder con el asunto.<\/p>\n<p>Recibir\u00e1 una consulta gratuita en la que escucharemos sus reclamos e intentaremos comprender todos los hechos relacionados con el incidente de tr\u00e1fico, luego intentaremos darle una cifra de compensaci\u00f3n provisional. Una vez que tomemos su caso, ser\u00e1 de forma contingente. Eso significa que solo nos pagar\u00e1 una vez que hayamos ganado el caso y le hayamos obtenido la compensaci\u00f3n que se merece. Nuestro pago ser\u00e1 un porcentaje acordado deducido del acuerdo adjudicado.<\/p>\n<h2>\u00bfCu\u00e1nta compensaci\u00f3n debo esperar despu\u00e9s de estar involucrado en un accidente automovil\u00edstico en Henderson?<\/h2>\n<p>Lo mucho que obtenga en el acuerdo est\u00e1 sujeto a la gravedad de sus lesiones. Tenga en cuenta que las circunstancias que rodean cada colisi\u00f3n automotriz tienden a variar, por lo que la compensaci\u00f3n tambi\u00e9n lo har\u00e1. Cuando determinamos la cantidad que usted merece, consideramos varios factores prevalentes. Por ejemplo, \u00bfsus lesiones son debilitantes y resultan en una discapacidad permanente? \u00bfHubo alguna muerte en el naufragio? \u00bfCu\u00e1l es el alcance del da\u00f1o a su veh\u00edculo? Investigaremos el accidente y recopilaremos toda la informaci\u00f3n necesaria para llegar a una cifra tentativa.<\/p>\n<p><img loading=\"lazy\" decoding=\"async\" class=\"alignnone size-full wp-image-31758\" src=\"https:\/\/mcdonaldworley.com\/wp-content\/uploads\/2020\/02\/car-accident-lawyer-in-henderson-mcdonal-worley.jpg\" alt=\"Car accident in Henderson, NV. \" width=\"500\" height=\"334\" title=\"\" srcset=\"https:\/\/mcdonaldworley.com\/wp-content\/uploads\/2020\/02\/car-accident-lawyer-in-henderson-mcdonal-worley.jpg 500w, https:\/\/mcdonaldworley.com\/wp-content\/uploads\/2020\/02\/car-accident-lawyer-in-henderson-mcdonal-worley-300x200.jpg 300w\" sizes=\"auto, (max-width: 500px) 100vw, 500px\" \/><\/p>\n<h2>\u00bfQu\u00e9 detalles debo reunir despu\u00e9s de un accidente en Henderson?<\/h2>\n<p>Debe recopilar la siguiente informaci\u00f3n despu\u00e9s del accidente para que sea m\u00e1s f\u00e1cil el proceso de presentar su reclamo.<\/p>\n<ul>\n<li>El nombre, n\u00famero de tel\u00e9fono, direcci\u00f3n f\u00edsica y otros detalles de contacto necesarios del otro conductor.<\/li>\n<li>Los nombres y detalles de contacto de cada pasajero en los veh\u00edculos involucrados en la colisi\u00f3n.<\/li>\n<li>Los nombres y la informaci\u00f3n de contacto de quienes presenciaron el incidente.<\/li>\n<li>La otra licencia de conducir.<\/li>\n<li>Los detalles del seguro del otro conductor que deben incluir el nombre y n\u00famero de p\u00f3liza de seguro de su asegurador y los contactos<br \/>\nEl VIN de los autos involucrados en el accidente.<\/li>\n<li>La marca, modelo y a\u00f1o de fabricaci\u00f3n de los otros veh\u00edculos.<\/li>\n<\/ul>\n<p>Despu\u00e9s de haber recopilado esta informaci\u00f3n, puede ir a su residencia y terminar de llenar un informe de accidente. Tambi\u00e9n debe ompletar un formulario SR-1 para fines de seguro. Tan pronto como termine de llenar el formulario, comun\u00edquese con su compa\u00f1\u00eda de seguros y inf\u00f3rmeles que estuvo involucrado en un accidente.<\/p>\n<h2>\u00bfDebo presentar el reclamo de compensaci\u00f3n con la compa\u00f1\u00eda de seguros?<\/h2>\n<p>Si usted o un ser querido ha estado involucrado en un accidente automovil\u00edstico en <a href=\"https:\/\/www.cityofhenderson.com\/\" target=\"_blank\" rel=\"noopener noreferrer nofollow\">Henderson<\/a> o en el estado de Nevada, en McDonald Worley le aconsejamos que haga lo siguiente al presentar un reclamo de compensaci\u00f3n:<\/p>\n<ol>\n<li>P\u00f3ngase en contacto con la <a href=\"https:\/\/mcdonaldworley.com\/es\/houston\/policia-accidentes-auto\/\" target=\"_blank\" rel=\"noopener\">polic\u00eda y solicite una copia del informe del accidente.<\/a>.<\/li>\n<li>Verifique el informe policial para obtener la informaci\u00f3n de contacto del otro conductor y los posibles testigos si nunca obtiene sus datos de contacto.<\/li>\n<li>Informe a su proveedor de seguros del accidente<\/li>\n<li>Comun\u00edquese con su abogado lo antes posible para garantizar su derecho a un acuerdo justo<\/li>\n<\/ol>\n<p>Cuando nos contrata para manejar el reclamo o la demanda por usted, tomaremos un enfoque firme cuando tratemos con la compa\u00f1\u00eda de seguros. Nuestro equipo de abogados competentes reunir\u00e1 toda la evidencia relevante y elaborar\u00e1 un caso s\u00f3lido.<\/p>\n<h2>\u00bfC\u00f3mo determina Nevada la falla en un accidente automovil\u00edstico?<\/h2>\n<p>Desde Nevada, como las leyes de seguro culpables, se espera que el conductor responsable del accidente pague los da\u00f1os. Por lo tanto, determinar qui\u00e9n tiene la culpa es muy necesario. Su reclamo puede ser rechazado si no puede probar que el otro conductor tuvo la culpa.<\/p>\n<p>La culpa en el estado de Nevada se determina teniendo en cuenta cualquier evidencia de negligencia, descuido o imprudencia per se. Si hay \u00abper se\u00bb, significa que el conductor viol\u00f3 un estatuto o ley. Si no es \u00abper se\u00bb, entonces el conductor no ejerce un cuidado razonable al operar el veh\u00edculo. Esto significa que el conductor es responsable del accidente, incluso si no viol\u00f3 la ley.<\/p>\n<p>Todo sirve para mostrar cu\u00e1n dif\u00edcil puede ser el proceso de probar la culpa; Es algo que requiere una investigaci\u00f3n exhaustiva. El proceso implica la recopilaci\u00f3n de pruebas de apoyo para el reclamo. La informaci\u00f3n recopilada servir\u00e1 como prueba y puede incluir im\u00e1genes del accidente, escombros, declaraciones de testigos y detalles de una copia del informe policial, entre cualquier otra informaci\u00f3n relevante.<\/p>\n<p>Durante la investigaci\u00f3n, tambi\u00e9n se consideran otros detalles como las condiciones de las carreteras, el clima, el nivel de tr\u00e1fico, la se\u00f1alizaci\u00f3n vial disponible y la iluminaci\u00f3n. A veces, se puede llamar a expertos en reconstrucci\u00f3n de accidentes para ayudar a pintar una imagen de lo que sucedi\u00f3 y determinar qui\u00e9n es el culpable del accidente. En algunos casos, ambos conductores compartir\u00e1n la culpa. Si eso sucede, la ley de negligencia comparativa estar\u00e1 vigente y afectar\u00e1 el monto de su compensaci\u00f3n.<\/p>\n<p><img loading=\"lazy\" decoding=\"async\" class=\"alignnone wp-image-31760 size-full\" src=\"https:\/\/mcdonaldworley.com\/wp-content\/uploads\/2020\/02\/henderson-car-accident-lawyer-mcdonald-worley.jpg\" alt=\"A car that has ran off the word in Henderson, NV.\" width=\"500\" height=\"334\" title=\"\" srcset=\"https:\/\/mcdonaldworley.com\/wp-content\/uploads\/2020\/02\/henderson-car-accident-lawyer-mcdonald-worley.jpg 500w, https:\/\/mcdonaldworley.com\/wp-content\/uploads\/2020\/02\/henderson-car-accident-lawyer-mcdonald-worley-300x200.jpg 300w\" sizes=\"auto, (max-width: 500px) 100vw, 500px\" \/><\/p>\n<h2>\u00bfQu\u00e9 da\u00f1os puedo seguir despu\u00e9s de un accidente de tr\u00e1fico?<\/h2>\n<p>Es com\u00fan que la mayor\u00eda de las v\u00edctimas de accidentes no reclamen todas las p\u00e9rdidas en que incurrieron. Las p\u00e9rdidas o da\u00f1os pueden clasificarse en dos grupos principales: da\u00f1os econ\u00f3micos y no econ\u00f3micos.<\/p>\n<h3>Da\u00f1os econ\u00f3micos?<\/h3>\n<p>Por lo general, est\u00e1n asociados con p\u00e9rdidas financieras. Ejemplos de da\u00f1os econ\u00f3micos incluyen:<\/p>\n<ul>\n<li>Gastos m\u00e9dicos<\/li>\n<li>Salarios perdidos<\/li>\n<li>Costos de reparaci\u00f3n de propiedad da\u00f1ada.<\/li>\n<li>P\u00e9rdida de ganancias futuras<\/li>\n<\/ul>\n<h3>Da\u00f1os no econ\u00f3micos<\/h3>\n<p>Cubren cualquier problema que surja despu\u00e9s del accidente, que no tenga un valor monetario espec\u00edfico. Los ejemplos de da\u00f1os no econ\u00f3micos incluyen:<\/p>\n<ul>\n<li>Cicatrizaci\u00f3n y desfiguraci\u00f3n<\/li>\n<li>P\u00e9rdida de consorcio<\/li>\n<li>Angustia o angustia f\u00edsica, mental y emocional<\/li>\n<li>Dolor<\/li>\n<li>P\u00e9rdida de la capacidad de conducir y disfrutar de una vida normal.<\/li>\n<\/ul>\n<p>Determinar la compensaci\u00f3n debida por da\u00f1os no econ\u00f3micos puede ser un desaf\u00edo. Sin embargo, puede conocer la compensaci\u00f3n total que podr\u00eda recibir si contrata los servicios de un <a href=\"https:\/\/mcdonaldworley.com\/es\/the-woodlands\/abogado-especialista-accidentes-automovilisticos\/\" target=\"_blank\" rel=\"noopener\">abogado experimentado en accidentes automovil\u00edsticos<\/a>.. Un <a href=\"https:\/\/mcdonaldworley.com\/es\/henderson\/abogado-lesione-personales\/\" target=\"_blank\" rel=\"noopener\">abogado de lesiones de Henderson<\/a> aqu\u00ed en Mc Donald Worley puede calcular el monto adeudado por los da\u00f1os \/ p\u00e9rdidas no econ\u00f3micas y econ\u00f3micas.. Tenga en cuenta que puede perseguir los da\u00f1os punitivos que se imponen para castigar al conductor culpable por negligencia o conducta maliciosa que causa el accidente.<\/p>\n<h2>Habla con un abogado de accidentes automovil\u00edsticos en Henderson<\/h2>\n<p>P\u00f3ngase en contacto con la oficina legal de McDonald Worley hoy si ha tenido un accidente de tr\u00e1fico en Henderson o en el \u00e1rea metropolitana de Nevada, y est\u00e1 pensando en buscar una indemnizaci\u00f3n por sus lesiones. Puede llamar o completar nuestro formulario de contacto en l\u00ednea, y nos pondremos en contacto con usted. Somos una firma de abogados reconocida, aclamada por ser compasiva y comprometida con nuestros clientes. Consideramos a las personas a las que ofrecemos nuestros servicios como una familia, es por eso que luchamos con u\u00f1as y dientes para garantizar que reciban una compensaci\u00f3n completa.<\/p>\n<p>Si est\u00e1 buscando los mejores expertos legales para representarlo, somos quienes necesita. Ll\u00e1menos hoy y perm\u00edtanos asegurarnos de que su reclamo de compensaci\u00f3n comience con buen pie. Le conseguiremos los <a href=\"https:\/\/mcdonaldworley.com\/es\/nuestras-victorias\/\">resultados <\/a>que usted merece.<\/p>\n","protected":false},"excerpt":{"rendered":"<p>Un accidente automovil\u00edstico puede tener resultados devastadores. Cuando est\u00e1 cruzando las carreteras y est\u00e1 involucrado en un accidente, la colisi\u00f3n puede dejarlo con lesiones que cambian la vida, altos costos de reparaci\u00f3n de autom\u00f3viles y costosas facturas del hospital. Sus lesiones pueden hacer que se enfrente a una angustia f\u00edsica y emocional significativa. Si estuvo [&hellip;]<\/p>\n","protected":false},"author":65,"featured_media":0,"parent":32563,"menu_order":0,"comment_status":"closed","ping_status":"closed","template":"","meta":{"_acf_changed":false,"site-sidebar-layout":"default","site-content-layout":"","ast-site-content-layout":"default","site-content-style":"default","site-sidebar-style":"default","ast-global-header-display":"","ast-banner-title-visibility":"","ast-main-header-display":"","ast-hfb-above-header-display":"","ast-hfb-below-header-display":"","ast-hfb-mobile-header-display":"","site-post-title":"","ast-breadcrumbs-content":"","ast-featured-img":"","footer-sml-layout":"","ast-disable-related-posts":"","theme-transparent-header-meta":"","adv-header-id-meta":"","stick-header-meta":"","header-above-stick-meta":"","header-main-stick-meta":"","header-below-stick-meta":"","astra-migrate-meta-layouts":"default","ast-page-background-enabled":"default","ast-page-background-meta":{"desktop":{"background-color":"var(--ast-global-color-4)","background-image":"","background-repeat":"repeat","background-position":"center center","background-size":"auto","background-attachment":"scroll","background-type":"","background-media":"","overlay-type":"","overlay-color":"","overlay-opacity":"","overlay-gradient":""},"tablet":{"background-color":"","background-image":"","background-repeat":"repeat","background-position":"center center","background-size":"auto","background-attachment":"scroll","background-type":"","background-media":"","overlay-type":"","overlay-color":"","overlay-opacity":"","overlay-gradient":""},"mobile":{"background-color":"","background-image":"","background-repeat":"repeat","background-position":"center center","background-size":"auto","background-attachment":"scroll","background-type":"","background-media":"","overlay-type":"","overlay-color":"","overlay-opacity":"","overlay-gradient":""}},"ast-content-background-meta":{"desktop":{"background-color":"var(--ast-global-color-5)","background-image":"","background-repeat":"repeat","background-position":"center center","background-size":"auto","background-attachment":"scroll","background-type":"","background-media":"","overlay-type":"","overlay-color":"","overlay-opacity":"","overlay-gradient":""},"tablet":{"background-color":"var(--ast-global-color-5)","background-image":"","background-repeat":"repeat","background-position":"center center","background-size":"auto","background-attachment":"scroll","background-type":"","background-media":"","overlay-type":"","overlay-color":"","overlay-opacity":"","overlay-gradient":""},"mobile":{"background-color":"var(--ast-global-color-5)","background-image":"","background-repeat":"repeat","background-position":"center center","background-size":"auto","background-attachment":"scroll","background-type":"","background-media":"","overlay-type":"","overlay-color":"","overlay-opacity":"","overlay-gradient":""}},"footnotes":""},"class_list":["post-32570","page","type-page","status-publish","hentry"],"acf":[],"_links":{"self":[{"href":"https:\/\/mcdonaldworley.com\/es\/wp-json\/wp\/v2\/pages\/32570","targetHints":{"allow":["GET"]}}],"collection":[{"href":"https:\/\/mcdonaldworley.com\/es\/wp-json\/wp\/v2\/pages"}],"about":[{"href":"https:\/\/mcdonaldworley.com\/es\/wp-json\/wp\/v2\/types\/page"}],"author":[{"embeddable":true,"href":"https:\/\/mcdonaldworley.com\/es\/wp-json\/wp\/v2\/users\/65"}],"replies":[{"embeddable":true,"href":"https:\/\/mcdonaldworley.com\/es\/wp-json\/wp\/v2\/comments?post=32570"}],"version-history":[{"count":0,"href":"https:\/\/mcdonaldworley.com\/es\/wp-json\/wp\/v2\/pages\/32570\/revisions"}],"up":[{"embeddable":true,"href":"https:\/\/mcdonaldworley.com\/es\/wp-json\/wp\/v2\/pages\/32563"}],"wp:attachment":[{"href":"https:\/\/mcdonaldworley.com\/es\/wp-json\/wp\/v2\/media?parent=32570"}],"curies":[{"name":"wp","href":"https:\/\/api.w.org\/{rel}","templated":true}]}}