{"id":32564,"date":"2020-02-06T15:30:07","date_gmt":"2020-02-06T21:30:07","guid":{"rendered":"https:\/\/abconlinehold.wpengine.com\/henderson\/personal-injury-attorney\/"},"modified":"2021-08-17T07:03:44","modified_gmt":"2021-08-17T12:03:44","slug":"personal-injury-attorney","status":"publish","type":"page","link":"https:\/\/mcdonaldworley.com\/es\/henderson\/abogado-lesione-personales\/","title":{"rendered":"Abogado de Lesiones Personales en Henderson"},"content":{"rendered":"<p>Lesi\u00f3n personal se refiere a alguien que se lastima debido a la negligencia de otra parte. Los accidentes de veh\u00edculos se encuentran entre los ejemplos m\u00e1s comunes. Estos tipos de pueden tener impactos negativos muy graves en un individuo, incluidos los efectos financieros, mentales y f\u00edsicos. Afortunadamente, la ley de lesiones personales est\u00e1 ah\u00ed para ayudarlo a obtener una compensaci\u00f3n por gastos m\u00e9dicos y todos los dem\u00e1s gastos en los que haya incurrido. Sin embargo, este puede ser un proceso muy dif\u00edcil y prolongado. Lo \u00faltimo que quiere en sus manos es una batalla legal complicada adem\u00e1s de todo lo que est\u00e1 pasando. En eso puede ayudarlo un abogado de lesiones personales de <a href=\"https:\/\/mcdonaldworley.com\/henderson\/\" target=\"_blank\" rel=\"noopener\">Henderson<\/a> de McDonald Worley.. Todos nuestros abogados tienen antecedentes comprobados de ayudar a sus clientes a obtener la compensaci\u00f3n que necesitan y merecen. Proteger\u00e1n y luchar\u00e1n por usted para que pueda concentrarse en recuperarse de sus lesiones.<\/p>\n<p>La ley de lesiones personales en Nevada tiene varios estatutos de limitaciones diferentes para varios tipos de accidentes. Hasta cierto punto, est\u00e1n vinculados a la culpa de cada una de las partes y tienen un efecto proporcional y directo sobre la indemnizaci\u00f3n y los da\u00f1os recuperables. En ciertos casos, tales como negligencia m\u00e9dica y m\u00e9dica, la ley tambi\u00e9n establece l\u00edmites a los da\u00f1os.<\/p>\n<p>Las v\u00edctimas de lesiones personales en todo Henderson necesitan asistencia a diario. Cada caso tiene sus propias complejidades, desde la compensaci\u00f3n de los trabajadores hasta los accidentes automovil\u00edsticos o la responsabilidad del producto. En la mayor\u00eda de los casos, es fundamental tener la capacidad de navegar por todas las complejidades de las regulaciones federales y estatales de Nevada. Es por eso que es esencial para nuestro <a href=\"\/\">excelente bufete de abogados de lesiones personales<\/a> en Henderson lo antes posible despu\u00e9s de un accidente. Nuestros abogados siempre brindan nuestra primera consulta de forma gratuita. Esta es su oportunidad de contarnos todo sobre su caso, y podemos analizar cu\u00e1les son sus opciones y qu\u00e9 posibilidades tiene para recuperar la compensaci\u00f3n. Despu\u00e9s de tener toda la informaci\u00f3n que necesita, puede tomar una decisi\u00f3n informada sobre c\u00f3mo proceder.<\/p>\n\n<h2>\u00bfCu\u00e1nto cuesta contratar a un abogado de lesiones personales?<\/h2>\n<p>Cuando se ven involucrados en un <a href=\"https:\/\/mcdonaldworley.com\/es\/anaheim\/abogado-accidentes-automovilisticos\/\" target=\"_blank\" rel=\"noopener\">accidente automovil\u00edstico<\/a>, algunas personas tienden a dudar en contactar a un abogado.. En la mayor\u00eda de los casos, suponen que necesitan una gran suma de dinero para contratar los servicios de un abogado profesional. Es bastante comprensible por qu\u00e9 una v\u00edctima de accidente tendr\u00eda tales preocupaciones, teniendo en cuenta que la v\u00edctima ya ha acumulado grandes facturas m\u00e9dicas debido a las lesiones. Si bien muchas personas creen que los <a href=\"https:\/\/mcdonaldworley.com\/es\/pearland\/abogado-lesiones-personales\/\" target=\"_blank\" rel=\"noopener\">abogados de lesiones personales<\/a> cobran honorarios caros, la mayor\u00eda de estos abogados brindan sus servicios en base a honorarios de contingencia. Esto tambi\u00e9n se conoce como una base de no ganar, sin honorarios, lo que significa que no se le cobrar\u00e1 al cliente a menos que el abogado obtenga una compensaci\u00f3n en su nombre.<\/p>\n<p>Con esto en mente, puede acordar con su abogado la tarifa que se pagar\u00e1 con anticipaci\u00f3n. Esta tarifa generalmente es un porcentaje del monto total de la compensaci\u00f3n y podr\u00eda alcanzar hasta un 25%, seg\u00fan el caso y la firma de abogados involucrada. Esto no es malo teniendo en cuenta que su abogado lo ayudar\u00e1 a ganar miles de d\u00f3lares como compensaci\u00f3n de la parte culpable. Tambi\u00e9n es bueno tener en cuenta que puede ahorrar m\u00e1s dinero cuando acepta un acuerdo en lugar de ir a la corte. Si bien a\u00fan tiene derecho a ir a los tribunales si las cantidades del acuerdo ofrecido son injustas, lo ideal es aceptar un acuerdo justo dada la opci\u00f3n.<\/p>\n<p>Siempre que necesite la ayuda de un abogado de lesiones personales, no olvide que su consulta inicial con cualquiera de los abogados de McDonald Worley ser\u00e1 completamente gratuita. No tendr\u00e1 que pagar ninguna tarifa para consultar con un abogado para explicarle su situaci\u00f3n y las lesiones que sufri\u00f3 despu\u00e9s del accidente. Hay algunos abogados que aceptan planes de pago de sus clientes. En algunos casos, los planes de pago son la opci\u00f3n ideal para los clientes. Sin embargo, la mayor\u00eda de los clientes todav\u00eda prefieren el sistema de honorarios de contingencia, de modo que solo tienen que pagar cuando el abogado gana el caso.<\/p>\n<h2><img loading=\"lazy\" decoding=\"async\" class=\"alignnone wp-image-31835 size-full\" src=\"https:\/\/mcdonaldworley.com\/wp-content\/uploads\/2020\/02\/personal-injurylawyer-in-henderson-mcdonald-worley.jpg\" alt=\"A Henderson personal injury lawyer. \" width=\"500\" height=\"334\" title=\"\" srcset=\"https:\/\/mcdonaldworley.com\/wp-content\/uploads\/2020\/02\/personal-injurylawyer-in-henderson-mcdonald-worley.jpg 500w, https:\/\/mcdonaldworley.com\/wp-content\/uploads\/2020\/02\/personal-injurylawyer-in-henderson-mcdonald-worley-300x200.jpg 300w\" sizes=\"auto, (max-width: 500px) 100vw, 500px\" \/><\/h2>\n<h2>\u00bfC\u00f3mo s\u00e9 si tengo un reclamo por lesiones personales o no?<\/h2>\n<p>Aunque existen otros requisitos, la lesi\u00f3n debe ser causada por la culpa de otra parte y causada directamente por su negligencia. No es necesariamente importante tener lesiones f\u00edsicamente visibles para presentar un reclamo de lesiones personales; las expectativas de da\u00f1o, difamaci\u00f3n o angustia emocional tambi\u00e9n pueden ser motivos para presentar un reclamo de lesiones personales contra un individuo. Otra cosa a considerar es si la lesi\u00f3n tiene da\u00f1os compensatorios, como facturas m\u00e9dicas y ganancias p\u00e9rdidas. En los casos en que todas esas cosas son ciertas, entonces tiene un caso de lesiones personales, lo que significa que debe consultar de inmediato con uno de nuestros abogados con experiencia y habilidad en <a href=\"https:\/\/www.cityofhenderson.com\/\" target=\"_blank\" rel=\"noopener noreferrer nofollow\">Henderson<\/a>.<\/p>\n<h2>\u00bfQui\u00e9n ser\u00e1 responsable de mi accidente?<\/h2>\n<p>La parte negligente ser\u00e1 responsable de causar su accidente. En ciertas circunstancias, una persona soltera es una parte negligente, mientras que en otros casos m\u00e1s de una persona es negligente y causa un accidente. Las siguientes son algunas de las personas que podr\u00edan ser responsables del accidente en el que estuvo involucrado:<\/p>\n<ul>\n<li>Un conductor que operaba un veh\u00edculo mientras estaba drogado o intoxicado.<\/li>\n<li>Un camionero que por falta de sue\u00f1o se durmi\u00f3 al volante.<\/li>\n<li>El due\u00f1o de una casa o negocio.<\/li>\n<li>Una compa\u00f1\u00eda farmac\u00e9utica que fabric\u00f3 un producto defectuoso.<\/li>\n<li>Un fabricante de un producto defectuoso.<\/li>\n<li>M\u00e9dicos y otros profesionales m\u00e9dicos que han cometido errores graves.<\/li>\n<li>Un oficial que ha usado fuerza excesiva sobre una persona.<\/li>\n<li>Empleados que no cumplan con el deber de cuidar a sus clientes<\/li>\n<\/ul>\n<p>Muchos individuos diferentes pueden ser nombrados como parte de una demanda por lesiones personales. Depender\u00e1 de lo que la v\u00edctima haya experimentado y qui\u00e9n la haya causado. McDonald Worley est\u00e1 preparado para ayudarlo a presentar una demanda contra las personas, personas o compa\u00f1\u00edas responsables de lo que se le ocurri\u00f3 durante su accidente. Nos gustar\u00eda hablar con usted hoy si est\u00e1 listo para obtener la compensaci\u00f3n que merece y necesita.<\/p>\n<p><em><strong><span class=\"fl-heading-text\">Relacionada: <a href=\"https:\/\/mcdonaldworley.com\/es\/preguntas\/que-tipo-de-indemnizacion-recibire-en-una-demanda-por-lesiones-en-accidentes-automovilisticos-en-houston\/\">\u00bfQu\u00e9 Tipo de Indemnizaci\u00f3n Recibir\u00e9 en una Demanda por Lesiones en Accidentes Automovil\u00edsticos en Houston?<\/a><\/span><\/strong><\/em><\/p>\n<p><img loading=\"lazy\" decoding=\"async\" class=\"alignnone wp-image-31833 size-full\" src=\"https:\/\/mcdonaldworley.com\/wp-content\/uploads\/2020\/02\/personal-injurylawyer-in-henderson-mcdonald-worley-2.jpg\" alt=\"A personal injury lawyer in Henderson, NV. \" width=\"500\" height=\"334\" title=\"\" srcset=\"https:\/\/mcdonaldworley.com\/wp-content\/uploads\/2020\/02\/personal-injurylawyer-in-henderson-mcdonald-worley-2.jpg 500w, https:\/\/mcdonaldworley.com\/wp-content\/uploads\/2020\/02\/personal-injurylawyer-in-henderson-mcdonald-worley-2-300x200.jpg 300w\" sizes=\"auto, (max-width: 500px) 100vw, 500px\" \/><\/p>\n<h2>\u00bfQu\u00e9 recibir\u00e9 de mi acuerdo?<\/h2>\n<p>Es posible que desee saber la cantidad de compensaci\u00f3n que recibir\u00e1 y lo que cubrir\u00e1 su compensaci\u00f3n. Deber\u00eda recibir una compensaci\u00f3n para cubrir las numerosas p\u00e9rdidas que ha sufrido como resultado del accidente. Tiene derecho a presentar una demanda por da\u00f1os no econ\u00f3micos y econ\u00f3micos, que incluye el salario que ya no recibe porque no puede trabajar, el medicamento que debe pagar como resultado de sus lesiones, facturas del hospital que recibe, impedimentos que pueda tener, as\u00ed como tambi\u00e9n una angustia emocional que est\u00e1 experimentando ahora como resultado del accidente. Hay algunas personas que sufren de depresi\u00f3n grave, ansiedad o trastorno de estr\u00e9s postraum\u00e1tico despu\u00e9s de sus accidentes.<\/p>\n<h2>P\u00f3ngase en contacto con un abogado de lesiones en McDonald Worley en Henderson hoy<\/h2>\n<p>Nuestras consultas iniciales se ofrecen sin riesgo para usted. Para obtener los mejores <a href=\"https:\/\/mcdonaldworley.com\/es\/nuestras-victorias\/\">resultados<\/a> posibles, comun\u00edquese con uno de nuestros abogados tan pronto como haya recibido atenci\u00f3n m\u00e9dica. Hay estatutos de limitaciones en Nevada para la mayor\u00eda de los reclamos por lesiones personales y, por lo general, el l\u00edmite es de dos a\u00f1os despu\u00e9s del accidente. Aunque parezca que es mucho tiempo, en realidad no lo es. Por ejemplo, algunas consecuencias del da\u00f1o cerebral no son evidentes hasta que haya transcurrido un largo tiempo, y es casi imposible que su caso sea escuchado en un tribunal en Nevada despu\u00e9s de la fecha de vencimiento de dos a\u00f1os.<\/p>\n<p>Nuestros abogados son muy h\u00e1biles para investigar accidentes. Sin embargo, tambi\u00e9n le solicitamos que recopile su documentaci\u00f3n y la traiga a su consulta inicial. Podr\u00edan ser fotos de la escena, un informe de incidente policial, un informe m\u00e9dico u otra evidencia relacionada con su caso. Por lo general, estos documentos son la base de la mayor\u00eda de nuestros casos: litigios o acuerdos de seguros.<\/p>\n<p>Durante nuestra consulta inicial gratuita, nuestros abogados de lesiones personales en Henderson escuchar\u00e1n sus recuerdos de los eventos, revisar\u00e1n toda la evidencia y le informar\u00e1n sobre las opciones disponibles. Siempre que sea posible, tambi\u00e9n le proporcionaremos una estimaci\u00f3n de la cantidad de compensaci\u00f3n que puede recuperar.<\/p>\n<p>Si toma la decisi\u00f3n de contratar a uno de nuestros abogados de lesiones personales de nuestro equipo legal en Henderson para ayudarlo a recibir la compensaci\u00f3n que se le debe, entonces le garantizamos que recibir\u00e1 nuestro mejor esfuerzo para hacer exactamente eso. Nuestra principal prioridad es siempre luchar y proteger sus intereses. Todos nuestros <a href=\"https:\/\/mcdonaldworley.com\/es\/league-city\/abogado-de-lesiones-personales\/\" target=\"_blank\" rel=\"noopener\">abogados de lesiones personales<\/a> en McDonald Worley siguen este principio en cada etapa de su caso.. Cont\u00e1ctenos hoy para comenzar el proceso para recibir la compensaci\u00f3n que usted merece.<\/p>\n","protected":false},"excerpt":{"rendered":"<p>Lesi\u00f3n personal se refiere a alguien que se lastima debido a la negligencia de otra parte. Los accidentes de veh\u00edculos se encuentran entre los ejemplos m\u00e1s comunes. Estos tipos de pueden tener impactos negativos muy graves en un individuo, incluidos los efectos financieros, mentales y f\u00edsicos. Afortunadamente, la ley de lesiones personales est\u00e1 ah\u00ed para [&hellip;]<\/p>\n","protected":false},"author":65,"featured_media":0,"parent":32563,"menu_order":0,"comment_status":"closed","ping_status":"closed","template":"","meta":{"_acf_changed":false,"site-sidebar-layout":"default","site-content-layout":"","ast-site-content-layout":"default","site-content-style":"default","site-sidebar-style":"default","ast-global-header-display":"","ast-banner-title-visibility":"","ast-main-header-display":"","ast-hfb-above-header-display":"","ast-hfb-below-header-display":"","ast-hfb-mobile-header-display":"","site-post-title":"","ast-breadcrumbs-content":"","ast-featured-img":"","footer-sml-layout":"","ast-disable-related-posts":"","theme-transparent-header-meta":"","adv-header-id-meta":"","stick-header-meta":"","header-above-stick-meta":"","header-main-stick-meta":"","header-below-stick-meta":"","astra-migrate-meta-layouts":"default","ast-page-background-enabled":"default","ast-page-background-meta":{"desktop":{"background-color":"var(--ast-global-color-4)","background-image":"","background-repeat":"repeat","background-position":"center center","background-size":"auto","background-attachment":"scroll","background-type":"","background-media":"","overlay-type":"","overlay-color":"","overlay-opacity":"","overlay-gradient":""},"tablet":{"background-color":"","background-image":"","background-repeat":"repeat","background-position":"center center","background-size":"auto","background-attachment":"scroll","background-type":"","background-media":"","overlay-type":"","overlay-color":"","overlay-opacity":"","overlay-gradient":""},"mobile":{"background-color":"","background-image":"","background-repeat":"repeat","background-position":"center center","background-size":"auto","background-attachment":"scroll","background-type":"","background-media":"","overlay-type":"","overlay-color":"","overlay-opacity":"","overlay-gradient":""}},"ast-content-background-meta":{"desktop":{"background-color":"var(--ast-global-color-5)","background-image":"","background-repeat":"repeat","background-position":"center center","background-size":"auto","background-attachment":"scroll","background-type":"","background-media":"","overlay-type":"","overlay-color":"","overlay-opacity":"","overlay-gradient":""},"tablet":{"background-color":"var(--ast-global-color-5)","background-image":"","background-repeat":"repeat","background-position":"center center","background-size":"auto","background-attachment":"scroll","background-type":"","background-media":"","overlay-type":"","overlay-color":"","overlay-opacity":"","overlay-gradient":""},"mobile":{"background-color":"var(--ast-global-color-5)","background-image":"","background-repeat":"repeat","background-position":"center center","background-size":"auto","background-attachment":"scroll","background-type":"","background-media":"","overlay-type":"","overlay-color":"","overlay-opacity":"","overlay-gradient":""}},"footnotes":""},"class_list":["post-32564","page","type-page","status-publish","hentry"],"acf":[],"_links":{"self":[{"href":"https:\/\/mcdonaldworley.com\/es\/wp-json\/wp\/v2\/pages\/32564","targetHints":{"allow":["GET"]}}],"collection":[{"href":"https:\/\/mcdonaldworley.com\/es\/wp-json\/wp\/v2\/pages"}],"about":[{"href":"https:\/\/mcdonaldworley.com\/es\/wp-json\/wp\/v2\/types\/page"}],"author":[{"embeddable":true,"href":"https:\/\/mcdonaldworley.com\/es\/wp-json\/wp\/v2\/users\/65"}],"replies":[{"embeddable":true,"href":"https:\/\/mcdonaldworley.com\/es\/wp-json\/wp\/v2\/comments?post=32564"}],"version-history":[{"count":0,"href":"https:\/\/mcdonaldworley.com\/es\/wp-json\/wp\/v2\/pages\/32564\/revisions"}],"up":[{"embeddable":true,"href":"https:\/\/mcdonaldworley.com\/es\/wp-json\/wp\/v2\/pages\/32563"}],"wp:attachment":[{"href":"https:\/\/mcdonaldworley.com\/es\/wp-json\/wp\/v2\/media?parent=32564"}],"curies":[{"name":"wp","href":"https:\/\/api.w.org\/{rel}","templated":true}]}}