{"id":32558,"date":"2020-02-08T13:37:33","date_gmt":"2020-02-08T19:37:33","guid":{"rendered":"https:\/\/abconlinehold.wpengine.com\/boulder-city\/boulder-city-car-accident-lawyer\/"},"modified":"2021-08-12T10:20:09","modified_gmt":"2021-08-12T15:20:09","slug":"boulder-city-car-accident-lawyer","status":"publish","type":"page","link":"https:\/\/mcdonaldworley.com\/es\/boulder-city\/abogado-accidentes-automovilisticos\/","title":{"rendered":"Abogado de accidentes automovil\u00edsticos de Boulder City"},"content":{"rendered":"<p>Las consecuencias de un horrible accidente automovil\u00edstico son algo con lo que nadie quiere tener que lidiar. Puede haber una serie de resultados negativos que pueden resultar de un accidente grave, Incluidos costosos gastos de reparaci\u00f3n de autom\u00f3viles, facturas de hospital costosas y lesiones que pueden afectar por vida. Junto con la ansiedad y el estr\u00e9s emocional causado por todo el dinero que debe, Tambi\u00e9n tiene que lidiar con el dolor f\u00edsico de las lesiones que sufri\u00f3 en el accidente. Si estuvo involucrado en un accidente automovil\u00edstico en el \u00e1rea de Boulder City, Un abogado de McDonald Worley tiene la experiencia y la experiencia para ayudar. Desde negociar con las compa\u00f1\u00edas de seguros hasta presentar una demanda por usted, nos aseguraremos de que reciba una compensaci\u00f3n justa por todo lo que ha sufrido como resultado de su accidente.<\/p>\n<p>Cuando nos contrata, eso le permite recuperar su vida en orden y concentrarse en la curaci\u00f3n. Nosotros nos encargaremos del resto por usted.<\/p>\n<p>Nuestra firma de lesiones personales trata a todos nuestros clientes de la misma manera que tratamos a los miembros de nuestras propias familias. Luchamos tan duro por usted como lo har\u00edamos por un padre o hermano. Queremos asegurarnos de que reciba el mejor asesoramiento legal posible y la mejor representaci\u00f3n en caso de que su caso vaya a los tribunales u otro lugar donde necesite ayuda de nuestra parte. Lucharemos por el monto de liquidaci\u00f3n m\u00e1s alto posible para asegurar que sus facturas m\u00e9dicas est\u00e9n cubiertas y para garantizar que reciba una compensaci\u00f3n adecuada por los salarios perdidos y la propiedad da\u00f1ada. Lucharemos contra las compa\u00f1\u00edas de seguros que intentan no proporcionarle lo que se le debe.<\/p>\n<p>Tenga en cuenta que su compa\u00f1\u00eda de seguros tiene sus propios abogados que trabajan lo m\u00e1s duro posible para asegurarse de que le paguen la mayor cantidad de dinero posible. Los ajustadores de seguros buscar\u00e1n su contrato, buscando lagunas y circunstancias que puedan se\u00f1alar por razones para no pagarle de manera justa. Las compa\u00f1\u00edas de seguros realizan este trabajo a diario, y enfrentarse a ellos por su cuenta definitivamente no es f\u00e1cil. Pero tambi\u00e9n luchamos contra ellos a diario. Siempre que trabaje con nosotros, juntos podemos vencer a las compa\u00f1\u00edas de seguros. Haremos todo lo posible para garantizar que reciba una indemnizaci\u00f3n completa por su accidente, adem\u00e1s de las facturas y p\u00e9rdidas m\u00e9dicas posteriores.<\/p>\n\n<h2>\u00bfQu\u00e9 debo hacer despu\u00e9s de estar involucrado en una colisi\u00f3n vial?<\/h2>\n<p>Siempre debe estar preparado para lo inesperado cuando crucen las autopistas. En la mayor\u00eda de los casos, la polic\u00eda en Boulder City, Nevada, mostrar\u00e1 en el lugar de los hechos si hay lesiones, muertes o cualquier agresi\u00f3n entre las partes involucradas en la colisi\u00f3n. Eso, por lo tanto, implica que si el accidente no caus\u00f3 lesiones, entonces es posible que deba recopilar informaci\u00f3n vital que necesitar\u00e1 al solicitar una indemnizaci\u00f3n. Es por eso que siempre debe tener los siguientes elementos en la guantera al conducir en Boulder City:<\/p>\n<ul>\n<li>Un pedazo de papel<\/li>\n<li>Una lapicera o lapiz<\/li>\n<li>\u00daltima identificaci\u00f3n del seguro<\/li>\n<li>Una copia actualizada de los detalles de registro de su veh\u00edculo<\/li>\n<li>Contactos de proveedores de servicios de emergencia<\/li>\n<li>Contactos de una empresa local de servicios de remolque<\/li>\n<li>Una copia del formulario de protocolo utilizado por la polic\u00eda de Boulder City<\/li>\n<\/ul>\n<p>Si ni usted, sus pasajeros ni las otras partes involucradas en el accidente resultaron lesionados, debe sacar nuestros veh\u00edculos de la carretera para evitar detener el tr\u00e1fico. Sin embargo, usted debe tomar fotograf\u00edas del accidente antes de mover los autos a un lado de la carretera. Tenga precauci\u00f3n al tomar las fotos para no ser golpeado por veh\u00edculos que se aproximen. Una vez que tenga su veh\u00edculo fuera de la carretera, debe hablar con el otro conductor y solicitar sus contactos y los detalles del proveedor de seguros, y entregarle informaci\u00f3n similar.<\/p>\n<p><img loading=\"lazy\" decoding=\"async\" class=\"alignnone wp-image-31789 size-full\" src=\"https:\/\/mcdonaldworley.com\/wp-content\/uploads\/2020\/02\/car-accident-call-2-500x332-1.jpg\" alt=\"A man calling a lawyer after a car accident in Boulder City.\" width=\"500\" height=\"332\" title=\"\" srcset=\"https:\/\/mcdonaldworley.com\/wp-content\/uploads\/2020\/02\/car-accident-call-2-500x332-1.jpg 500w, https:\/\/mcdonaldworley.com\/wp-content\/uploads\/2020\/02\/car-accident-call-2-500x332-1-300x199.jpg 300w\" sizes=\"auto, (max-width: 500px) 100vw, 500px\" \/><\/p>\n<p>Si los veh\u00edculos est\u00e1n muy da\u00f1ados y no se pueden sacar de la carretera, debe llamar a la polic\u00eda de Boulder City para que lo ayude. Debe llamar a la polic\u00eda si se encuentra con alguno de los siguientes:<\/p>\n<ol>\n<li>El otro conductor est\u00e1 bajo la influencia del alcohol o las drogas.<\/li>\n<li>El otro conductor no est\u00e1 asegurado, no presente una identificaci\u00f3n de seguro, su licencia de conducir o documentos de registro del veh\u00edculo<\/li>\n<li>El otro conductor es agresivo y poco cooperativo cuando se le pide que comparta su informaci\u00f3n.<\/li>\n<\/ol>\n<h2>\u00bfQu\u00e9 seguro de auto est\u00e9 registrado en el estado de Nevada?<\/h2>\n<p>Las leyes estatales dictan que todos los veh\u00edculos en las v\u00edas p\u00fablicas deben estar <a href=\"https:\/\/www.geico.com\/information\/states\/nv\/\" target=\"_blank\" rel=\"noopener noreferrer nofollow\">registrados y tener un seguro de responsabilidad civil, incluso<\/a> cuando no sean conducidos por el propietario. Es una ley que se aplica a todas las m\u00e1quinas motorizadas, incluidos los SUV y los camiones.<\/p>\n<p>Se requiere, seg\u00fan la ley, tener una cobertura de seguro m\u00ednima de $ 25,000 por cualquier lesi\u00f3n sufrida en una colisi\u00f3n en la carretera, para una sola persona. Esa cantidad se duplica cuando se trata de dos o m\u00e1s personas. Tambi\u00e9n debe tener una cobertura de seguro m\u00ednima de $ 20,000 por propiedad da\u00f1ada durante un accidente. Tenga en cuenta que los expertos recomiendan que obtenga una cobertura de seguro m\u00e1s grande.<\/p>\n<p>Nunca se sabe si un accidente provoca lesiones graves. Es por eso que tomar una cobertura m\u00e1s grande asegurar\u00e1 que pueda pagar los costos del tratamiento. Por ejemplo, imagine estar en un accidente de tr\u00e1fico, y tiene una cobertura de $ 25,000 mientras que el otro conductor tiene uno de $ 50,000. Pero luego, usted sufre lesiones graves, y los costos del tratamiento ascienden a casi $ 100,000. Cuando presente un reclamo de compensaci\u00f3n, espere recibir $ 25,000 para el proveedor de seguros del otro conductor y una cantidad similar para su compa\u00f1\u00eda de seguros. Esa cantidad no ser\u00e1 suficiente para cubrir sus facturas m\u00e9dicas.<\/p>\n<p>Para una mejor protecci\u00f3n en caso de un accidente de tr\u00e1fico, considere tomar cobertura de seguro para conductores sin seguro o con seguro insuficiente. Seg\u00fan las estad\u00edsticas, casi el 10% &#8211; 15% de los conductores deciden contratar la cobertura m\u00ednima de seguro, y esto es insuficiente. Con una p\u00f3liza de conductor con seguro insuficiente o sin seguro, puede esperar que las aseguradoras liquiden los gastos m\u00e9dicos restantes una vez que las facturas excedan el monto establecido en la p\u00f3liza de seguro de otro conductor.<\/p>\n<h2>\u00bfDebo obtener una copia del informe policial al presentar un reclamo de seguro?<\/h2>\n<p>Debe presentar un reclamo a su proveedor de seguros poco despu\u00e9s de estar involucrado en un accidente de tr\u00e1fico. Si no lo hace, podr\u00eda descalificarse para solicitar una compensaci\u00f3n en el futuro seg\u00fan los estatutos de limitaci\u00f3n. Al presentar el reclamo, debe proporcionar suficiente evidencia de respaldo que aumente las posibilidades de que su reclamo sea aprobado. Es posible que no sea necesario un informe policial al presentar el reclamo, pero ayuda a mostrar la validez de su reclamo una vez que la aseguradora ve el informe policial adjunto. De lo contrario, la aseguradora podr\u00eda dudar del reclamo y de si el accidente ocurri\u00f3 si no hay un informe policial.<\/p>\n<p><img loading=\"lazy\" decoding=\"async\" class=\"alignnone wp-image-31787 size-full\" src=\"https:\/\/mcdonaldworley.com\/wp-content\/uploads\/2020\/02\/car-accident-500x280-1.jpg\" alt=\"A rear-end car accident in Boulder City.\" width=\"500\" height=\"280\" title=\"\" srcset=\"https:\/\/mcdonaldworley.com\/wp-content\/uploads\/2020\/02\/car-accident-500x280-1.jpg 500w, https:\/\/mcdonaldworley.com\/wp-content\/uploads\/2020\/02\/car-accident-500x280-1-300x168.jpg 300w\" sizes=\"auto, (max-width: 500px) 100vw, 500px\" \/><\/p>\n<p>Sabemos que las aseguradoras podr\u00edan negarle una oferta de conciliaci\u00f3n si no <a href=\"https:\/\/www.thebalance.com\/how-to-settle-a-car-accident-claim-4174365\" target=\"_blank\" rel=\"noopener noreferrer nofollow\">proporciona pruebas de respaldo suficientes<\/a>, incluso si creen que podr\u00eda tener un reclamo v\u00e1lido. Los informes policiales han documentado evidencia sobre el incidente que indicar\u00e1 la hora y el lugar del accidente automovil\u00edstico, la parte culpable, las lesiones sufridas y el alcance de los da\u00f1os a la propiedad.<\/p>\n<h2>\u00bfQu\u00e9 sucede si el accidente se debi\u00f3 a componentes defectuosos o falla mec\u00e1nica?<\/h2>\n<p>Puede solicitar una compensaci\u00f3n al fabricante de las piezas del veh\u00edculo si sufre lesiones o da\u00f1os a la propiedad en un accidente atribuido a piezas defectuosas del autom\u00f3vil del otro conductor. Por ejemplo, una v\u00edctima podr\u00eda sufrir lesiones causadas por flequillo de aire<br \/>\ndesplegados. La fuerza de las bolsas de aire a medida que se despliegan puede enviar objetos voladores a los pasajeros que los hieren.<\/p>\n<p>No es raro escuchar sobre incidentes en los que una colisi\u00f3n vial est\u00e1 relacionada con partes defectuosas de autom\u00f3viles. Puede ser que los frenos fallaron, el acelerador se atasca o el encendido se desacopla mientras el veh\u00edculo estaba en movimiento. En tales situaciones, el fabricante es responsable por el accidente, incluso si hab\u00edan retirado las piezas defectuosas o la marca y modelo del autom\u00f3vil. Debe consultar con nuestros <a href=\"https:\/\/mcdonaldworley.com\/es\/boulder-city\/abogado-lesiones-personales\/\">abogados con experiencia en lesiones personales<\/a> para ayudar a determinar si tuvo un accidente causado por piezas defectuosas. Le ayudar\u00e1n a armar un caso s\u00f3lido y presentar un reclamo de compensaci\u00f3n.<\/p>\n<h2>\u00a1Obtenga su revisi\u00f3n gratuita de su caso de accidente automovil\u00edstico hoy en McDonald Worley!<\/h2>\n<p>Si ha estado involucrado en un accidente automovil\u00edstico en el \u00e1rea de Boulder City, debe comunicarse con un abogado de McDonald Worley hoy para comenzar el proceso de recibir compensaci\u00f3n. Puede contactarnos completando nuestro formulario de contacto en l\u00ednea o ll\u00e1menos. Somos apasionados y dedicados a servir a nuestros clientes. Dedicaremos toda nuestra energ\u00eda para asegurarnos de que reciba el dinero que se merece. Tenga en cuenta que si usted es el cliente de nuestro bufete de abogados, lo consideraremos miembro de nuestra familia y seguiremos luchando en su nombre.<\/p>\n<p>Tenemos los mejores representantes legales en el \u00e1rea de Boulder City para accidentes automovil\u00edsticos. Podemos comenzar de inmediato su reclamo de compensaci\u00f3n. \u00a1Ll\u00e1menos hoy!<\/p>\n","protected":false},"excerpt":{"rendered":"<p>Las consecuencias de un horrible accidente automovil\u00edstico son algo con lo que nadie quiere tener que lidiar. Puede haber una serie de resultados negativos que pueden resultar de un accidente grave, Incluidos costosos gastos de reparaci\u00f3n de autom\u00f3viles, facturas de hospital costosas y lesiones que pueden afectar por vida. Junto con la ansiedad y el [&hellip;]<\/p>\n","protected":false},"author":65,"featured_media":0,"parent":32551,"menu_order":0,"comment_status":"closed","ping_status":"closed","template":"","meta":{"_acf_changed":false,"site-sidebar-layout":"default","site-content-layout":"","ast-site-content-layout":"default","site-content-style":"default","site-sidebar-style":"default","ast-global-header-display":"","ast-banner-title-visibility":"","ast-main-header-display":"","ast-hfb-above-header-display":"","ast-hfb-below-header-display":"","ast-hfb-mobile-header-display":"","site-post-title":"","ast-breadcrumbs-content":"","ast-featured-img":"","footer-sml-layout":"","ast-disable-related-posts":"","theme-transparent-header-meta":"","adv-header-id-meta":"","stick-header-meta":"","header-above-stick-meta":"","header-main-stick-meta":"","header-below-stick-meta":"","astra-migrate-meta-layouts":"default","ast-page-background-enabled":"default","ast-page-background-meta":{"desktop":{"background-color":"var(--ast-global-color-4)","background-image":"","background-repeat":"repeat","background-position":"center center","background-size":"auto","background-attachment":"scroll","background-type":"","background-media":"","overlay-type":"","overlay-color":"","overlay-opacity":"","overlay-gradient":""},"tablet":{"background-color":"","background-image":"","background-repeat":"repeat","background-position":"center center","background-size":"auto","background-attachment":"scroll","background-type":"","background-media":"","overlay-type":"","overlay-color":"","overlay-opacity":"","overlay-gradient":""},"mobile":{"background-color":"","background-image":"","background-repeat":"repeat","background-position":"center center","background-size":"auto","background-attachment":"scroll","background-type":"","background-media":"","overlay-type":"","overlay-color":"","overlay-opacity":"","overlay-gradient":""}},"ast-content-background-meta":{"desktop":{"background-color":"var(--ast-global-color-5)","background-image":"","background-repeat":"repeat","background-position":"center center","background-size":"auto","background-attachment":"scroll","background-type":"","background-media":"","overlay-type":"","overlay-color":"","overlay-opacity":"","overlay-gradient":""},"tablet":{"background-color":"var(--ast-global-color-5)","background-image":"","background-repeat":"repeat","background-position":"center center","background-size":"auto","background-attachment":"scroll","background-type":"","background-media":"","overlay-type":"","overlay-color":"","overlay-opacity":"","overlay-gradient":""},"mobile":{"background-color":"var(--ast-global-color-5)","background-image":"","background-repeat":"repeat","background-position":"center center","background-size":"auto","background-attachment":"scroll","background-type":"","background-media":"","overlay-type":"","overlay-color":"","overlay-opacity":"","overlay-gradient":""}},"footnotes":""},"class_list":["post-32558","page","type-page","status-publish","hentry"],"acf":[],"_links":{"self":[{"href":"https:\/\/mcdonaldworley.com\/es\/wp-json\/wp\/v2\/pages\/32558","targetHints":{"allow":["GET"]}}],"collection":[{"href":"https:\/\/mcdonaldworley.com\/es\/wp-json\/wp\/v2\/pages"}],"about":[{"href":"https:\/\/mcdonaldworley.com\/es\/wp-json\/wp\/v2\/types\/page"}],"author":[{"embeddable":true,"href":"https:\/\/mcdonaldworley.com\/es\/wp-json\/wp\/v2\/users\/65"}],"replies":[{"embeddable":true,"href":"https:\/\/mcdonaldworley.com\/es\/wp-json\/wp\/v2\/comments?post=32558"}],"version-history":[{"count":0,"href":"https:\/\/mcdonaldworley.com\/es\/wp-json\/wp\/v2\/pages\/32558\/revisions"}],"up":[{"embeddable":true,"href":"https:\/\/mcdonaldworley.com\/es\/wp-json\/wp\/v2\/pages\/32551"}],"wp:attachment":[{"href":"https:\/\/mcdonaldworley.com\/es\/wp-json\/wp\/v2\/media?parent=32558"}],"curies":[{"name":"wp","href":"https:\/\/api.w.org\/{rel}","templated":true}]}}