{"id":32557,"date":"2020-02-08T13:37:31","date_gmt":"2020-02-08T19:37:31","guid":{"rendered":"https:\/\/abconlinehold.wpengine.com\/boulder-city\/personal-injury-lawyer\/"},"modified":"2021-08-17T07:02:22","modified_gmt":"2021-08-17T12:02:22","slug":"abogado-lesiones-personales","status":"publish","type":"page","link":"https:\/\/mcdonaldworley.com\/es\/boulder-city\/abogado-lesiones-personales\/","title":{"rendered":"Abogado de Lesiones Personales de Boulder City"},"content":{"rendered":"<p>Una lesi\u00f3n personal es una lesi\u00f3n que alguien sufre debido a la negligencia o descuido de otra persona. Uno de los ejemplos m\u00e1s comunes de lesiones personales son los sufridos en accidentes de tr\u00e1nsito. Las lesiones personales pueden afectar la vida de la v\u00edctima de innumerables maneras y las consecuencias financieras, emocionales o f\u00edsicas pueden ser especialmente duraderas. Un <a href=\"https:\/\/mcdonaldworley.com\/es\/boulder-city\/abogado-accidentes-automovilisticos\/\" target=\"_blank\" rel=\"noopener\">abogado de lesiones personales en Boulder City<\/a> puede ayudarlo en este proceso..<\/p>\n<p>Pero, aqu\u00ed es donde un <a href=\"https:\/\/mcdonaldworley.com\/es\/new-york-city\/abogado-de-lesiones-personales\/\" target=\"_blank\" rel=\"noopener\">abogado de lesiones personales<\/a> puede ayudar a recuperar algunos de los da\u00f1os y encontrar una compensaci\u00f3n por su p\u00e9rdida financiera.. Pero, la ley personal tambi\u00e9n es un asunto complejo y detallado. La \u00fanica forma en que la situaci\u00f3n podr\u00eda empeorar es si tiene que llevar a cabo una batalla legal para obtener la compensaci\u00f3n que merece.<\/p>\n<p>Aqu\u00ed es donde las oficinas legales de McDonald Worley pueden ayudarlo. Forme un equipo de <a href=\"\/\">abogados con experiencia en lesiones personales<\/a> que puedan acudir en su ayuda y asegurarse de que le den el precio total que permite la ley. Nuestros abogados nos encargamos de todos los detalles de su caso de lesiones personales para que pueda conocer el importante negocio de obtener una recuperaci\u00f3n.<\/p>\n<p><img loading=\"lazy\" decoding=\"async\" class=\"alignnone wp-image-31876 size-full\" src=\"https:\/\/mcdonaldworley.com\/wp-content\/uploads\/2020\/02\/boulder-cty-personal-injury-lawyer-mcdonald-worley-2.jpg\" alt=\"Boulder City personal injury lawyer at a desk.\" width=\"500\" height=\"334\" title=\"\" srcset=\"https:\/\/mcdonaldworley.com\/wp-content\/uploads\/2020\/02\/boulder-cty-personal-injury-lawyer-mcdonald-worley-2.jpg 500w, https:\/\/mcdonaldworley.com\/wp-content\/uploads\/2020\/02\/boulder-cty-personal-injury-lawyer-mcdonald-worley-2-300x200.jpg 300w\" sizes=\"auto, (max-width: 500px) 100vw, 500px\" \/><\/p>\n<p>Ser\u00e1 importante que act\u00fae r\u00e1pido para garantizar las mejores oportunidades para su caso. El estado de Nevada tiene estatutos de limitaciones espec\u00edficos que se aplican a los diferentes tipos de accidentes. Estos a veces est\u00e1n relacionados con el tipo de accidentes y los da\u00f1os sufridos.<\/p>\n<p>Hay innumerables v\u00edctimas de lesiones personales en todo el estado de Nevada y cada caso tiene sus propios detalles y complejidades. En muchos casos, ser\u00e1 esencial tener un conocimiento pr\u00e1ctico de la Ley de Lesiones Personales en Nevada para garantizar que las compa\u00f1\u00edas de seguros le den un trato justo. Esta es la raz\u00f3n por la cual los servicios legales expertos prestados en nuestra firma de abogados especializados en lesiones son tan altamente recomendados.<\/p>\n<p>Brindamos a nuestros clientes una consulta gratuita para que puedan obtener m\u00e1s informaci\u00f3n sobre su caso y cu\u00e1l puede ser su mejor curso de acci\u00f3n. Aqu\u00ed es donde tendr\u00e1 la oportunidad de contar su versi\u00f3n de la historia y discutir lo que puede hacer para obtener el valor total de su caso de lesiones personales.<\/p>\n\n<h2>\u00bfQui\u00e9n puede presentar un reclamo por lesiones personales?<\/h2>\n<p>Cuando una acci\u00f3n negligente o intencional de otra persona o entidad caus\u00f3 sus lesiones, puede presentar una demanda bajo la ley de lesiones personales. Todos los estados del pa\u00eds tienen sus propias leyes que describen c\u00f3mo los casos califican bajo lesiones personales. Por ejemplo, la ley de compensaci\u00f3n para trabajadores cubre cualquier forma de lesiones que ocurran mientras trabaja. Seg\u00fan la ley de Nevada, para establecer si un caso califica, p\u00f3ngase en contacto con un abogado de McDonald Worley para programar su consulta gratuita con uno de nuestros abogados expertos y con experiencia en <a href=\"https:\/\/www.bcnv.org\/\" target=\"_blank\" rel=\"noopener noreferrer nofollow\">Boulder City<\/a>.<\/p>\n<h2>\u00bfC\u00f3mo se define la falla en casos de lesiones personales por la ley de Nevada?<\/h2>\n<p>La ley de negligencia comparativa en Nevada permite que un demandante de un caso de lesiones personales recupere parte de los da\u00f1os del demandante si uno de los acusados \u200b\u200bo m\u00e1s era 50% responsable al menos del accidente o lesi\u00f3n.<\/p>\n<p>El est\u00e1ndar de negligencia comparativa en Nevada tambi\u00e9n se conoce como falla comparativa modificada, negligencia comparativa modificada, falla compartida o falla comparativa.<\/p>\n<h2>\u00bfLlegar a un acuerdo lleva mucho tiempo?<\/h2>\n<p>Las v\u00edctimas lesionadas con frecuencia se preguntan cu\u00e1nto tiempo tomar\u00e1 llegar a un acuerdo despu\u00e9s de haber sido lesionadas en un accidente. Hay algunos asentamientos que se completan m\u00e1s r\u00e1pido que otros. Como cada caso es \u00fanico, no hay forma de predecir exactamente cu\u00e1nto tiempo llevar\u00e1 llegar a un acuerdo. Aqu\u00ed en McDonald Worley queremos asegurarnos de que reciba la asistencia que necesita y estamos enfocados en la recuperaci\u00f3n de sus lesiones. Haremos todo lo posible para acelerar el proceso lo mejor que podamos.<\/p>\n<p>Debe continuar buscando atenci\u00f3n m\u00e9dica mientras intenta obtener una compensaci\u00f3n. Como lo har\u00e1n sus abogados, le pediremos y haremos copias de toda su informaci\u00f3n m\u00e9dica relevante, ya que puede usarse como prueba para que su caso reciba un acuerdo justo. Muy a menudo, las v\u00edctimas reciben grandes cantidades de liquidaci\u00f3n cuando sus lesiones cambian la vida, son catastr\u00f3ficas y graves.<\/p>\n<p>Despu\u00e9s de que tengamos acceso a toda su informaci\u00f3n relevante, incluidos sus registros m\u00e9dicos, que incluye todas las facturas que est\u00e1 recibiendo actualmente de sus cirujanos, m\u00e9dicos y otros profesionales m\u00e9dicos que est\u00e1n tratando sus lesiones, entonces podemos continuar avanzando para intentar para obtener el mejor acuerdo posible para usted. Nos aseguraremos de que la parte responsable sepa c\u00f3mo ha sido afectado por el accidente y las numerosas razones por las que merece obtener la compensaci\u00f3n que est\u00e1 solicitando.<\/p>\n<h2><img loading=\"lazy\" decoding=\"async\" class=\"alignnone wp-image-31859 size-full\" src=\"https:\/\/mcdonaldworley.com\/wp-content\/uploads\/2020\/02\/boulder-city-personal-injury-lawyer-mcdonald-worley-1.jpg\" alt=\"A personal injury lawyer in Boulder City, NV. \" width=\"500\" height=\"334\" title=\"\" srcset=\"https:\/\/mcdonaldworley.com\/wp-content\/uploads\/2020\/02\/boulder-city-personal-injury-lawyer-mcdonald-worley-1.jpg 500w, https:\/\/mcdonaldworley.com\/wp-content\/uploads\/2020\/02\/boulder-city-personal-injury-lawyer-mcdonald-worley-1-300x200.jpg 300w\" sizes=\"auto, (max-width: 500px) 100vw, 500px\" \/><\/h2>\n<p>\u00bfCu\u00e1nto tiempo tengo para presentar mi reclamo por lesiones personales?<br \/>\nEl estatuto de limitaciones es el l\u00edmite de tiempo legal utilizado para determinar cu\u00e1ndo una persona puede presentar una demanda por lesiones personales. Cada estado tiene su propio estatuto de limitaciones para cada tipo de reclamo. En Nevada, el estatuto de limitaciones son:<\/p>\n<ul>\n<li>Lesiones personales: 2 a\u00f1os a partir de la fecha en que ocurri\u00f3 el accidente.<\/li>\n<li>Responsabilidad del producto: 3 a\u00f1os a partir de la fecha en que ocurri\u00f3 la lesi\u00f3n.<\/li>\n<li>Muerte por negligencia: 2 a\u00f1os desde el momento de la muerte del difunto<\/li>\n<li>Negligencia m\u00e9dica: 3 a\u00f1os a partir de la fecha en que ocurri\u00f3 el acto negligente y caus\u00f3 una lesi\u00f3n, o 1 a\u00f1o despu\u00e9s de la fecha en que se produjo la lesi\u00f3n, o cuando deber\u00eda haberse descubierto razonablemente<\/li>\n<\/ul>\n<h2>P\u00f3ngase en contacto con un abogado de lesiones en McDonald Worley en Boulder City hoy<\/h2>\n<p>No hay costo por nuestra consulta inicial. Pero recomendamos encarecidamente ponerse en contacto con uno de nuestros abogados calificados en lesiones personales tan pronto como un profesional m\u00e9dico haya examinado su lesi\u00f3n. Existe un l\u00edmite de tiempo para presentar su caso llamado estatuto de limitaciones.<\/p>\n<p>En el estado de Nevada, la mayor\u00eda de los casos de lesiones personales, este l\u00edmite de tiempo es de 2 a\u00f1os a partir de la fecha del incidente que caus\u00f3 la lesi\u00f3n. Puede parecer que tienes mucho tiempo, pero en realidad no es tanto tiempo. Por ejemplo, si sufrieras da\u00f1o cerebral, la evidencia podr\u00eda no ser notada f\u00e1cilmente. Entonces ser\u00e1 casi imposible que se escuche su caso despu\u00e9s de que hayan pasado los dos a\u00f1os.<\/p>\n<p>Tan pronto como se registre con nosotros, haremos que nuestros <a href=\"https:\/\/mcdonaldworley.com\/es\/moreno-valley\/abogado-lesiones-personales\/\" target=\"_blank\" rel=\"noopener\">abogados expertos en lesiones personales<\/a> comienzan a investigar los detalles del caso.. Esto incluir\u00e1 revisar la evidencia fotogr\u00e1fica, estudiar informes policiales, revisar registros m\u00e9dicos y entrevistar a testigos del evento. Estas pruebas son las partes m\u00e1s importantes de los casos de lesiones personales en la actualidad.<\/p>\n<p>Si ha resultado lesionado debido a la negligencia o negligencia de otra persona en el estado de Nevada, tenemos un equipo legal que har\u00e1 todo lo que est\u00e9 a su alcance para garantizar que sus da\u00f1os sean compensados. En McDonald Worley, nuestros objetivos son luchar por las v\u00edctimas para que puedan obtener su compensaci\u00f3n completa y a\u00fan as\u00ed recuperarse de su terrible experiencia sin preocuparse por los detalles legales.<\/p>\n<p>Recuerde que su primera consulta ser\u00e1 completamente gratuita y haremos todo lo posible para comprender completamente su historia y explicar los par\u00e1metros legales de su caso. Despu\u00e9s de esto, nuestros estimados profesionales en lesiones personales estar\u00e1n con usted en cada paso del camino. P\u00f3ngase en contacto con nosotros lo antes posible para que este proceso avance hacia su recuperaci\u00f3n total y la compensaci\u00f3n que le corresponde.<\/p>\n","protected":false},"excerpt":{"rendered":"<p>Una lesi\u00f3n personal es una lesi\u00f3n que alguien sufre debido a la negligencia o descuido de otra persona. Uno de los ejemplos m\u00e1s comunes de lesiones personales son los sufridos en accidentes de tr\u00e1nsito. Las lesiones personales pueden afectar la vida de la v\u00edctima de innumerables maneras y las consecuencias financieras, emocionales o f\u00edsicas pueden [&hellip;]<\/p>\n","protected":false},"author":65,"featured_media":0,"parent":32551,"menu_order":0,"comment_status":"closed","ping_status":"closed","template":"","meta":{"_acf_changed":false,"site-sidebar-layout":"default","site-content-layout":"","ast-site-content-layout":"default","site-content-style":"default","site-sidebar-style":"default","ast-global-header-display":"","ast-banner-title-visibility":"","ast-main-header-display":"","ast-hfb-above-header-display":"","ast-hfb-below-header-display":"","ast-hfb-mobile-header-display":"","site-post-title":"","ast-breadcrumbs-content":"","ast-featured-img":"","footer-sml-layout":"","ast-disable-related-posts":"","theme-transparent-header-meta":"","adv-header-id-meta":"","stick-header-meta":"","header-above-stick-meta":"","header-main-stick-meta":"","header-below-stick-meta":"","astra-migrate-meta-layouts":"default","ast-page-background-enabled":"default","ast-page-background-meta":{"desktop":{"background-color":"var(--ast-global-color-4)","background-image":"","background-repeat":"repeat","background-position":"center center","background-size":"auto","background-attachment":"scroll","background-type":"","background-media":"","overlay-type":"","overlay-color":"","overlay-opacity":"","overlay-gradient":""},"tablet":{"background-color":"","background-image":"","background-repeat":"repeat","background-position":"center center","background-size":"auto","background-attachment":"scroll","background-type":"","background-media":"","overlay-type":"","overlay-color":"","overlay-opacity":"","overlay-gradient":""},"mobile":{"background-color":"","background-image":"","background-repeat":"repeat","background-position":"center center","background-size":"auto","background-attachment":"scroll","background-type":"","background-media":"","overlay-type":"","overlay-color":"","overlay-opacity":"","overlay-gradient":""}},"ast-content-background-meta":{"desktop":{"background-color":"var(--ast-global-color-5)","background-image":"","background-repeat":"repeat","background-position":"center center","background-size":"auto","background-attachment":"scroll","background-type":"","background-media":"","overlay-type":"","overlay-color":"","overlay-opacity":"","overlay-gradient":""},"tablet":{"background-color":"var(--ast-global-color-5)","background-image":"","background-repeat":"repeat","background-position":"center center","background-size":"auto","background-attachment":"scroll","background-type":"","background-media":"","overlay-type":"","overlay-color":"","overlay-opacity":"","overlay-gradient":""},"mobile":{"background-color":"var(--ast-global-color-5)","background-image":"","background-repeat":"repeat","background-position":"center center","background-size":"auto","background-attachment":"scroll","background-type":"","background-media":"","overlay-type":"","overlay-color":"","overlay-opacity":"","overlay-gradient":""}},"footnotes":""},"class_list":["post-32557","page","type-page","status-publish","hentry"],"acf":[],"_links":{"self":[{"href":"https:\/\/mcdonaldworley.com\/es\/wp-json\/wp\/v2\/pages\/32557","targetHints":{"allow":["GET"]}}],"collection":[{"href":"https:\/\/mcdonaldworley.com\/es\/wp-json\/wp\/v2\/pages"}],"about":[{"href":"https:\/\/mcdonaldworley.com\/es\/wp-json\/wp\/v2\/types\/page"}],"author":[{"embeddable":true,"href":"https:\/\/mcdonaldworley.com\/es\/wp-json\/wp\/v2\/users\/65"}],"replies":[{"embeddable":true,"href":"https:\/\/mcdonaldworley.com\/es\/wp-json\/wp\/v2\/comments?post=32557"}],"version-history":[{"count":0,"href":"https:\/\/mcdonaldworley.com\/es\/wp-json\/wp\/v2\/pages\/32557\/revisions"}],"up":[{"embeddable":true,"href":"https:\/\/mcdonaldworley.com\/es\/wp-json\/wp\/v2\/pages\/32551"}],"wp:attachment":[{"href":"https:\/\/mcdonaldworley.com\/es\/wp-json\/wp\/v2\/media?parent=32557"}],"curies":[{"name":"wp","href":"https:\/\/api.w.org\/{rel}","templated":true}]}}