{"id":32548,"date":"2020-04-10T14:13:28","date_gmt":"2020-04-10T20:13:28","guid":{"rendered":"https:\/\/abconlinehold.wpengine.com\/baytown-car-accident-lawyer\/"},"modified":"2021-08-11T17:23:39","modified_gmt":"2021-08-11T22:23:39","slug":"abogado-accidentes-automovilisticos","status":"publish","type":"page","link":"https:\/\/mcdonaldworley.com\/es\/baytown\/abogado-accidentes-automovilisticos\/","title":{"rendered":"Abogado de accidentes automovil\u00edsticos de Baytown"},"content":{"rendered":"<p>Si fue la desafortunada v\u00edctima de un accidente automovil\u00edstico, un abogado experimentado en McDonald Worley en Baytown se asegurar\u00e1 de que sus derechos est\u00e9n protegidos. Adem\u00e1s de las lesiones, los accidentes automovil\u00edsticos pueden causar una gran cantidad de da\u00f1os colaterales.<\/p>\n<p>Puede encontrarse con facturas m\u00e9dicas sin precedentes,costosas reparaciones de autom\u00f3viles, junto con otros gastos relacionados con el accidente. Si no puede trabajar debido a las lesiones, incluso podr\u00eda verse atrapado en una posici\u00f3n en la que no est\u00e1 ganando ning\u00fan ingreso.<\/p>\n<p>Nuestro equipo de <a href=\"https:\/\/mcdonaldworley.com\/es\/the-lakes\/abogado-accidentes-automovilisticos\/\" target=\"_blank\" rel=\"noopener\">abogados trabaja con v\u00edctimas de accidentes automovil\u00edsticos<\/a> para garantizar que la parte responsable rinda cuentas.. Todo lo que necesita hacer es programar una consulta gratuita con nuestro equipo hoy. Evaluaremos su caso y le proporcionaremos respuestas con respecto a la parte responsable de sus costos, as\u00ed como el monto de la compensaci\u00f3n que usted merece.<\/p>\n<p>Juntos, los <a href=\"\/es\">abogados de lesiones personales de Baytown<\/a> que trabajan en nuestro bufete de abogados tienen una experiencia combinada de 100 a\u00f1os ayudando a las v\u00edctimas en tales casos. Somos una firma de abogados muy respetada en los Estados Unidos. Perm\u00edtanos ayudarlo con su caso. Estamos comprometidos a proteger los derechos de todos nuestros clientes y trabajaremos arduamente en su nombre para asegurarnos de que reciba la m\u00e1xima compensaci\u00f3n posible por sus da\u00f1os.<\/p>\n\n<h2>\u00bfCu\u00e1nto cuesta contratar a un abogado de accidentes automovil\u00edsticos en Baytown?<\/h2>\n<p>La mayor\u00eda de las personas no se molestar\u00e1n en intentarlo o dudar\u00e1n en contactar a un abogado despu\u00e9s de haber sufrido una lesi\u00f3n personal, ya que tienen la noci\u00f3n preconcebida de que un abogado costar\u00e1 mucho dinero.<\/p>\n<p>Pero la mayor\u00eda de los abogados de lesiones personales en <a href=\"https:\/\/mcdonaldworley.com\/baytown\/\" target=\"_blank\" rel=\"noopener\">Baytown<\/a> operan sobre una base de contingencia, lo que significa que solo pagar\u00e1 cuando el caso se haya ganado con \u00e9xito. En ese momento, la tarifa que se nos impondr\u00e1 depender\u00e1 de un porcentaje pre determinado, que oscila entre el 25% y el 40%.<\/p>\n<p>La tarifa tambi\u00e9n se basa en la cantidad de esfuerzo y trabajo que el abogado ha invertido en su caso o en caso de que acepte un acuerdo de soluci\u00f3n del proveedor de servicios de seguros antes del inicio de los procedimientos judiciales.<\/p>\n<p>En tales casos, es probable que le deba al abogado significativamente menos de lo que le pagar\u00eda si el caso fuera a juicio.<\/p>\n<p>Este tipo de estructura de pago significa que se le pedir\u00e1 que pague a su abogado una cierta tarifa despu\u00e9s de haber recibido un acuerdo. Esto tambi\u00e9n infiere que el abogado se dedicar\u00e1 a su caso porque su d\u00eda de pago depender\u00e1 del monto del acuerdo que puedan obtener.<br \/>\nAlternativamente, otros abogados trabajan con diferentes tipos de estructuras de pago. Se basan en tarifas por hora o tarifas planas.<\/p>\n<p>Hay ciertos casos en los que estas opciones pueden ser una opci\u00f3n preferible, mientras que muchos clientes recibir\u00e1n un mejor servicio con el acuerdo del plan de contingencia.<\/p>\n<h2>\u00bfC\u00f3mo se determina el valor de un reclamo por accidente automovil\u00edstico en Texas?<\/h2>\n<p>Lo m\u00e1s importante para notar que cada caso es diferente. No hay dos casos id\u00e9nticos. Esto significa que dos personas que sufren lesiones similares pueden optar por resolver sus reclamos por cantidades variables. Nuestros <a href=\"https:\/\/mcdonaldworley.com\/es\/santa-ana\/abogado-accidentes-auto\/\" target=\"_blank\" rel=\"noopener\">abogados de accidentes<\/a> tienen que evaluar su reclamo antes de decirle cu\u00e1nto vale..<\/p>\n<p><img loading=\"lazy\" decoding=\"async\" class=\"alignnone size-full wp-image-32498\" src=\"https:\/\/mcdonaldworley.com\/wp-content\/uploads\/2020\/04\/car-accident-6-500x332-1.jpg\" alt=\"A rear-end car accident in Baytown, Texas.\" width=\"500\" height=\"332\" title=\"\"><\/p>\n<p>L\u00edmites de la p\u00f3liza de seguro: las regulaciones de Texas obligan a todos los conductores a tener una cierta cantidad de cobertura en lo que respecta al seguro de autom\u00f3viles. Algunos conductores pueden optar por comprar cobertura adicional. Pero las cantidades m\u00ednimas van para:<\/p>\n<ul>\n<li>$ 30,000 por persona lesionada<\/li>\n<li>$ 60,000 por accidente (por lesiones)<\/li>\n<li>$ 25,000 por accidente (por da\u00f1os a la propiedad)<\/li>\n<\/ul>\n<h2>\u00bfSe puede presentar un reclamo por accidente contra el gobierno?<\/h2>\n<p>Aunque est\u00e1 permitido presentar un reclamo contra el gobierno, es probable que sea desestimado. El gobierno tiene indemnizaci\u00f3n en casi todas las situaciones, pero con algunas excepciones a la regla.<\/p>\n<p>Entre las excepciones es cuando su reclamo cae bajo la Ley de reclamos de da\u00f1os de Texas. Esta ley renuncia parcialmente a la inmunidad del gobierno, permitiendo que el demandante(s) presente una demanda en dos escenarios:<\/p>\n<ul>\n<li>Da\u00f1os y lesiones resultantes de <a href=\"https:\/\/mcdonaldworley.com\/es\/sunrise-manor\/abogado-accidentes-automovilisticos\/\" target=\"_blank\" rel=\"noopener\">accidentes automovil\u00edsticos.<\/a>.<\/li>\n<li>Muerte o lesi\u00f3n resultante de la condici\u00f3n de bienes personales o inmobiliarios.<\/li>\n<\/ul>\n<p>Para ser encontrado responsable, un empleado del gobierno debe demostrar que cumple con estos criterios:<\/p>\n<ul>\n<li>En el momento de la lesi\u00f3n, estaban operando bajo el alcance del empleo<\/li>\n<li>Se los considerar\u00eda responsables si fueran ciudadanos privados y no actuar\u00e1n como empleados del gobierno.<\/li>\n<\/ul>\n<p>Si cumple con ambos criterios, su demanda contra el gobierno probablemente pasar\u00e1. Sin embargo, hay par\u00e1metros en cu\u00e1nto se recuperar\u00e1. Para un caso de accidente automovil\u00edstico, el m\u00e1ximo que puede exigir da\u00f1os por lesiones personales es de $ 250,000. Adem\u00e1s, para reclamos del gobierno, hay un requisito de notificaci\u00f3n.<\/p>\n<p>En estos casos, el plazo de prescripci\u00f3n es de dos a\u00f1os, pero se le solicitar\u00e1 que notifique al gobierno antes de eso. En general, el aviso debe hacerse en seis meses, pero hay algunas ciudades donde es m\u00e1s corto. Por ejemplo, Baytown, Texas, exige que env\u00ede una notificaci\u00f3n dentro de los tres meses posteriores al accidente.<\/p>\n<h2>\u00a1P\u00f3ngase en contacto con nuestros abogados de accidentes automovil\u00edsticos de Baytown ahora!<\/h2>\n<p>Si ha estado involucrado en un accidente automovil\u00edstico en Baytown o sus alrededores, puede confiar en la firma de McDonald Worley con experiencia en lesiones personales para que lo ayude con su caso.<\/p>\n<p>Brindamos asistencia legal 24\/7, lo que significa que puede comunicarse con nosotros cuando lo desee. Si aceptamos asumir su caso, no le cobraremos por los servicios prestados a menos que primero ganemos el caso.<\/p>\n<p>P\u00f3ngase en contacto con McDonald Worley inmediatamente para programar su consulta gratuita. Tenemos d\u00e9cadas de experiencia trabajando con las v\u00edctimas de accidentes automovil\u00edsticos en todo Texas, incluido Baytown. Para garantizar que sus derechos est\u00e9n protegidos y que reciba una compensaci\u00f3n justa por sus da\u00f1os,<br \/>\nll\u00e1menos en el menor tiempo posible para que podamos ayudarlo a obtener la compensaci\u00f3n a la que tiene derecho.<\/p>\n","protected":false},"excerpt":{"rendered":"<p>Si fue la desafortunada v\u00edctima de un accidente automovil\u00edstico, un abogado experimentado en McDonald Worley en Baytown se asegurar\u00e1 de que sus derechos est\u00e9n protegidos. Adem\u00e1s de las lesiones, los accidentes automovil\u00edsticos pueden causar una gran cantidad de da\u00f1os colaterales. Puede encontrarse con facturas m\u00e9dicas sin precedentes,costosas reparaciones de autom\u00f3viles, junto con otros gastos relacionados [&hellip;]<\/p>\n","protected":false},"author":65,"featured_media":0,"parent":32705,"menu_order":0,"comment_status":"closed","ping_status":"closed","template":"","meta":{"_acf_changed":false,"site-sidebar-layout":"default","site-content-layout":"","ast-site-content-layout":"default","site-content-style":"default","site-sidebar-style":"default","ast-global-header-display":"","ast-banner-title-visibility":"","ast-main-header-display":"","ast-hfb-above-header-display":"","ast-hfb-below-header-display":"","ast-hfb-mobile-header-display":"","site-post-title":"","ast-breadcrumbs-content":"","ast-featured-img":"","footer-sml-layout":"","ast-disable-related-posts":"","theme-transparent-header-meta":"","adv-header-id-meta":"","stick-header-meta":"","header-above-stick-meta":"","header-main-stick-meta":"","header-below-stick-meta":"","astra-migrate-meta-layouts":"default","ast-page-background-enabled":"default","ast-page-background-meta":{"desktop":{"background-color":"var(--ast-global-color-4)","background-image":"","background-repeat":"repeat","background-position":"center center","background-size":"auto","background-attachment":"scroll","background-type":"","background-media":"","overlay-type":"","overlay-color":"","overlay-opacity":"","overlay-gradient":""},"tablet":{"background-color":"","background-image":"","background-repeat":"repeat","background-position":"center center","background-size":"auto","background-attachment":"scroll","background-type":"","background-media":"","overlay-type":"","overlay-color":"","overlay-opacity":"","overlay-gradient":""},"mobile":{"background-color":"","background-image":"","background-repeat":"repeat","background-position":"center center","background-size":"auto","background-attachment":"scroll","background-type":"","background-media":"","overlay-type":"","overlay-color":"","overlay-opacity":"","overlay-gradient":""}},"ast-content-background-meta":{"desktop":{"background-color":"var(--ast-global-color-5)","background-image":"","background-repeat":"repeat","background-position":"center center","background-size":"auto","background-attachment":"scroll","background-type":"","background-media":"","overlay-type":"","overlay-color":"","overlay-opacity":"","overlay-gradient":""},"tablet":{"background-color":"var(--ast-global-color-5)","background-image":"","background-repeat":"repeat","background-position":"center center","background-size":"auto","background-attachment":"scroll","background-type":"","background-media":"","overlay-type":"","overlay-color":"","overlay-opacity":"","overlay-gradient":""},"mobile":{"background-color":"var(--ast-global-color-5)","background-image":"","background-repeat":"repeat","background-position":"center center","background-size":"auto","background-attachment":"scroll","background-type":"","background-media":"","overlay-type":"","overlay-color":"","overlay-opacity":"","overlay-gradient":""}},"footnotes":""},"class_list":["post-32548","page","type-page","status-publish","hentry"],"acf":[],"_links":{"self":[{"href":"https:\/\/mcdonaldworley.com\/es\/wp-json\/wp\/v2\/pages\/32548","targetHints":{"allow":["GET"]}}],"collection":[{"href":"https:\/\/mcdonaldworley.com\/es\/wp-json\/wp\/v2\/pages"}],"about":[{"href":"https:\/\/mcdonaldworley.com\/es\/wp-json\/wp\/v2\/types\/page"}],"author":[{"embeddable":true,"href":"https:\/\/mcdonaldworley.com\/es\/wp-json\/wp\/v2\/users\/65"}],"replies":[{"embeddable":true,"href":"https:\/\/mcdonaldworley.com\/es\/wp-json\/wp\/v2\/comments?post=32548"}],"version-history":[{"count":0,"href":"https:\/\/mcdonaldworley.com\/es\/wp-json\/wp\/v2\/pages\/32548\/revisions"}],"up":[{"embeddable":true,"href":"https:\/\/mcdonaldworley.com\/es\/wp-json\/wp\/v2\/pages\/32705"}],"wp:attachment":[{"href":"https:\/\/mcdonaldworley.com\/es\/wp-json\/wp\/v2\/media?parent=32548"}],"curies":[{"name":"wp","href":"https:\/\/api.w.org\/{rel}","templated":true}]}}