{"id":32544,"date":"2020-04-10T14:18:42","date_gmt":"2020-04-10T20:18:42","guid":{"rendered":"https:\/\/abconlinehold.wpengine.com\/atascocita-car-accident-lawyer\/"},"modified":"2020-04-17T10:13:45","modified_gmt":"2020-04-17T16:13:45","slug":"abogado-accidentes-automovilisticos","status":"publish","type":"page","link":"https:\/\/mcdonaldworley.com\/es\/atascocita\/abogado-accidentes-automovilisticos\/","title":{"rendered":"Abogado de accidentes automovil\u00edsticos Atascocita"},"content":{"rendered":"<p>Si ha resultado lesionado en un accidente automovil\u00edstico de Atascocita, las oficinas legales de McDonald Worley est\u00e1n aqu\u00ed para ayudarlo. Encontrar\u00e1 un experto acreditado que puede ayudarlo a buscar los da\u00f1os a los que tiene derecho por sus lesiones. No es com\u00fan que las v\u00edctimas de accidentes se encuentren con mucho p\u00e1nico y ansiedad al preguntarse c\u00f3mo enfrentar\u00e1n las facturas m\u00e9dicas y otras dificultades financieras planteadas por un accidente automovil\u00edstico.<\/p>\n<p>Pero, desde la recuperaci\u00f3n de salarios perdidos hasta la prestaci\u00f3n de asistencia con facturas m\u00e9dicas, un <a href=\"https:\/\/mcdonaldworley.com\/es\/pasadena\/abogado-accidentes-automovilisticos\/\" target=\"_blank\" rel=\"noopener\">abogado calificado en accidentes automovil\u00edsticos<\/a> podr\u00e1 darle la mejor oportunidad de construir un reclamo a prueba de balas contra la parte culpable.<\/p>\n<p>Contamos con un equipo con amplia experiencia en todo tipo de casos de accidentes automovil\u00edsticos y sabemos lo que se necesita para construir un caso s\u00f3lido. Adem\u00e1s, nuestro conocimiento y nuestra amplia experiencia nos han tra\u00eddo un renombre considerable como una <a href=\"\/es\">firma de abogados<\/a> l\u00edder en nuestra regi\u00f3n. Estamos decididos a ayudar a las v\u00edctimas de accidentes a buscar la compensaci\u00f3n m\u00e1s alta posible para restablecer su vida en orden.<\/p>\n\n<h2>\u00bfCu\u00e1l es el acuerdo promedio para un accidente automovil\u00edstico en Texas?<\/h2>\n<p>Determinar el valor de un caso puede ser complicado. Seg\u00fan las estad\u00edsticas adquiridas por el Departamento de Transporte de Texas, hay casi 250,000 accidentes automovil\u00edsticos en Texas cada a\u00f1o. Alrededor del 7% de estos accidentes se consideran graves, dejando a sus v\u00edctimas con v\u00edctimas mortales.<\/p>\n<p>Si usted o alguien cercano a usted sufre lesiones graves en un choque, espere que las facturas m\u00e9dicas se disparen. En caso de que la otra parte sea responsable, su proveedor de servicios de seguros debe proporcionar cobertura para estos gastos m\u00e9dicos. Adem\u00e1s de los costos m\u00e9dicos, \u00bfcu\u00e1l es el valor de su caso? Nuestros <a href=\"https:\/\/mcdonaldworley.com\/es\/moreno-valley\/abogado-accidentes-automovilisticos\/\" target=\"_blank\" rel=\"noopener\">abogados de accidentes automovil\u00edsticos<\/a> de Atascocita pueden ayudarlo a calcular los da\u00f1os sufridos. Tambi\u00e9n podemos brindarle informaci\u00f3n sobre lo que determinar\u00e1 el valor de su caso.<\/p>\n<h2>\u00bfQu\u00e9 sucede si tengo una falla parcial en un accidente automovil\u00edstico en Texas?<\/h2>\n<p>Esta ley es \u00fanica para cada estado. En el estado de Texas, a\u00fan ser\u00e1 elegible para obtener una parte del monto de la compensaci\u00f3n a pesar de ser culpable en cierta medida. Obviamente, la cantidad de cobertura que puede esperar depender\u00e1 del porcentaje de responsabilidad que tuvo en el accidente.<\/p>\n<p>Este concepto se llama negligencia comparativa. B\u00e1sicamente, tendr\u00e1 derecho a recibir un reembolso siempre que el porcentaje de responsabilidad en el accidente sea del 49% o inferior.<\/p>\n<p>Identificar correctamente a la parte culpable es el eje de todo el caso. Por lo tanto, querr\u00e1 pisar con cuidado y medir lo que dice y no intentar hablar sobre qui\u00e9n tiene la culpa del otro conductor involucrado, la polic\u00eda en la escena del accidente, las compa\u00f1\u00edas de seguros o cualquier otra persona hasta que haya hablado con su abogado primero. Puede terminar diciendo o haciendo algo que, sin darse cuenta, disminuye la fuerza de su reclamo o la capacidad de buscar compensaci\u00f3n por las lesiones sufridas.<\/p>\n<p>Por ejemplo, un conductor que ha pasado una se\u00f1al de alto ha sido golpeado en una intersecci\u00f3n. Por supuesto, el otro automovilista tiene la culpa de ejecutar la se\u00f1al de stop, pero su falla podr\u00eda reducirse si admite lo siguiente:<\/p>\n<ul>\n<li>Estabas acelerando<\/li>\n<li>Estabas bebiendo<\/li>\n<li>Antes de ingresar a la intersecci\u00f3n, no pudo verificar el tr\u00e1fico que se aproxima en ambas direcciones<\/li>\n<li>Estabas leyendo o enviando un mensaje de texto<\/li>\n<\/ul>\n<p>Los ajustadores de seguros son personas altamente calificadas con la experiencia de preparar a las personas para que admitan. Lo hacen con la intenci\u00f3n de reducir el monto a pagar en un acuerdo. Si tiene un abogado a su lado, lo guiar\u00e1n a trav\u00e9s del proceso y estar\u00e1n en contacto con sus proveedores de seguros.<\/p>\n<p>Puede confiar en nuestros <a href=\"\/es\">abogados calificados en accidentes automovil\u00edsticos<\/a> para evaluar todos los aspectos de su reclamo y asegurarse de que su responsabilidad se minimice cuando se trata de establecer una negligencia comparativa.<\/p>\n<h2>\u00a1P\u00f3ngase en contacto con nuestros abogados de accidentes automovil\u00edsticos de Atascocita hoy!<\/h2>\n<p>Si ha sufrido lesiones en un accidente automovil\u00edstico, necesitar\u00e1 el apoyo y el asesoramiento de un profesional legal experimentado. Llame a la oficina legal de McDonald Worley para concertar una cita con nuestros talentosos <a href=\"https:\/\/mcdonaldworley.com\/es\/nellis-afb\/abogado-accidentes-automovil%C3%ADsticos\/\" target=\"_blank\" rel=\"noopener\">abogados especializados en accidentes automovil\u00edsticos.<\/a>.<\/p>\n<p>Nuestros abogados est\u00e1n disponibles las 24 horas del d\u00eda, los 7 d\u00edas de la semana, por lo que nunca es demasiado tarde o temprano para ponerse en contacto con nosotros para obtener asistencia legal. Adem\u00e1s, no le cobraremos nada por nuestras entrevistas iniciales, servicios profesionales o cualquier otra cosa hasta que ganemos su caso y obtengamos la compensaci\u00f3n que realmente necesita.<\/p>\n<p>Ll\u00e1menos hoy al 877.721.3423 y programe su consulta gratuita con un abogado experto en accidentes automovil\u00edsticos de <a href=\"https:\/\/mcdonaldworley.com\/atascocita\/\" target=\"_blank\" rel=\"noopener\">Atascocita.<\/a>. Estamos aqu\u00ed para brindarle la mejor representaci\u00f3n posible y ayudarlo a construir un caso s\u00f3lido, todo lo que tiene que hacer es ponerse en contacto con nosotros hoy.<\/p>\n","protected":false},"excerpt":{"rendered":"<p>Si ha resultado lesionado en un accidente automovil\u00edstico de Atascocita, las oficinas legales de McDonald Worley est\u00e1n aqu\u00ed para ayudarlo. Encontrar\u00e1 un experto acreditado que puede ayudarlo a buscar los da\u00f1os a los que tiene derecho por sus lesiones. No es com\u00fan que las v\u00edctimas de accidentes se encuentren con mucho p\u00e1nico y ansiedad al [&hellip;]<\/p>\n","protected":false},"author":65,"featured_media":0,"parent":32554,"menu_order":0,"comment_status":"closed","ping_status":"closed","template":"","meta":{"_acf_changed":false,"site-sidebar-layout":"default","site-content-layout":"","ast-site-content-layout":"default","site-content-style":"default","site-sidebar-style":"default","ast-global-header-display":"","ast-banner-title-visibility":"","ast-main-header-display":"","ast-hfb-above-header-display":"","ast-hfb-below-header-display":"","ast-hfb-mobile-header-display":"","site-post-title":"","ast-breadcrumbs-content":"","ast-featured-img":"","footer-sml-layout":"","ast-disable-related-posts":"","theme-transparent-header-meta":"","adv-header-id-meta":"","stick-header-meta":"","header-above-stick-meta":"","header-main-stick-meta":"","header-below-stick-meta":"","astra-migrate-meta-layouts":"default","ast-page-background-enabled":"default","ast-page-background-meta":{"desktop":{"background-color":"var(--ast-global-color-4)","background-image":"","background-repeat":"repeat","background-position":"center center","background-size":"auto","background-attachment":"scroll","background-type":"","background-media":"","overlay-type":"","overlay-color":"","overlay-opacity":"","overlay-gradient":""},"tablet":{"background-color":"","background-image":"","background-repeat":"repeat","background-position":"center center","background-size":"auto","background-attachment":"scroll","background-type":"","background-media":"","overlay-type":"","overlay-color":"","overlay-opacity":"","overlay-gradient":""},"mobile":{"background-color":"","background-image":"","background-repeat":"repeat","background-position":"center center","background-size":"auto","background-attachment":"scroll","background-type":"","background-media":"","overlay-type":"","overlay-color":"","overlay-opacity":"","overlay-gradient":""}},"ast-content-background-meta":{"desktop":{"background-color":"var(--ast-global-color-5)","background-image":"","background-repeat":"repeat","background-position":"center center","background-size":"auto","background-attachment":"scroll","background-type":"","background-media":"","overlay-type":"","overlay-color":"","overlay-opacity":"","overlay-gradient":""},"tablet":{"background-color":"var(--ast-global-color-5)","background-image":"","background-repeat":"repeat","background-position":"center center","background-size":"auto","background-attachment":"scroll","background-type":"","background-media":"","overlay-type":"","overlay-color":"","overlay-opacity":"","overlay-gradient":""},"mobile":{"background-color":"var(--ast-global-color-5)","background-image":"","background-repeat":"repeat","background-position":"center center","background-size":"auto","background-attachment":"scroll","background-type":"","background-media":"","overlay-type":"","overlay-color":"","overlay-opacity":"","overlay-gradient":""}},"footnotes":""},"class_list":["post-32544","page","type-page","status-publish","hentry"],"acf":[],"_links":{"self":[{"href":"https:\/\/mcdonaldworley.com\/es\/wp-json\/wp\/v2\/pages\/32544","targetHints":{"allow":["GET"]}}],"collection":[{"href":"https:\/\/mcdonaldworley.com\/es\/wp-json\/wp\/v2\/pages"}],"about":[{"href":"https:\/\/mcdonaldworley.com\/es\/wp-json\/wp\/v2\/types\/page"}],"author":[{"embeddable":true,"href":"https:\/\/mcdonaldworley.com\/es\/wp-json\/wp\/v2\/users\/65"}],"replies":[{"embeddable":true,"href":"https:\/\/mcdonaldworley.com\/es\/wp-json\/wp\/v2\/comments?post=32544"}],"version-history":[{"count":0,"href":"https:\/\/mcdonaldworley.com\/es\/wp-json\/wp\/v2\/pages\/32544\/revisions"}],"up":[{"embeddable":true,"href":"https:\/\/mcdonaldworley.com\/es\/wp-json\/wp\/v2\/pages\/32554"}],"wp:attachment":[{"href":"https:\/\/mcdonaldworley.com\/es\/wp-json\/wp\/v2\/media?parent=32544"}],"curies":[{"name":"wp","href":"https:\/\/api.w.org\/{rel}","templated":true}]}}