{"id":30839,"date":"2020-01-13T15:40:16","date_gmt":"2020-01-13T21:40:16","guid":{"rendered":"https:\/\/abconlinehold.wpengine.com\/las-vegas\/las-vegas-dog-bite-lawyer\/"},"modified":"2021-08-17T08:48:01","modified_gmt":"2021-08-17T13:48:01","slug":"las-vegas-abogado-mordeduras-de-perro","status":"publish","type":"page","link":"https:\/\/mcdonaldworley.com\/es\/las-vegas\/abogado-mordeduras-de-perro","title":{"rendered":"Abogado de Mordeduras de Perro en Las Vegas"},"content":{"rendered":"<p>Si usted o una persona que conoce en el \u00e1rea de Las Vegas ha sido herido por un perro, podr\u00eda tener derecho a una indemnizaci\u00f3n. McDonald Worley es su recurso confiable para ayudar a las v\u00edctimas de las mordeduras de perros como usted a navegar el proceso legal. Puede ponerse en contacto con nosotros llamando al (877) 721-3423 y hablar con un abogado especialista en mordeduras de perro en Las Vegas o completar el formulario de evaluaci\u00f3n en l\u00ednea provisto. Nuestros <a href=\"https:\/\/mcdonaldworley.com\/es\/santa-ana\/abogado-lesiones-personales\/\" target=\"_blank\" rel=\"noopener\">abogados de lesiones personales<\/a> evaluar\u00e1n su reclamo sin costo para usted y lo ayudar\u00e1n a obtener la compensaci\u00f3n que se merece..<\/p>\n\n<h2>\u00bfEl due\u00f1o del perro ser\u00e1 responsable de una mordida?<\/h2>\n<p>La \u00fanica forma de que el due\u00f1o de un perro sea considerado responsable de una mordedura de perro es que la v\u00edctima lesionada demuestre negligencia por parte del due\u00f1o.<\/p>\n<p>Se requiere que la v\u00edctima lesionada demuestre que el due\u00f1o del perro no utiliz\u00f3 un cuidado razonable para prevenir la lesi\u00f3n, que la falta de cuidado caus\u00f3 la lesi\u00f3n y que los da\u00f1os de la v\u00edctima lesionada, como salarios perdidos, gastos m\u00e9dicos y otros p\u00e9rdidas resultantes de la lesi\u00f3n.<\/p>\n<p>Seg\u00fan la ley de Nevada, no se requiere que el due\u00f1o del perro conozca la propensi\u00f3n peligrosa del perro como condici\u00f3n previa para la recuperaci\u00f3n.<\/p>\n<p><a href=\"https:\/\/mcdonaldworley.com\/henderson\/\" target=\"_blank\" rel=\"noopener\">Henderson<\/a>, el condado de Clark y el norte de Las Vegas tienen ordenanzas y leyes que requieren que los perros est\u00e9n siempre con correa cuando no est\u00e1n en las instalaciones de sus due\u00f1os, con algunas excepciones, como algunas de las \u00e1reas rurales en el condado de Clark o en parques para perros especialmente designados.. donde se permite que los animales est\u00e9n sin correa.<\/p>\n<p>Si una persona viola estas leyes, y otra persona resulta lesionada como resultado, la parte responsable puede ser considerada negligente per se, lo que significa que es posible que no se requiera otra evidencia para demostrar que la persona fue realmente negligente y, por lo tanto, responsable de Cualquier lesi\u00f3n causada.<\/p>\n<p>Las leyes de correa generalmente se aprueban para garantizar que las personas se mantengan a salvo de las mordeduras de perro para que el propietario sea negligente per se si una persona es mordida por un perro sin correa.<\/p>\n<figure id=\"attachment_29267\" aria-describedby=\"caption-attachment-29267\" style=\"width: 400px\" class=\"wp-caption alignnone\"><img loading=\"lazy\" decoding=\"async\" class=\"wp-image-29267 size-full\" src=\"https:\/\/mcdonaldworley.com\/wp-content\/uploads\/2019\/12\/dog-bite-lawyer-las-vegas-mcdonalworley.jpg\" alt=\"Un perro negro ladrando y gru\u00f1endo\" width=\"400\" height=\"267\" title=\"\" srcset=\"https:\/\/mcdonaldworley.com\/wp-content\/uploads\/2019\/12\/dog-bite-lawyer-las-vegas-mcdonalworley.jpg 400w, https:\/\/mcdonaldworley.com\/wp-content\/uploads\/2019\/12\/dog-bite-lawyer-las-vegas-mcdonalworley-300x200.jpg 300w\" sizes=\"auto, (max-width: 400px) 100vw, 400px\" \/><figcaption id=\"caption-attachment-29267\" class=\"wp-caption-text\">Si necesita un abogado de mordeduras de perro en Las Vegas, \u00a1comun\u00edquese con McDonald Worley hoy!<\/figcaption><\/figure>\n<h2>\u00bfQu\u00e9 tipos de evidencia verifica al evaluar los casos de mordedura de perro en Las Vegas?<\/h2>\n<p>Al evaluar un caso potencial, los abogados de mordeduras de perro en Las Vegas tienen que evaluar la naturaleza del ataque, incluido el historial de agresi\u00f3n, as\u00ed como los ataques ofensivos y defensivos. El abogado de mordedura de perro luego determina si el ataque implic\u00f3 una falta de voluntad por parte del perro para terminar el ataque, m\u00faltiples heridas en diferentes partes del cuerpo o incluso temblores. Todos estos son ejemplos de problemas de comportamiento que pueden desempe\u00f1ar un papel en su reclamo.<\/p>\n<p>Es igualmente importante determinar si el perro estaba actuando de manera defensiva u ofensiva; si el perro actu\u00f3 solo o fue provocado. Un abogado experimentado en mordeduras de perro en Las Vegas discutir\u00e1 los hechos ampliamente durante la evaluaci\u00f3n de su caso.<\/p>\n<h2>\u00bfCu\u00e1les son los l\u00edmites de tiempo dentro de los cuales se puede presentar un reclamo por da\u00f1os por mordedura de perro en Las Vegas?<\/h2>\n<p>En Nevada, tiene 2 a\u00f1os a partir de la fecha en que sufri\u00f3 la lesi\u00f3n personal para presentar su demanda por da\u00f1os y perjuicios contra la parte negligente. Es posible que su caso no se escuche si espera m\u00e1s all\u00e1 de la fecha l\u00edmite. Debe tener cuidado de no esperar hasta el \u00faltimo minuto para ponerse en contacto con un <a href=\"https:\/\/mcdonaldworley.com\/es\/las-vegas\/abogado-lesiones-cerebrales\/\" target=\"_blank\" rel=\"noopener\">abogado especialista en perros en Las Vegas.<\/a>.<\/p>\n<p>Se requiere una gran cantidad de trabajo para la preparaci\u00f3n del caso antes de que se presente el reclamo, y su abogado de mordeduras de perro en <a href=\"https:\/\/mcdonaldworley.com\/north-las-vegas\/\" target=\"_blank\" rel=\"noopener\">Las Vegas<\/a> querr\u00e1 recopilar y preservar evidencia sin demora, al mismo tiempo que lo guiar\u00e1 a trav\u00e9s de los pasos que debe seguir para obtener la atenci\u00f3n m\u00e9dica adecuada.. como la compensaci\u00f3n a la que tiene derecho.<\/p>\n<h2>C\u00f3mo nuestro abogado de mordeduras de perro en Las Vegas puede ayudarlo a obtener una compensaci\u00f3n segura<\/h2>\n<p>Los abogados de mordeduras de perro en Las Vegas en McDonald Worley siempre se esfuerzan por tratar a todos los clientes con la mayor compasi\u00f3n y comprensi\u00f3n. Ponemos mucho cuidado y atenci\u00f3n en todos nuestros casos para asegurarnos de brindarle el m\u00e1s alto nivel de representaci\u00f3n en la corte. En nuestro bufete de abogados, nuestro abogado especializado en mordeduras de perros se toma muy en serio la cuesti\u00f3n de las mordeduras de perros y se esfuerza por brindarles a todos nuestros clientes todo el apoyo y atenci\u00f3n durante el caso.<\/p>\n<h2>Estad\u00edsticas de mordeduras de perro de EE. UU.<\/h2>\n<p>La <a href=\"https:\/\/www.americanhumane.org\/\" target=\"_blank\" rel=\"noopener noreferrer nofollow\">American Humane Association<\/a> ha compilado las siguientes estad\u00edsticas de mordedura de perro:<\/p>\n<ul>\n<li>El 50 por ciento de todas las mordeduras de perros involucran a ni\u00f1os menores de 12 a\u00f1os<\/li>\n<li>58 por ciento de todas las muertes por mordeduras de perros ocurrieron en la propiedad del due\u00f1o del perro<\/li>\n<li>Se necesita atenci\u00f3n m\u00e9dica para aproximadamente 800,000 picaduras<\/li>\n<li>El n\u00famero de mordeduras de perros en los Estados Unidos es de aproximadamente 4.7 millones cada a\u00f1o<\/li>\n<li>El 70 por ciento de las mordeduras de perros que causaron la muerte involucraron ni\u00f1os menores de 12<\/li>\n<li>La probabilidad de que un ni\u00f1o sufra lesiones por mordedura de perro es 3 veces mayor que la de un adulto<\/li>\n<\/ul>\n<h2>\u00bfQu\u00e9 dice la ley de Nevada sobre la responsabilidad en casos de mordedura de perro?<\/h2>\n<p>No existe un estatuto estatal de \u00abmordedura de perro\u00bb en Nevada, por lo que no existe una responsabilidad estricta cuando se trata de lesiones por mordedura de perro en Nevada. En cambio, bajo la regla de \u00abuna mordida\u00bb de Nevada, el due\u00f1o de un perro generalmente no es responsable de ninguna lesi\u00f3n por mordedura de perro a menos que su perro haya mordido a otra persona en el pasado y el due\u00f1o lo supiera.<\/p>\n<p>A\u00fan as\u00ed, el due\u00f1o de un perro a\u00fan puede ser considerado responsable de lesiones la primera vez que su perro muerde a alguien si:<\/p>\n<ul>\n<li>La negligencia est\u00e1 probada por parte del propietario<\/li>\n<li>El perro ten\u00eda antecedentes de comportamiento amenazante<\/li>\n<\/ul>\n<h2>\u00bfQu\u00e9 tipo de da\u00f1os suelen buscarse en los casos de mordeduras de perro?<\/h2>\n<p>Si ha sufrido una mordedura de perro en Nevada, un abogado puede ayudarlo a obtener una compensaci\u00f3n por:<\/p>\n<ul>\n<li>Salarios perdidos<\/li>\n<li>Facturas m\u00e9dicas (incluida la cirug\u00eda reconstructiva, si es necesario)<\/li>\n<li>Dolor y sufrimiento<\/li>\n<li>P\u00e9rdida del disfrute de la vida<\/li>\n<li>P\u00e9rdida de uso de una extremidad<\/li>\n<li>Cicatrices<\/li>\n<li>Terapia f\u00edsica u ocupacional<\/li>\n<\/ul>\n<p>Si el perro hab\u00eda sido previamente clasificado como vicioso, tambi\u00e9n podr\u00eda tener derecho a da\u00f1os punitivos seg\u00fan la ley de Nevada.<\/p>\n<p>No todas las afirmaciones de lesiones que se relacionan con perros en realidad ocurren por mordeduras. Otras lesiones que el due\u00f1o de un perro o su asegurador podr\u00edan ser responsables en Nevada incluyen:<\/p>\n<ul>\n<li>Ara\u00f1azos que se infectan<\/li>\n<li>Accidentes de resbal\u00f3n y ca\u00edda que suceden cuando un perro ansioso salta sobre alguien<\/li>\n<li>Lesiones sufridas cuando se escapa de un perro agresivo<\/li>\n<\/ul>\n<h2>\u00bfQu\u00e9 sucede si un ni\u00f1o es una v\u00edctima de mordedura de perro?<\/h2>\n<p>Los padres y tutores legales del ni\u00f1o tienen derecho a entrar en un acuerdo extrajudicial si su menor ha sufrido una mordedura de perro en Nevada. Sin embargo, tales acuerdos generalmente no son legalmente vinculantes a menos que primero sean aprobados por el tribunal de distrito en:<\/p>\n<ul>\n<li>El condado de residencia del menor<\/li>\n<li>Si el menor no es residente de Nevada, en el condado donde ocurri\u00f3 la mordedura de perro.<\/li>\n<\/ul>\n<p>Los <a href=\"https:\/\/www.cdc.gov\/\" target=\"_blank\" rel=\"noopener noreferrer nofollow\">Centros para el Control de Enfermedades (CDC)<\/a> dicen que los ni\u00f1os tienen m\u00e1s probabilidades que los adultos de requerir y recibir atenci\u00f3n m\u00e9dica por mordeduras de perro. La tasa de lesiones relacionadas con mordeduras de perro es m\u00e1s alta para los ni\u00f1os en el grupo de 5 a 9 a\u00f1os.<\/p>\n<p>Si su hijo ha sufrido una mordedura de perro en Las Vegas, puede confiar en nuestros abogados para que lo ayuden a obtener el cuidado y la compensaci\u00f3n que le corresponde.<\/p>\n<h2>\u00bfCu\u00e1l es el proceso involucrado en hacer un reclamo por mordedura de perro en Las Vegas?<\/h2>\n<p>Los reclamos de lesiones de perros m\u00e1s exitosos en Las Vegas se resuelven fuera de los tribunales. Sin embargo, a veces es necesario hacer un reclamo m\u00e1s formal con una compa\u00f1\u00eda de seguros o presentando una demanda en un tribunal en el condado de Clark, Nevada.<\/p>\n<p>Los pasos que toma antes de presentar el reclamo o la demanda son cr\u00edticos para su \u00e9xito en la obtenci\u00f3n de un juicio o acuerdo favorable en un caso de mordedura de perro en Las Vegas. A continuaci\u00f3n se muestra un desglose de los pasos m\u00e1s importantes.<\/p>\n<h3>Documentaci\u00f3n de lesiones<\/h3>\n<p>La documentaci\u00f3n cuidadosa de sus lesiones es cr\u00edtica para obtener un acuerdo en un caso de mordedura de perro en Nevada. Los pasos que debe seguir incluyen:<\/p>\n<ul>\n<li>Fotografiar sus lesiones en el menor tiempo posible<\/li>\n<li>Mantener registros del tiempo perdido fuera del trabajo si desea recuperar una compensaci\u00f3n por salarios perdidos en Nevada<\/li>\n<li>Notificar y presentar un informe al Oficial de Control de Animales o al Oficial de Salud de su condado o ciudad<\/li>\n<\/ul>\n<p>Tenga en cuenta que la gran mayor\u00eda de los condados y ciudades de Nevada requieren que las v\u00edctimas de las mordeduras de perros y los due\u00f1os de perros denuncien incidentes de mordeduras de perros, generalmente dentro de las 48 horas. Los municipios que tienen una ley de reporte obligatorio incluyen:<\/p>\n<ul>\n<li>La ciudad de Henderson<\/li>\n<li>La ciudad de <a href=\"https:\/\/mcdonaldworley.com\/las-vegas\/\" target=\"_blank\" rel=\"noopener\">las vegas.<\/a><\/li>\n<li>\u00c1reas no incorporadas del condado de Clark<\/li>\n<\/ul>\n<p>A pesar de que la presentaci\u00f3n de informes puede no ser legalmente requerida en su condado o ciudad, es recomendable tener un informe policial en el registro. Aun as\u00ed, debes informar sobre las mordeduras de perros incluso cuando no sepas qui\u00e9n es el due\u00f1o del perro.<\/p>\n<p><img loading=\"lazy\" decoding=\"async\" class=\"alignnone wp-image-29265 size-full\" src=\"https:\/\/mcdonaldworley.com\/wp-content\/uploads\/2019\/12\/dog-bite-lawyer-las-vegas-mcdonald-worley.jpg\" alt=\"Perro ladrando al espectador en Las Vegas.\" width=\"400\" height=\"267\" title=\"\" srcset=\"https:\/\/mcdonaldworley.com\/wp-content\/uploads\/2019\/12\/dog-bite-lawyer-las-vegas-mcdonald-worley.jpg 400w, https:\/\/mcdonaldworley.com\/wp-content\/uploads\/2019\/12\/dog-bite-lawyer-las-vegas-mcdonald-worley-300x200.jpg 300w\" sizes=\"auto, (max-width: 400px) 100vw, 400px\" \/><\/p>\n<h3>Descubriendo qui\u00e9n posee el perro responsable de la mordedura en Las Vegas<\/h3>\n<p>Si no conoce la identidad del due\u00f1o del perro que lo mordi\u00f3, un investigador privado o un oficial local de animales puede ayudarlo a descubrir la informaci\u00f3n.<\/p>\n<p>Nuestros abogados de mordeduras de perro en Nevada ofrecen consultas gratuitas para ayudarlo a determinar si tiene o no informaci\u00f3n suficiente para permitir que nuestro equipo de investigadores expertos identifique qui\u00e9n es el due\u00f1o del perro que realmente lo mordi\u00f3.<\/p>\n<h3>Contactando al due\u00f1o del perro<\/h3>\n<p>Ponerse en contacto con el due\u00f1o del perro es uno de los pasos m\u00e1s importantes cuando desea recuperar los da\u00f1os por mordedura de perro. Si bien es posible que sienta la tentaci\u00f3n de hacerlo usted mismo, especialmente si el propietario es un amigo, es dif\u00edcil exagerar la importancia de consultar primero con un abogado experimentado en mordeduras de perros en Nevada.<\/p>\n<p>Las personas tienden a estar muy unidas a sus <a href=\"https:\/\/mcdonaldworley.com\/es\/houston\/que-hacer-si-perro-de-vecino-me-muerde\/\" target=\"_blank\" rel=\"noopener\">perros y hacer<\/a> un reclamo por una mordida puede ser incre\u00edblemente molesto para ellos.. La v\u00edctima de la mordedura de perro a menudo se inclinar\u00e1 por tratar de hacer que el due\u00f1o se sienta mejor. Desafortunadamente, esto puede resultar en que la v\u00edctima de la mordedura del perro diga algo que podr\u00eda poner en peligro su reclamo.<\/p>\n<p>Nuestros <a href=\"https:\/\/mcdonaldworley.com\/es\/las-vegas\/abogado-de-accidentes-de-motocicletas\/\" target=\"_blank\" rel=\"noopener\">abogados de mordeduras de perro en Las Vegas<\/a> pueden ayudarlo a decidir si debe acercarse al due\u00f1o del perro y c\u00f3mo debe hacerlo para que nunca pierda el derecho a una indemnizaci\u00f3n por su lesi\u00f3n por mordedura de perro en Nevada..<\/p>\n<h3>Hacer un reclamo de seguro de mordedura de perro<\/h3>\n<p>Si el due\u00f1o del perro que lo mordi\u00f3 tiene un seguro de responsabilidad civil que incluye cobertura de mordedura de perro, debe asegurarse de que se asigne un ajustador de seguro a su caso. Afortunadamente, cuando hay un seguro en un caso de mordedura de perro en Nevada, casi siempre puede estar seguro de que habr\u00e1 dinero para pagar su reclamo. Desafortunadamente, los ajustadores de seguros son maestros cuando se trata de retrasar y encontrar formas de decir \u00abno\u00bb.<\/p>\n<p>Sin embargo, nuestros <a href=\"https:\/\/mcdonaldworley.com\/es\/north-las-vegas\/abogado-lesiones-personales\/\" target=\"_blank\" rel=\"noopener\">abogados de lesiones personales en Las Vegas<\/a> conocen todos los trucos utilizados por los ajustadores de seguros.. Antes incluso de ponernos en contacto con la compa\u00f1\u00eda de seguros, tendremos todo lo que necesitamos para presentar un reclamo convincente para un arreglo extrajudicial de su caso de mordedura de perro en Nevada.<\/p>\n<h2>P\u00f3ngase en contacto con nuestros abogados de mordedura de perro en Las Vegas para su revisi\u00f3n gratuita de su caso<\/h2>\n<p>Si usted o una persona que conoce est\u00e1 buscando un <a href=\"https:\/\/mcdonaldworley.com\/es\/las-vegas\/abogado-accidentes-peatonales\/\" target=\"_blank\" rel=\"noopener\">abogado experimentado en mordeduras de perro en Las Vegas<\/a>, aprovechamos esta oportunidad para invitarlo a ponerse en contacto con nosotros para su consulta gratuita..<\/p>\n<p>En McDonald Worley, tenemos un equipo de<a href=\"https:\/\/mcdonaldworley.com\/es\/\"> firmas de lesiones personales de Las Vegas<\/a>, profesionales m\u00e9dicos e investigadores listos para luchar para garantizar que las v\u00edctimas de mordeduras de perros en Nevada obtengan la justicia y la compensaci\u00f3n que se merecen.<\/p>\n<p>Cont\u00e1ctenos hoy al (877) 721-3423 o complete el formulario provisto para programar su consulta gratuita y sin compromiso.<\/p>\n<p>\u00a1Usted podr\u00eda tener derecho a da\u00f1os sustanciales <a href=\"https:\/\/mcdonaldworley.com\/es\/las-vegas\/abogado-lesiones-por-quemaduras\/\" target=\"_blank\" rel=\"noopener\">por su lesi\u00f3n por mordedura de perro en Las Vegas.<\/a>!<\/p>\n","protected":false},"excerpt":{"rendered":"<p>Si usted o una persona que conoce en el \u00e1rea de Las Vegas ha sido herido por un perro, podr\u00eda tener derecho a una indemnizaci\u00f3n. McDonald Worley es su recurso confiable para ayudar a las v\u00edctimas de las mordeduras de perros como usted a navegar el proceso legal. Puede ponerse en contacto con nosotros llamando [&hellip;]<\/p>\n","protected":false},"author":65,"featured_media":0,"parent":28991,"menu_order":0,"comment_status":"closed","ping_status":"closed","template":"","meta":{"_acf_changed":false,"site-sidebar-layout":"default","site-content-layout":"","ast-site-content-layout":"default","site-content-style":"default","site-sidebar-style":"default","ast-global-header-display":"","ast-banner-title-visibility":"","ast-main-header-display":"","ast-hfb-above-header-display":"","ast-hfb-below-header-display":"","ast-hfb-mobile-header-display":"","site-post-title":"","ast-breadcrumbs-content":"","ast-featured-img":"","footer-sml-layout":"","ast-disable-related-posts":"","theme-transparent-header-meta":"","adv-header-id-meta":"","stick-header-meta":"","header-above-stick-meta":"","header-main-stick-meta":"","header-below-stick-meta":"","astra-migrate-meta-layouts":"default","ast-page-background-enabled":"default","ast-page-background-meta":{"desktop":{"background-color":"var(--ast-global-color-4)","background-image":"","background-repeat":"repeat","background-position":"center center","background-size":"auto","background-attachment":"scroll","background-type":"","background-media":"","overlay-type":"","overlay-color":"","overlay-opacity":"","overlay-gradient":""},"tablet":{"background-color":"","background-image":"","background-repeat":"repeat","background-position":"center center","background-size":"auto","background-attachment":"scroll","background-type":"","background-media":"","overlay-type":"","overlay-color":"","overlay-opacity":"","overlay-gradient":""},"mobile":{"background-color":"","background-image":"","background-repeat":"repeat","background-position":"center center","background-size":"auto","background-attachment":"scroll","background-type":"","background-media":"","overlay-type":"","overlay-color":"","overlay-opacity":"","overlay-gradient":""}},"ast-content-background-meta":{"desktop":{"background-color":"var(--ast-global-color-5)","background-image":"","background-repeat":"repeat","background-position":"center center","background-size":"auto","background-attachment":"scroll","background-type":"","background-media":"","overlay-type":"","overlay-color":"","overlay-opacity":"","overlay-gradient":""},"tablet":{"background-color":"var(--ast-global-color-5)","background-image":"","background-repeat":"repeat","background-position":"center center","background-size":"auto","background-attachment":"scroll","background-type":"","background-media":"","overlay-type":"","overlay-color":"","overlay-opacity":"","overlay-gradient":""},"mobile":{"background-color":"var(--ast-global-color-5)","background-image":"","background-repeat":"repeat","background-position":"center center","background-size":"auto","background-attachment":"scroll","background-type":"","background-media":"","overlay-type":"","overlay-color":"","overlay-opacity":"","overlay-gradient":""}},"footnotes":""},"class_list":["post-30839","page","type-page","status-publish","hentry"],"acf":[],"_links":{"self":[{"href":"https:\/\/mcdonaldworley.com\/es\/wp-json\/wp\/v2\/pages\/30839","targetHints":{"allow":["GET"]}}],"collection":[{"href":"https:\/\/mcdonaldworley.com\/es\/wp-json\/wp\/v2\/pages"}],"about":[{"href":"https:\/\/mcdonaldworley.com\/es\/wp-json\/wp\/v2\/types\/page"}],"author":[{"embeddable":true,"href":"https:\/\/mcdonaldworley.com\/es\/wp-json\/wp\/v2\/users\/65"}],"replies":[{"embeddable":true,"href":"https:\/\/mcdonaldworley.com\/es\/wp-json\/wp\/v2\/comments?post=30839"}],"version-history":[{"count":0,"href":"https:\/\/mcdonaldworley.com\/es\/wp-json\/wp\/v2\/pages\/30839\/revisions"}],"up":[{"embeddable":true,"href":"https:\/\/mcdonaldworley.com\/es\/wp-json\/wp\/v2\/pages\/28991"}],"wp:attachment":[{"href":"https:\/\/mcdonaldworley.com\/es\/wp-json\/wp\/v2\/media?parent=30839"}],"curies":[{"name":"wp","href":"https:\/\/api.w.org\/{rel}","templated":true}]}}