{"id":30835,"date":"2019-12-04T14:47:23","date_gmt":"2019-12-04T20:47:23","guid":{"rendered":"https:\/\/abconlinehold.wpengine.com\/las-vegas\/nursing-home-abuse-lawyer\/"},"modified":"2021-08-17T08:41:18","modified_gmt":"2021-08-17T13:41:18","slug":"las-vegas-abogado-abuso-en-asilo-ancianos","status":"publish","type":"page","link":"https:\/\/mcdonaldworley.com\/es\/las-vegas\/abogado-asilo-ancianos","title":{"rendered":"Abogado de Abuso en Asilo de Ancianos en Las Vegas"},"content":{"rendered":"<p>Legal y moralmente, se requiere que los hogares de ancianos brinden seguridad y comodidad a sus residentes. Cualquier hogar de ancianos que no cumpla con esos requisitos debe responder por sus fallas y un abogado de abuso de enfermer\u00eda en Las Vegas puede ayudarlo con su caso. Nuestros abogados de lesiones personales en Las Vegas en McDonald Worley se especializan en el abuso de hogares de ancianos en el estado de Nevada y est\u00e1n familiarizados con las regulaciones que rodean estas instalaciones, tanto a nivel estatal como federal. Usando nuestros recursos, podemos realizar investigaciones en profundidad en cualquier hogar de ancianos para determinar si las lesiones que sufri\u00f3 su ser querido fueron causadas por negligencia o abuso.<\/p>\n<p>Las familias naturalmente esperan que sus seres queridos sean bien atendidos cuando est\u00e1n en un hogar de ancianos. Si bien ese es el caso en la mayor\u00eda de los hogares de ancianos, a veces ocurren problemas como negligencia y abuso. Es comprensible que los hogares de ancianos no siempre tengan los recursos disponibles para abordar cada problema que surge con sus pacientes. A pesar de eso, nunca hay una raz\u00f3n v\u00e1lida para que descuiden o abusen de las personas bajo su cuidado. Cont\u00e1ctenos hoy al (704) 766-8729 y programe una revisi\u00f3n gratuita de su caso.<\/p>\n\n<h2>\u00bfCu\u00e1les son algunos de los signos m\u00e1s comunes de que est\u00e1 ocurriendo el abuso en hogares de ancianos?<\/h2>\n<p>Los pacientes a menudo sufren durante mucho tiempo antes de que se descubra el abuso en hogares de ancianos. A veces, les da verg\u00fcenza hablar sobre el problema. Otras veces, tienen demencia u otros problemas que les impiden alertar a nadie sobre el abuso. Es por eso que es tan importante estar atento a los signos comunes de abuso o negligencia, que pueden incluir lo siguiente:<\/p>\n<ul>\n<li>\u00dalceras de dec\u00fabito en cualquier parte del cuerpo, incluidas las piernas, los gl\u00fateos y la espalda.<\/li>\n<li>Signos de deshidrataci\u00f3n o desnutrici\u00f3n.<\/li>\n<li>Contusiones, cortes u otras lesiones que no se pueden explicar<\/li>\n<li>Mala higiene dental o f\u00edsica<\/li>\n<li>Orina o heces en la ropa del paciente o en su cama<\/li>\n<li>Cambios repentinos en el comportamiento, que podr\u00edan ser un signo de abuso mental o emocional.<\/li>\n<li>Una falta de voluntad para hablar libremente<\/li>\n<li>Grietas en los labios, babeo o somnolencia excesiva, todo lo cual puede indicar que se est\u00e1 administrando demasiada medicaci\u00f3n.<\/li>\n<li>Posesiones perdidas<\/li>\n<li>Cambios repentinos en la actividad con la cuenta bancaria del paciente.<\/li>\n<\/ul>\n<p>Esta es una situaci\u00f3n en la que debes escuchar tus instintos. Si siente que algo est\u00e1 mal, probablemente lo est\u00e9. No tenga miedo de preguntar sobre cualquier problema en el hogar de ancianos. Si no se abordan sus inquietudes, comun\u00edquese con <a href=\"https:\/\/mcdonaldworley.com\/es\/los-angeles\/abogado-de-mordedura-de-perro\/\" target=\"_blank\" rel=\"noopener\">los abogados<\/a> aqu\u00ed en McDonald Worley.. Nos tomamos en serio el abuso y la negligencia en hogares de ancianos y haremos todo lo posible para garantizar que los proveedores de hogares de ancianos de Nevada sean responsables cada vez que maltraten a sus pacientes.<\/p>\n<figure id=\"attachment_29212\" aria-describedby=\"caption-attachment-29212\" style=\"width: 400px\" class=\"wp-caption alignnone\"><img loading=\"lazy\" decoding=\"async\" class=\"wp-image-29212 size-full\" src=\"https:\/\/mcdonaldworley.com\/wp-content\/uploads\/2019\/12\/nursing-home-abuse-lawyer-nevada.jpg\" alt=\"abuso en hogares de ancianos en Las Vegas \" width=\"400\" height=\"267\" title=\"\" srcset=\"https:\/\/mcdonaldworley.com\/wp-content\/uploads\/2019\/12\/nursing-home-abuse-lawyer-nevada.jpg 400w, https:\/\/mcdonaldworley.com\/wp-content\/uploads\/2019\/12\/nursing-home-abuse-lawyer-nevada-300x200.jpg 300w\" sizes=\"auto, (max-width: 400px) 100vw, 400px\" \/><figcaption id=\"caption-attachment-29212\" class=\"wp-caption-text\">Si necesita un abogado de abuso en hogares de ancianos, comun\u00edquese con McDonald Worley hoy.<\/figcaption><\/figure>\n<h2>\u00bfC\u00f3mo se determina la responsabilidad en casos relacionados con el abuso en hogares de ancianos?<\/h2>\n<p>Muchos escenarios diferentes afectan c\u00f3mo se determina la responsabilidad en casos de abuso en hogares de ancianos. Algunas de las razones principales para emprender acciones legales incluyen violaciones de los estatutos penales, encarcelamiento falso, abuso y negligencia.<\/p>\n<p>La mayor\u00eda de los empleados que trabajan en el hogar de ancianos tambi\u00e9n tienen que cumplir con ciertos requisitos en t\u00e9rminos de licencia y certificaci\u00f3n. Adem\u00e1s de otras sanciones relacionadas con el abuso y la negligencia, los empleados tambi\u00e9n pueden ser considerados responsables por no cumplir con estos requisitos.<\/p>\n<p>Los pacientes que han experimentado negligencia o abuso <a href=\"https:\/\/mcdonaldworley.com\/es\/preguntas\/lo-que-las-familias-deben-saber-sobre-como-presentar-una-demanda-abuso-en-hogar-de-ancianos\">generalmente pueden perseguir este tipo de casos:<\/a><\/p>\n<ul>\n<li>Demandas civiles para recuperar dinero por da\u00f1os<\/li>\n<li>Procedimientos criminales<\/li>\n<li>Intervenci\u00f3n de un proveedor de servicios de protecci\u00f3n para evitar que el abuso ocurra de inmediato<\/li>\n<\/ul>\n<h3>\u00bfQu\u00e9 detalles est\u00e1n involucrados en los casos de abuso en hogares de ancianos?<\/h3>\n<p>Las instalaciones pueden ser responsables por el abuso en hogares de ancianos en las siguientes situaciones:<\/p>\n<ul>\n<li>Negligencia al contratar personal o supervisar sus acciones<\/li>\n<li>Negligencia al brindar atenci\u00f3n personal a los pacientes<\/li>\n<li>Negligencia al mantener la instalaci\u00f3n o el \u00e1rea a su alrededor.<\/li>\n<li>Negligencia al elegir o cuidar el equipo<\/li>\n<\/ul>\n<p>Probar la responsabilidad requiere que la parte perjudicada demuestre con \u00e9xito que todos los siguientes factores son verdaderos:<\/p>\n<ul>\n<li>El hogar de ancianos ten\u00eda una obligaci\u00f3n con el residente que result\u00f3 herido.<\/li>\n<li>El propietario del hogar de ancianos o los miembros del personal no cumplieron con esa obligaci\u00f3n.<\/li>\n<li>Este incumplimiento del deber provoc\u00f3 las lesiones que sufri\u00f3 el residente.<\/li>\n<li>Las lesiones fueron causadas por la conducta o las acciones del propietario del hogar de ancianos o los empleados.<\/li>\n<\/ul>\n<p>La responsabilidad por incumplimiento de contrato tambi\u00e9n puede aplicarse a hogares de ancianos u otras instalaciones que brindan atenci\u00f3n a largo plazo. En la mayor\u00eda de los casos, los residentes firman un contrato cuando ingresan a un hogar de ancianos.<\/p>\n<p>Este contrato describe los servicios que se brindar\u00e1n junto con los gastos de la atenci\u00f3n. Si ocurre un abuso, puede romper los t\u00e9rminos del contrato. En ese caso, el residente que result\u00f3 lesionado tambi\u00e9n puede presentar un reclamo contra la instalaci\u00f3n por incumplimiento de contrato.<\/p>\n<h2>\u00bfQu\u00e9 factores contribuyen con mayor frecuencia a los casos de abuso de ancianos en Nevada?<\/h2>\n<p>Cuando los pacientes de edad avanzada est\u00e1n sujetos a negligencia o abuso, puede haber muchos factores contribuyentes diferentes. Algunos de esos factores incluyen los siguientes:<\/p>\n<ul>\n<li>Miembros del personal que no est\u00e1n adecuadamente capacitados o que no est\u00e1n calificados<\/li>\n<li>Empleados con antecedentes de violencia o antecedentes penales.<\/li>\n<li>Instalaciones sin personal<\/li>\n<li>Residentes que viven aislados.<\/li>\n<li>Residentes que tienen miedo de hablar cuando est\u00e1n siendo descuidados o maltratados<\/li>\n<\/ul>\n<p><img loading=\"lazy\" decoding=\"async\" class=\"alignnone wp-image-29214 size-full\" src=\"https:\/\/mcdonaldworley.com\/wp-content\/uploads\/2019\/12\/nursing-home-abuse-lawyer-as-vegas.jpg\" alt=\"Maltrato en hogares de ancianos en Las Vegas, NV.\" width=\"400\" height=\"267\" title=\"\" srcset=\"https:\/\/mcdonaldworley.com\/wp-content\/uploads\/2019\/12\/nursing-home-abuse-lawyer-as-vegas.jpg 400w, https:\/\/mcdonaldworley.com\/wp-content\/uploads\/2019\/12\/nursing-home-abuse-lawyer-as-vegas-300x200.jpg 300w\" sizes=\"auto, (max-width: 400px) 100vw, 400px\" \/><\/p>\n<h2>Contacte a un abogado de abuso de ancianos en Las Vegas<\/h2>\n<p>En McDonald Worley, nuestros abogados tienen mucha experiencia manejando casos de abuso en hogares de ancianos en<a href=\"http:\/\/nv.gov\/\" target=\"_blank\" rel=\"noopener noreferrer nofollow\"> Las Vegas<\/a>. Brindamos consultas privadas y gratuitas a los residentes que han sido abusados o descuidados, as\u00ed como a sus familias. Durante una de estas consultas, los detalles del caso se eval\u00faan cuidadosamente. Sobre la base de esa evaluaci\u00f3n, los abogados asesorar\u00e1n al paciente y a sus familias sobre el mejor curso de acci\u00f3n a seguir para proteger sus derechos legales.<\/p>\n<p>Una vez que somos contratados, trabajamos duro para armar un caso s\u00f3lido. Eso significa reunir pruebas, encontrar expertos para testificar y hablar con testigos que puedan verificar que ocurri\u00f3 el abuso o negligencia. Nuestro objetivo es garantizar que cada cliente obtenga el mayor acuerdo o premio posible en su caso. De esa manera, tendr\u00e1n los recursos que necesitan para avanzar en sus vidas. P\u00f3ngase en contacto con nuestra <a href=\"https:\/\/mcdonaldworley.com\/es\/\">firma de lesiones personales en Las Vegas<\/a> hoy al (704) 766-8729 y programe una revisi\u00f3n de caso de cortes\u00eda.<\/p>\n","protected":false},"excerpt":{"rendered":"<p>Legal y moralmente, se requiere que los hogares de ancianos brinden seguridad y comodidad a sus residentes. Cualquier hogar de ancianos que no cumpla con esos requisitos debe responder por sus fallas y un abogado de abuso de enfermer\u00eda en Las Vegas puede ayudarlo con su caso. Nuestros abogados de lesiones personales en Las Vegas [&hellip;]<\/p>\n","protected":false},"author":65,"featured_media":0,"parent":28991,"menu_order":0,"comment_status":"closed","ping_status":"closed","template":"","meta":{"_acf_changed":false,"site-sidebar-layout":"default","site-content-layout":"","ast-site-content-layout":"default","site-content-style":"default","site-sidebar-style":"default","ast-global-header-display":"","ast-banner-title-visibility":"","ast-main-header-display":"","ast-hfb-above-header-display":"","ast-hfb-below-header-display":"","ast-hfb-mobile-header-display":"","site-post-title":"","ast-breadcrumbs-content":"","ast-featured-img":"","footer-sml-layout":"","ast-disable-related-posts":"","theme-transparent-header-meta":"","adv-header-id-meta":"","stick-header-meta":"","header-above-stick-meta":"","header-main-stick-meta":"","header-below-stick-meta":"","astra-migrate-meta-layouts":"default","ast-page-background-enabled":"default","ast-page-background-meta":{"desktop":{"background-color":"var(--ast-global-color-4)","background-image":"","background-repeat":"repeat","background-position":"center center","background-size":"auto","background-attachment":"scroll","background-type":"","background-media":"","overlay-type":"","overlay-color":"","overlay-opacity":"","overlay-gradient":""},"tablet":{"background-color":"","background-image":"","background-repeat":"repeat","background-position":"center center","background-size":"auto","background-attachment":"scroll","background-type":"","background-media":"","overlay-type":"","overlay-color":"","overlay-opacity":"","overlay-gradient":""},"mobile":{"background-color":"","background-image":"","background-repeat":"repeat","background-position":"center center","background-size":"auto","background-attachment":"scroll","background-type":"","background-media":"","overlay-type":"","overlay-color":"","overlay-opacity":"","overlay-gradient":""}},"ast-content-background-meta":{"desktop":{"background-color":"var(--ast-global-color-5)","background-image":"","background-repeat":"repeat","background-position":"center center","background-size":"auto","background-attachment":"scroll","background-type":"","background-media":"","overlay-type":"","overlay-color":"","overlay-opacity":"","overlay-gradient":""},"tablet":{"background-color":"var(--ast-global-color-5)","background-image":"","background-repeat":"repeat","background-position":"center center","background-size":"auto","background-attachment":"scroll","background-type":"","background-media":"","overlay-type":"","overlay-color":"","overlay-opacity":"","overlay-gradient":""},"mobile":{"background-color":"var(--ast-global-color-5)","background-image":"","background-repeat":"repeat","background-position":"center center","background-size":"auto","background-attachment":"scroll","background-type":"","background-media":"","overlay-type":"","overlay-color":"","overlay-opacity":"","overlay-gradient":""}},"footnotes":""},"class_list":["post-30835","page","type-page","status-publish","hentry"],"acf":[],"_links":{"self":[{"href":"https:\/\/mcdonaldworley.com\/es\/wp-json\/wp\/v2\/pages\/30835","targetHints":{"allow":["GET"]}}],"collection":[{"href":"https:\/\/mcdonaldworley.com\/es\/wp-json\/wp\/v2\/pages"}],"about":[{"href":"https:\/\/mcdonaldworley.com\/es\/wp-json\/wp\/v2\/types\/page"}],"author":[{"embeddable":true,"href":"https:\/\/mcdonaldworley.com\/es\/wp-json\/wp\/v2\/users\/65"}],"replies":[{"embeddable":true,"href":"https:\/\/mcdonaldworley.com\/es\/wp-json\/wp\/v2\/comments?post=30835"}],"version-history":[{"count":0,"href":"https:\/\/mcdonaldworley.com\/es\/wp-json\/wp\/v2\/pages\/30835\/revisions"}],"up":[{"embeddable":true,"href":"https:\/\/mcdonaldworley.com\/es\/wp-json\/wp\/v2\/pages\/28991"}],"wp:attachment":[{"href":"https:\/\/mcdonaldworley.com\/es\/wp-json\/wp\/v2\/media?parent=30835"}],"curies":[{"name":"wp","href":"https:\/\/api.w.org\/{rel}","templated":true}]}}