{"id":29177,"date":"2019-01-04T19:58:05","date_gmt":"2019-01-04T19:58:05","guid":{"rendered":"https:\/\/abconlinehold.wpengine.com\/talcum-powder-injury-cases-in-houston\/"},"modified":"2021-08-17T07:29:09","modified_gmt":"2021-08-17T12:29:09","slug":"abogado-de-lesiones-por-talco","status":"publish","type":"page","link":"https:\/\/mcdonaldworley.com\/es\/abogado-de-lesiones-por-talco","title":{"rendered":"Abogado de Lesiones por Talco"},"content":{"rendered":"<p>Durante d\u00e9cadas, el polvo de talco se ha considerado como un producto de higiene personal com\u00fan con muchos usos. Compuesta por el talco mineral molido en gr\u00e1nulos microsc\u00f3picamente peque\u00f1os, la sustancia ha sido elogiada por la prevenci\u00f3n de erupciones y su capacidad de absorci\u00f3n de humedad. Sin embargo, una y otra vez los estudios han demostrado una fuerte conexi\u00f3n entre el uso de talco y el desarrollo de c\u00e1ncer de ovario, especialmente cuando se mezcla con asbesto, un carcin\u00f3geno conocido. M\u00faltiples demandas judiciales han encontrado que los fabricantes de polvos no cumplieron con su deber de informar a los clientes sobre los riesgos conocidos para la salud del uso de los productos, causando as\u00ed miles de casos que en \u00faltima instancia se pueden prevenir.<\/p>\n<p>Las mujeres y los miembros de la familia de mujeres en Houston que han sufrido c\u00e1ncer de ovario y tienen un historial de uso del polvo pueden ser elegibles para presentar un reclamo contra Johnson &amp; Johnson. Johnson &amp; Johnson, el principal productor de polvos y ambientadores corporales a base de talco, no ha advertido a los consumidores de investigaciones de larga data que relacionan el polvo con el c\u00e1ncer de ovario.<\/p>\n\n<h2>Peticiones de acci\u00f3n colectiva Johnson &amp; Johnson<\/h2>\n<p>Johnson &amp; Johnson es uno de los mayores fabricantes de productos de higiene del pa\u00eds. Tambi\u00e9n son uno de los mayores productores y distribuidores de talco en polvo. La compa\u00f1\u00eda tambi\u00e9n ha sido uno de los objetivos principales de una serie de demandas, tanto individuales como colectivas, debido a su negligencia. M\u00faltiples demandas han descubierto que Johnson &amp; Johnson deber\u00eda haber sabido sobre el v\u00ednculo entre el polvo de talco y el c\u00e1ncer de ovario y, sin embargo, durante d\u00e9cadas no cumplieron con su deber de informar adecuadamente a los consumidores sobre este riesgo. Hasta la fecha, varias de estas demandas han dado lugar a acuerdos o veredictos por m\u00e1s de cientos de millones de d\u00f3lares.<\/p>\n<p>El ingrediente principal en los polvos para beb\u00e9s y los productos de ducha a ducha de Johnson &amp; Johnson es el polvo de talco. Aunque Johnson &amp; Johnson ha sido consciente de los riesgos asociados con el polvo de talco durante d\u00e9cadas, el p\u00fablico en general acaba de darse cuenta de ello. El polvo de talco se ha relacionado con el c\u00e1ncer de endometrio, ovario y \u00fatero cuando se usa en el \u00e1rea genital. Tambi\u00e9n se ha relacionado con c\u00e1nceres respiratorios como el mesotelioma y el c\u00e1ncer de pulm\u00f3n de c\u00e9lulas no peque\u00f1as (NSCLC).<\/p>\n<p>Seg\u00fan una amplia gama de fuentes, se han presentado aproximadamente 1.700 demandas contra Johnson &amp; Johnson por no reconocer y abordar los v\u00ednculos entre el c\u00e1ncer de ovario y los polvos para beb\u00e9s y los productos de ducha a ducha de Johnson &amp; Johnson, que contienen polvo de talco.<\/p>\n<h2>\u00bfEs lo mismo el talco y el talco para beb\u00e9s?<\/h2>\n<p>Los t\u00e9rminos \u00abpolvo de talco\u00bb y \u00abpolvo de beb\u00e9\u00bb se usan indistintamente, pero los polvos de talco est\u00e1n hechos con talco, un mineral blando que se tritura y se usa con otros ingredientes. Algunos polvos para beb\u00e9s est\u00e1n hechos con el polvo, otros usan almid\u00f3n de ma\u00edz como base. Incluso el talco para beb\u00e9s no es inofensivo. De hecho, desde 1981, la Academia Estadounidense de Pediatras <a href=\"https:\/\/www.aap.org\/en-us\/Documents\/soim_presentation_acne_diaperrash.pdf\" target=\"_blank\" rel=\"noopener noreferrer nofollow\">emiti\u00f3 una advertencia<\/a> contra el uso de talco para beb\u00e9s en beb\u00e9s. Las part\u00edculas peque\u00f1as en el polvo de beb\u00e9 pueden causar da\u00f1o pulmonar grave si un beb\u00e9 lo inhala.<\/p>\n<p><img loading=\"lazy\" decoding=\"async\" class=\"alignnone wp-image-27093 size-full\" src=\"https:\/\/mcdonaldworley.com\/wp-content\/uploads\/2019\/10\/talcum-powder-750x500.jpg\" alt=\"El polvo de talco ha mostrado un mayor riesgo en el desarrollo de c\u00e1ncer en las mujeres.\" width=\"750\" height=\"500\" title=\"\" srcset=\"https:\/\/mcdonaldworley.com\/wp-content\/uploads\/2019\/10\/talcum-powder-750x500.jpg 750w, https:\/\/mcdonaldworley.com\/wp-content\/uploads\/2019\/10\/talcum-powder-750x500-300x200.jpg 300w\" sizes=\"auto, (max-width: 750px) 100vw, 750px\" \/><\/p>\n<p>En las \u00faltimas cuatro d\u00e9cadas, los cient\u00edficos y los m\u00e9dicos han descubierto cada vez m\u00e1s que existe un v\u00ednculo entre el uso de los productos en polvo y el c\u00e1ncer de ovario. El pensamiento com\u00fan es que debido a que el polvo de talco a menudo se usa en el \u00e1rea genital de una mujer para la higiene personal, el polvo de talco termina causando c\u00e1ncer de ovario cuando viaja dentro del \u00fatero, los ovarios y las trompas de Falopio. Los estudios han revelado que las mujeres que usan regularmente productos de talco en polvo en el \u00e1rea genital tienen un mayor riesgo de desarrollar c\u00e1ncer de ovario hasta en un treinta por ciento.<\/p>\n<h2>Abogados para Demandas de c\u00e1ncer por talco en Houston<\/h2>\n<p>A pesar de estos estudios, los productos de talco en polvo a\u00fan no est\u00e1n regulados en gran medida por el gobierno y los fabricantes de estos productos no advierten a los consumidores sobre el posible v\u00ednculo entre el uso de los productos y el c\u00e1ncer de ovario. Si cree que ha desarrollado c\u00e1ncer por el uso de un producto de talco, es importante que consulte con un abogado experimentado en talco de inmediato. Los abogados expertos y especializados en lesiones de McDonald Worley ya han trabajado arduamente investigando casos de talco en polvo en todo el pa\u00eds, preparando demandas por talco en polvo, y est\u00e1n listos para ayudar con su caso hoy.<\/p>\n<p>Si desea hablar con un miembro de nuestro equipo sobre su caso, no espere para llamarnos. Podemos proporcionarle una evaluaci\u00f3n de caso 100% gratuita donde podemos examinar los detalles de su caso y determinar qu\u00e9 estrategias legales pueden proteger mejor su futuro. Si cree que tiene un caso, ahora es el momento de comunicarse con McDonald Worley para obtener representaci\u00f3n legal. Si cree que un fabricante no le advirti\u00f3 por negligencia, <a href=\"https:\/\/mcdonaldworley.com\/es\/contacto\/\">comun\u00edquese<\/a> con nuestra empresa de inmediato.<\/p>\n","protected":false},"excerpt":{"rendered":"<p>Durante d\u00e9cadas, el polvo de talco se ha considerado como un producto de higiene personal com\u00fan con muchos usos. Compuesta por el talco mineral molido en gr\u00e1nulos microsc\u00f3picamente peque\u00f1os, la sustancia ha sido elogiada por la prevenci\u00f3n de erupciones y su capacidad de absorci\u00f3n de humedad. Sin embargo, una y otra vez los estudios han [&hellip;]<\/p>\n","protected":false},"author":65,"featured_media":0,"parent":0,"menu_order":0,"comment_status":"closed","ping_status":"closed","template":"","meta":{"_acf_changed":false,"site-sidebar-layout":"default","site-content-layout":"","ast-site-content-layout":"default","site-content-style":"default","site-sidebar-style":"default","ast-global-header-display":"","ast-banner-title-visibility":"","ast-main-header-display":"","ast-hfb-above-header-display":"","ast-hfb-below-header-display":"","ast-hfb-mobile-header-display":"","site-post-title":"","ast-breadcrumbs-content":"","ast-featured-img":"","footer-sml-layout":"","ast-disable-related-posts":"","theme-transparent-header-meta":"","adv-header-id-meta":"","stick-header-meta":"","header-above-stick-meta":"","header-main-stick-meta":"","header-below-stick-meta":"","astra-migrate-meta-layouts":"default","ast-page-background-enabled":"default","ast-page-background-meta":{"desktop":{"background-color":"var(--ast-global-color-4)","background-image":"","background-repeat":"repeat","background-position":"center center","background-size":"auto","background-attachment":"scroll","background-type":"","background-media":"","overlay-type":"","overlay-color":"","overlay-opacity":"","overlay-gradient":""},"tablet":{"background-color":"","background-image":"","background-repeat":"repeat","background-position":"center center","background-size":"auto","background-attachment":"scroll","background-type":"","background-media":"","overlay-type":"","overlay-color":"","overlay-opacity":"","overlay-gradient":""},"mobile":{"background-color":"","background-image":"","background-repeat":"repeat","background-position":"center center","background-size":"auto","background-attachment":"scroll","background-type":"","background-media":"","overlay-type":"","overlay-color":"","overlay-opacity":"","overlay-gradient":""}},"ast-content-background-meta":{"desktop":{"background-color":"var(--ast-global-color-5)","background-image":"","background-repeat":"repeat","background-position":"center center","background-size":"auto","background-attachment":"scroll","background-type":"","background-media":"","overlay-type":"","overlay-color":"","overlay-opacity":"","overlay-gradient":""},"tablet":{"background-color":"var(--ast-global-color-5)","background-image":"","background-repeat":"repeat","background-position":"center center","background-size":"auto","background-attachment":"scroll","background-type":"","background-media":"","overlay-type":"","overlay-color":"","overlay-opacity":"","overlay-gradient":""},"mobile":{"background-color":"var(--ast-global-color-5)","background-image":"","background-repeat":"repeat","background-position":"center center","background-size":"auto","background-attachment":"scroll","background-type":"","background-media":"","overlay-type":"","overlay-color":"","overlay-opacity":"","overlay-gradient":""}},"footnotes":""},"class_list":["post-29177","page","type-page","status-publish","hentry"],"acf":[],"_links":{"self":[{"href":"https:\/\/mcdonaldworley.com\/es\/wp-json\/wp\/v2\/pages\/29177","targetHints":{"allow":["GET"]}}],"collection":[{"href":"https:\/\/mcdonaldworley.com\/es\/wp-json\/wp\/v2\/pages"}],"about":[{"href":"https:\/\/mcdonaldworley.com\/es\/wp-json\/wp\/v2\/types\/page"}],"author":[{"embeddable":true,"href":"https:\/\/mcdonaldworley.com\/es\/wp-json\/wp\/v2\/users\/65"}],"replies":[{"embeddable":true,"href":"https:\/\/mcdonaldworley.com\/es\/wp-json\/wp\/v2\/comments?post=29177"}],"version-history":[{"count":0,"href":"https:\/\/mcdonaldworley.com\/es\/wp-json\/wp\/v2\/pages\/29177\/revisions"}],"wp:attachment":[{"href":"https:\/\/mcdonaldworley.com\/es\/wp-json\/wp\/v2\/media?parent=29177"}],"curies":[{"name":"wp","href":"https:\/\/api.w.org\/{rel}","templated":true}]}}