{"id":29166,"date":"2019-03-14T20:41:40","date_gmt":"2019-03-14T20:41:40","guid":{"rendered":"https:\/\/abconlinehold.wpengine.com\/sugarland\/"},"modified":"2021-08-19T11:57:33","modified_gmt":"2021-08-19T16:57:33","slug":"sugarland-abogado-de-lesiones-personales","status":"publish","type":"page","link":"https:\/\/mcdonaldworley.com\/es\/sugarland\/abogado-de-lesiones-personales","title":{"rendered":"Abogado de Lesiones Personales en Sugarland"},"content":{"rendered":"<p>Pasamos la mitad de nuestras vidas preocup\u00e1ndonos por lo que podr\u00eda pasar. \u00bfQu\u00e9 pasa si pierdo mi trabajo? \u00bfQu\u00e9 pasa si me enfermo? Hay suficientes cosas de las que preocuparse, lo \u00faltimo que debe hacer es preocuparse por tener un accidente. No importa qu\u00e9 tipo de lesi\u00f3n personal sufra, hay abogados en Sugarland que saben exactamente qu\u00e9 hacer. Tendr\u00e1 derecho a una indemnizaci\u00f3n por sus lesiones. Es importante que la persona responsable de sus lesiones rinda cuentas.<\/p>\n<p>Los accidentes ocurren todos los d\u00edas. Vemos dobladores de guardabarros al costado del camino. Escuchamos sobre accidentes laborales en las noticias. Pero en realidad nunca nos detenemos a pensar en lo que har\u00edamos si alguna vez nos sucediera.<\/p>\n<p>Si alguien causa un accidente y te lastimas, sentir\u00e1s algunas cosas. Estar\u00e1s enojado y frustrado. Vas a querer que alguien pague. La buena noticia es que aqu\u00ed en McDonald Worley, \u00a1tenemos abogados con experiencia que pueden ayudarlo!<\/p>\n<p>Tenemos abogados disponibles para responder sus preguntas las 24 horas del d\u00eda. De d\u00eda o de noche, alguien est\u00e1 aqu\u00ed para darle la tranquilidad que est\u00e1 buscando. Si te lastimas a manos de otro, tienes derecho a ciertos<a href=\"https:\/\/www.nolo.com\/legal-encyclopedia\/damages-how-much-personal-injury-32264.html\" target=\"_blank\" rel=\"noopener noreferrer nofollow\"> tipos de compensaci\u00f3n<\/a>, que incluyen:<\/p>\n<ul>\n<li>Facturas m\u00e9dicas<\/li>\n<li>Salarios perdidos<\/li>\n<li>Da\u00f1o a la propiedad<\/li>\n<li>Incapacidad permanente<\/li>\n<li>Dolor y sufrimiento<\/li>\n<\/ul>\n<p>Si cree que tiene un caso de lesiones personales, debe llamar y programar una consulta con nuestra oficina.<\/p>\n\n<h2>\u00bfQu\u00e9 hace que los Abogados de Lesiones Personales McDonald Worley de Sugarland sean especiales?<\/h2>\n<p>Muchos <a href=\"https:\/\/mcdonaldworley.com\/es\/pearland\/abogado-lesiones-personales\/\" target=\"_blank\" rel=\"noopener\">abogados se llaman abogados de lesiones personales<\/a>, pero no se especializan en lesiones especiales.. Ellos incursionan en todo tipo de leyes y piensan que esto los califica para manejar su caso. En McDonald Worley, nos damos cuenta de los beneficios de a\u00f1os de experiencia. Nuestros abogados han pasado d\u00e9cadas aprendiendo c\u00f3mo obtener a nuestros clientes la compensaci\u00f3n que se merecen.<\/p>\n<p>Nuestros abogados saben c\u00f3mo manejar todo tipo de casos de lesiones personales. Tambi\u00e9n entendemos que debe concentrarse en mejorar. Deje que nuestra firma maneje el lado legal de las cosas mientras se recupera de su lesi\u00f3n.<\/p>\n<p>Cuando llame a McDonald Worley, disfrutar\u00e1 de lo siguiente:<\/p>\n<ul>\n<li><strong>Acceso 24\/7<\/strong><\/li>\n<li><strong>Consulta inicial gratuita<\/strong><\/li>\n<li><strong>Abogados experimentados que conocen la ley<\/strong><\/li>\n<li><strong>Compasi\u00f3n<\/strong><\/li>\n<li><strong>Adem\u00e1s, profesionales honestos que tengan en mente sus mejores intereses<\/strong><\/li>\n<\/ul>\n<p>Llame y programe su consulta inicial gratuita hoy.<\/p>\n<h2>Manejamos todo tipo de casos de lesiones personales en Sugarland<\/h2>\n<p>No importa qu\u00e9 tipo de lesi\u00f3n personal haya sufrido, los abogados de McDonald Worley pueden ayudarlo. Tenemos d\u00e9cadas de experiencia manejando casos como el suyo. En su mayor parte, los casos de lesiones personales implican negligencia. Esto solo significa que alguien no hizo lo que se supon\u00eda que deb\u00eda hacer y usted result\u00f3 herido como resultado.<\/p>\n<p>Tiene derecho a sentirse seguro y protegido mientras realiza su d\u00eda. Lo \u00faltimo de lo que deber\u00eda preocuparse es de ser lastimado por extra\u00f1os. Si esto sucede, debe esperar ser compensado por sus lesiones.<\/p>\n<p>Cuando se re\u00fana con su <a href=\"https:\/\/mcdonaldworley.com\/es\/league-city\/abogado-de-lesiones-personales\/\" target=\"_blank\" rel=\"noopener\">abogado de lesiones personales<\/a> de McDonald Worley por primera vez, espere lo siguiente:<\/p>\n<ul>\n<li>Un abogado experimentado revisar\u00e1 su caso y responder\u00e1 cualquier pregunta que pueda tener.<\/li>\n<li>Su abogado le dar\u00e1 una idea de lo que puede valer su caso<\/li>\n<li>Uno de nuestros abogados de lesiones personales explicar\u00e1 c\u00f3mo funciona el proceso legal.<\/li>\n<\/ul>\n<p>Algunos de los tipos m\u00e1s comunes de casos de lesiones personales que manejamos se analizan a continuaci\u00f3n.<\/p>\n<h3>Accidentes automovil\u00edsticos<\/h3>\n<p>Hay miles de accidentes automovil\u00edsticos en Texas cada a\u00f1o. Afortunadamente, la mayor\u00eda no resultan en lesiones graves. Implican dobladores de guardabarros o accidentes en la parte trasera. Sin embargo, algunos accidentes automovil\u00edsticos pueden causar lesiones muy graves, incluso la muerte. Manejamos accidentes automovil\u00edsticos causados \u200b\u200bpor diferentes cosas. Las causas m\u00e1s comunes de accidentes automovil\u00edsticos en Texas son:<\/p>\n<ul>\n<li>Exceso de velocidad<\/li>\n<li>Cabeza en colisiones<\/li>\n<li>Conducci\u00f3n temeraria<\/li>\n<li>Conducci\u00f3n distra\u00edda<\/li>\n<li>Conducir en estado de ebriedad o bajo la influencia de drogas.<\/li>\n<li>Mensajes de texto y conducir<\/li>\n<\/ul>\n<p>Todos estos accidentes pueden causar lesiones bastante graves. Su <a href=\"https:\/\/mcdonaldworley.com\/es\/moreno-valley\/abogado-accidentes-automovilisticos\/\" target=\"_blank\" rel=\"noopener\">abogado de accidentes automovil\u00edsticos<\/a> trabajar\u00e1 duro para asegurarse de que el otro conductor sea responsable..<\/p>\n<h3>Accidentes de camiones<\/h3>\n<p>Los accidentes de camiones son algunos de los tipos de accidentes m\u00e1s peligrosos. Esto se debe a que un autom\u00f3vil no tiene ninguna posibilidad contra un veh\u00edculo comercial. Su gran tama\u00f1o no los hace rival para un veh\u00edculo de pasajeros. En accidentes de camiones, la v\u00edctima generalmente sufre lesiones graves o posible muerte.<\/p>\n<p>Nos guste o no, tenemos que compartir el camino con los tractores. Los conductores comerciales no son malas personas. Simplemente operan m\u00e1quinas muy grandes durante varias horas todos los d\u00edas. La mayor\u00eda de los accidentes de camiones son causados \u200b\u200bpor:<\/p>\n<ul>\n<li>Conducci\u00f3n distra\u00edda<\/li>\n<li>El conductor est\u00e1 sobrecargado<\/li>\n<li>Una carga demasiado grande<\/li>\n<li>Conducir deteriorado<\/li>\n<li>Exceso de velocidad o conducci\u00f3n descuidada<\/li>\n<li>Mantenimiento inadecuado del equipo.<\/li>\n<\/ul>\n<p>Si se lastima en un accidente de cami\u00f3n, necesitar\u00e1 un accidente de cami\u00f3n experimentado como los de McDonald Worley.<\/p>\n<h3>Accidentes de motos<\/h3>\n<p>Si conduce una motocicleta, probablemente escuche lo peligroso que puede ser todo el tiempo. No se trata solo de c\u00f3mo andas en bicicleta. Tiene m\u00e1s que ver con los otros autos en la carretera. No tienes absolutamente nada que te proteja cuando est\u00e1s en una motocicleta.<\/p>\n<p>Lo \u00fanico que se interpone entre usted y otro autom\u00f3vil es un casco de pl\u00e1stico. Si tiene un accidente, hay una buena posibilidad de que sufra algunas lesiones bastante graves. Algunas de las lesiones causadas por accidentes de motocicleta son:<\/p>\n<ul>\n<li>Heridas en la cabeza<\/li>\n<li><a href=\"https:\/\/mcdonaldworley.com\/es\/houston\/lesiones-cerebrales-de-la-nfl\/\" target=\"_blank\" rel=\"noopener\">Lesiones cerebrales<\/a> traum\u00e1ticas..<\/li>\n<li>Laceraciones<\/li>\n<li>Quemaduras<\/li>\n<li>Huesos rotos<\/li>\n<li>Heridas internas<\/li>\n<\/ul>\n<p>Si se lastima mientras conduce una motocicleta, es una buena idea llamar y programar una consulta con nuestra oficina. Podemos revisar su caso y ayudar a determinar qui\u00e9n puede ser el culpable.<\/p>\n<h3>Accidentes de peatones<\/h3>\n<p>Los accidentes de peatones dan miedo a todos los involucrados. El conductor de un autom\u00f3vil nunca quiere golpear a un peat\u00f3n. Saben que lo m\u00e1s probable es que el peat\u00f3n se lastime gravemente. Tambi\u00e9n saben que a veces es dif\u00edcil decir que los peatones est\u00e1n en el camino.<\/p>\n<p>Como peat\u00f3n, debes tener mucho cuidado. Dependiendo de d\u00f3nde est\u00e9 caminando, es posible que no sea muy visible para los conductores en la carretera. Lo m\u00e1s probable es que si te atropella un autom\u00f3vil, podr\u00edas terminar en el hospital. No hay nada que te proteja del impacto. Puede tener derecho a da\u00f1os significativos por sus lesiones.<\/p>\n<h3>Accidentes de bicicleta<\/h3>\n<p>En este d\u00eda de \u00abvolverse verde\u00bb, muchas personas han optado por andar en bicicleta en lugar de conducir. Y tan bueno como esto es para su salud y el medio ambiente, puede ser peligroso. Nos guste o no, los ciclistas tienen que compartir el camino con otros autom\u00f3viles y camiones.<\/p>\n<p>A veces, los conductores de autom\u00f3viles no prestan mucha atenci\u00f3n a la carretera. No esperan que un ciclista est\u00e9 en la carretera. Esto es especialmente cierto si se encuentra en una carretera estatal o en una importante parada de toros. Si lo atropella un autom\u00f3vil, necesitar\u00e1 los servicios de un <a href=\"https:\/\/mcdonaldworley.com\/es\/new-york-city\/abogado-de-lesiones-personales\/\" target=\"_blank\" rel=\"noopener\">abogado experimentado en lesiones personales<\/a> como los de McDonald Worley..<\/p>\n<h3>Responsabilidad del local<\/h3>\n<p>Si se <a href=\"https:\/\/mcdonaldworley.com\/es\/demandar-a-su-vecino-si-se-lastima-en-su-propiedad\/\" target=\"_blank\" rel=\"noopener\">lastima mientras est\u00e1 en la propiedad<\/a> de otra persona, tendr\u00e1 derecho a una compensaci\u00f3n.. Ya sea que est\u00e9s en la casa de un amigo o vecino, podr\u00edas terminar cay\u00e9ndote y lastim\u00e1ndote. O bien, podr\u00eda lesionarse por una condici\u00f3n defectuosa dentro de su casa. Si este es el caso, su <a href=\"https:\/\/mcdonaldworley.com\/es\/riverside\/abogado-lesiones-personales\/\" target=\"_blank\" rel=\"noopener\">abogado de lesiones personales<\/a> puede ayudarlo a presentar un reclamo contra su seguro.<\/p>\n<p>La mayor\u00eda de los casos de responsabilidad de locales no involucran a amigos o vecinos, sino a edificios comerciales. Con la cantidad de tr\u00e1fico que tienen lugares como los grandes almacenes, no es sorprendente que tengan su parte justa de accidentes de responsabilidad civil en las instalaciones.<\/p>\n<p>Algunos de los tipos m\u00e1s comunes de casos de responsabilidad de locales incluyen:<\/p>\n<ul>\n<li>Resbalones y ca\u00eddas en los grandes almacenes.<\/li>\n<li>Cortes y laceraciones en restaurantes y tiendas.<\/li>\n<li>Quemaduras en un restaurante<\/li>\n<li>Ca\u00eddas en estacionamientos<\/li>\n<li>Mordidas de perro<\/li>\n<li>Falla en el equipo<\/li>\n<\/ul>\n<p>Su abogado en McDonald Worley luchar\u00e1 duro para asegurarse de que el acusado rinda cuentas. Presentar\u00e1n un reclamo <a href=\"https:\/\/mcdonaldworley.com\/civil-litigation\/social-security-disability-denial\/\" target=\"_blank\" rel=\"noopener\">por da\u00f1os y perjuicios ante la compa\u00f1\u00eda de seguros del<\/a> acusado.. Y si el seguro no cubre sus lesiones, presentar\u00e1 una demanda en su nombre.<\/p>\n<h2>McDonald Worley maneja otros tipos de casos de lesiones personales en Sugarland<\/h2>\n<p>No todos los casos de lesiones personales involucran accidentes. Hay docenas de formas en que las personas pueden salir lastimadas que no implican un accidente. Cada vez que sale de la casa, existe la posibilidad de que pueda sufrir una lesi\u00f3n personal.<\/p>\n<p>No importa el tipo de lesi\u00f3n personal, nuestros abogados est\u00e1n equipados para manejar su caso por usted. Tenemos a\u00f1os de experiencia manejando todo tipo de reclamos por lesiones personales. Como la mayor\u00eda de los casos se basan en negligencia, en realidad no importa qu\u00e9 causa la lesi\u00f3n. Lo importante es que su abogado de lesiones personales de Sugarland pueda probar que otra persona es responsable de sus lesiones.<\/p>\n<h3>Abuso de hogar de ancianos<\/h3>\n<p>En la actualidad, cada vez m\u00e1s personas dependen de hogares de ancianos para cuidar a sus seres queridos. Las personas viven m\u00e1s y no tenemos el tiempo necesario para cuidarlas adecuadamente. Y, admit\u00e1moslo, la mayor\u00eda de nosotros no estamos calificados para hacerlo de todos modos.<\/p>\n<p>Cuando trasladamos a nuestra mam\u00e1 o pap\u00e1 a un hogar de ancianos, esperamos que los dejemos en buenas manos. Las personas que trabajan en enfermer\u00eda deben tener compasi\u00f3n. Deben querer cuidar bien a sus pacientes.<\/p>\n<p>A veces, nuestros seres queridos sufren abusos a manos del hogar de ancianos. Este abuso puede estar en manos del personal. O, otros residentes pueden ser los culpables. De cualquier manera, el hogar de ancianos es responsable del bienestar de su ser querido.<\/p>\n<p>Algunos de los tipos comunes de casos de abuso en hogares de ancianos que vemos incluyen:<\/p>\n<ul>\n<li>\u00dalceras por presi\u00f3n<\/li>\n<li>Negligencia<\/li>\n<li>Ca\u00eddas<\/li>\n<li>Abuso sexual<\/li>\n<li>Abuso f\u00edsico<\/li>\n<li>Abuso mental y emocional<\/li>\n<li>Abuso financiero<\/li>\n<\/ul>\n<p>Si su mam\u00e1 o pap\u00e1 han sido v\u00edctimas de abuso en hogares de ancianos, debe llamar a nuestra oficina. Deje que uno de nuestros abogados con experiencia revise su caso y le informe qu\u00e9 se puede hacer.<\/p>\n<h3>Medicamentos Peligrosos<\/h3>\n<p>Cada vez que encendemos la televisi\u00f3n, vemos otro anuncio de un nuevo medicamento. Parece que hay m\u00e1s advertencias y efectos secundarios para estos medicamentos que beneficios. No todos los medicamentos son completamente probados por la FDA. Es por eso que vemos a tantas personas lesionadas por drogas peligrosas.<\/p>\n<p>Algunas de las drogas m\u00e1s peligrosas en el mercado hoy en d\u00eda son:<\/p>\n<ul>\n<li>Antidepresivos como Prozac y Zoloft<\/li>\n<li>Medicamentos para el dolor como fentanilo y oxicodona.<\/li>\n<li>Medicamentos para la diabetes como Avandia y Actos.<\/li>\n<li>Medicamentos anticonceptivos.<\/li>\n<\/ul>\n<p>Si usted o un ser querido ha resultado lesionado por alguna droga peligrosa, puede tener derecho a una indemnizaci\u00f3n.<\/p>\n<h3>Productos defectuosos<\/h3>\n<p>Desde la d\u00e9cada de 1970, hemos visto un aumento en el n\u00famero de productos defectuosos puestos en el mercado. Muchos casos de productos defectuosos involucran juguetes para ni\u00f1os. Otros involucran cosas como herramientas el\u00e9ctricas, cortadoras de c\u00e9sped y autom\u00f3viles.<\/p>\n<p>Hay dos tipos principales de defectos: defectos de dise\u00f1o y defectos de fabricaci\u00f3n.<\/p>\n<p>Un defecto de dise\u00f1o es cuando un producto es inherentemente peligroso. No importa cu\u00e1n cuidadosos sean en la planta de producci\u00f3n, ese producto representar\u00e1 un peligro para sus usuarios.<\/p>\n<p>Un defecto de fabricaci\u00f3n tiene que ver con si el producto se fabric\u00f3 correctamente o no. Por ejemplo, si el pestillo de seguridad de un producto no estaba conectado, puede hacer que el producto sea peligroso. Si se hubiera hecho correctamente, habr\u00eda sido seguro para su uso.<\/p>\n<h3>Reclamaciones de mesotelioma<\/h3>\n<p>En los \u00faltimos veinte a\u00f1os, hemos aprendido cu\u00e1n peligroso puede ser el asbesto. Las personas que estuvieron expuestas al asbesto y a los productos de asbesto pueden desarrollar una enfermedad llamada <a href=\"https:\/\/www.webmd.com\/lung\/mesothelioma-causes-and-symptoms\" target=\"_blank\" rel=\"noopener noreferrer nofollow\">mesotelioma<\/a>. Esta es una forma agresiva de c\u00e1ncer.<\/p>\n<p>Lamentablemente, muy pocas personas (si las hay) diagnosticadas con mesotelioma sobreviven. La mayor\u00eda muere dentro del primer a\u00f1o. Si usted o un ser querido ha sido diagnosticado con esta enfermedad, debe comunicarse con nuestra oficina de inmediato. Tiene un derecho definitivo de compensaci\u00f3n y no desea posponer esto.<\/p>\n<p>Su familia necesita concentrarse en cuidarse mutuamente durante este momento dif\u00edcil. Deje que uno de nuestros <a href=\"https:\/\/mcdonaldworley.com\/es\/nellis-afb\/abogado-lesiones-personales\/\" target=\"_blank\" rel=\"noopener\">abogados compasivos de lesiones personales<\/a> en Sugarland maneje el lado legal de las cosas por usted..<\/p>\n<h2>\u00bfCu\u00e1les son los tipos m\u00e1s comunes de lesiones personales?<\/h2>\n<p>Incluso los accidentes menores pueden causar lesiones muy graves. Lo primero que debe saber es siempre buscar tratamiento m\u00e9dico inmediatamente despu\u00e9s de un accidente. Debe hacer esto por dos razones: en primer lugar, debe asegurarse de estar bien y, en segundo lugar, necesita documentaci\u00f3n m\u00e9dica de sus lesiones.<\/p>\n<p>Nuestra firma maneja todo tipo de lesiones personales. Algunas de estas lesiones pueden requerir cirug\u00eda o fisioterapia. Puede perder mucho tiempo del trabajo. Todo depende de las circunstancias de su caso.<\/p>\n<p>Algunos de los <a href=\"https:\/\/www.nolo.com\/legal-encyclopedia\/what-the-most-common-vehicle-accident-injuries.html\" target=\"_blank\" rel=\"noopener noreferrer nofollow\">tipos m\u00e1s comunes de lesiones<\/a> que vemos incluyen:<\/p>\n<ul>\n<li>Lesiones de espalda<\/li>\n<li>Heridas en la cabeza<\/li>\n<li>Lesiones cerebrales traum\u00e1ticas.<\/li>\n<li>Lesiones en el cuello<\/li>\n<li>Heridas internas<\/li>\n<li>Laceraciones<\/li>\n<li>Huesos rotos<\/li>\n<\/ul>\n<p>Algunas de estas lesiones pueden no aparecer de inmediato. Podr\u00edan pasar d\u00edas o incluso semanas para descubrir que te han lastimado. Es por eso que necesita ver a un m\u00e9dico de inmediato. Un m\u00e9dico tambi\u00e9n puede hacer las pruebas necesarias para descubrir qu\u00e9 lesiones ha sufrido.<\/p>\n<p>Nuestros abogados trabajar\u00e1n arduamente para obtener la compensaci\u00f3n que usted merece. Por lo tanto, solo necesita concentrarse en recuperarse.<\/p>\n<h2>McDonald Worley proteger\u00e1 sus derechos en Sugarland, Texas<\/h2>\n<p>Si se lesiona en un accidente de lesiones personales, tiene derecho a una indemnizaci\u00f3n. Ya sea que tenga que presentar un reclamo contra una persona o una compa\u00f1\u00eda de seguros, su abogado trabajar\u00e1 arduamente para resolver su caso. La mayor\u00eda de los casos se resuelven fuera de los tribunales. Nadie quiere ir a juicio. Los ensayos son caros y requieren mucho tiempo.<\/p>\n<p>Es posible que tenga un reclamo contra varias partes diferentes, que incluyen:<\/p>\n<p>Individuos: puede presentar un reclamo contra otro conductor. O puede que tenga que presentar una demanda contra el due\u00f1o de la propiedad o el due\u00f1o del perro.<br \/>\nEmpresas: si se lastima mientras se encuentra en las instalaciones de una empresa, tendr\u00e1 un reclamo contra esa empresa. Aproximadamente la mitad de los casos de lesiones personales se presentan contra empresas.<br \/>\nCompa\u00f1\u00edas de seguros: en muchos casos, antes de presentar una demanda, intentar\u00e1 que le paguen a trav\u00e9s de la compa\u00f1\u00eda de seguros del demandado.<br \/>\nAgencias gubernamentales y locales: estos casos no son muy comunes. Sin embargo, es posible que tenga un reclamo contra un municipio o ciudad.<\/p>\n<p>Su abogado tendr\u00e1 que demostrar que los acusados \u200b\u200bson responsables de sus lesiones. Una vez que hace esto, puede obtener la compensaci\u00f3n que te mereces.<\/p>\n<h2>Contacte a un abogado de lesiones personales en McDonald Worley en Sugarland, Texas<\/h2>\n<p>Por \u00faltimo, si usted o un ser querido han resultado heridos en un caso de lesiones personales, debe comunicarse con nuestra oficina. Llame y programe una consulta inicial gratuita con uno de nuestros <a href=\"https:\/\/mcdonaldworley.com\/es\/\">abogados con experiencia en lesiones personales<\/a>. Ofrecemos a la gente de Sugarland la tranquilidad que necesitan durante un momento dif\u00edcil.<\/p>\n<p>Nuestros abogados luchar\u00e1n por conseguirte cada centavo que mereces. Tambi\u00e9n luchamos para hacerte justicia. La consulta es gratuita. Y recuerde: no paga nada hasta que gane su caso. El acusado tendr\u00e1 abogados trabajando para ellos. \u00a1Y t\u00fa tambi\u00e9n deber\u00edas!<\/p>\n","protected":false},"excerpt":{"rendered":"<p>Pasamos la mitad de nuestras vidas preocup\u00e1ndonos por lo que podr\u00eda pasar. \u00bfQu\u00e9 pasa si pierdo mi trabajo? \u00bfQu\u00e9 pasa si me enfermo? Hay suficientes cosas de las que preocuparse, lo \u00faltimo que debe hacer es preocuparse por tener un accidente. No importa qu\u00e9 tipo de lesi\u00f3n personal sufra, hay abogados en Sugarland que saben [&hellip;]<\/p>\n","protected":false},"author":65,"featured_media":0,"parent":32763,"menu_order":0,"comment_status":"closed","ping_status":"closed","template":"","meta":{"_acf_changed":false,"site-sidebar-layout":"default","site-content-layout":"","ast-site-content-layout":"default","site-content-style":"default","site-sidebar-style":"default","ast-global-header-display":"","ast-banner-title-visibility":"","ast-main-header-display":"","ast-hfb-above-header-display":"","ast-hfb-below-header-display":"","ast-hfb-mobile-header-display":"","site-post-title":"","ast-breadcrumbs-content":"","ast-featured-img":"","footer-sml-layout":"","ast-disable-related-posts":"","theme-transparent-header-meta":"","adv-header-id-meta":"","stick-header-meta":"","header-above-stick-meta":"","header-main-stick-meta":"","header-below-stick-meta":"","astra-migrate-meta-layouts":"default","ast-page-background-enabled":"default","ast-page-background-meta":{"desktop":{"background-color":"var(--ast-global-color-4)","background-image":"","background-repeat":"repeat","background-position":"center center","background-size":"auto","background-attachment":"scroll","background-type":"","background-media":"","overlay-type":"","overlay-color":"","overlay-opacity":"","overlay-gradient":""},"tablet":{"background-color":"","background-image":"","background-repeat":"repeat","background-position":"center center","background-size":"auto","background-attachment":"scroll","background-type":"","background-media":"","overlay-type":"","overlay-color":"","overlay-opacity":"","overlay-gradient":""},"mobile":{"background-color":"","background-image":"","background-repeat":"repeat","background-position":"center center","background-size":"auto","background-attachment":"scroll","background-type":"","background-media":"","overlay-type":"","overlay-color":"","overlay-opacity":"","overlay-gradient":""}},"ast-content-background-meta":{"desktop":{"background-color":"var(--ast-global-color-5)","background-image":"","background-repeat":"repeat","background-position":"center center","background-size":"auto","background-attachment":"scroll","background-type":"","background-media":"","overlay-type":"","overlay-color":"","overlay-opacity":"","overlay-gradient":""},"tablet":{"background-color":"var(--ast-global-color-5)","background-image":"","background-repeat":"repeat","background-position":"center center","background-size":"auto","background-attachment":"scroll","background-type":"","background-media":"","overlay-type":"","overlay-color":"","overlay-opacity":"","overlay-gradient":""},"mobile":{"background-color":"var(--ast-global-color-5)","background-image":"","background-repeat":"repeat","background-position":"center center","background-size":"auto","background-attachment":"scroll","background-type":"","background-media":"","overlay-type":"","overlay-color":"","overlay-opacity":"","overlay-gradient":""}},"footnotes":""},"class_list":["post-29166","page","type-page","status-publish","hentry"],"acf":[],"_links":{"self":[{"href":"https:\/\/mcdonaldworley.com\/es\/wp-json\/wp\/v2\/pages\/29166","targetHints":{"allow":["GET"]}}],"collection":[{"href":"https:\/\/mcdonaldworley.com\/es\/wp-json\/wp\/v2\/pages"}],"about":[{"href":"https:\/\/mcdonaldworley.com\/es\/wp-json\/wp\/v2\/types\/page"}],"author":[{"embeddable":true,"href":"https:\/\/mcdonaldworley.com\/es\/wp-json\/wp\/v2\/users\/65"}],"replies":[{"embeddable":true,"href":"https:\/\/mcdonaldworley.com\/es\/wp-json\/wp\/v2\/comments?post=29166"}],"version-history":[{"count":0,"href":"https:\/\/mcdonaldworley.com\/es\/wp-json\/wp\/v2\/pages\/29166\/revisions"}],"up":[{"embeddable":true,"href":"https:\/\/mcdonaldworley.com\/es\/wp-json\/wp\/v2\/pages\/32763"}],"wp:attachment":[{"href":"https:\/\/mcdonaldworley.com\/es\/wp-json\/wp\/v2\/media?parent=29166"}],"curies":[{"name":"wp","href":"https:\/\/api.w.org\/{rel}","templated":true}]}}